{"id":15776,"date":"2020-09-09T23:24:18","date_gmt":"2020-09-09T21:24:18","guid":{"rendered":"https:\/\/hubsch-interior.com\/vare\/product\/"},"modified":"2026-04-04T04:39:38","modified_gmt":"2026-04-04T02:39:38","slug":"sortit-filtkurve-lysebla-saet-af-3","status":"publish","type":"product","link":"https:\/\/hubsch-interior.com\/da\/vare\/sortit-filtkurve-lysebla-saet-af-3\/","title":{"rendered":"Sortit Filtkurve Lysebl\u00e5 (s\u00e6t af 3)"},"content":{"rendered":"<p>Disse filtkurve kommer i et s\u00e6t p\u00e5 tre i forskellige st\u00f8rrelser og er designet i en firkantet form. Mintfarven tilf\u00f8jer et frisk strejf af farve til ethvert rum i dit hjem. Dette produkt er h\u00e5ndlavet og kan derfor variere.<\/p>\n","protected":false},"excerpt":{"rendered":"<p>Disse filtkurve kommer i et s\u00e6t p\u00e5 tre i forskellige st\u00f8rrelser og er designet i en firkantet form. Mintfarven tilf\u00f8jer et frisk strejf af farve til ethvert rum i dit hjem. Dette produkt er h\u00e5ndlavet og kan derfor variere.<\/p>\n","protected":false},"featured_media":1099839,"template":"","meta":{"_acf_changed":false,"inline_featured_image":false},"product_brand":[],"product_cat":[3109,4074],"product_tag":[],"class_list":{"0":"post-15776","1":"product","2":"type-product","3":"status-publish","4":"has-post-thumbnail","6":"product_cat-opbevaring-da","7":"product_cat-kurve-da","8":"product_shipping_class-pk","10":"pa_color-lysebl","11":"pa_material-filt-da","13":"first","14":"instock","15":"taxable","16":"shipping-taxable","17":"purchasable","18":"product-type-simple"},"exclude_global_add_ons":[],"addons":[],"acf":[],"yoast_head":"<!-- This site is optimized with the Yoast SEO plugin v26.4 - https:\/\/yoast.com\/wordpress\/plugins\/seo\/ -->\n<title>Sortit Filtkurve Lysebl\u00e5 (s\u00e6t af 3) - H\u00fcbsch<\/title>\n<meta name=\"description\" content=\"Disse filtkurve kommer i et s\u00e6t p\u00e5 tre i forskellige st\u00f8rrelser og er designet i en firkantet form. Mintfarven tilf\u00f8jer et frisk strejf af farve til\" \/>\n<meta name=\"robots\" content=\"index, follow, max-snippet:-1, max-image-preview:large, max-video-preview:-1\" \/>\n<link rel=\"canonical\" href=\"https:\/\/hubsch-interior.com\/da\/wp-json\/wp\/v2\/product\/15776\" \/>\n<meta property=\"og:locale\" content=\"da_DK\" \/>\n<meta property=\"og:type\" content=\"article\" \/>\n<meta property=\"og:title\" content=\"Sortit Filtkurve Lysebl\u00e5 (s\u00e6t af 3) - H\u00fcbsch\" \/>\n<meta property=\"og:description\" content=\"Disse filtkurve kommer i et s\u00e6t p\u00e5 tre i forskellige st\u00f8rrelser og er designet i en firkantet form. Mintfarven tilf\u00f8jer et frisk strejf af farve til\" \/>\n<meta property=\"og:url\" content=\"https:\/\/hubsch-interior.com\/da\/vare\/sortit-filtkurve-lysebla-saet-af-3\/\" \/>\n<meta property=\"og:site_name\" content=\"H\u00fcbsch\" \/>\n<meta property=\"article:modified_time\" content=\"2026-04-04T02:39:38+00:00\" \/>\n<meta property=\"og:image\" content=\"https:\/\/hubsch-interior.com\/wp-content\/uploads\/2025\/04\/sortit-felt-baskets-light-blue-set-of-3-1c9169a324ceef27218d9523e02278f7.jpg\" \/>\n\t<meta property=\"og:image:width\" content=\"1200\" \/>\n\t<meta property=\"og:image:height\" content=\"1200\" \/>\n\t<meta property=\"og:image:type\" content=\"image\/jpeg\" \/>\n<meta name=\"twitter:card\" content=\"summary_large_image\" \/>\n<script type=\"application\/ld+json\" class=\"yoast-schema-graph\">{\"@context\":\"https:\/\/schema.org\",\"@graph\":[{\"@type\":\"WebPage\",\"@id\":\"https:\/\/hubsch-interior.com\/da\/vare\/sortit-filtkurve-lysebla-saet-af-3\/\",\"url\":\"https:\/\/hubsch-interior.com\/da\/vare\/sortit-filtkurve-lysebla-saet-af-3\/\",\"name\":\"Sortit Filtkurve Lysebl\u00e5 (s\u00e6t af 3) - H\u00fcbsch\",\"isPartOf\":{\"@id\":\"https:\/\/hubsch-interior.com\/da\/#website\"},\"primaryImageOfPage\":{\"@id\":\"https:\/\/hubsch-interior.com\/da\/vare\/sortit-filtkurve-lysebla-saet-af-3\/#primaryimage\"},\"image\":{\"@id\":\"https:\/\/hubsch-interior.com\/da\/vare\/sortit-filtkurve-lysebla-saet-af-3\/#primaryimage\"},\"thumbnailUrl\":\"https:\/\/hubsch-interior.com\/wp-content\/uploads\/2026\/02\/sortit-felt-baskets-light-blue-set-of-3-433e357c15551095969571fa49f41d55.jpg\",\"datePublished\":\"2020-09-09T21:24:18+00:00\",\"dateModified\":\"2026-04-04T02:39:38+00:00\",\"description\":\"Disse filtkurve kommer i et s\u00e6t p\u00e5 tre i forskellige st\u00f8rrelser og er designet i en firkantet form. Mintfarven tilf\u00f8jer et frisk strejf af farve til\",\"breadcrumb\":{\"@id\":\"https:\/\/hubsch-interior.com\/da\/vare\/sortit-filtkurve-lysebla-saet-af-3\/#breadcrumb\"},\"inLanguage\":\"da-DK\",\"potentialAction\":[{\"@type\":\"ReadAction\",\"target\":[\"https:\/\/hubsch-interior.com\/da\/vare\/sortit-filtkurve-lysebla-saet-af-3\/\"]}]},{\"@type\":\"ImageObject\",\"inLanguage\":\"da-DK\",\"@id\":\"https:\/\/hubsch-interior.com\/da\/vare\/sortit-filtkurve-lysebla-saet-af-3\/#primaryimage\",\"url\":\"https:\/\/hubsch-interior.com\/wp-content\/uploads\/2026\/02\/sortit-felt-baskets-light-blue-set-of-3-433e357c15551095969571fa49f41d55.jpg\",\"contentUrl\":\"https:\/\/hubsch-interior.com\/wp-content\/uploads\/2026\/02\/sortit-felt-baskets-light-blue-set-of-3-433e357c15551095969571fa49f41d55.jpg\",\"width\":1024,\"height\":1024},{\"@type\":\"BreadcrumbList\",\"@id\":\"https:\/\/hubsch-interior.com\/da\/vare\/sortit-filtkurve-lysebla-saet-af-3\/#breadcrumb\",\"itemListElement\":[{\"@type\":\"ListItem\",\"position\":1,\"name\":\"Forside\",\"item\":\"https:\/\/hubsch-interior.com\/da\/\"},{\"@type\":\"ListItem\",\"position\":2,\"name\":\"Produkter\",\"item\":\"https:\/\/hubsch-interior.com\/da\/produkter\/\"},{\"@type\":\"ListItem\",\"position\":3,\"name\":\"Boligtilbeh\u00f8r\",\"item\":\"https:\/\/hubsch-interior.com\/da\/vare-kategori\/boligtilbehor\/\"},{\"@type\":\"ListItem\",\"position\":4,\"name\":\"Opbevaring\",\"item\":\"https:\/\/hubsch-interior.com\/da\/vare-kategori\/boligtilbehor\/opbevaring-da\/\"},{\"@type\":\"ListItem\",\"position\":5,\"name\":\"Kurve\",\"item\":\"https:\/\/hubsch-interior.com\/da\/vare-kategori\/boligtilbehor\/opbevaring-da\/kurve-da\/\"},{\"@type\":\"ListItem\",\"position\":6,\"name\":\"Sortit Filtkurve Lysebl\u00e5 (s\u00e6t af 3)\"}]},{\"@type\":\"WebSite\",\"@id\":\"https:\/\/hubsch-interior.com\/da\/#website\",\"url\":\"https:\/\/hubsch-interior.com\/da\/\",\"name\":\"H\u00fcbsch\",\"description\":\"Danish Home Interior and Design\",\"publisher\":{\"@id\":\"https:\/\/hubsch-interior.com\/da\/#organization\"},\"potentialAction\":[{\"@type\":\"SearchAction\",\"target\":{\"@type\":\"EntryPoint\",\"urlTemplate\":\"https:\/\/hubsch-interior.com\/da\/?s={search_term_string}\"},\"query-input\":{\"@type\":\"PropertyValueSpecification\",\"valueRequired\":true,\"valueName\":\"search_term_string\"}}],\"inLanguage\":\"da-DK\"},{\"@type\":\"Organization\",\"@id\":\"https:\/\/hubsch-interior.com\/da\/#organization\",\"name\":\"H\u00fcbsch\",\"url\":\"https:\/\/hubsch-interior.com\/da\/\",\"logo\":{\"@type\":\"ImageObject\",\"inLanguage\":\"da-DK\",\"@id\":\"https:\/\/hubsch-interior.com\/da\/#\/schema\/logo\/image\/\",\"url\":\"https:\/\/hubsch-interior.com\/wp-content\/uploads\/2022\/12\/Hubsch_logo_black_one_line.svg\",\"contentUrl\":\"https:\/\/hubsch-interior.com\/wp-content\/uploads\/2022\/12\/Hubsch_logo_black_one_line.svg\",\"caption\":\"H\u00fcbsch\"},\"image\":{\"@id\":\"https:\/\/hubsch-interior.com\/da\/#\/schema\/logo\/image\/\"}}]}<\/script>\n<!-- \/ Yoast SEO plugin. -->","yoast_head_json":{"title":"Sortit Filtkurve Lysebl\u00e5 (s\u00e6t af 3) - H\u00fcbsch","description":"Disse filtkurve kommer i et s\u00e6t p\u00e5 tre i forskellige st\u00f8rrelser og er designet i en firkantet form. Mintfarven tilf\u00f8jer et frisk strejf af farve til","robots":{"index":"index","follow":"follow","max-snippet":"max-snippet:-1","max-image-preview":"max-image-preview:large","max-video-preview":"max-video-preview:-1"},"canonical":"https:\/\/hubsch-interior.com\/da\/wp-json\/wp\/v2\/product\/15776","og_locale":"da_DK","og_type":"article","og_title":"Sortit Filtkurve Lysebl\u00e5 (s\u00e6t af 3) - H\u00fcbsch","og_description":"Disse filtkurve kommer i et s\u00e6t p\u00e5 tre i forskellige st\u00f8rrelser og er designet i en firkantet form. Mintfarven tilf\u00f8jer et frisk strejf af farve til","og_url":"https:\/\/hubsch-interior.com\/da\/vare\/sortit-filtkurve-lysebla-saet-af-3\/","og_site_name":"H\u00fcbsch","article_modified_time":"2026-04-04T02:39:38+00:00","og_image":[{"width":1200,"height":1200,"url":"https:\/\/hubsch-interior.com\/wp-content\/uploads\/2025\/04\/sortit-felt-baskets-light-blue-set-of-3-1c9169a324ceef27218d9523e02278f7.jpg","type":"image\/jpeg"}],"twitter_card":"summary_large_image","schema":{"@context":"https:\/\/schema.org","@graph":[{"@type":"WebPage","@id":"https:\/\/hubsch-interior.com\/da\/vare\/sortit-filtkurve-lysebla-saet-af-3\/","url":"https:\/\/hubsch-interior.com\/da\/vare\/sortit-filtkurve-lysebla-saet-af-3\/","name":"Sortit Filtkurve Lysebl\u00e5 (s\u00e6t af 3) - H\u00fcbsch","isPartOf":{"@id":"https:\/\/hubsch-interior.com\/da\/#website"},"primaryImageOfPage":{"@id":"https:\/\/hubsch-interior.com\/da\/vare\/sortit-filtkurve-lysebla-saet-af-3\/#primaryimage"},"image":{"@id":"https:\/\/hubsch-interior.com\/da\/vare\/sortit-filtkurve-lysebla-saet-af-3\/#primaryimage"},"thumbnailUrl":"https:\/\/hubsch-interior.com\/wp-content\/uploads\/2026\/02\/sortit-felt-baskets-light-blue-set-of-3-433e357c15551095969571fa49f41d55.jpg","datePublished":"2020-09-09T21:24:18+00:00","dateModified":"2026-04-04T02:39:38+00:00","description":"Disse filtkurve kommer i et s\u00e6t p\u00e5 tre i forskellige st\u00f8rrelser og er designet i en firkantet form. Mintfarven tilf\u00f8jer et frisk strejf af farve til","breadcrumb":{"@id":"https:\/\/hubsch-interior.com\/da\/vare\/sortit-filtkurve-lysebla-saet-af-3\/#breadcrumb"},"inLanguage":"da-DK","potentialAction":[{"@type":"ReadAction","target":["https:\/\/hubsch-interior.com\/da\/vare\/sortit-filtkurve-lysebla-saet-af-3\/"]}]},{"@type":"ImageObject","inLanguage":"da-DK","@id":"https:\/\/hubsch-interior.com\/da\/vare\/sortit-filtkurve-lysebla-saet-af-3\/#primaryimage","url":"https:\/\/hubsch-interior.com\/wp-content\/uploads\/2026\/02\/sortit-felt-baskets-light-blue-set-of-3-433e357c15551095969571fa49f41d55.jpg","contentUrl":"https:\/\/hubsch-interior.com\/wp-content\/uploads\/2026\/02\/sortit-felt-baskets-light-blue-set-of-3-433e357c15551095969571fa49f41d55.jpg","width":1024,"height":1024},{"@type":"BreadcrumbList","@id":"https:\/\/hubsch-interior.com\/da\/vare\/sortit-filtkurve-lysebla-saet-af-3\/#breadcrumb","itemListElement":[{"@type":"ListItem","position":1,"name":"Forside","item":"https:\/\/hubsch-interior.com\/da\/"},{"@type":"ListItem","position":2,"name":"Produkter","item":"https:\/\/hubsch-interior.com\/da\/produkter\/"},{"@type":"ListItem","position":3,"name":"Boligtilbeh\u00f8r","item":"https:\/\/hubsch-interior.com\/da\/vare-kategori\/boligtilbehor\/"},{"@type":"ListItem","position":4,"name":"Opbevaring","item":"https:\/\/hubsch-interior.com\/da\/vare-kategori\/boligtilbehor\/opbevaring-da\/"},{"@type":"ListItem","position":5,"name":"Kurve","item":"https:\/\/hubsch-interior.com\/da\/vare-kategori\/boligtilbehor\/opbevaring-da\/kurve-da\/"},{"@type":"ListItem","position":6,"name":"Sortit Filtkurve Lysebl\u00e5 (s\u00e6t af 3)"}]},{"@type":"WebSite","@id":"https:\/\/hubsch-interior.com\/da\/#website","url":"https:\/\/hubsch-interior.com\/da\/","name":"H\u00fcbsch","description":"Danish Home Interior and Design","publisher":{"@id":"https:\/\/hubsch-interior.com\/da\/#organization"},"potentialAction":[{"@type":"SearchAction","target":{"@type":"EntryPoint","urlTemplate":"https:\/\/hubsch-interior.com\/da\/?s={search_term_string}"},"query-input":{"@type":"PropertyValueSpecification","valueRequired":true,"valueName":"search_term_string"}}],"inLanguage":"da-DK"},{"@type":"Organization","@id":"https:\/\/hubsch-interior.com\/da\/#organization","name":"H\u00fcbsch","url":"https:\/\/hubsch-interior.com\/da\/","logo":{"@type":"ImageObject","inLanguage":"da-DK","@id":"https:\/\/hubsch-interior.com\/da\/#\/schema\/logo\/image\/","url":"https:\/\/hubsch-interior.com\/wp-content\/uploads\/2022\/12\/Hubsch_logo_black_one_line.svg","contentUrl":"https:\/\/hubsch-interior.com\/wp-content\/uploads\/2022\/12\/Hubsch_logo_black_one_line.svg","caption":"H\u00fcbsch"},"image":{"@id":"https:\/\/hubsch-interior.com\/da\/#\/schema\/logo\/image\/"}}]}},"_links":{"self":[{"href":"https:\/\/hubsch-interior.com\/da\/wp-json\/wp\/v2\/product\/15776","targetHints":{"allow":["GET"]}}],"collection":[{"href":"https:\/\/hubsch-interior.com\/da\/wp-json\/wp\/v2\/product"}],"about":[{"href":"https:\/\/hubsch-interior.com\/da\/wp-json\/wp\/v2\/types\/product"}],"wp:featuredmedia":[{"embeddable":true,"href":"https:\/\/hubsch-interior.com\/da\/wp-json\/wp\/v2\/media\/1099839"}],"wp:attachment":[{"href":"https:\/\/hubsch-interior.com\/da\/wp-json\/wp\/v2\/media?parent=15776"}],"wp:term":[{"taxonomy":"product_brand","embeddable":true,"href":"https:\/\/hubsch-interior.com\/da\/wp-json\/wp\/v2\/product_brand?post=15776"},{"taxonomy":"product_cat","embeddable":true,"href":"https:\/\/hubsch-interior.com\/da\/wp-json\/wp\/v2\/product_cat?post=15776"},{"taxonomy":"product_tag","embeddable":true,"href":"https:\/\/hubsch-interior.com\/da\/wp-json\/wp\/v2\/product_tag?post=15776"}],"curies":[{"name":"wp","href":"https:\/\/api.w.org\/{rel}","templated":true}]}}