{"id":16080,"date":"2020-09-09T23:24:39","date_gmt":"2020-09-09T21:24:39","guid":{"rendered":"https:\/\/hubsch-interior.com\/vare\/product\/"},"modified":"2026-04-09T04:41:19","modified_gmt":"2026-04-09T02:41:19","slug":"speckle-pude-flerfarvet","status":"publish","type":"product","link":"https:\/\/hubsch-interior.com\/da\/vare\/speckle-pude-flerfarvet\/","title":{"rendered":"Speckle Pude \u00a0Flerfarvet"},"content":{"rendered":"<p>Denne Speckle Pude vil tilf\u00f8re et farvestr\u00e5l til ethvert rum i dit hjem. Fremstillet af bl\u00f8dt og \u00e5ndbart bomuld og certificeret efter OEKO-TEX\u00ae STANDARD 100, er denne pude perfekt til sengen, sofaen og b\u00e6nkene. Med sin moderne nuance af beige og lilla vil den oplyse ethvert rum. Puden m\u00e5ler 50 cm x 50 cm og har en aftagelig fyldning, s\u00e5 den er nem at reng\u00f8re. Tilf\u00f8j denne stilfulde pude til dit hjem og nyd dens komfort og sk\u00f8nhed.<\/p>\n","protected":false},"excerpt":{"rendered":"<p>Denne Speckle Pude vil tilf\u00f8re et farvestr\u00e5l til ethvert rum i dit hjem. Fremstillet af bl\u00f8dt og \u00e5ndbart bomuld og certificeret efter OEKO-TEX\u00ae STANDARD 100, er denne pude perfekt til sengen, sofaen og b\u00e6nkene. Med sin moderne nuance af beige og lilla vil den oplyse ethvert rum. Puden m\u00e5ler 50 cm x 50 cm og [&hellip;]<\/p>\n","protected":false},"featured_media":1099971,"template":"","meta":{"_acf_changed":false,"inline_featured_image":false},"product_brand":[],"product_cat":[6347,3001,3000],"product_tag":[],"class_list":{"0":"post-16080","1":"product","2":"type-product","3":"status-publish","4":"has-post-thumbnail","6":"product_cat-garden-selection-da","7":"product_cat-puder-da","8":"product_cat-tekstiler","9":"product_shipping_class-pk","11":"pa_color-flerfarvet-2","12":"pa_material-cotton-100-da","14":"first","15":"instock","16":"taxable","17":"shipping-taxable","18":"purchasable","19":"product-type-simple"},"exclude_global_add_ons":[],"addons":[],"acf":[],"yoast_head":"<!-- This site is optimized with the Yoast SEO plugin v26.4 - https:\/\/yoast.com\/wordpress\/plugins\/seo\/ -->\n<title>Speckle Pude \u00a0Flerfarvet - H\u00fcbsch<\/title>\n<meta name=\"description\" content=\"Denne Speckle Pude vil tilf\u00f8re et farvestr\u00e5l til ethvert rum i dit hjem. Fremstillet af bl\u00f8dt og \u00e5ndbart bomuld og certificeret efter OEKO-TEX\u00ae STANDARD\" \/>\n<meta name=\"robots\" content=\"index, follow, max-snippet:-1, max-image-preview:large, max-video-preview:-1\" \/>\n<link rel=\"canonical\" href=\"https:\/\/hubsch-interior.com\/da\/wp-json\/wp\/v2\/product\/16080\" \/>\n<meta property=\"og:locale\" content=\"da_DK\" \/>\n<meta property=\"og:type\" content=\"article\" \/>\n<meta property=\"og:title\" content=\"Speckle Pude \u00a0Flerfarvet - H\u00fcbsch\" \/>\n<meta property=\"og:description\" content=\"Denne Speckle Pude vil tilf\u00f8re et farvestr\u00e5l til ethvert rum i dit hjem. Fremstillet af bl\u00f8dt og \u00e5ndbart bomuld og certificeret efter OEKO-TEX\u00ae STANDARD\" \/>\n<meta property=\"og:url\" content=\"https:\/\/hubsch-interior.com\/da\/vare\/speckle-pude-flerfarvet\/\" \/>\n<meta property=\"og:site_name\" content=\"H\u00fcbsch\" \/>\n<meta property=\"article:modified_time\" content=\"2026-04-09T02:41:19+00:00\" \/>\n<meta property=\"og:image\" content=\"https:\/\/hubsch-interior.com\/wp-content\/uploads\/2026\/02\/speckle-cushion-multicolour-e4b17f242eec39bfc22cbf4c7dc92b39.jpg\" \/>\n\t<meta property=\"og:image:width\" content=\"1024\" \/>\n\t<meta property=\"og:image:height\" content=\"1024\" \/>\n\t<meta property=\"og:image:type\" content=\"image\/jpeg\" \/>\n<meta name=\"twitter:card\" content=\"summary_large_image\" \/>\n<script type=\"application\/ld+json\" class=\"yoast-schema-graph\">{\"@context\":\"https:\/\/schema.org\",\"@graph\":[{\"@type\":\"WebPage\",\"@id\":\"https:\/\/hubsch-interior.com\/da\/vare\/speckle-pude-flerfarvet\/\",\"url\":\"https:\/\/hubsch-interior.com\/da\/vare\/speckle-pude-flerfarvet\/\",\"name\":\"Speckle Pude \u00a0Flerfarvet - H\u00fcbsch\",\"isPartOf\":{\"@id\":\"https:\/\/hubsch-interior.com\/da\/#website\"},\"primaryImageOfPage\":{\"@id\":\"https:\/\/hubsch-interior.com\/da\/vare\/speckle-pude-flerfarvet\/#primaryimage\"},\"image\":{\"@id\":\"https:\/\/hubsch-interior.com\/da\/vare\/speckle-pude-flerfarvet\/#primaryimage\"},\"thumbnailUrl\":\"https:\/\/hubsch-interior.com\/wp-content\/uploads\/2026\/02\/speckle-cushion-multicolour-e4b17f242eec39bfc22cbf4c7dc92b39.jpg\",\"datePublished\":\"2020-09-09T21:24:39+00:00\",\"dateModified\":\"2026-04-09T02:41:19+00:00\",\"description\":\"Denne Speckle Pude vil tilf\u00f8re et farvestr\u00e5l til ethvert rum i dit hjem. Fremstillet af bl\u00f8dt og \u00e5ndbart bomuld og certificeret efter OEKO-TEX\u00ae STANDARD\",\"breadcrumb\":{\"@id\":\"https:\/\/hubsch-interior.com\/da\/vare\/speckle-pude-flerfarvet\/#breadcrumb\"},\"inLanguage\":\"da-DK\",\"potentialAction\":[{\"@type\":\"ReadAction\",\"target\":[\"https:\/\/hubsch-interior.com\/da\/vare\/speckle-pude-flerfarvet\/\"]}]},{\"@type\":\"ImageObject\",\"inLanguage\":\"da-DK\",\"@id\":\"https:\/\/hubsch-interior.com\/da\/vare\/speckle-pude-flerfarvet\/#primaryimage\",\"url\":\"https:\/\/hubsch-interior.com\/wp-content\/uploads\/2026\/02\/speckle-cushion-multicolour-e4b17f242eec39bfc22cbf4c7dc92b39.jpg\",\"contentUrl\":\"https:\/\/hubsch-interior.com\/wp-content\/uploads\/2026\/02\/speckle-cushion-multicolour-e4b17f242eec39bfc22cbf4c7dc92b39.jpg\",\"width\":1024,\"height\":1024},{\"@type\":\"BreadcrumbList\",\"@id\":\"https:\/\/hubsch-interior.com\/da\/vare\/speckle-pude-flerfarvet\/#breadcrumb\",\"itemListElement\":[{\"@type\":\"ListItem\",\"position\":1,\"name\":\"Forside\",\"item\":\"https:\/\/hubsch-interior.com\/da\/\"},{\"@type\":\"ListItem\",\"position\":2,\"name\":\"Produkter\",\"item\":\"https:\/\/hubsch-interior.com\/da\/produkter\/\"},{\"@type\":\"ListItem\",\"position\":3,\"name\":\"Tekstiler\",\"item\":\"https:\/\/hubsch-interior.com\/da\/vare-kategori\/tekstiler\/\"},{\"@type\":\"ListItem\",\"position\":4,\"name\":\"Puder\",\"item\":\"https:\/\/hubsch-interior.com\/da\/vare-kategori\/tekstiler\/puder-da\/\"},{\"@type\":\"ListItem\",\"position\":5,\"name\":\"Speckle Pude \u00a0Flerfarvet\"}]},{\"@type\":\"WebSite\",\"@id\":\"https:\/\/hubsch-interior.com\/da\/#website\",\"url\":\"https:\/\/hubsch-interior.com\/da\/\",\"name\":\"H\u00fcbsch\",\"description\":\"Danish Home Interior and Design\",\"publisher\":{\"@id\":\"https:\/\/hubsch-interior.com\/da\/#organization\"},\"potentialAction\":[{\"@type\":\"SearchAction\",\"target\":{\"@type\":\"EntryPoint\",\"urlTemplate\":\"https:\/\/hubsch-interior.com\/da\/?s={search_term_string}\"},\"query-input\":{\"@type\":\"PropertyValueSpecification\",\"valueRequired\":true,\"valueName\":\"search_term_string\"}}],\"inLanguage\":\"da-DK\"},{\"@type\":\"Organization\",\"@id\":\"https:\/\/hubsch-interior.com\/da\/#organization\",\"name\":\"H\u00fcbsch\",\"url\":\"https:\/\/hubsch-interior.com\/da\/\",\"logo\":{\"@type\":\"ImageObject\",\"inLanguage\":\"da-DK\",\"@id\":\"https:\/\/hubsch-interior.com\/da\/#\/schema\/logo\/image\/\",\"url\":\"https:\/\/hubsch-interior.com\/wp-content\/uploads\/2022\/12\/Hubsch_logo_black_one_line.svg\",\"contentUrl\":\"https:\/\/hubsch-interior.com\/wp-content\/uploads\/2022\/12\/Hubsch_logo_black_one_line.svg\",\"caption\":\"H\u00fcbsch\"},\"image\":{\"@id\":\"https:\/\/hubsch-interior.com\/da\/#\/schema\/logo\/image\/\"}}]}<\/script>\n<!-- \/ Yoast SEO plugin. -->","yoast_head_json":{"title":"Speckle Pude \u00a0Flerfarvet - H\u00fcbsch","description":"Denne Speckle Pude vil tilf\u00f8re et farvestr\u00e5l til ethvert rum i dit hjem. Fremstillet af bl\u00f8dt og \u00e5ndbart bomuld og certificeret efter OEKO-TEX\u00ae STANDARD","robots":{"index":"index","follow":"follow","max-snippet":"max-snippet:-1","max-image-preview":"max-image-preview:large","max-video-preview":"max-video-preview:-1"},"canonical":"https:\/\/hubsch-interior.com\/da\/wp-json\/wp\/v2\/product\/16080","og_locale":"da_DK","og_type":"article","og_title":"Speckle Pude \u00a0Flerfarvet - H\u00fcbsch","og_description":"Denne Speckle Pude vil tilf\u00f8re et farvestr\u00e5l til ethvert rum i dit hjem. Fremstillet af bl\u00f8dt og \u00e5ndbart bomuld og certificeret efter OEKO-TEX\u00ae STANDARD","og_url":"https:\/\/hubsch-interior.com\/da\/vare\/speckle-pude-flerfarvet\/","og_site_name":"H\u00fcbsch","article_modified_time":"2026-04-09T02:41:19+00:00","og_image":[{"width":1024,"height":1024,"url":"https:\/\/hubsch-interior.com\/wp-content\/uploads\/2026\/02\/speckle-cushion-multicolour-e4b17f242eec39bfc22cbf4c7dc92b39.jpg","type":"image\/jpeg"}],"twitter_card":"summary_large_image","schema":{"@context":"https:\/\/schema.org","@graph":[{"@type":"WebPage","@id":"https:\/\/hubsch-interior.com\/da\/vare\/speckle-pude-flerfarvet\/","url":"https:\/\/hubsch-interior.com\/da\/vare\/speckle-pude-flerfarvet\/","name":"Speckle Pude \u00a0Flerfarvet - H\u00fcbsch","isPartOf":{"@id":"https:\/\/hubsch-interior.com\/da\/#website"},"primaryImageOfPage":{"@id":"https:\/\/hubsch-interior.com\/da\/vare\/speckle-pude-flerfarvet\/#primaryimage"},"image":{"@id":"https:\/\/hubsch-interior.com\/da\/vare\/speckle-pude-flerfarvet\/#primaryimage"},"thumbnailUrl":"https:\/\/hubsch-interior.com\/wp-content\/uploads\/2026\/02\/speckle-cushion-multicolour-e4b17f242eec39bfc22cbf4c7dc92b39.jpg","datePublished":"2020-09-09T21:24:39+00:00","dateModified":"2026-04-09T02:41:19+00:00","description":"Denne Speckle Pude vil tilf\u00f8re et farvestr\u00e5l til ethvert rum i dit hjem. Fremstillet af bl\u00f8dt og \u00e5ndbart bomuld og certificeret efter OEKO-TEX\u00ae STANDARD","breadcrumb":{"@id":"https:\/\/hubsch-interior.com\/da\/vare\/speckle-pude-flerfarvet\/#breadcrumb"},"inLanguage":"da-DK","potentialAction":[{"@type":"ReadAction","target":["https:\/\/hubsch-interior.com\/da\/vare\/speckle-pude-flerfarvet\/"]}]},{"@type":"ImageObject","inLanguage":"da-DK","@id":"https:\/\/hubsch-interior.com\/da\/vare\/speckle-pude-flerfarvet\/#primaryimage","url":"https:\/\/hubsch-interior.com\/wp-content\/uploads\/2026\/02\/speckle-cushion-multicolour-e4b17f242eec39bfc22cbf4c7dc92b39.jpg","contentUrl":"https:\/\/hubsch-interior.com\/wp-content\/uploads\/2026\/02\/speckle-cushion-multicolour-e4b17f242eec39bfc22cbf4c7dc92b39.jpg","width":1024,"height":1024},{"@type":"BreadcrumbList","@id":"https:\/\/hubsch-interior.com\/da\/vare\/speckle-pude-flerfarvet\/#breadcrumb","itemListElement":[{"@type":"ListItem","position":1,"name":"Forside","item":"https:\/\/hubsch-interior.com\/da\/"},{"@type":"ListItem","position":2,"name":"Produkter","item":"https:\/\/hubsch-interior.com\/da\/produkter\/"},{"@type":"ListItem","position":3,"name":"Tekstiler","item":"https:\/\/hubsch-interior.com\/da\/vare-kategori\/tekstiler\/"},{"@type":"ListItem","position":4,"name":"Puder","item":"https:\/\/hubsch-interior.com\/da\/vare-kategori\/tekstiler\/puder-da\/"},{"@type":"ListItem","position":5,"name":"Speckle Pude \u00a0Flerfarvet"}]},{"@type":"WebSite","@id":"https:\/\/hubsch-interior.com\/da\/#website","url":"https:\/\/hubsch-interior.com\/da\/","name":"H\u00fcbsch","description":"Danish Home Interior and Design","publisher":{"@id":"https:\/\/hubsch-interior.com\/da\/#organization"},"potentialAction":[{"@type":"SearchAction","target":{"@type":"EntryPoint","urlTemplate":"https:\/\/hubsch-interior.com\/da\/?s={search_term_string}"},"query-input":{"@type":"PropertyValueSpecification","valueRequired":true,"valueName":"search_term_string"}}],"inLanguage":"da-DK"},{"@type":"Organization","@id":"https:\/\/hubsch-interior.com\/da\/#organization","name":"H\u00fcbsch","url":"https:\/\/hubsch-interior.com\/da\/","logo":{"@type":"ImageObject","inLanguage":"da-DK","@id":"https:\/\/hubsch-interior.com\/da\/#\/schema\/logo\/image\/","url":"https:\/\/hubsch-interior.com\/wp-content\/uploads\/2022\/12\/Hubsch_logo_black_one_line.svg","contentUrl":"https:\/\/hubsch-interior.com\/wp-content\/uploads\/2022\/12\/Hubsch_logo_black_one_line.svg","caption":"H\u00fcbsch"},"image":{"@id":"https:\/\/hubsch-interior.com\/da\/#\/schema\/logo\/image\/"}}]}},"_links":{"self":[{"href":"https:\/\/hubsch-interior.com\/da\/wp-json\/wp\/v2\/product\/16080","targetHints":{"allow":["GET"]}}],"collection":[{"href":"https:\/\/hubsch-interior.com\/da\/wp-json\/wp\/v2\/product"}],"about":[{"href":"https:\/\/hubsch-interior.com\/da\/wp-json\/wp\/v2\/types\/product"}],"wp:featuredmedia":[{"embeddable":true,"href":"https:\/\/hubsch-interior.com\/da\/wp-json\/wp\/v2\/media\/1099971"}],"wp:attachment":[{"href":"https:\/\/hubsch-interior.com\/da\/wp-json\/wp\/v2\/media?parent=16080"}],"wp:term":[{"taxonomy":"product_brand","embeddable":true,"href":"https:\/\/hubsch-interior.com\/da\/wp-json\/wp\/v2\/product_brand?post=16080"},{"taxonomy":"product_cat","embeddable":true,"href":"https:\/\/hubsch-interior.com\/da\/wp-json\/wp\/v2\/product_cat?post=16080"},{"taxonomy":"product_tag","embeddable":true,"href":"https:\/\/hubsch-interior.com\/da\/wp-json\/wp\/v2\/product_tag?post=16080"}],"curies":[{"name":"wp","href":"https:\/\/api.w.org\/{rel}","templated":true}]}}