{"id":18488,"date":"2020-09-09T23:27:47","date_gmt":"2020-09-09T21:27:47","guid":{"rendered":"https:\/\/hubsch-interior.com\/vare\/product\/"},"modified":"2026-04-09T04:47:53","modified_gmt":"2026-04-09T02:47:53","slug":"elevate-bakke-natur","status":"publish","type":"product","link":"https:\/\/hubsch-interior.com\/da\/vare\/elevate-bakke-natur\/","title":{"rendered":"Elevate Bakke Natur"},"content":{"rendered":"<p>Oplev charmen ved Elevate Bakken, din perfekte ledsager til raffineret underholdning indend\u00f8rs. Fremstillet af uds\u00f8gt egetr\u00e6 og egetr\u00e6sfin\u00e9r, har denne bakke en rig naturlig farvetone, der tilf\u00f8rer en f\u00f8lelse af varme til enhver indstilling. Den er ideel til servering af dine yndlingsdrikke eller fremvisning af v\u00e6rdsatte genstande, og bakken kombinerer funktionalitet med en elegant \u00e6stetik, der for\u00f8ger sk\u00f8nheden i dit hjem.<\/p>\n","protected":false},"excerpt":{"rendered":"<p>Oplev charmen ved Elevate Bakken, din perfekte ledsager til raffineret underholdning indend\u00f8rs. Fremstillet af uds\u00f8gt egetr\u00e6 og egetr\u00e6sfin\u00e9r, har denne bakke en rig naturlig farvetone, der tilf\u00f8rer en f\u00f8lelse af varme til enhver indstilling. Den er ideel til servering af dine yndlingsdrikke eller fremvisning af v\u00e6rdsatte genstande, og bakken kombinerer funktionalitet med en elegant \u00e6stetik, [&hellip;]<\/p>\n","protected":false},"featured_media":1101852,"template":"","meta":{"_acf_changed":false,"inline_featured_image":false},"product_brand":[],"product_cat":[7038,4052,5025,7025,6321,4051],"product_tag":[],"class_list":{"0":"post-18488","1":"product","2":"type-product","3":"status-publish","4":"has-post-thumbnail","6":"product_cat-koekken-bakker-da","7":"product_cat-bakker-da","8":"product_cat-bestsellers-da","9":"product_cat-bordservice-da-2","10":"product_cat-fsc-da","11":"product_cat-koekkentilbehoer-da","12":"product_shipping_class-pk","14":"pa_color-natur-2","15":"pa_material-egetr","16":"pa_material-egetrsfiner","17":"pa_material-mdf-da","19":"first","20":"instock","21":"featured","22":"taxable","23":"shipping-taxable","24":"purchasable","25":"product-type-simple"},"exclude_global_add_ons":[],"addons":[],"acf":[],"yoast_head":"<!-- This site is optimized with the Yoast SEO plugin v26.4 - https:\/\/yoast.com\/wordpress\/plugins\/seo\/ -->\n<title>Elevate Bakke Natur - H\u00fcbsch<\/title>\n<meta name=\"description\" content=\"Oplev charmen ved Elevate Bakken, din perfekte ledsager til raffineret underholdning indend\u00f8rs. Fremstillet af uds\u00f8gt egetr\u00e6 og egetr\u00e6sfin\u00e9r, har denne\" \/>\n<meta name=\"robots\" content=\"index, follow, max-snippet:-1, max-image-preview:large, max-video-preview:-1\" \/>\n<link rel=\"canonical\" href=\"https:\/\/hubsch-interior.com\/da\/wp-json\/wp\/v2\/product\/18488\" \/>\n<meta property=\"og:locale\" content=\"da_DK\" \/>\n<meta property=\"og:type\" content=\"article\" \/>\n<meta property=\"og:title\" content=\"Elevate Bakke Natur - H\u00fcbsch\" \/>\n<meta property=\"og:description\" content=\"Oplev charmen ved Elevate Bakken, din perfekte ledsager til raffineret underholdning indend\u00f8rs. Fremstillet af uds\u00f8gt egetr\u00e6 og egetr\u00e6sfin\u00e9r, har denne\" \/>\n<meta property=\"og:url\" content=\"https:\/\/hubsch-interior.com\/da\/vare\/elevate-bakke-natur\/\" \/>\n<meta property=\"og:site_name\" content=\"H\u00fcbsch\" \/>\n<meta property=\"article:modified_time\" content=\"2026-04-09T02:47:53+00:00\" \/>\n<meta property=\"og:image\" content=\"https:\/\/hubsch-interior.com\/wp-content\/uploads\/2024\/05\/elevate-tray-natural-75dabd5808c92f50442496552344bcf4.jpg\" \/>\n\t<meta property=\"og:image:width\" content=\"1200\" \/>\n\t<meta property=\"og:image:height\" content=\"1200\" \/>\n\t<meta property=\"og:image:type\" content=\"image\/jpeg\" \/>\n<meta name=\"twitter:card\" content=\"summary_large_image\" \/>\n<script type=\"application\/ld+json\" class=\"yoast-schema-graph\">{\"@context\":\"https:\/\/schema.org\",\"@graph\":[{\"@type\":\"WebPage\",\"@id\":\"https:\/\/hubsch-interior.com\/da\/vare\/elevate-bakke-natur\/\",\"url\":\"https:\/\/hubsch-interior.com\/da\/vare\/elevate-bakke-natur\/\",\"name\":\"Elevate Bakke Natur - H\u00fcbsch\",\"isPartOf\":{\"@id\":\"https:\/\/hubsch-interior.com\/da\/#website\"},\"primaryImageOfPage\":{\"@id\":\"https:\/\/hubsch-interior.com\/da\/vare\/elevate-bakke-natur\/#primaryimage\"},\"image\":{\"@id\":\"https:\/\/hubsch-interior.com\/da\/vare\/elevate-bakke-natur\/#primaryimage\"},\"thumbnailUrl\":\"https:\/\/hubsch-interior.com\/wp-content\/uploads\/2026\/02\/elevate-tray-natural-fe371bfeb4dec748cdd8d3a9b21724ed.jpg\",\"datePublished\":\"2020-09-09T21:27:47+00:00\",\"dateModified\":\"2026-04-09T02:47:53+00:00\",\"description\":\"Oplev charmen ved Elevate Bakken, din perfekte ledsager til raffineret underholdning indend\u00f8rs. Fremstillet af uds\u00f8gt egetr\u00e6 og egetr\u00e6sfin\u00e9r, har denne\",\"breadcrumb\":{\"@id\":\"https:\/\/hubsch-interior.com\/da\/vare\/elevate-bakke-natur\/#breadcrumb\"},\"inLanguage\":\"da-DK\",\"potentialAction\":[{\"@type\":\"ReadAction\",\"target\":[\"https:\/\/hubsch-interior.com\/da\/vare\/elevate-bakke-natur\/\"]}]},{\"@type\":\"ImageObject\",\"inLanguage\":\"da-DK\",\"@id\":\"https:\/\/hubsch-interior.com\/da\/vare\/elevate-bakke-natur\/#primaryimage\",\"url\":\"https:\/\/hubsch-interior.com\/wp-content\/uploads\/2026\/02\/elevate-tray-natural-fe371bfeb4dec748cdd8d3a9b21724ed.jpg\",\"contentUrl\":\"https:\/\/hubsch-interior.com\/wp-content\/uploads\/2026\/02\/elevate-tray-natural-fe371bfeb4dec748cdd8d3a9b21724ed.jpg\",\"width\":1024,\"height\":1024},{\"@type\":\"BreadcrumbList\",\"@id\":\"https:\/\/hubsch-interior.com\/da\/vare\/elevate-bakke-natur\/#breadcrumb\",\"itemListElement\":[{\"@type\":\"ListItem\",\"position\":1,\"name\":\"Forside\",\"item\":\"https:\/\/hubsch-interior.com\/da\/\"},{\"@type\":\"ListItem\",\"position\":2,\"name\":\"Produkter\",\"item\":\"https:\/\/hubsch-interior.com\/da\/produkter\/\"},{\"@type\":\"ListItem\",\"position\":3,\"name\":\"K\u00f8kken\",\"item\":\"https:\/\/hubsch-interior.com\/da\/vare-kategori\/koekken\/\"},{\"@type\":\"ListItem\",\"position\":4,\"name\":\"Bordservice\",\"item\":\"https:\/\/hubsch-interior.com\/da\/vare-kategori\/koekken\/bordservice-da-2\/\"},{\"@type\":\"ListItem\",\"position\":5,\"name\":\"Bakker\",\"item\":\"https:\/\/hubsch-interior.com\/da\/vare-kategori\/koekken\/bordservice-da-2\/koekken-bakker-da\/\"},{\"@type\":\"ListItem\",\"position\":6,\"name\":\"Elevate Bakke Natur\"}]},{\"@type\":\"WebSite\",\"@id\":\"https:\/\/hubsch-interior.com\/da\/#website\",\"url\":\"https:\/\/hubsch-interior.com\/da\/\",\"name\":\"H\u00fcbsch\",\"description\":\"Danish Home Interior and Design\",\"publisher\":{\"@id\":\"https:\/\/hubsch-interior.com\/da\/#organization\"},\"potentialAction\":[{\"@type\":\"SearchAction\",\"target\":{\"@type\":\"EntryPoint\",\"urlTemplate\":\"https:\/\/hubsch-interior.com\/da\/?s={search_term_string}\"},\"query-input\":{\"@type\":\"PropertyValueSpecification\",\"valueRequired\":true,\"valueName\":\"search_term_string\"}}],\"inLanguage\":\"da-DK\"},{\"@type\":\"Organization\",\"@id\":\"https:\/\/hubsch-interior.com\/da\/#organization\",\"name\":\"H\u00fcbsch\",\"url\":\"https:\/\/hubsch-interior.com\/da\/\",\"logo\":{\"@type\":\"ImageObject\",\"inLanguage\":\"da-DK\",\"@id\":\"https:\/\/hubsch-interior.com\/da\/#\/schema\/logo\/image\/\",\"url\":\"https:\/\/hubsch-interior.com\/wp-content\/uploads\/2022\/12\/Hubsch_logo_black_one_line.svg\",\"contentUrl\":\"https:\/\/hubsch-interior.com\/wp-content\/uploads\/2022\/12\/Hubsch_logo_black_one_line.svg\",\"caption\":\"H\u00fcbsch\"},\"image\":{\"@id\":\"https:\/\/hubsch-interior.com\/da\/#\/schema\/logo\/image\/\"}}]}<\/script>\n<!-- \/ Yoast SEO plugin. -->","yoast_head_json":{"title":"Elevate Bakke Natur - H\u00fcbsch","description":"Oplev charmen ved Elevate Bakken, din perfekte ledsager til raffineret underholdning indend\u00f8rs. Fremstillet af uds\u00f8gt egetr\u00e6 og egetr\u00e6sfin\u00e9r, har denne","robots":{"index":"index","follow":"follow","max-snippet":"max-snippet:-1","max-image-preview":"max-image-preview:large","max-video-preview":"max-video-preview:-1"},"canonical":"https:\/\/hubsch-interior.com\/da\/wp-json\/wp\/v2\/product\/18488","og_locale":"da_DK","og_type":"article","og_title":"Elevate Bakke Natur - H\u00fcbsch","og_description":"Oplev charmen ved Elevate Bakken, din perfekte ledsager til raffineret underholdning indend\u00f8rs. Fremstillet af uds\u00f8gt egetr\u00e6 og egetr\u00e6sfin\u00e9r, har denne","og_url":"https:\/\/hubsch-interior.com\/da\/vare\/elevate-bakke-natur\/","og_site_name":"H\u00fcbsch","article_modified_time":"2026-04-09T02:47:53+00:00","og_image":[{"width":1200,"height":1200,"url":"https:\/\/hubsch-interior.com\/wp-content\/uploads\/2024\/05\/elevate-tray-natural-75dabd5808c92f50442496552344bcf4.jpg","type":"image\/jpeg"}],"twitter_card":"summary_large_image","schema":{"@context":"https:\/\/schema.org","@graph":[{"@type":"WebPage","@id":"https:\/\/hubsch-interior.com\/da\/vare\/elevate-bakke-natur\/","url":"https:\/\/hubsch-interior.com\/da\/vare\/elevate-bakke-natur\/","name":"Elevate Bakke Natur - H\u00fcbsch","isPartOf":{"@id":"https:\/\/hubsch-interior.com\/da\/#website"},"primaryImageOfPage":{"@id":"https:\/\/hubsch-interior.com\/da\/vare\/elevate-bakke-natur\/#primaryimage"},"image":{"@id":"https:\/\/hubsch-interior.com\/da\/vare\/elevate-bakke-natur\/#primaryimage"},"thumbnailUrl":"https:\/\/hubsch-interior.com\/wp-content\/uploads\/2026\/02\/elevate-tray-natural-fe371bfeb4dec748cdd8d3a9b21724ed.jpg","datePublished":"2020-09-09T21:27:47+00:00","dateModified":"2026-04-09T02:47:53+00:00","description":"Oplev charmen ved Elevate Bakken, din perfekte ledsager til raffineret underholdning indend\u00f8rs. Fremstillet af uds\u00f8gt egetr\u00e6 og egetr\u00e6sfin\u00e9r, har denne","breadcrumb":{"@id":"https:\/\/hubsch-interior.com\/da\/vare\/elevate-bakke-natur\/#breadcrumb"},"inLanguage":"da-DK","potentialAction":[{"@type":"ReadAction","target":["https:\/\/hubsch-interior.com\/da\/vare\/elevate-bakke-natur\/"]}]},{"@type":"ImageObject","inLanguage":"da-DK","@id":"https:\/\/hubsch-interior.com\/da\/vare\/elevate-bakke-natur\/#primaryimage","url":"https:\/\/hubsch-interior.com\/wp-content\/uploads\/2026\/02\/elevate-tray-natural-fe371bfeb4dec748cdd8d3a9b21724ed.jpg","contentUrl":"https:\/\/hubsch-interior.com\/wp-content\/uploads\/2026\/02\/elevate-tray-natural-fe371bfeb4dec748cdd8d3a9b21724ed.jpg","width":1024,"height":1024},{"@type":"BreadcrumbList","@id":"https:\/\/hubsch-interior.com\/da\/vare\/elevate-bakke-natur\/#breadcrumb","itemListElement":[{"@type":"ListItem","position":1,"name":"Forside","item":"https:\/\/hubsch-interior.com\/da\/"},{"@type":"ListItem","position":2,"name":"Produkter","item":"https:\/\/hubsch-interior.com\/da\/produkter\/"},{"@type":"ListItem","position":3,"name":"K\u00f8kken","item":"https:\/\/hubsch-interior.com\/da\/vare-kategori\/koekken\/"},{"@type":"ListItem","position":4,"name":"Bordservice","item":"https:\/\/hubsch-interior.com\/da\/vare-kategori\/koekken\/bordservice-da-2\/"},{"@type":"ListItem","position":5,"name":"Bakker","item":"https:\/\/hubsch-interior.com\/da\/vare-kategori\/koekken\/bordservice-da-2\/koekken-bakker-da\/"},{"@type":"ListItem","position":6,"name":"Elevate Bakke Natur"}]},{"@type":"WebSite","@id":"https:\/\/hubsch-interior.com\/da\/#website","url":"https:\/\/hubsch-interior.com\/da\/","name":"H\u00fcbsch","description":"Danish Home Interior and Design","publisher":{"@id":"https:\/\/hubsch-interior.com\/da\/#organization"},"potentialAction":[{"@type":"SearchAction","target":{"@type":"EntryPoint","urlTemplate":"https:\/\/hubsch-interior.com\/da\/?s={search_term_string}"},"query-input":{"@type":"PropertyValueSpecification","valueRequired":true,"valueName":"search_term_string"}}],"inLanguage":"da-DK"},{"@type":"Organization","@id":"https:\/\/hubsch-interior.com\/da\/#organization","name":"H\u00fcbsch","url":"https:\/\/hubsch-interior.com\/da\/","logo":{"@type":"ImageObject","inLanguage":"da-DK","@id":"https:\/\/hubsch-interior.com\/da\/#\/schema\/logo\/image\/","url":"https:\/\/hubsch-interior.com\/wp-content\/uploads\/2022\/12\/Hubsch_logo_black_one_line.svg","contentUrl":"https:\/\/hubsch-interior.com\/wp-content\/uploads\/2022\/12\/Hubsch_logo_black_one_line.svg","caption":"H\u00fcbsch"},"image":{"@id":"https:\/\/hubsch-interior.com\/da\/#\/schema\/logo\/image\/"}}]}},"_links":{"self":[{"href":"https:\/\/hubsch-interior.com\/da\/wp-json\/wp\/v2\/product\/18488","targetHints":{"allow":["GET"]}}],"collection":[{"href":"https:\/\/hubsch-interior.com\/da\/wp-json\/wp\/v2\/product"}],"about":[{"href":"https:\/\/hubsch-interior.com\/da\/wp-json\/wp\/v2\/types\/product"}],"wp:featuredmedia":[{"embeddable":true,"href":"https:\/\/hubsch-interior.com\/da\/wp-json\/wp\/v2\/media\/1101852"}],"wp:attachment":[{"href":"https:\/\/hubsch-interior.com\/da\/wp-json\/wp\/v2\/media?parent=18488"}],"wp:term":[{"taxonomy":"product_brand","embeddable":true,"href":"https:\/\/hubsch-interior.com\/da\/wp-json\/wp\/v2\/product_brand?post=18488"},{"taxonomy":"product_cat","embeddable":true,"href":"https:\/\/hubsch-interior.com\/da\/wp-json\/wp\/v2\/product_cat?post=18488"},{"taxonomy":"product_tag","embeddable":true,"href":"https:\/\/hubsch-interior.com\/da\/wp-json\/wp\/v2\/product_tag?post=18488"}],"curies":[{"name":"wp","href":"https:\/\/api.w.org\/{rel}","templated":true}]}}