{"id":18832,"date":"2020-09-09T23:28:11","date_gmt":"2020-09-09T21:28:11","guid":{"rendered":"https:\/\/hubsch-interior.com\/vare\/product\/"},"modified":"2026-04-05T04:50:03","modified_gmt":"2026-04-05T02:50:03","slug":"staple-opbevaringskasse-natur","status":"publish","type":"product","link":"https:\/\/hubsch-interior.com\/da\/vare\/staple-opbevaringskasse-natur\/","title":{"rendered":"Staple Opbevaringskasse Natur"},"content":{"rendered":"<p>Opbevaringskassen har \u00e9t stort rum samt to \u00e5bne opbevaringsmuligheder. Brug det lukkede rum til at opbevare st\u00f8rre og vigtige personlige ejendele. De to mindre opbevaringsmuligheder kan bruges til at fremvise mindre genstande som smykker og dekorationsgenstande. Fremstillet af FSC\u00ae-certificeret eg.<\/p>\n","protected":false},"excerpt":{"rendered":"<p>Opbevaringskassen har \u00e9t stort rum samt to \u00e5bne opbevaringsmuligheder. Brug det lukkede rum til at opbevare st\u00f8rre og vigtige personlige ejendele. De to mindre opbevaringsmuligheder kan bruges til at fremvise mindre genstande som smykker og dekorationsgenstande. Fremstillet af FSC\u00ae-certificeret eg.<\/p>\n","protected":false},"featured_media":1102099,"template":"","meta":{"_acf_changed":false,"inline_featured_image":false},"product_brand":[],"product_cat":[4151,4959,5025],"product_tag":[],"class_list":{"0":"post-18832","1":"product","2":"type-product","3":"status-publish","4":"has-post-thumbnail","6":"product_cat-kontor-da","7":"product_cat-opbevaringskasser-da","8":"product_cat-bestsellers-da","9":"product_shipping_class-pk","10":"pa_color-natur-2","11":"pa_material-mdf-da","12":"pa_material-egetr","13":"pa_material-egetrsfiner","15":"first","16":"outofstock","17":"featured","18":"taxable","19":"shipping-taxable","20":"purchasable","21":"product-type-simple"},"exclude_global_add_ons":[],"addons":[],"acf":[],"yoast_head":"<!-- This site is optimized with the Yoast SEO plugin v26.4 - https:\/\/yoast.com\/wordpress\/plugins\/seo\/ -->\n<title>Staple Opbevaringskasse Natur - H\u00fcbsch<\/title>\n<meta name=\"description\" content=\"Opbevaringskassen har \u00e9t stort rum samt to \u00e5bne opbevaringsmuligheder. Brug det lukkede rum til at opbevare st\u00f8rre og vigtige personlige ejendele. De to\" \/>\n<meta name=\"robots\" content=\"index, follow, max-snippet:-1, max-image-preview:large, max-video-preview:-1\" \/>\n<link rel=\"canonical\" href=\"https:\/\/hubsch-interior.com\/da\/wp-json\/wp\/v2\/product\/18832\" \/>\n<meta property=\"og:locale\" content=\"da_DK\" \/>\n<meta property=\"og:type\" content=\"article\" \/>\n<meta property=\"og:title\" content=\"Staple Opbevaringskasse Natur - H\u00fcbsch\" \/>\n<meta property=\"og:description\" content=\"Opbevaringskassen har \u00e9t stort rum samt to \u00e5bne opbevaringsmuligheder. Brug det lukkede rum til at opbevare st\u00f8rre og vigtige personlige ejendele. De to\" \/>\n<meta property=\"og:url\" content=\"https:\/\/hubsch-interior.com\/da\/vare\/staple-opbevaringskasse-natur\/\" \/>\n<meta property=\"og:site_name\" content=\"H\u00fcbsch\" \/>\n<meta property=\"article:modified_time\" content=\"2026-04-05T02:50:03+00:00\" \/>\n<meta property=\"og:image\" content=\"https:\/\/hubsch-interior.com\/wp-content\/uploads\/2026\/02\/staple-storage-box-natural-c50240dd361c35f1261ba5a3926c2ab1.jpg\" \/>\n\t<meta property=\"og:image:width\" content=\"1024\" \/>\n\t<meta property=\"og:image:height\" content=\"1024\" \/>\n\t<meta property=\"og:image:type\" content=\"image\/jpeg\" \/>\n<meta name=\"twitter:card\" content=\"summary_large_image\" \/>\n<script type=\"application\/ld+json\" class=\"yoast-schema-graph\">{\"@context\":\"https:\/\/schema.org\",\"@graph\":[{\"@type\":\"WebPage\",\"@id\":\"https:\/\/hubsch-interior.com\/da\/vare\/staple-opbevaringskasse-natur\/\",\"url\":\"https:\/\/hubsch-interior.com\/da\/vare\/staple-opbevaringskasse-natur\/\",\"name\":\"Staple Opbevaringskasse Natur - H\u00fcbsch\",\"isPartOf\":{\"@id\":\"https:\/\/hubsch-interior.com\/da\/#website\"},\"primaryImageOfPage\":{\"@id\":\"https:\/\/hubsch-interior.com\/da\/vare\/staple-opbevaringskasse-natur\/#primaryimage\"},\"image\":{\"@id\":\"https:\/\/hubsch-interior.com\/da\/vare\/staple-opbevaringskasse-natur\/#primaryimage\"},\"thumbnailUrl\":\"https:\/\/hubsch-interior.com\/wp-content\/uploads\/2026\/02\/staple-storage-box-natural-c50240dd361c35f1261ba5a3926c2ab1.jpg\",\"datePublished\":\"2020-09-09T21:28:11+00:00\",\"dateModified\":\"2026-04-05T02:50:03+00:00\",\"description\":\"Opbevaringskassen har \u00e9t stort rum samt to \u00e5bne opbevaringsmuligheder. Brug det lukkede rum til at opbevare st\u00f8rre og vigtige personlige ejendele. De to\",\"breadcrumb\":{\"@id\":\"https:\/\/hubsch-interior.com\/da\/vare\/staple-opbevaringskasse-natur\/#breadcrumb\"},\"inLanguage\":\"da-DK\",\"potentialAction\":[{\"@type\":\"ReadAction\",\"target\":[\"https:\/\/hubsch-interior.com\/da\/vare\/staple-opbevaringskasse-natur\/\"]}]},{\"@type\":\"ImageObject\",\"inLanguage\":\"da-DK\",\"@id\":\"https:\/\/hubsch-interior.com\/da\/vare\/staple-opbevaringskasse-natur\/#primaryimage\",\"url\":\"https:\/\/hubsch-interior.com\/wp-content\/uploads\/2026\/02\/staple-storage-box-natural-c50240dd361c35f1261ba5a3926c2ab1.jpg\",\"contentUrl\":\"https:\/\/hubsch-interior.com\/wp-content\/uploads\/2026\/02\/staple-storage-box-natural-c50240dd361c35f1261ba5a3926c2ab1.jpg\",\"width\":1024,\"height\":1024},{\"@type\":\"BreadcrumbList\",\"@id\":\"https:\/\/hubsch-interior.com\/da\/vare\/staple-opbevaringskasse-natur\/#breadcrumb\",\"itemListElement\":[{\"@type\":\"ListItem\",\"position\":1,\"name\":\"Forside\",\"item\":\"https:\/\/hubsch-interior.com\/da\/\"},{\"@type\":\"ListItem\",\"position\":2,\"name\":\"Produkter\",\"item\":\"https:\/\/hubsch-interior.com\/da\/produkter\/\"},{\"@type\":\"ListItem\",\"position\":3,\"name\":\"Boligtilbeh\u00f8r\",\"item\":\"https:\/\/hubsch-interior.com\/da\/vare-kategori\/boligtilbehor\/\"},{\"@type\":\"ListItem\",\"position\":4,\"name\":\"Kontor\",\"item\":\"https:\/\/hubsch-interior.com\/da\/vare-kategori\/boligtilbehor\/kontor-da\/\"},{\"@type\":\"ListItem\",\"position\":5,\"name\":\"Opbevaringskasser\",\"item\":\"https:\/\/hubsch-interior.com\/da\/vare-kategori\/boligtilbehor\/kontor-da\/opbevaringskasser-da\/\"},{\"@type\":\"ListItem\",\"position\":6,\"name\":\"Staple Opbevaringskasse Natur\"}]},{\"@type\":\"WebSite\",\"@id\":\"https:\/\/hubsch-interior.com\/da\/#website\",\"url\":\"https:\/\/hubsch-interior.com\/da\/\",\"name\":\"H\u00fcbsch\",\"description\":\"Danish Home Interior and Design\",\"publisher\":{\"@id\":\"https:\/\/hubsch-interior.com\/da\/#organization\"},\"potentialAction\":[{\"@type\":\"SearchAction\",\"target\":{\"@type\":\"EntryPoint\",\"urlTemplate\":\"https:\/\/hubsch-interior.com\/da\/?s={search_term_string}\"},\"query-input\":{\"@type\":\"PropertyValueSpecification\",\"valueRequired\":true,\"valueName\":\"search_term_string\"}}],\"inLanguage\":\"da-DK\"},{\"@type\":\"Organization\",\"@id\":\"https:\/\/hubsch-interior.com\/da\/#organization\",\"name\":\"H\u00fcbsch\",\"url\":\"https:\/\/hubsch-interior.com\/da\/\",\"logo\":{\"@type\":\"ImageObject\",\"inLanguage\":\"da-DK\",\"@id\":\"https:\/\/hubsch-interior.com\/da\/#\/schema\/logo\/image\/\",\"url\":\"https:\/\/hubsch-interior.com\/wp-content\/uploads\/2022\/12\/Hubsch_logo_black_one_line.svg\",\"contentUrl\":\"https:\/\/hubsch-interior.com\/wp-content\/uploads\/2022\/12\/Hubsch_logo_black_one_line.svg\",\"caption\":\"H\u00fcbsch\"},\"image\":{\"@id\":\"https:\/\/hubsch-interior.com\/da\/#\/schema\/logo\/image\/\"}}]}<\/script>\n<!-- \/ Yoast SEO plugin. -->","yoast_head_json":{"title":"Staple Opbevaringskasse Natur - H\u00fcbsch","description":"Opbevaringskassen har \u00e9t stort rum samt to \u00e5bne opbevaringsmuligheder. Brug det lukkede rum til at opbevare st\u00f8rre og vigtige personlige ejendele. De to","robots":{"index":"index","follow":"follow","max-snippet":"max-snippet:-1","max-image-preview":"max-image-preview:large","max-video-preview":"max-video-preview:-1"},"canonical":"https:\/\/hubsch-interior.com\/da\/wp-json\/wp\/v2\/product\/18832","og_locale":"da_DK","og_type":"article","og_title":"Staple Opbevaringskasse Natur - H\u00fcbsch","og_description":"Opbevaringskassen har \u00e9t stort rum samt to \u00e5bne opbevaringsmuligheder. Brug det lukkede rum til at opbevare st\u00f8rre og vigtige personlige ejendele. De to","og_url":"https:\/\/hubsch-interior.com\/da\/vare\/staple-opbevaringskasse-natur\/","og_site_name":"H\u00fcbsch","article_modified_time":"2026-04-05T02:50:03+00:00","og_image":[{"width":1024,"height":1024,"url":"https:\/\/hubsch-interior.com\/wp-content\/uploads\/2026\/02\/staple-storage-box-natural-c50240dd361c35f1261ba5a3926c2ab1.jpg","type":"image\/jpeg"}],"twitter_card":"summary_large_image","schema":{"@context":"https:\/\/schema.org","@graph":[{"@type":"WebPage","@id":"https:\/\/hubsch-interior.com\/da\/vare\/staple-opbevaringskasse-natur\/","url":"https:\/\/hubsch-interior.com\/da\/vare\/staple-opbevaringskasse-natur\/","name":"Staple Opbevaringskasse Natur - H\u00fcbsch","isPartOf":{"@id":"https:\/\/hubsch-interior.com\/da\/#website"},"primaryImageOfPage":{"@id":"https:\/\/hubsch-interior.com\/da\/vare\/staple-opbevaringskasse-natur\/#primaryimage"},"image":{"@id":"https:\/\/hubsch-interior.com\/da\/vare\/staple-opbevaringskasse-natur\/#primaryimage"},"thumbnailUrl":"https:\/\/hubsch-interior.com\/wp-content\/uploads\/2026\/02\/staple-storage-box-natural-c50240dd361c35f1261ba5a3926c2ab1.jpg","datePublished":"2020-09-09T21:28:11+00:00","dateModified":"2026-04-05T02:50:03+00:00","description":"Opbevaringskassen har \u00e9t stort rum samt to \u00e5bne opbevaringsmuligheder. Brug det lukkede rum til at opbevare st\u00f8rre og vigtige personlige ejendele. De to","breadcrumb":{"@id":"https:\/\/hubsch-interior.com\/da\/vare\/staple-opbevaringskasse-natur\/#breadcrumb"},"inLanguage":"da-DK","potentialAction":[{"@type":"ReadAction","target":["https:\/\/hubsch-interior.com\/da\/vare\/staple-opbevaringskasse-natur\/"]}]},{"@type":"ImageObject","inLanguage":"da-DK","@id":"https:\/\/hubsch-interior.com\/da\/vare\/staple-opbevaringskasse-natur\/#primaryimage","url":"https:\/\/hubsch-interior.com\/wp-content\/uploads\/2026\/02\/staple-storage-box-natural-c50240dd361c35f1261ba5a3926c2ab1.jpg","contentUrl":"https:\/\/hubsch-interior.com\/wp-content\/uploads\/2026\/02\/staple-storage-box-natural-c50240dd361c35f1261ba5a3926c2ab1.jpg","width":1024,"height":1024},{"@type":"BreadcrumbList","@id":"https:\/\/hubsch-interior.com\/da\/vare\/staple-opbevaringskasse-natur\/#breadcrumb","itemListElement":[{"@type":"ListItem","position":1,"name":"Forside","item":"https:\/\/hubsch-interior.com\/da\/"},{"@type":"ListItem","position":2,"name":"Produkter","item":"https:\/\/hubsch-interior.com\/da\/produkter\/"},{"@type":"ListItem","position":3,"name":"Boligtilbeh\u00f8r","item":"https:\/\/hubsch-interior.com\/da\/vare-kategori\/boligtilbehor\/"},{"@type":"ListItem","position":4,"name":"Kontor","item":"https:\/\/hubsch-interior.com\/da\/vare-kategori\/boligtilbehor\/kontor-da\/"},{"@type":"ListItem","position":5,"name":"Opbevaringskasser","item":"https:\/\/hubsch-interior.com\/da\/vare-kategori\/boligtilbehor\/kontor-da\/opbevaringskasser-da\/"},{"@type":"ListItem","position":6,"name":"Staple Opbevaringskasse Natur"}]},{"@type":"WebSite","@id":"https:\/\/hubsch-interior.com\/da\/#website","url":"https:\/\/hubsch-interior.com\/da\/","name":"H\u00fcbsch","description":"Danish Home Interior and Design","publisher":{"@id":"https:\/\/hubsch-interior.com\/da\/#organization"},"potentialAction":[{"@type":"SearchAction","target":{"@type":"EntryPoint","urlTemplate":"https:\/\/hubsch-interior.com\/da\/?s={search_term_string}"},"query-input":{"@type":"PropertyValueSpecification","valueRequired":true,"valueName":"search_term_string"}}],"inLanguage":"da-DK"},{"@type":"Organization","@id":"https:\/\/hubsch-interior.com\/da\/#organization","name":"H\u00fcbsch","url":"https:\/\/hubsch-interior.com\/da\/","logo":{"@type":"ImageObject","inLanguage":"da-DK","@id":"https:\/\/hubsch-interior.com\/da\/#\/schema\/logo\/image\/","url":"https:\/\/hubsch-interior.com\/wp-content\/uploads\/2022\/12\/Hubsch_logo_black_one_line.svg","contentUrl":"https:\/\/hubsch-interior.com\/wp-content\/uploads\/2022\/12\/Hubsch_logo_black_one_line.svg","caption":"H\u00fcbsch"},"image":{"@id":"https:\/\/hubsch-interior.com\/da\/#\/schema\/logo\/image\/"}}]}},"_links":{"self":[{"href":"https:\/\/hubsch-interior.com\/da\/wp-json\/wp\/v2\/product\/18832","targetHints":{"allow":["GET"]}}],"collection":[{"href":"https:\/\/hubsch-interior.com\/da\/wp-json\/wp\/v2\/product"}],"about":[{"href":"https:\/\/hubsch-interior.com\/da\/wp-json\/wp\/v2\/types\/product"}],"wp:featuredmedia":[{"embeddable":true,"href":"https:\/\/hubsch-interior.com\/da\/wp-json\/wp\/v2\/media\/1102099"}],"wp:attachment":[{"href":"https:\/\/hubsch-interior.com\/da\/wp-json\/wp\/v2\/media?parent=18832"}],"wp:term":[{"taxonomy":"product_brand","embeddable":true,"href":"https:\/\/hubsch-interior.com\/da\/wp-json\/wp\/v2\/product_brand?post=18832"},{"taxonomy":"product_cat","embeddable":true,"href":"https:\/\/hubsch-interior.com\/da\/wp-json\/wp\/v2\/product_cat?post=18832"},{"taxonomy":"product_tag","embeddable":true,"href":"https:\/\/hubsch-interior.com\/da\/wp-json\/wp\/v2\/product_tag?post=18832"}],"curies":[{"name":"wp","href":"https:\/\/api.w.org\/{rel}","templated":true}]}}