{"id":19128,"date":"2020-09-09T23:28:40","date_gmt":"2020-09-09T21:28:40","guid":{"rendered":"https:\/\/hubsch-interior.com\/vare\/product\/"},"modified":"2026-04-11T04:56:30","modified_gmt":"2026-04-11T02:56:30","slug":"fuse-vaeglampe-sort","status":"publish","type":"product","link":"https:\/\/hubsch-interior.com\/da\/vare\/fuse-vaeglampe-sort\/","title":{"rendered":"Fuse V\u00e6glampe Sort"},"content":{"rendered":"<p>Denne v\u00e6glampe er lavet af sort farvet metal. Lampesk\u00e6rmens retning kan justeres, s\u00e5 den passer til din aktuelle position. Du kan h\u00e6nge lampen ved din sofa, skrivebord eller som en sengelampe i sovev\u00e6relset. Lampen har et moderne industrielt look.<\/p>\n","protected":false},"excerpt":{"rendered":"<p>Denne v\u00e6glampe er lavet af sort farvet metal. Lampesk\u00e6rmens retning kan justeres, s\u00e5 den passer til din aktuelle position. Du kan h\u00e6nge lampen ved din sofa, skrivebord eller som en sengelampe i sovev\u00e6relset. Lampen har et moderne industrielt look.<\/p>\n","protected":false},"featured_media":1105780,"template":"","meta":{"_acf_changed":false,"inline_featured_image":false},"product_brand":[],"product_cat":[3808,3405],"product_tag":[],"class_list":{"0":"post-19128","1":"product","2":"type-product","3":"status-publish","4":"has-post-thumbnail","6":"product_cat-belysning","7":"product_cat-vaeglamper-da","8":"product_shipping_class-pk","10":"pa_color-sort","11":"pa_material-jern-da","13":"first","14":"instock","15":"taxable","16":"shipping-taxable","17":"purchasable","18":"product-type-simple"},"exclude_global_add_ons":[],"addons":[],"acf":[],"yoast_head":"<!-- This site is optimized with the Yoast SEO plugin v26.4 - https:\/\/yoast.com\/wordpress\/plugins\/seo\/ -->\n<title>Fuse V\u00e6glampe Sort - H\u00fcbsch<\/title>\n<meta name=\"description\" content=\"Denne v\u00e6glampe er lavet af sort farvet metal. Lampesk\u00e6rmens retning kan justeres, s\u00e5 den passer til din aktuelle position. Du kan h\u00e6nge lampen ved din\" \/>\n<meta name=\"robots\" content=\"index, follow, max-snippet:-1, max-image-preview:large, max-video-preview:-1\" \/>\n<link rel=\"canonical\" href=\"https:\/\/hubsch-interior.com\/da\/wp-json\/wp\/v2\/product\/19128\" \/>\n<meta property=\"og:locale\" content=\"da_DK\" \/>\n<meta property=\"og:type\" content=\"article\" \/>\n<meta property=\"og:title\" content=\"Fuse V\u00e6glampe Sort - H\u00fcbsch\" \/>\n<meta property=\"og:description\" content=\"Denne v\u00e6glampe er lavet af sort farvet metal. Lampesk\u00e6rmens retning kan justeres, s\u00e5 den passer til din aktuelle position. Du kan h\u00e6nge lampen ved din\" \/>\n<meta property=\"og:url\" content=\"https:\/\/hubsch-interior.com\/da\/vare\/fuse-vaeglampe-sort\/\" \/>\n<meta property=\"og:site_name\" content=\"H\u00fcbsch\" \/>\n<meta property=\"article:modified_time\" content=\"2026-04-11T02:56:30+00:00\" \/>\n<meta property=\"og:image\" content=\"https:\/\/hubsch-interior.com\/wp-content\/uploads\/2025\/05\/fuse-wall-light-black-b4ae68c150fc75509ebb3232d4fb73b9.jpg\" \/>\n\t<meta property=\"og:image:width\" content=\"1200\" \/>\n\t<meta property=\"og:image:height\" content=\"1200\" \/>\n\t<meta property=\"og:image:type\" content=\"image\/jpeg\" \/>\n<meta name=\"twitter:card\" content=\"summary_large_image\" \/>\n<script type=\"application\/ld+json\" class=\"yoast-schema-graph\">{\"@context\":\"https:\/\/schema.org\",\"@graph\":[{\"@type\":\"WebPage\",\"@id\":\"https:\/\/hubsch-interior.com\/da\/vare\/fuse-vaeglampe-sort\/\",\"url\":\"https:\/\/hubsch-interior.com\/da\/vare\/fuse-vaeglampe-sort\/\",\"name\":\"Fuse V\u00e6glampe Sort - H\u00fcbsch\",\"isPartOf\":{\"@id\":\"https:\/\/hubsch-interior.com\/da\/#website\"},\"primaryImageOfPage\":{\"@id\":\"https:\/\/hubsch-interior.com\/da\/vare\/fuse-vaeglampe-sort\/#primaryimage\"},\"image\":{\"@id\":\"https:\/\/hubsch-interior.com\/da\/vare\/fuse-vaeglampe-sort\/#primaryimage\"},\"thumbnailUrl\":\"https:\/\/hubsch-interior.com\/wp-content\/uploads\/2026\/02\/fuse-wall-light-black-5964e3a91bbd58681c87a5856633c306.jpg\",\"datePublished\":\"2020-09-09T21:28:40+00:00\",\"dateModified\":\"2026-04-11T02:56:30+00:00\",\"description\":\"Denne v\u00e6glampe er lavet af sort farvet metal. Lampesk\u00e6rmens retning kan justeres, s\u00e5 den passer til din aktuelle position. Du kan h\u00e6nge lampen ved din\",\"breadcrumb\":{\"@id\":\"https:\/\/hubsch-interior.com\/da\/vare\/fuse-vaeglampe-sort\/#breadcrumb\"},\"inLanguage\":\"da-DK\",\"potentialAction\":[{\"@type\":\"ReadAction\",\"target\":[\"https:\/\/hubsch-interior.com\/da\/vare\/fuse-vaeglampe-sort\/\"]}]},{\"@type\":\"ImageObject\",\"inLanguage\":\"da-DK\",\"@id\":\"https:\/\/hubsch-interior.com\/da\/vare\/fuse-vaeglampe-sort\/#primaryimage\",\"url\":\"https:\/\/hubsch-interior.com\/wp-content\/uploads\/2026\/02\/fuse-wall-light-black-5964e3a91bbd58681c87a5856633c306.jpg\",\"contentUrl\":\"https:\/\/hubsch-interior.com\/wp-content\/uploads\/2026\/02\/fuse-wall-light-black-5964e3a91bbd58681c87a5856633c306.jpg\",\"width\":1024,\"height\":1024},{\"@type\":\"BreadcrumbList\",\"@id\":\"https:\/\/hubsch-interior.com\/da\/vare\/fuse-vaeglampe-sort\/#breadcrumb\",\"itemListElement\":[{\"@type\":\"ListItem\",\"position\":1,\"name\":\"Forside\",\"item\":\"https:\/\/hubsch-interior.com\/da\/\"},{\"@type\":\"ListItem\",\"position\":2,\"name\":\"Produkter\",\"item\":\"https:\/\/hubsch-interior.com\/da\/produkter\/\"},{\"@type\":\"ListItem\",\"position\":3,\"name\":\"Belysning\",\"item\":\"https:\/\/hubsch-interior.com\/da\/vare-kategori\/belysning\/\"},{\"@type\":\"ListItem\",\"position\":4,\"name\":\"V&aelig;glamper\",\"item\":\"https:\/\/hubsch-interior.com\/da\/vare-kategori\/belysning\/vaeglamper-da\/\"},{\"@type\":\"ListItem\",\"position\":5,\"name\":\"Fuse V\u00e6glampe Sort\"}]},{\"@type\":\"WebSite\",\"@id\":\"https:\/\/hubsch-interior.com\/da\/#website\",\"url\":\"https:\/\/hubsch-interior.com\/da\/\",\"name\":\"H\u00fcbsch\",\"description\":\"Danish Home Interior and Design\",\"publisher\":{\"@id\":\"https:\/\/hubsch-interior.com\/da\/#organization\"},\"potentialAction\":[{\"@type\":\"SearchAction\",\"target\":{\"@type\":\"EntryPoint\",\"urlTemplate\":\"https:\/\/hubsch-interior.com\/da\/?s={search_term_string}\"},\"query-input\":{\"@type\":\"PropertyValueSpecification\",\"valueRequired\":true,\"valueName\":\"search_term_string\"}}],\"inLanguage\":\"da-DK\"},{\"@type\":\"Organization\",\"@id\":\"https:\/\/hubsch-interior.com\/da\/#organization\",\"name\":\"H\u00fcbsch\",\"url\":\"https:\/\/hubsch-interior.com\/da\/\",\"logo\":{\"@type\":\"ImageObject\",\"inLanguage\":\"da-DK\",\"@id\":\"https:\/\/hubsch-interior.com\/da\/#\/schema\/logo\/image\/\",\"url\":\"https:\/\/hubsch-interior.com\/wp-content\/uploads\/2022\/12\/Hubsch_logo_black_one_line.svg\",\"contentUrl\":\"https:\/\/hubsch-interior.com\/wp-content\/uploads\/2022\/12\/Hubsch_logo_black_one_line.svg\",\"caption\":\"H\u00fcbsch\"},\"image\":{\"@id\":\"https:\/\/hubsch-interior.com\/da\/#\/schema\/logo\/image\/\"}}]}<\/script>\n<!-- \/ Yoast SEO plugin. -->","yoast_head_json":{"title":"Fuse V\u00e6glampe Sort - H\u00fcbsch","description":"Denne v\u00e6glampe er lavet af sort farvet metal. Lampesk\u00e6rmens retning kan justeres, s\u00e5 den passer til din aktuelle position. Du kan h\u00e6nge lampen ved din","robots":{"index":"index","follow":"follow","max-snippet":"max-snippet:-1","max-image-preview":"max-image-preview:large","max-video-preview":"max-video-preview:-1"},"canonical":"https:\/\/hubsch-interior.com\/da\/wp-json\/wp\/v2\/product\/19128","og_locale":"da_DK","og_type":"article","og_title":"Fuse V\u00e6glampe Sort - H\u00fcbsch","og_description":"Denne v\u00e6glampe er lavet af sort farvet metal. Lampesk\u00e6rmens retning kan justeres, s\u00e5 den passer til din aktuelle position. Du kan h\u00e6nge lampen ved din","og_url":"https:\/\/hubsch-interior.com\/da\/vare\/fuse-vaeglampe-sort\/","og_site_name":"H\u00fcbsch","article_modified_time":"2026-04-11T02:56:30+00:00","og_image":[{"width":1200,"height":1200,"url":"https:\/\/hubsch-interior.com\/wp-content\/uploads\/2025\/05\/fuse-wall-light-black-b4ae68c150fc75509ebb3232d4fb73b9.jpg","type":"image\/jpeg"}],"twitter_card":"summary_large_image","schema":{"@context":"https:\/\/schema.org","@graph":[{"@type":"WebPage","@id":"https:\/\/hubsch-interior.com\/da\/vare\/fuse-vaeglampe-sort\/","url":"https:\/\/hubsch-interior.com\/da\/vare\/fuse-vaeglampe-sort\/","name":"Fuse V\u00e6glampe Sort - H\u00fcbsch","isPartOf":{"@id":"https:\/\/hubsch-interior.com\/da\/#website"},"primaryImageOfPage":{"@id":"https:\/\/hubsch-interior.com\/da\/vare\/fuse-vaeglampe-sort\/#primaryimage"},"image":{"@id":"https:\/\/hubsch-interior.com\/da\/vare\/fuse-vaeglampe-sort\/#primaryimage"},"thumbnailUrl":"https:\/\/hubsch-interior.com\/wp-content\/uploads\/2026\/02\/fuse-wall-light-black-5964e3a91bbd58681c87a5856633c306.jpg","datePublished":"2020-09-09T21:28:40+00:00","dateModified":"2026-04-11T02:56:30+00:00","description":"Denne v\u00e6glampe er lavet af sort farvet metal. Lampesk\u00e6rmens retning kan justeres, s\u00e5 den passer til din aktuelle position. Du kan h\u00e6nge lampen ved din","breadcrumb":{"@id":"https:\/\/hubsch-interior.com\/da\/vare\/fuse-vaeglampe-sort\/#breadcrumb"},"inLanguage":"da-DK","potentialAction":[{"@type":"ReadAction","target":["https:\/\/hubsch-interior.com\/da\/vare\/fuse-vaeglampe-sort\/"]}]},{"@type":"ImageObject","inLanguage":"da-DK","@id":"https:\/\/hubsch-interior.com\/da\/vare\/fuse-vaeglampe-sort\/#primaryimage","url":"https:\/\/hubsch-interior.com\/wp-content\/uploads\/2026\/02\/fuse-wall-light-black-5964e3a91bbd58681c87a5856633c306.jpg","contentUrl":"https:\/\/hubsch-interior.com\/wp-content\/uploads\/2026\/02\/fuse-wall-light-black-5964e3a91bbd58681c87a5856633c306.jpg","width":1024,"height":1024},{"@type":"BreadcrumbList","@id":"https:\/\/hubsch-interior.com\/da\/vare\/fuse-vaeglampe-sort\/#breadcrumb","itemListElement":[{"@type":"ListItem","position":1,"name":"Forside","item":"https:\/\/hubsch-interior.com\/da\/"},{"@type":"ListItem","position":2,"name":"Produkter","item":"https:\/\/hubsch-interior.com\/da\/produkter\/"},{"@type":"ListItem","position":3,"name":"Belysning","item":"https:\/\/hubsch-interior.com\/da\/vare-kategori\/belysning\/"},{"@type":"ListItem","position":4,"name":"V&aelig;glamper","item":"https:\/\/hubsch-interior.com\/da\/vare-kategori\/belysning\/vaeglamper-da\/"},{"@type":"ListItem","position":5,"name":"Fuse V\u00e6glampe Sort"}]},{"@type":"WebSite","@id":"https:\/\/hubsch-interior.com\/da\/#website","url":"https:\/\/hubsch-interior.com\/da\/","name":"H\u00fcbsch","description":"Danish Home Interior and Design","publisher":{"@id":"https:\/\/hubsch-interior.com\/da\/#organization"},"potentialAction":[{"@type":"SearchAction","target":{"@type":"EntryPoint","urlTemplate":"https:\/\/hubsch-interior.com\/da\/?s={search_term_string}"},"query-input":{"@type":"PropertyValueSpecification","valueRequired":true,"valueName":"search_term_string"}}],"inLanguage":"da-DK"},{"@type":"Organization","@id":"https:\/\/hubsch-interior.com\/da\/#organization","name":"H\u00fcbsch","url":"https:\/\/hubsch-interior.com\/da\/","logo":{"@type":"ImageObject","inLanguage":"da-DK","@id":"https:\/\/hubsch-interior.com\/da\/#\/schema\/logo\/image\/","url":"https:\/\/hubsch-interior.com\/wp-content\/uploads\/2022\/12\/Hubsch_logo_black_one_line.svg","contentUrl":"https:\/\/hubsch-interior.com\/wp-content\/uploads\/2022\/12\/Hubsch_logo_black_one_line.svg","caption":"H\u00fcbsch"},"image":{"@id":"https:\/\/hubsch-interior.com\/da\/#\/schema\/logo\/image\/"}}]}},"_links":{"self":[{"href":"https:\/\/hubsch-interior.com\/da\/wp-json\/wp\/v2\/product\/19128","targetHints":{"allow":["GET"]}}],"collection":[{"href":"https:\/\/hubsch-interior.com\/da\/wp-json\/wp\/v2\/product"}],"about":[{"href":"https:\/\/hubsch-interior.com\/da\/wp-json\/wp\/v2\/types\/product"}],"wp:featuredmedia":[{"embeddable":true,"href":"https:\/\/hubsch-interior.com\/da\/wp-json\/wp\/v2\/media\/1105780"}],"wp:attachment":[{"href":"https:\/\/hubsch-interior.com\/da\/wp-json\/wp\/v2\/media?parent=19128"}],"wp:term":[{"taxonomy":"product_brand","embeddable":true,"href":"https:\/\/hubsch-interior.com\/da\/wp-json\/wp\/v2\/product_brand?post=19128"},{"taxonomy":"product_cat","embeddable":true,"href":"https:\/\/hubsch-interior.com\/da\/wp-json\/wp\/v2\/product_cat?post=19128"},{"taxonomy":"product_tag","embeddable":true,"href":"https:\/\/hubsch-interior.com\/da\/wp-json\/wp\/v2\/product_tag?post=19128"}],"curies":[{"name":"wp","href":"https:\/\/api.w.org\/{rel}","templated":true}]}}