{"id":19864,"date":"2020-09-09T23:29:42","date_gmt":"2020-09-09T21:29:42","guid":{"rendered":"https:\/\/hubsch-interior.com\/vare\/product\/"},"modified":"2026-04-09T05:01:41","modified_gmt":"2026-04-09T03:01:41","slug":"lunar-vase-gron","status":"publish","type":"product","link":"https:\/\/hubsch-interior.com\/da\/vare\/lunar-vase-gron\/","title":{"rendered":"Lunar Vase Gr\u00f8n"},"content":{"rendered":"<p>Denne vase er lavet af glas i en r\u00f8get gr\u00f8n farve. Formen p\u00e5 vasen er elegant. Du kan placere vasen p\u00e5 en kommode, spisebordet eller ethvert andet sted i dit hjem, for et strejf af elegance. Vasen er p\u00e6n b\u00e5de med og uden blomster.<\/p>\n","protected":false},"excerpt":{"rendered":"<p>Denne vase er lavet af glas i en r\u00f8get gr\u00f8n farve. Formen p\u00e5 vasen er elegant. Du kan placere vasen p\u00e5 en kommode, spisebordet eller ethvert andet sted i dit hjem, for et strejf af elegance. Vasen er p\u00e6n b\u00e5de med og uden blomster.<\/p>\n","protected":false},"featured_media":1106196,"template":"","meta":{"_acf_changed":false,"inline_featured_image":false},"product_brand":[],"product_cat":[5025,3152],"product_tag":[],"class_list":{"0":"post-19864","1":"product","2":"type-product","3":"status-publish","4":"has-post-thumbnail","6":"product_cat-bestsellers-da","7":"product_cat-vaser-da","8":"product_shipping_class-pk","10":"pa_color-grn","11":"pa_material-glas-da","13":"first","14":"instock","15":"featured","16":"taxable","17":"shipping-taxable","18":"purchasable","19":"product-type-simple"},"exclude_global_add_ons":[],"addons":[],"acf":[],"yoast_head":"<!-- This site is optimized with the Yoast SEO plugin v26.4 - https:\/\/yoast.com\/wordpress\/plugins\/seo\/ -->\n<title>Lunar Vase Gr\u00f8n - H\u00fcbsch<\/title>\n<meta name=\"description\" content=\"Denne vase er lavet af glas i en r\u00f8get gr\u00f8n farve. Formen p\u00e5 vasen er elegant. Du kan placere vasen p\u00e5 en kommode, spisebordet eller ethvert andet sted i\" \/>\n<meta name=\"robots\" content=\"index, follow, max-snippet:-1, max-image-preview:large, max-video-preview:-1\" \/>\n<link rel=\"canonical\" href=\"https:\/\/hubsch-interior.com\/da\/wp-json\/wp\/v2\/product\/19864\" \/>\n<meta property=\"og:locale\" content=\"da_DK\" \/>\n<meta property=\"og:type\" content=\"article\" \/>\n<meta property=\"og:title\" content=\"Lunar Vase Gr\u00f8n - H\u00fcbsch\" \/>\n<meta property=\"og:description\" content=\"Denne vase er lavet af glas i en r\u00f8get gr\u00f8n farve. Formen p\u00e5 vasen er elegant. Du kan placere vasen p\u00e5 en kommode, spisebordet eller ethvert andet sted i\" \/>\n<meta property=\"og:url\" content=\"https:\/\/hubsch-interior.com\/da\/vare\/lunar-vase-gron\/\" \/>\n<meta property=\"og:site_name\" content=\"H\u00fcbsch\" \/>\n<meta property=\"article:modified_time\" content=\"2026-04-09T03:01:41+00:00\" \/>\n<meta property=\"og:image\" content=\"https:\/\/hubsch-interior.com\/wp-content\/uploads\/2025\/05\/lunar-vase-green-4ce89bc79dda3618eda6c3d418485b8b.jpg\" \/>\n\t<meta property=\"og:image:width\" content=\"1200\" \/>\n\t<meta property=\"og:image:height\" content=\"1200\" \/>\n\t<meta property=\"og:image:type\" content=\"image\/jpeg\" \/>\n<meta name=\"twitter:card\" content=\"summary_large_image\" \/>\n<script type=\"application\/ld+json\" class=\"yoast-schema-graph\">{\"@context\":\"https:\/\/schema.org\",\"@graph\":[{\"@type\":\"WebPage\",\"@id\":\"https:\/\/hubsch-interior.com\/da\/vare\/lunar-vase-gron\/\",\"url\":\"https:\/\/hubsch-interior.com\/da\/vare\/lunar-vase-gron\/\",\"name\":\"Lunar Vase Gr\u00f8n - H\u00fcbsch\",\"isPartOf\":{\"@id\":\"https:\/\/hubsch-interior.com\/da\/#website\"},\"primaryImageOfPage\":{\"@id\":\"https:\/\/hubsch-interior.com\/da\/vare\/lunar-vase-gron\/#primaryimage\"},\"image\":{\"@id\":\"https:\/\/hubsch-interior.com\/da\/vare\/lunar-vase-gron\/#primaryimage\"},\"thumbnailUrl\":\"https:\/\/hubsch-interior.com\/wp-content\/uploads\/2026\/02\/lunar-vase-green-550ae671e249e7ab22f5e8fc9b6d567b.jpg\",\"datePublished\":\"2020-09-09T21:29:42+00:00\",\"dateModified\":\"2026-04-09T03:01:41+00:00\",\"description\":\"Denne vase er lavet af glas i en r\u00f8get gr\u00f8n farve. Formen p\u00e5 vasen er elegant. Du kan placere vasen p\u00e5 en kommode, spisebordet eller ethvert andet sted i\",\"breadcrumb\":{\"@id\":\"https:\/\/hubsch-interior.com\/da\/vare\/lunar-vase-gron\/#breadcrumb\"},\"inLanguage\":\"da-DK\",\"potentialAction\":[{\"@type\":\"ReadAction\",\"target\":[\"https:\/\/hubsch-interior.com\/da\/vare\/lunar-vase-gron\/\"]}]},{\"@type\":\"ImageObject\",\"inLanguage\":\"da-DK\",\"@id\":\"https:\/\/hubsch-interior.com\/da\/vare\/lunar-vase-gron\/#primaryimage\",\"url\":\"https:\/\/hubsch-interior.com\/wp-content\/uploads\/2026\/02\/lunar-vase-green-550ae671e249e7ab22f5e8fc9b6d567b.jpg\",\"contentUrl\":\"https:\/\/hubsch-interior.com\/wp-content\/uploads\/2026\/02\/lunar-vase-green-550ae671e249e7ab22f5e8fc9b6d567b.jpg\",\"width\":1024,\"height\":1024},{\"@type\":\"BreadcrumbList\",\"@id\":\"https:\/\/hubsch-interior.com\/da\/vare\/lunar-vase-gron\/#breadcrumb\",\"itemListElement\":[{\"@type\":\"ListItem\",\"position\":1,\"name\":\"Forside\",\"item\":\"https:\/\/hubsch-interior.com\/da\/\"},{\"@type\":\"ListItem\",\"position\":2,\"name\":\"Produkter\",\"item\":\"https:\/\/hubsch-interior.com\/da\/produkter\/\"},{\"@type\":\"ListItem\",\"position\":3,\"name\":\"Boligtilbeh\u00f8r\",\"item\":\"https:\/\/hubsch-interior.com\/da\/vare-kategori\/boligtilbehor\/\"},{\"@type\":\"ListItem\",\"position\":4,\"name\":\"Vaser\",\"item\":\"https:\/\/hubsch-interior.com\/da\/vare-kategori\/boligtilbehor\/vaser-da\/\"},{\"@type\":\"ListItem\",\"position\":5,\"name\":\"Lunar Vase Gr\u00f8n\"}]},{\"@type\":\"WebSite\",\"@id\":\"https:\/\/hubsch-interior.com\/da\/#website\",\"url\":\"https:\/\/hubsch-interior.com\/da\/\",\"name\":\"H\u00fcbsch\",\"description\":\"Danish Home Interior and Design\",\"publisher\":{\"@id\":\"https:\/\/hubsch-interior.com\/da\/#organization\"},\"potentialAction\":[{\"@type\":\"SearchAction\",\"target\":{\"@type\":\"EntryPoint\",\"urlTemplate\":\"https:\/\/hubsch-interior.com\/da\/?s={search_term_string}\"},\"query-input\":{\"@type\":\"PropertyValueSpecification\",\"valueRequired\":true,\"valueName\":\"search_term_string\"}}],\"inLanguage\":\"da-DK\"},{\"@type\":\"Organization\",\"@id\":\"https:\/\/hubsch-interior.com\/da\/#organization\",\"name\":\"H\u00fcbsch\",\"url\":\"https:\/\/hubsch-interior.com\/da\/\",\"logo\":{\"@type\":\"ImageObject\",\"inLanguage\":\"da-DK\",\"@id\":\"https:\/\/hubsch-interior.com\/da\/#\/schema\/logo\/image\/\",\"url\":\"https:\/\/hubsch-interior.com\/wp-content\/uploads\/2022\/12\/Hubsch_logo_black_one_line.svg\",\"contentUrl\":\"https:\/\/hubsch-interior.com\/wp-content\/uploads\/2022\/12\/Hubsch_logo_black_one_line.svg\",\"caption\":\"H\u00fcbsch\"},\"image\":{\"@id\":\"https:\/\/hubsch-interior.com\/da\/#\/schema\/logo\/image\/\"}}]}<\/script>\n<!-- \/ Yoast SEO plugin. -->","yoast_head_json":{"title":"Lunar Vase Gr\u00f8n - H\u00fcbsch","description":"Denne vase er lavet af glas i en r\u00f8get gr\u00f8n farve. Formen p\u00e5 vasen er elegant. Du kan placere vasen p\u00e5 en kommode, spisebordet eller ethvert andet sted i","robots":{"index":"index","follow":"follow","max-snippet":"max-snippet:-1","max-image-preview":"max-image-preview:large","max-video-preview":"max-video-preview:-1"},"canonical":"https:\/\/hubsch-interior.com\/da\/wp-json\/wp\/v2\/product\/19864","og_locale":"da_DK","og_type":"article","og_title":"Lunar Vase Gr\u00f8n - H\u00fcbsch","og_description":"Denne vase er lavet af glas i en r\u00f8get gr\u00f8n farve. Formen p\u00e5 vasen er elegant. Du kan placere vasen p\u00e5 en kommode, spisebordet eller ethvert andet sted i","og_url":"https:\/\/hubsch-interior.com\/da\/vare\/lunar-vase-gron\/","og_site_name":"H\u00fcbsch","article_modified_time":"2026-04-09T03:01:41+00:00","og_image":[{"width":1200,"height":1200,"url":"https:\/\/hubsch-interior.com\/wp-content\/uploads\/2025\/05\/lunar-vase-green-4ce89bc79dda3618eda6c3d418485b8b.jpg","type":"image\/jpeg"}],"twitter_card":"summary_large_image","schema":{"@context":"https:\/\/schema.org","@graph":[{"@type":"WebPage","@id":"https:\/\/hubsch-interior.com\/da\/vare\/lunar-vase-gron\/","url":"https:\/\/hubsch-interior.com\/da\/vare\/lunar-vase-gron\/","name":"Lunar Vase Gr\u00f8n - H\u00fcbsch","isPartOf":{"@id":"https:\/\/hubsch-interior.com\/da\/#website"},"primaryImageOfPage":{"@id":"https:\/\/hubsch-interior.com\/da\/vare\/lunar-vase-gron\/#primaryimage"},"image":{"@id":"https:\/\/hubsch-interior.com\/da\/vare\/lunar-vase-gron\/#primaryimage"},"thumbnailUrl":"https:\/\/hubsch-interior.com\/wp-content\/uploads\/2026\/02\/lunar-vase-green-550ae671e249e7ab22f5e8fc9b6d567b.jpg","datePublished":"2020-09-09T21:29:42+00:00","dateModified":"2026-04-09T03:01:41+00:00","description":"Denne vase er lavet af glas i en r\u00f8get gr\u00f8n farve. Formen p\u00e5 vasen er elegant. Du kan placere vasen p\u00e5 en kommode, spisebordet eller ethvert andet sted i","breadcrumb":{"@id":"https:\/\/hubsch-interior.com\/da\/vare\/lunar-vase-gron\/#breadcrumb"},"inLanguage":"da-DK","potentialAction":[{"@type":"ReadAction","target":["https:\/\/hubsch-interior.com\/da\/vare\/lunar-vase-gron\/"]}]},{"@type":"ImageObject","inLanguage":"da-DK","@id":"https:\/\/hubsch-interior.com\/da\/vare\/lunar-vase-gron\/#primaryimage","url":"https:\/\/hubsch-interior.com\/wp-content\/uploads\/2026\/02\/lunar-vase-green-550ae671e249e7ab22f5e8fc9b6d567b.jpg","contentUrl":"https:\/\/hubsch-interior.com\/wp-content\/uploads\/2026\/02\/lunar-vase-green-550ae671e249e7ab22f5e8fc9b6d567b.jpg","width":1024,"height":1024},{"@type":"BreadcrumbList","@id":"https:\/\/hubsch-interior.com\/da\/vare\/lunar-vase-gron\/#breadcrumb","itemListElement":[{"@type":"ListItem","position":1,"name":"Forside","item":"https:\/\/hubsch-interior.com\/da\/"},{"@type":"ListItem","position":2,"name":"Produkter","item":"https:\/\/hubsch-interior.com\/da\/produkter\/"},{"@type":"ListItem","position":3,"name":"Boligtilbeh\u00f8r","item":"https:\/\/hubsch-interior.com\/da\/vare-kategori\/boligtilbehor\/"},{"@type":"ListItem","position":4,"name":"Vaser","item":"https:\/\/hubsch-interior.com\/da\/vare-kategori\/boligtilbehor\/vaser-da\/"},{"@type":"ListItem","position":5,"name":"Lunar Vase Gr\u00f8n"}]},{"@type":"WebSite","@id":"https:\/\/hubsch-interior.com\/da\/#website","url":"https:\/\/hubsch-interior.com\/da\/","name":"H\u00fcbsch","description":"Danish Home Interior and Design","publisher":{"@id":"https:\/\/hubsch-interior.com\/da\/#organization"},"potentialAction":[{"@type":"SearchAction","target":{"@type":"EntryPoint","urlTemplate":"https:\/\/hubsch-interior.com\/da\/?s={search_term_string}"},"query-input":{"@type":"PropertyValueSpecification","valueRequired":true,"valueName":"search_term_string"}}],"inLanguage":"da-DK"},{"@type":"Organization","@id":"https:\/\/hubsch-interior.com\/da\/#organization","name":"H\u00fcbsch","url":"https:\/\/hubsch-interior.com\/da\/","logo":{"@type":"ImageObject","inLanguage":"da-DK","@id":"https:\/\/hubsch-interior.com\/da\/#\/schema\/logo\/image\/","url":"https:\/\/hubsch-interior.com\/wp-content\/uploads\/2022\/12\/Hubsch_logo_black_one_line.svg","contentUrl":"https:\/\/hubsch-interior.com\/wp-content\/uploads\/2022\/12\/Hubsch_logo_black_one_line.svg","caption":"H\u00fcbsch"},"image":{"@id":"https:\/\/hubsch-interior.com\/da\/#\/schema\/logo\/image\/"}}]}},"_links":{"self":[{"href":"https:\/\/hubsch-interior.com\/da\/wp-json\/wp\/v2\/product\/19864","targetHints":{"allow":["GET"]}}],"collection":[{"href":"https:\/\/hubsch-interior.com\/da\/wp-json\/wp\/v2\/product"}],"about":[{"href":"https:\/\/hubsch-interior.com\/da\/wp-json\/wp\/v2\/types\/product"}],"wp:featuredmedia":[{"embeddable":true,"href":"https:\/\/hubsch-interior.com\/da\/wp-json\/wp\/v2\/media\/1106196"}],"wp:attachment":[{"href":"https:\/\/hubsch-interior.com\/da\/wp-json\/wp\/v2\/media?parent=19864"}],"wp:term":[{"taxonomy":"product_brand","embeddable":true,"href":"https:\/\/hubsch-interior.com\/da\/wp-json\/wp\/v2\/product_brand?post=19864"},{"taxonomy":"product_cat","embeddable":true,"href":"https:\/\/hubsch-interior.com\/da\/wp-json\/wp\/v2\/product_cat?post=19864"},{"taxonomy":"product_tag","embeddable":true,"href":"https:\/\/hubsch-interior.com\/da\/wp-json\/wp\/v2\/product_tag?post=19864"}],"curies":[{"name":"wp","href":"https:\/\/api.w.org\/{rel}","templated":true}]}}