{"id":20516,"date":"2020-09-09T23:30:41","date_gmt":"2020-09-09T21:30:41","guid":{"rendered":"https:\/\/hubsch-interior.com\/vare\/product\/"},"modified":"2026-04-05T05:15:29","modified_gmt":"2026-04-05T03:15:29","slug":"apply-handklaedering-messingfarve","status":"publish","type":"product","link":"https:\/\/hubsch-interior.com\/da\/vare\/apply-handklaedering-messingfarve\/","title":{"rendered":"Apply H\u00e5ndkl\u00e6dering Messingfarve"},"content":{"rendered":"<p>Denne h\u00e5ndkl\u00e6deholder er lavet i messing og metal og er designet i et elegant look. H\u00e5ndkl\u00e6deholderens livlige form underst\u00f8tter dens elegant udtryk. Anbring den i badev\u00e6relset og k\u00f8kkenet for at f\u00e5 en stilfuld detalje.<\/p>\n","protected":false},"excerpt":{"rendered":"<p>Denne h\u00e5ndkl\u00e6deholder er lavet i messing og metal og er designet i et elegant look. H\u00e5ndkl\u00e6deholderens livlige form underst\u00f8tter dens elegant udtryk. Anbring den i badev\u00e6relset og k\u00f8kkenet for at f\u00e5 en stilfuld detalje.<\/p>\n","protected":false},"featured_media":1108800,"template":"","meta":{"_acf_changed":false,"inline_featured_image":false},"product_brand":[],"product_cat":[7065,4106,4039,7069],"product_tag":[],"class_list":{"0":"post-20516","1":"product","2":"type-product","3":"status-publish","4":"has-post-thumbnail","6":"product_cat-koekken-reoler-da","7":"product_cat-knager-da","8":"product_cat-knager-knageraekker-da","9":"product_cat-knager-reoler-da","10":"product_shipping_class-pk","12":"pa_color-messingfarve","13":"pa_material-jern-da","15":"first","16":"instock","17":"taxable","18":"shipping-taxable","19":"purchasable","20":"product-type-simple"},"exclude_global_add_ons":[],"addons":[],"acf":[],"yoast_head":"<!-- This site is optimized with the Yoast SEO plugin v26.4 - https:\/\/yoast.com\/wordpress\/plugins\/seo\/ -->\n<title>Apply H\u00e5ndkl\u00e6dering Messingfarve - H\u00fcbsch<\/title>\n<meta name=\"description\" content=\"Denne h\u00e5ndkl\u00e6deholder er lavet i messing og metal og er designet i et elegant look. H\u00e5ndkl\u00e6deholderens livlige form underst\u00f8tter dens elegant udtryk.\" \/>\n<meta name=\"robots\" content=\"index, follow, max-snippet:-1, max-image-preview:large, max-video-preview:-1\" \/>\n<link rel=\"canonical\" href=\"https:\/\/hubsch-interior.com\/da\/wp-json\/wp\/v2\/product\/20516\" \/>\n<meta property=\"og:locale\" content=\"da_DK\" \/>\n<meta property=\"og:type\" content=\"article\" \/>\n<meta property=\"og:title\" content=\"Apply H\u00e5ndkl\u00e6dering Messingfarve - H\u00fcbsch\" \/>\n<meta property=\"og:description\" content=\"Denne h\u00e5ndkl\u00e6deholder er lavet i messing og metal og er designet i et elegant look. H\u00e5ndkl\u00e6deholderens livlige form underst\u00f8tter dens elegant udtryk.\" \/>\n<meta property=\"og:url\" content=\"https:\/\/hubsch-interior.com\/da\/vare\/apply-handklaedering-messingfarve\/\" \/>\n<meta property=\"og:site_name\" content=\"H\u00fcbsch\" \/>\n<meta property=\"article:modified_time\" content=\"2026-04-05T03:15:29+00:00\" \/>\n<meta property=\"og:image\" content=\"https:\/\/hubsch-interior.com\/wp-content\/uploads\/2024\/01\/apply-towel-ring-brass-1ce4b967c4b4c596eac6bbb63e23c26c.jpg\" \/>\n\t<meta property=\"og:image:width\" content=\"1200\" \/>\n\t<meta property=\"og:image:height\" content=\"1200\" \/>\n\t<meta property=\"og:image:type\" content=\"image\/jpeg\" \/>\n<meta name=\"twitter:card\" content=\"summary_large_image\" \/>\n<script type=\"application\/ld+json\" class=\"yoast-schema-graph\">{\"@context\":\"https:\/\/schema.org\",\"@graph\":[{\"@type\":\"WebPage\",\"@id\":\"https:\/\/hubsch-interior.com\/da\/vare\/apply-handklaedering-messingfarve\/\",\"url\":\"https:\/\/hubsch-interior.com\/da\/vare\/apply-handklaedering-messingfarve\/\",\"name\":\"Apply H\u00e5ndkl\u00e6dering Messingfarve - H\u00fcbsch\",\"isPartOf\":{\"@id\":\"https:\/\/hubsch-interior.com\/da\/#website\"},\"primaryImageOfPage\":{\"@id\":\"https:\/\/hubsch-interior.com\/da\/vare\/apply-handklaedering-messingfarve\/#primaryimage\"},\"image\":{\"@id\":\"https:\/\/hubsch-interior.com\/da\/vare\/apply-handklaedering-messingfarve\/#primaryimage\"},\"thumbnailUrl\":\"https:\/\/hubsch-interior.com\/wp-content\/uploads\/2026\/02\/apply-towel-ring-brass-66282bec535b9aecb747ec84d3ebce3a.jpg\",\"datePublished\":\"2020-09-09T21:30:41+00:00\",\"dateModified\":\"2026-04-05T03:15:29+00:00\",\"description\":\"Denne h\u00e5ndkl\u00e6deholder er lavet i messing og metal og er designet i et elegant look. H\u00e5ndkl\u00e6deholderens livlige form underst\u00f8tter dens elegant udtryk.\",\"breadcrumb\":{\"@id\":\"https:\/\/hubsch-interior.com\/da\/vare\/apply-handklaedering-messingfarve\/#breadcrumb\"},\"inLanguage\":\"da-DK\",\"potentialAction\":[{\"@type\":\"ReadAction\",\"target\":[\"https:\/\/hubsch-interior.com\/da\/vare\/apply-handklaedering-messingfarve\/\"]}]},{\"@type\":\"ImageObject\",\"inLanguage\":\"da-DK\",\"@id\":\"https:\/\/hubsch-interior.com\/da\/vare\/apply-handklaedering-messingfarve\/#primaryimage\",\"url\":\"https:\/\/hubsch-interior.com\/wp-content\/uploads\/2026\/02\/apply-towel-ring-brass-66282bec535b9aecb747ec84d3ebce3a.jpg\",\"contentUrl\":\"https:\/\/hubsch-interior.com\/wp-content\/uploads\/2026\/02\/apply-towel-ring-brass-66282bec535b9aecb747ec84d3ebce3a.jpg\",\"width\":1024,\"height\":1024},{\"@type\":\"BreadcrumbList\",\"@id\":\"https:\/\/hubsch-interior.com\/da\/vare\/apply-handklaedering-messingfarve\/#breadcrumb\",\"itemListElement\":[{\"@type\":\"ListItem\",\"position\":1,\"name\":\"Forside\",\"item\":\"https:\/\/hubsch-interior.com\/da\/\"},{\"@type\":\"ListItem\",\"position\":2,\"name\":\"Produkter\",\"item\":\"https:\/\/hubsch-interior.com\/da\/produkter\/\"},{\"@type\":\"ListItem\",\"position\":3,\"name\":\"Boligtilbeh\u00f8r\",\"item\":\"https:\/\/hubsch-interior.com\/da\/vare-kategori\/boligtilbehor\/\"},{\"@type\":\"ListItem\",\"position\":4,\"name\":\"Knager &amp; knager&aelig;kker\",\"item\":\"https:\/\/hubsch-interior.com\/da\/vare-kategori\/boligtilbehor\/knager-knageraekker-da\/\"},{\"@type\":\"ListItem\",\"position\":5,\"name\":\"Knager\",\"item\":\"https:\/\/hubsch-interior.com\/da\/vare-kategori\/boligtilbehor\/knager-knageraekker-da\/knager-da\/\"},{\"@type\":\"ListItem\",\"position\":6,\"name\":\"Apply H\u00e5ndkl\u00e6dering Messingfarve\"}]},{\"@type\":\"WebSite\",\"@id\":\"https:\/\/hubsch-interior.com\/da\/#website\",\"url\":\"https:\/\/hubsch-interior.com\/da\/\",\"name\":\"H\u00fcbsch\",\"description\":\"Danish Home Interior and Design\",\"publisher\":{\"@id\":\"https:\/\/hubsch-interior.com\/da\/#organization\"},\"potentialAction\":[{\"@type\":\"SearchAction\",\"target\":{\"@type\":\"EntryPoint\",\"urlTemplate\":\"https:\/\/hubsch-interior.com\/da\/?s={search_term_string}\"},\"query-input\":{\"@type\":\"PropertyValueSpecification\",\"valueRequired\":true,\"valueName\":\"search_term_string\"}}],\"inLanguage\":\"da-DK\"},{\"@type\":\"Organization\",\"@id\":\"https:\/\/hubsch-interior.com\/da\/#organization\",\"name\":\"H\u00fcbsch\",\"url\":\"https:\/\/hubsch-interior.com\/da\/\",\"logo\":{\"@type\":\"ImageObject\",\"inLanguage\":\"da-DK\",\"@id\":\"https:\/\/hubsch-interior.com\/da\/#\/schema\/logo\/image\/\",\"url\":\"https:\/\/hubsch-interior.com\/wp-content\/uploads\/2022\/12\/Hubsch_logo_black_one_line.svg\",\"contentUrl\":\"https:\/\/hubsch-interior.com\/wp-content\/uploads\/2022\/12\/Hubsch_logo_black_one_line.svg\",\"caption\":\"H\u00fcbsch\"},\"image\":{\"@id\":\"https:\/\/hubsch-interior.com\/da\/#\/schema\/logo\/image\/\"}}]}<\/script>\n<!-- \/ Yoast SEO plugin. -->","yoast_head_json":{"title":"Apply H\u00e5ndkl\u00e6dering Messingfarve - H\u00fcbsch","description":"Denne h\u00e5ndkl\u00e6deholder er lavet i messing og metal og er designet i et elegant look. H\u00e5ndkl\u00e6deholderens livlige form underst\u00f8tter dens elegant udtryk.","robots":{"index":"index","follow":"follow","max-snippet":"max-snippet:-1","max-image-preview":"max-image-preview:large","max-video-preview":"max-video-preview:-1"},"canonical":"https:\/\/hubsch-interior.com\/da\/wp-json\/wp\/v2\/product\/20516","og_locale":"da_DK","og_type":"article","og_title":"Apply H\u00e5ndkl\u00e6dering Messingfarve - H\u00fcbsch","og_description":"Denne h\u00e5ndkl\u00e6deholder er lavet i messing og metal og er designet i et elegant look. H\u00e5ndkl\u00e6deholderens livlige form underst\u00f8tter dens elegant udtryk.","og_url":"https:\/\/hubsch-interior.com\/da\/vare\/apply-handklaedering-messingfarve\/","og_site_name":"H\u00fcbsch","article_modified_time":"2026-04-05T03:15:29+00:00","og_image":[{"width":1200,"height":1200,"url":"https:\/\/hubsch-interior.com\/wp-content\/uploads\/2024\/01\/apply-towel-ring-brass-1ce4b967c4b4c596eac6bbb63e23c26c.jpg","type":"image\/jpeg"}],"twitter_card":"summary_large_image","schema":{"@context":"https:\/\/schema.org","@graph":[{"@type":"WebPage","@id":"https:\/\/hubsch-interior.com\/da\/vare\/apply-handklaedering-messingfarve\/","url":"https:\/\/hubsch-interior.com\/da\/vare\/apply-handklaedering-messingfarve\/","name":"Apply H\u00e5ndkl\u00e6dering Messingfarve - H\u00fcbsch","isPartOf":{"@id":"https:\/\/hubsch-interior.com\/da\/#website"},"primaryImageOfPage":{"@id":"https:\/\/hubsch-interior.com\/da\/vare\/apply-handklaedering-messingfarve\/#primaryimage"},"image":{"@id":"https:\/\/hubsch-interior.com\/da\/vare\/apply-handklaedering-messingfarve\/#primaryimage"},"thumbnailUrl":"https:\/\/hubsch-interior.com\/wp-content\/uploads\/2026\/02\/apply-towel-ring-brass-66282bec535b9aecb747ec84d3ebce3a.jpg","datePublished":"2020-09-09T21:30:41+00:00","dateModified":"2026-04-05T03:15:29+00:00","description":"Denne h\u00e5ndkl\u00e6deholder er lavet i messing og metal og er designet i et elegant look. H\u00e5ndkl\u00e6deholderens livlige form underst\u00f8tter dens elegant udtryk.","breadcrumb":{"@id":"https:\/\/hubsch-interior.com\/da\/vare\/apply-handklaedering-messingfarve\/#breadcrumb"},"inLanguage":"da-DK","potentialAction":[{"@type":"ReadAction","target":["https:\/\/hubsch-interior.com\/da\/vare\/apply-handklaedering-messingfarve\/"]}]},{"@type":"ImageObject","inLanguage":"da-DK","@id":"https:\/\/hubsch-interior.com\/da\/vare\/apply-handklaedering-messingfarve\/#primaryimage","url":"https:\/\/hubsch-interior.com\/wp-content\/uploads\/2026\/02\/apply-towel-ring-brass-66282bec535b9aecb747ec84d3ebce3a.jpg","contentUrl":"https:\/\/hubsch-interior.com\/wp-content\/uploads\/2026\/02\/apply-towel-ring-brass-66282bec535b9aecb747ec84d3ebce3a.jpg","width":1024,"height":1024},{"@type":"BreadcrumbList","@id":"https:\/\/hubsch-interior.com\/da\/vare\/apply-handklaedering-messingfarve\/#breadcrumb","itemListElement":[{"@type":"ListItem","position":1,"name":"Forside","item":"https:\/\/hubsch-interior.com\/da\/"},{"@type":"ListItem","position":2,"name":"Produkter","item":"https:\/\/hubsch-interior.com\/da\/produkter\/"},{"@type":"ListItem","position":3,"name":"Boligtilbeh\u00f8r","item":"https:\/\/hubsch-interior.com\/da\/vare-kategori\/boligtilbehor\/"},{"@type":"ListItem","position":4,"name":"Knager &amp; knager&aelig;kker","item":"https:\/\/hubsch-interior.com\/da\/vare-kategori\/boligtilbehor\/knager-knageraekker-da\/"},{"@type":"ListItem","position":5,"name":"Knager","item":"https:\/\/hubsch-interior.com\/da\/vare-kategori\/boligtilbehor\/knager-knageraekker-da\/knager-da\/"},{"@type":"ListItem","position":6,"name":"Apply H\u00e5ndkl\u00e6dering Messingfarve"}]},{"@type":"WebSite","@id":"https:\/\/hubsch-interior.com\/da\/#website","url":"https:\/\/hubsch-interior.com\/da\/","name":"H\u00fcbsch","description":"Danish Home Interior and Design","publisher":{"@id":"https:\/\/hubsch-interior.com\/da\/#organization"},"potentialAction":[{"@type":"SearchAction","target":{"@type":"EntryPoint","urlTemplate":"https:\/\/hubsch-interior.com\/da\/?s={search_term_string}"},"query-input":{"@type":"PropertyValueSpecification","valueRequired":true,"valueName":"search_term_string"}}],"inLanguage":"da-DK"},{"@type":"Organization","@id":"https:\/\/hubsch-interior.com\/da\/#organization","name":"H\u00fcbsch","url":"https:\/\/hubsch-interior.com\/da\/","logo":{"@type":"ImageObject","inLanguage":"da-DK","@id":"https:\/\/hubsch-interior.com\/da\/#\/schema\/logo\/image\/","url":"https:\/\/hubsch-interior.com\/wp-content\/uploads\/2022\/12\/Hubsch_logo_black_one_line.svg","contentUrl":"https:\/\/hubsch-interior.com\/wp-content\/uploads\/2022\/12\/Hubsch_logo_black_one_line.svg","caption":"H\u00fcbsch"},"image":{"@id":"https:\/\/hubsch-interior.com\/da\/#\/schema\/logo\/image\/"}}]}},"_links":{"self":[{"href":"https:\/\/hubsch-interior.com\/da\/wp-json\/wp\/v2\/product\/20516","targetHints":{"allow":["GET"]}}],"collection":[{"href":"https:\/\/hubsch-interior.com\/da\/wp-json\/wp\/v2\/product"}],"about":[{"href":"https:\/\/hubsch-interior.com\/da\/wp-json\/wp\/v2\/types\/product"}],"wp:featuredmedia":[{"embeddable":true,"href":"https:\/\/hubsch-interior.com\/da\/wp-json\/wp\/v2\/media\/1108800"}],"wp:attachment":[{"href":"https:\/\/hubsch-interior.com\/da\/wp-json\/wp\/v2\/media?parent=20516"}],"wp:term":[{"taxonomy":"product_brand","embeddable":true,"href":"https:\/\/hubsch-interior.com\/da\/wp-json\/wp\/v2\/product_brand?post=20516"},{"taxonomy":"product_cat","embeddable":true,"href":"https:\/\/hubsch-interior.com\/da\/wp-json\/wp\/v2\/product_cat?post=20516"},{"taxonomy":"product_tag","embeddable":true,"href":"https:\/\/hubsch-interior.com\/da\/wp-json\/wp\/v2\/product_tag?post=20516"}],"curies":[{"name":"wp","href":"https:\/\/api.w.org\/{rel}","templated":true}]}}