{"id":21108,"date":"2020-09-09T23:31:34","date_gmt":"2020-09-09T21:31:34","guid":{"rendered":"https:\/\/hubsch-interior.com\/vare\/product\/"},"modified":"2026-04-09T05:13:49","modified_gmt":"2026-04-09T03:13:49","slug":"sphere-bordlampe-gron","status":"publish","type":"product","link":"https:\/\/hubsch-interior.com\/da\/vare\/sphere-bordlampe-gron\/","title":{"rendered":"Sphere Bordlampe Gr\u00f8n"},"content":{"rendered":"<p>Bordlampen er lavet af gr\u00f8nt struktureret glas, der skaber et elegant og tidl\u00f8st look. Den store hvide p\u00e6re skaber en kontrast til det m\u00f8rke glas, hvilket giver lampen et elegant look. Kan let placeres i ethvert rum i dit hjem.<\/p>\n","protected":false},"excerpt":{"rendered":"<p>Bordlampen er lavet af gr\u00f8nt struktureret glas, der skaber et elegant og tidl\u00f8st look. Den store hvide p\u00e6re skaber en kontrast til det m\u00f8rke glas, hvilket giver lampen et elegant look. Kan let placeres i ethvert rum i dit hjem.<\/p>\n","protected":false},"featured_media":1109150,"template":"","meta":{"_acf_changed":false,"inline_featured_image":false},"product_brand":[],"product_cat":[3808,5025,3499,6517],"product_tag":[],"class_list":{"0":"post-21108","1":"product","2":"type-product","3":"status-publish","4":"has-post-thumbnail","6":"product_cat-belysning","7":"product_cat-bestsellers-da","8":"product_cat-bordlamper-da","9":"product_cat-outlet-da","10":"product_shipping_class-pk","12":"pa_color-grn","13":"pa_material-glas-da","15":"first","16":"instock","17":"sale","18":"featured","19":"taxable","20":"shipping-taxable","21":"purchasable","22":"product-type-simple"},"exclude_global_add_ons":[],"addons":[],"acf":[],"yoast_head":"<!-- This site is optimized with the Yoast SEO plugin v26.4 - https:\/\/yoast.com\/wordpress\/plugins\/seo\/ -->\n<title>Sphere Bordlampe Gr\u00f8n - H\u00fcbsch<\/title>\n<meta name=\"description\" content=\"Bordlampen er lavet af gr\u00f8nt struktureret glas, der skaber et elegant og tidl\u00f8st look. Den store hvide p\u00e6re skaber en kontrast til det m\u00f8rke glas, hvilket\" \/>\n<meta name=\"robots\" content=\"index, follow, max-snippet:-1, max-image-preview:large, max-video-preview:-1\" \/>\n<link rel=\"canonical\" href=\"https:\/\/hubsch-interior.com\/da\/wp-json\/wp\/v2\/product\/21108\" \/>\n<meta property=\"og:locale\" content=\"da_DK\" \/>\n<meta property=\"og:type\" content=\"article\" \/>\n<meta property=\"og:title\" content=\"Sphere Bordlampe Gr\u00f8n - H\u00fcbsch\" \/>\n<meta property=\"og:description\" content=\"Bordlampen er lavet af gr\u00f8nt struktureret glas, der skaber et elegant og tidl\u00f8st look. Den store hvide p\u00e6re skaber en kontrast til det m\u00f8rke glas, hvilket\" \/>\n<meta property=\"og:url\" content=\"https:\/\/hubsch-interior.com\/da\/vare\/sphere-bordlampe-gron\/\" \/>\n<meta property=\"og:site_name\" content=\"H\u00fcbsch\" \/>\n<meta property=\"article:modified_time\" content=\"2026-04-09T03:13:49+00:00\" \/>\n<meta property=\"og:image\" content=\"https:\/\/hubsch-interior.com\/wp-content\/uploads\/2025\/05\/sphere-table-lamp-green-1be410ac8ba7441f6ec98e5b79f3a542.jpg\" \/>\n\t<meta property=\"og:image:width\" content=\"1200\" \/>\n\t<meta property=\"og:image:height\" content=\"1200\" \/>\n\t<meta property=\"og:image:type\" content=\"image\/jpeg\" \/>\n<meta name=\"twitter:card\" content=\"summary_large_image\" \/>\n<script type=\"application\/ld+json\" class=\"yoast-schema-graph\">{\"@context\":\"https:\/\/schema.org\",\"@graph\":[{\"@type\":\"WebPage\",\"@id\":\"https:\/\/hubsch-interior.com\/da\/vare\/sphere-bordlampe-gron\/\",\"url\":\"https:\/\/hubsch-interior.com\/da\/vare\/sphere-bordlampe-gron\/\",\"name\":\"Sphere Bordlampe Gr\u00f8n - H\u00fcbsch\",\"isPartOf\":{\"@id\":\"https:\/\/hubsch-interior.com\/da\/#website\"},\"primaryImageOfPage\":{\"@id\":\"https:\/\/hubsch-interior.com\/da\/vare\/sphere-bordlampe-gron\/#primaryimage\"},\"image\":{\"@id\":\"https:\/\/hubsch-interior.com\/da\/vare\/sphere-bordlampe-gron\/#primaryimage\"},\"thumbnailUrl\":\"https:\/\/hubsch-interior.com\/wp-content\/uploads\/2026\/02\/sphere-table-lamp-green-cf5eb087110dac343162b29923f43d68.jpg\",\"datePublished\":\"2020-09-09T21:31:34+00:00\",\"dateModified\":\"2026-04-09T03:13:49+00:00\",\"description\":\"Bordlampen er lavet af gr\u00f8nt struktureret glas, der skaber et elegant og tidl\u00f8st look. Den store hvide p\u00e6re skaber en kontrast til det m\u00f8rke glas, hvilket\",\"breadcrumb\":{\"@id\":\"https:\/\/hubsch-interior.com\/da\/vare\/sphere-bordlampe-gron\/#breadcrumb\"},\"inLanguage\":\"da-DK\",\"potentialAction\":[{\"@type\":\"ReadAction\",\"target\":[\"https:\/\/hubsch-interior.com\/da\/vare\/sphere-bordlampe-gron\/\"]}]},{\"@type\":\"ImageObject\",\"inLanguage\":\"da-DK\",\"@id\":\"https:\/\/hubsch-interior.com\/da\/vare\/sphere-bordlampe-gron\/#primaryimage\",\"url\":\"https:\/\/hubsch-interior.com\/wp-content\/uploads\/2026\/02\/sphere-table-lamp-green-cf5eb087110dac343162b29923f43d68.jpg\",\"contentUrl\":\"https:\/\/hubsch-interior.com\/wp-content\/uploads\/2026\/02\/sphere-table-lamp-green-cf5eb087110dac343162b29923f43d68.jpg\",\"width\":1024,\"height\":1024},{\"@type\":\"BreadcrumbList\",\"@id\":\"https:\/\/hubsch-interior.com\/da\/vare\/sphere-bordlampe-gron\/#breadcrumb\",\"itemListElement\":[{\"@type\":\"ListItem\",\"position\":1,\"name\":\"Forside\",\"item\":\"https:\/\/hubsch-interior.com\/da\/\"},{\"@type\":\"ListItem\",\"position\":2,\"name\":\"Produkter\",\"item\":\"https:\/\/hubsch-interior.com\/da\/produkter\/\"},{\"@type\":\"ListItem\",\"position\":3,\"name\":\"Belysning\",\"item\":\"https:\/\/hubsch-interior.com\/da\/vare-kategori\/belysning\/\"},{\"@type\":\"ListItem\",\"position\":4,\"name\":\"Bordlamper\",\"item\":\"https:\/\/hubsch-interior.com\/da\/vare-kategori\/belysning\/bordlamper-da\/\"},{\"@type\":\"ListItem\",\"position\":5,\"name\":\"Sphere Bordlampe Gr\u00f8n\"}]},{\"@type\":\"WebSite\",\"@id\":\"https:\/\/hubsch-interior.com\/da\/#website\",\"url\":\"https:\/\/hubsch-interior.com\/da\/\",\"name\":\"H\u00fcbsch\",\"description\":\"Danish Home Interior and Design\",\"publisher\":{\"@id\":\"https:\/\/hubsch-interior.com\/da\/#organization\"},\"potentialAction\":[{\"@type\":\"SearchAction\",\"target\":{\"@type\":\"EntryPoint\",\"urlTemplate\":\"https:\/\/hubsch-interior.com\/da\/?s={search_term_string}\"},\"query-input\":{\"@type\":\"PropertyValueSpecification\",\"valueRequired\":true,\"valueName\":\"search_term_string\"}}],\"inLanguage\":\"da-DK\"},{\"@type\":\"Organization\",\"@id\":\"https:\/\/hubsch-interior.com\/da\/#organization\",\"name\":\"H\u00fcbsch\",\"url\":\"https:\/\/hubsch-interior.com\/da\/\",\"logo\":{\"@type\":\"ImageObject\",\"inLanguage\":\"da-DK\",\"@id\":\"https:\/\/hubsch-interior.com\/da\/#\/schema\/logo\/image\/\",\"url\":\"https:\/\/hubsch-interior.com\/wp-content\/uploads\/2022\/12\/Hubsch_logo_black_one_line.svg\",\"contentUrl\":\"https:\/\/hubsch-interior.com\/wp-content\/uploads\/2022\/12\/Hubsch_logo_black_one_line.svg\",\"caption\":\"H\u00fcbsch\"},\"image\":{\"@id\":\"https:\/\/hubsch-interior.com\/da\/#\/schema\/logo\/image\/\"}}]}<\/script>\n<!-- \/ Yoast SEO plugin. -->","yoast_head_json":{"title":"Sphere Bordlampe Gr\u00f8n - H\u00fcbsch","description":"Bordlampen er lavet af gr\u00f8nt struktureret glas, der skaber et elegant og tidl\u00f8st look. Den store hvide p\u00e6re skaber en kontrast til det m\u00f8rke glas, hvilket","robots":{"index":"index","follow":"follow","max-snippet":"max-snippet:-1","max-image-preview":"max-image-preview:large","max-video-preview":"max-video-preview:-1"},"canonical":"https:\/\/hubsch-interior.com\/da\/wp-json\/wp\/v2\/product\/21108","og_locale":"da_DK","og_type":"article","og_title":"Sphere Bordlampe Gr\u00f8n - H\u00fcbsch","og_description":"Bordlampen er lavet af gr\u00f8nt struktureret glas, der skaber et elegant og tidl\u00f8st look. Den store hvide p\u00e6re skaber en kontrast til det m\u00f8rke glas, hvilket","og_url":"https:\/\/hubsch-interior.com\/da\/vare\/sphere-bordlampe-gron\/","og_site_name":"H\u00fcbsch","article_modified_time":"2026-04-09T03:13:49+00:00","og_image":[{"width":1200,"height":1200,"url":"https:\/\/hubsch-interior.com\/wp-content\/uploads\/2025\/05\/sphere-table-lamp-green-1be410ac8ba7441f6ec98e5b79f3a542.jpg","type":"image\/jpeg"}],"twitter_card":"summary_large_image","schema":{"@context":"https:\/\/schema.org","@graph":[{"@type":"WebPage","@id":"https:\/\/hubsch-interior.com\/da\/vare\/sphere-bordlampe-gron\/","url":"https:\/\/hubsch-interior.com\/da\/vare\/sphere-bordlampe-gron\/","name":"Sphere Bordlampe Gr\u00f8n - H\u00fcbsch","isPartOf":{"@id":"https:\/\/hubsch-interior.com\/da\/#website"},"primaryImageOfPage":{"@id":"https:\/\/hubsch-interior.com\/da\/vare\/sphere-bordlampe-gron\/#primaryimage"},"image":{"@id":"https:\/\/hubsch-interior.com\/da\/vare\/sphere-bordlampe-gron\/#primaryimage"},"thumbnailUrl":"https:\/\/hubsch-interior.com\/wp-content\/uploads\/2026\/02\/sphere-table-lamp-green-cf5eb087110dac343162b29923f43d68.jpg","datePublished":"2020-09-09T21:31:34+00:00","dateModified":"2026-04-09T03:13:49+00:00","description":"Bordlampen er lavet af gr\u00f8nt struktureret glas, der skaber et elegant og tidl\u00f8st look. Den store hvide p\u00e6re skaber en kontrast til det m\u00f8rke glas, hvilket","breadcrumb":{"@id":"https:\/\/hubsch-interior.com\/da\/vare\/sphere-bordlampe-gron\/#breadcrumb"},"inLanguage":"da-DK","potentialAction":[{"@type":"ReadAction","target":["https:\/\/hubsch-interior.com\/da\/vare\/sphere-bordlampe-gron\/"]}]},{"@type":"ImageObject","inLanguage":"da-DK","@id":"https:\/\/hubsch-interior.com\/da\/vare\/sphere-bordlampe-gron\/#primaryimage","url":"https:\/\/hubsch-interior.com\/wp-content\/uploads\/2026\/02\/sphere-table-lamp-green-cf5eb087110dac343162b29923f43d68.jpg","contentUrl":"https:\/\/hubsch-interior.com\/wp-content\/uploads\/2026\/02\/sphere-table-lamp-green-cf5eb087110dac343162b29923f43d68.jpg","width":1024,"height":1024},{"@type":"BreadcrumbList","@id":"https:\/\/hubsch-interior.com\/da\/vare\/sphere-bordlampe-gron\/#breadcrumb","itemListElement":[{"@type":"ListItem","position":1,"name":"Forside","item":"https:\/\/hubsch-interior.com\/da\/"},{"@type":"ListItem","position":2,"name":"Produkter","item":"https:\/\/hubsch-interior.com\/da\/produkter\/"},{"@type":"ListItem","position":3,"name":"Belysning","item":"https:\/\/hubsch-interior.com\/da\/vare-kategori\/belysning\/"},{"@type":"ListItem","position":4,"name":"Bordlamper","item":"https:\/\/hubsch-interior.com\/da\/vare-kategori\/belysning\/bordlamper-da\/"},{"@type":"ListItem","position":5,"name":"Sphere Bordlampe Gr\u00f8n"}]},{"@type":"WebSite","@id":"https:\/\/hubsch-interior.com\/da\/#website","url":"https:\/\/hubsch-interior.com\/da\/","name":"H\u00fcbsch","description":"Danish Home Interior and Design","publisher":{"@id":"https:\/\/hubsch-interior.com\/da\/#organization"},"potentialAction":[{"@type":"SearchAction","target":{"@type":"EntryPoint","urlTemplate":"https:\/\/hubsch-interior.com\/da\/?s={search_term_string}"},"query-input":{"@type":"PropertyValueSpecification","valueRequired":true,"valueName":"search_term_string"}}],"inLanguage":"da-DK"},{"@type":"Organization","@id":"https:\/\/hubsch-interior.com\/da\/#organization","name":"H\u00fcbsch","url":"https:\/\/hubsch-interior.com\/da\/","logo":{"@type":"ImageObject","inLanguage":"da-DK","@id":"https:\/\/hubsch-interior.com\/da\/#\/schema\/logo\/image\/","url":"https:\/\/hubsch-interior.com\/wp-content\/uploads\/2022\/12\/Hubsch_logo_black_one_line.svg","contentUrl":"https:\/\/hubsch-interior.com\/wp-content\/uploads\/2022\/12\/Hubsch_logo_black_one_line.svg","caption":"H\u00fcbsch"},"image":{"@id":"https:\/\/hubsch-interior.com\/da\/#\/schema\/logo\/image\/"}}]}},"_links":{"self":[{"href":"https:\/\/hubsch-interior.com\/da\/wp-json\/wp\/v2\/product\/21108","targetHints":{"allow":["GET"]}}],"collection":[{"href":"https:\/\/hubsch-interior.com\/da\/wp-json\/wp\/v2\/product"}],"about":[{"href":"https:\/\/hubsch-interior.com\/da\/wp-json\/wp\/v2\/types\/product"}],"wp:featuredmedia":[{"embeddable":true,"href":"https:\/\/hubsch-interior.com\/da\/wp-json\/wp\/v2\/media\/1109150"}],"wp:attachment":[{"href":"https:\/\/hubsch-interior.com\/da\/wp-json\/wp\/v2\/media?parent=21108"}],"wp:term":[{"taxonomy":"product_brand","embeddable":true,"href":"https:\/\/hubsch-interior.com\/da\/wp-json\/wp\/v2\/product_brand?post=21108"},{"taxonomy":"product_cat","embeddable":true,"href":"https:\/\/hubsch-interior.com\/da\/wp-json\/wp\/v2\/product_cat?post=21108"},{"taxonomy":"product_tag","embeddable":true,"href":"https:\/\/hubsch-interior.com\/da\/wp-json\/wp\/v2\/product_tag?post=21108"}],"curies":[{"name":"wp","href":"https:\/\/api.w.org\/{rel}","templated":true}]}}