{"id":21176,"date":"2020-09-09T23:31:39","date_gmt":"2020-09-09T21:31:39","guid":{"rendered":"https:\/\/hubsch-interior.com\/vare\/product\/"},"modified":"2026-04-09T05:14:05","modified_gmt":"2026-04-09T03:14:05","slug":"shape-bordlampe-gron","status":"publish","type":"product","link":"https:\/\/hubsch-interior.com\/da\/vare\/shape-bordlampe-gron\/","title":{"rendered":"Shape Bordlampe Gr\u00f8n"},"content":{"rendered":"<p>Bordlampen er lavet af gr\u00f8nt metal og er et tidl\u00f8st stykke interi\u00f8r. Den m\u00f8rkegr\u00f8nne farve er en klassiker, og det samme er udformningen. Lampen matcher n\u00e6sten enhver smag og stil, og kan derfor let placeres i ethvert rum i dit hjem.<\/p>\n","protected":false},"excerpt":{"rendered":"<p>Bordlampen er lavet af gr\u00f8nt metal og er et tidl\u00f8st stykke interi\u00f8r. Den m\u00f8rkegr\u00f8nne farve er en klassiker, og det samme er udformningen. Lampen matcher n\u00e6sten enhver smag og stil, og kan derfor let placeres i ethvert rum i dit hjem.<\/p>\n","protected":false},"featured_media":1109214,"template":"","meta":{"_acf_changed":false,"inline_featured_image":false},"product_brand":[],"product_cat":[3808,3499,5025],"product_tag":[],"class_list":{"0":"post-21176","1":"product","2":"type-product","3":"status-publish","4":"has-post-thumbnail","6":"product_cat-belysning","7":"product_cat-bordlamper-da","8":"product_cat-bestsellers-da","9":"product_shipping_class-pk","11":"pa_color-grn","12":"pa_material-jern-da","14":"first","15":"instock","16":"featured","17":"taxable","18":"shipping-taxable","19":"purchasable","20":"product-type-simple"},"exclude_global_add_ons":[],"addons":[],"acf":[],"yoast_head":"<!-- This site is optimized with the Yoast SEO plugin v26.4 - https:\/\/yoast.com\/wordpress\/plugins\/seo\/ -->\n<title>Shape Bordlampe Gr\u00f8n - H\u00fcbsch<\/title>\n<meta name=\"description\" content=\"Bordlampen er lavet af gr\u00f8nt metal og er et tidl\u00f8st stykke interi\u00f8r. Den m\u00f8rkegr\u00f8nne farve er en klassiker, og det samme er udformningen. Lampen matcher\" \/>\n<meta name=\"robots\" content=\"index, follow, max-snippet:-1, max-image-preview:large, max-video-preview:-1\" \/>\n<link rel=\"canonical\" href=\"https:\/\/hubsch-interior.com\/da\/wp-json\/wp\/v2\/product\/21176\" \/>\n<meta property=\"og:locale\" content=\"da_DK\" \/>\n<meta property=\"og:type\" content=\"article\" \/>\n<meta property=\"og:title\" content=\"Shape Bordlampe Gr\u00f8n - H\u00fcbsch\" \/>\n<meta property=\"og:description\" content=\"Bordlampen er lavet af gr\u00f8nt metal og er et tidl\u00f8st stykke interi\u00f8r. Den m\u00f8rkegr\u00f8nne farve er en klassiker, og det samme er udformningen. Lampen matcher\" \/>\n<meta property=\"og:url\" content=\"https:\/\/hubsch-interior.com\/da\/vare\/shape-bordlampe-gron\/\" \/>\n<meta property=\"og:site_name\" content=\"H\u00fcbsch\" \/>\n<meta property=\"article:modified_time\" content=\"2026-04-09T03:14:05+00:00\" \/>\n<meta property=\"og:image\" content=\"https:\/\/hubsch-interior.com\/wp-content\/uploads\/2025\/05\/shape-table-lamp-green-3b590820dd8dbab6bc87e27ffedee089.jpg\" \/>\n\t<meta property=\"og:image:width\" content=\"1200\" \/>\n\t<meta property=\"og:image:height\" content=\"1200\" \/>\n\t<meta property=\"og:image:type\" content=\"image\/jpeg\" \/>\n<meta name=\"twitter:card\" content=\"summary_large_image\" \/>\n<script type=\"application\/ld+json\" class=\"yoast-schema-graph\">{\"@context\":\"https:\/\/schema.org\",\"@graph\":[{\"@type\":\"WebPage\",\"@id\":\"https:\/\/hubsch-interior.com\/da\/vare\/shape-bordlampe-gron\/\",\"url\":\"https:\/\/hubsch-interior.com\/da\/vare\/shape-bordlampe-gron\/\",\"name\":\"Shape Bordlampe Gr\u00f8n - H\u00fcbsch\",\"isPartOf\":{\"@id\":\"https:\/\/hubsch-interior.com\/da\/#website\"},\"primaryImageOfPage\":{\"@id\":\"https:\/\/hubsch-interior.com\/da\/vare\/shape-bordlampe-gron\/#primaryimage\"},\"image\":{\"@id\":\"https:\/\/hubsch-interior.com\/da\/vare\/shape-bordlampe-gron\/#primaryimage\"},\"thumbnailUrl\":\"https:\/\/hubsch-interior.com\/wp-content\/uploads\/2026\/02\/shape-table-lamp-green-dfb42c46c0a9a9665403523bdcab0b61.jpg\",\"datePublished\":\"2020-09-09T21:31:39+00:00\",\"dateModified\":\"2026-04-09T03:14:05+00:00\",\"description\":\"Bordlampen er lavet af gr\u00f8nt metal og er et tidl\u00f8st stykke interi\u00f8r. Den m\u00f8rkegr\u00f8nne farve er en klassiker, og det samme er udformningen. Lampen matcher\",\"breadcrumb\":{\"@id\":\"https:\/\/hubsch-interior.com\/da\/vare\/shape-bordlampe-gron\/#breadcrumb\"},\"inLanguage\":\"da-DK\",\"potentialAction\":[{\"@type\":\"ReadAction\",\"target\":[\"https:\/\/hubsch-interior.com\/da\/vare\/shape-bordlampe-gron\/\"]}]},{\"@type\":\"ImageObject\",\"inLanguage\":\"da-DK\",\"@id\":\"https:\/\/hubsch-interior.com\/da\/vare\/shape-bordlampe-gron\/#primaryimage\",\"url\":\"https:\/\/hubsch-interior.com\/wp-content\/uploads\/2026\/02\/shape-table-lamp-green-dfb42c46c0a9a9665403523bdcab0b61.jpg\",\"contentUrl\":\"https:\/\/hubsch-interior.com\/wp-content\/uploads\/2026\/02\/shape-table-lamp-green-dfb42c46c0a9a9665403523bdcab0b61.jpg\",\"width\":1024,\"height\":1024},{\"@type\":\"BreadcrumbList\",\"@id\":\"https:\/\/hubsch-interior.com\/da\/vare\/shape-bordlampe-gron\/#breadcrumb\",\"itemListElement\":[{\"@type\":\"ListItem\",\"position\":1,\"name\":\"Forside\",\"item\":\"https:\/\/hubsch-interior.com\/da\/\"},{\"@type\":\"ListItem\",\"position\":2,\"name\":\"Produkter\",\"item\":\"https:\/\/hubsch-interior.com\/da\/produkter\/\"},{\"@type\":\"ListItem\",\"position\":3,\"name\":\"Belysning\",\"item\":\"https:\/\/hubsch-interior.com\/da\/vare-kategori\/belysning\/\"},{\"@type\":\"ListItem\",\"position\":4,\"name\":\"Bordlamper\",\"item\":\"https:\/\/hubsch-interior.com\/da\/vare-kategori\/belysning\/bordlamper-da\/\"},{\"@type\":\"ListItem\",\"position\":5,\"name\":\"Shape Bordlampe Gr\u00f8n\"}]},{\"@type\":\"WebSite\",\"@id\":\"https:\/\/hubsch-interior.com\/da\/#website\",\"url\":\"https:\/\/hubsch-interior.com\/da\/\",\"name\":\"H\u00fcbsch\",\"description\":\"Danish Home Interior and Design\",\"publisher\":{\"@id\":\"https:\/\/hubsch-interior.com\/da\/#organization\"},\"potentialAction\":[{\"@type\":\"SearchAction\",\"target\":{\"@type\":\"EntryPoint\",\"urlTemplate\":\"https:\/\/hubsch-interior.com\/da\/?s={search_term_string}\"},\"query-input\":{\"@type\":\"PropertyValueSpecification\",\"valueRequired\":true,\"valueName\":\"search_term_string\"}}],\"inLanguage\":\"da-DK\"},{\"@type\":\"Organization\",\"@id\":\"https:\/\/hubsch-interior.com\/da\/#organization\",\"name\":\"H\u00fcbsch\",\"url\":\"https:\/\/hubsch-interior.com\/da\/\",\"logo\":{\"@type\":\"ImageObject\",\"inLanguage\":\"da-DK\",\"@id\":\"https:\/\/hubsch-interior.com\/da\/#\/schema\/logo\/image\/\",\"url\":\"https:\/\/hubsch-interior.com\/wp-content\/uploads\/2022\/12\/Hubsch_logo_black_one_line.svg\",\"contentUrl\":\"https:\/\/hubsch-interior.com\/wp-content\/uploads\/2022\/12\/Hubsch_logo_black_one_line.svg\",\"caption\":\"H\u00fcbsch\"},\"image\":{\"@id\":\"https:\/\/hubsch-interior.com\/da\/#\/schema\/logo\/image\/\"}}]}<\/script>\n<!-- \/ Yoast SEO plugin. -->","yoast_head_json":{"title":"Shape Bordlampe Gr\u00f8n - H\u00fcbsch","description":"Bordlampen er lavet af gr\u00f8nt metal og er et tidl\u00f8st stykke interi\u00f8r. Den m\u00f8rkegr\u00f8nne farve er en klassiker, og det samme er udformningen. Lampen matcher","robots":{"index":"index","follow":"follow","max-snippet":"max-snippet:-1","max-image-preview":"max-image-preview:large","max-video-preview":"max-video-preview:-1"},"canonical":"https:\/\/hubsch-interior.com\/da\/wp-json\/wp\/v2\/product\/21176","og_locale":"da_DK","og_type":"article","og_title":"Shape Bordlampe Gr\u00f8n - H\u00fcbsch","og_description":"Bordlampen er lavet af gr\u00f8nt metal og er et tidl\u00f8st stykke interi\u00f8r. Den m\u00f8rkegr\u00f8nne farve er en klassiker, og det samme er udformningen. Lampen matcher","og_url":"https:\/\/hubsch-interior.com\/da\/vare\/shape-bordlampe-gron\/","og_site_name":"H\u00fcbsch","article_modified_time":"2026-04-09T03:14:05+00:00","og_image":[{"width":1200,"height":1200,"url":"https:\/\/hubsch-interior.com\/wp-content\/uploads\/2025\/05\/shape-table-lamp-green-3b590820dd8dbab6bc87e27ffedee089.jpg","type":"image\/jpeg"}],"twitter_card":"summary_large_image","schema":{"@context":"https:\/\/schema.org","@graph":[{"@type":"WebPage","@id":"https:\/\/hubsch-interior.com\/da\/vare\/shape-bordlampe-gron\/","url":"https:\/\/hubsch-interior.com\/da\/vare\/shape-bordlampe-gron\/","name":"Shape Bordlampe Gr\u00f8n - H\u00fcbsch","isPartOf":{"@id":"https:\/\/hubsch-interior.com\/da\/#website"},"primaryImageOfPage":{"@id":"https:\/\/hubsch-interior.com\/da\/vare\/shape-bordlampe-gron\/#primaryimage"},"image":{"@id":"https:\/\/hubsch-interior.com\/da\/vare\/shape-bordlampe-gron\/#primaryimage"},"thumbnailUrl":"https:\/\/hubsch-interior.com\/wp-content\/uploads\/2026\/02\/shape-table-lamp-green-dfb42c46c0a9a9665403523bdcab0b61.jpg","datePublished":"2020-09-09T21:31:39+00:00","dateModified":"2026-04-09T03:14:05+00:00","description":"Bordlampen er lavet af gr\u00f8nt metal og er et tidl\u00f8st stykke interi\u00f8r. Den m\u00f8rkegr\u00f8nne farve er en klassiker, og det samme er udformningen. Lampen matcher","breadcrumb":{"@id":"https:\/\/hubsch-interior.com\/da\/vare\/shape-bordlampe-gron\/#breadcrumb"},"inLanguage":"da-DK","potentialAction":[{"@type":"ReadAction","target":["https:\/\/hubsch-interior.com\/da\/vare\/shape-bordlampe-gron\/"]}]},{"@type":"ImageObject","inLanguage":"da-DK","@id":"https:\/\/hubsch-interior.com\/da\/vare\/shape-bordlampe-gron\/#primaryimage","url":"https:\/\/hubsch-interior.com\/wp-content\/uploads\/2026\/02\/shape-table-lamp-green-dfb42c46c0a9a9665403523bdcab0b61.jpg","contentUrl":"https:\/\/hubsch-interior.com\/wp-content\/uploads\/2026\/02\/shape-table-lamp-green-dfb42c46c0a9a9665403523bdcab0b61.jpg","width":1024,"height":1024},{"@type":"BreadcrumbList","@id":"https:\/\/hubsch-interior.com\/da\/vare\/shape-bordlampe-gron\/#breadcrumb","itemListElement":[{"@type":"ListItem","position":1,"name":"Forside","item":"https:\/\/hubsch-interior.com\/da\/"},{"@type":"ListItem","position":2,"name":"Produkter","item":"https:\/\/hubsch-interior.com\/da\/produkter\/"},{"@type":"ListItem","position":3,"name":"Belysning","item":"https:\/\/hubsch-interior.com\/da\/vare-kategori\/belysning\/"},{"@type":"ListItem","position":4,"name":"Bordlamper","item":"https:\/\/hubsch-interior.com\/da\/vare-kategori\/belysning\/bordlamper-da\/"},{"@type":"ListItem","position":5,"name":"Shape Bordlampe Gr\u00f8n"}]},{"@type":"WebSite","@id":"https:\/\/hubsch-interior.com\/da\/#website","url":"https:\/\/hubsch-interior.com\/da\/","name":"H\u00fcbsch","description":"Danish Home Interior and Design","publisher":{"@id":"https:\/\/hubsch-interior.com\/da\/#organization"},"potentialAction":[{"@type":"SearchAction","target":{"@type":"EntryPoint","urlTemplate":"https:\/\/hubsch-interior.com\/da\/?s={search_term_string}"},"query-input":{"@type":"PropertyValueSpecification","valueRequired":true,"valueName":"search_term_string"}}],"inLanguage":"da-DK"},{"@type":"Organization","@id":"https:\/\/hubsch-interior.com\/da\/#organization","name":"H\u00fcbsch","url":"https:\/\/hubsch-interior.com\/da\/","logo":{"@type":"ImageObject","inLanguage":"da-DK","@id":"https:\/\/hubsch-interior.com\/da\/#\/schema\/logo\/image\/","url":"https:\/\/hubsch-interior.com\/wp-content\/uploads\/2022\/12\/Hubsch_logo_black_one_line.svg","contentUrl":"https:\/\/hubsch-interior.com\/wp-content\/uploads\/2022\/12\/Hubsch_logo_black_one_line.svg","caption":"H\u00fcbsch"},"image":{"@id":"https:\/\/hubsch-interior.com\/da\/#\/schema\/logo\/image\/"}}]}},"_links":{"self":[{"href":"https:\/\/hubsch-interior.com\/da\/wp-json\/wp\/v2\/product\/21176","targetHints":{"allow":["GET"]}}],"collection":[{"href":"https:\/\/hubsch-interior.com\/da\/wp-json\/wp\/v2\/product"}],"about":[{"href":"https:\/\/hubsch-interior.com\/da\/wp-json\/wp\/v2\/types\/product"}],"wp:featuredmedia":[{"embeddable":true,"href":"https:\/\/hubsch-interior.com\/da\/wp-json\/wp\/v2\/media\/1109214"}],"wp:attachment":[{"href":"https:\/\/hubsch-interior.com\/da\/wp-json\/wp\/v2\/media?parent=21176"}],"wp:term":[{"taxonomy":"product_brand","embeddable":true,"href":"https:\/\/hubsch-interior.com\/da\/wp-json\/wp\/v2\/product_brand?post=21176"},{"taxonomy":"product_cat","embeddable":true,"href":"https:\/\/hubsch-interior.com\/da\/wp-json\/wp\/v2\/product_cat?post=21176"},{"taxonomy":"product_tag","embeddable":true,"href":"https:\/\/hubsch-interior.com\/da\/wp-json\/wp\/v2\/product_tag?post=21176"}],"curies":[{"name":"wp","href":"https:\/\/api.w.org\/{rel}","templated":true}]}}