{"id":21224,"date":"2020-09-09T23:31:44","date_gmt":"2020-09-09T21:31:44","guid":{"rendered":"https:\/\/hubsch-interior.com\/vare\/product\/"},"modified":"2026-04-05T05:17:21","modified_gmt":"2026-04-05T03:17:21","slug":"tap-vaeglampe-messingfarve","status":"publish","type":"product","link":"https:\/\/hubsch-interior.com\/da\/vare\/tap-vaeglampe-messingfarve\/","title":{"rendered":"Tap V\u00e6glampe Messingfarve"},"content":{"rendered":"<p>V\u00e6glampen er lavet af metal. Den rene form og messingfarven skaber et unikt og samtidig enkelt design. Lampens form er enkel men stilfuld, og g\u00f8r lampen let at style med andet interi\u00f8r. Farven giver lampen et elegant touch.<\/p>\n","protected":false},"excerpt":{"rendered":"<p>V\u00e6glampen er lavet af metal. Den rene form og messingfarven skaber et unikt og samtidig enkelt design. Lampens form er enkel men stilfuld, og g\u00f8r lampen let at style med andet interi\u00f8r. Farven giver lampen et elegant touch.<\/p>\n","protected":false},"featured_media":1109282,"template":"","meta":{"_acf_changed":false,"inline_featured_image":false},"product_brand":[],"product_cat":[3808,3405,5025],"product_tag":[],"class_list":{"0":"post-21224","1":"product","2":"type-product","3":"status-publish","4":"has-post-thumbnail","6":"product_cat-belysning","7":"product_cat-vaeglamper-da","8":"product_cat-bestsellers-da","9":"product_shipping_class-pk","11":"pa_color-messingfarve","12":"pa_material-jern-da","14":"first","15":"instock","16":"featured","17":"taxable","18":"shipping-taxable","19":"purchasable","20":"product-type-simple"},"exclude_global_add_ons":[],"addons":[],"acf":[],"yoast_head":"<!-- This site is optimized with the Yoast SEO plugin v26.4 - https:\/\/yoast.com\/wordpress\/plugins\/seo\/ -->\n<title>Tap V\u00e6glampe Messingfarve - H\u00fcbsch<\/title>\n<meta name=\"description\" content=\"V\u00e6glampen er lavet af metal. Den rene form og messingfarven skaber et unikt og samtidig enkelt design. Lampens form er enkel men stilfuld, og g\u00f8r lampen\" \/>\n<meta name=\"robots\" content=\"index, follow, max-snippet:-1, max-image-preview:large, max-video-preview:-1\" \/>\n<link rel=\"canonical\" href=\"https:\/\/hubsch-interior.com\/da\/wp-json\/wp\/v2\/product\/21224\" \/>\n<meta property=\"og:locale\" content=\"da_DK\" \/>\n<meta property=\"og:type\" content=\"article\" \/>\n<meta property=\"og:title\" content=\"Tap V\u00e6glampe Messingfarve - H\u00fcbsch\" \/>\n<meta property=\"og:description\" content=\"V\u00e6glampen er lavet af metal. Den rene form og messingfarven skaber et unikt og samtidig enkelt design. Lampens form er enkel men stilfuld, og g\u00f8r lampen\" \/>\n<meta property=\"og:url\" content=\"https:\/\/hubsch-interior.com\/da\/vare\/tap-vaeglampe-messingfarve\/\" \/>\n<meta property=\"og:site_name\" content=\"H\u00fcbsch\" \/>\n<meta property=\"article:modified_time\" content=\"2026-04-05T03:17:21+00:00\" \/>\n<meta property=\"og:image\" content=\"https:\/\/hubsch-interior.com\/wp-content\/uploads\/2024\/01\/tap-wall-lamp-brass-7c479df97f2984c4b7d06d5eef741ca3.jpg\" \/>\n\t<meta property=\"og:image:width\" content=\"1200\" \/>\n\t<meta property=\"og:image:height\" content=\"1200\" \/>\n\t<meta property=\"og:image:type\" content=\"image\/jpeg\" \/>\n<meta name=\"twitter:card\" content=\"summary_large_image\" \/>\n<script type=\"application\/ld+json\" class=\"yoast-schema-graph\">{\"@context\":\"https:\/\/schema.org\",\"@graph\":[{\"@type\":\"WebPage\",\"@id\":\"https:\/\/hubsch-interior.com\/da\/vare\/tap-vaeglampe-messingfarve\/\",\"url\":\"https:\/\/hubsch-interior.com\/da\/vare\/tap-vaeglampe-messingfarve\/\",\"name\":\"Tap V\u00e6glampe Messingfarve - H\u00fcbsch\",\"isPartOf\":{\"@id\":\"https:\/\/hubsch-interior.com\/da\/#website\"},\"primaryImageOfPage\":{\"@id\":\"https:\/\/hubsch-interior.com\/da\/vare\/tap-vaeglampe-messingfarve\/#primaryimage\"},\"image\":{\"@id\":\"https:\/\/hubsch-interior.com\/da\/vare\/tap-vaeglampe-messingfarve\/#primaryimage\"},\"thumbnailUrl\":\"https:\/\/hubsch-interior.com\/wp-content\/uploads\/2026\/02\/tap-wall-light-brass-9d8ffe8222d2cd67bb99a6548a9fc869.jpg\",\"datePublished\":\"2020-09-09T21:31:44+00:00\",\"dateModified\":\"2026-04-05T03:17:21+00:00\",\"description\":\"V\u00e6glampen er lavet af metal. Den rene form og messingfarven skaber et unikt og samtidig enkelt design. Lampens form er enkel men stilfuld, og g\u00f8r lampen\",\"breadcrumb\":{\"@id\":\"https:\/\/hubsch-interior.com\/da\/vare\/tap-vaeglampe-messingfarve\/#breadcrumb\"},\"inLanguage\":\"da-DK\",\"potentialAction\":[{\"@type\":\"ReadAction\",\"target\":[\"https:\/\/hubsch-interior.com\/da\/vare\/tap-vaeglampe-messingfarve\/\"]}]},{\"@type\":\"ImageObject\",\"inLanguage\":\"da-DK\",\"@id\":\"https:\/\/hubsch-interior.com\/da\/vare\/tap-vaeglampe-messingfarve\/#primaryimage\",\"url\":\"https:\/\/hubsch-interior.com\/wp-content\/uploads\/2026\/02\/tap-wall-light-brass-9d8ffe8222d2cd67bb99a6548a9fc869.jpg\",\"contentUrl\":\"https:\/\/hubsch-interior.com\/wp-content\/uploads\/2026\/02\/tap-wall-light-brass-9d8ffe8222d2cd67bb99a6548a9fc869.jpg\",\"width\":1024,\"height\":1024},{\"@type\":\"BreadcrumbList\",\"@id\":\"https:\/\/hubsch-interior.com\/da\/vare\/tap-vaeglampe-messingfarve\/#breadcrumb\",\"itemListElement\":[{\"@type\":\"ListItem\",\"position\":1,\"name\":\"Forside\",\"item\":\"https:\/\/hubsch-interior.com\/da\/\"},{\"@type\":\"ListItem\",\"position\":2,\"name\":\"Produkter\",\"item\":\"https:\/\/hubsch-interior.com\/da\/produkter\/\"},{\"@type\":\"ListItem\",\"position\":3,\"name\":\"Belysning\",\"item\":\"https:\/\/hubsch-interior.com\/da\/vare-kategori\/belysning\/\"},{\"@type\":\"ListItem\",\"position\":4,\"name\":\"V&aelig;glamper\",\"item\":\"https:\/\/hubsch-interior.com\/da\/vare-kategori\/belysning\/vaeglamper-da\/\"},{\"@type\":\"ListItem\",\"position\":5,\"name\":\"Tap V\u00e6glampe Messingfarve\"}]},{\"@type\":\"WebSite\",\"@id\":\"https:\/\/hubsch-interior.com\/da\/#website\",\"url\":\"https:\/\/hubsch-interior.com\/da\/\",\"name\":\"H\u00fcbsch\",\"description\":\"Danish Home Interior and Design\",\"publisher\":{\"@id\":\"https:\/\/hubsch-interior.com\/da\/#organization\"},\"potentialAction\":[{\"@type\":\"SearchAction\",\"target\":{\"@type\":\"EntryPoint\",\"urlTemplate\":\"https:\/\/hubsch-interior.com\/da\/?s={search_term_string}\"},\"query-input\":{\"@type\":\"PropertyValueSpecification\",\"valueRequired\":true,\"valueName\":\"search_term_string\"}}],\"inLanguage\":\"da-DK\"},{\"@type\":\"Organization\",\"@id\":\"https:\/\/hubsch-interior.com\/da\/#organization\",\"name\":\"H\u00fcbsch\",\"url\":\"https:\/\/hubsch-interior.com\/da\/\",\"logo\":{\"@type\":\"ImageObject\",\"inLanguage\":\"da-DK\",\"@id\":\"https:\/\/hubsch-interior.com\/da\/#\/schema\/logo\/image\/\",\"url\":\"https:\/\/hubsch-interior.com\/wp-content\/uploads\/2022\/12\/Hubsch_logo_black_one_line.svg\",\"contentUrl\":\"https:\/\/hubsch-interior.com\/wp-content\/uploads\/2022\/12\/Hubsch_logo_black_one_line.svg\",\"caption\":\"H\u00fcbsch\"},\"image\":{\"@id\":\"https:\/\/hubsch-interior.com\/da\/#\/schema\/logo\/image\/\"}}]}<\/script>\n<!-- \/ Yoast SEO plugin. -->","yoast_head_json":{"title":"Tap V\u00e6glampe Messingfarve - H\u00fcbsch","description":"V\u00e6glampen er lavet af metal. Den rene form og messingfarven skaber et unikt og samtidig enkelt design. Lampens form er enkel men stilfuld, og g\u00f8r lampen","robots":{"index":"index","follow":"follow","max-snippet":"max-snippet:-1","max-image-preview":"max-image-preview:large","max-video-preview":"max-video-preview:-1"},"canonical":"https:\/\/hubsch-interior.com\/da\/wp-json\/wp\/v2\/product\/21224","og_locale":"da_DK","og_type":"article","og_title":"Tap V\u00e6glampe Messingfarve - H\u00fcbsch","og_description":"V\u00e6glampen er lavet af metal. Den rene form og messingfarven skaber et unikt og samtidig enkelt design. Lampens form er enkel men stilfuld, og g\u00f8r lampen","og_url":"https:\/\/hubsch-interior.com\/da\/vare\/tap-vaeglampe-messingfarve\/","og_site_name":"H\u00fcbsch","article_modified_time":"2026-04-05T03:17:21+00:00","og_image":[{"width":1200,"height":1200,"url":"https:\/\/hubsch-interior.com\/wp-content\/uploads\/2024\/01\/tap-wall-lamp-brass-7c479df97f2984c4b7d06d5eef741ca3.jpg","type":"image\/jpeg"}],"twitter_card":"summary_large_image","schema":{"@context":"https:\/\/schema.org","@graph":[{"@type":"WebPage","@id":"https:\/\/hubsch-interior.com\/da\/vare\/tap-vaeglampe-messingfarve\/","url":"https:\/\/hubsch-interior.com\/da\/vare\/tap-vaeglampe-messingfarve\/","name":"Tap V\u00e6glampe Messingfarve - H\u00fcbsch","isPartOf":{"@id":"https:\/\/hubsch-interior.com\/da\/#website"},"primaryImageOfPage":{"@id":"https:\/\/hubsch-interior.com\/da\/vare\/tap-vaeglampe-messingfarve\/#primaryimage"},"image":{"@id":"https:\/\/hubsch-interior.com\/da\/vare\/tap-vaeglampe-messingfarve\/#primaryimage"},"thumbnailUrl":"https:\/\/hubsch-interior.com\/wp-content\/uploads\/2026\/02\/tap-wall-light-brass-9d8ffe8222d2cd67bb99a6548a9fc869.jpg","datePublished":"2020-09-09T21:31:44+00:00","dateModified":"2026-04-05T03:17:21+00:00","description":"V\u00e6glampen er lavet af metal. Den rene form og messingfarven skaber et unikt og samtidig enkelt design. Lampens form er enkel men stilfuld, og g\u00f8r lampen","breadcrumb":{"@id":"https:\/\/hubsch-interior.com\/da\/vare\/tap-vaeglampe-messingfarve\/#breadcrumb"},"inLanguage":"da-DK","potentialAction":[{"@type":"ReadAction","target":["https:\/\/hubsch-interior.com\/da\/vare\/tap-vaeglampe-messingfarve\/"]}]},{"@type":"ImageObject","inLanguage":"da-DK","@id":"https:\/\/hubsch-interior.com\/da\/vare\/tap-vaeglampe-messingfarve\/#primaryimage","url":"https:\/\/hubsch-interior.com\/wp-content\/uploads\/2026\/02\/tap-wall-light-brass-9d8ffe8222d2cd67bb99a6548a9fc869.jpg","contentUrl":"https:\/\/hubsch-interior.com\/wp-content\/uploads\/2026\/02\/tap-wall-light-brass-9d8ffe8222d2cd67bb99a6548a9fc869.jpg","width":1024,"height":1024},{"@type":"BreadcrumbList","@id":"https:\/\/hubsch-interior.com\/da\/vare\/tap-vaeglampe-messingfarve\/#breadcrumb","itemListElement":[{"@type":"ListItem","position":1,"name":"Forside","item":"https:\/\/hubsch-interior.com\/da\/"},{"@type":"ListItem","position":2,"name":"Produkter","item":"https:\/\/hubsch-interior.com\/da\/produkter\/"},{"@type":"ListItem","position":3,"name":"Belysning","item":"https:\/\/hubsch-interior.com\/da\/vare-kategori\/belysning\/"},{"@type":"ListItem","position":4,"name":"V&aelig;glamper","item":"https:\/\/hubsch-interior.com\/da\/vare-kategori\/belysning\/vaeglamper-da\/"},{"@type":"ListItem","position":5,"name":"Tap V\u00e6glampe Messingfarve"}]},{"@type":"WebSite","@id":"https:\/\/hubsch-interior.com\/da\/#website","url":"https:\/\/hubsch-interior.com\/da\/","name":"H\u00fcbsch","description":"Danish Home Interior and Design","publisher":{"@id":"https:\/\/hubsch-interior.com\/da\/#organization"},"potentialAction":[{"@type":"SearchAction","target":{"@type":"EntryPoint","urlTemplate":"https:\/\/hubsch-interior.com\/da\/?s={search_term_string}"},"query-input":{"@type":"PropertyValueSpecification","valueRequired":true,"valueName":"search_term_string"}}],"inLanguage":"da-DK"},{"@type":"Organization","@id":"https:\/\/hubsch-interior.com\/da\/#organization","name":"H\u00fcbsch","url":"https:\/\/hubsch-interior.com\/da\/","logo":{"@type":"ImageObject","inLanguage":"da-DK","@id":"https:\/\/hubsch-interior.com\/da\/#\/schema\/logo\/image\/","url":"https:\/\/hubsch-interior.com\/wp-content\/uploads\/2022\/12\/Hubsch_logo_black_one_line.svg","contentUrl":"https:\/\/hubsch-interior.com\/wp-content\/uploads\/2022\/12\/Hubsch_logo_black_one_line.svg","caption":"H\u00fcbsch"},"image":{"@id":"https:\/\/hubsch-interior.com\/da\/#\/schema\/logo\/image\/"}}]}},"_links":{"self":[{"href":"https:\/\/hubsch-interior.com\/da\/wp-json\/wp\/v2\/product\/21224","targetHints":{"allow":["GET"]}}],"collection":[{"href":"https:\/\/hubsch-interior.com\/da\/wp-json\/wp\/v2\/product"}],"about":[{"href":"https:\/\/hubsch-interior.com\/da\/wp-json\/wp\/v2\/types\/product"}],"wp:featuredmedia":[{"embeddable":true,"href":"https:\/\/hubsch-interior.com\/da\/wp-json\/wp\/v2\/media\/1109282"}],"wp:attachment":[{"href":"https:\/\/hubsch-interior.com\/da\/wp-json\/wp\/v2\/media?parent=21224"}],"wp:term":[{"taxonomy":"product_brand","embeddable":true,"href":"https:\/\/hubsch-interior.com\/da\/wp-json\/wp\/v2\/product_brand?post=21224"},{"taxonomy":"product_cat","embeddable":true,"href":"https:\/\/hubsch-interior.com\/da\/wp-json\/wp\/v2\/product_cat?post=21224"},{"taxonomy":"product_tag","embeddable":true,"href":"https:\/\/hubsch-interior.com\/da\/wp-json\/wp\/v2\/product_tag?post=21224"}],"curies":[{"name":"wp","href":"https:\/\/api.w.org\/{rel}","templated":true}]}}