{"id":30874,"date":"2020-10-07T15:49:36","date_gmt":"2020-10-07T13:49:36","guid":{"rendered":"https:\/\/hubsch-interior.com\/product\/product\/"},"modified":"2026-04-05T04:48:32","modified_gmt":"2026-04-05T02:48:32","slug":"align-baenk-natur","status":"publish","type":"product","link":"https:\/\/hubsch-interior.com\/da\/vare\/align-baenk-natur\/","title":{"rendered":"Align B\u00e6nk Natur"},"content":{"rendered":"<p>Align B\u00e6nken i Natur er et moderne m\u00f8bel fremstillet af de fineste materialer. Den er lavet af egefin\u00e9r og egetr\u00e6 og er FSC-certificeret, hvilket sikrer b\u00e6redygtighed og p\u00e5lidelighed. Med sit moderne design vil denne b\u00e6nk tilf\u00f8re stil til ethvert rum. Den er garanteret en i\u00f8jnefaldende tilf\u00f8jelse til ethvert hjem. Perfekt til ekstra siddepladser er Align B\u00e6nken i Natur et ideelt valg til enhver indretning.<\/p>\n","protected":false},"excerpt":{"rendered":"<p>Align B\u00e6nken i Natur er et moderne m\u00f8bel fremstillet af de fineste materialer. Den er lavet af egefin\u00e9r og egetr\u00e6 og er FSC-certificeret, hvilket sikrer b\u00e6redygtighed og p\u00e5lidelighed. Med sit moderne design vil denne b\u00e6nk tilf\u00f8re stil til ethvert rum. Den er garanteret en i\u00f8jnefaldende tilf\u00f8jelse til ethvert hjem. Perfekt til ekstra siddepladser er Align [&hellip;]<\/p>\n","protected":false},"featured_media":1101746,"template":"","meta":{"_acf_changed":false,"inline_featured_image":false},"product_brand":[],"product_cat":[2876,6942,5025,6321,2841],"product_tag":[],"class_list":{"0":"post-30874","1":"product","2":"type-product","3":"status-publish","4":"has-post-thumbnail","6":"product_cat-baenke-da","7":"product_cat-bestseller-2025-da","8":"product_cat-bestsellers-da","9":"product_cat-fsc-da","10":"product_cat-siddemoebler-da","11":"product_shipping_class-pk","13":"pa_color-natur-2","14":"pa_material-egetr","15":"pa_material-egetrsfiner","16":"pa_material-mdf-da","18":"first","19":"instock","20":"featured","21":"taxable","22":"shipping-taxable","23":"purchasable","24":"product-type-simple"},"exclude_global_add_ons":[],"addons":[],"acf":[],"yoast_head":"<!-- This site is optimized with the Yoast SEO plugin v26.4 - https:\/\/yoast.com\/wordpress\/plugins\/seo\/ -->\n<title>Align B\u00e6nk Natur - H\u00fcbsch<\/title>\n<meta name=\"description\" content=\"Align B\u00e6nken i Natur er et moderne m\u00f8bel fremstillet af de fineste materialer. Den er lavet af egefin\u00e9r og egetr\u00e6 og er FSC-certificeret, hvilket sikrer\" \/>\n<meta name=\"robots\" content=\"index, follow, max-snippet:-1, max-image-preview:large, max-video-preview:-1\" \/>\n<link rel=\"canonical\" href=\"https:\/\/hubsch-interior.com\/da\/wp-json\/wp\/v2\/product\/30874\" \/>\n<meta property=\"og:locale\" content=\"da_DK\" \/>\n<meta property=\"og:type\" content=\"article\" \/>\n<meta property=\"og:title\" content=\"Align B\u00e6nk Natur - H\u00fcbsch\" \/>\n<meta property=\"og:description\" content=\"Align B\u00e6nken i Natur er et moderne m\u00f8bel fremstillet af de fineste materialer. Den er lavet af egefin\u00e9r og egetr\u00e6 og er FSC-certificeret, hvilket sikrer\" \/>\n<meta property=\"og:url\" content=\"https:\/\/hubsch-interior.com\/da\/vare\/align-baenk-natur\/\" \/>\n<meta property=\"og:site_name\" content=\"H\u00fcbsch\" \/>\n<meta property=\"article:modified_time\" content=\"2026-04-05T02:48:32+00:00\" \/>\n<meta property=\"og:image\" content=\"https:\/\/hubsch-interior.com\/wp-content\/uploads\/2026\/02\/align-bench-natural-a752be81dc82acdf89a49399cac8eaac.jpg\" \/>\n\t<meta property=\"og:image:width\" content=\"1024\" \/>\n\t<meta property=\"og:image:height\" content=\"1024\" \/>\n\t<meta property=\"og:image:type\" content=\"image\/jpeg\" \/>\n<meta name=\"twitter:card\" content=\"summary_large_image\" \/>\n<script type=\"application\/ld+json\" class=\"yoast-schema-graph\">{\"@context\":\"https:\/\/schema.org\",\"@graph\":[{\"@type\":\"WebPage\",\"@id\":\"https:\/\/hubsch-interior.com\/da\/vare\/align-baenk-natur\/\",\"url\":\"https:\/\/hubsch-interior.com\/da\/vare\/align-baenk-natur\/\",\"name\":\"Align B\u00e6nk Natur - H\u00fcbsch\",\"isPartOf\":{\"@id\":\"https:\/\/hubsch-interior.com\/da\/#website\"},\"primaryImageOfPage\":{\"@id\":\"https:\/\/hubsch-interior.com\/da\/vare\/align-baenk-natur\/#primaryimage\"},\"image\":{\"@id\":\"https:\/\/hubsch-interior.com\/da\/vare\/align-baenk-natur\/#primaryimage\"},\"thumbnailUrl\":\"https:\/\/hubsch-interior.com\/wp-content\/uploads\/2026\/02\/align-bench-natural-a752be81dc82acdf89a49399cac8eaac.jpg\",\"datePublished\":\"2020-10-07T13:49:36+00:00\",\"dateModified\":\"2026-04-05T02:48:32+00:00\",\"description\":\"Align B\u00e6nken i Natur er et moderne m\u00f8bel fremstillet af de fineste materialer. Den er lavet af egefin\u00e9r og egetr\u00e6 og er FSC-certificeret, hvilket sikrer\",\"breadcrumb\":{\"@id\":\"https:\/\/hubsch-interior.com\/da\/vare\/align-baenk-natur\/#breadcrumb\"},\"inLanguage\":\"da-DK\",\"potentialAction\":[{\"@type\":\"ReadAction\",\"target\":[\"https:\/\/hubsch-interior.com\/da\/vare\/align-baenk-natur\/\"]}]},{\"@type\":\"ImageObject\",\"inLanguage\":\"da-DK\",\"@id\":\"https:\/\/hubsch-interior.com\/da\/vare\/align-baenk-natur\/#primaryimage\",\"url\":\"https:\/\/hubsch-interior.com\/wp-content\/uploads\/2026\/02\/align-bench-natural-a752be81dc82acdf89a49399cac8eaac.jpg\",\"contentUrl\":\"https:\/\/hubsch-interior.com\/wp-content\/uploads\/2026\/02\/align-bench-natural-a752be81dc82acdf89a49399cac8eaac.jpg\",\"width\":1024,\"height\":1024},{\"@type\":\"BreadcrumbList\",\"@id\":\"https:\/\/hubsch-interior.com\/da\/vare\/align-baenk-natur\/#breadcrumb\",\"itemListElement\":[{\"@type\":\"ListItem\",\"position\":1,\"name\":\"Forside\",\"item\":\"https:\/\/hubsch-interior.com\/da\/\"},{\"@type\":\"ListItem\",\"position\":2,\"name\":\"Produkter\",\"item\":\"https:\/\/hubsch-interior.com\/da\/produkter\/\"},{\"@type\":\"ListItem\",\"position\":3,\"name\":\"M\u00f8bler\",\"item\":\"https:\/\/hubsch-interior.com\/da\/vare-kategori\/mobler\/\"},{\"@type\":\"ListItem\",\"position\":4,\"name\":\"Siddem&oslash;bler\",\"item\":\"https:\/\/hubsch-interior.com\/da\/vare-kategori\/mobler\/siddemoebler-da\/\"},{\"@type\":\"ListItem\",\"position\":5,\"name\":\"B&aelig;nke\",\"item\":\"https:\/\/hubsch-interior.com\/da\/vare-kategori\/mobler\/siddemoebler-da\/baenke-da\/\"},{\"@type\":\"ListItem\",\"position\":6,\"name\":\"Align B\u00e6nk Natur\"}]},{\"@type\":\"WebSite\",\"@id\":\"https:\/\/hubsch-interior.com\/da\/#website\",\"url\":\"https:\/\/hubsch-interior.com\/da\/\",\"name\":\"H\u00fcbsch\",\"description\":\"Danish Home Interior and Design\",\"publisher\":{\"@id\":\"https:\/\/hubsch-interior.com\/da\/#organization\"},\"potentialAction\":[{\"@type\":\"SearchAction\",\"target\":{\"@type\":\"EntryPoint\",\"urlTemplate\":\"https:\/\/hubsch-interior.com\/da\/?s={search_term_string}\"},\"query-input\":{\"@type\":\"PropertyValueSpecification\",\"valueRequired\":true,\"valueName\":\"search_term_string\"}}],\"inLanguage\":\"da-DK\"},{\"@type\":\"Organization\",\"@id\":\"https:\/\/hubsch-interior.com\/da\/#organization\",\"name\":\"H\u00fcbsch\",\"url\":\"https:\/\/hubsch-interior.com\/da\/\",\"logo\":{\"@type\":\"ImageObject\",\"inLanguage\":\"da-DK\",\"@id\":\"https:\/\/hubsch-interior.com\/da\/#\/schema\/logo\/image\/\",\"url\":\"https:\/\/hubsch-interior.com\/wp-content\/uploads\/2022\/12\/Hubsch_logo_black_one_line.svg\",\"contentUrl\":\"https:\/\/hubsch-interior.com\/wp-content\/uploads\/2022\/12\/Hubsch_logo_black_one_line.svg\",\"caption\":\"H\u00fcbsch\"},\"image\":{\"@id\":\"https:\/\/hubsch-interior.com\/da\/#\/schema\/logo\/image\/\"}}]}<\/script>\n<!-- \/ Yoast SEO plugin. -->","yoast_head_json":{"title":"Align B\u00e6nk Natur - H\u00fcbsch","description":"Align B\u00e6nken i Natur er et moderne m\u00f8bel fremstillet af de fineste materialer. Den er lavet af egefin\u00e9r og egetr\u00e6 og er FSC-certificeret, hvilket sikrer","robots":{"index":"index","follow":"follow","max-snippet":"max-snippet:-1","max-image-preview":"max-image-preview:large","max-video-preview":"max-video-preview:-1"},"canonical":"https:\/\/hubsch-interior.com\/da\/wp-json\/wp\/v2\/product\/30874","og_locale":"da_DK","og_type":"article","og_title":"Align B\u00e6nk Natur - H\u00fcbsch","og_description":"Align B\u00e6nken i Natur er et moderne m\u00f8bel fremstillet af de fineste materialer. Den er lavet af egefin\u00e9r og egetr\u00e6 og er FSC-certificeret, hvilket sikrer","og_url":"https:\/\/hubsch-interior.com\/da\/vare\/align-baenk-natur\/","og_site_name":"H\u00fcbsch","article_modified_time":"2026-04-05T02:48:32+00:00","og_image":[{"width":1024,"height":1024,"url":"https:\/\/hubsch-interior.com\/wp-content\/uploads\/2026\/02\/align-bench-natural-a752be81dc82acdf89a49399cac8eaac.jpg","type":"image\/jpeg"}],"twitter_card":"summary_large_image","schema":{"@context":"https:\/\/schema.org","@graph":[{"@type":"WebPage","@id":"https:\/\/hubsch-interior.com\/da\/vare\/align-baenk-natur\/","url":"https:\/\/hubsch-interior.com\/da\/vare\/align-baenk-natur\/","name":"Align B\u00e6nk Natur - H\u00fcbsch","isPartOf":{"@id":"https:\/\/hubsch-interior.com\/da\/#website"},"primaryImageOfPage":{"@id":"https:\/\/hubsch-interior.com\/da\/vare\/align-baenk-natur\/#primaryimage"},"image":{"@id":"https:\/\/hubsch-interior.com\/da\/vare\/align-baenk-natur\/#primaryimage"},"thumbnailUrl":"https:\/\/hubsch-interior.com\/wp-content\/uploads\/2026\/02\/align-bench-natural-a752be81dc82acdf89a49399cac8eaac.jpg","datePublished":"2020-10-07T13:49:36+00:00","dateModified":"2026-04-05T02:48:32+00:00","description":"Align B\u00e6nken i Natur er et moderne m\u00f8bel fremstillet af de fineste materialer. Den er lavet af egefin\u00e9r og egetr\u00e6 og er FSC-certificeret, hvilket sikrer","breadcrumb":{"@id":"https:\/\/hubsch-interior.com\/da\/vare\/align-baenk-natur\/#breadcrumb"},"inLanguage":"da-DK","potentialAction":[{"@type":"ReadAction","target":["https:\/\/hubsch-interior.com\/da\/vare\/align-baenk-natur\/"]}]},{"@type":"ImageObject","inLanguage":"da-DK","@id":"https:\/\/hubsch-interior.com\/da\/vare\/align-baenk-natur\/#primaryimage","url":"https:\/\/hubsch-interior.com\/wp-content\/uploads\/2026\/02\/align-bench-natural-a752be81dc82acdf89a49399cac8eaac.jpg","contentUrl":"https:\/\/hubsch-interior.com\/wp-content\/uploads\/2026\/02\/align-bench-natural-a752be81dc82acdf89a49399cac8eaac.jpg","width":1024,"height":1024},{"@type":"BreadcrumbList","@id":"https:\/\/hubsch-interior.com\/da\/vare\/align-baenk-natur\/#breadcrumb","itemListElement":[{"@type":"ListItem","position":1,"name":"Forside","item":"https:\/\/hubsch-interior.com\/da\/"},{"@type":"ListItem","position":2,"name":"Produkter","item":"https:\/\/hubsch-interior.com\/da\/produkter\/"},{"@type":"ListItem","position":3,"name":"M\u00f8bler","item":"https:\/\/hubsch-interior.com\/da\/vare-kategori\/mobler\/"},{"@type":"ListItem","position":4,"name":"Siddem&oslash;bler","item":"https:\/\/hubsch-interior.com\/da\/vare-kategori\/mobler\/siddemoebler-da\/"},{"@type":"ListItem","position":5,"name":"B&aelig;nke","item":"https:\/\/hubsch-interior.com\/da\/vare-kategori\/mobler\/siddemoebler-da\/baenke-da\/"},{"@type":"ListItem","position":6,"name":"Align B\u00e6nk Natur"}]},{"@type":"WebSite","@id":"https:\/\/hubsch-interior.com\/da\/#website","url":"https:\/\/hubsch-interior.com\/da\/","name":"H\u00fcbsch","description":"Danish Home Interior and Design","publisher":{"@id":"https:\/\/hubsch-interior.com\/da\/#organization"},"potentialAction":[{"@type":"SearchAction","target":{"@type":"EntryPoint","urlTemplate":"https:\/\/hubsch-interior.com\/da\/?s={search_term_string}"},"query-input":{"@type":"PropertyValueSpecification","valueRequired":true,"valueName":"search_term_string"}}],"inLanguage":"da-DK"},{"@type":"Organization","@id":"https:\/\/hubsch-interior.com\/da\/#organization","name":"H\u00fcbsch","url":"https:\/\/hubsch-interior.com\/da\/","logo":{"@type":"ImageObject","inLanguage":"da-DK","@id":"https:\/\/hubsch-interior.com\/da\/#\/schema\/logo\/image\/","url":"https:\/\/hubsch-interior.com\/wp-content\/uploads\/2022\/12\/Hubsch_logo_black_one_line.svg","contentUrl":"https:\/\/hubsch-interior.com\/wp-content\/uploads\/2022\/12\/Hubsch_logo_black_one_line.svg","caption":"H\u00fcbsch"},"image":{"@id":"https:\/\/hubsch-interior.com\/da\/#\/schema\/logo\/image\/"}}]}},"_links":{"self":[{"href":"https:\/\/hubsch-interior.com\/da\/wp-json\/wp\/v2\/product\/30874","targetHints":{"allow":["GET"]}}],"collection":[{"href":"https:\/\/hubsch-interior.com\/da\/wp-json\/wp\/v2\/product"}],"about":[{"href":"https:\/\/hubsch-interior.com\/da\/wp-json\/wp\/v2\/types\/product"}],"wp:featuredmedia":[{"embeddable":true,"href":"https:\/\/hubsch-interior.com\/da\/wp-json\/wp\/v2\/media\/1101746"}],"wp:attachment":[{"href":"https:\/\/hubsch-interior.com\/da\/wp-json\/wp\/v2\/media?parent=30874"}],"wp:term":[{"taxonomy":"product_brand","embeddable":true,"href":"https:\/\/hubsch-interior.com\/da\/wp-json\/wp\/v2\/product_brand?post=30874"},{"taxonomy":"product_cat","embeddable":true,"href":"https:\/\/hubsch-interior.com\/da\/wp-json\/wp\/v2\/product_cat?post=30874"},{"taxonomy":"product_tag","embeddable":true,"href":"https:\/\/hubsch-interior.com\/da\/wp-json\/wp\/v2\/product_tag?post=30874"}],"curies":[{"name":"wp","href":"https:\/\/api.w.org\/{rel}","templated":true}]}}