{"id":35825,"date":"2020-12-15T09:28:42","date_gmt":"2020-12-15T08:28:42","guid":{"rendered":"https:\/\/hubsch-interior.com\/product\/product\/"},"modified":"2026-04-09T04:16:32","modified_gmt":"2026-04-09T02:16:32","slug":"string-magasinholder-rod-hvid","status":"publish","type":"product","link":"https:\/\/hubsch-interior.com\/da\/vare\/string-magasinholder-rod-hvid\/","title":{"rendered":"String Magasinholder R\u00f8d\/Hvid"},"content":{"rendered":"<p>String Magasinholder R\u00f8d\/Hvid er den perfekte tilf\u00f8jelse til hjemmet. Den er lavet af bl\u00f8d bomuld og rustfrit st\u00e5l, s\u00e5 den st\u00e5r st\u00e6rk og slidst\u00e6rk. Med et stiligt r\u00f8d\/hvidt m\u00f8nster er det den perfekte m\u00e5de at organisere magasiner og blade p\u00e5. Holderne placeres let og er nemme at h\u00e6nge op. Organiser dine magasiner og blade med stil og hold dit hjem rent og ryddeligt. String Magasinholder R\u00f8d\/Hvid er et must-have til ethvert hjem.<\/p>\n","protected":false},"excerpt":{"rendered":"<p>String Magasinholder R\u00f8d\/Hvid er den perfekte tilf\u00f8jelse til hjemmet. Den er lavet af bl\u00f8d bomuld og rustfrit st\u00e5l, s\u00e5 den st\u00e5r st\u00e6rk og slidst\u00e6rk. Med et stiligt r\u00f8d\/hvidt m\u00f8nster er det den perfekte m\u00e5de at organisere magasiner og blade p\u00e5. Holderne placeres let og er nemme at h\u00e6nge op. Organiser dine magasiner og blade med [&hellip;]<\/p>\n","protected":false},"featured_media":1092429,"template":"","meta":{"_acf_changed":false,"inline_featured_image":false},"product_brand":[],"product_cat":[4018,3109],"product_tag":[],"class_list":{"0":"post-35825","1":"product","2":"type-product","3":"status-publish","4":"has-post-thumbnail","6":"product_cat-magasinholdere-da","7":"product_cat-opbevaring-da","8":"product_shipping_class-pk","10":"pa_color-hvid","11":"pa_color-rd","12":"pa_material-cotton-100-da","13":"pa_material-jern-da","15":"first","16":"instock","17":"taxable","18":"shipping-taxable","19":"purchasable","20":"product-type-simple"},"exclude_global_add_ons":[],"addons":[],"acf":[],"yoast_head":"<!-- This site is optimized with the Yoast SEO plugin v26.4 - https:\/\/yoast.com\/wordpress\/plugins\/seo\/ -->\n<title>String Magasinholder R\u00f8d\/Hvid - H\u00fcbsch<\/title>\n<meta name=\"description\" content=\"String Magasinholder R\u00f8d\/Hvid er den perfekte tilf\u00f8jelse til hjemmet. Den er lavet af bl\u00f8d bomuld og rustfrit st\u00e5l, s\u00e5 den st\u00e5r st\u00e6rk og slidst\u00e6rk. Med et\" \/>\n<meta name=\"robots\" content=\"index, follow, max-snippet:-1, max-image-preview:large, max-video-preview:-1\" \/>\n<link rel=\"canonical\" href=\"https:\/\/hubsch-interior.com\/da\/wp-json\/wp\/v2\/product\/35825\" \/>\n<meta property=\"og:locale\" content=\"da_DK\" \/>\n<meta property=\"og:type\" content=\"article\" \/>\n<meta property=\"og:title\" content=\"String Magasinholder R\u00f8d\/Hvid - H\u00fcbsch\" \/>\n<meta property=\"og:description\" content=\"String Magasinholder R\u00f8d\/Hvid er den perfekte tilf\u00f8jelse til hjemmet. Den er lavet af bl\u00f8d bomuld og rustfrit st\u00e5l, s\u00e5 den st\u00e5r st\u00e6rk og slidst\u00e6rk. Med et\" \/>\n<meta property=\"og:url\" content=\"https:\/\/hubsch-interior.com\/da\/vare\/string-magasinholder-rod-hvid\/\" \/>\n<meta property=\"og:site_name\" content=\"H\u00fcbsch\" \/>\n<meta property=\"article:modified_time\" content=\"2026-04-09T02:16:32+00:00\" \/>\n<meta property=\"og:image\" content=\"https:\/\/hubsch-interior.com\/wp-content\/uploads\/2025\/05\/string-magazine-holder-redwhite-d2cfa35f416b289762952085faefe85c.jpg\" \/>\n\t<meta property=\"og:image:width\" content=\"1200\" \/>\n\t<meta property=\"og:image:height\" content=\"1200\" \/>\n\t<meta property=\"og:image:type\" content=\"image\/jpeg\" \/>\n<meta name=\"twitter:card\" content=\"summary_large_image\" \/>\n<script type=\"application\/ld+json\" class=\"yoast-schema-graph\">{\"@context\":\"https:\/\/schema.org\",\"@graph\":[{\"@type\":\"WebPage\",\"@id\":\"https:\/\/hubsch-interior.com\/da\/vare\/string-magasinholder-rod-hvid\/\",\"url\":\"https:\/\/hubsch-interior.com\/da\/vare\/string-magasinholder-rod-hvid\/\",\"name\":\"String Magasinholder R\u00f8d\/Hvid - H\u00fcbsch\",\"isPartOf\":{\"@id\":\"https:\/\/hubsch-interior.com\/da\/#website\"},\"primaryImageOfPage\":{\"@id\":\"https:\/\/hubsch-interior.com\/da\/vare\/string-magasinholder-rod-hvid\/#primaryimage\"},\"image\":{\"@id\":\"https:\/\/hubsch-interior.com\/da\/vare\/string-magasinholder-rod-hvid\/#primaryimage\"},\"thumbnailUrl\":\"https:\/\/hubsch-interior.com\/wp-content\/uploads\/2026\/02\/string-magazine-holder-redwhite-21221766303a63f11091bae417723567.jpg\",\"datePublished\":\"2020-12-15T08:28:42+00:00\",\"dateModified\":\"2026-04-09T02:16:32+00:00\",\"description\":\"String Magasinholder R\u00f8d\/Hvid er den perfekte tilf\u00f8jelse til hjemmet. Den er lavet af bl\u00f8d bomuld og rustfrit st\u00e5l, s\u00e5 den st\u00e5r st\u00e6rk og slidst\u00e6rk. Med et\",\"breadcrumb\":{\"@id\":\"https:\/\/hubsch-interior.com\/da\/vare\/string-magasinholder-rod-hvid\/#breadcrumb\"},\"inLanguage\":\"da-DK\",\"potentialAction\":[{\"@type\":\"ReadAction\",\"target\":[\"https:\/\/hubsch-interior.com\/da\/vare\/string-magasinholder-rod-hvid\/\"]}]},{\"@type\":\"ImageObject\",\"inLanguage\":\"da-DK\",\"@id\":\"https:\/\/hubsch-interior.com\/da\/vare\/string-magasinholder-rod-hvid\/#primaryimage\",\"url\":\"https:\/\/hubsch-interior.com\/wp-content\/uploads\/2026\/02\/string-magazine-holder-redwhite-21221766303a63f11091bae417723567.jpg\",\"contentUrl\":\"https:\/\/hubsch-interior.com\/wp-content\/uploads\/2026\/02\/string-magazine-holder-redwhite-21221766303a63f11091bae417723567.jpg\",\"width\":1024,\"height\":1024},{\"@type\":\"BreadcrumbList\",\"@id\":\"https:\/\/hubsch-interior.com\/da\/vare\/string-magasinholder-rod-hvid\/#breadcrumb\",\"itemListElement\":[{\"@type\":\"ListItem\",\"position\":1,\"name\":\"Forside\",\"item\":\"https:\/\/hubsch-interior.com\/da\/\"},{\"@type\":\"ListItem\",\"position\":2,\"name\":\"Produkter\",\"item\":\"https:\/\/hubsch-interior.com\/da\/produkter\/\"},{\"@type\":\"ListItem\",\"position\":3,\"name\":\"Boligtilbeh\u00f8r\",\"item\":\"https:\/\/hubsch-interior.com\/da\/vare-kategori\/boligtilbehor\/\"},{\"@type\":\"ListItem\",\"position\":4,\"name\":\"Opbevaring\",\"item\":\"https:\/\/hubsch-interior.com\/da\/vare-kategori\/boligtilbehor\/opbevaring-da\/\"},{\"@type\":\"ListItem\",\"position\":5,\"name\":\"Magasinholdere\",\"item\":\"https:\/\/hubsch-interior.com\/da\/vare-kategori\/boligtilbehor\/opbevaring-da\/magasinholdere-da\/\"},{\"@type\":\"ListItem\",\"position\":6,\"name\":\"String Magasinholder R\u00f8d\/Hvid\"}]},{\"@type\":\"WebSite\",\"@id\":\"https:\/\/hubsch-interior.com\/da\/#website\",\"url\":\"https:\/\/hubsch-interior.com\/da\/\",\"name\":\"H\u00fcbsch\",\"description\":\"Danish Home Interior and Design\",\"publisher\":{\"@id\":\"https:\/\/hubsch-interior.com\/da\/#organization\"},\"potentialAction\":[{\"@type\":\"SearchAction\",\"target\":{\"@type\":\"EntryPoint\",\"urlTemplate\":\"https:\/\/hubsch-interior.com\/da\/?s={search_term_string}\"},\"query-input\":{\"@type\":\"PropertyValueSpecification\",\"valueRequired\":true,\"valueName\":\"search_term_string\"}}],\"inLanguage\":\"da-DK\"},{\"@type\":\"Organization\",\"@id\":\"https:\/\/hubsch-interior.com\/da\/#organization\",\"name\":\"H\u00fcbsch\",\"url\":\"https:\/\/hubsch-interior.com\/da\/\",\"logo\":{\"@type\":\"ImageObject\",\"inLanguage\":\"da-DK\",\"@id\":\"https:\/\/hubsch-interior.com\/da\/#\/schema\/logo\/image\/\",\"url\":\"https:\/\/hubsch-interior.com\/wp-content\/uploads\/2022\/12\/Hubsch_logo_black_one_line.svg\",\"contentUrl\":\"https:\/\/hubsch-interior.com\/wp-content\/uploads\/2022\/12\/Hubsch_logo_black_one_line.svg\",\"caption\":\"H\u00fcbsch\"},\"image\":{\"@id\":\"https:\/\/hubsch-interior.com\/da\/#\/schema\/logo\/image\/\"}}]}<\/script>\n<!-- \/ Yoast SEO plugin. -->","yoast_head_json":{"title":"String Magasinholder R\u00f8d\/Hvid - H\u00fcbsch","description":"String Magasinholder R\u00f8d\/Hvid er den perfekte tilf\u00f8jelse til hjemmet. Den er lavet af bl\u00f8d bomuld og rustfrit st\u00e5l, s\u00e5 den st\u00e5r st\u00e6rk og slidst\u00e6rk. Med et","robots":{"index":"index","follow":"follow","max-snippet":"max-snippet:-1","max-image-preview":"max-image-preview:large","max-video-preview":"max-video-preview:-1"},"canonical":"https:\/\/hubsch-interior.com\/da\/wp-json\/wp\/v2\/product\/35825","og_locale":"da_DK","og_type":"article","og_title":"String Magasinholder R\u00f8d\/Hvid - H\u00fcbsch","og_description":"String Magasinholder R\u00f8d\/Hvid er den perfekte tilf\u00f8jelse til hjemmet. Den er lavet af bl\u00f8d bomuld og rustfrit st\u00e5l, s\u00e5 den st\u00e5r st\u00e6rk og slidst\u00e6rk. Med et","og_url":"https:\/\/hubsch-interior.com\/da\/vare\/string-magasinholder-rod-hvid\/","og_site_name":"H\u00fcbsch","article_modified_time":"2026-04-09T02:16:32+00:00","og_image":[{"width":1200,"height":1200,"url":"https:\/\/hubsch-interior.com\/wp-content\/uploads\/2025\/05\/string-magazine-holder-redwhite-d2cfa35f416b289762952085faefe85c.jpg","type":"image\/jpeg"}],"twitter_card":"summary_large_image","schema":{"@context":"https:\/\/schema.org","@graph":[{"@type":"WebPage","@id":"https:\/\/hubsch-interior.com\/da\/vare\/string-magasinholder-rod-hvid\/","url":"https:\/\/hubsch-interior.com\/da\/vare\/string-magasinholder-rod-hvid\/","name":"String Magasinholder R\u00f8d\/Hvid - H\u00fcbsch","isPartOf":{"@id":"https:\/\/hubsch-interior.com\/da\/#website"},"primaryImageOfPage":{"@id":"https:\/\/hubsch-interior.com\/da\/vare\/string-magasinholder-rod-hvid\/#primaryimage"},"image":{"@id":"https:\/\/hubsch-interior.com\/da\/vare\/string-magasinholder-rod-hvid\/#primaryimage"},"thumbnailUrl":"https:\/\/hubsch-interior.com\/wp-content\/uploads\/2026\/02\/string-magazine-holder-redwhite-21221766303a63f11091bae417723567.jpg","datePublished":"2020-12-15T08:28:42+00:00","dateModified":"2026-04-09T02:16:32+00:00","description":"String Magasinholder R\u00f8d\/Hvid er den perfekte tilf\u00f8jelse til hjemmet. Den er lavet af bl\u00f8d bomuld og rustfrit st\u00e5l, s\u00e5 den st\u00e5r st\u00e6rk og slidst\u00e6rk. Med et","breadcrumb":{"@id":"https:\/\/hubsch-interior.com\/da\/vare\/string-magasinholder-rod-hvid\/#breadcrumb"},"inLanguage":"da-DK","potentialAction":[{"@type":"ReadAction","target":["https:\/\/hubsch-interior.com\/da\/vare\/string-magasinholder-rod-hvid\/"]}]},{"@type":"ImageObject","inLanguage":"da-DK","@id":"https:\/\/hubsch-interior.com\/da\/vare\/string-magasinholder-rod-hvid\/#primaryimage","url":"https:\/\/hubsch-interior.com\/wp-content\/uploads\/2026\/02\/string-magazine-holder-redwhite-21221766303a63f11091bae417723567.jpg","contentUrl":"https:\/\/hubsch-interior.com\/wp-content\/uploads\/2026\/02\/string-magazine-holder-redwhite-21221766303a63f11091bae417723567.jpg","width":1024,"height":1024},{"@type":"BreadcrumbList","@id":"https:\/\/hubsch-interior.com\/da\/vare\/string-magasinholder-rod-hvid\/#breadcrumb","itemListElement":[{"@type":"ListItem","position":1,"name":"Forside","item":"https:\/\/hubsch-interior.com\/da\/"},{"@type":"ListItem","position":2,"name":"Produkter","item":"https:\/\/hubsch-interior.com\/da\/produkter\/"},{"@type":"ListItem","position":3,"name":"Boligtilbeh\u00f8r","item":"https:\/\/hubsch-interior.com\/da\/vare-kategori\/boligtilbehor\/"},{"@type":"ListItem","position":4,"name":"Opbevaring","item":"https:\/\/hubsch-interior.com\/da\/vare-kategori\/boligtilbehor\/opbevaring-da\/"},{"@type":"ListItem","position":5,"name":"Magasinholdere","item":"https:\/\/hubsch-interior.com\/da\/vare-kategori\/boligtilbehor\/opbevaring-da\/magasinholdere-da\/"},{"@type":"ListItem","position":6,"name":"String Magasinholder R\u00f8d\/Hvid"}]},{"@type":"WebSite","@id":"https:\/\/hubsch-interior.com\/da\/#website","url":"https:\/\/hubsch-interior.com\/da\/","name":"H\u00fcbsch","description":"Danish Home Interior and Design","publisher":{"@id":"https:\/\/hubsch-interior.com\/da\/#organization"},"potentialAction":[{"@type":"SearchAction","target":{"@type":"EntryPoint","urlTemplate":"https:\/\/hubsch-interior.com\/da\/?s={search_term_string}"},"query-input":{"@type":"PropertyValueSpecification","valueRequired":true,"valueName":"search_term_string"}}],"inLanguage":"da-DK"},{"@type":"Organization","@id":"https:\/\/hubsch-interior.com\/da\/#organization","name":"H\u00fcbsch","url":"https:\/\/hubsch-interior.com\/da\/","logo":{"@type":"ImageObject","inLanguage":"da-DK","@id":"https:\/\/hubsch-interior.com\/da\/#\/schema\/logo\/image\/","url":"https:\/\/hubsch-interior.com\/wp-content\/uploads\/2022\/12\/Hubsch_logo_black_one_line.svg","contentUrl":"https:\/\/hubsch-interior.com\/wp-content\/uploads\/2022\/12\/Hubsch_logo_black_one_line.svg","caption":"H\u00fcbsch"},"image":{"@id":"https:\/\/hubsch-interior.com\/da\/#\/schema\/logo\/image\/"}}]}},"_links":{"self":[{"href":"https:\/\/hubsch-interior.com\/da\/wp-json\/wp\/v2\/product\/35825","targetHints":{"allow":["GET"]}}],"collection":[{"href":"https:\/\/hubsch-interior.com\/da\/wp-json\/wp\/v2\/product"}],"about":[{"href":"https:\/\/hubsch-interior.com\/da\/wp-json\/wp\/v2\/types\/product"}],"wp:featuredmedia":[{"embeddable":true,"href":"https:\/\/hubsch-interior.com\/da\/wp-json\/wp\/v2\/media\/1092429"}],"wp:attachment":[{"href":"https:\/\/hubsch-interior.com\/da\/wp-json\/wp\/v2\/media?parent=35825"}],"wp:term":[{"taxonomy":"product_brand","embeddable":true,"href":"https:\/\/hubsch-interior.com\/da\/wp-json\/wp\/v2\/product_brand?post=35825"},{"taxonomy":"product_cat","embeddable":true,"href":"https:\/\/hubsch-interior.com\/da\/wp-json\/wp\/v2\/product_cat?post=35825"},{"taxonomy":"product_tag","embeddable":true,"href":"https:\/\/hubsch-interior.com\/da\/wp-json\/wp\/v2\/product_tag?post=35825"}],"curies":[{"name":"wp","href":"https:\/\/api.w.org\/{rel}","templated":true}]}}