{"id":35861,"date":"2020-12-15T09:28:49","date_gmt":"2020-12-15T08:28:49","guid":{"rendered":"https:\/\/hubsch-interior.com\/product\/product\/"},"modified":"2026-04-05T04:16:22","modified_gmt":"2026-04-05T02:16:22","slug":"norm-vaegreol-4-hylder-sort","status":"publish","type":"product","link":"https:\/\/hubsch-interior.com\/da\/vare\/norm-vaegreol-4-hylder-sort\/","title":{"rendered":"Norm V\u00e6greol 4 hylder Sort"},"content":{"rendered":"<p>If you&#8217;ve got it, flaunt it! Vis alle dine favoritb\u00f8ger, arvestykker og planter frem p\u00e5 denne v\u00e6gh\u00e6ngte reol. Reolen i sort ask har et fint og let udtryk, fordi den h\u00e6nger p\u00e5 v\u00e6ggen. Den er perfekt til ordentlighed og vil helt sikkert l\u00f8se alle dine opbevaringsproblemer. Men det bedste ved denne reol, er nu, at den er fremstillet af FSC\u00ae-certificeret tr\u00e6!<\/p>\n","protected":false},"excerpt":{"rendered":"<p>If you&#8217;ve got it, flaunt it! Vis alle dine favoritb\u00f8ger, arvestykker og planter frem p\u00e5 denne v\u00e6gh\u00e6ngte reol. Reolen i sort ask har et fint og let udtryk, fordi den h\u00e6nger p\u00e5 v\u00e6ggen. Den er perfekt til ordentlighed og vil helt sikkert l\u00f8se alle dine opbevaringsproblemer. Men det bedste ved denne reol, er nu, at [&hellip;]<\/p>\n","protected":false},"featured_media":1092457,"template":"","meta":{"_acf_changed":false,"inline_featured_image":false},"product_brand":[],"product_cat":[5025,6321,4022,6891,4010,3999],"product_tag":[],"class_list":{"0":"post-35861","1":"product","2":"type-product","3":"status-publish","4":"has-post-thumbnail","6":"product_cat-bestsellers-da","7":"product_cat-fsc-da","8":"product_cat-hylder-da","9":"product_cat-multifunktionelle-moebler-da","10":"product_cat-reoler-da","11":"product_cat-reoler-opbevaring-da","12":"product_shipping_class-p05","14":"pa_color-sort","15":"pa_material-ask-da","16":"pa_material-jern-da","18":"first","19":"instock","20":"featured","21":"taxable","22":"shipping-taxable","23":"purchasable","24":"product-type-simple"},"exclude_global_add_ons":[],"addons":[],"acf":[],"yoast_head":"<!-- This site is optimized with the Yoast SEO plugin v26.4 - https:\/\/yoast.com\/wordpress\/plugins\/seo\/ -->\n<title>Norm V\u00e6greol 4 hylder Sort - H\u00fcbsch<\/title>\n<meta name=\"description\" content=\"If you&#039;ve got it, flaunt it! Vis alle dine favoritb\u00f8ger, arvestykker og planter frem p\u00e5 denne v\u00e6gh\u00e6ngte reol. Reolen i sort ask har et fint og let udtryk,\" \/>\n<meta name=\"robots\" content=\"index, follow, max-snippet:-1, max-image-preview:large, max-video-preview:-1\" \/>\n<link rel=\"canonical\" href=\"https:\/\/hubsch-interior.com\/da\/wp-json\/wp\/v2\/product\/35861\" \/>\n<meta property=\"og:locale\" content=\"da_DK\" \/>\n<meta property=\"og:type\" content=\"article\" \/>\n<meta property=\"og:title\" content=\"Norm V\u00e6greol 4 hylder Sort - H\u00fcbsch\" \/>\n<meta property=\"og:description\" content=\"If you&#039;ve got it, flaunt it! Vis alle dine favoritb\u00f8ger, arvestykker og planter frem p\u00e5 denne v\u00e6gh\u00e6ngte reol. Reolen i sort ask har et fint og let udtryk,\" \/>\n<meta property=\"og:url\" content=\"https:\/\/hubsch-interior.com\/da\/vare\/norm-vaegreol-4-hylder-sort\/\" \/>\n<meta property=\"og:site_name\" content=\"H\u00fcbsch\" \/>\n<meta property=\"article:modified_time\" content=\"2026-04-05T02:16:22+00:00\" \/>\n<meta property=\"og:image\" content=\"https:\/\/hubsch-interior.com\/wp-content\/uploads\/2023\/08\/norm-wall-shelf-unit-4-shelves-black-0d4a7a329fe910577bc083e26c72d8e4.jpg\" \/>\n\t<meta property=\"og:image:width\" content=\"1200\" \/>\n\t<meta property=\"og:image:height\" content=\"1200\" \/>\n\t<meta property=\"og:image:type\" content=\"image\/jpeg\" \/>\n<meta name=\"twitter:card\" content=\"summary_large_image\" \/>\n<script type=\"application\/ld+json\" class=\"yoast-schema-graph\">{\"@context\":\"https:\/\/schema.org\",\"@graph\":[{\"@type\":\"WebPage\",\"@id\":\"https:\/\/hubsch-interior.com\/da\/vare\/norm-vaegreol-4-hylder-sort\/\",\"url\":\"https:\/\/hubsch-interior.com\/da\/vare\/norm-vaegreol-4-hylder-sort\/\",\"name\":\"Norm V\u00e6greol 4 hylder Sort - H\u00fcbsch\",\"isPartOf\":{\"@id\":\"https:\/\/hubsch-interior.com\/da\/#website\"},\"primaryImageOfPage\":{\"@id\":\"https:\/\/hubsch-interior.com\/da\/vare\/norm-vaegreol-4-hylder-sort\/#primaryimage\"},\"image\":{\"@id\":\"https:\/\/hubsch-interior.com\/da\/vare\/norm-vaegreol-4-hylder-sort\/#primaryimage\"},\"thumbnailUrl\":\"https:\/\/hubsch-interior.com\/wp-content\/uploads\/2026\/02\/norm-wall-shelf-unit-4-shelves-black-422248680cb25886da99f4cf41526072.jpg\",\"datePublished\":\"2020-12-15T08:28:49+00:00\",\"dateModified\":\"2026-04-05T02:16:22+00:00\",\"description\":\"If you've got it, flaunt it! Vis alle dine favoritb\u00f8ger, arvestykker og planter frem p\u00e5 denne v\u00e6gh\u00e6ngte reol. Reolen i sort ask har et fint og let udtryk,\",\"breadcrumb\":{\"@id\":\"https:\/\/hubsch-interior.com\/da\/vare\/norm-vaegreol-4-hylder-sort\/#breadcrumb\"},\"inLanguage\":\"da-DK\",\"potentialAction\":[{\"@type\":\"ReadAction\",\"target\":[\"https:\/\/hubsch-interior.com\/da\/vare\/norm-vaegreol-4-hylder-sort\/\"]}]},{\"@type\":\"ImageObject\",\"inLanguage\":\"da-DK\",\"@id\":\"https:\/\/hubsch-interior.com\/da\/vare\/norm-vaegreol-4-hylder-sort\/#primaryimage\",\"url\":\"https:\/\/hubsch-interior.com\/wp-content\/uploads\/2026\/02\/norm-wall-shelf-unit-4-shelves-black-422248680cb25886da99f4cf41526072.jpg\",\"contentUrl\":\"https:\/\/hubsch-interior.com\/wp-content\/uploads\/2026\/02\/norm-wall-shelf-unit-4-shelves-black-422248680cb25886da99f4cf41526072.jpg\",\"width\":1024,\"height\":1024},{\"@type\":\"BreadcrumbList\",\"@id\":\"https:\/\/hubsch-interior.com\/da\/vare\/norm-vaegreol-4-hylder-sort\/#breadcrumb\",\"itemListElement\":[{\"@type\":\"ListItem\",\"position\":1,\"name\":\"Forside\",\"item\":\"https:\/\/hubsch-interior.com\/da\/\"},{\"@type\":\"ListItem\",\"position\":2,\"name\":\"Produkter\",\"item\":\"https:\/\/hubsch-interior.com\/da\/produkter\/\"},{\"@type\":\"ListItem\",\"position\":3,\"name\":\"M\u00f8bler\",\"item\":\"https:\/\/hubsch-interior.com\/da\/vare-kategori\/mobler\/\"},{\"@type\":\"ListItem\",\"position\":4,\"name\":\"Reoler &amp; opbevaring\",\"item\":\"https:\/\/hubsch-interior.com\/da\/vare-kategori\/mobler\/reoler-opbevaring-da\/\"},{\"@type\":\"ListItem\",\"position\":5,\"name\":\"Reoler\",\"item\":\"https:\/\/hubsch-interior.com\/da\/vare-kategori\/mobler\/reoler-opbevaring-da\/reoler-da\/\"},{\"@type\":\"ListItem\",\"position\":6,\"name\":\"Norm V\u00e6greol 4 hylder Sort\"}]},{\"@type\":\"WebSite\",\"@id\":\"https:\/\/hubsch-interior.com\/da\/#website\",\"url\":\"https:\/\/hubsch-interior.com\/da\/\",\"name\":\"H\u00fcbsch\",\"description\":\"Danish Home Interior and Design\",\"publisher\":{\"@id\":\"https:\/\/hubsch-interior.com\/da\/#organization\"},\"potentialAction\":[{\"@type\":\"SearchAction\",\"target\":{\"@type\":\"EntryPoint\",\"urlTemplate\":\"https:\/\/hubsch-interior.com\/da\/?s={search_term_string}\"},\"query-input\":{\"@type\":\"PropertyValueSpecification\",\"valueRequired\":true,\"valueName\":\"search_term_string\"}}],\"inLanguage\":\"da-DK\"},{\"@type\":\"Organization\",\"@id\":\"https:\/\/hubsch-interior.com\/da\/#organization\",\"name\":\"H\u00fcbsch\",\"url\":\"https:\/\/hubsch-interior.com\/da\/\",\"logo\":{\"@type\":\"ImageObject\",\"inLanguage\":\"da-DK\",\"@id\":\"https:\/\/hubsch-interior.com\/da\/#\/schema\/logo\/image\/\",\"url\":\"https:\/\/hubsch-interior.com\/wp-content\/uploads\/2022\/12\/Hubsch_logo_black_one_line.svg\",\"contentUrl\":\"https:\/\/hubsch-interior.com\/wp-content\/uploads\/2022\/12\/Hubsch_logo_black_one_line.svg\",\"caption\":\"H\u00fcbsch\"},\"image\":{\"@id\":\"https:\/\/hubsch-interior.com\/da\/#\/schema\/logo\/image\/\"}}]}<\/script>\n<!-- \/ Yoast SEO plugin. -->","yoast_head_json":{"title":"Norm V\u00e6greol 4 hylder Sort - H\u00fcbsch","description":"If you've got it, flaunt it! Vis alle dine favoritb\u00f8ger, arvestykker og planter frem p\u00e5 denne v\u00e6gh\u00e6ngte reol. Reolen i sort ask har et fint og let udtryk,","robots":{"index":"index","follow":"follow","max-snippet":"max-snippet:-1","max-image-preview":"max-image-preview:large","max-video-preview":"max-video-preview:-1"},"canonical":"https:\/\/hubsch-interior.com\/da\/wp-json\/wp\/v2\/product\/35861","og_locale":"da_DK","og_type":"article","og_title":"Norm V\u00e6greol 4 hylder Sort - H\u00fcbsch","og_description":"If you've got it, flaunt it! Vis alle dine favoritb\u00f8ger, arvestykker og planter frem p\u00e5 denne v\u00e6gh\u00e6ngte reol. Reolen i sort ask har et fint og let udtryk,","og_url":"https:\/\/hubsch-interior.com\/da\/vare\/norm-vaegreol-4-hylder-sort\/","og_site_name":"H\u00fcbsch","article_modified_time":"2026-04-05T02:16:22+00:00","og_image":[{"width":1200,"height":1200,"url":"https:\/\/hubsch-interior.com\/wp-content\/uploads\/2023\/08\/norm-wall-shelf-unit-4-shelves-black-0d4a7a329fe910577bc083e26c72d8e4.jpg","type":"image\/jpeg"}],"twitter_card":"summary_large_image","schema":{"@context":"https:\/\/schema.org","@graph":[{"@type":"WebPage","@id":"https:\/\/hubsch-interior.com\/da\/vare\/norm-vaegreol-4-hylder-sort\/","url":"https:\/\/hubsch-interior.com\/da\/vare\/norm-vaegreol-4-hylder-sort\/","name":"Norm V\u00e6greol 4 hylder Sort - H\u00fcbsch","isPartOf":{"@id":"https:\/\/hubsch-interior.com\/da\/#website"},"primaryImageOfPage":{"@id":"https:\/\/hubsch-interior.com\/da\/vare\/norm-vaegreol-4-hylder-sort\/#primaryimage"},"image":{"@id":"https:\/\/hubsch-interior.com\/da\/vare\/norm-vaegreol-4-hylder-sort\/#primaryimage"},"thumbnailUrl":"https:\/\/hubsch-interior.com\/wp-content\/uploads\/2026\/02\/norm-wall-shelf-unit-4-shelves-black-422248680cb25886da99f4cf41526072.jpg","datePublished":"2020-12-15T08:28:49+00:00","dateModified":"2026-04-05T02:16:22+00:00","description":"If you've got it, flaunt it! Vis alle dine favoritb\u00f8ger, arvestykker og planter frem p\u00e5 denne v\u00e6gh\u00e6ngte reol. Reolen i sort ask har et fint og let udtryk,","breadcrumb":{"@id":"https:\/\/hubsch-interior.com\/da\/vare\/norm-vaegreol-4-hylder-sort\/#breadcrumb"},"inLanguage":"da-DK","potentialAction":[{"@type":"ReadAction","target":["https:\/\/hubsch-interior.com\/da\/vare\/norm-vaegreol-4-hylder-sort\/"]}]},{"@type":"ImageObject","inLanguage":"da-DK","@id":"https:\/\/hubsch-interior.com\/da\/vare\/norm-vaegreol-4-hylder-sort\/#primaryimage","url":"https:\/\/hubsch-interior.com\/wp-content\/uploads\/2026\/02\/norm-wall-shelf-unit-4-shelves-black-422248680cb25886da99f4cf41526072.jpg","contentUrl":"https:\/\/hubsch-interior.com\/wp-content\/uploads\/2026\/02\/norm-wall-shelf-unit-4-shelves-black-422248680cb25886da99f4cf41526072.jpg","width":1024,"height":1024},{"@type":"BreadcrumbList","@id":"https:\/\/hubsch-interior.com\/da\/vare\/norm-vaegreol-4-hylder-sort\/#breadcrumb","itemListElement":[{"@type":"ListItem","position":1,"name":"Forside","item":"https:\/\/hubsch-interior.com\/da\/"},{"@type":"ListItem","position":2,"name":"Produkter","item":"https:\/\/hubsch-interior.com\/da\/produkter\/"},{"@type":"ListItem","position":3,"name":"M\u00f8bler","item":"https:\/\/hubsch-interior.com\/da\/vare-kategori\/mobler\/"},{"@type":"ListItem","position":4,"name":"Reoler &amp; opbevaring","item":"https:\/\/hubsch-interior.com\/da\/vare-kategori\/mobler\/reoler-opbevaring-da\/"},{"@type":"ListItem","position":5,"name":"Reoler","item":"https:\/\/hubsch-interior.com\/da\/vare-kategori\/mobler\/reoler-opbevaring-da\/reoler-da\/"},{"@type":"ListItem","position":6,"name":"Norm V\u00e6greol 4 hylder Sort"}]},{"@type":"WebSite","@id":"https:\/\/hubsch-interior.com\/da\/#website","url":"https:\/\/hubsch-interior.com\/da\/","name":"H\u00fcbsch","description":"Danish Home Interior and Design","publisher":{"@id":"https:\/\/hubsch-interior.com\/da\/#organization"},"potentialAction":[{"@type":"SearchAction","target":{"@type":"EntryPoint","urlTemplate":"https:\/\/hubsch-interior.com\/da\/?s={search_term_string}"},"query-input":{"@type":"PropertyValueSpecification","valueRequired":true,"valueName":"search_term_string"}}],"inLanguage":"da-DK"},{"@type":"Organization","@id":"https:\/\/hubsch-interior.com\/da\/#organization","name":"H\u00fcbsch","url":"https:\/\/hubsch-interior.com\/da\/","logo":{"@type":"ImageObject","inLanguage":"da-DK","@id":"https:\/\/hubsch-interior.com\/da\/#\/schema\/logo\/image\/","url":"https:\/\/hubsch-interior.com\/wp-content\/uploads\/2022\/12\/Hubsch_logo_black_one_line.svg","contentUrl":"https:\/\/hubsch-interior.com\/wp-content\/uploads\/2022\/12\/Hubsch_logo_black_one_line.svg","caption":"H\u00fcbsch"},"image":{"@id":"https:\/\/hubsch-interior.com\/da\/#\/schema\/logo\/image\/"}}]}},"_links":{"self":[{"href":"https:\/\/hubsch-interior.com\/da\/wp-json\/wp\/v2\/product\/35861","targetHints":{"allow":["GET"]}}],"collection":[{"href":"https:\/\/hubsch-interior.com\/da\/wp-json\/wp\/v2\/product"}],"about":[{"href":"https:\/\/hubsch-interior.com\/da\/wp-json\/wp\/v2\/types\/product"}],"wp:featuredmedia":[{"embeddable":true,"href":"https:\/\/hubsch-interior.com\/da\/wp-json\/wp\/v2\/media\/1092457"}],"wp:attachment":[{"href":"https:\/\/hubsch-interior.com\/da\/wp-json\/wp\/v2\/media?parent=35861"}],"wp:term":[{"taxonomy":"product_brand","embeddable":true,"href":"https:\/\/hubsch-interior.com\/da\/wp-json\/wp\/v2\/product_brand?post=35861"},{"taxonomy":"product_cat","embeddable":true,"href":"https:\/\/hubsch-interior.com\/da\/wp-json\/wp\/v2\/product_cat?post=35861"},{"taxonomy":"product_tag","embeddable":true,"href":"https:\/\/hubsch-interior.com\/da\/wp-json\/wp\/v2\/product_tag?post=35861"}],"curies":[{"name":"wp","href":"https:\/\/api.w.org\/{rel}","templated":true}]}}