{"id":35877,"date":"2020-12-15T09:28:59","date_gmt":"2020-12-15T08:28:59","guid":{"rendered":"https:\/\/hubsch-interior.com\/product\/product-3\/"},"modified":"2026-04-09T04:16:40","modified_gmt":"2026-04-09T02:16:40","slug":"mist-baenk-gra","status":"publish","type":"product","link":"https:\/\/hubsch-interior.com\/da\/vare\/mist-baenk-gra\/","title":{"rendered":"Mist B\u00e6nk Gr\u00e5"},"content":{"rendered":"<p>Mist B\u00e6nk er en smuk og komfortabel b\u00e6nk, der er lavet af let metal og slidst\u00e6rkt polyester. OEKO-TEX\u00ae STANDARD 100 certifikatet sikrer, at materialerne er sk\u00e5nsomme mod huden, s\u00e5 du kan nyde komforten. B\u00e6nken har en stilren design, som passer ind i mange indend\u00f8rs milj\u00f8er, og der er mulighed for at v\u00e6lge mellem forskellige farver. Det er let at reng\u00f8re, og du kan v\u00e6re sikker p\u00e5, at du vil have gl\u00e6de af den l\u00e6nge.<\/p>\n","protected":false},"excerpt":{"rendered":"<p>Mist B\u00e6nk er en smuk og komfortabel b\u00e6nk, der er lavet af let metal og slidst\u00e6rkt polyester. OEKO-TEX\u00ae STANDARD 100 certifikatet sikrer, at materialerne er sk\u00e5nsomme mod huden, s\u00e5 du kan nyde komforten. B\u00e6nken har en stilren design, som passer ind i mange indend\u00f8rs milj\u00f8er, og der er mulighed for at v\u00e6lge mellem forskellige farver. [&hellip;]<\/p>\n","protected":false},"featured_media":1092499,"template":"","meta":{"_acf_changed":false,"inline_featured_image":false},"product_brand":[],"product_cat":[2876,5025,2841],"product_tag":[],"class_list":{"0":"post-35877","1":"product","2":"type-product","3":"status-publish","4":"has-post-thumbnail","6":"product_cat-baenke-da","7":"product_cat-bestsellers-da","8":"product_cat-siddemoebler-da","9":"product_shipping_class-pk","11":"pa_color-gr","12":"pa_material-jern-da","13":"pa_material-polyester-100-da","15":"first","16":"instock","17":"featured","18":"taxable","19":"shipping-taxable","20":"purchasable","21":"product-type-simple"},"exclude_global_add_ons":[],"addons":[],"acf":[],"yoast_head":"<!-- This site is optimized with the Yoast SEO plugin v26.4 - https:\/\/yoast.com\/wordpress\/plugins\/seo\/ -->\n<title>Mist B\u00e6nk Gr\u00e5 - H\u00fcbsch<\/title>\n<meta name=\"description\" content=\"Mist B\u00e6nk er en smuk og komfortabel b\u00e6nk, der er lavet af let metal og slidst\u00e6rkt polyester. OEKO-TEX\u00ae STANDARD 100 certifikatet sikrer, at materialerne\" \/>\n<meta name=\"robots\" content=\"index, follow, max-snippet:-1, max-image-preview:large, max-video-preview:-1\" \/>\n<link rel=\"canonical\" href=\"https:\/\/hubsch-interior.com\/da\/wp-json\/wp\/v2\/product\/35877\" \/>\n<meta property=\"og:locale\" content=\"da_DK\" \/>\n<meta property=\"og:type\" content=\"article\" \/>\n<meta property=\"og:title\" content=\"Mist B\u00e6nk Gr\u00e5 - H\u00fcbsch\" \/>\n<meta property=\"og:description\" content=\"Mist B\u00e6nk er en smuk og komfortabel b\u00e6nk, der er lavet af let metal og slidst\u00e6rkt polyester. OEKO-TEX\u00ae STANDARD 100 certifikatet sikrer, at materialerne\" \/>\n<meta property=\"og:url\" content=\"https:\/\/hubsch-interior.com\/da\/vare\/mist-baenk-gra\/\" \/>\n<meta property=\"og:site_name\" content=\"H\u00fcbsch\" \/>\n<meta property=\"article:modified_time\" content=\"2026-04-09T02:16:40+00:00\" \/>\n<meta property=\"og:image\" content=\"https:\/\/hubsch-interior.com\/wp-content\/uploads\/2026\/02\/mist-bench-grey-8b332bff8b973ec0fc668146fd43cfb2.jpg\" \/>\n\t<meta property=\"og:image:width\" content=\"1024\" \/>\n\t<meta property=\"og:image:height\" content=\"1024\" \/>\n\t<meta property=\"og:image:type\" content=\"image\/jpeg\" \/>\n<meta name=\"twitter:card\" content=\"summary_large_image\" \/>\n<script type=\"application\/ld+json\" class=\"yoast-schema-graph\">{\"@context\":\"https:\/\/schema.org\",\"@graph\":[{\"@type\":\"WebPage\",\"@id\":\"https:\/\/hubsch-interior.com\/da\/vare\/mist-baenk-gra\/\",\"url\":\"https:\/\/hubsch-interior.com\/da\/vare\/mist-baenk-gra\/\",\"name\":\"Mist B\u00e6nk Gr\u00e5 - H\u00fcbsch\",\"isPartOf\":{\"@id\":\"https:\/\/hubsch-interior.com\/da\/#website\"},\"primaryImageOfPage\":{\"@id\":\"https:\/\/hubsch-interior.com\/da\/vare\/mist-baenk-gra\/#primaryimage\"},\"image\":{\"@id\":\"https:\/\/hubsch-interior.com\/da\/vare\/mist-baenk-gra\/#primaryimage\"},\"thumbnailUrl\":\"https:\/\/hubsch-interior.com\/wp-content\/uploads\/2026\/02\/mist-bench-grey-8b332bff8b973ec0fc668146fd43cfb2.jpg\",\"datePublished\":\"2020-12-15T08:28:59+00:00\",\"dateModified\":\"2026-04-09T02:16:40+00:00\",\"description\":\"Mist B\u00e6nk er en smuk og komfortabel b\u00e6nk, der er lavet af let metal og slidst\u00e6rkt polyester. OEKO-TEX\u00ae STANDARD 100 certifikatet sikrer, at materialerne\",\"breadcrumb\":{\"@id\":\"https:\/\/hubsch-interior.com\/da\/vare\/mist-baenk-gra\/#breadcrumb\"},\"inLanguage\":\"da-DK\",\"potentialAction\":[{\"@type\":\"ReadAction\",\"target\":[\"https:\/\/hubsch-interior.com\/da\/vare\/mist-baenk-gra\/\"]}]},{\"@type\":\"ImageObject\",\"inLanguage\":\"da-DK\",\"@id\":\"https:\/\/hubsch-interior.com\/da\/vare\/mist-baenk-gra\/#primaryimage\",\"url\":\"https:\/\/hubsch-interior.com\/wp-content\/uploads\/2026\/02\/mist-bench-grey-8b332bff8b973ec0fc668146fd43cfb2.jpg\",\"contentUrl\":\"https:\/\/hubsch-interior.com\/wp-content\/uploads\/2026\/02\/mist-bench-grey-8b332bff8b973ec0fc668146fd43cfb2.jpg\",\"width\":1024,\"height\":1024},{\"@type\":\"BreadcrumbList\",\"@id\":\"https:\/\/hubsch-interior.com\/da\/vare\/mist-baenk-gra\/#breadcrumb\",\"itemListElement\":[{\"@type\":\"ListItem\",\"position\":1,\"name\":\"Forside\",\"item\":\"https:\/\/hubsch-interior.com\/da\/\"},{\"@type\":\"ListItem\",\"position\":2,\"name\":\"Produkter\",\"item\":\"https:\/\/hubsch-interior.com\/da\/produkter\/\"},{\"@type\":\"ListItem\",\"position\":3,\"name\":\"M\u00f8bler\",\"item\":\"https:\/\/hubsch-interior.com\/da\/vare-kategori\/mobler\/\"},{\"@type\":\"ListItem\",\"position\":4,\"name\":\"Siddem&oslash;bler\",\"item\":\"https:\/\/hubsch-interior.com\/da\/vare-kategori\/mobler\/siddemoebler-da\/\"},{\"@type\":\"ListItem\",\"position\":5,\"name\":\"B&aelig;nke\",\"item\":\"https:\/\/hubsch-interior.com\/da\/vare-kategori\/mobler\/siddemoebler-da\/baenke-da\/\"},{\"@type\":\"ListItem\",\"position\":6,\"name\":\"Mist B\u00e6nk Gr\u00e5\"}]},{\"@type\":\"WebSite\",\"@id\":\"https:\/\/hubsch-interior.com\/da\/#website\",\"url\":\"https:\/\/hubsch-interior.com\/da\/\",\"name\":\"H\u00fcbsch\",\"description\":\"Danish Home Interior and Design\",\"publisher\":{\"@id\":\"https:\/\/hubsch-interior.com\/da\/#organization\"},\"potentialAction\":[{\"@type\":\"SearchAction\",\"target\":{\"@type\":\"EntryPoint\",\"urlTemplate\":\"https:\/\/hubsch-interior.com\/da\/?s={search_term_string}\"},\"query-input\":{\"@type\":\"PropertyValueSpecification\",\"valueRequired\":true,\"valueName\":\"search_term_string\"}}],\"inLanguage\":\"da-DK\"},{\"@type\":\"Organization\",\"@id\":\"https:\/\/hubsch-interior.com\/da\/#organization\",\"name\":\"H\u00fcbsch\",\"url\":\"https:\/\/hubsch-interior.com\/da\/\",\"logo\":{\"@type\":\"ImageObject\",\"inLanguage\":\"da-DK\",\"@id\":\"https:\/\/hubsch-interior.com\/da\/#\/schema\/logo\/image\/\",\"url\":\"https:\/\/hubsch-interior.com\/wp-content\/uploads\/2022\/12\/Hubsch_logo_black_one_line.svg\",\"contentUrl\":\"https:\/\/hubsch-interior.com\/wp-content\/uploads\/2022\/12\/Hubsch_logo_black_one_line.svg\",\"caption\":\"H\u00fcbsch\"},\"image\":{\"@id\":\"https:\/\/hubsch-interior.com\/da\/#\/schema\/logo\/image\/\"}}]}<\/script>\n<!-- \/ Yoast SEO plugin. -->","yoast_head_json":{"title":"Mist B\u00e6nk Gr\u00e5 - H\u00fcbsch","description":"Mist B\u00e6nk er en smuk og komfortabel b\u00e6nk, der er lavet af let metal og slidst\u00e6rkt polyester. OEKO-TEX\u00ae STANDARD 100 certifikatet sikrer, at materialerne","robots":{"index":"index","follow":"follow","max-snippet":"max-snippet:-1","max-image-preview":"max-image-preview:large","max-video-preview":"max-video-preview:-1"},"canonical":"https:\/\/hubsch-interior.com\/da\/wp-json\/wp\/v2\/product\/35877","og_locale":"da_DK","og_type":"article","og_title":"Mist B\u00e6nk Gr\u00e5 - H\u00fcbsch","og_description":"Mist B\u00e6nk er en smuk og komfortabel b\u00e6nk, der er lavet af let metal og slidst\u00e6rkt polyester. OEKO-TEX\u00ae STANDARD 100 certifikatet sikrer, at materialerne","og_url":"https:\/\/hubsch-interior.com\/da\/vare\/mist-baenk-gra\/","og_site_name":"H\u00fcbsch","article_modified_time":"2026-04-09T02:16:40+00:00","og_image":[{"width":1024,"height":1024,"url":"https:\/\/hubsch-interior.com\/wp-content\/uploads\/2026\/02\/mist-bench-grey-8b332bff8b973ec0fc668146fd43cfb2.jpg","type":"image\/jpeg"}],"twitter_card":"summary_large_image","schema":{"@context":"https:\/\/schema.org","@graph":[{"@type":"WebPage","@id":"https:\/\/hubsch-interior.com\/da\/vare\/mist-baenk-gra\/","url":"https:\/\/hubsch-interior.com\/da\/vare\/mist-baenk-gra\/","name":"Mist B\u00e6nk Gr\u00e5 - H\u00fcbsch","isPartOf":{"@id":"https:\/\/hubsch-interior.com\/da\/#website"},"primaryImageOfPage":{"@id":"https:\/\/hubsch-interior.com\/da\/vare\/mist-baenk-gra\/#primaryimage"},"image":{"@id":"https:\/\/hubsch-interior.com\/da\/vare\/mist-baenk-gra\/#primaryimage"},"thumbnailUrl":"https:\/\/hubsch-interior.com\/wp-content\/uploads\/2026\/02\/mist-bench-grey-8b332bff8b973ec0fc668146fd43cfb2.jpg","datePublished":"2020-12-15T08:28:59+00:00","dateModified":"2026-04-09T02:16:40+00:00","description":"Mist B\u00e6nk er en smuk og komfortabel b\u00e6nk, der er lavet af let metal og slidst\u00e6rkt polyester. OEKO-TEX\u00ae STANDARD 100 certifikatet sikrer, at materialerne","breadcrumb":{"@id":"https:\/\/hubsch-interior.com\/da\/vare\/mist-baenk-gra\/#breadcrumb"},"inLanguage":"da-DK","potentialAction":[{"@type":"ReadAction","target":["https:\/\/hubsch-interior.com\/da\/vare\/mist-baenk-gra\/"]}]},{"@type":"ImageObject","inLanguage":"da-DK","@id":"https:\/\/hubsch-interior.com\/da\/vare\/mist-baenk-gra\/#primaryimage","url":"https:\/\/hubsch-interior.com\/wp-content\/uploads\/2026\/02\/mist-bench-grey-8b332bff8b973ec0fc668146fd43cfb2.jpg","contentUrl":"https:\/\/hubsch-interior.com\/wp-content\/uploads\/2026\/02\/mist-bench-grey-8b332bff8b973ec0fc668146fd43cfb2.jpg","width":1024,"height":1024},{"@type":"BreadcrumbList","@id":"https:\/\/hubsch-interior.com\/da\/vare\/mist-baenk-gra\/#breadcrumb","itemListElement":[{"@type":"ListItem","position":1,"name":"Forside","item":"https:\/\/hubsch-interior.com\/da\/"},{"@type":"ListItem","position":2,"name":"Produkter","item":"https:\/\/hubsch-interior.com\/da\/produkter\/"},{"@type":"ListItem","position":3,"name":"M\u00f8bler","item":"https:\/\/hubsch-interior.com\/da\/vare-kategori\/mobler\/"},{"@type":"ListItem","position":4,"name":"Siddem&oslash;bler","item":"https:\/\/hubsch-interior.com\/da\/vare-kategori\/mobler\/siddemoebler-da\/"},{"@type":"ListItem","position":5,"name":"B&aelig;nke","item":"https:\/\/hubsch-interior.com\/da\/vare-kategori\/mobler\/siddemoebler-da\/baenke-da\/"},{"@type":"ListItem","position":6,"name":"Mist B\u00e6nk Gr\u00e5"}]},{"@type":"WebSite","@id":"https:\/\/hubsch-interior.com\/da\/#website","url":"https:\/\/hubsch-interior.com\/da\/","name":"H\u00fcbsch","description":"Danish Home Interior and Design","publisher":{"@id":"https:\/\/hubsch-interior.com\/da\/#organization"},"potentialAction":[{"@type":"SearchAction","target":{"@type":"EntryPoint","urlTemplate":"https:\/\/hubsch-interior.com\/da\/?s={search_term_string}"},"query-input":{"@type":"PropertyValueSpecification","valueRequired":true,"valueName":"search_term_string"}}],"inLanguage":"da-DK"},{"@type":"Organization","@id":"https:\/\/hubsch-interior.com\/da\/#organization","name":"H\u00fcbsch","url":"https:\/\/hubsch-interior.com\/da\/","logo":{"@type":"ImageObject","inLanguage":"da-DK","@id":"https:\/\/hubsch-interior.com\/da\/#\/schema\/logo\/image\/","url":"https:\/\/hubsch-interior.com\/wp-content\/uploads\/2022\/12\/Hubsch_logo_black_one_line.svg","contentUrl":"https:\/\/hubsch-interior.com\/wp-content\/uploads\/2022\/12\/Hubsch_logo_black_one_line.svg","caption":"H\u00fcbsch"},"image":{"@id":"https:\/\/hubsch-interior.com\/da\/#\/schema\/logo\/image\/"}}]}},"_links":{"self":[{"href":"https:\/\/hubsch-interior.com\/da\/wp-json\/wp\/v2\/product\/35877","targetHints":{"allow":["GET"]}}],"collection":[{"href":"https:\/\/hubsch-interior.com\/da\/wp-json\/wp\/v2\/product"}],"about":[{"href":"https:\/\/hubsch-interior.com\/da\/wp-json\/wp\/v2\/types\/product"}],"wp:featuredmedia":[{"embeddable":true,"href":"https:\/\/hubsch-interior.com\/da\/wp-json\/wp\/v2\/media\/1092499"}],"wp:attachment":[{"href":"https:\/\/hubsch-interior.com\/da\/wp-json\/wp\/v2\/media?parent=35877"}],"wp:term":[{"taxonomy":"product_brand","embeddable":true,"href":"https:\/\/hubsch-interior.com\/da\/wp-json\/wp\/v2\/product_brand?post=35877"},{"taxonomy":"product_cat","embeddable":true,"href":"https:\/\/hubsch-interior.com\/da\/wp-json\/wp\/v2\/product_cat?post=35877"},{"taxonomy":"product_tag","embeddable":true,"href":"https:\/\/hubsch-interior.com\/da\/wp-json\/wp\/v2\/product_tag?post=35877"}],"curies":[{"name":"wp","href":"https:\/\/api.w.org\/{rel}","templated":true}]}}