{"id":386819,"date":"2021-06-04T09:39:40","date_gmt":"2021-06-04T07:39:40","guid":{"rendered":"https:\/\/hubsch-interior.com\/shop-b2c\/product\/product-6\/"},"modified":"2026-04-09T04:15:16","modified_gmt":"2026-04-09T02:15:16","slug":"norm-baenk-sort","status":"publish","type":"product","link":"https:\/\/hubsch-interior.com\/da\/vare\/norm-baenk-sort\/","title":{"rendered":"Norm B\u00e6nk Sort"},"content":{"rendered":"<p>Norm B\u00e6nk er lavet af eucalyptus tr\u00e6, bomuld, metal, nylon og polyester. Den er FSC-certificeret og OEKO-TEX\u00ae STANDARD 100 certificeret. Den er s\u00e6rdeles holdbar og solid, og har et smukt design, der g\u00f8r den velegnet til ethvert hjem. Den har en stilren og enkel udformning, der g\u00f8r den let at integrere i mange forskellige milj\u00f8er. Den er perfekt til at skabe en unik og hyggelig atmosf\u00e6re i dit hjem.<\/p>\n","protected":false},"excerpt":{"rendered":"<p>Norm B\u00e6nk er lavet af eucalyptus tr\u00e6, bomuld, metal, nylon og polyester. Den er FSC-certificeret og OEKO-TEX\u00ae STANDARD 100 certificeret. Den er s\u00e6rdeles holdbar og solid, og har et smukt design, der g\u00f8r den velegnet til ethvert hjem. Den har en stilren og enkel udformning, der g\u00f8r den let at integrere i mange forskellige milj\u00f8er. [&hellip;]<\/p>\n","protected":false},"featured_media":1094106,"template":"","meta":{"_acf_changed":false,"inline_featured_image":false},"product_brand":[],"product_cat":[2876,6321,2841],"product_tag":[],"class_list":{"0":"post-386819","1":"product","2":"type-product","3":"status-publish","4":"has-post-thumbnail","6":"product_cat-baenke-da","7":"product_cat-fsc-da","8":"product_cat-siddemoebler-da","9":"product_shipping_class-p05","11":"pa_color-sort","12":"pa_material-cotton-5-da","13":"pa_material-eukalyptustr","14":"pa_material-jern-da","15":"pa_material-nylon-5-da","16":"pa_material-polyester-90-da","18":"first","19":"instock","20":"taxable","21":"shipping-taxable","22":"purchasable","23":"product-type-simple"},"exclude_global_add_ons":[],"addons":[],"acf":[],"yoast_head":"<!-- This site is optimized with the Yoast SEO plugin v26.4 - https:\/\/yoast.com\/wordpress\/plugins\/seo\/ -->\n<title>Norm B\u00e6nk Sort - H\u00fcbsch<\/title>\n<meta name=\"description\" content=\"Norm B\u00e6nk er lavet af eucalyptus tr\u00e6, bomuld, metal, nylon og polyester. Den er FSC-certificeret og OEKO-TEX\u00ae STANDARD 100 certificeret. Den er s\u00e6rdeles\" \/>\n<meta name=\"robots\" content=\"index, follow, max-snippet:-1, max-image-preview:large, max-video-preview:-1\" \/>\n<link rel=\"canonical\" href=\"https:\/\/hubsch-interior.com\/da\/wp-json\/wp\/v2\/product\/386819\" \/>\n<meta property=\"og:locale\" content=\"da_DK\" \/>\n<meta property=\"og:type\" content=\"article\" \/>\n<meta property=\"og:title\" content=\"Norm B\u00e6nk Sort - H\u00fcbsch\" \/>\n<meta property=\"og:description\" content=\"Norm B\u00e6nk er lavet af eucalyptus tr\u00e6, bomuld, metal, nylon og polyester. Den er FSC-certificeret og OEKO-TEX\u00ae STANDARD 100 certificeret. Den er s\u00e6rdeles\" \/>\n<meta property=\"og:url\" content=\"https:\/\/hubsch-interior.com\/da\/vare\/norm-baenk-sort\/\" \/>\n<meta property=\"og:site_name\" content=\"H\u00fcbsch\" \/>\n<meta property=\"article:modified_time\" content=\"2026-04-09T02:15:16+00:00\" \/>\n<meta property=\"og:image\" content=\"https:\/\/hubsch-interior.com\/wp-content\/uploads\/2026\/02\/norm-bench-black-31483994abfc9057f98eb7c6eb79263b.jpg\" \/>\n\t<meta property=\"og:image:width\" content=\"1024\" \/>\n\t<meta property=\"og:image:height\" content=\"1024\" \/>\n\t<meta property=\"og:image:type\" content=\"image\/jpeg\" \/>\n<meta name=\"twitter:card\" content=\"summary_large_image\" \/>\n<script type=\"application\/ld+json\" class=\"yoast-schema-graph\">{\"@context\":\"https:\/\/schema.org\",\"@graph\":[{\"@type\":\"WebPage\",\"@id\":\"https:\/\/hubsch-interior.com\/da\/vare\/norm-baenk-sort\/\",\"url\":\"https:\/\/hubsch-interior.com\/da\/vare\/norm-baenk-sort\/\",\"name\":\"Norm B\u00e6nk Sort - H\u00fcbsch\",\"isPartOf\":{\"@id\":\"https:\/\/hubsch-interior.com\/da\/#website\"},\"primaryImageOfPage\":{\"@id\":\"https:\/\/hubsch-interior.com\/da\/vare\/norm-baenk-sort\/#primaryimage\"},\"image\":{\"@id\":\"https:\/\/hubsch-interior.com\/da\/vare\/norm-baenk-sort\/#primaryimage\"},\"thumbnailUrl\":\"https:\/\/hubsch-interior.com\/wp-content\/uploads\/2026\/02\/norm-bench-black-31483994abfc9057f98eb7c6eb79263b.jpg\",\"datePublished\":\"2021-06-04T07:39:40+00:00\",\"dateModified\":\"2026-04-09T02:15:16+00:00\",\"description\":\"Norm B\u00e6nk er lavet af eucalyptus tr\u00e6, bomuld, metal, nylon og polyester. Den er FSC-certificeret og OEKO-TEX\u00ae STANDARD 100 certificeret. Den er s\u00e6rdeles\",\"breadcrumb\":{\"@id\":\"https:\/\/hubsch-interior.com\/da\/vare\/norm-baenk-sort\/#breadcrumb\"},\"inLanguage\":\"da-DK\",\"potentialAction\":[{\"@type\":\"ReadAction\",\"target\":[\"https:\/\/hubsch-interior.com\/da\/vare\/norm-baenk-sort\/\"]}]},{\"@type\":\"ImageObject\",\"inLanguage\":\"da-DK\",\"@id\":\"https:\/\/hubsch-interior.com\/da\/vare\/norm-baenk-sort\/#primaryimage\",\"url\":\"https:\/\/hubsch-interior.com\/wp-content\/uploads\/2026\/02\/norm-bench-black-31483994abfc9057f98eb7c6eb79263b.jpg\",\"contentUrl\":\"https:\/\/hubsch-interior.com\/wp-content\/uploads\/2026\/02\/norm-bench-black-31483994abfc9057f98eb7c6eb79263b.jpg\",\"width\":1024,\"height\":1024},{\"@type\":\"BreadcrumbList\",\"@id\":\"https:\/\/hubsch-interior.com\/da\/vare\/norm-baenk-sort\/#breadcrumb\",\"itemListElement\":[{\"@type\":\"ListItem\",\"position\":1,\"name\":\"Forside\",\"item\":\"https:\/\/hubsch-interior.com\/da\/\"},{\"@type\":\"ListItem\",\"position\":2,\"name\":\"Produkter\",\"item\":\"https:\/\/hubsch-interior.com\/da\/produkter\/\"},{\"@type\":\"ListItem\",\"position\":3,\"name\":\"M\u00f8bler\",\"item\":\"https:\/\/hubsch-interior.com\/da\/vare-kategori\/mobler\/\"},{\"@type\":\"ListItem\",\"position\":4,\"name\":\"Siddem&oslash;bler\",\"item\":\"https:\/\/hubsch-interior.com\/da\/vare-kategori\/mobler\/siddemoebler-da\/\"},{\"@type\":\"ListItem\",\"position\":5,\"name\":\"B&aelig;nke\",\"item\":\"https:\/\/hubsch-interior.com\/da\/vare-kategori\/mobler\/siddemoebler-da\/baenke-da\/\"},{\"@type\":\"ListItem\",\"position\":6,\"name\":\"Norm B\u00e6nk Sort\"}]},{\"@type\":\"WebSite\",\"@id\":\"https:\/\/hubsch-interior.com\/da\/#website\",\"url\":\"https:\/\/hubsch-interior.com\/da\/\",\"name\":\"H\u00fcbsch\",\"description\":\"Danish Home Interior and Design\",\"publisher\":{\"@id\":\"https:\/\/hubsch-interior.com\/da\/#organization\"},\"potentialAction\":[{\"@type\":\"SearchAction\",\"target\":{\"@type\":\"EntryPoint\",\"urlTemplate\":\"https:\/\/hubsch-interior.com\/da\/?s={search_term_string}\"},\"query-input\":{\"@type\":\"PropertyValueSpecification\",\"valueRequired\":true,\"valueName\":\"search_term_string\"}}],\"inLanguage\":\"da-DK\"},{\"@type\":\"Organization\",\"@id\":\"https:\/\/hubsch-interior.com\/da\/#organization\",\"name\":\"H\u00fcbsch\",\"url\":\"https:\/\/hubsch-interior.com\/da\/\",\"logo\":{\"@type\":\"ImageObject\",\"inLanguage\":\"da-DK\",\"@id\":\"https:\/\/hubsch-interior.com\/da\/#\/schema\/logo\/image\/\",\"url\":\"https:\/\/hubsch-interior.com\/wp-content\/uploads\/2022\/12\/Hubsch_logo_black_one_line.svg\",\"contentUrl\":\"https:\/\/hubsch-interior.com\/wp-content\/uploads\/2022\/12\/Hubsch_logo_black_one_line.svg\",\"caption\":\"H\u00fcbsch\"},\"image\":{\"@id\":\"https:\/\/hubsch-interior.com\/da\/#\/schema\/logo\/image\/\"}}]}<\/script>\n<!-- \/ Yoast SEO plugin. -->","yoast_head_json":{"title":"Norm B\u00e6nk Sort - H\u00fcbsch","description":"Norm B\u00e6nk er lavet af eucalyptus tr\u00e6, bomuld, metal, nylon og polyester. Den er FSC-certificeret og OEKO-TEX\u00ae STANDARD 100 certificeret. Den er s\u00e6rdeles","robots":{"index":"index","follow":"follow","max-snippet":"max-snippet:-1","max-image-preview":"max-image-preview:large","max-video-preview":"max-video-preview:-1"},"canonical":"https:\/\/hubsch-interior.com\/da\/wp-json\/wp\/v2\/product\/386819","og_locale":"da_DK","og_type":"article","og_title":"Norm B\u00e6nk Sort - H\u00fcbsch","og_description":"Norm B\u00e6nk er lavet af eucalyptus tr\u00e6, bomuld, metal, nylon og polyester. Den er FSC-certificeret og OEKO-TEX\u00ae STANDARD 100 certificeret. Den er s\u00e6rdeles","og_url":"https:\/\/hubsch-interior.com\/da\/vare\/norm-baenk-sort\/","og_site_name":"H\u00fcbsch","article_modified_time":"2026-04-09T02:15:16+00:00","og_image":[{"width":1024,"height":1024,"url":"https:\/\/hubsch-interior.com\/wp-content\/uploads\/2026\/02\/norm-bench-black-31483994abfc9057f98eb7c6eb79263b.jpg","type":"image\/jpeg"}],"twitter_card":"summary_large_image","schema":{"@context":"https:\/\/schema.org","@graph":[{"@type":"WebPage","@id":"https:\/\/hubsch-interior.com\/da\/vare\/norm-baenk-sort\/","url":"https:\/\/hubsch-interior.com\/da\/vare\/norm-baenk-sort\/","name":"Norm B\u00e6nk Sort - H\u00fcbsch","isPartOf":{"@id":"https:\/\/hubsch-interior.com\/da\/#website"},"primaryImageOfPage":{"@id":"https:\/\/hubsch-interior.com\/da\/vare\/norm-baenk-sort\/#primaryimage"},"image":{"@id":"https:\/\/hubsch-interior.com\/da\/vare\/norm-baenk-sort\/#primaryimage"},"thumbnailUrl":"https:\/\/hubsch-interior.com\/wp-content\/uploads\/2026\/02\/norm-bench-black-31483994abfc9057f98eb7c6eb79263b.jpg","datePublished":"2021-06-04T07:39:40+00:00","dateModified":"2026-04-09T02:15:16+00:00","description":"Norm B\u00e6nk er lavet af eucalyptus tr\u00e6, bomuld, metal, nylon og polyester. Den er FSC-certificeret og OEKO-TEX\u00ae STANDARD 100 certificeret. Den er s\u00e6rdeles","breadcrumb":{"@id":"https:\/\/hubsch-interior.com\/da\/vare\/norm-baenk-sort\/#breadcrumb"},"inLanguage":"da-DK","potentialAction":[{"@type":"ReadAction","target":["https:\/\/hubsch-interior.com\/da\/vare\/norm-baenk-sort\/"]}]},{"@type":"ImageObject","inLanguage":"da-DK","@id":"https:\/\/hubsch-interior.com\/da\/vare\/norm-baenk-sort\/#primaryimage","url":"https:\/\/hubsch-interior.com\/wp-content\/uploads\/2026\/02\/norm-bench-black-31483994abfc9057f98eb7c6eb79263b.jpg","contentUrl":"https:\/\/hubsch-interior.com\/wp-content\/uploads\/2026\/02\/norm-bench-black-31483994abfc9057f98eb7c6eb79263b.jpg","width":1024,"height":1024},{"@type":"BreadcrumbList","@id":"https:\/\/hubsch-interior.com\/da\/vare\/norm-baenk-sort\/#breadcrumb","itemListElement":[{"@type":"ListItem","position":1,"name":"Forside","item":"https:\/\/hubsch-interior.com\/da\/"},{"@type":"ListItem","position":2,"name":"Produkter","item":"https:\/\/hubsch-interior.com\/da\/produkter\/"},{"@type":"ListItem","position":3,"name":"M\u00f8bler","item":"https:\/\/hubsch-interior.com\/da\/vare-kategori\/mobler\/"},{"@type":"ListItem","position":4,"name":"Siddem&oslash;bler","item":"https:\/\/hubsch-interior.com\/da\/vare-kategori\/mobler\/siddemoebler-da\/"},{"@type":"ListItem","position":5,"name":"B&aelig;nke","item":"https:\/\/hubsch-interior.com\/da\/vare-kategori\/mobler\/siddemoebler-da\/baenke-da\/"},{"@type":"ListItem","position":6,"name":"Norm B\u00e6nk Sort"}]},{"@type":"WebSite","@id":"https:\/\/hubsch-interior.com\/da\/#website","url":"https:\/\/hubsch-interior.com\/da\/","name":"H\u00fcbsch","description":"Danish Home Interior and Design","publisher":{"@id":"https:\/\/hubsch-interior.com\/da\/#organization"},"potentialAction":[{"@type":"SearchAction","target":{"@type":"EntryPoint","urlTemplate":"https:\/\/hubsch-interior.com\/da\/?s={search_term_string}"},"query-input":{"@type":"PropertyValueSpecification","valueRequired":true,"valueName":"search_term_string"}}],"inLanguage":"da-DK"},{"@type":"Organization","@id":"https:\/\/hubsch-interior.com\/da\/#organization","name":"H\u00fcbsch","url":"https:\/\/hubsch-interior.com\/da\/","logo":{"@type":"ImageObject","inLanguage":"da-DK","@id":"https:\/\/hubsch-interior.com\/da\/#\/schema\/logo\/image\/","url":"https:\/\/hubsch-interior.com\/wp-content\/uploads\/2022\/12\/Hubsch_logo_black_one_line.svg","contentUrl":"https:\/\/hubsch-interior.com\/wp-content\/uploads\/2022\/12\/Hubsch_logo_black_one_line.svg","caption":"H\u00fcbsch"},"image":{"@id":"https:\/\/hubsch-interior.com\/da\/#\/schema\/logo\/image\/"}}]}},"_links":{"self":[{"href":"https:\/\/hubsch-interior.com\/da\/wp-json\/wp\/v2\/product\/386819","targetHints":{"allow":["GET"]}}],"collection":[{"href":"https:\/\/hubsch-interior.com\/da\/wp-json\/wp\/v2\/product"}],"about":[{"href":"https:\/\/hubsch-interior.com\/da\/wp-json\/wp\/v2\/types\/product"}],"wp:featuredmedia":[{"embeddable":true,"href":"https:\/\/hubsch-interior.com\/da\/wp-json\/wp\/v2\/media\/1094106"}],"wp:attachment":[{"href":"https:\/\/hubsch-interior.com\/da\/wp-json\/wp\/v2\/media?parent=386819"}],"wp:term":[{"taxonomy":"product_brand","embeddable":true,"href":"https:\/\/hubsch-interior.com\/da\/wp-json\/wp\/v2\/product_brand?post=386819"},{"taxonomy":"product_cat","embeddable":true,"href":"https:\/\/hubsch-interior.com\/da\/wp-json\/wp\/v2\/product_cat?post=386819"},{"taxonomy":"product_tag","embeddable":true,"href":"https:\/\/hubsch-interior.com\/da\/wp-json\/wp\/v2\/product_tag?post=386819"}],"curies":[{"name":"wp","href":"https:\/\/api.w.org\/{rel}","templated":true}]}}