{"id":387047,"date":"2021-06-04T09:40:41","date_gmt":"2021-06-04T07:40:41","guid":{"rendered":"https:\/\/hubsch-interior.com\/shop-b2c\/product\/product-6\/"},"modified":"2026-04-05T04:15:34","modified_gmt":"2026-04-05T02:15:34","slug":"carry-vaegspejl-sort","status":"publish","type":"product","link":"https:\/\/hubsch-interior.com\/da\/vare\/carry-vaegspejl-sort\/","title":{"rendered":"Carry V\u00e6gspejl Sort"},"content":{"rendered":"<p>Spejlet er designet i en sort metalramme med en unik detalje. Knagen giver god mulighed for at h\u00e6nge h\u00e5ndkl\u00e6der og t\u00e6pper p\u00e5 spejlet. Anbring spejlet i badev\u00e6relset til h\u00e5ndkl\u00e6der eller i stuen til dine plaider.<\/p>\n","protected":false},"excerpt":{"rendered":"<p>Spejlet er designet i en sort metalramme med en unik detalje. Knagen giver god mulighed for at h\u00e6nge h\u00e5ndkl\u00e6der og t\u00e6pper p\u00e5 spejlet. Anbring spejlet i badev\u00e6relset til h\u00e5ndkl\u00e6der eller i stuen til dine plaider.<\/p>\n","protected":false},"featured_media":1094201,"template":"","meta":{"_acf_changed":false,"inline_featured_image":false},"product_brand":[],"product_cat":[6891,6517,2921,2922],"product_tag":[],"class_list":{"0":"post-387047","1":"product","2":"type-product","3":"status-publish","4":"has-post-thumbnail","6":"product_cat-multifunktionelle-moebler-da","7":"product_cat-outlet-da","8":"product_cat-spejle-da","9":"product_cat-vaegspejle-da","10":"product_shipping_class-pk","12":"pa_color-sort","13":"pa_material-spejlglas","15":"first","16":"instock","17":"sale","18":"taxable","19":"shipping-taxable","20":"purchasable","21":"product-type-simple"},"exclude_global_add_ons":[],"addons":[],"acf":[],"yoast_head":"<!-- This site is optimized with the Yoast SEO plugin v26.4 - https:\/\/yoast.com\/wordpress\/plugins\/seo\/ -->\n<title>Carry V\u00e6gspejl Sort - H\u00fcbsch<\/title>\n<meta name=\"description\" content=\"Spejlet er designet i en sort metalramme med en unik detalje. Knagen giver god mulighed for at h\u00e6nge h\u00e5ndkl\u00e6der og t\u00e6pper p\u00e5 spejlet. Anbring spejlet i\" \/>\n<meta name=\"robots\" content=\"index, follow, max-snippet:-1, max-image-preview:large, max-video-preview:-1\" \/>\n<link rel=\"canonical\" href=\"https:\/\/hubsch-interior.com\/da\/wp-json\/wp\/v2\/product\/387047\" \/>\n<meta property=\"og:locale\" content=\"da_DK\" \/>\n<meta property=\"og:type\" content=\"article\" \/>\n<meta property=\"og:title\" content=\"Carry V\u00e6gspejl Sort - H\u00fcbsch\" \/>\n<meta property=\"og:description\" content=\"Spejlet er designet i en sort metalramme med en unik detalje. Knagen giver god mulighed for at h\u00e6nge h\u00e5ndkl\u00e6der og t\u00e6pper p\u00e5 spejlet. Anbring spejlet i\" \/>\n<meta property=\"og:url\" content=\"https:\/\/hubsch-interior.com\/da\/vare\/carry-vaegspejl-sort\/\" \/>\n<meta property=\"og:site_name\" content=\"H\u00fcbsch\" \/>\n<meta property=\"article:modified_time\" content=\"2026-04-05T02:15:34+00:00\" \/>\n<meta property=\"og:image\" content=\"https:\/\/hubsch-interior.com\/wp-content\/uploads\/2023\/08\/carry-wall-mirror-black-87acfe41b5344800fb45935b41551369.jpg\" \/>\n\t<meta property=\"og:image:width\" content=\"1200\" \/>\n\t<meta property=\"og:image:height\" content=\"1200\" \/>\n\t<meta property=\"og:image:type\" content=\"image\/jpeg\" \/>\n<meta name=\"twitter:card\" content=\"summary_large_image\" \/>\n<script type=\"application\/ld+json\" class=\"yoast-schema-graph\">{\"@context\":\"https:\/\/schema.org\",\"@graph\":[{\"@type\":\"WebPage\",\"@id\":\"https:\/\/hubsch-interior.com\/da\/vare\/carry-vaegspejl-sort\/\",\"url\":\"https:\/\/hubsch-interior.com\/da\/vare\/carry-vaegspejl-sort\/\",\"name\":\"Carry V\u00e6gspejl Sort - H\u00fcbsch\",\"isPartOf\":{\"@id\":\"https:\/\/hubsch-interior.com\/da\/#website\"},\"primaryImageOfPage\":{\"@id\":\"https:\/\/hubsch-interior.com\/da\/vare\/carry-vaegspejl-sort\/#primaryimage\"},\"image\":{\"@id\":\"https:\/\/hubsch-interior.com\/da\/vare\/carry-vaegspejl-sort\/#primaryimage\"},\"thumbnailUrl\":\"https:\/\/hubsch-interior.com\/wp-content\/uploads\/2026\/02\/carry-wall-mirror-black-950f63edeb4eef861e697db959bb249f.jpg\",\"datePublished\":\"2021-06-04T07:40:41+00:00\",\"dateModified\":\"2026-04-05T02:15:34+00:00\",\"description\":\"Spejlet er designet i en sort metalramme med en unik detalje. Knagen giver god mulighed for at h\u00e6nge h\u00e5ndkl\u00e6der og t\u00e6pper p\u00e5 spejlet. Anbring spejlet i\",\"breadcrumb\":{\"@id\":\"https:\/\/hubsch-interior.com\/da\/vare\/carry-vaegspejl-sort\/#breadcrumb\"},\"inLanguage\":\"da-DK\",\"potentialAction\":[{\"@type\":\"ReadAction\",\"target\":[\"https:\/\/hubsch-interior.com\/da\/vare\/carry-vaegspejl-sort\/\"]}]},{\"@type\":\"ImageObject\",\"inLanguage\":\"da-DK\",\"@id\":\"https:\/\/hubsch-interior.com\/da\/vare\/carry-vaegspejl-sort\/#primaryimage\",\"url\":\"https:\/\/hubsch-interior.com\/wp-content\/uploads\/2026\/02\/carry-wall-mirror-black-950f63edeb4eef861e697db959bb249f.jpg\",\"contentUrl\":\"https:\/\/hubsch-interior.com\/wp-content\/uploads\/2026\/02\/carry-wall-mirror-black-950f63edeb4eef861e697db959bb249f.jpg\",\"width\":1024,\"height\":1024},{\"@type\":\"BreadcrumbList\",\"@id\":\"https:\/\/hubsch-interior.com\/da\/vare\/carry-vaegspejl-sort\/#breadcrumb\",\"itemListElement\":[{\"@type\":\"ListItem\",\"position\":1,\"name\":\"Forside\",\"item\":\"https:\/\/hubsch-interior.com\/da\/\"},{\"@type\":\"ListItem\",\"position\":2,\"name\":\"Produkter\",\"item\":\"https:\/\/hubsch-interior.com\/da\/produkter\/\"},{\"@type\":\"ListItem\",\"position\":3,\"name\":\"Boligtilbeh\u00f8r\",\"item\":\"https:\/\/hubsch-interior.com\/da\/vare-kategori\/boligtilbehor\/\"},{\"@type\":\"ListItem\",\"position\":4,\"name\":\"Spejle\",\"item\":\"https:\/\/hubsch-interior.com\/da\/vare-kategori\/boligtilbehor\/spejle-da\/\"},{\"@type\":\"ListItem\",\"position\":5,\"name\":\"V&aelig;gspejle\",\"item\":\"https:\/\/hubsch-interior.com\/da\/vare-kategori\/boligtilbehor\/spejle-da\/vaegspejle-da\/\"},{\"@type\":\"ListItem\",\"position\":6,\"name\":\"Carry V\u00e6gspejl Sort\"}]},{\"@type\":\"WebSite\",\"@id\":\"https:\/\/hubsch-interior.com\/da\/#website\",\"url\":\"https:\/\/hubsch-interior.com\/da\/\",\"name\":\"H\u00fcbsch\",\"description\":\"Danish Home Interior and Design\",\"publisher\":{\"@id\":\"https:\/\/hubsch-interior.com\/da\/#organization\"},\"potentialAction\":[{\"@type\":\"SearchAction\",\"target\":{\"@type\":\"EntryPoint\",\"urlTemplate\":\"https:\/\/hubsch-interior.com\/da\/?s={search_term_string}\"},\"query-input\":{\"@type\":\"PropertyValueSpecification\",\"valueRequired\":true,\"valueName\":\"search_term_string\"}}],\"inLanguage\":\"da-DK\"},{\"@type\":\"Organization\",\"@id\":\"https:\/\/hubsch-interior.com\/da\/#organization\",\"name\":\"H\u00fcbsch\",\"url\":\"https:\/\/hubsch-interior.com\/da\/\",\"logo\":{\"@type\":\"ImageObject\",\"inLanguage\":\"da-DK\",\"@id\":\"https:\/\/hubsch-interior.com\/da\/#\/schema\/logo\/image\/\",\"url\":\"https:\/\/hubsch-interior.com\/wp-content\/uploads\/2022\/12\/Hubsch_logo_black_one_line.svg\",\"contentUrl\":\"https:\/\/hubsch-interior.com\/wp-content\/uploads\/2022\/12\/Hubsch_logo_black_one_line.svg\",\"caption\":\"H\u00fcbsch\"},\"image\":{\"@id\":\"https:\/\/hubsch-interior.com\/da\/#\/schema\/logo\/image\/\"}}]}<\/script>\n<!-- \/ Yoast SEO plugin. -->","yoast_head_json":{"title":"Carry V\u00e6gspejl Sort - H\u00fcbsch","description":"Spejlet er designet i en sort metalramme med en unik detalje. Knagen giver god mulighed for at h\u00e6nge h\u00e5ndkl\u00e6der og t\u00e6pper p\u00e5 spejlet. Anbring spejlet i","robots":{"index":"index","follow":"follow","max-snippet":"max-snippet:-1","max-image-preview":"max-image-preview:large","max-video-preview":"max-video-preview:-1"},"canonical":"https:\/\/hubsch-interior.com\/da\/wp-json\/wp\/v2\/product\/387047","og_locale":"da_DK","og_type":"article","og_title":"Carry V\u00e6gspejl Sort - H\u00fcbsch","og_description":"Spejlet er designet i en sort metalramme med en unik detalje. Knagen giver god mulighed for at h\u00e6nge h\u00e5ndkl\u00e6der og t\u00e6pper p\u00e5 spejlet. Anbring spejlet i","og_url":"https:\/\/hubsch-interior.com\/da\/vare\/carry-vaegspejl-sort\/","og_site_name":"H\u00fcbsch","article_modified_time":"2026-04-05T02:15:34+00:00","og_image":[{"width":1200,"height":1200,"url":"https:\/\/hubsch-interior.com\/wp-content\/uploads\/2023\/08\/carry-wall-mirror-black-87acfe41b5344800fb45935b41551369.jpg","type":"image\/jpeg"}],"twitter_card":"summary_large_image","schema":{"@context":"https:\/\/schema.org","@graph":[{"@type":"WebPage","@id":"https:\/\/hubsch-interior.com\/da\/vare\/carry-vaegspejl-sort\/","url":"https:\/\/hubsch-interior.com\/da\/vare\/carry-vaegspejl-sort\/","name":"Carry V\u00e6gspejl Sort - H\u00fcbsch","isPartOf":{"@id":"https:\/\/hubsch-interior.com\/da\/#website"},"primaryImageOfPage":{"@id":"https:\/\/hubsch-interior.com\/da\/vare\/carry-vaegspejl-sort\/#primaryimage"},"image":{"@id":"https:\/\/hubsch-interior.com\/da\/vare\/carry-vaegspejl-sort\/#primaryimage"},"thumbnailUrl":"https:\/\/hubsch-interior.com\/wp-content\/uploads\/2026\/02\/carry-wall-mirror-black-950f63edeb4eef861e697db959bb249f.jpg","datePublished":"2021-06-04T07:40:41+00:00","dateModified":"2026-04-05T02:15:34+00:00","description":"Spejlet er designet i en sort metalramme med en unik detalje. Knagen giver god mulighed for at h\u00e6nge h\u00e5ndkl\u00e6der og t\u00e6pper p\u00e5 spejlet. Anbring spejlet i","breadcrumb":{"@id":"https:\/\/hubsch-interior.com\/da\/vare\/carry-vaegspejl-sort\/#breadcrumb"},"inLanguage":"da-DK","potentialAction":[{"@type":"ReadAction","target":["https:\/\/hubsch-interior.com\/da\/vare\/carry-vaegspejl-sort\/"]}]},{"@type":"ImageObject","inLanguage":"da-DK","@id":"https:\/\/hubsch-interior.com\/da\/vare\/carry-vaegspejl-sort\/#primaryimage","url":"https:\/\/hubsch-interior.com\/wp-content\/uploads\/2026\/02\/carry-wall-mirror-black-950f63edeb4eef861e697db959bb249f.jpg","contentUrl":"https:\/\/hubsch-interior.com\/wp-content\/uploads\/2026\/02\/carry-wall-mirror-black-950f63edeb4eef861e697db959bb249f.jpg","width":1024,"height":1024},{"@type":"BreadcrumbList","@id":"https:\/\/hubsch-interior.com\/da\/vare\/carry-vaegspejl-sort\/#breadcrumb","itemListElement":[{"@type":"ListItem","position":1,"name":"Forside","item":"https:\/\/hubsch-interior.com\/da\/"},{"@type":"ListItem","position":2,"name":"Produkter","item":"https:\/\/hubsch-interior.com\/da\/produkter\/"},{"@type":"ListItem","position":3,"name":"Boligtilbeh\u00f8r","item":"https:\/\/hubsch-interior.com\/da\/vare-kategori\/boligtilbehor\/"},{"@type":"ListItem","position":4,"name":"Spejle","item":"https:\/\/hubsch-interior.com\/da\/vare-kategori\/boligtilbehor\/spejle-da\/"},{"@type":"ListItem","position":5,"name":"V&aelig;gspejle","item":"https:\/\/hubsch-interior.com\/da\/vare-kategori\/boligtilbehor\/spejle-da\/vaegspejle-da\/"},{"@type":"ListItem","position":6,"name":"Carry V\u00e6gspejl Sort"}]},{"@type":"WebSite","@id":"https:\/\/hubsch-interior.com\/da\/#website","url":"https:\/\/hubsch-interior.com\/da\/","name":"H\u00fcbsch","description":"Danish Home Interior and Design","publisher":{"@id":"https:\/\/hubsch-interior.com\/da\/#organization"},"potentialAction":[{"@type":"SearchAction","target":{"@type":"EntryPoint","urlTemplate":"https:\/\/hubsch-interior.com\/da\/?s={search_term_string}"},"query-input":{"@type":"PropertyValueSpecification","valueRequired":true,"valueName":"search_term_string"}}],"inLanguage":"da-DK"},{"@type":"Organization","@id":"https:\/\/hubsch-interior.com\/da\/#organization","name":"H\u00fcbsch","url":"https:\/\/hubsch-interior.com\/da\/","logo":{"@type":"ImageObject","inLanguage":"da-DK","@id":"https:\/\/hubsch-interior.com\/da\/#\/schema\/logo\/image\/","url":"https:\/\/hubsch-interior.com\/wp-content\/uploads\/2022\/12\/Hubsch_logo_black_one_line.svg","contentUrl":"https:\/\/hubsch-interior.com\/wp-content\/uploads\/2022\/12\/Hubsch_logo_black_one_line.svg","caption":"H\u00fcbsch"},"image":{"@id":"https:\/\/hubsch-interior.com\/da\/#\/schema\/logo\/image\/"}}]}},"_links":{"self":[{"href":"https:\/\/hubsch-interior.com\/da\/wp-json\/wp\/v2\/product\/387047","targetHints":{"allow":["GET"]}}],"collection":[{"href":"https:\/\/hubsch-interior.com\/da\/wp-json\/wp\/v2\/product"}],"about":[{"href":"https:\/\/hubsch-interior.com\/da\/wp-json\/wp\/v2\/types\/product"}],"wp:featuredmedia":[{"embeddable":true,"href":"https:\/\/hubsch-interior.com\/da\/wp-json\/wp\/v2\/media\/1094201"}],"wp:attachment":[{"href":"https:\/\/hubsch-interior.com\/da\/wp-json\/wp\/v2\/media?parent=387047"}],"wp:term":[{"taxonomy":"product_brand","embeddable":true,"href":"https:\/\/hubsch-interior.com\/da\/wp-json\/wp\/v2\/product_brand?post=387047"},{"taxonomy":"product_cat","embeddable":true,"href":"https:\/\/hubsch-interior.com\/da\/wp-json\/wp\/v2\/product_cat?post=387047"},{"taxonomy":"product_tag","embeddable":true,"href":"https:\/\/hubsch-interior.com\/da\/wp-json\/wp\/v2\/product_tag?post=387047"}],"curies":[{"name":"wp","href":"https:\/\/api.w.org\/{rel}","templated":true}]}}