{"id":387339,"date":"2021-06-04T09:41:44","date_gmt":"2021-06-04T07:41:44","guid":{"rendered":"https:\/\/hubsch-interior.com\/shop-b2c\/product\/product-6\/"},"modified":"2026-04-09T04:15:41","modified_gmt":"2026-04-09T02:15:41","slug":"haze-loungestol-brun-natur","status":"publish","type":"product","link":"https:\/\/hubsch-interior.com\/da\/vare\/haze-loungestol-brun-natur\/","title":{"rendered":"Haze Loungestol Brun\/Natur"},"content":{"rendered":"<p>Haze Loungestol Brun er lavet af FSC-certificeret egetr\u00e6 og PU l\u00e6der, som er OEKO-TEX\u00ae STANDARD 100 certificeret. Det er en unik stol som tager hensyn til milj\u00f8et, mens det stadig giver et stilfuldt og komfortabelt indtryk. Det har et simpelt og sofistikeret design, som vil se godt ud i ethvert hjem. Det har letv\u00e6gts konstruktion, s\u00e5 det er let at flytte rundt og finde den perfekte placering. Hvis du leder efter en l\u00e6kker l\u00e6nestol, er Haze Loungestol Brun det perfekte valg.<\/p>\n","protected":false},"excerpt":{"rendered":"<p>Haze Loungestol Brun er lavet af FSC-certificeret egetr\u00e6 og PU l\u00e6der, som er OEKO-TEX\u00ae STANDARD 100 certificeret. Det er en unik stol som tager hensyn til milj\u00f8et, mens det stadig giver et stilfuldt og komfortabelt indtryk. Det har et simpelt og sofistikeret design, som vil se godt ud i ethvert hjem. Det har letv\u00e6gts konstruktion, [&hellip;]<\/p>\n","protected":false},"featured_media":1112562,"template":"","meta":{"_acf_changed":false,"inline_featured_image":false},"product_brand":[],"product_cat":[5025,6321,3022,2841],"product_tag":[],"class_list":{"0":"post-387339","1":"product","2":"type-product","3":"status-publish","4":"has-post-thumbnail","6":"product_cat-bestsellers-da","7":"product_cat-fsc-da","8":"product_cat-laenestole-da","9":"product_cat-siddemoebler-da","10":"product_shipping_class-p10","12":"pa_color-brun","13":"pa_color-natur-2","14":"pa_material-egetr","15":"pa_material-pu-lder","17":"first","18":"instock","19":"featured","20":"taxable","21":"shipping-taxable","22":"purchasable","23":"product-type-simple"},"exclude_global_add_ons":[],"addons":[],"acf":[],"yoast_head":"<!-- This site is optimized with the Yoast SEO plugin v26.4 - https:\/\/yoast.com\/wordpress\/plugins\/seo\/ -->\n<title>Haze Loungestol Brun\/Natur - H\u00fcbsch<\/title>\n<meta name=\"description\" content=\"Haze Loungestol Brun er lavet af FSC-certificeret egetr\u00e6 og PU l\u00e6der, som er OEKO-TEX\u00ae STANDARD 100 certificeret. Det er en unik stol som tager hensyn til\" \/>\n<meta name=\"robots\" content=\"index, follow, max-snippet:-1, max-image-preview:large, max-video-preview:-1\" \/>\n<link rel=\"canonical\" href=\"https:\/\/hubsch-interior.com\/da\/wp-json\/wp\/v2\/product\/387339\" \/>\n<meta property=\"og:locale\" content=\"da_DK\" \/>\n<meta property=\"og:type\" content=\"article\" \/>\n<meta property=\"og:title\" content=\"Haze Loungestol Brun\/Natur - H\u00fcbsch\" \/>\n<meta property=\"og:description\" content=\"Haze Loungestol Brun er lavet af FSC-certificeret egetr\u00e6 og PU l\u00e6der, som er OEKO-TEX\u00ae STANDARD 100 certificeret. Det er en unik stol som tager hensyn til\" \/>\n<meta property=\"og:url\" content=\"https:\/\/hubsch-interior.com\/da\/vare\/haze-loungestol-brun-natur\/\" \/>\n<meta property=\"og:site_name\" content=\"H\u00fcbsch\" \/>\n<meta property=\"article:modified_time\" content=\"2026-04-09T02:15:41+00:00\" \/>\n<meta property=\"og:image\" content=\"https:\/\/hubsch-interior.com\/wp-content\/uploads\/2024\/05\/haze-lounge-chair-brownnatural-d6294a278689c0131a2cc6c6f14eb9dd.jpg\" \/>\n\t<meta property=\"og:image:width\" content=\"1200\" \/>\n\t<meta property=\"og:image:height\" content=\"1200\" \/>\n\t<meta property=\"og:image:type\" content=\"image\/jpeg\" \/>\n<meta name=\"twitter:card\" content=\"summary_large_image\" \/>\n<script type=\"application\/ld+json\" class=\"yoast-schema-graph\">{\"@context\":\"https:\/\/schema.org\",\"@graph\":[{\"@type\":\"WebPage\",\"@id\":\"https:\/\/hubsch-interior.com\/da\/vare\/haze-loungestol-brun-natur\/\",\"url\":\"https:\/\/hubsch-interior.com\/da\/vare\/haze-loungestol-brun-natur\/\",\"name\":\"Haze Loungestol Brun\/Natur - H\u00fcbsch\",\"isPartOf\":{\"@id\":\"https:\/\/hubsch-interior.com\/da\/#website\"},\"primaryImageOfPage\":{\"@id\":\"https:\/\/hubsch-interior.com\/da\/vare\/haze-loungestol-brun-natur\/#primaryimage\"},\"image\":{\"@id\":\"https:\/\/hubsch-interior.com\/da\/vare\/haze-loungestol-brun-natur\/#primaryimage\"},\"thumbnailUrl\":\"https:\/\/hubsch-interior.com\/wp-content\/uploads\/2026\/02\/haze-lounge-chair-brownnatural-2791d366f424ede7305da3a2e830a97b.jpg\",\"datePublished\":\"2021-06-04T07:41:44+00:00\",\"dateModified\":\"2026-04-09T02:15:41+00:00\",\"description\":\"Haze Loungestol Brun er lavet af FSC-certificeret egetr\u00e6 og PU l\u00e6der, som er OEKO-TEX\u00ae STANDARD 100 certificeret. Det er en unik stol som tager hensyn til\",\"breadcrumb\":{\"@id\":\"https:\/\/hubsch-interior.com\/da\/vare\/haze-loungestol-brun-natur\/#breadcrumb\"},\"inLanguage\":\"da-DK\",\"potentialAction\":[{\"@type\":\"ReadAction\",\"target\":[\"https:\/\/hubsch-interior.com\/da\/vare\/haze-loungestol-brun-natur\/\"]}]},{\"@type\":\"ImageObject\",\"inLanguage\":\"da-DK\",\"@id\":\"https:\/\/hubsch-interior.com\/da\/vare\/haze-loungestol-brun-natur\/#primaryimage\",\"url\":\"https:\/\/hubsch-interior.com\/wp-content\/uploads\/2026\/02\/haze-lounge-chair-brownnatural-2791d366f424ede7305da3a2e830a97b.jpg\",\"contentUrl\":\"https:\/\/hubsch-interior.com\/wp-content\/uploads\/2026\/02\/haze-lounge-chair-brownnatural-2791d366f424ede7305da3a2e830a97b.jpg\",\"width\":1024,\"height\":1024},{\"@type\":\"BreadcrumbList\",\"@id\":\"https:\/\/hubsch-interior.com\/da\/vare\/haze-loungestol-brun-natur\/#breadcrumb\",\"itemListElement\":[{\"@type\":\"ListItem\",\"position\":1,\"name\":\"Forside\",\"item\":\"https:\/\/hubsch-interior.com\/da\/\"},{\"@type\":\"ListItem\",\"position\":2,\"name\":\"Produkter\",\"item\":\"https:\/\/hubsch-interior.com\/da\/produkter\/\"},{\"@type\":\"ListItem\",\"position\":3,\"name\":\"FSC\",\"item\":\"https:\/\/hubsch-interior.com\/da\/vare-kategori\/fsc-da\/\"},{\"@type\":\"ListItem\",\"position\":4,\"name\":\"Haze Loungestol Brun\/Natur\"}]},{\"@type\":\"WebSite\",\"@id\":\"https:\/\/hubsch-interior.com\/da\/#website\",\"url\":\"https:\/\/hubsch-interior.com\/da\/\",\"name\":\"H\u00fcbsch\",\"description\":\"Danish Home Interior and Design\",\"publisher\":{\"@id\":\"https:\/\/hubsch-interior.com\/da\/#organization\"},\"potentialAction\":[{\"@type\":\"SearchAction\",\"target\":{\"@type\":\"EntryPoint\",\"urlTemplate\":\"https:\/\/hubsch-interior.com\/da\/?s={search_term_string}\"},\"query-input\":{\"@type\":\"PropertyValueSpecification\",\"valueRequired\":true,\"valueName\":\"search_term_string\"}}],\"inLanguage\":\"da-DK\"},{\"@type\":\"Organization\",\"@id\":\"https:\/\/hubsch-interior.com\/da\/#organization\",\"name\":\"H\u00fcbsch\",\"url\":\"https:\/\/hubsch-interior.com\/da\/\",\"logo\":{\"@type\":\"ImageObject\",\"inLanguage\":\"da-DK\",\"@id\":\"https:\/\/hubsch-interior.com\/da\/#\/schema\/logo\/image\/\",\"url\":\"https:\/\/hubsch-interior.com\/wp-content\/uploads\/2022\/12\/Hubsch_logo_black_one_line.svg\",\"contentUrl\":\"https:\/\/hubsch-interior.com\/wp-content\/uploads\/2022\/12\/Hubsch_logo_black_one_line.svg\",\"caption\":\"H\u00fcbsch\"},\"image\":{\"@id\":\"https:\/\/hubsch-interior.com\/da\/#\/schema\/logo\/image\/\"}}]}<\/script>\n<!-- \/ Yoast SEO plugin. -->","yoast_head_json":{"title":"Haze Loungestol Brun\/Natur - H\u00fcbsch","description":"Haze Loungestol Brun er lavet af FSC-certificeret egetr\u00e6 og PU l\u00e6der, som er OEKO-TEX\u00ae STANDARD 100 certificeret. Det er en unik stol som tager hensyn til","robots":{"index":"index","follow":"follow","max-snippet":"max-snippet:-1","max-image-preview":"max-image-preview:large","max-video-preview":"max-video-preview:-1"},"canonical":"https:\/\/hubsch-interior.com\/da\/wp-json\/wp\/v2\/product\/387339","og_locale":"da_DK","og_type":"article","og_title":"Haze Loungestol Brun\/Natur - H\u00fcbsch","og_description":"Haze Loungestol Brun er lavet af FSC-certificeret egetr\u00e6 og PU l\u00e6der, som er OEKO-TEX\u00ae STANDARD 100 certificeret. Det er en unik stol som tager hensyn til","og_url":"https:\/\/hubsch-interior.com\/da\/vare\/haze-loungestol-brun-natur\/","og_site_name":"H\u00fcbsch","article_modified_time":"2026-04-09T02:15:41+00:00","og_image":[{"width":1200,"height":1200,"url":"https:\/\/hubsch-interior.com\/wp-content\/uploads\/2024\/05\/haze-lounge-chair-brownnatural-d6294a278689c0131a2cc6c6f14eb9dd.jpg","type":"image\/jpeg"}],"twitter_card":"summary_large_image","schema":{"@context":"https:\/\/schema.org","@graph":[{"@type":"WebPage","@id":"https:\/\/hubsch-interior.com\/da\/vare\/haze-loungestol-brun-natur\/","url":"https:\/\/hubsch-interior.com\/da\/vare\/haze-loungestol-brun-natur\/","name":"Haze Loungestol Brun\/Natur - H\u00fcbsch","isPartOf":{"@id":"https:\/\/hubsch-interior.com\/da\/#website"},"primaryImageOfPage":{"@id":"https:\/\/hubsch-interior.com\/da\/vare\/haze-loungestol-brun-natur\/#primaryimage"},"image":{"@id":"https:\/\/hubsch-interior.com\/da\/vare\/haze-loungestol-brun-natur\/#primaryimage"},"thumbnailUrl":"https:\/\/hubsch-interior.com\/wp-content\/uploads\/2026\/02\/haze-lounge-chair-brownnatural-2791d366f424ede7305da3a2e830a97b.jpg","datePublished":"2021-06-04T07:41:44+00:00","dateModified":"2026-04-09T02:15:41+00:00","description":"Haze Loungestol Brun er lavet af FSC-certificeret egetr\u00e6 og PU l\u00e6der, som er OEKO-TEX\u00ae STANDARD 100 certificeret. Det er en unik stol som tager hensyn til","breadcrumb":{"@id":"https:\/\/hubsch-interior.com\/da\/vare\/haze-loungestol-brun-natur\/#breadcrumb"},"inLanguage":"da-DK","potentialAction":[{"@type":"ReadAction","target":["https:\/\/hubsch-interior.com\/da\/vare\/haze-loungestol-brun-natur\/"]}]},{"@type":"ImageObject","inLanguage":"da-DK","@id":"https:\/\/hubsch-interior.com\/da\/vare\/haze-loungestol-brun-natur\/#primaryimage","url":"https:\/\/hubsch-interior.com\/wp-content\/uploads\/2026\/02\/haze-lounge-chair-brownnatural-2791d366f424ede7305da3a2e830a97b.jpg","contentUrl":"https:\/\/hubsch-interior.com\/wp-content\/uploads\/2026\/02\/haze-lounge-chair-brownnatural-2791d366f424ede7305da3a2e830a97b.jpg","width":1024,"height":1024},{"@type":"BreadcrumbList","@id":"https:\/\/hubsch-interior.com\/da\/vare\/haze-loungestol-brun-natur\/#breadcrumb","itemListElement":[{"@type":"ListItem","position":1,"name":"Forside","item":"https:\/\/hubsch-interior.com\/da\/"},{"@type":"ListItem","position":2,"name":"Produkter","item":"https:\/\/hubsch-interior.com\/da\/produkter\/"},{"@type":"ListItem","position":3,"name":"FSC","item":"https:\/\/hubsch-interior.com\/da\/vare-kategori\/fsc-da\/"},{"@type":"ListItem","position":4,"name":"Haze Loungestol Brun\/Natur"}]},{"@type":"WebSite","@id":"https:\/\/hubsch-interior.com\/da\/#website","url":"https:\/\/hubsch-interior.com\/da\/","name":"H\u00fcbsch","description":"Danish Home Interior and Design","publisher":{"@id":"https:\/\/hubsch-interior.com\/da\/#organization"},"potentialAction":[{"@type":"SearchAction","target":{"@type":"EntryPoint","urlTemplate":"https:\/\/hubsch-interior.com\/da\/?s={search_term_string}"},"query-input":{"@type":"PropertyValueSpecification","valueRequired":true,"valueName":"search_term_string"}}],"inLanguage":"da-DK"},{"@type":"Organization","@id":"https:\/\/hubsch-interior.com\/da\/#organization","name":"H\u00fcbsch","url":"https:\/\/hubsch-interior.com\/da\/","logo":{"@type":"ImageObject","inLanguage":"da-DK","@id":"https:\/\/hubsch-interior.com\/da\/#\/schema\/logo\/image\/","url":"https:\/\/hubsch-interior.com\/wp-content\/uploads\/2022\/12\/Hubsch_logo_black_one_line.svg","contentUrl":"https:\/\/hubsch-interior.com\/wp-content\/uploads\/2022\/12\/Hubsch_logo_black_one_line.svg","caption":"H\u00fcbsch"},"image":{"@id":"https:\/\/hubsch-interior.com\/da\/#\/schema\/logo\/image\/"}}]}},"_links":{"self":[{"href":"https:\/\/hubsch-interior.com\/da\/wp-json\/wp\/v2\/product\/387339","targetHints":{"allow":["GET"]}}],"collection":[{"href":"https:\/\/hubsch-interior.com\/da\/wp-json\/wp\/v2\/product"}],"about":[{"href":"https:\/\/hubsch-interior.com\/da\/wp-json\/wp\/v2\/types\/product"}],"wp:featuredmedia":[{"embeddable":true,"href":"https:\/\/hubsch-interior.com\/da\/wp-json\/wp\/v2\/media\/1112562"}],"wp:attachment":[{"href":"https:\/\/hubsch-interior.com\/da\/wp-json\/wp\/v2\/media?parent=387339"}],"wp:term":[{"taxonomy":"product_brand","embeddable":true,"href":"https:\/\/hubsch-interior.com\/da\/wp-json\/wp\/v2\/product_brand?post=387339"},{"taxonomy":"product_cat","embeddable":true,"href":"https:\/\/hubsch-interior.com\/da\/wp-json\/wp\/v2\/product_cat?post=387339"},{"taxonomy":"product_tag","embeddable":true,"href":"https:\/\/hubsch-interior.com\/da\/wp-json\/wp\/v2\/product_tag?post=387339"}],"curies":[{"name":"wp","href":"https:\/\/api.w.org\/{rel}","templated":true}]}}