{"id":387359,"date":"2021-06-04T09:41:50","date_gmt":"2021-06-04T07:41:50","guid":{"rendered":"https:\/\/hubsch-interior.com\/shop-b2c\/product\/product-6\/"},"modified":"2026-04-09T04:15:44","modified_gmt":"2026-04-09T02:15:44","slug":"haze-loungestol-gra-natur","status":"publish","type":"product","link":"https:\/\/hubsch-interior.com\/da\/vare\/haze-loungestol-gra-natur\/","title":{"rendered":"Haze Loungestol Gr\u00e5\/Natur"},"content":{"rendered":"<p>Haze Loungestol Gr\u00e5 er en moderne og stilfuld stol med et skandinavisk design. Stolen er fremstillet af b\u00e6redygtigt FSC-certificeret eg og et robust Polyester stof. Dette sikrer, at stolen er b\u00e5de holdbar og slidst\u00e6rk. Den er desuden certificeret af OEKO-TEX\u00ae STANDARD 100, s\u00e5 du kan v\u00e6re sikker p\u00e5, at produktets materialer ikke udg\u00f8r en risiko for dit helbred. Haze Loungestol Gr\u00e5 er den perfekte stol til ethvert hjem. Den skaber et moderne og elegant udtryk, der passer ind i ethvert milj\u00f8.<\/p>\n","protected":false},"excerpt":{"rendered":"<p>Haze Loungestol Gr\u00e5 er en moderne og stilfuld stol med et skandinavisk design. Stolen er fremstillet af b\u00e6redygtigt FSC-certificeret eg og et robust Polyester stof. Dette sikrer, at stolen er b\u00e5de holdbar og slidst\u00e6rk. Den er desuden certificeret af OEKO-TEX\u00ae STANDARD 100, s\u00e5 du kan v\u00e6re sikker p\u00e5, at produktets materialer ikke udg\u00f8r en risiko [&hellip;]<\/p>\n","protected":false},"featured_media":1094293,"template":"","meta":{"_acf_changed":false,"inline_featured_image":false},"product_brand":[],"product_cat":[6321,3022,2841],"product_tag":[],"class_list":{"0":"post-387359","1":"product","2":"type-product","3":"status-publish","4":"has-post-thumbnail","6":"product_cat-fsc-da","7":"product_cat-laenestole-da","8":"product_cat-siddemoebler-da","9":"product_shipping_class-p10","11":"pa_color-gr","12":"pa_color-natur-2","13":"pa_material-egetr","14":"pa_material-polyester-100-da","16":"first","17":"instock","18":"taxable","19":"shipping-taxable","20":"purchasable","21":"product-type-simple"},"exclude_global_add_ons":[],"addons":[],"acf":[],"yoast_head":"<!-- This site is optimized with the Yoast SEO plugin v26.4 - https:\/\/yoast.com\/wordpress\/plugins\/seo\/ -->\n<title>Haze Loungestol Gr\u00e5\/Natur - H\u00fcbsch<\/title>\n<meta name=\"description\" content=\"Haze Loungestol Gr\u00e5 er en moderne og stilfuld stol med et skandinavisk design. Stolen er fremstillet af b\u00e6redygtigt FSC-certificeret eg og et robust\" \/>\n<meta name=\"robots\" content=\"index, follow, max-snippet:-1, max-image-preview:large, max-video-preview:-1\" \/>\n<link rel=\"canonical\" href=\"https:\/\/hubsch-interior.com\/da\/wp-json\/wp\/v2\/product\/387359\" \/>\n<meta property=\"og:locale\" content=\"da_DK\" \/>\n<meta property=\"og:type\" content=\"article\" \/>\n<meta property=\"og:title\" content=\"Haze Loungestol Gr\u00e5\/Natur - H\u00fcbsch\" \/>\n<meta property=\"og:description\" content=\"Haze Loungestol Gr\u00e5 er en moderne og stilfuld stol med et skandinavisk design. Stolen er fremstillet af b\u00e6redygtigt FSC-certificeret eg og et robust\" \/>\n<meta property=\"og:url\" content=\"https:\/\/hubsch-interior.com\/da\/vare\/haze-loungestol-gra-natur\/\" \/>\n<meta property=\"og:site_name\" content=\"H\u00fcbsch\" \/>\n<meta property=\"article:modified_time\" content=\"2026-04-09T02:15:44+00:00\" \/>\n<meta property=\"og:image\" content=\"https:\/\/hubsch-interior.com\/wp-content\/uploads\/2025\/08\/haze-lounge-chair-greynatural-471658d7c4bf94951c48177fa8151b3c.jpg\" \/>\n\t<meta property=\"og:image:width\" content=\"1200\" \/>\n\t<meta property=\"og:image:height\" content=\"1200\" \/>\n\t<meta property=\"og:image:type\" content=\"image\/jpeg\" \/>\n<meta name=\"twitter:card\" content=\"summary_large_image\" \/>\n<script type=\"application\/ld+json\" class=\"yoast-schema-graph\">{\"@context\":\"https:\/\/schema.org\",\"@graph\":[{\"@type\":\"WebPage\",\"@id\":\"https:\/\/hubsch-interior.com\/da\/vare\/haze-loungestol-gra-natur\/\",\"url\":\"https:\/\/hubsch-interior.com\/da\/vare\/haze-loungestol-gra-natur\/\",\"name\":\"Haze Loungestol Gr\u00e5\/Natur - H\u00fcbsch\",\"isPartOf\":{\"@id\":\"https:\/\/hubsch-interior.com\/da\/#website\"},\"primaryImageOfPage\":{\"@id\":\"https:\/\/hubsch-interior.com\/da\/vare\/haze-loungestol-gra-natur\/#primaryimage\"},\"image\":{\"@id\":\"https:\/\/hubsch-interior.com\/da\/vare\/haze-loungestol-gra-natur\/#primaryimage\"},\"thumbnailUrl\":\"https:\/\/hubsch-interior.com\/wp-content\/uploads\/2026\/02\/haze-lounge-chair-greynatural-e3c1af425063190c86734fd3f3f8c02d.jpg\",\"datePublished\":\"2021-06-04T07:41:50+00:00\",\"dateModified\":\"2026-04-09T02:15:44+00:00\",\"description\":\"Haze Loungestol Gr\u00e5 er en moderne og stilfuld stol med et skandinavisk design. Stolen er fremstillet af b\u00e6redygtigt FSC-certificeret eg og et robust\",\"breadcrumb\":{\"@id\":\"https:\/\/hubsch-interior.com\/da\/vare\/haze-loungestol-gra-natur\/#breadcrumb\"},\"inLanguage\":\"da-DK\",\"potentialAction\":[{\"@type\":\"ReadAction\",\"target\":[\"https:\/\/hubsch-interior.com\/da\/vare\/haze-loungestol-gra-natur\/\"]}]},{\"@type\":\"ImageObject\",\"inLanguage\":\"da-DK\",\"@id\":\"https:\/\/hubsch-interior.com\/da\/vare\/haze-loungestol-gra-natur\/#primaryimage\",\"url\":\"https:\/\/hubsch-interior.com\/wp-content\/uploads\/2026\/02\/haze-lounge-chair-greynatural-e3c1af425063190c86734fd3f3f8c02d.jpg\",\"contentUrl\":\"https:\/\/hubsch-interior.com\/wp-content\/uploads\/2026\/02\/haze-lounge-chair-greynatural-e3c1af425063190c86734fd3f3f8c02d.jpg\",\"width\":1024,\"height\":1024},{\"@type\":\"BreadcrumbList\",\"@id\":\"https:\/\/hubsch-interior.com\/da\/vare\/haze-loungestol-gra-natur\/#breadcrumb\",\"itemListElement\":[{\"@type\":\"ListItem\",\"position\":1,\"name\":\"Forside\",\"item\":\"https:\/\/hubsch-interior.com\/da\/\"},{\"@type\":\"ListItem\",\"position\":2,\"name\":\"Produkter\",\"item\":\"https:\/\/hubsch-interior.com\/da\/produkter\/\"},{\"@type\":\"ListItem\",\"position\":3,\"name\":\"FSC\",\"item\":\"https:\/\/hubsch-interior.com\/da\/vare-kategori\/fsc-da\/\"},{\"@type\":\"ListItem\",\"position\":4,\"name\":\"Haze Loungestol Gr\u00e5\/Natur\"}]},{\"@type\":\"WebSite\",\"@id\":\"https:\/\/hubsch-interior.com\/da\/#website\",\"url\":\"https:\/\/hubsch-interior.com\/da\/\",\"name\":\"H\u00fcbsch\",\"description\":\"Danish Home Interior and Design\",\"publisher\":{\"@id\":\"https:\/\/hubsch-interior.com\/da\/#organization\"},\"potentialAction\":[{\"@type\":\"SearchAction\",\"target\":{\"@type\":\"EntryPoint\",\"urlTemplate\":\"https:\/\/hubsch-interior.com\/da\/?s={search_term_string}\"},\"query-input\":{\"@type\":\"PropertyValueSpecification\",\"valueRequired\":true,\"valueName\":\"search_term_string\"}}],\"inLanguage\":\"da-DK\"},{\"@type\":\"Organization\",\"@id\":\"https:\/\/hubsch-interior.com\/da\/#organization\",\"name\":\"H\u00fcbsch\",\"url\":\"https:\/\/hubsch-interior.com\/da\/\",\"logo\":{\"@type\":\"ImageObject\",\"inLanguage\":\"da-DK\",\"@id\":\"https:\/\/hubsch-interior.com\/da\/#\/schema\/logo\/image\/\",\"url\":\"https:\/\/hubsch-interior.com\/wp-content\/uploads\/2022\/12\/Hubsch_logo_black_one_line.svg\",\"contentUrl\":\"https:\/\/hubsch-interior.com\/wp-content\/uploads\/2022\/12\/Hubsch_logo_black_one_line.svg\",\"caption\":\"H\u00fcbsch\"},\"image\":{\"@id\":\"https:\/\/hubsch-interior.com\/da\/#\/schema\/logo\/image\/\"}}]}<\/script>\n<!-- \/ Yoast SEO plugin. -->","yoast_head_json":{"title":"Haze Loungestol Gr\u00e5\/Natur - H\u00fcbsch","description":"Haze Loungestol Gr\u00e5 er en moderne og stilfuld stol med et skandinavisk design. Stolen er fremstillet af b\u00e6redygtigt FSC-certificeret eg og et robust","robots":{"index":"index","follow":"follow","max-snippet":"max-snippet:-1","max-image-preview":"max-image-preview:large","max-video-preview":"max-video-preview:-1"},"canonical":"https:\/\/hubsch-interior.com\/da\/wp-json\/wp\/v2\/product\/387359","og_locale":"da_DK","og_type":"article","og_title":"Haze Loungestol Gr\u00e5\/Natur - H\u00fcbsch","og_description":"Haze Loungestol Gr\u00e5 er en moderne og stilfuld stol med et skandinavisk design. Stolen er fremstillet af b\u00e6redygtigt FSC-certificeret eg og et robust","og_url":"https:\/\/hubsch-interior.com\/da\/vare\/haze-loungestol-gra-natur\/","og_site_name":"H\u00fcbsch","article_modified_time":"2026-04-09T02:15:44+00:00","og_image":[{"width":1200,"height":1200,"url":"https:\/\/hubsch-interior.com\/wp-content\/uploads\/2025\/08\/haze-lounge-chair-greynatural-471658d7c4bf94951c48177fa8151b3c.jpg","type":"image\/jpeg"}],"twitter_card":"summary_large_image","schema":{"@context":"https:\/\/schema.org","@graph":[{"@type":"WebPage","@id":"https:\/\/hubsch-interior.com\/da\/vare\/haze-loungestol-gra-natur\/","url":"https:\/\/hubsch-interior.com\/da\/vare\/haze-loungestol-gra-natur\/","name":"Haze Loungestol Gr\u00e5\/Natur - H\u00fcbsch","isPartOf":{"@id":"https:\/\/hubsch-interior.com\/da\/#website"},"primaryImageOfPage":{"@id":"https:\/\/hubsch-interior.com\/da\/vare\/haze-loungestol-gra-natur\/#primaryimage"},"image":{"@id":"https:\/\/hubsch-interior.com\/da\/vare\/haze-loungestol-gra-natur\/#primaryimage"},"thumbnailUrl":"https:\/\/hubsch-interior.com\/wp-content\/uploads\/2026\/02\/haze-lounge-chair-greynatural-e3c1af425063190c86734fd3f3f8c02d.jpg","datePublished":"2021-06-04T07:41:50+00:00","dateModified":"2026-04-09T02:15:44+00:00","description":"Haze Loungestol Gr\u00e5 er en moderne og stilfuld stol med et skandinavisk design. Stolen er fremstillet af b\u00e6redygtigt FSC-certificeret eg og et robust","breadcrumb":{"@id":"https:\/\/hubsch-interior.com\/da\/vare\/haze-loungestol-gra-natur\/#breadcrumb"},"inLanguage":"da-DK","potentialAction":[{"@type":"ReadAction","target":["https:\/\/hubsch-interior.com\/da\/vare\/haze-loungestol-gra-natur\/"]}]},{"@type":"ImageObject","inLanguage":"da-DK","@id":"https:\/\/hubsch-interior.com\/da\/vare\/haze-loungestol-gra-natur\/#primaryimage","url":"https:\/\/hubsch-interior.com\/wp-content\/uploads\/2026\/02\/haze-lounge-chair-greynatural-e3c1af425063190c86734fd3f3f8c02d.jpg","contentUrl":"https:\/\/hubsch-interior.com\/wp-content\/uploads\/2026\/02\/haze-lounge-chair-greynatural-e3c1af425063190c86734fd3f3f8c02d.jpg","width":1024,"height":1024},{"@type":"BreadcrumbList","@id":"https:\/\/hubsch-interior.com\/da\/vare\/haze-loungestol-gra-natur\/#breadcrumb","itemListElement":[{"@type":"ListItem","position":1,"name":"Forside","item":"https:\/\/hubsch-interior.com\/da\/"},{"@type":"ListItem","position":2,"name":"Produkter","item":"https:\/\/hubsch-interior.com\/da\/produkter\/"},{"@type":"ListItem","position":3,"name":"FSC","item":"https:\/\/hubsch-interior.com\/da\/vare-kategori\/fsc-da\/"},{"@type":"ListItem","position":4,"name":"Haze Loungestol Gr\u00e5\/Natur"}]},{"@type":"WebSite","@id":"https:\/\/hubsch-interior.com\/da\/#website","url":"https:\/\/hubsch-interior.com\/da\/","name":"H\u00fcbsch","description":"Danish Home Interior and Design","publisher":{"@id":"https:\/\/hubsch-interior.com\/da\/#organization"},"potentialAction":[{"@type":"SearchAction","target":{"@type":"EntryPoint","urlTemplate":"https:\/\/hubsch-interior.com\/da\/?s={search_term_string}"},"query-input":{"@type":"PropertyValueSpecification","valueRequired":true,"valueName":"search_term_string"}}],"inLanguage":"da-DK"},{"@type":"Organization","@id":"https:\/\/hubsch-interior.com\/da\/#organization","name":"H\u00fcbsch","url":"https:\/\/hubsch-interior.com\/da\/","logo":{"@type":"ImageObject","inLanguage":"da-DK","@id":"https:\/\/hubsch-interior.com\/da\/#\/schema\/logo\/image\/","url":"https:\/\/hubsch-interior.com\/wp-content\/uploads\/2022\/12\/Hubsch_logo_black_one_line.svg","contentUrl":"https:\/\/hubsch-interior.com\/wp-content\/uploads\/2022\/12\/Hubsch_logo_black_one_line.svg","caption":"H\u00fcbsch"},"image":{"@id":"https:\/\/hubsch-interior.com\/da\/#\/schema\/logo\/image\/"}}]}},"_links":{"self":[{"href":"https:\/\/hubsch-interior.com\/da\/wp-json\/wp\/v2\/product\/387359","targetHints":{"allow":["GET"]}}],"collection":[{"href":"https:\/\/hubsch-interior.com\/da\/wp-json\/wp\/v2\/product"}],"about":[{"href":"https:\/\/hubsch-interior.com\/da\/wp-json\/wp\/v2\/types\/product"}],"wp:featuredmedia":[{"embeddable":true,"href":"https:\/\/hubsch-interior.com\/da\/wp-json\/wp\/v2\/media\/1094293"}],"wp:attachment":[{"href":"https:\/\/hubsch-interior.com\/da\/wp-json\/wp\/v2\/media?parent=387359"}],"wp:term":[{"taxonomy":"product_brand","embeddable":true,"href":"https:\/\/hubsch-interior.com\/da\/wp-json\/wp\/v2\/product_brand?post=387359"},{"taxonomy":"product_cat","embeddable":true,"href":"https:\/\/hubsch-interior.com\/da\/wp-json\/wp\/v2\/product_cat?post=387359"},{"taxonomy":"product_tag","embeddable":true,"href":"https:\/\/hubsch-interior.com\/da\/wp-json\/wp\/v2\/product_tag?post=387359"}],"curies":[{"name":"wp","href":"https:\/\/api.w.org\/{rel}","templated":true}]}}