{"id":387443,"date":"2021-06-04T09:42:12","date_gmt":"2021-06-04T07:42:12","guid":{"rendered":"https:\/\/hubsch-interior.com\/shop-b2c\/product\/product-6\/"},"modified":"2026-04-05T04:15:53","modified_gmt":"2026-04-05T02:15:53","slug":"speckle-pude-bla-sand","status":"publish","type":"product","link":"https:\/\/hubsch-interior.com\/da\/vare\/speckle-pude-bla-sand\/","title":{"rendered":"Speckle Pude Bl\u00e5\/Sand"},"content":{"rendered":"<p>Vores Speckle Cushion er fuld af fine overraskelser. Ved f\u00f8rste blik oplever du m\u00e5ske blot en helt ensfarvet pude i bl\u00e5 farver, men n\u00e5r du kigger n\u00e6rmere, s\u00e5 vil du opleve et v\u00e6ld af farver pible frem. Puden har den perfekte st\u00f8rrelse som sengegavlspynt, m\u00e5ske i r\u00e6kker med to eller tre puder i forskellige varianter.<\/p>\n","protected":false},"excerpt":{"rendered":"<p>Vores Speckle Cushion er fuld af fine overraskelser. Ved f\u00f8rste blik oplever du m\u00e5ske blot en helt ensfarvet pude i bl\u00e5 farver, men n\u00e5r du kigger n\u00e6rmere, s\u00e5 vil du opleve et v\u00e6ld af farver pible frem. Puden har den perfekte st\u00f8rrelse som sengegavlspynt, m\u00e5ske i r\u00e6kker med to eller tre puder i forskellige varianter.<\/p>\n","protected":false},"featured_media":1092180,"template":"","meta":{"_acf_changed":false,"inline_featured_image":false},"product_brand":[],"product_cat":[5025,6347,6517,3001,3000],"product_tag":[],"class_list":{"0":"post-387443","1":"product","2":"type-product","3":"status-publish","4":"has-post-thumbnail","6":"product_cat-bestsellers-da","7":"product_cat-garden-selection-da","8":"product_cat-outlet-da","9":"product_cat-puder-da","10":"product_cat-tekstiler","11":"product_shipping_class-pk","13":"pa_color-bl","14":"pa_color-sand-da","15":"pa_material-kanvas-da","16":"pa_material-polyester-95-da","18":"first","19":"instock","20":"sale","21":"featured","22":"taxable","23":"shipping-taxable","24":"purchasable","25":"product-type-simple"},"exclude_global_add_ons":[],"addons":[],"acf":[],"yoast_head":"<!-- This site is optimized with the Yoast SEO plugin v26.4 - https:\/\/yoast.com\/wordpress\/plugins\/seo\/ -->\n<title>Speckle Pude Bl\u00e5\/Sand - H\u00fcbsch<\/title>\n<meta name=\"description\" content=\"Vores Speckle Cushion er fuld af fine overraskelser. Ved f\u00f8rste blik oplever du m\u00e5ske blot en helt ensfarvet pude i bl\u00e5 farver, men n\u00e5r du kigger n\u00e6rmere,\" \/>\n<meta name=\"robots\" content=\"index, follow, max-snippet:-1, max-image-preview:large, max-video-preview:-1\" \/>\n<link rel=\"canonical\" href=\"https:\/\/hubsch-interior.com\/da\/wp-json\/wp\/v2\/product\/387443\" \/>\n<meta property=\"og:locale\" content=\"da_DK\" \/>\n<meta property=\"og:type\" content=\"article\" \/>\n<meta property=\"og:title\" content=\"Speckle Pude Bl\u00e5\/Sand - H\u00fcbsch\" \/>\n<meta property=\"og:description\" content=\"Vores Speckle Cushion er fuld af fine overraskelser. Ved f\u00f8rste blik oplever du m\u00e5ske blot en helt ensfarvet pude i bl\u00e5 farver, men n\u00e5r du kigger n\u00e6rmere,\" \/>\n<meta property=\"og:url\" content=\"https:\/\/hubsch-interior.com\/da\/vare\/speckle-pude-bla-sand\/\" \/>\n<meta property=\"og:site_name\" content=\"H\u00fcbsch\" \/>\n<meta property=\"article:modified_time\" content=\"2026-04-05T02:15:53+00:00\" \/>\n<meta property=\"og:image\" content=\"https:\/\/hubsch-interior.com\/wp-content\/uploads\/2026\/02\/speckle-cushion-bluesand-f9566656044dcf09adf4eb10e2f355bc.jpg\" \/>\n\t<meta property=\"og:image:width\" content=\"1024\" \/>\n\t<meta property=\"og:image:height\" content=\"1024\" \/>\n\t<meta property=\"og:image:type\" content=\"image\/jpeg\" \/>\n<meta name=\"twitter:card\" content=\"summary_large_image\" \/>\n<script type=\"application\/ld+json\" class=\"yoast-schema-graph\">{\"@context\":\"https:\/\/schema.org\",\"@graph\":[{\"@type\":\"WebPage\",\"@id\":\"https:\/\/hubsch-interior.com\/da\/vare\/speckle-pude-bla-sand\/\",\"url\":\"https:\/\/hubsch-interior.com\/da\/vare\/speckle-pude-bla-sand\/\",\"name\":\"Speckle Pude Bl\u00e5\/Sand - H\u00fcbsch\",\"isPartOf\":{\"@id\":\"https:\/\/hubsch-interior.com\/da\/#website\"},\"primaryImageOfPage\":{\"@id\":\"https:\/\/hubsch-interior.com\/da\/vare\/speckle-pude-bla-sand\/#primaryimage\"},\"image\":{\"@id\":\"https:\/\/hubsch-interior.com\/da\/vare\/speckle-pude-bla-sand\/#primaryimage\"},\"thumbnailUrl\":\"https:\/\/hubsch-interior.com\/wp-content\/uploads\/2026\/02\/speckle-cushion-bluesand-f9566656044dcf09adf4eb10e2f355bc.jpg\",\"datePublished\":\"2021-06-04T07:42:12+00:00\",\"dateModified\":\"2026-04-05T02:15:53+00:00\",\"description\":\"Vores Speckle Cushion er fuld af fine overraskelser. Ved f\u00f8rste blik oplever du m\u00e5ske blot en helt ensfarvet pude i bl\u00e5 farver, men n\u00e5r du kigger n\u00e6rmere,\",\"breadcrumb\":{\"@id\":\"https:\/\/hubsch-interior.com\/da\/vare\/speckle-pude-bla-sand\/#breadcrumb\"},\"inLanguage\":\"da-DK\",\"potentialAction\":[{\"@type\":\"ReadAction\",\"target\":[\"https:\/\/hubsch-interior.com\/da\/vare\/speckle-pude-bla-sand\/\"]}]},{\"@type\":\"ImageObject\",\"inLanguage\":\"da-DK\",\"@id\":\"https:\/\/hubsch-interior.com\/da\/vare\/speckle-pude-bla-sand\/#primaryimage\",\"url\":\"https:\/\/hubsch-interior.com\/wp-content\/uploads\/2026\/02\/speckle-cushion-bluesand-f9566656044dcf09adf4eb10e2f355bc.jpg\",\"contentUrl\":\"https:\/\/hubsch-interior.com\/wp-content\/uploads\/2026\/02\/speckle-cushion-bluesand-f9566656044dcf09adf4eb10e2f355bc.jpg\",\"width\":1024,\"height\":1024},{\"@type\":\"BreadcrumbList\",\"@id\":\"https:\/\/hubsch-interior.com\/da\/vare\/speckle-pude-bla-sand\/#breadcrumb\",\"itemListElement\":[{\"@type\":\"ListItem\",\"position\":1,\"name\":\"Forside\",\"item\":\"https:\/\/hubsch-interior.com\/da\/\"},{\"@type\":\"ListItem\",\"position\":2,\"name\":\"Produkter\",\"item\":\"https:\/\/hubsch-interior.com\/da\/produkter\/\"},{\"@type\":\"ListItem\",\"position\":3,\"name\":\"Tekstiler\",\"item\":\"https:\/\/hubsch-interior.com\/da\/vare-kategori\/tekstiler\/\"},{\"@type\":\"ListItem\",\"position\":4,\"name\":\"Puder\",\"item\":\"https:\/\/hubsch-interior.com\/da\/vare-kategori\/tekstiler\/puder-da\/\"},{\"@type\":\"ListItem\",\"position\":5,\"name\":\"Speckle Pude Bl\u00e5\/Sand\"}]},{\"@type\":\"WebSite\",\"@id\":\"https:\/\/hubsch-interior.com\/da\/#website\",\"url\":\"https:\/\/hubsch-interior.com\/da\/\",\"name\":\"H\u00fcbsch\",\"description\":\"Danish Home Interior and Design\",\"publisher\":{\"@id\":\"https:\/\/hubsch-interior.com\/da\/#organization\"},\"potentialAction\":[{\"@type\":\"SearchAction\",\"target\":{\"@type\":\"EntryPoint\",\"urlTemplate\":\"https:\/\/hubsch-interior.com\/da\/?s={search_term_string}\"},\"query-input\":{\"@type\":\"PropertyValueSpecification\",\"valueRequired\":true,\"valueName\":\"search_term_string\"}}],\"inLanguage\":\"da-DK\"},{\"@type\":\"Organization\",\"@id\":\"https:\/\/hubsch-interior.com\/da\/#organization\",\"name\":\"H\u00fcbsch\",\"url\":\"https:\/\/hubsch-interior.com\/da\/\",\"logo\":{\"@type\":\"ImageObject\",\"inLanguage\":\"da-DK\",\"@id\":\"https:\/\/hubsch-interior.com\/da\/#\/schema\/logo\/image\/\",\"url\":\"https:\/\/hubsch-interior.com\/wp-content\/uploads\/2022\/12\/Hubsch_logo_black_one_line.svg\",\"contentUrl\":\"https:\/\/hubsch-interior.com\/wp-content\/uploads\/2022\/12\/Hubsch_logo_black_one_line.svg\",\"caption\":\"H\u00fcbsch\"},\"image\":{\"@id\":\"https:\/\/hubsch-interior.com\/da\/#\/schema\/logo\/image\/\"}}]}<\/script>\n<!-- \/ Yoast SEO plugin. -->","yoast_head_json":{"title":"Speckle Pude Bl\u00e5\/Sand - H\u00fcbsch","description":"Vores Speckle Cushion er fuld af fine overraskelser. Ved f\u00f8rste blik oplever du m\u00e5ske blot en helt ensfarvet pude i bl\u00e5 farver, men n\u00e5r du kigger n\u00e6rmere,","robots":{"index":"index","follow":"follow","max-snippet":"max-snippet:-1","max-image-preview":"max-image-preview:large","max-video-preview":"max-video-preview:-1"},"canonical":"https:\/\/hubsch-interior.com\/da\/wp-json\/wp\/v2\/product\/387443","og_locale":"da_DK","og_type":"article","og_title":"Speckle Pude Bl\u00e5\/Sand - H\u00fcbsch","og_description":"Vores Speckle Cushion er fuld af fine overraskelser. Ved f\u00f8rste blik oplever du m\u00e5ske blot en helt ensfarvet pude i bl\u00e5 farver, men n\u00e5r du kigger n\u00e6rmere,","og_url":"https:\/\/hubsch-interior.com\/da\/vare\/speckle-pude-bla-sand\/","og_site_name":"H\u00fcbsch","article_modified_time":"2026-04-05T02:15:53+00:00","og_image":[{"width":1024,"height":1024,"url":"https:\/\/hubsch-interior.com\/wp-content\/uploads\/2026\/02\/speckle-cushion-bluesand-f9566656044dcf09adf4eb10e2f355bc.jpg","type":"image\/jpeg"}],"twitter_card":"summary_large_image","schema":{"@context":"https:\/\/schema.org","@graph":[{"@type":"WebPage","@id":"https:\/\/hubsch-interior.com\/da\/vare\/speckle-pude-bla-sand\/","url":"https:\/\/hubsch-interior.com\/da\/vare\/speckle-pude-bla-sand\/","name":"Speckle Pude Bl\u00e5\/Sand - H\u00fcbsch","isPartOf":{"@id":"https:\/\/hubsch-interior.com\/da\/#website"},"primaryImageOfPage":{"@id":"https:\/\/hubsch-interior.com\/da\/vare\/speckle-pude-bla-sand\/#primaryimage"},"image":{"@id":"https:\/\/hubsch-interior.com\/da\/vare\/speckle-pude-bla-sand\/#primaryimage"},"thumbnailUrl":"https:\/\/hubsch-interior.com\/wp-content\/uploads\/2026\/02\/speckle-cushion-bluesand-f9566656044dcf09adf4eb10e2f355bc.jpg","datePublished":"2021-06-04T07:42:12+00:00","dateModified":"2026-04-05T02:15:53+00:00","description":"Vores Speckle Cushion er fuld af fine overraskelser. Ved f\u00f8rste blik oplever du m\u00e5ske blot en helt ensfarvet pude i bl\u00e5 farver, men n\u00e5r du kigger n\u00e6rmere,","breadcrumb":{"@id":"https:\/\/hubsch-interior.com\/da\/vare\/speckle-pude-bla-sand\/#breadcrumb"},"inLanguage":"da-DK","potentialAction":[{"@type":"ReadAction","target":["https:\/\/hubsch-interior.com\/da\/vare\/speckle-pude-bla-sand\/"]}]},{"@type":"ImageObject","inLanguage":"da-DK","@id":"https:\/\/hubsch-interior.com\/da\/vare\/speckle-pude-bla-sand\/#primaryimage","url":"https:\/\/hubsch-interior.com\/wp-content\/uploads\/2026\/02\/speckle-cushion-bluesand-f9566656044dcf09adf4eb10e2f355bc.jpg","contentUrl":"https:\/\/hubsch-interior.com\/wp-content\/uploads\/2026\/02\/speckle-cushion-bluesand-f9566656044dcf09adf4eb10e2f355bc.jpg","width":1024,"height":1024},{"@type":"BreadcrumbList","@id":"https:\/\/hubsch-interior.com\/da\/vare\/speckle-pude-bla-sand\/#breadcrumb","itemListElement":[{"@type":"ListItem","position":1,"name":"Forside","item":"https:\/\/hubsch-interior.com\/da\/"},{"@type":"ListItem","position":2,"name":"Produkter","item":"https:\/\/hubsch-interior.com\/da\/produkter\/"},{"@type":"ListItem","position":3,"name":"Tekstiler","item":"https:\/\/hubsch-interior.com\/da\/vare-kategori\/tekstiler\/"},{"@type":"ListItem","position":4,"name":"Puder","item":"https:\/\/hubsch-interior.com\/da\/vare-kategori\/tekstiler\/puder-da\/"},{"@type":"ListItem","position":5,"name":"Speckle Pude Bl\u00e5\/Sand"}]},{"@type":"WebSite","@id":"https:\/\/hubsch-interior.com\/da\/#website","url":"https:\/\/hubsch-interior.com\/da\/","name":"H\u00fcbsch","description":"Danish Home Interior and Design","publisher":{"@id":"https:\/\/hubsch-interior.com\/da\/#organization"},"potentialAction":[{"@type":"SearchAction","target":{"@type":"EntryPoint","urlTemplate":"https:\/\/hubsch-interior.com\/da\/?s={search_term_string}"},"query-input":{"@type":"PropertyValueSpecification","valueRequired":true,"valueName":"search_term_string"}}],"inLanguage":"da-DK"},{"@type":"Organization","@id":"https:\/\/hubsch-interior.com\/da\/#organization","name":"H\u00fcbsch","url":"https:\/\/hubsch-interior.com\/da\/","logo":{"@type":"ImageObject","inLanguage":"da-DK","@id":"https:\/\/hubsch-interior.com\/da\/#\/schema\/logo\/image\/","url":"https:\/\/hubsch-interior.com\/wp-content\/uploads\/2022\/12\/Hubsch_logo_black_one_line.svg","contentUrl":"https:\/\/hubsch-interior.com\/wp-content\/uploads\/2022\/12\/Hubsch_logo_black_one_line.svg","caption":"H\u00fcbsch"},"image":{"@id":"https:\/\/hubsch-interior.com\/da\/#\/schema\/logo\/image\/"}}]}},"_links":{"self":[{"href":"https:\/\/hubsch-interior.com\/da\/wp-json\/wp\/v2\/product\/387443","targetHints":{"allow":["GET"]}}],"collection":[{"href":"https:\/\/hubsch-interior.com\/da\/wp-json\/wp\/v2\/product"}],"about":[{"href":"https:\/\/hubsch-interior.com\/da\/wp-json\/wp\/v2\/types\/product"}],"wp:featuredmedia":[{"embeddable":true,"href":"https:\/\/hubsch-interior.com\/da\/wp-json\/wp\/v2\/media\/1092180"}],"wp:attachment":[{"href":"https:\/\/hubsch-interior.com\/da\/wp-json\/wp\/v2\/media?parent=387443"}],"wp:term":[{"taxonomy":"product_brand","embeddable":true,"href":"https:\/\/hubsch-interior.com\/da\/wp-json\/wp\/v2\/product_brand?post=387443"},{"taxonomy":"product_cat","embeddable":true,"href":"https:\/\/hubsch-interior.com\/da\/wp-json\/wp\/v2\/product_cat?post=387443"},{"taxonomy":"product_tag","embeddable":true,"href":"https:\/\/hubsch-interior.com\/da\/wp-json\/wp\/v2\/product_tag?post=387443"}],"curies":[{"name":"wp","href":"https:\/\/api.w.org\/{rel}","templated":true}]}}