{"id":388259,"date":"2021-06-04T09:44:52","date_gmt":"2021-06-04T07:44:52","guid":{"rendered":"https:\/\/hubsch-interior.com\/shop-b2c\/product\/product-6\/"},"modified":"2026-04-05T04:22:02","modified_gmt":"2026-04-05T02:22:02","slug":"studio-computer-sleeve-13-beige","status":"publish","type":"product","link":"https:\/\/hubsch-interior.com\/da\/vare\/studio-computer-sleeve-13-beige\/","title":{"rendered":"Studio Computer sleeve 13 Beige"},"content":{"rendered":"<p>Vi ved alle at passe p\u00e5 sin b\u00e6rbare computer er noget af det vigtigste. Og vores Studio Computer Sleeve i beige l\u00e6der er den perfekte accessory til din elskede PC eller Mac. L\u00e6deret bliver kun smukkere over tid og passer til en 13&#8243; b\u00e6rbar cpmputer.<\/p>\n","protected":false},"excerpt":{"rendered":"<p>Vi ved alle at passe p\u00e5 sin b\u00e6rbare computer er noget af det vigtigste. Og vores Studio Computer Sleeve i beige l\u00e6der er den perfekte accessory til din elskede PC eller Mac. L\u00e6deret bliver kun smukkere over tid og passer til en 13&#8243; b\u00e6rbar cpmputer.<\/p>\n","protected":false},"featured_media":1094747,"template":"","meta":{"_acf_changed":false,"inline_featured_image":false},"product_brand":[],"product_cat":[4151,4152],"product_tag":[],"class_list":{"0":"post-388259","1":"product","2":"type-product","3":"status-publish","4":"has-post-thumbnail","6":"product_cat-kontor-da","7":"product_cat-kontorartikler-da","8":"product_shipping_class-pk","10":"pa_color-beige-2","11":"pa_material-lder","13":"first","14":"instock","15":"taxable","16":"shipping-taxable","17":"purchasable","18":"product-type-simple"},"exclude_global_add_ons":[],"addons":[],"acf":[],"yoast_head":"<!-- This site is optimized with the Yoast SEO plugin v26.4 - https:\/\/yoast.com\/wordpress\/plugins\/seo\/ -->\n<title>Studio Computer sleeve 13 Beige - H\u00fcbsch<\/title>\n<meta name=\"description\" content=\"Vi ved alle at passe p\u00e5 sin b\u00e6rbare computer er noget af det vigtigste. Og vores Studio Computer Sleeve i beige l\u00e6der er den perfekte accessory til din\" \/>\n<meta name=\"robots\" content=\"index, follow, max-snippet:-1, max-image-preview:large, max-video-preview:-1\" \/>\n<link rel=\"canonical\" href=\"https:\/\/hubsch-interior.com\/da\/wp-json\/wp\/v2\/product\/388259\" \/>\n<meta property=\"og:locale\" content=\"da_DK\" \/>\n<meta property=\"og:type\" content=\"article\" \/>\n<meta property=\"og:title\" content=\"Studio Computer sleeve 13 Beige - H\u00fcbsch\" \/>\n<meta property=\"og:description\" content=\"Vi ved alle at passe p\u00e5 sin b\u00e6rbare computer er noget af det vigtigste. Og vores Studio Computer Sleeve i beige l\u00e6der er den perfekte accessory til din\" \/>\n<meta property=\"og:url\" content=\"https:\/\/hubsch-interior.com\/da\/vare\/studio-computer-sleeve-13-beige\/\" \/>\n<meta property=\"og:site_name\" content=\"H\u00fcbsch\" \/>\n<meta property=\"article:modified_time\" content=\"2026-04-05T02:22:02+00:00\" \/>\n<meta property=\"og:image\" content=\"https:\/\/hubsch-interior.com\/wp-content\/uploads\/2023\/08\/studio-computer-sleeve-13-beige-55cffc6d0593262210661e2fda6a48aa.jpg\" \/>\n\t<meta property=\"og:image:width\" content=\"1200\" \/>\n\t<meta property=\"og:image:height\" content=\"1200\" \/>\n\t<meta property=\"og:image:type\" content=\"image\/jpeg\" \/>\n<meta name=\"twitter:card\" content=\"summary_large_image\" \/>\n<script type=\"application\/ld+json\" class=\"yoast-schema-graph\">{\"@context\":\"https:\/\/schema.org\",\"@graph\":[{\"@type\":\"WebPage\",\"@id\":\"https:\/\/hubsch-interior.com\/da\/vare\/studio-computer-sleeve-13-beige\/\",\"url\":\"https:\/\/hubsch-interior.com\/da\/vare\/studio-computer-sleeve-13-beige\/\",\"name\":\"Studio Computer sleeve 13 Beige - H\u00fcbsch\",\"isPartOf\":{\"@id\":\"https:\/\/hubsch-interior.com\/da\/#website\"},\"primaryImageOfPage\":{\"@id\":\"https:\/\/hubsch-interior.com\/da\/vare\/studio-computer-sleeve-13-beige\/#primaryimage\"},\"image\":{\"@id\":\"https:\/\/hubsch-interior.com\/da\/vare\/studio-computer-sleeve-13-beige\/#primaryimage\"},\"thumbnailUrl\":\"https:\/\/hubsch-interior.com\/wp-content\/uploads\/2026\/02\/studio-computer-sleeve-13-beige-2db78dad14c62120319c2ea89f7cc19c.jpg\",\"datePublished\":\"2021-06-04T07:44:52+00:00\",\"dateModified\":\"2026-04-05T02:22:02+00:00\",\"description\":\"Vi ved alle at passe p\u00e5 sin b\u00e6rbare computer er noget af det vigtigste. Og vores Studio Computer Sleeve i beige l\u00e6der er den perfekte accessory til din\",\"breadcrumb\":{\"@id\":\"https:\/\/hubsch-interior.com\/da\/vare\/studio-computer-sleeve-13-beige\/#breadcrumb\"},\"inLanguage\":\"da-DK\",\"potentialAction\":[{\"@type\":\"ReadAction\",\"target\":[\"https:\/\/hubsch-interior.com\/da\/vare\/studio-computer-sleeve-13-beige\/\"]}]},{\"@type\":\"ImageObject\",\"inLanguage\":\"da-DK\",\"@id\":\"https:\/\/hubsch-interior.com\/da\/vare\/studio-computer-sleeve-13-beige\/#primaryimage\",\"url\":\"https:\/\/hubsch-interior.com\/wp-content\/uploads\/2026\/02\/studio-computer-sleeve-13-beige-2db78dad14c62120319c2ea89f7cc19c.jpg\",\"contentUrl\":\"https:\/\/hubsch-interior.com\/wp-content\/uploads\/2026\/02\/studio-computer-sleeve-13-beige-2db78dad14c62120319c2ea89f7cc19c.jpg\",\"width\":1024,\"height\":1024},{\"@type\":\"BreadcrumbList\",\"@id\":\"https:\/\/hubsch-interior.com\/da\/vare\/studio-computer-sleeve-13-beige\/#breadcrumb\",\"itemListElement\":[{\"@type\":\"ListItem\",\"position\":1,\"name\":\"Forside\",\"item\":\"https:\/\/hubsch-interior.com\/da\/\"},{\"@type\":\"ListItem\",\"position\":2,\"name\":\"Produkter\",\"item\":\"https:\/\/hubsch-interior.com\/da\/produkter\/\"},{\"@type\":\"ListItem\",\"position\":3,\"name\":\"Boligtilbeh\u00f8r\",\"item\":\"https:\/\/hubsch-interior.com\/da\/vare-kategori\/boligtilbehor\/\"},{\"@type\":\"ListItem\",\"position\":4,\"name\":\"Kontor\",\"item\":\"https:\/\/hubsch-interior.com\/da\/vare-kategori\/boligtilbehor\/kontor-da\/\"},{\"@type\":\"ListItem\",\"position\":5,\"name\":\"Kontorartikler\",\"item\":\"https:\/\/hubsch-interior.com\/da\/vare-kategori\/boligtilbehor\/kontor-da\/kontorartikler-da\/\"},{\"@type\":\"ListItem\",\"position\":6,\"name\":\"Studio Computer sleeve 13 Beige\"}]},{\"@type\":\"WebSite\",\"@id\":\"https:\/\/hubsch-interior.com\/da\/#website\",\"url\":\"https:\/\/hubsch-interior.com\/da\/\",\"name\":\"H\u00fcbsch\",\"description\":\"Danish Home Interior and Design\",\"publisher\":{\"@id\":\"https:\/\/hubsch-interior.com\/da\/#organization\"},\"potentialAction\":[{\"@type\":\"SearchAction\",\"target\":{\"@type\":\"EntryPoint\",\"urlTemplate\":\"https:\/\/hubsch-interior.com\/da\/?s={search_term_string}\"},\"query-input\":{\"@type\":\"PropertyValueSpecification\",\"valueRequired\":true,\"valueName\":\"search_term_string\"}}],\"inLanguage\":\"da-DK\"},{\"@type\":\"Organization\",\"@id\":\"https:\/\/hubsch-interior.com\/da\/#organization\",\"name\":\"H\u00fcbsch\",\"url\":\"https:\/\/hubsch-interior.com\/da\/\",\"logo\":{\"@type\":\"ImageObject\",\"inLanguage\":\"da-DK\",\"@id\":\"https:\/\/hubsch-interior.com\/da\/#\/schema\/logo\/image\/\",\"url\":\"https:\/\/hubsch-interior.com\/wp-content\/uploads\/2022\/12\/Hubsch_logo_black_one_line.svg\",\"contentUrl\":\"https:\/\/hubsch-interior.com\/wp-content\/uploads\/2022\/12\/Hubsch_logo_black_one_line.svg\",\"caption\":\"H\u00fcbsch\"},\"image\":{\"@id\":\"https:\/\/hubsch-interior.com\/da\/#\/schema\/logo\/image\/\"}}]}<\/script>\n<!-- \/ Yoast SEO plugin. -->","yoast_head_json":{"title":"Studio Computer sleeve 13 Beige - H\u00fcbsch","description":"Vi ved alle at passe p\u00e5 sin b\u00e6rbare computer er noget af det vigtigste. Og vores Studio Computer Sleeve i beige l\u00e6der er den perfekte accessory til din","robots":{"index":"index","follow":"follow","max-snippet":"max-snippet:-1","max-image-preview":"max-image-preview:large","max-video-preview":"max-video-preview:-1"},"canonical":"https:\/\/hubsch-interior.com\/da\/wp-json\/wp\/v2\/product\/388259","og_locale":"da_DK","og_type":"article","og_title":"Studio Computer sleeve 13 Beige - H\u00fcbsch","og_description":"Vi ved alle at passe p\u00e5 sin b\u00e6rbare computer er noget af det vigtigste. Og vores Studio Computer Sleeve i beige l\u00e6der er den perfekte accessory til din","og_url":"https:\/\/hubsch-interior.com\/da\/vare\/studio-computer-sleeve-13-beige\/","og_site_name":"H\u00fcbsch","article_modified_time":"2026-04-05T02:22:02+00:00","og_image":[{"width":1200,"height":1200,"url":"https:\/\/hubsch-interior.com\/wp-content\/uploads\/2023\/08\/studio-computer-sleeve-13-beige-55cffc6d0593262210661e2fda6a48aa.jpg","type":"image\/jpeg"}],"twitter_card":"summary_large_image","schema":{"@context":"https:\/\/schema.org","@graph":[{"@type":"WebPage","@id":"https:\/\/hubsch-interior.com\/da\/vare\/studio-computer-sleeve-13-beige\/","url":"https:\/\/hubsch-interior.com\/da\/vare\/studio-computer-sleeve-13-beige\/","name":"Studio Computer sleeve 13 Beige - H\u00fcbsch","isPartOf":{"@id":"https:\/\/hubsch-interior.com\/da\/#website"},"primaryImageOfPage":{"@id":"https:\/\/hubsch-interior.com\/da\/vare\/studio-computer-sleeve-13-beige\/#primaryimage"},"image":{"@id":"https:\/\/hubsch-interior.com\/da\/vare\/studio-computer-sleeve-13-beige\/#primaryimage"},"thumbnailUrl":"https:\/\/hubsch-interior.com\/wp-content\/uploads\/2026\/02\/studio-computer-sleeve-13-beige-2db78dad14c62120319c2ea89f7cc19c.jpg","datePublished":"2021-06-04T07:44:52+00:00","dateModified":"2026-04-05T02:22:02+00:00","description":"Vi ved alle at passe p\u00e5 sin b\u00e6rbare computer er noget af det vigtigste. Og vores Studio Computer Sleeve i beige l\u00e6der er den perfekte accessory til din","breadcrumb":{"@id":"https:\/\/hubsch-interior.com\/da\/vare\/studio-computer-sleeve-13-beige\/#breadcrumb"},"inLanguage":"da-DK","potentialAction":[{"@type":"ReadAction","target":["https:\/\/hubsch-interior.com\/da\/vare\/studio-computer-sleeve-13-beige\/"]}]},{"@type":"ImageObject","inLanguage":"da-DK","@id":"https:\/\/hubsch-interior.com\/da\/vare\/studio-computer-sleeve-13-beige\/#primaryimage","url":"https:\/\/hubsch-interior.com\/wp-content\/uploads\/2026\/02\/studio-computer-sleeve-13-beige-2db78dad14c62120319c2ea89f7cc19c.jpg","contentUrl":"https:\/\/hubsch-interior.com\/wp-content\/uploads\/2026\/02\/studio-computer-sleeve-13-beige-2db78dad14c62120319c2ea89f7cc19c.jpg","width":1024,"height":1024},{"@type":"BreadcrumbList","@id":"https:\/\/hubsch-interior.com\/da\/vare\/studio-computer-sleeve-13-beige\/#breadcrumb","itemListElement":[{"@type":"ListItem","position":1,"name":"Forside","item":"https:\/\/hubsch-interior.com\/da\/"},{"@type":"ListItem","position":2,"name":"Produkter","item":"https:\/\/hubsch-interior.com\/da\/produkter\/"},{"@type":"ListItem","position":3,"name":"Boligtilbeh\u00f8r","item":"https:\/\/hubsch-interior.com\/da\/vare-kategori\/boligtilbehor\/"},{"@type":"ListItem","position":4,"name":"Kontor","item":"https:\/\/hubsch-interior.com\/da\/vare-kategori\/boligtilbehor\/kontor-da\/"},{"@type":"ListItem","position":5,"name":"Kontorartikler","item":"https:\/\/hubsch-interior.com\/da\/vare-kategori\/boligtilbehor\/kontor-da\/kontorartikler-da\/"},{"@type":"ListItem","position":6,"name":"Studio Computer sleeve 13 Beige"}]},{"@type":"WebSite","@id":"https:\/\/hubsch-interior.com\/da\/#website","url":"https:\/\/hubsch-interior.com\/da\/","name":"H\u00fcbsch","description":"Danish Home Interior and Design","publisher":{"@id":"https:\/\/hubsch-interior.com\/da\/#organization"},"potentialAction":[{"@type":"SearchAction","target":{"@type":"EntryPoint","urlTemplate":"https:\/\/hubsch-interior.com\/da\/?s={search_term_string}"},"query-input":{"@type":"PropertyValueSpecification","valueRequired":true,"valueName":"search_term_string"}}],"inLanguage":"da-DK"},{"@type":"Organization","@id":"https:\/\/hubsch-interior.com\/da\/#organization","name":"H\u00fcbsch","url":"https:\/\/hubsch-interior.com\/da\/","logo":{"@type":"ImageObject","inLanguage":"da-DK","@id":"https:\/\/hubsch-interior.com\/da\/#\/schema\/logo\/image\/","url":"https:\/\/hubsch-interior.com\/wp-content\/uploads\/2022\/12\/Hubsch_logo_black_one_line.svg","contentUrl":"https:\/\/hubsch-interior.com\/wp-content\/uploads\/2022\/12\/Hubsch_logo_black_one_line.svg","caption":"H\u00fcbsch"},"image":{"@id":"https:\/\/hubsch-interior.com\/da\/#\/schema\/logo\/image\/"}}]}},"_links":{"self":[{"href":"https:\/\/hubsch-interior.com\/da\/wp-json\/wp\/v2\/product\/388259","targetHints":{"allow":["GET"]}}],"collection":[{"href":"https:\/\/hubsch-interior.com\/da\/wp-json\/wp\/v2\/product"}],"about":[{"href":"https:\/\/hubsch-interior.com\/da\/wp-json\/wp\/v2\/types\/product"}],"wp:featuredmedia":[{"embeddable":true,"href":"https:\/\/hubsch-interior.com\/da\/wp-json\/wp\/v2\/media\/1094747"}],"wp:attachment":[{"href":"https:\/\/hubsch-interior.com\/da\/wp-json\/wp\/v2\/media?parent=388259"}],"wp:term":[{"taxonomy":"product_brand","embeddable":true,"href":"https:\/\/hubsch-interior.com\/da\/wp-json\/wp\/v2\/product_brand?post=388259"},{"taxonomy":"product_cat","embeddable":true,"href":"https:\/\/hubsch-interior.com\/da\/wp-json\/wp\/v2\/product_cat?post=388259"},{"taxonomy":"product_tag","embeddable":true,"href":"https:\/\/hubsch-interior.com\/da\/wp-json\/wp\/v2\/product_tag?post=388259"}],"curies":[{"name":"wp","href":"https:\/\/api.w.org\/{rel}","templated":true}]}}