{"id":388415,"date":"2021-06-04T09:45:26","date_gmt":"2021-06-04T07:45:26","guid":{"rendered":"https:\/\/hubsch-interior.com\/shop-b2c\/product\/product-6\/"},"modified":"2026-04-09T04:22:25","modified_gmt":"2026-04-09T02:22:25","slug":"solace-sengetoj-60x63-140x200-bla-orange","status":"publish","type":"product","link":"https:\/\/hubsch-interior.com\/da\/vare\/solace-sengetoj-60x63-140x200-bla-orange\/","title":{"rendered":"Solace Senget\u00f8j 60X63 140X200 Bl\u00e5\/Orange"},"content":{"rendered":"<p>Pr\u00e6senterer Solace Senget\u00f8j! Dette stilfulde s\u00e6t i bl\u00e5t og ferskenfarvet, st\u00f8rrelse 60X63 140X200, er den perfekte m\u00e5de at opgradere dit sovev\u00e6relse p\u00e5. Certificeret af OEKO-TEX\u00ae STANDARD 100, er denne luksuri\u00f8se bomuldsblanding bl\u00f8d og behagelig, hvilket sikrer en hyggelig nattes\u00f8vn. Tilf\u00f8j en sjov og chic atmosf\u00e6re til ethvert sovev\u00e6relse med denne unikke farvekombination. Nyd komforten og bekvemmeligheden ved Solace Senget\u00f8j i dit hjem allerede i dag!<\/p>\n","protected":false},"excerpt":{"rendered":"<p>Pr\u00e6senterer Solace Senget\u00f8j! Dette stilfulde s\u00e6t i bl\u00e5t og ferskenfarvet, st\u00f8rrelse 60X63 140X200, er den perfekte m\u00e5de at opgradere dit sovev\u00e6relse p\u00e5. Certificeret af OEKO-TEX\u00ae STANDARD 100, er denne luksuri\u00f8se bomuldsblanding bl\u00f8d og behagelig, hvilket sikrer en hyggelig nattes\u00f8vn. Tilf\u00f8j en sjov og chic atmosf\u00e6re til ethvert sovev\u00e6relse med denne unikke farvekombination. Nyd komforten og [&hellip;]<\/p>\n","protected":false},"featured_media":1094889,"template":"","meta":{"_acf_changed":false,"inline_featured_image":false},"product_brand":[],"product_cat":[3969,3000],"product_tag":[],"class_list":{"0":"post-388415","1":"product","2":"type-product","3":"status-publish","4":"has-post-thumbnail","6":"product_cat-sengetoej-da","7":"product_cat-tekstiler","8":"product_shipping_class-pk","10":"pa_color-bl","11":"pa_color-orange-da","12":"pa_material-cotton-100-da","14":"first","15":"instock","16":"taxable","17":"shipping-taxable","18":"purchasable","19":"product-type-simple"},"exclude_global_add_ons":[],"addons":[],"acf":[],"yoast_head":"<!-- This site is optimized with the Yoast SEO plugin v26.4 - https:\/\/yoast.com\/wordpress\/plugins\/seo\/ -->\n<title>Solace Senget\u00f8j 60X63 140X200 Bl\u00e5\/Orange - H\u00fcbsch<\/title>\n<meta name=\"description\" content=\"Pr\u00e6senterer Solace Senget\u00f8j! Dette stilfulde s\u00e6t i bl\u00e5t og ferskenfarvet, st\u00f8rrelse 60X63 140X200, er den perfekte m\u00e5de at opgradere dit sovev\u00e6relse p\u00e5.\" \/>\n<meta name=\"robots\" content=\"index, follow, max-snippet:-1, max-image-preview:large, max-video-preview:-1\" \/>\n<link rel=\"canonical\" href=\"https:\/\/hubsch-interior.com\/da\/wp-json\/wp\/v2\/product\/388415\" \/>\n<meta property=\"og:locale\" content=\"da_DK\" \/>\n<meta property=\"og:type\" content=\"article\" \/>\n<meta property=\"og:title\" content=\"Solace Senget\u00f8j 60X63 140X200 Bl\u00e5\/Orange - H\u00fcbsch\" \/>\n<meta property=\"og:description\" content=\"Pr\u00e6senterer Solace Senget\u00f8j! Dette stilfulde s\u00e6t i bl\u00e5t og ferskenfarvet, st\u00f8rrelse 60X63 140X200, er den perfekte m\u00e5de at opgradere dit sovev\u00e6relse p\u00e5.\" \/>\n<meta property=\"og:url\" content=\"https:\/\/hubsch-interior.com\/da\/vare\/solace-sengetoj-60x63-140x200-bla-orange\/\" \/>\n<meta property=\"og:site_name\" content=\"H\u00fcbsch\" \/>\n<meta property=\"article:modified_time\" content=\"2026-04-09T02:22:25+00:00\" \/>\n<meta property=\"og:image\" content=\"https:\/\/hubsch-interior.com\/wp-content\/uploads\/2025\/04\/solace-bed-linen-60x63-140x200-blueorange-d687a6af3791b50f5d7799525405c347.jpg\" \/>\n\t<meta property=\"og:image:width\" content=\"1200\" \/>\n\t<meta property=\"og:image:height\" content=\"1200\" \/>\n\t<meta property=\"og:image:type\" content=\"image\/jpeg\" \/>\n<meta name=\"twitter:card\" content=\"summary_large_image\" \/>\n<script type=\"application\/ld+json\" class=\"yoast-schema-graph\">{\"@context\":\"https:\/\/schema.org\",\"@graph\":[{\"@type\":\"WebPage\",\"@id\":\"https:\/\/hubsch-interior.com\/da\/vare\/solace-sengetoj-60x63-140x200-bla-orange\/\",\"url\":\"https:\/\/hubsch-interior.com\/da\/vare\/solace-sengetoj-60x63-140x200-bla-orange\/\",\"name\":\"Solace Senget\u00f8j 60X63 140X200 Bl\u00e5\/Orange - H\u00fcbsch\",\"isPartOf\":{\"@id\":\"https:\/\/hubsch-interior.com\/da\/#website\"},\"primaryImageOfPage\":{\"@id\":\"https:\/\/hubsch-interior.com\/da\/vare\/solace-sengetoj-60x63-140x200-bla-orange\/#primaryimage\"},\"image\":{\"@id\":\"https:\/\/hubsch-interior.com\/da\/vare\/solace-sengetoj-60x63-140x200-bla-orange\/#primaryimage\"},\"thumbnailUrl\":\"https:\/\/hubsch-interior.com\/wp-content\/uploads\/2026\/02\/solace-bed-linen-60x63-140x200-blueorange-10cf6eb26b94209005ea7e5b8c1607d3.jpg\",\"datePublished\":\"2021-06-04T07:45:26+00:00\",\"dateModified\":\"2026-04-09T02:22:25+00:00\",\"description\":\"Pr\u00e6senterer Solace Senget\u00f8j! Dette stilfulde s\u00e6t i bl\u00e5t og ferskenfarvet, st\u00f8rrelse 60X63 140X200, er den perfekte m\u00e5de at opgradere dit sovev\u00e6relse p\u00e5.\",\"breadcrumb\":{\"@id\":\"https:\/\/hubsch-interior.com\/da\/vare\/solace-sengetoj-60x63-140x200-bla-orange\/#breadcrumb\"},\"inLanguage\":\"da-DK\",\"potentialAction\":[{\"@type\":\"ReadAction\",\"target\":[\"https:\/\/hubsch-interior.com\/da\/vare\/solace-sengetoj-60x63-140x200-bla-orange\/\"]}]},{\"@type\":\"ImageObject\",\"inLanguage\":\"da-DK\",\"@id\":\"https:\/\/hubsch-interior.com\/da\/vare\/solace-sengetoj-60x63-140x200-bla-orange\/#primaryimage\",\"url\":\"https:\/\/hubsch-interior.com\/wp-content\/uploads\/2026\/02\/solace-bed-linen-60x63-140x200-blueorange-10cf6eb26b94209005ea7e5b8c1607d3.jpg\",\"contentUrl\":\"https:\/\/hubsch-interior.com\/wp-content\/uploads\/2026\/02\/solace-bed-linen-60x63-140x200-blueorange-10cf6eb26b94209005ea7e5b8c1607d3.jpg\",\"width\":1024,\"height\":1024},{\"@type\":\"BreadcrumbList\",\"@id\":\"https:\/\/hubsch-interior.com\/da\/vare\/solace-sengetoj-60x63-140x200-bla-orange\/#breadcrumb\",\"itemListElement\":[{\"@type\":\"ListItem\",\"position\":1,\"name\":\"Forside\",\"item\":\"https:\/\/hubsch-interior.com\/da\/\"},{\"@type\":\"ListItem\",\"position\":2,\"name\":\"Produkter\",\"item\":\"https:\/\/hubsch-interior.com\/da\/produkter\/\"},{\"@type\":\"ListItem\",\"position\":3,\"name\":\"Tekstiler\",\"item\":\"https:\/\/hubsch-interior.com\/da\/vare-kategori\/tekstiler\/\"},{\"@type\":\"ListItem\",\"position\":4,\"name\":\"Senget&oslash;j\",\"item\":\"https:\/\/hubsch-interior.com\/da\/vare-kategori\/tekstiler\/sengetoej-da\/\"},{\"@type\":\"ListItem\",\"position\":5,\"name\":\"Solace Senget\u00f8j 60X63 140X200 Bl\u00e5\/Orange\"}]},{\"@type\":\"WebSite\",\"@id\":\"https:\/\/hubsch-interior.com\/da\/#website\",\"url\":\"https:\/\/hubsch-interior.com\/da\/\",\"name\":\"H\u00fcbsch\",\"description\":\"Danish Home Interior and Design\",\"publisher\":{\"@id\":\"https:\/\/hubsch-interior.com\/da\/#organization\"},\"potentialAction\":[{\"@type\":\"SearchAction\",\"target\":{\"@type\":\"EntryPoint\",\"urlTemplate\":\"https:\/\/hubsch-interior.com\/da\/?s={search_term_string}\"},\"query-input\":{\"@type\":\"PropertyValueSpecification\",\"valueRequired\":true,\"valueName\":\"search_term_string\"}}],\"inLanguage\":\"da-DK\"},{\"@type\":\"Organization\",\"@id\":\"https:\/\/hubsch-interior.com\/da\/#organization\",\"name\":\"H\u00fcbsch\",\"url\":\"https:\/\/hubsch-interior.com\/da\/\",\"logo\":{\"@type\":\"ImageObject\",\"inLanguage\":\"da-DK\",\"@id\":\"https:\/\/hubsch-interior.com\/da\/#\/schema\/logo\/image\/\",\"url\":\"https:\/\/hubsch-interior.com\/wp-content\/uploads\/2022\/12\/Hubsch_logo_black_one_line.svg\",\"contentUrl\":\"https:\/\/hubsch-interior.com\/wp-content\/uploads\/2022\/12\/Hubsch_logo_black_one_line.svg\",\"caption\":\"H\u00fcbsch\"},\"image\":{\"@id\":\"https:\/\/hubsch-interior.com\/da\/#\/schema\/logo\/image\/\"}}]}<\/script>\n<!-- \/ Yoast SEO plugin. -->","yoast_head_json":{"title":"Solace Senget\u00f8j 60X63 140X200 Bl\u00e5\/Orange - H\u00fcbsch","description":"Pr\u00e6senterer Solace Senget\u00f8j! Dette stilfulde s\u00e6t i bl\u00e5t og ferskenfarvet, st\u00f8rrelse 60X63 140X200, er den perfekte m\u00e5de at opgradere dit sovev\u00e6relse p\u00e5.","robots":{"index":"index","follow":"follow","max-snippet":"max-snippet:-1","max-image-preview":"max-image-preview:large","max-video-preview":"max-video-preview:-1"},"canonical":"https:\/\/hubsch-interior.com\/da\/wp-json\/wp\/v2\/product\/388415","og_locale":"da_DK","og_type":"article","og_title":"Solace Senget\u00f8j 60X63 140X200 Bl\u00e5\/Orange - H\u00fcbsch","og_description":"Pr\u00e6senterer Solace Senget\u00f8j! Dette stilfulde s\u00e6t i bl\u00e5t og ferskenfarvet, st\u00f8rrelse 60X63 140X200, er den perfekte m\u00e5de at opgradere dit sovev\u00e6relse p\u00e5.","og_url":"https:\/\/hubsch-interior.com\/da\/vare\/solace-sengetoj-60x63-140x200-bla-orange\/","og_site_name":"H\u00fcbsch","article_modified_time":"2026-04-09T02:22:25+00:00","og_image":[{"width":1200,"height":1200,"url":"https:\/\/hubsch-interior.com\/wp-content\/uploads\/2025\/04\/solace-bed-linen-60x63-140x200-blueorange-d687a6af3791b50f5d7799525405c347.jpg","type":"image\/jpeg"}],"twitter_card":"summary_large_image","schema":{"@context":"https:\/\/schema.org","@graph":[{"@type":"WebPage","@id":"https:\/\/hubsch-interior.com\/da\/vare\/solace-sengetoj-60x63-140x200-bla-orange\/","url":"https:\/\/hubsch-interior.com\/da\/vare\/solace-sengetoj-60x63-140x200-bla-orange\/","name":"Solace Senget\u00f8j 60X63 140X200 Bl\u00e5\/Orange - H\u00fcbsch","isPartOf":{"@id":"https:\/\/hubsch-interior.com\/da\/#website"},"primaryImageOfPage":{"@id":"https:\/\/hubsch-interior.com\/da\/vare\/solace-sengetoj-60x63-140x200-bla-orange\/#primaryimage"},"image":{"@id":"https:\/\/hubsch-interior.com\/da\/vare\/solace-sengetoj-60x63-140x200-bla-orange\/#primaryimage"},"thumbnailUrl":"https:\/\/hubsch-interior.com\/wp-content\/uploads\/2026\/02\/solace-bed-linen-60x63-140x200-blueorange-10cf6eb26b94209005ea7e5b8c1607d3.jpg","datePublished":"2021-06-04T07:45:26+00:00","dateModified":"2026-04-09T02:22:25+00:00","description":"Pr\u00e6senterer Solace Senget\u00f8j! Dette stilfulde s\u00e6t i bl\u00e5t og ferskenfarvet, st\u00f8rrelse 60X63 140X200, er den perfekte m\u00e5de at opgradere dit sovev\u00e6relse p\u00e5.","breadcrumb":{"@id":"https:\/\/hubsch-interior.com\/da\/vare\/solace-sengetoj-60x63-140x200-bla-orange\/#breadcrumb"},"inLanguage":"da-DK","potentialAction":[{"@type":"ReadAction","target":["https:\/\/hubsch-interior.com\/da\/vare\/solace-sengetoj-60x63-140x200-bla-orange\/"]}]},{"@type":"ImageObject","inLanguage":"da-DK","@id":"https:\/\/hubsch-interior.com\/da\/vare\/solace-sengetoj-60x63-140x200-bla-orange\/#primaryimage","url":"https:\/\/hubsch-interior.com\/wp-content\/uploads\/2026\/02\/solace-bed-linen-60x63-140x200-blueorange-10cf6eb26b94209005ea7e5b8c1607d3.jpg","contentUrl":"https:\/\/hubsch-interior.com\/wp-content\/uploads\/2026\/02\/solace-bed-linen-60x63-140x200-blueorange-10cf6eb26b94209005ea7e5b8c1607d3.jpg","width":1024,"height":1024},{"@type":"BreadcrumbList","@id":"https:\/\/hubsch-interior.com\/da\/vare\/solace-sengetoj-60x63-140x200-bla-orange\/#breadcrumb","itemListElement":[{"@type":"ListItem","position":1,"name":"Forside","item":"https:\/\/hubsch-interior.com\/da\/"},{"@type":"ListItem","position":2,"name":"Produkter","item":"https:\/\/hubsch-interior.com\/da\/produkter\/"},{"@type":"ListItem","position":3,"name":"Tekstiler","item":"https:\/\/hubsch-interior.com\/da\/vare-kategori\/tekstiler\/"},{"@type":"ListItem","position":4,"name":"Senget&oslash;j","item":"https:\/\/hubsch-interior.com\/da\/vare-kategori\/tekstiler\/sengetoej-da\/"},{"@type":"ListItem","position":5,"name":"Solace Senget\u00f8j 60X63 140X200 Bl\u00e5\/Orange"}]},{"@type":"WebSite","@id":"https:\/\/hubsch-interior.com\/da\/#website","url":"https:\/\/hubsch-interior.com\/da\/","name":"H\u00fcbsch","description":"Danish Home Interior and Design","publisher":{"@id":"https:\/\/hubsch-interior.com\/da\/#organization"},"potentialAction":[{"@type":"SearchAction","target":{"@type":"EntryPoint","urlTemplate":"https:\/\/hubsch-interior.com\/da\/?s={search_term_string}"},"query-input":{"@type":"PropertyValueSpecification","valueRequired":true,"valueName":"search_term_string"}}],"inLanguage":"da-DK"},{"@type":"Organization","@id":"https:\/\/hubsch-interior.com\/da\/#organization","name":"H\u00fcbsch","url":"https:\/\/hubsch-interior.com\/da\/","logo":{"@type":"ImageObject","inLanguage":"da-DK","@id":"https:\/\/hubsch-interior.com\/da\/#\/schema\/logo\/image\/","url":"https:\/\/hubsch-interior.com\/wp-content\/uploads\/2022\/12\/Hubsch_logo_black_one_line.svg","contentUrl":"https:\/\/hubsch-interior.com\/wp-content\/uploads\/2022\/12\/Hubsch_logo_black_one_line.svg","caption":"H\u00fcbsch"},"image":{"@id":"https:\/\/hubsch-interior.com\/da\/#\/schema\/logo\/image\/"}}]}},"_links":{"self":[{"href":"https:\/\/hubsch-interior.com\/da\/wp-json\/wp\/v2\/product\/388415","targetHints":{"allow":["GET"]}}],"collection":[{"href":"https:\/\/hubsch-interior.com\/da\/wp-json\/wp\/v2\/product"}],"about":[{"href":"https:\/\/hubsch-interior.com\/da\/wp-json\/wp\/v2\/types\/product"}],"wp:featuredmedia":[{"embeddable":true,"href":"https:\/\/hubsch-interior.com\/da\/wp-json\/wp\/v2\/media\/1094889"}],"wp:attachment":[{"href":"https:\/\/hubsch-interior.com\/da\/wp-json\/wp\/v2\/media?parent=388415"}],"wp:term":[{"taxonomy":"product_brand","embeddable":true,"href":"https:\/\/hubsch-interior.com\/da\/wp-json\/wp\/v2\/product_brand?post=388415"},{"taxonomy":"product_cat","embeddable":true,"href":"https:\/\/hubsch-interior.com\/da\/wp-json\/wp\/v2\/product_cat?post=388415"},{"taxonomy":"product_tag","embeddable":true,"href":"https:\/\/hubsch-interior.com\/da\/wp-json\/wp\/v2\/product_tag?post=388415"}],"curies":[{"name":"wp","href":"https:\/\/api.w.org\/{rel}","templated":true}]}}