{"id":389263,"date":"2021-06-04T09:48:08","date_gmt":"2021-06-04T07:48:08","guid":{"rendered":"https:\/\/hubsch-interior.com\/shop-b2c\/product\/product-6\/"},"modified":"2026-04-09T04:23:08","modified_gmt":"2026-04-09T02:23:08","slug":"amber-daybed-beige-natur","status":"publish","type":"product","link":"https:\/\/hubsch-interior.com\/da\/vare\/amber-daybed-beige-natur\/","title":{"rendered":"Amber Daybed Beige\/Natur"},"content":{"rendered":"<p>Amber Daybed Orange\/Beige\/Natur er et smukt og unikt designet daybed fremstillet af \u00e6delt eg og polyester. Den er perfekt til at give dit rum et personligt og elegant touch. Det har et flot m\u00f8nster som vil g\u00f8re det til et \u00e6gte blikfang, og det kommer i tre forskellige farver &#8211; orange, beige og natur. Det er holdbart og slidst\u00e6rkt, s\u00e5 du kan nyde det i mange \u00e5r. Det vil give ethvert rum et moderne og moderne udseende. Det Amber Daybed Orange\/Beige\/Natur g\u00f8r ethvert hjem smukkere.<\/p>\n","protected":false},"excerpt":{"rendered":"<p>Amber Daybed Orange\/Beige\/Natur er et smukt og unikt designet daybed fremstillet af \u00e6delt eg og polyester. Den er perfekt til at give dit rum et personligt og elegant touch. Det har et flot m\u00f8nster som vil g\u00f8re det til et \u00e6gte blikfang, og det kommer i tre forskellige farver &#8211; orange, beige og natur. Det [&hellip;]<\/p>\n","protected":false},"featured_media":1095202,"template":"","meta":{"_acf_changed":false,"inline_featured_image":false},"product_brand":[],"product_cat":[2841,4198],"product_tag":[],"class_list":{"0":"post-389263","1":"product","2":"type-product","3":"status-publish","4":"has-post-thumbnail","6":"product_cat-siddemoebler-da","7":"product_cat-sofaer-og-daybeds-da","8":"product_shipping_class-p10","10":"pa_color-beige-2","11":"pa_color-natur-2","12":"pa_material-egetr","13":"pa_material-polyester-100-da","15":"first","16":"instock","17":"taxable","18":"shipping-taxable","19":"purchasable","20":"product-type-simple"},"exclude_global_add_ons":[],"addons":[],"acf":[],"yoast_head":"<!-- This site is optimized with the Yoast SEO plugin v26.4 - https:\/\/yoast.com\/wordpress\/plugins\/seo\/ -->\n<title>Amber Daybed Beige\/Natur - H\u00fcbsch<\/title>\n<meta name=\"description\" content=\"Amber Daybed Orange\/Beige\/Natur er et smukt og unikt designet daybed fremstillet af \u00e6delt eg og polyester. Den er perfekt til at give dit rum et\" \/>\n<meta name=\"robots\" content=\"index, follow, max-snippet:-1, max-image-preview:large, max-video-preview:-1\" \/>\n<link rel=\"canonical\" href=\"https:\/\/hubsch-interior.com\/da\/wp-json\/wp\/v2\/product\/389263\" \/>\n<meta property=\"og:locale\" content=\"da_DK\" \/>\n<meta property=\"og:type\" content=\"article\" \/>\n<meta property=\"og:title\" content=\"Amber Daybed Beige\/Natur - H\u00fcbsch\" \/>\n<meta property=\"og:description\" content=\"Amber Daybed Orange\/Beige\/Natur er et smukt og unikt designet daybed fremstillet af \u00e6delt eg og polyester. Den er perfekt til at give dit rum et\" \/>\n<meta property=\"og:url\" content=\"https:\/\/hubsch-interior.com\/da\/vare\/amber-daybed-beige-natur\/\" \/>\n<meta property=\"og:site_name\" content=\"H\u00fcbsch\" \/>\n<meta property=\"article:modified_time\" content=\"2026-04-09T02:23:08+00:00\" \/>\n<meta property=\"og:image\" content=\"https:\/\/hubsch-interior.com\/wp-content\/uploads\/2023\/08\/amber-daybed-orangebeigenatural-c2dc9824f78c87a8ebcefd3f15082541.jpg\" \/>\n\t<meta property=\"og:image:width\" content=\"1200\" \/>\n\t<meta property=\"og:image:height\" content=\"1200\" \/>\n\t<meta property=\"og:image:type\" content=\"image\/jpeg\" \/>\n<meta name=\"twitter:card\" content=\"summary_large_image\" \/>\n<script type=\"application\/ld+json\" class=\"yoast-schema-graph\">{\"@context\":\"https:\/\/schema.org\",\"@graph\":[{\"@type\":\"WebPage\",\"@id\":\"https:\/\/hubsch-interior.com\/da\/vare\/amber-daybed-beige-natur\/\",\"url\":\"https:\/\/hubsch-interior.com\/da\/vare\/amber-daybed-beige-natur\/\",\"name\":\"Amber Daybed Beige\/Natur - H\u00fcbsch\",\"isPartOf\":{\"@id\":\"https:\/\/hubsch-interior.com\/da\/#website\"},\"primaryImageOfPage\":{\"@id\":\"https:\/\/hubsch-interior.com\/da\/vare\/amber-daybed-beige-natur\/#primaryimage\"},\"image\":{\"@id\":\"https:\/\/hubsch-interior.com\/da\/vare\/amber-daybed-beige-natur\/#primaryimage\"},\"thumbnailUrl\":\"https:\/\/hubsch-interior.com\/wp-content\/uploads\/2026\/02\/amber-daybed-beigenatural-e46167c78f0fb12cc60365134e9e4e86.jpg\",\"datePublished\":\"2021-06-04T07:48:08+00:00\",\"dateModified\":\"2026-04-09T02:23:08+00:00\",\"description\":\"Amber Daybed Orange\/Beige\/Natur er et smukt og unikt designet daybed fremstillet af \u00e6delt eg og polyester. Den er perfekt til at give dit rum et\",\"breadcrumb\":{\"@id\":\"https:\/\/hubsch-interior.com\/da\/vare\/amber-daybed-beige-natur\/#breadcrumb\"},\"inLanguage\":\"da-DK\",\"potentialAction\":[{\"@type\":\"ReadAction\",\"target\":[\"https:\/\/hubsch-interior.com\/da\/vare\/amber-daybed-beige-natur\/\"]}]},{\"@type\":\"ImageObject\",\"inLanguage\":\"da-DK\",\"@id\":\"https:\/\/hubsch-interior.com\/da\/vare\/amber-daybed-beige-natur\/#primaryimage\",\"url\":\"https:\/\/hubsch-interior.com\/wp-content\/uploads\/2026\/02\/amber-daybed-beigenatural-e46167c78f0fb12cc60365134e9e4e86.jpg\",\"contentUrl\":\"https:\/\/hubsch-interior.com\/wp-content\/uploads\/2026\/02\/amber-daybed-beigenatural-e46167c78f0fb12cc60365134e9e4e86.jpg\",\"width\":1024,\"height\":1024},{\"@type\":\"BreadcrumbList\",\"@id\":\"https:\/\/hubsch-interior.com\/da\/vare\/amber-daybed-beige-natur\/#breadcrumb\",\"itemListElement\":[{\"@type\":\"ListItem\",\"position\":1,\"name\":\"Forside\",\"item\":\"https:\/\/hubsch-interior.com\/da\/\"},{\"@type\":\"ListItem\",\"position\":2,\"name\":\"Produkter\",\"item\":\"https:\/\/hubsch-interior.com\/da\/produkter\/\"},{\"@type\":\"ListItem\",\"position\":3,\"name\":\"M\u00f8bler\",\"item\":\"https:\/\/hubsch-interior.com\/da\/vare-kategori\/mobler\/\"},{\"@type\":\"ListItem\",\"position\":4,\"name\":\"Siddem&oslash;bler\",\"item\":\"https:\/\/hubsch-interior.com\/da\/vare-kategori\/mobler\/siddemoebler-da\/\"},{\"@type\":\"ListItem\",\"position\":5,\"name\":\"Sofaer og daybeds\",\"item\":\"https:\/\/hubsch-interior.com\/da\/vare-kategori\/mobler\/siddemoebler-da\/sofaer-og-daybeds-da\/\"},{\"@type\":\"ListItem\",\"position\":6,\"name\":\"Amber Daybed Beige\/Natur\"}]},{\"@type\":\"WebSite\",\"@id\":\"https:\/\/hubsch-interior.com\/da\/#website\",\"url\":\"https:\/\/hubsch-interior.com\/da\/\",\"name\":\"H\u00fcbsch\",\"description\":\"Danish Home Interior and Design\",\"publisher\":{\"@id\":\"https:\/\/hubsch-interior.com\/da\/#organization\"},\"potentialAction\":[{\"@type\":\"SearchAction\",\"target\":{\"@type\":\"EntryPoint\",\"urlTemplate\":\"https:\/\/hubsch-interior.com\/da\/?s={search_term_string}\"},\"query-input\":{\"@type\":\"PropertyValueSpecification\",\"valueRequired\":true,\"valueName\":\"search_term_string\"}}],\"inLanguage\":\"da-DK\"},{\"@type\":\"Organization\",\"@id\":\"https:\/\/hubsch-interior.com\/da\/#organization\",\"name\":\"H\u00fcbsch\",\"url\":\"https:\/\/hubsch-interior.com\/da\/\",\"logo\":{\"@type\":\"ImageObject\",\"inLanguage\":\"da-DK\",\"@id\":\"https:\/\/hubsch-interior.com\/da\/#\/schema\/logo\/image\/\",\"url\":\"https:\/\/hubsch-interior.com\/wp-content\/uploads\/2022\/12\/Hubsch_logo_black_one_line.svg\",\"contentUrl\":\"https:\/\/hubsch-interior.com\/wp-content\/uploads\/2022\/12\/Hubsch_logo_black_one_line.svg\",\"caption\":\"H\u00fcbsch\"},\"image\":{\"@id\":\"https:\/\/hubsch-interior.com\/da\/#\/schema\/logo\/image\/\"}}]}<\/script>\n<!-- \/ Yoast SEO plugin. -->","yoast_head_json":{"title":"Amber Daybed Beige\/Natur - H\u00fcbsch","description":"Amber Daybed Orange\/Beige\/Natur er et smukt og unikt designet daybed fremstillet af \u00e6delt eg og polyester. Den er perfekt til at give dit rum et","robots":{"index":"index","follow":"follow","max-snippet":"max-snippet:-1","max-image-preview":"max-image-preview:large","max-video-preview":"max-video-preview:-1"},"canonical":"https:\/\/hubsch-interior.com\/da\/wp-json\/wp\/v2\/product\/389263","og_locale":"da_DK","og_type":"article","og_title":"Amber Daybed Beige\/Natur - H\u00fcbsch","og_description":"Amber Daybed Orange\/Beige\/Natur er et smukt og unikt designet daybed fremstillet af \u00e6delt eg og polyester. Den er perfekt til at give dit rum et","og_url":"https:\/\/hubsch-interior.com\/da\/vare\/amber-daybed-beige-natur\/","og_site_name":"H\u00fcbsch","article_modified_time":"2026-04-09T02:23:08+00:00","og_image":[{"width":1200,"height":1200,"url":"https:\/\/hubsch-interior.com\/wp-content\/uploads\/2023\/08\/amber-daybed-orangebeigenatural-c2dc9824f78c87a8ebcefd3f15082541.jpg","type":"image\/jpeg"}],"twitter_card":"summary_large_image","schema":{"@context":"https:\/\/schema.org","@graph":[{"@type":"WebPage","@id":"https:\/\/hubsch-interior.com\/da\/vare\/amber-daybed-beige-natur\/","url":"https:\/\/hubsch-interior.com\/da\/vare\/amber-daybed-beige-natur\/","name":"Amber Daybed Beige\/Natur - H\u00fcbsch","isPartOf":{"@id":"https:\/\/hubsch-interior.com\/da\/#website"},"primaryImageOfPage":{"@id":"https:\/\/hubsch-interior.com\/da\/vare\/amber-daybed-beige-natur\/#primaryimage"},"image":{"@id":"https:\/\/hubsch-interior.com\/da\/vare\/amber-daybed-beige-natur\/#primaryimage"},"thumbnailUrl":"https:\/\/hubsch-interior.com\/wp-content\/uploads\/2026\/02\/amber-daybed-beigenatural-e46167c78f0fb12cc60365134e9e4e86.jpg","datePublished":"2021-06-04T07:48:08+00:00","dateModified":"2026-04-09T02:23:08+00:00","description":"Amber Daybed Orange\/Beige\/Natur er et smukt og unikt designet daybed fremstillet af \u00e6delt eg og polyester. Den er perfekt til at give dit rum et","breadcrumb":{"@id":"https:\/\/hubsch-interior.com\/da\/vare\/amber-daybed-beige-natur\/#breadcrumb"},"inLanguage":"da-DK","potentialAction":[{"@type":"ReadAction","target":["https:\/\/hubsch-interior.com\/da\/vare\/amber-daybed-beige-natur\/"]}]},{"@type":"ImageObject","inLanguage":"da-DK","@id":"https:\/\/hubsch-interior.com\/da\/vare\/amber-daybed-beige-natur\/#primaryimage","url":"https:\/\/hubsch-interior.com\/wp-content\/uploads\/2026\/02\/amber-daybed-beigenatural-e46167c78f0fb12cc60365134e9e4e86.jpg","contentUrl":"https:\/\/hubsch-interior.com\/wp-content\/uploads\/2026\/02\/amber-daybed-beigenatural-e46167c78f0fb12cc60365134e9e4e86.jpg","width":1024,"height":1024},{"@type":"BreadcrumbList","@id":"https:\/\/hubsch-interior.com\/da\/vare\/amber-daybed-beige-natur\/#breadcrumb","itemListElement":[{"@type":"ListItem","position":1,"name":"Forside","item":"https:\/\/hubsch-interior.com\/da\/"},{"@type":"ListItem","position":2,"name":"Produkter","item":"https:\/\/hubsch-interior.com\/da\/produkter\/"},{"@type":"ListItem","position":3,"name":"M\u00f8bler","item":"https:\/\/hubsch-interior.com\/da\/vare-kategori\/mobler\/"},{"@type":"ListItem","position":4,"name":"Siddem&oslash;bler","item":"https:\/\/hubsch-interior.com\/da\/vare-kategori\/mobler\/siddemoebler-da\/"},{"@type":"ListItem","position":5,"name":"Sofaer og daybeds","item":"https:\/\/hubsch-interior.com\/da\/vare-kategori\/mobler\/siddemoebler-da\/sofaer-og-daybeds-da\/"},{"@type":"ListItem","position":6,"name":"Amber Daybed Beige\/Natur"}]},{"@type":"WebSite","@id":"https:\/\/hubsch-interior.com\/da\/#website","url":"https:\/\/hubsch-interior.com\/da\/","name":"H\u00fcbsch","description":"Danish Home Interior and Design","publisher":{"@id":"https:\/\/hubsch-interior.com\/da\/#organization"},"potentialAction":[{"@type":"SearchAction","target":{"@type":"EntryPoint","urlTemplate":"https:\/\/hubsch-interior.com\/da\/?s={search_term_string}"},"query-input":{"@type":"PropertyValueSpecification","valueRequired":true,"valueName":"search_term_string"}}],"inLanguage":"da-DK"},{"@type":"Organization","@id":"https:\/\/hubsch-interior.com\/da\/#organization","name":"H\u00fcbsch","url":"https:\/\/hubsch-interior.com\/da\/","logo":{"@type":"ImageObject","inLanguage":"da-DK","@id":"https:\/\/hubsch-interior.com\/da\/#\/schema\/logo\/image\/","url":"https:\/\/hubsch-interior.com\/wp-content\/uploads\/2022\/12\/Hubsch_logo_black_one_line.svg","contentUrl":"https:\/\/hubsch-interior.com\/wp-content\/uploads\/2022\/12\/Hubsch_logo_black_one_line.svg","caption":"H\u00fcbsch"},"image":{"@id":"https:\/\/hubsch-interior.com\/da\/#\/schema\/logo\/image\/"}}]}},"_links":{"self":[{"href":"https:\/\/hubsch-interior.com\/da\/wp-json\/wp\/v2\/product\/389263","targetHints":{"allow":["GET"]}}],"collection":[{"href":"https:\/\/hubsch-interior.com\/da\/wp-json\/wp\/v2\/product"}],"about":[{"href":"https:\/\/hubsch-interior.com\/da\/wp-json\/wp\/v2\/types\/product"}],"wp:featuredmedia":[{"embeddable":true,"href":"https:\/\/hubsch-interior.com\/da\/wp-json\/wp\/v2\/media\/1095202"}],"wp:attachment":[{"href":"https:\/\/hubsch-interior.com\/da\/wp-json\/wp\/v2\/media?parent=389263"}],"wp:term":[{"taxonomy":"product_brand","embeddable":true,"href":"https:\/\/hubsch-interior.com\/da\/wp-json\/wp\/v2\/product_brand?post=389263"},{"taxonomy":"product_cat","embeddable":true,"href":"https:\/\/hubsch-interior.com\/da\/wp-json\/wp\/v2\/product_cat?post=389263"},{"taxonomy":"product_tag","embeddable":true,"href":"https:\/\/hubsch-interior.com\/da\/wp-json\/wp\/v2\/product_tag?post=389263"}],"curies":[{"name":"wp","href":"https:\/\/api.w.org\/{rel}","templated":true}]}}