{"id":389379,"date":"2021-06-04T09:48:45","date_gmt":"2021-06-04T07:48:45","guid":{"rendered":"https:\/\/hubsch-interior.com\/shop-b2c\/product\/product-6\/"},"modified":"2026-04-09T04:24:07","modified_gmt":"2026-04-09T02:24:07","slug":"loft-ramme-kaede-small-messingfarve","status":"publish","type":"product","link":"https:\/\/hubsch-interior.com\/da\/vare\/loft-ramme-kaede-small-messingfarve\/","title":{"rendered":"Loft Ramme K\u00e6de Small Messingfarve"},"content":{"rendered":"<p>Med denne ramme kan du fremvise billeder eller plakater. Selve rammen er lavet af messing, hvilket giver den et klassisk vintage look. Rammen leveres med en k\u00e6de, der b\u00e5de er dekorativ og g\u00f8r det lettere at h\u00e6nge rammen op. Dette produkt er h\u00e5ndlavet og kan derfor varierer.<\/p>\n","protected":false},"excerpt":{"rendered":"<p>Med denne ramme kan du fremvise billeder eller plakater. Selve rammen er lavet af messing, hvilket giver den et klassisk vintage look. Rammen leveres med en k\u00e6de, der b\u00e5de er dekorativ og g\u00f8r det lettere at h\u00e6nge rammen op. Dette produkt er h\u00e5ndlavet og kan derfor varierer.<\/p>\n","protected":false},"featured_media":1095454,"template":"","meta":{"_acf_changed":false,"inline_featured_image":false},"product_brand":[],"product_cat":[3114,4935,5025],"product_tag":[],"class_list":{"0":"post-389379","1":"product","2":"type-product","3":"status-publish","4":"has-post-thumbnail","6":"product_cat-vaegdekoration-da","7":"product_cat-rammer-da","8":"product_cat-bestsellers-da","9":"product_shipping_class-pk","11":"pa_color-messingfarve","12":"pa_material-glas-da","13":"pa_material-jern-da","15":"first","16":"instock","17":"featured","18":"taxable","19":"shipping-taxable","20":"purchasable","21":"product-type-simple"},"exclude_global_add_ons":[],"addons":[],"acf":[],"yoast_head":"<!-- This site is optimized with the Yoast SEO plugin v26.4 - https:\/\/yoast.com\/wordpress\/plugins\/seo\/ -->\n<title>Loft Ramme K\u00e6de Small Messingfarve - H\u00fcbsch<\/title>\n<meta name=\"description\" content=\"Med denne ramme kan du fremvise billeder eller plakater. Selve rammen er lavet af messing, hvilket giver den et klassisk vintage look. Rammen leveres med\" \/>\n<meta name=\"robots\" content=\"index, follow, max-snippet:-1, max-image-preview:large, max-video-preview:-1\" \/>\n<link rel=\"canonical\" href=\"https:\/\/hubsch-interior.com\/da\/wp-json\/wp\/v2\/product\/389379\" \/>\n<meta property=\"og:locale\" content=\"da_DK\" \/>\n<meta property=\"og:type\" content=\"article\" \/>\n<meta property=\"og:title\" content=\"Loft Ramme K\u00e6de Small Messingfarve - H\u00fcbsch\" \/>\n<meta property=\"og:description\" content=\"Med denne ramme kan du fremvise billeder eller plakater. Selve rammen er lavet af messing, hvilket giver den et klassisk vintage look. Rammen leveres med\" \/>\n<meta property=\"og:url\" content=\"https:\/\/hubsch-interior.com\/da\/vare\/loft-ramme-kaede-small-messingfarve\/\" \/>\n<meta property=\"og:site_name\" content=\"H\u00fcbsch\" \/>\n<meta property=\"article:modified_time\" content=\"2026-04-09T02:24:07+00:00\" \/>\n<meta property=\"og:image\" content=\"https:\/\/hubsch-interior.com\/wp-content\/uploads\/2023\/08\/loft-frame-chained-small-brass-cf8b618ca27fb5a1d83142dac2d909a6.jpg\" \/>\n\t<meta property=\"og:image:width\" content=\"1200\" \/>\n\t<meta property=\"og:image:height\" content=\"1200\" \/>\n\t<meta property=\"og:image:type\" content=\"image\/jpeg\" \/>\n<meta name=\"twitter:card\" content=\"summary_large_image\" \/>\n<script type=\"application\/ld+json\" class=\"yoast-schema-graph\">{\"@context\":\"https:\/\/schema.org\",\"@graph\":[{\"@type\":\"WebPage\",\"@id\":\"https:\/\/hubsch-interior.com\/da\/vare\/loft-ramme-kaede-small-messingfarve\/\",\"url\":\"https:\/\/hubsch-interior.com\/da\/vare\/loft-ramme-kaede-small-messingfarve\/\",\"name\":\"Loft Ramme K\u00e6de Small Messingfarve - H\u00fcbsch\",\"isPartOf\":{\"@id\":\"https:\/\/hubsch-interior.com\/da\/#website\"},\"primaryImageOfPage\":{\"@id\":\"https:\/\/hubsch-interior.com\/da\/vare\/loft-ramme-kaede-small-messingfarve\/#primaryimage\"},\"image\":{\"@id\":\"https:\/\/hubsch-interior.com\/da\/vare\/loft-ramme-kaede-small-messingfarve\/#primaryimage\"},\"thumbnailUrl\":\"https:\/\/hubsch-interior.com\/wp-content\/uploads\/2026\/02\/loft-frame-chained-small-brass-56f5726de95cbafcdeea98cf0faf653a.jpg\",\"datePublished\":\"2021-06-04T07:48:45+00:00\",\"dateModified\":\"2026-04-09T02:24:07+00:00\",\"description\":\"Med denne ramme kan du fremvise billeder eller plakater. Selve rammen er lavet af messing, hvilket giver den et klassisk vintage look. Rammen leveres med\",\"breadcrumb\":{\"@id\":\"https:\/\/hubsch-interior.com\/da\/vare\/loft-ramme-kaede-small-messingfarve\/#breadcrumb\"},\"inLanguage\":\"da-DK\",\"potentialAction\":[{\"@type\":\"ReadAction\",\"target\":[\"https:\/\/hubsch-interior.com\/da\/vare\/loft-ramme-kaede-small-messingfarve\/\"]}]},{\"@type\":\"ImageObject\",\"inLanguage\":\"da-DK\",\"@id\":\"https:\/\/hubsch-interior.com\/da\/vare\/loft-ramme-kaede-small-messingfarve\/#primaryimage\",\"url\":\"https:\/\/hubsch-interior.com\/wp-content\/uploads\/2026\/02\/loft-frame-chained-small-brass-56f5726de95cbafcdeea98cf0faf653a.jpg\",\"contentUrl\":\"https:\/\/hubsch-interior.com\/wp-content\/uploads\/2026\/02\/loft-frame-chained-small-brass-56f5726de95cbafcdeea98cf0faf653a.jpg\",\"width\":1024,\"height\":1024},{\"@type\":\"BreadcrumbList\",\"@id\":\"https:\/\/hubsch-interior.com\/da\/vare\/loft-ramme-kaede-small-messingfarve\/#breadcrumb\",\"itemListElement\":[{\"@type\":\"ListItem\",\"position\":1,\"name\":\"Forside\",\"item\":\"https:\/\/hubsch-interior.com\/da\/\"},{\"@type\":\"ListItem\",\"position\":2,\"name\":\"Produkter\",\"item\":\"https:\/\/hubsch-interior.com\/da\/produkter\/\"},{\"@type\":\"ListItem\",\"position\":3,\"name\":\"Boligtilbeh\u00f8r\",\"item\":\"https:\/\/hubsch-interior.com\/da\/vare-kategori\/boligtilbehor\/\"},{\"@type\":\"ListItem\",\"position\":4,\"name\":\"V&aelig;gdekoration\",\"item\":\"https:\/\/hubsch-interior.com\/da\/vare-kategori\/boligtilbehor\/vaegdekoration-da\/\"},{\"@type\":\"ListItem\",\"position\":5,\"name\":\"Rammer\",\"item\":\"https:\/\/hubsch-interior.com\/da\/vare-kategori\/boligtilbehor\/vaegdekoration-da\/rammer-da\/\"},{\"@type\":\"ListItem\",\"position\":6,\"name\":\"Loft Ramme K\u00e6de Small Messingfarve\"}]},{\"@type\":\"WebSite\",\"@id\":\"https:\/\/hubsch-interior.com\/da\/#website\",\"url\":\"https:\/\/hubsch-interior.com\/da\/\",\"name\":\"H\u00fcbsch\",\"description\":\"Danish Home Interior and Design\",\"publisher\":{\"@id\":\"https:\/\/hubsch-interior.com\/da\/#organization\"},\"potentialAction\":[{\"@type\":\"SearchAction\",\"target\":{\"@type\":\"EntryPoint\",\"urlTemplate\":\"https:\/\/hubsch-interior.com\/da\/?s={search_term_string}\"},\"query-input\":{\"@type\":\"PropertyValueSpecification\",\"valueRequired\":true,\"valueName\":\"search_term_string\"}}],\"inLanguage\":\"da-DK\"},{\"@type\":\"Organization\",\"@id\":\"https:\/\/hubsch-interior.com\/da\/#organization\",\"name\":\"H\u00fcbsch\",\"url\":\"https:\/\/hubsch-interior.com\/da\/\",\"logo\":{\"@type\":\"ImageObject\",\"inLanguage\":\"da-DK\",\"@id\":\"https:\/\/hubsch-interior.com\/da\/#\/schema\/logo\/image\/\",\"url\":\"https:\/\/hubsch-interior.com\/wp-content\/uploads\/2022\/12\/Hubsch_logo_black_one_line.svg\",\"contentUrl\":\"https:\/\/hubsch-interior.com\/wp-content\/uploads\/2022\/12\/Hubsch_logo_black_one_line.svg\",\"caption\":\"H\u00fcbsch\"},\"image\":{\"@id\":\"https:\/\/hubsch-interior.com\/da\/#\/schema\/logo\/image\/\"}}]}<\/script>\n<!-- \/ Yoast SEO plugin. -->","yoast_head_json":{"title":"Loft Ramme K\u00e6de Small Messingfarve - H\u00fcbsch","description":"Med denne ramme kan du fremvise billeder eller plakater. Selve rammen er lavet af messing, hvilket giver den et klassisk vintage look. Rammen leveres med","robots":{"index":"index","follow":"follow","max-snippet":"max-snippet:-1","max-image-preview":"max-image-preview:large","max-video-preview":"max-video-preview:-1"},"canonical":"https:\/\/hubsch-interior.com\/da\/wp-json\/wp\/v2\/product\/389379","og_locale":"da_DK","og_type":"article","og_title":"Loft Ramme K\u00e6de Small Messingfarve - H\u00fcbsch","og_description":"Med denne ramme kan du fremvise billeder eller plakater. Selve rammen er lavet af messing, hvilket giver den et klassisk vintage look. Rammen leveres med","og_url":"https:\/\/hubsch-interior.com\/da\/vare\/loft-ramme-kaede-small-messingfarve\/","og_site_name":"H\u00fcbsch","article_modified_time":"2026-04-09T02:24:07+00:00","og_image":[{"width":1200,"height":1200,"url":"https:\/\/hubsch-interior.com\/wp-content\/uploads\/2023\/08\/loft-frame-chained-small-brass-cf8b618ca27fb5a1d83142dac2d909a6.jpg","type":"image\/jpeg"}],"twitter_card":"summary_large_image","schema":{"@context":"https:\/\/schema.org","@graph":[{"@type":"WebPage","@id":"https:\/\/hubsch-interior.com\/da\/vare\/loft-ramme-kaede-small-messingfarve\/","url":"https:\/\/hubsch-interior.com\/da\/vare\/loft-ramme-kaede-small-messingfarve\/","name":"Loft Ramme K\u00e6de Small Messingfarve - H\u00fcbsch","isPartOf":{"@id":"https:\/\/hubsch-interior.com\/da\/#website"},"primaryImageOfPage":{"@id":"https:\/\/hubsch-interior.com\/da\/vare\/loft-ramme-kaede-small-messingfarve\/#primaryimage"},"image":{"@id":"https:\/\/hubsch-interior.com\/da\/vare\/loft-ramme-kaede-small-messingfarve\/#primaryimage"},"thumbnailUrl":"https:\/\/hubsch-interior.com\/wp-content\/uploads\/2026\/02\/loft-frame-chained-small-brass-56f5726de95cbafcdeea98cf0faf653a.jpg","datePublished":"2021-06-04T07:48:45+00:00","dateModified":"2026-04-09T02:24:07+00:00","description":"Med denne ramme kan du fremvise billeder eller plakater. Selve rammen er lavet af messing, hvilket giver den et klassisk vintage look. Rammen leveres med","breadcrumb":{"@id":"https:\/\/hubsch-interior.com\/da\/vare\/loft-ramme-kaede-small-messingfarve\/#breadcrumb"},"inLanguage":"da-DK","potentialAction":[{"@type":"ReadAction","target":["https:\/\/hubsch-interior.com\/da\/vare\/loft-ramme-kaede-small-messingfarve\/"]}]},{"@type":"ImageObject","inLanguage":"da-DK","@id":"https:\/\/hubsch-interior.com\/da\/vare\/loft-ramme-kaede-small-messingfarve\/#primaryimage","url":"https:\/\/hubsch-interior.com\/wp-content\/uploads\/2026\/02\/loft-frame-chained-small-brass-56f5726de95cbafcdeea98cf0faf653a.jpg","contentUrl":"https:\/\/hubsch-interior.com\/wp-content\/uploads\/2026\/02\/loft-frame-chained-small-brass-56f5726de95cbafcdeea98cf0faf653a.jpg","width":1024,"height":1024},{"@type":"BreadcrumbList","@id":"https:\/\/hubsch-interior.com\/da\/vare\/loft-ramme-kaede-small-messingfarve\/#breadcrumb","itemListElement":[{"@type":"ListItem","position":1,"name":"Forside","item":"https:\/\/hubsch-interior.com\/da\/"},{"@type":"ListItem","position":2,"name":"Produkter","item":"https:\/\/hubsch-interior.com\/da\/produkter\/"},{"@type":"ListItem","position":3,"name":"Boligtilbeh\u00f8r","item":"https:\/\/hubsch-interior.com\/da\/vare-kategori\/boligtilbehor\/"},{"@type":"ListItem","position":4,"name":"V&aelig;gdekoration","item":"https:\/\/hubsch-interior.com\/da\/vare-kategori\/boligtilbehor\/vaegdekoration-da\/"},{"@type":"ListItem","position":5,"name":"Rammer","item":"https:\/\/hubsch-interior.com\/da\/vare-kategori\/boligtilbehor\/vaegdekoration-da\/rammer-da\/"},{"@type":"ListItem","position":6,"name":"Loft Ramme K\u00e6de Small Messingfarve"}]},{"@type":"WebSite","@id":"https:\/\/hubsch-interior.com\/da\/#website","url":"https:\/\/hubsch-interior.com\/da\/","name":"H\u00fcbsch","description":"Danish Home Interior and Design","publisher":{"@id":"https:\/\/hubsch-interior.com\/da\/#organization"},"potentialAction":[{"@type":"SearchAction","target":{"@type":"EntryPoint","urlTemplate":"https:\/\/hubsch-interior.com\/da\/?s={search_term_string}"},"query-input":{"@type":"PropertyValueSpecification","valueRequired":true,"valueName":"search_term_string"}}],"inLanguage":"da-DK"},{"@type":"Organization","@id":"https:\/\/hubsch-interior.com\/da\/#organization","name":"H\u00fcbsch","url":"https:\/\/hubsch-interior.com\/da\/","logo":{"@type":"ImageObject","inLanguage":"da-DK","@id":"https:\/\/hubsch-interior.com\/da\/#\/schema\/logo\/image\/","url":"https:\/\/hubsch-interior.com\/wp-content\/uploads\/2022\/12\/Hubsch_logo_black_one_line.svg","contentUrl":"https:\/\/hubsch-interior.com\/wp-content\/uploads\/2022\/12\/Hubsch_logo_black_one_line.svg","caption":"H\u00fcbsch"},"image":{"@id":"https:\/\/hubsch-interior.com\/da\/#\/schema\/logo\/image\/"}}]}},"_links":{"self":[{"href":"https:\/\/hubsch-interior.com\/da\/wp-json\/wp\/v2\/product\/389379","targetHints":{"allow":["GET"]}}],"collection":[{"href":"https:\/\/hubsch-interior.com\/da\/wp-json\/wp\/v2\/product"}],"about":[{"href":"https:\/\/hubsch-interior.com\/da\/wp-json\/wp\/v2\/types\/product"}],"wp:featuredmedia":[{"embeddable":true,"href":"https:\/\/hubsch-interior.com\/da\/wp-json\/wp\/v2\/media\/1095454"}],"wp:attachment":[{"href":"https:\/\/hubsch-interior.com\/da\/wp-json\/wp\/v2\/media?parent=389379"}],"wp:term":[{"taxonomy":"product_brand","embeddable":true,"href":"https:\/\/hubsch-interior.com\/da\/wp-json\/wp\/v2\/product_brand?post=389379"},{"taxonomy":"product_cat","embeddable":true,"href":"https:\/\/hubsch-interior.com\/da\/wp-json\/wp\/v2\/product_cat?post=389379"},{"taxonomy":"product_tag","embeddable":true,"href":"https:\/\/hubsch-interior.com\/da\/wp-json\/wp\/v2\/product_tag?post=389379"}],"curies":[{"name":"wp","href":"https:\/\/api.w.org\/{rel}","templated":true}]}}