{"id":389655,"date":"2021-06-04T09:49:57","date_gmt":"2021-06-04T07:49:57","guid":{"rendered":"https:\/\/hubsch-interior.com\/shop-b2c\/product\/product-6\/"},"modified":"2026-04-05T04:24:22","modified_gmt":"2026-04-05T02:24:22","slug":"kaleido-vase-bla-gul","status":"publish","type":"product","link":"https:\/\/hubsch-interior.com\/da\/vare\/kaleido-vase-bla-gul\/","title":{"rendered":"Kaleido Vase Bl\u00e5\/Gul"},"content":{"rendered":"<p>Kaleido Vase Bl\u00e5\/Gul er en smuk glasvase, der vil give et moderne og stilfuldt look til dit hjem. Denne vase har en flot og enest\u00e5ende design, som vil imponere alle, der ser den. Denne vase har en unik bl\u00e5 og gul farve, som giver den et moderne udseende. Den er lavet af kvalitetsglas, der sikrer, at den holder i mange \u00e5r. Kaleido Vase Bl\u00e5\/Gul er det perfekte valg til enhver, der \u00f8nsker at tilf\u00f8je stil og karakter til deres hjem.<\/p>\n","protected":false},"excerpt":{"rendered":"<p>Kaleido Vase Bl\u00e5\/Gul er en smuk glasvase, der vil give et moderne og stilfuldt look til dit hjem. Denne vase har en flot og enest\u00e5ende design, som vil imponere alle, der ser den. Denne vase har en unik bl\u00e5 og gul farve, som giver den et moderne udseende. Den er lavet af kvalitetsglas, der sikrer, [&hellip;]<\/p>\n","protected":false},"featured_media":1095509,"template":"","meta":{"_acf_changed":false,"inline_featured_image":false},"product_brand":[],"product_cat":[6347,6517,6970,3152],"product_tag":[],"class_list":{"0":"post-389655","1":"product","2":"type-product","3":"status-publish","4":"has-post-thumbnail","6":"product_cat-garden-selection-da","7":"product_cat-outlet-da","8":"product_cat-paaskeudsalg","9":"product_cat-vaser-da","10":"product_shipping_class-pk","12":"pa_color-bl","13":"pa_color-gul","14":"pa_material-glas-da","16":"first","17":"instock","18":"sale","19":"taxable","20":"shipping-taxable","21":"purchasable","22":"product-type-simple"},"exclude_global_add_ons":[],"addons":[],"acf":[],"yoast_head":"<!-- This site is optimized with the Yoast SEO plugin v26.4 - https:\/\/yoast.com\/wordpress\/plugins\/seo\/ -->\n<title>Kaleido Vase Bl\u00e5\/Gul - H\u00fcbsch<\/title>\n<meta name=\"description\" content=\"Kaleido Vase Bl\u00e5\/Gul er en smuk glasvase, der vil give et moderne og stilfuldt look til dit hjem. Denne vase har en flot og enest\u00e5ende design, som vil\" \/>\n<meta name=\"robots\" content=\"index, follow, max-snippet:-1, max-image-preview:large, max-video-preview:-1\" \/>\n<link rel=\"canonical\" href=\"https:\/\/hubsch-interior.com\/da\/wp-json\/wp\/v2\/product\/389655\" \/>\n<meta property=\"og:locale\" content=\"da_DK\" \/>\n<meta property=\"og:type\" content=\"article\" \/>\n<meta property=\"og:title\" content=\"Kaleido Vase Bl\u00e5\/Gul - H\u00fcbsch\" \/>\n<meta property=\"og:description\" content=\"Kaleido Vase Bl\u00e5\/Gul er en smuk glasvase, der vil give et moderne og stilfuldt look til dit hjem. Denne vase har en flot og enest\u00e5ende design, som vil\" \/>\n<meta property=\"og:url\" content=\"https:\/\/hubsch-interior.com\/da\/vare\/kaleido-vase-bla-gul\/\" \/>\n<meta property=\"og:site_name\" content=\"H\u00fcbsch\" \/>\n<meta property=\"article:modified_time\" content=\"2026-04-05T02:24:22+00:00\" \/>\n<meta property=\"og:image\" content=\"https:\/\/hubsch-interior.com\/wp-content\/uploads\/2025\/04\/kaleido-vase-blueyellow-f2bd40c41943fcbe44e873e8f6252d59.jpg\" \/>\n\t<meta property=\"og:image:width\" content=\"1200\" \/>\n\t<meta property=\"og:image:height\" content=\"1200\" \/>\n\t<meta property=\"og:image:type\" content=\"image\/jpeg\" \/>\n<meta name=\"twitter:card\" content=\"summary_large_image\" \/>\n<script type=\"application\/ld+json\" class=\"yoast-schema-graph\">{\"@context\":\"https:\/\/schema.org\",\"@graph\":[{\"@type\":\"WebPage\",\"@id\":\"https:\/\/hubsch-interior.com\/da\/vare\/kaleido-vase-bla-gul\/\",\"url\":\"https:\/\/hubsch-interior.com\/da\/vare\/kaleido-vase-bla-gul\/\",\"name\":\"Kaleido Vase Bl\u00e5\/Gul - H\u00fcbsch\",\"isPartOf\":{\"@id\":\"https:\/\/hubsch-interior.com\/da\/#website\"},\"primaryImageOfPage\":{\"@id\":\"https:\/\/hubsch-interior.com\/da\/vare\/kaleido-vase-bla-gul\/#primaryimage\"},\"image\":{\"@id\":\"https:\/\/hubsch-interior.com\/da\/vare\/kaleido-vase-bla-gul\/#primaryimage\"},\"thumbnailUrl\":\"https:\/\/hubsch-interior.com\/wp-content\/uploads\/2026\/02\/kaleido-vase-blueyellow-0cf2592608d19be419bebde97f9d670e.jpg\",\"datePublished\":\"2021-06-04T07:49:57+00:00\",\"dateModified\":\"2026-04-05T02:24:22+00:00\",\"description\":\"Kaleido Vase Bl\u00e5\/Gul er en smuk glasvase, der vil give et moderne og stilfuldt look til dit hjem. Denne vase har en flot og enest\u00e5ende design, som vil\",\"breadcrumb\":{\"@id\":\"https:\/\/hubsch-interior.com\/da\/vare\/kaleido-vase-bla-gul\/#breadcrumb\"},\"inLanguage\":\"da-DK\",\"potentialAction\":[{\"@type\":\"ReadAction\",\"target\":[\"https:\/\/hubsch-interior.com\/da\/vare\/kaleido-vase-bla-gul\/\"]}]},{\"@type\":\"ImageObject\",\"inLanguage\":\"da-DK\",\"@id\":\"https:\/\/hubsch-interior.com\/da\/vare\/kaleido-vase-bla-gul\/#primaryimage\",\"url\":\"https:\/\/hubsch-interior.com\/wp-content\/uploads\/2026\/02\/kaleido-vase-blueyellow-0cf2592608d19be419bebde97f9d670e.jpg\",\"contentUrl\":\"https:\/\/hubsch-interior.com\/wp-content\/uploads\/2026\/02\/kaleido-vase-blueyellow-0cf2592608d19be419bebde97f9d670e.jpg\",\"width\":1024,\"height\":1024},{\"@type\":\"BreadcrumbList\",\"@id\":\"https:\/\/hubsch-interior.com\/da\/vare\/kaleido-vase-bla-gul\/#breadcrumb\",\"itemListElement\":[{\"@type\":\"ListItem\",\"position\":1,\"name\":\"Forside\",\"item\":\"https:\/\/hubsch-interior.com\/da\/\"},{\"@type\":\"ListItem\",\"position\":2,\"name\":\"Produkter\",\"item\":\"https:\/\/hubsch-interior.com\/da\/produkter\/\"},{\"@type\":\"ListItem\",\"position\":3,\"name\":\"Boligtilbeh\u00f8r\",\"item\":\"https:\/\/hubsch-interior.com\/da\/vare-kategori\/boligtilbehor\/\"},{\"@type\":\"ListItem\",\"position\":4,\"name\":\"Vaser\",\"item\":\"https:\/\/hubsch-interior.com\/da\/vare-kategori\/boligtilbehor\/vaser-da\/\"},{\"@type\":\"ListItem\",\"position\":5,\"name\":\"Kaleido Vase Bl\u00e5\/Gul\"}]},{\"@type\":\"WebSite\",\"@id\":\"https:\/\/hubsch-interior.com\/da\/#website\",\"url\":\"https:\/\/hubsch-interior.com\/da\/\",\"name\":\"H\u00fcbsch\",\"description\":\"Danish Home Interior and Design\",\"publisher\":{\"@id\":\"https:\/\/hubsch-interior.com\/da\/#organization\"},\"potentialAction\":[{\"@type\":\"SearchAction\",\"target\":{\"@type\":\"EntryPoint\",\"urlTemplate\":\"https:\/\/hubsch-interior.com\/da\/?s={search_term_string}\"},\"query-input\":{\"@type\":\"PropertyValueSpecification\",\"valueRequired\":true,\"valueName\":\"search_term_string\"}}],\"inLanguage\":\"da-DK\"},{\"@type\":\"Organization\",\"@id\":\"https:\/\/hubsch-interior.com\/da\/#organization\",\"name\":\"H\u00fcbsch\",\"url\":\"https:\/\/hubsch-interior.com\/da\/\",\"logo\":{\"@type\":\"ImageObject\",\"inLanguage\":\"da-DK\",\"@id\":\"https:\/\/hubsch-interior.com\/da\/#\/schema\/logo\/image\/\",\"url\":\"https:\/\/hubsch-interior.com\/wp-content\/uploads\/2022\/12\/Hubsch_logo_black_one_line.svg\",\"contentUrl\":\"https:\/\/hubsch-interior.com\/wp-content\/uploads\/2022\/12\/Hubsch_logo_black_one_line.svg\",\"caption\":\"H\u00fcbsch\"},\"image\":{\"@id\":\"https:\/\/hubsch-interior.com\/da\/#\/schema\/logo\/image\/\"}}]}<\/script>\n<!-- \/ Yoast SEO plugin. -->","yoast_head_json":{"title":"Kaleido Vase Bl\u00e5\/Gul - H\u00fcbsch","description":"Kaleido Vase Bl\u00e5\/Gul er en smuk glasvase, der vil give et moderne og stilfuldt look til dit hjem. Denne vase har en flot og enest\u00e5ende design, som vil","robots":{"index":"index","follow":"follow","max-snippet":"max-snippet:-1","max-image-preview":"max-image-preview:large","max-video-preview":"max-video-preview:-1"},"canonical":"https:\/\/hubsch-interior.com\/da\/wp-json\/wp\/v2\/product\/389655","og_locale":"da_DK","og_type":"article","og_title":"Kaleido Vase Bl\u00e5\/Gul - H\u00fcbsch","og_description":"Kaleido Vase Bl\u00e5\/Gul er en smuk glasvase, der vil give et moderne og stilfuldt look til dit hjem. Denne vase har en flot og enest\u00e5ende design, som vil","og_url":"https:\/\/hubsch-interior.com\/da\/vare\/kaleido-vase-bla-gul\/","og_site_name":"H\u00fcbsch","article_modified_time":"2026-04-05T02:24:22+00:00","og_image":[{"width":1200,"height":1200,"url":"https:\/\/hubsch-interior.com\/wp-content\/uploads\/2025\/04\/kaleido-vase-blueyellow-f2bd40c41943fcbe44e873e8f6252d59.jpg","type":"image\/jpeg"}],"twitter_card":"summary_large_image","schema":{"@context":"https:\/\/schema.org","@graph":[{"@type":"WebPage","@id":"https:\/\/hubsch-interior.com\/da\/vare\/kaleido-vase-bla-gul\/","url":"https:\/\/hubsch-interior.com\/da\/vare\/kaleido-vase-bla-gul\/","name":"Kaleido Vase Bl\u00e5\/Gul - H\u00fcbsch","isPartOf":{"@id":"https:\/\/hubsch-interior.com\/da\/#website"},"primaryImageOfPage":{"@id":"https:\/\/hubsch-interior.com\/da\/vare\/kaleido-vase-bla-gul\/#primaryimage"},"image":{"@id":"https:\/\/hubsch-interior.com\/da\/vare\/kaleido-vase-bla-gul\/#primaryimage"},"thumbnailUrl":"https:\/\/hubsch-interior.com\/wp-content\/uploads\/2026\/02\/kaleido-vase-blueyellow-0cf2592608d19be419bebde97f9d670e.jpg","datePublished":"2021-06-04T07:49:57+00:00","dateModified":"2026-04-05T02:24:22+00:00","description":"Kaleido Vase Bl\u00e5\/Gul er en smuk glasvase, der vil give et moderne og stilfuldt look til dit hjem. Denne vase har en flot og enest\u00e5ende design, som vil","breadcrumb":{"@id":"https:\/\/hubsch-interior.com\/da\/vare\/kaleido-vase-bla-gul\/#breadcrumb"},"inLanguage":"da-DK","potentialAction":[{"@type":"ReadAction","target":["https:\/\/hubsch-interior.com\/da\/vare\/kaleido-vase-bla-gul\/"]}]},{"@type":"ImageObject","inLanguage":"da-DK","@id":"https:\/\/hubsch-interior.com\/da\/vare\/kaleido-vase-bla-gul\/#primaryimage","url":"https:\/\/hubsch-interior.com\/wp-content\/uploads\/2026\/02\/kaleido-vase-blueyellow-0cf2592608d19be419bebde97f9d670e.jpg","contentUrl":"https:\/\/hubsch-interior.com\/wp-content\/uploads\/2026\/02\/kaleido-vase-blueyellow-0cf2592608d19be419bebde97f9d670e.jpg","width":1024,"height":1024},{"@type":"BreadcrumbList","@id":"https:\/\/hubsch-interior.com\/da\/vare\/kaleido-vase-bla-gul\/#breadcrumb","itemListElement":[{"@type":"ListItem","position":1,"name":"Forside","item":"https:\/\/hubsch-interior.com\/da\/"},{"@type":"ListItem","position":2,"name":"Produkter","item":"https:\/\/hubsch-interior.com\/da\/produkter\/"},{"@type":"ListItem","position":3,"name":"Boligtilbeh\u00f8r","item":"https:\/\/hubsch-interior.com\/da\/vare-kategori\/boligtilbehor\/"},{"@type":"ListItem","position":4,"name":"Vaser","item":"https:\/\/hubsch-interior.com\/da\/vare-kategori\/boligtilbehor\/vaser-da\/"},{"@type":"ListItem","position":5,"name":"Kaleido Vase Bl\u00e5\/Gul"}]},{"@type":"WebSite","@id":"https:\/\/hubsch-interior.com\/da\/#website","url":"https:\/\/hubsch-interior.com\/da\/","name":"H\u00fcbsch","description":"Danish Home Interior and Design","publisher":{"@id":"https:\/\/hubsch-interior.com\/da\/#organization"},"potentialAction":[{"@type":"SearchAction","target":{"@type":"EntryPoint","urlTemplate":"https:\/\/hubsch-interior.com\/da\/?s={search_term_string}"},"query-input":{"@type":"PropertyValueSpecification","valueRequired":true,"valueName":"search_term_string"}}],"inLanguage":"da-DK"},{"@type":"Organization","@id":"https:\/\/hubsch-interior.com\/da\/#organization","name":"H\u00fcbsch","url":"https:\/\/hubsch-interior.com\/da\/","logo":{"@type":"ImageObject","inLanguage":"da-DK","@id":"https:\/\/hubsch-interior.com\/da\/#\/schema\/logo\/image\/","url":"https:\/\/hubsch-interior.com\/wp-content\/uploads\/2022\/12\/Hubsch_logo_black_one_line.svg","contentUrl":"https:\/\/hubsch-interior.com\/wp-content\/uploads\/2022\/12\/Hubsch_logo_black_one_line.svg","caption":"H\u00fcbsch"},"image":{"@id":"https:\/\/hubsch-interior.com\/da\/#\/schema\/logo\/image\/"}}]}},"_links":{"self":[{"href":"https:\/\/hubsch-interior.com\/da\/wp-json\/wp\/v2\/product\/389655","targetHints":{"allow":["GET"]}}],"collection":[{"href":"https:\/\/hubsch-interior.com\/da\/wp-json\/wp\/v2\/product"}],"about":[{"href":"https:\/\/hubsch-interior.com\/da\/wp-json\/wp\/v2\/types\/product"}],"wp:featuredmedia":[{"embeddable":true,"href":"https:\/\/hubsch-interior.com\/da\/wp-json\/wp\/v2\/media\/1095509"}],"wp:attachment":[{"href":"https:\/\/hubsch-interior.com\/da\/wp-json\/wp\/v2\/media?parent=389655"}],"wp:term":[{"taxonomy":"product_brand","embeddable":true,"href":"https:\/\/hubsch-interior.com\/da\/wp-json\/wp\/v2\/product_brand?post=389655"},{"taxonomy":"product_cat","embeddable":true,"href":"https:\/\/hubsch-interior.com\/da\/wp-json\/wp\/v2\/product_cat?post=389655"},{"taxonomy":"product_tag","embeddable":true,"href":"https:\/\/hubsch-interior.com\/da\/wp-json\/wp\/v2\/product_tag?post=389655"}],"curies":[{"name":"wp","href":"https:\/\/api.w.org\/{rel}","templated":true}]}}