{"id":390967,"date":"2021-06-04T09:54:32","date_gmt":"2021-06-04T07:54:32","guid":{"rendered":"https:\/\/hubsch-interior.com\/shop-b2c\/product\/product-6\/"},"modified":"2026-04-09T04:31:26","modified_gmt":"2026-04-09T02:31:26","slug":"aware-vaegspejl-small-nikkel","status":"publish","type":"product","link":"https:\/\/hubsch-interior.com\/da\/vare\/aware-vaegspejl-small-nikkel\/","title":{"rendered":"Aware V\u00e6gspejl Small Nikkel"},"content":{"rendered":"<p>Dette klassiske spejl har et moderne og nyt\u00e6nkende design. Spejlet kan let h\u00e6nges p\u00e5 v\u00e6ggen. Rammen er lavet af b\u00f8jet og b\u00f8rstet jern, hvilket giver det et minimalistisk og moderne look.<\/p>\n","protected":false},"excerpt":{"rendered":"<p>Dette klassiske spejl har et moderne og nyt\u00e6nkende design. Spejlet kan let h\u00e6nges p\u00e5 v\u00e6ggen. Rammen er lavet af b\u00f8jet og b\u00f8rstet jern, hvilket giver det et minimalistisk og moderne look.<\/p>\n","protected":false},"featured_media":1097237,"template":"","meta":{"_acf_changed":false,"inline_featured_image":false},"product_brand":[],"product_cat":[5025,2921,2922],"product_tag":[],"class_list":{"0":"post-390967","1":"product","2":"type-product","3":"status-publish","4":"has-post-thumbnail","6":"product_cat-bestsellers-da","7":"product_cat-spejle-da","8":"product_cat-vaegspejle-da","9":"product_shipping_class-pk","11":"pa_color-nikkel","12":"pa_material-jern-da","13":"pa_material-spejlglas","15":"first","16":"instock","17":"featured","18":"taxable","19":"shipping-taxable","20":"purchasable","21":"product-type-simple"},"exclude_global_add_ons":[],"addons":[],"acf":[],"yoast_head":"<!-- This site is optimized with the Yoast SEO plugin v26.4 - https:\/\/yoast.com\/wordpress\/plugins\/seo\/ -->\n<title>Aware V\u00e6gspejl Small Nikkel - H\u00fcbsch<\/title>\n<meta name=\"description\" content=\"Dette klassiske spejl har et moderne og nyt\u00e6nkende design. Spejlet kan let h\u00e6nges p\u00e5 v\u00e6ggen. Rammen er lavet af b\u00f8jet og b\u00f8rstet jern, hvilket giver det\" \/>\n<meta name=\"robots\" content=\"index, follow, max-snippet:-1, max-image-preview:large, max-video-preview:-1\" \/>\n<link rel=\"canonical\" href=\"https:\/\/hubsch-interior.com\/da\/wp-json\/wp\/v2\/product\/390967\" \/>\n<meta property=\"og:locale\" content=\"da_DK\" \/>\n<meta property=\"og:type\" content=\"article\" \/>\n<meta property=\"og:title\" content=\"Aware V\u00e6gspejl Small Nikkel - H\u00fcbsch\" \/>\n<meta property=\"og:description\" content=\"Dette klassiske spejl har et moderne og nyt\u00e6nkende design. Spejlet kan let h\u00e6nges p\u00e5 v\u00e6ggen. Rammen er lavet af b\u00f8jet og b\u00f8rstet jern, hvilket giver det\" \/>\n<meta property=\"og:url\" content=\"https:\/\/hubsch-interior.com\/da\/vare\/aware-vaegspejl-small-nikkel\/\" \/>\n<meta property=\"og:site_name\" content=\"H\u00fcbsch\" \/>\n<meta property=\"article:modified_time\" content=\"2026-04-09T02:31:26+00:00\" \/>\n<meta property=\"og:image\" content=\"https:\/\/hubsch-interior.com\/wp-content\/uploads\/2023\/08\/aware-wall-mirror-small-nickel-38867552f3b5652a79d1aa295817e21e.jpg\" \/>\n\t<meta property=\"og:image:width\" content=\"1200\" \/>\n\t<meta property=\"og:image:height\" content=\"1200\" \/>\n\t<meta property=\"og:image:type\" content=\"image\/jpeg\" \/>\n<meta name=\"twitter:card\" content=\"summary_large_image\" \/>\n<script type=\"application\/ld+json\" class=\"yoast-schema-graph\">{\"@context\":\"https:\/\/schema.org\",\"@graph\":[{\"@type\":\"WebPage\",\"@id\":\"https:\/\/hubsch-interior.com\/da\/vare\/aware-vaegspejl-small-nikkel\/\",\"url\":\"https:\/\/hubsch-interior.com\/da\/vare\/aware-vaegspejl-small-nikkel\/\",\"name\":\"Aware V\u00e6gspejl Small Nikkel - H\u00fcbsch\",\"isPartOf\":{\"@id\":\"https:\/\/hubsch-interior.com\/da\/#website\"},\"primaryImageOfPage\":{\"@id\":\"https:\/\/hubsch-interior.com\/da\/vare\/aware-vaegspejl-small-nikkel\/#primaryimage\"},\"image\":{\"@id\":\"https:\/\/hubsch-interior.com\/da\/vare\/aware-vaegspejl-small-nikkel\/#primaryimage\"},\"thumbnailUrl\":\"https:\/\/hubsch-interior.com\/wp-content\/uploads\/2026\/02\/aware-wall-mirror-small-nickel-5504d104e4734973e37e7d9c6ba71e8c.jpg\",\"datePublished\":\"2021-06-04T07:54:32+00:00\",\"dateModified\":\"2026-04-09T02:31:26+00:00\",\"description\":\"Dette klassiske spejl har et moderne og nyt\u00e6nkende design. Spejlet kan let h\u00e6nges p\u00e5 v\u00e6ggen. Rammen er lavet af b\u00f8jet og b\u00f8rstet jern, hvilket giver det\",\"breadcrumb\":{\"@id\":\"https:\/\/hubsch-interior.com\/da\/vare\/aware-vaegspejl-small-nikkel\/#breadcrumb\"},\"inLanguage\":\"da-DK\",\"potentialAction\":[{\"@type\":\"ReadAction\",\"target\":[\"https:\/\/hubsch-interior.com\/da\/vare\/aware-vaegspejl-small-nikkel\/\"]}]},{\"@type\":\"ImageObject\",\"inLanguage\":\"da-DK\",\"@id\":\"https:\/\/hubsch-interior.com\/da\/vare\/aware-vaegspejl-small-nikkel\/#primaryimage\",\"url\":\"https:\/\/hubsch-interior.com\/wp-content\/uploads\/2026\/02\/aware-wall-mirror-small-nickel-5504d104e4734973e37e7d9c6ba71e8c.jpg\",\"contentUrl\":\"https:\/\/hubsch-interior.com\/wp-content\/uploads\/2026\/02\/aware-wall-mirror-small-nickel-5504d104e4734973e37e7d9c6ba71e8c.jpg\",\"width\":1024,\"height\":1024},{\"@type\":\"BreadcrumbList\",\"@id\":\"https:\/\/hubsch-interior.com\/da\/vare\/aware-vaegspejl-small-nikkel\/#breadcrumb\",\"itemListElement\":[{\"@type\":\"ListItem\",\"position\":1,\"name\":\"Forside\",\"item\":\"https:\/\/hubsch-interior.com\/da\/\"},{\"@type\":\"ListItem\",\"position\":2,\"name\":\"Produkter\",\"item\":\"https:\/\/hubsch-interior.com\/da\/produkter\/\"},{\"@type\":\"ListItem\",\"position\":3,\"name\":\"Boligtilbeh\u00f8r\",\"item\":\"https:\/\/hubsch-interior.com\/da\/vare-kategori\/boligtilbehor\/\"},{\"@type\":\"ListItem\",\"position\":4,\"name\":\"Spejle\",\"item\":\"https:\/\/hubsch-interior.com\/da\/vare-kategori\/boligtilbehor\/spejle-da\/\"},{\"@type\":\"ListItem\",\"position\":5,\"name\":\"V&aelig;gspejle\",\"item\":\"https:\/\/hubsch-interior.com\/da\/vare-kategori\/boligtilbehor\/spejle-da\/vaegspejle-da\/\"},{\"@type\":\"ListItem\",\"position\":6,\"name\":\"Aware V\u00e6gspejl Small Nikkel\"}]},{\"@type\":\"WebSite\",\"@id\":\"https:\/\/hubsch-interior.com\/da\/#website\",\"url\":\"https:\/\/hubsch-interior.com\/da\/\",\"name\":\"H\u00fcbsch\",\"description\":\"Danish Home Interior and Design\",\"publisher\":{\"@id\":\"https:\/\/hubsch-interior.com\/da\/#organization\"},\"potentialAction\":[{\"@type\":\"SearchAction\",\"target\":{\"@type\":\"EntryPoint\",\"urlTemplate\":\"https:\/\/hubsch-interior.com\/da\/?s={search_term_string}\"},\"query-input\":{\"@type\":\"PropertyValueSpecification\",\"valueRequired\":true,\"valueName\":\"search_term_string\"}}],\"inLanguage\":\"da-DK\"},{\"@type\":\"Organization\",\"@id\":\"https:\/\/hubsch-interior.com\/da\/#organization\",\"name\":\"H\u00fcbsch\",\"url\":\"https:\/\/hubsch-interior.com\/da\/\",\"logo\":{\"@type\":\"ImageObject\",\"inLanguage\":\"da-DK\",\"@id\":\"https:\/\/hubsch-interior.com\/da\/#\/schema\/logo\/image\/\",\"url\":\"https:\/\/hubsch-interior.com\/wp-content\/uploads\/2022\/12\/Hubsch_logo_black_one_line.svg\",\"contentUrl\":\"https:\/\/hubsch-interior.com\/wp-content\/uploads\/2022\/12\/Hubsch_logo_black_one_line.svg\",\"caption\":\"H\u00fcbsch\"},\"image\":{\"@id\":\"https:\/\/hubsch-interior.com\/da\/#\/schema\/logo\/image\/\"}}]}<\/script>\n<!-- \/ Yoast SEO plugin. -->","yoast_head_json":{"title":"Aware V\u00e6gspejl Small Nikkel - H\u00fcbsch","description":"Dette klassiske spejl har et moderne og nyt\u00e6nkende design. Spejlet kan let h\u00e6nges p\u00e5 v\u00e6ggen. Rammen er lavet af b\u00f8jet og b\u00f8rstet jern, hvilket giver det","robots":{"index":"index","follow":"follow","max-snippet":"max-snippet:-1","max-image-preview":"max-image-preview:large","max-video-preview":"max-video-preview:-1"},"canonical":"https:\/\/hubsch-interior.com\/da\/wp-json\/wp\/v2\/product\/390967","og_locale":"da_DK","og_type":"article","og_title":"Aware V\u00e6gspejl Small Nikkel - H\u00fcbsch","og_description":"Dette klassiske spejl har et moderne og nyt\u00e6nkende design. Spejlet kan let h\u00e6nges p\u00e5 v\u00e6ggen. Rammen er lavet af b\u00f8jet og b\u00f8rstet jern, hvilket giver det","og_url":"https:\/\/hubsch-interior.com\/da\/vare\/aware-vaegspejl-small-nikkel\/","og_site_name":"H\u00fcbsch","article_modified_time":"2026-04-09T02:31:26+00:00","og_image":[{"width":1200,"height":1200,"url":"https:\/\/hubsch-interior.com\/wp-content\/uploads\/2023\/08\/aware-wall-mirror-small-nickel-38867552f3b5652a79d1aa295817e21e.jpg","type":"image\/jpeg"}],"twitter_card":"summary_large_image","schema":{"@context":"https:\/\/schema.org","@graph":[{"@type":"WebPage","@id":"https:\/\/hubsch-interior.com\/da\/vare\/aware-vaegspejl-small-nikkel\/","url":"https:\/\/hubsch-interior.com\/da\/vare\/aware-vaegspejl-small-nikkel\/","name":"Aware V\u00e6gspejl Small Nikkel - H\u00fcbsch","isPartOf":{"@id":"https:\/\/hubsch-interior.com\/da\/#website"},"primaryImageOfPage":{"@id":"https:\/\/hubsch-interior.com\/da\/vare\/aware-vaegspejl-small-nikkel\/#primaryimage"},"image":{"@id":"https:\/\/hubsch-interior.com\/da\/vare\/aware-vaegspejl-small-nikkel\/#primaryimage"},"thumbnailUrl":"https:\/\/hubsch-interior.com\/wp-content\/uploads\/2026\/02\/aware-wall-mirror-small-nickel-5504d104e4734973e37e7d9c6ba71e8c.jpg","datePublished":"2021-06-04T07:54:32+00:00","dateModified":"2026-04-09T02:31:26+00:00","description":"Dette klassiske spejl har et moderne og nyt\u00e6nkende design. Spejlet kan let h\u00e6nges p\u00e5 v\u00e6ggen. Rammen er lavet af b\u00f8jet og b\u00f8rstet jern, hvilket giver det","breadcrumb":{"@id":"https:\/\/hubsch-interior.com\/da\/vare\/aware-vaegspejl-small-nikkel\/#breadcrumb"},"inLanguage":"da-DK","potentialAction":[{"@type":"ReadAction","target":["https:\/\/hubsch-interior.com\/da\/vare\/aware-vaegspejl-small-nikkel\/"]}]},{"@type":"ImageObject","inLanguage":"da-DK","@id":"https:\/\/hubsch-interior.com\/da\/vare\/aware-vaegspejl-small-nikkel\/#primaryimage","url":"https:\/\/hubsch-interior.com\/wp-content\/uploads\/2026\/02\/aware-wall-mirror-small-nickel-5504d104e4734973e37e7d9c6ba71e8c.jpg","contentUrl":"https:\/\/hubsch-interior.com\/wp-content\/uploads\/2026\/02\/aware-wall-mirror-small-nickel-5504d104e4734973e37e7d9c6ba71e8c.jpg","width":1024,"height":1024},{"@type":"BreadcrumbList","@id":"https:\/\/hubsch-interior.com\/da\/vare\/aware-vaegspejl-small-nikkel\/#breadcrumb","itemListElement":[{"@type":"ListItem","position":1,"name":"Forside","item":"https:\/\/hubsch-interior.com\/da\/"},{"@type":"ListItem","position":2,"name":"Produkter","item":"https:\/\/hubsch-interior.com\/da\/produkter\/"},{"@type":"ListItem","position":3,"name":"Boligtilbeh\u00f8r","item":"https:\/\/hubsch-interior.com\/da\/vare-kategori\/boligtilbehor\/"},{"@type":"ListItem","position":4,"name":"Spejle","item":"https:\/\/hubsch-interior.com\/da\/vare-kategori\/boligtilbehor\/spejle-da\/"},{"@type":"ListItem","position":5,"name":"V&aelig;gspejle","item":"https:\/\/hubsch-interior.com\/da\/vare-kategori\/boligtilbehor\/spejle-da\/vaegspejle-da\/"},{"@type":"ListItem","position":6,"name":"Aware V\u00e6gspejl Small Nikkel"}]},{"@type":"WebSite","@id":"https:\/\/hubsch-interior.com\/da\/#website","url":"https:\/\/hubsch-interior.com\/da\/","name":"H\u00fcbsch","description":"Danish Home Interior and Design","publisher":{"@id":"https:\/\/hubsch-interior.com\/da\/#organization"},"potentialAction":[{"@type":"SearchAction","target":{"@type":"EntryPoint","urlTemplate":"https:\/\/hubsch-interior.com\/da\/?s={search_term_string}"},"query-input":{"@type":"PropertyValueSpecification","valueRequired":true,"valueName":"search_term_string"}}],"inLanguage":"da-DK"},{"@type":"Organization","@id":"https:\/\/hubsch-interior.com\/da\/#organization","name":"H\u00fcbsch","url":"https:\/\/hubsch-interior.com\/da\/","logo":{"@type":"ImageObject","inLanguage":"da-DK","@id":"https:\/\/hubsch-interior.com\/da\/#\/schema\/logo\/image\/","url":"https:\/\/hubsch-interior.com\/wp-content\/uploads\/2022\/12\/Hubsch_logo_black_one_line.svg","contentUrl":"https:\/\/hubsch-interior.com\/wp-content\/uploads\/2022\/12\/Hubsch_logo_black_one_line.svg","caption":"H\u00fcbsch"},"image":{"@id":"https:\/\/hubsch-interior.com\/da\/#\/schema\/logo\/image\/"}}]}},"_links":{"self":[{"href":"https:\/\/hubsch-interior.com\/da\/wp-json\/wp\/v2\/product\/390967","targetHints":{"allow":["GET"]}}],"collection":[{"href":"https:\/\/hubsch-interior.com\/da\/wp-json\/wp\/v2\/product"}],"about":[{"href":"https:\/\/hubsch-interior.com\/da\/wp-json\/wp\/v2\/types\/product"}],"wp:featuredmedia":[{"embeddable":true,"href":"https:\/\/hubsch-interior.com\/da\/wp-json\/wp\/v2\/media\/1097237"}],"wp:attachment":[{"href":"https:\/\/hubsch-interior.com\/da\/wp-json\/wp\/v2\/media?parent=390967"}],"wp:term":[{"taxonomy":"product_brand","embeddable":true,"href":"https:\/\/hubsch-interior.com\/da\/wp-json\/wp\/v2\/product_brand?post=390967"},{"taxonomy":"product_cat","embeddable":true,"href":"https:\/\/hubsch-interior.com\/da\/wp-json\/wp\/v2\/product_cat?post=390967"},{"taxonomy":"product_tag","embeddable":true,"href":"https:\/\/hubsch-interior.com\/da\/wp-json\/wp\/v2\/product_tag?post=390967"}],"curies":[{"name":"wp","href":"https:\/\/api.w.org\/{rel}","templated":true}]}}