{"id":391031,"date":"2021-06-04T09:54:47","date_gmt":"2021-06-04T07:54:47","guid":{"rendered":"https:\/\/hubsch-interior.com\/shop-b2c\/product\/product-6\/"},"modified":"2026-04-09T04:31:34","modified_gmt":"2026-04-09T02:31:34","slug":"gem-lysestage-small-gra-lyserod","status":"publish","type":"product","link":"https:\/\/hubsch-interior.com\/da\/vare\/gem-lysestage-small-gra-lyserod\/","title":{"rendered":"Gem Lysestage Small Gr\u00e5\/Lyser\u00f8d"},"content":{"rendered":"<p>Denne lysestage er lavet af krystal og glas. Den specielle form p\u00e5 glasset, samt farvekombinationen af lyser\u00f8d og r\u00f8get gr\u00e5, giver lysestagen et moderne og stilfuldt udtryk. Dette produkt er h\u00e5ndlavet og kan derfor variere.<\/p>\n","protected":false},"excerpt":{"rendered":"<p>Denne lysestage er lavet af krystal og glas. Den specielle form p\u00e5 glasset, samt farvekombinationen af lyser\u00f8d og r\u00f8get gr\u00e5, giver lysestagen et moderne og stilfuldt udtryk. Dette produkt er h\u00e5ndlavet og kan derfor variere.<\/p>\n","protected":false},"featured_media":1097273,"template":"","meta":{"_acf_changed":false,"inline_featured_image":false},"product_brand":[],"product_cat":[6970,4063,4064,5025,6517],"product_tag":[],"class_list":{"0":"post-391031","1":"product","2":"type-product","3":"status-publish","4":"has-post-thumbnail","6":"product_cat-paaskeudsalg","7":"product_cat-lysestager-lanterner-da","8":"product_cat-lysestager-da","9":"product_cat-bestsellers-da","10":"product_cat-outlet-da","11":"product_shipping_class-pk","13":"pa_color-gr","14":"pa_color-lyserd","15":"pa_material-krystal-da","17":"first","18":"instock","19":"sale","20":"featured","21":"taxable","22":"shipping-taxable","23":"purchasable","24":"product-type-simple"},"exclude_global_add_ons":[],"addons":[],"acf":[],"yoast_head":"<!-- This site is optimized with the Yoast SEO plugin v26.4 - https:\/\/yoast.com\/wordpress\/plugins\/seo\/ -->\n<title>Gem Lysestage Small Gr\u00e5\/Lyser\u00f8d - H\u00fcbsch<\/title>\n<meta name=\"description\" content=\"Denne lysestage er lavet af krystal og glas. Den specielle form p\u00e5 glasset, samt farvekombinationen af lyser\u00f8d og r\u00f8get gr\u00e5, giver lysestagen et moderne\" \/>\n<meta name=\"robots\" content=\"index, follow, max-snippet:-1, max-image-preview:large, max-video-preview:-1\" \/>\n<link rel=\"canonical\" href=\"https:\/\/hubsch-interior.com\/da\/wp-json\/wp\/v2\/product\/391031\" \/>\n<meta property=\"og:locale\" content=\"da_DK\" \/>\n<meta property=\"og:type\" content=\"article\" \/>\n<meta property=\"og:title\" content=\"Gem Lysestage Small Gr\u00e5\/Lyser\u00f8d - H\u00fcbsch\" \/>\n<meta property=\"og:description\" content=\"Denne lysestage er lavet af krystal og glas. Den specielle form p\u00e5 glasset, samt farvekombinationen af lyser\u00f8d og r\u00f8get gr\u00e5, giver lysestagen et moderne\" \/>\n<meta property=\"og:url\" content=\"https:\/\/hubsch-interior.com\/da\/vare\/gem-lysestage-small-gra-lyserod\/\" \/>\n<meta property=\"og:site_name\" content=\"H\u00fcbsch\" \/>\n<meta property=\"article:modified_time\" content=\"2026-04-09T02:31:34+00:00\" \/>\n<meta property=\"og:image\" content=\"https:\/\/hubsch-interior.com\/wp-content\/uploads\/2025\/04\/gem-candlestick-small-greypink-3751add74dad20be1824de9598db76e5.jpg\" \/>\n\t<meta property=\"og:image:width\" content=\"1200\" \/>\n\t<meta property=\"og:image:height\" content=\"1200\" \/>\n\t<meta property=\"og:image:type\" content=\"image\/jpeg\" \/>\n<meta name=\"twitter:card\" content=\"summary_large_image\" \/>\n<script type=\"application\/ld+json\" class=\"yoast-schema-graph\">{\"@context\":\"https:\/\/schema.org\",\"@graph\":[{\"@type\":\"WebPage\",\"@id\":\"https:\/\/hubsch-interior.com\/da\/vare\/gem-lysestage-small-gra-lyserod\/\",\"url\":\"https:\/\/hubsch-interior.com\/da\/vare\/gem-lysestage-small-gra-lyserod\/\",\"name\":\"Gem Lysestage Small Gr\u00e5\/Lyser\u00f8d - H\u00fcbsch\",\"isPartOf\":{\"@id\":\"https:\/\/hubsch-interior.com\/da\/#website\"},\"primaryImageOfPage\":{\"@id\":\"https:\/\/hubsch-interior.com\/da\/vare\/gem-lysestage-small-gra-lyserod\/#primaryimage\"},\"image\":{\"@id\":\"https:\/\/hubsch-interior.com\/da\/vare\/gem-lysestage-small-gra-lyserod\/#primaryimage\"},\"thumbnailUrl\":\"https:\/\/hubsch-interior.com\/wp-content\/uploads\/2026\/02\/gem-candlestick-small-greypink-9fa6ff2d6a705a98c084983782470576.jpg\",\"datePublished\":\"2021-06-04T07:54:47+00:00\",\"dateModified\":\"2026-04-09T02:31:34+00:00\",\"description\":\"Denne lysestage er lavet af krystal og glas. Den specielle form p\u00e5 glasset, samt farvekombinationen af lyser\u00f8d og r\u00f8get gr\u00e5, giver lysestagen et moderne\",\"breadcrumb\":{\"@id\":\"https:\/\/hubsch-interior.com\/da\/vare\/gem-lysestage-small-gra-lyserod\/#breadcrumb\"},\"inLanguage\":\"da-DK\",\"potentialAction\":[{\"@type\":\"ReadAction\",\"target\":[\"https:\/\/hubsch-interior.com\/da\/vare\/gem-lysestage-small-gra-lyserod\/\"]}]},{\"@type\":\"ImageObject\",\"inLanguage\":\"da-DK\",\"@id\":\"https:\/\/hubsch-interior.com\/da\/vare\/gem-lysestage-small-gra-lyserod\/#primaryimage\",\"url\":\"https:\/\/hubsch-interior.com\/wp-content\/uploads\/2026\/02\/gem-candlestick-small-greypink-9fa6ff2d6a705a98c084983782470576.jpg\",\"contentUrl\":\"https:\/\/hubsch-interior.com\/wp-content\/uploads\/2026\/02\/gem-candlestick-small-greypink-9fa6ff2d6a705a98c084983782470576.jpg\",\"width\":1024,\"height\":1024},{\"@type\":\"BreadcrumbList\",\"@id\":\"https:\/\/hubsch-interior.com\/da\/vare\/gem-lysestage-small-gra-lyserod\/#breadcrumb\",\"itemListElement\":[{\"@type\":\"ListItem\",\"position\":1,\"name\":\"Forside\",\"item\":\"https:\/\/hubsch-interior.com\/da\/\"},{\"@type\":\"ListItem\",\"position\":2,\"name\":\"Produkter\",\"item\":\"https:\/\/hubsch-interior.com\/da\/produkter\/\"},{\"@type\":\"ListItem\",\"position\":3,\"name\":\"Boligtilbeh\u00f8r\",\"item\":\"https:\/\/hubsch-interior.com\/da\/vare-kategori\/boligtilbehor\/\"},{\"@type\":\"ListItem\",\"position\":4,\"name\":\"Lysestager &amp; Lanterner\",\"item\":\"https:\/\/hubsch-interior.com\/da\/vare-kategori\/boligtilbehor\/lysestager-lanterner-da\/\"},{\"@type\":\"ListItem\",\"position\":5,\"name\":\"Lysestager\",\"item\":\"https:\/\/hubsch-interior.com\/da\/vare-kategori\/boligtilbehor\/lysestager-lanterner-da\/lysestager-da\/\"},{\"@type\":\"ListItem\",\"position\":6,\"name\":\"Gem Lysestage Small Gr\u00e5\/Lyser\u00f8d\"}]},{\"@type\":\"WebSite\",\"@id\":\"https:\/\/hubsch-interior.com\/da\/#website\",\"url\":\"https:\/\/hubsch-interior.com\/da\/\",\"name\":\"H\u00fcbsch\",\"description\":\"Danish Home Interior and Design\",\"publisher\":{\"@id\":\"https:\/\/hubsch-interior.com\/da\/#organization\"},\"potentialAction\":[{\"@type\":\"SearchAction\",\"target\":{\"@type\":\"EntryPoint\",\"urlTemplate\":\"https:\/\/hubsch-interior.com\/da\/?s={search_term_string}\"},\"query-input\":{\"@type\":\"PropertyValueSpecification\",\"valueRequired\":true,\"valueName\":\"search_term_string\"}}],\"inLanguage\":\"da-DK\"},{\"@type\":\"Organization\",\"@id\":\"https:\/\/hubsch-interior.com\/da\/#organization\",\"name\":\"H\u00fcbsch\",\"url\":\"https:\/\/hubsch-interior.com\/da\/\",\"logo\":{\"@type\":\"ImageObject\",\"inLanguage\":\"da-DK\",\"@id\":\"https:\/\/hubsch-interior.com\/da\/#\/schema\/logo\/image\/\",\"url\":\"https:\/\/hubsch-interior.com\/wp-content\/uploads\/2022\/12\/Hubsch_logo_black_one_line.svg\",\"contentUrl\":\"https:\/\/hubsch-interior.com\/wp-content\/uploads\/2022\/12\/Hubsch_logo_black_one_line.svg\",\"caption\":\"H\u00fcbsch\"},\"image\":{\"@id\":\"https:\/\/hubsch-interior.com\/da\/#\/schema\/logo\/image\/\"}}]}<\/script>\n<!-- \/ Yoast SEO plugin. -->","yoast_head_json":{"title":"Gem Lysestage Small Gr\u00e5\/Lyser\u00f8d - H\u00fcbsch","description":"Denne lysestage er lavet af krystal og glas. Den specielle form p\u00e5 glasset, samt farvekombinationen af lyser\u00f8d og r\u00f8get gr\u00e5, giver lysestagen et moderne","robots":{"index":"index","follow":"follow","max-snippet":"max-snippet:-1","max-image-preview":"max-image-preview:large","max-video-preview":"max-video-preview:-1"},"canonical":"https:\/\/hubsch-interior.com\/da\/wp-json\/wp\/v2\/product\/391031","og_locale":"da_DK","og_type":"article","og_title":"Gem Lysestage Small Gr\u00e5\/Lyser\u00f8d - H\u00fcbsch","og_description":"Denne lysestage er lavet af krystal og glas. Den specielle form p\u00e5 glasset, samt farvekombinationen af lyser\u00f8d og r\u00f8get gr\u00e5, giver lysestagen et moderne","og_url":"https:\/\/hubsch-interior.com\/da\/vare\/gem-lysestage-small-gra-lyserod\/","og_site_name":"H\u00fcbsch","article_modified_time":"2026-04-09T02:31:34+00:00","og_image":[{"width":1200,"height":1200,"url":"https:\/\/hubsch-interior.com\/wp-content\/uploads\/2025\/04\/gem-candlestick-small-greypink-3751add74dad20be1824de9598db76e5.jpg","type":"image\/jpeg"}],"twitter_card":"summary_large_image","schema":{"@context":"https:\/\/schema.org","@graph":[{"@type":"WebPage","@id":"https:\/\/hubsch-interior.com\/da\/vare\/gem-lysestage-small-gra-lyserod\/","url":"https:\/\/hubsch-interior.com\/da\/vare\/gem-lysestage-small-gra-lyserod\/","name":"Gem Lysestage Small Gr\u00e5\/Lyser\u00f8d - H\u00fcbsch","isPartOf":{"@id":"https:\/\/hubsch-interior.com\/da\/#website"},"primaryImageOfPage":{"@id":"https:\/\/hubsch-interior.com\/da\/vare\/gem-lysestage-small-gra-lyserod\/#primaryimage"},"image":{"@id":"https:\/\/hubsch-interior.com\/da\/vare\/gem-lysestage-small-gra-lyserod\/#primaryimage"},"thumbnailUrl":"https:\/\/hubsch-interior.com\/wp-content\/uploads\/2026\/02\/gem-candlestick-small-greypink-9fa6ff2d6a705a98c084983782470576.jpg","datePublished":"2021-06-04T07:54:47+00:00","dateModified":"2026-04-09T02:31:34+00:00","description":"Denne lysestage er lavet af krystal og glas. Den specielle form p\u00e5 glasset, samt farvekombinationen af lyser\u00f8d og r\u00f8get gr\u00e5, giver lysestagen et moderne","breadcrumb":{"@id":"https:\/\/hubsch-interior.com\/da\/vare\/gem-lysestage-small-gra-lyserod\/#breadcrumb"},"inLanguage":"da-DK","potentialAction":[{"@type":"ReadAction","target":["https:\/\/hubsch-interior.com\/da\/vare\/gem-lysestage-small-gra-lyserod\/"]}]},{"@type":"ImageObject","inLanguage":"da-DK","@id":"https:\/\/hubsch-interior.com\/da\/vare\/gem-lysestage-small-gra-lyserod\/#primaryimage","url":"https:\/\/hubsch-interior.com\/wp-content\/uploads\/2026\/02\/gem-candlestick-small-greypink-9fa6ff2d6a705a98c084983782470576.jpg","contentUrl":"https:\/\/hubsch-interior.com\/wp-content\/uploads\/2026\/02\/gem-candlestick-small-greypink-9fa6ff2d6a705a98c084983782470576.jpg","width":1024,"height":1024},{"@type":"BreadcrumbList","@id":"https:\/\/hubsch-interior.com\/da\/vare\/gem-lysestage-small-gra-lyserod\/#breadcrumb","itemListElement":[{"@type":"ListItem","position":1,"name":"Forside","item":"https:\/\/hubsch-interior.com\/da\/"},{"@type":"ListItem","position":2,"name":"Produkter","item":"https:\/\/hubsch-interior.com\/da\/produkter\/"},{"@type":"ListItem","position":3,"name":"Boligtilbeh\u00f8r","item":"https:\/\/hubsch-interior.com\/da\/vare-kategori\/boligtilbehor\/"},{"@type":"ListItem","position":4,"name":"Lysestager &amp; Lanterner","item":"https:\/\/hubsch-interior.com\/da\/vare-kategori\/boligtilbehor\/lysestager-lanterner-da\/"},{"@type":"ListItem","position":5,"name":"Lysestager","item":"https:\/\/hubsch-interior.com\/da\/vare-kategori\/boligtilbehor\/lysestager-lanterner-da\/lysestager-da\/"},{"@type":"ListItem","position":6,"name":"Gem Lysestage Small Gr\u00e5\/Lyser\u00f8d"}]},{"@type":"WebSite","@id":"https:\/\/hubsch-interior.com\/da\/#website","url":"https:\/\/hubsch-interior.com\/da\/","name":"H\u00fcbsch","description":"Danish Home Interior and Design","publisher":{"@id":"https:\/\/hubsch-interior.com\/da\/#organization"},"potentialAction":[{"@type":"SearchAction","target":{"@type":"EntryPoint","urlTemplate":"https:\/\/hubsch-interior.com\/da\/?s={search_term_string}"},"query-input":{"@type":"PropertyValueSpecification","valueRequired":true,"valueName":"search_term_string"}}],"inLanguage":"da-DK"},{"@type":"Organization","@id":"https:\/\/hubsch-interior.com\/da\/#organization","name":"H\u00fcbsch","url":"https:\/\/hubsch-interior.com\/da\/","logo":{"@type":"ImageObject","inLanguage":"da-DK","@id":"https:\/\/hubsch-interior.com\/da\/#\/schema\/logo\/image\/","url":"https:\/\/hubsch-interior.com\/wp-content\/uploads\/2022\/12\/Hubsch_logo_black_one_line.svg","contentUrl":"https:\/\/hubsch-interior.com\/wp-content\/uploads\/2022\/12\/Hubsch_logo_black_one_line.svg","caption":"H\u00fcbsch"},"image":{"@id":"https:\/\/hubsch-interior.com\/da\/#\/schema\/logo\/image\/"}}]}},"_links":{"self":[{"href":"https:\/\/hubsch-interior.com\/da\/wp-json\/wp\/v2\/product\/391031","targetHints":{"allow":["GET"]}}],"collection":[{"href":"https:\/\/hubsch-interior.com\/da\/wp-json\/wp\/v2\/product"}],"about":[{"href":"https:\/\/hubsch-interior.com\/da\/wp-json\/wp\/v2\/types\/product"}],"wp:featuredmedia":[{"embeddable":true,"href":"https:\/\/hubsch-interior.com\/da\/wp-json\/wp\/v2\/media\/1097273"}],"wp:attachment":[{"href":"https:\/\/hubsch-interior.com\/da\/wp-json\/wp\/v2\/media?parent=391031"}],"wp:term":[{"taxonomy":"product_brand","embeddable":true,"href":"https:\/\/hubsch-interior.com\/da\/wp-json\/wp\/v2\/product_brand?post=391031"},{"taxonomy":"product_cat","embeddable":true,"href":"https:\/\/hubsch-interior.com\/da\/wp-json\/wp\/v2\/product_cat?post=391031"},{"taxonomy":"product_tag","embeddable":true,"href":"https:\/\/hubsch-interior.com\/da\/wp-json\/wp\/v2\/product_tag?post=391031"}],"curies":[{"name":"wp","href":"https:\/\/api.w.org\/{rel}","templated":true}]}}