{"id":391115,"date":"2021-06-04T09:55:04","date_gmt":"2021-06-04T07:55:04","guid":{"rendered":"https:\/\/hubsch-interior.com\/shop-b2c\/product\/product-6\/"},"modified":"2026-04-09T04:31:46","modified_gmt":"2026-04-09T02:31:46","slug":"arch-bogstotte-frosted","status":"publish","type":"product","link":"https:\/\/hubsch-interior.com\/da\/vare\/arch-bogstotte-frosted\/","title":{"rendered":"Arch Bogst\u00f8tte Frosted"},"content":{"rendered":"<p>Denne bogst\u00f8tte er lavet af frosted glas. Dens hesteskosform giver den et moderne og nyt\u00e6nkende udtryk. Du kan bruge bogst\u00f8tten p\u00e5 en hylde til at holde styr p\u00e5 b\u00f8ger og magasiner eller  p\u00e5 skrivebordet for at holde papirer p\u00e5 plads.Du kan ogs\u00e5 brug den som en dekorativ genstand alene. Dette produkt er h\u00e5ndlavet og kan derfor variere.<\/p>\n","protected":false},"excerpt":{"rendered":"<p>Denne bogst\u00f8tte er lavet af frosted glas. Dens hesteskosform giver den et moderne og nyt\u00e6nkende udtryk. Du kan bruge bogst\u00f8tten p\u00e5 en hylde til at holde styr p\u00e5 b\u00f8ger og magasiner eller p\u00e5 skrivebordet for at holde papirer p\u00e5 plads.Du kan ogs\u00e5 brug den som en dekorativ genstand alene. Dette produkt er h\u00e5ndlavet og kan [&hellip;]<\/p>\n","protected":false},"featured_media":1097313,"template":"","meta":{"_acf_changed":false,"inline_featured_image":false},"product_brand":[],"product_cat":[4151,4158,6517],"product_tag":[],"class_list":{"0":"post-391115","1":"product","2":"type-product","3":"status-publish","4":"has-post-thumbnail","6":"product_cat-kontor-da","7":"product_cat-brevpresser-da","8":"product_cat-outlet-da","9":"product_shipping_class-pk","11":"pa_color-frosted-2","12":"pa_material-krystal-da","14":"first","15":"instock","16":"sale","17":"taxable","18":"shipping-taxable","19":"purchasable","20":"product-type-simple"},"exclude_global_add_ons":[],"addons":[],"acf":[],"yoast_head":"<!-- This site is optimized with the Yoast SEO plugin v26.4 - https:\/\/yoast.com\/wordpress\/plugins\/seo\/ -->\n<title>Arch Bogst\u00f8tte Frosted - H\u00fcbsch<\/title>\n<meta name=\"description\" content=\"Denne bogst\u00f8tte er lavet af frosted glas. Dens hesteskosform giver den et moderne og nyt\u00e6nkende udtryk. Du kan bruge bogst\u00f8tten p\u00e5 en hylde til at holde\" \/>\n<meta name=\"robots\" content=\"index, follow, max-snippet:-1, max-image-preview:large, max-video-preview:-1\" \/>\n<link rel=\"canonical\" href=\"https:\/\/hubsch-interior.com\/da\/wp-json\/wp\/v2\/product\/391115\" \/>\n<meta property=\"og:locale\" content=\"da_DK\" \/>\n<meta property=\"og:type\" content=\"article\" \/>\n<meta property=\"og:title\" content=\"Arch Bogst\u00f8tte Frosted - H\u00fcbsch\" \/>\n<meta property=\"og:description\" content=\"Denne bogst\u00f8tte er lavet af frosted glas. Dens hesteskosform giver den et moderne og nyt\u00e6nkende udtryk. Du kan bruge bogst\u00f8tten p\u00e5 en hylde til at holde\" \/>\n<meta property=\"og:url\" content=\"https:\/\/hubsch-interior.com\/da\/vare\/arch-bogstotte-frosted\/\" \/>\n<meta property=\"og:site_name\" content=\"H\u00fcbsch\" \/>\n<meta property=\"article:modified_time\" content=\"2026-04-09T02:31:46+00:00\" \/>\n<meta property=\"og:image\" content=\"https:\/\/hubsch-interior.com\/wp-content\/uploads\/2025\/06\/arch-bookend-frosted-7b6f3f87f00009afa140d88fd98c65d5.jpg\" \/>\n\t<meta property=\"og:image:width\" content=\"1200\" \/>\n\t<meta property=\"og:image:height\" content=\"1200\" \/>\n\t<meta property=\"og:image:type\" content=\"image\/jpeg\" \/>\n<meta name=\"twitter:card\" content=\"summary_large_image\" \/>\n<script type=\"application\/ld+json\" class=\"yoast-schema-graph\">{\"@context\":\"https:\/\/schema.org\",\"@graph\":[{\"@type\":\"WebPage\",\"@id\":\"https:\/\/hubsch-interior.com\/da\/vare\/arch-bogstotte-frosted\/\",\"url\":\"https:\/\/hubsch-interior.com\/da\/vare\/arch-bogstotte-frosted\/\",\"name\":\"Arch Bogst\u00f8tte Frosted - H\u00fcbsch\",\"isPartOf\":{\"@id\":\"https:\/\/hubsch-interior.com\/da\/#website\"},\"primaryImageOfPage\":{\"@id\":\"https:\/\/hubsch-interior.com\/da\/vare\/arch-bogstotte-frosted\/#primaryimage\"},\"image\":{\"@id\":\"https:\/\/hubsch-interior.com\/da\/vare\/arch-bogstotte-frosted\/#primaryimage\"},\"thumbnailUrl\":\"https:\/\/hubsch-interior.com\/wp-content\/uploads\/2026\/02\/arch-bookend-frosted-43a8e977ffecf6f0577c0b3d87e4284e.jpg\",\"datePublished\":\"2021-06-04T07:55:04+00:00\",\"dateModified\":\"2026-04-09T02:31:46+00:00\",\"description\":\"Denne bogst\u00f8tte er lavet af frosted glas. Dens hesteskosform giver den et moderne og nyt\u00e6nkende udtryk. Du kan bruge bogst\u00f8tten p\u00e5 en hylde til at holde\",\"breadcrumb\":{\"@id\":\"https:\/\/hubsch-interior.com\/da\/vare\/arch-bogstotte-frosted\/#breadcrumb\"},\"inLanguage\":\"da-DK\",\"potentialAction\":[{\"@type\":\"ReadAction\",\"target\":[\"https:\/\/hubsch-interior.com\/da\/vare\/arch-bogstotte-frosted\/\"]}]},{\"@type\":\"ImageObject\",\"inLanguage\":\"da-DK\",\"@id\":\"https:\/\/hubsch-interior.com\/da\/vare\/arch-bogstotte-frosted\/#primaryimage\",\"url\":\"https:\/\/hubsch-interior.com\/wp-content\/uploads\/2026\/02\/arch-bookend-frosted-43a8e977ffecf6f0577c0b3d87e4284e.jpg\",\"contentUrl\":\"https:\/\/hubsch-interior.com\/wp-content\/uploads\/2026\/02\/arch-bookend-frosted-43a8e977ffecf6f0577c0b3d87e4284e.jpg\",\"width\":1024,\"height\":1024},{\"@type\":\"BreadcrumbList\",\"@id\":\"https:\/\/hubsch-interior.com\/da\/vare\/arch-bogstotte-frosted\/#breadcrumb\",\"itemListElement\":[{\"@type\":\"ListItem\",\"position\":1,\"name\":\"Forside\",\"item\":\"https:\/\/hubsch-interior.com\/da\/\"},{\"@type\":\"ListItem\",\"position\":2,\"name\":\"Produkter\",\"item\":\"https:\/\/hubsch-interior.com\/da\/produkter\/\"},{\"@type\":\"ListItem\",\"position\":3,\"name\":\"Boligtilbeh\u00f8r\",\"item\":\"https:\/\/hubsch-interior.com\/da\/vare-kategori\/boligtilbehor\/\"},{\"@type\":\"ListItem\",\"position\":4,\"name\":\"Kontor\",\"item\":\"https:\/\/hubsch-interior.com\/da\/vare-kategori\/boligtilbehor\/kontor-da\/\"},{\"@type\":\"ListItem\",\"position\":5,\"name\":\"Brevpresser\",\"item\":\"https:\/\/hubsch-interior.com\/da\/vare-kategori\/boligtilbehor\/kontor-da\/brevpresser-da\/\"},{\"@type\":\"ListItem\",\"position\":6,\"name\":\"Arch Bogst\u00f8tte Frosted\"}]},{\"@type\":\"WebSite\",\"@id\":\"https:\/\/hubsch-interior.com\/da\/#website\",\"url\":\"https:\/\/hubsch-interior.com\/da\/\",\"name\":\"H\u00fcbsch\",\"description\":\"Danish Home Interior and Design\",\"publisher\":{\"@id\":\"https:\/\/hubsch-interior.com\/da\/#organization\"},\"potentialAction\":[{\"@type\":\"SearchAction\",\"target\":{\"@type\":\"EntryPoint\",\"urlTemplate\":\"https:\/\/hubsch-interior.com\/da\/?s={search_term_string}\"},\"query-input\":{\"@type\":\"PropertyValueSpecification\",\"valueRequired\":true,\"valueName\":\"search_term_string\"}}],\"inLanguage\":\"da-DK\"},{\"@type\":\"Organization\",\"@id\":\"https:\/\/hubsch-interior.com\/da\/#organization\",\"name\":\"H\u00fcbsch\",\"url\":\"https:\/\/hubsch-interior.com\/da\/\",\"logo\":{\"@type\":\"ImageObject\",\"inLanguage\":\"da-DK\",\"@id\":\"https:\/\/hubsch-interior.com\/da\/#\/schema\/logo\/image\/\",\"url\":\"https:\/\/hubsch-interior.com\/wp-content\/uploads\/2022\/12\/Hubsch_logo_black_one_line.svg\",\"contentUrl\":\"https:\/\/hubsch-interior.com\/wp-content\/uploads\/2022\/12\/Hubsch_logo_black_one_line.svg\",\"caption\":\"H\u00fcbsch\"},\"image\":{\"@id\":\"https:\/\/hubsch-interior.com\/da\/#\/schema\/logo\/image\/\"}}]}<\/script>\n<!-- \/ Yoast SEO plugin. -->","yoast_head_json":{"title":"Arch Bogst\u00f8tte Frosted - H\u00fcbsch","description":"Denne bogst\u00f8tte er lavet af frosted glas. Dens hesteskosform giver den et moderne og nyt\u00e6nkende udtryk. Du kan bruge bogst\u00f8tten p\u00e5 en hylde til at holde","robots":{"index":"index","follow":"follow","max-snippet":"max-snippet:-1","max-image-preview":"max-image-preview:large","max-video-preview":"max-video-preview:-1"},"canonical":"https:\/\/hubsch-interior.com\/da\/wp-json\/wp\/v2\/product\/391115","og_locale":"da_DK","og_type":"article","og_title":"Arch Bogst\u00f8tte Frosted - H\u00fcbsch","og_description":"Denne bogst\u00f8tte er lavet af frosted glas. Dens hesteskosform giver den et moderne og nyt\u00e6nkende udtryk. Du kan bruge bogst\u00f8tten p\u00e5 en hylde til at holde","og_url":"https:\/\/hubsch-interior.com\/da\/vare\/arch-bogstotte-frosted\/","og_site_name":"H\u00fcbsch","article_modified_time":"2026-04-09T02:31:46+00:00","og_image":[{"width":1200,"height":1200,"url":"https:\/\/hubsch-interior.com\/wp-content\/uploads\/2025\/06\/arch-bookend-frosted-7b6f3f87f00009afa140d88fd98c65d5.jpg","type":"image\/jpeg"}],"twitter_card":"summary_large_image","schema":{"@context":"https:\/\/schema.org","@graph":[{"@type":"WebPage","@id":"https:\/\/hubsch-interior.com\/da\/vare\/arch-bogstotte-frosted\/","url":"https:\/\/hubsch-interior.com\/da\/vare\/arch-bogstotte-frosted\/","name":"Arch Bogst\u00f8tte Frosted - H\u00fcbsch","isPartOf":{"@id":"https:\/\/hubsch-interior.com\/da\/#website"},"primaryImageOfPage":{"@id":"https:\/\/hubsch-interior.com\/da\/vare\/arch-bogstotte-frosted\/#primaryimage"},"image":{"@id":"https:\/\/hubsch-interior.com\/da\/vare\/arch-bogstotte-frosted\/#primaryimage"},"thumbnailUrl":"https:\/\/hubsch-interior.com\/wp-content\/uploads\/2026\/02\/arch-bookend-frosted-43a8e977ffecf6f0577c0b3d87e4284e.jpg","datePublished":"2021-06-04T07:55:04+00:00","dateModified":"2026-04-09T02:31:46+00:00","description":"Denne bogst\u00f8tte er lavet af frosted glas. Dens hesteskosform giver den et moderne og nyt\u00e6nkende udtryk. Du kan bruge bogst\u00f8tten p\u00e5 en hylde til at holde","breadcrumb":{"@id":"https:\/\/hubsch-interior.com\/da\/vare\/arch-bogstotte-frosted\/#breadcrumb"},"inLanguage":"da-DK","potentialAction":[{"@type":"ReadAction","target":["https:\/\/hubsch-interior.com\/da\/vare\/arch-bogstotte-frosted\/"]}]},{"@type":"ImageObject","inLanguage":"da-DK","@id":"https:\/\/hubsch-interior.com\/da\/vare\/arch-bogstotte-frosted\/#primaryimage","url":"https:\/\/hubsch-interior.com\/wp-content\/uploads\/2026\/02\/arch-bookend-frosted-43a8e977ffecf6f0577c0b3d87e4284e.jpg","contentUrl":"https:\/\/hubsch-interior.com\/wp-content\/uploads\/2026\/02\/arch-bookend-frosted-43a8e977ffecf6f0577c0b3d87e4284e.jpg","width":1024,"height":1024},{"@type":"BreadcrumbList","@id":"https:\/\/hubsch-interior.com\/da\/vare\/arch-bogstotte-frosted\/#breadcrumb","itemListElement":[{"@type":"ListItem","position":1,"name":"Forside","item":"https:\/\/hubsch-interior.com\/da\/"},{"@type":"ListItem","position":2,"name":"Produkter","item":"https:\/\/hubsch-interior.com\/da\/produkter\/"},{"@type":"ListItem","position":3,"name":"Boligtilbeh\u00f8r","item":"https:\/\/hubsch-interior.com\/da\/vare-kategori\/boligtilbehor\/"},{"@type":"ListItem","position":4,"name":"Kontor","item":"https:\/\/hubsch-interior.com\/da\/vare-kategori\/boligtilbehor\/kontor-da\/"},{"@type":"ListItem","position":5,"name":"Brevpresser","item":"https:\/\/hubsch-interior.com\/da\/vare-kategori\/boligtilbehor\/kontor-da\/brevpresser-da\/"},{"@type":"ListItem","position":6,"name":"Arch Bogst\u00f8tte Frosted"}]},{"@type":"WebSite","@id":"https:\/\/hubsch-interior.com\/da\/#website","url":"https:\/\/hubsch-interior.com\/da\/","name":"H\u00fcbsch","description":"Danish Home Interior and Design","publisher":{"@id":"https:\/\/hubsch-interior.com\/da\/#organization"},"potentialAction":[{"@type":"SearchAction","target":{"@type":"EntryPoint","urlTemplate":"https:\/\/hubsch-interior.com\/da\/?s={search_term_string}"},"query-input":{"@type":"PropertyValueSpecification","valueRequired":true,"valueName":"search_term_string"}}],"inLanguage":"da-DK"},{"@type":"Organization","@id":"https:\/\/hubsch-interior.com\/da\/#organization","name":"H\u00fcbsch","url":"https:\/\/hubsch-interior.com\/da\/","logo":{"@type":"ImageObject","inLanguage":"da-DK","@id":"https:\/\/hubsch-interior.com\/da\/#\/schema\/logo\/image\/","url":"https:\/\/hubsch-interior.com\/wp-content\/uploads\/2022\/12\/Hubsch_logo_black_one_line.svg","contentUrl":"https:\/\/hubsch-interior.com\/wp-content\/uploads\/2022\/12\/Hubsch_logo_black_one_line.svg","caption":"H\u00fcbsch"},"image":{"@id":"https:\/\/hubsch-interior.com\/da\/#\/schema\/logo\/image\/"}}]}},"_links":{"self":[{"href":"https:\/\/hubsch-interior.com\/da\/wp-json\/wp\/v2\/product\/391115","targetHints":{"allow":["GET"]}}],"collection":[{"href":"https:\/\/hubsch-interior.com\/da\/wp-json\/wp\/v2\/product"}],"about":[{"href":"https:\/\/hubsch-interior.com\/da\/wp-json\/wp\/v2\/types\/product"}],"wp:featuredmedia":[{"embeddable":true,"href":"https:\/\/hubsch-interior.com\/da\/wp-json\/wp\/v2\/media\/1097313"}],"wp:attachment":[{"href":"https:\/\/hubsch-interior.com\/da\/wp-json\/wp\/v2\/media?parent=391115"}],"wp:term":[{"taxonomy":"product_brand","embeddable":true,"href":"https:\/\/hubsch-interior.com\/da\/wp-json\/wp\/v2\/product_brand?post=391115"},{"taxonomy":"product_cat","embeddable":true,"href":"https:\/\/hubsch-interior.com\/da\/wp-json\/wp\/v2\/product_cat?post=391115"},{"taxonomy":"product_tag","embeddable":true,"href":"https:\/\/hubsch-interior.com\/da\/wp-json\/wp\/v2\/product_tag?post=391115"}],"curies":[{"name":"wp","href":"https:\/\/api.w.org\/{rel}","templated":true}]}}