{"id":391139,"date":"2021-06-04T09:55:14","date_gmt":"2021-06-04T07:55:14","guid":{"rendered":"https:\/\/hubsch-interior.com\/shop-b2c\/product\/product-6\/"},"modified":"2026-04-05T04:31:40","modified_gmt":"2026-04-05T02:31:40","slug":"sculpt-bogstotte-bla-klar","status":"publish","type":"product","link":"https:\/\/hubsch-interior.com\/da\/vare\/sculpt-bogstotte-bla-klar\/","title":{"rendered":"Sculpt Bogst\u00f8tte Bl\u00e5\/Klar"},"content":{"rendered":"<p>Denne bogst\u00f8tte er lavet af klart og bl\u00e5t glas. De cirkul\u00e6re og kubistiske former reflekterer lyset fra omgivelserne p\u00e5 en stilfuld m\u00e5de. Det geometriske design passer godt til det moderne hjem. Du kan placere bogst\u00f8tten p\u00e5 en hylde, et bord eller i vinduet. Dette produkt er h\u00e5ndlavet og kan derfor varierer.<\/p>\n","protected":false},"excerpt":{"rendered":"<p>Denne bogst\u00f8tte er lavet af klart og bl\u00e5t glas. De cirkul\u00e6re og kubistiske former reflekterer lyset fra omgivelserne p\u00e5 en stilfuld m\u00e5de. Det geometriske design passer godt til det moderne hjem. Du kan placere bogst\u00f8tten p\u00e5 en hylde, et bord eller i vinduet. Dette produkt er h\u00e5ndlavet og kan derfor varierer.<\/p>\n","protected":false},"featured_media":1097337,"template":"","meta":{"_acf_changed":false,"inline_featured_image":false},"product_brand":[],"product_cat":[4158,4151],"product_tag":[],"class_list":{"0":"post-391139","1":"product","2":"type-product","3":"status-publish","4":"has-post-thumbnail","6":"product_cat-brevpresser-da","7":"product_cat-kontor-da","8":"product_shipping_class-pk","10":"pa_color-bl","11":"pa_color-klar","12":"pa_material-krystal-da","14":"first","15":"instock","16":"taxable","17":"shipping-taxable","18":"purchasable","19":"product-type-simple"},"exclude_global_add_ons":[],"addons":[],"acf":[],"yoast_head":"<!-- This site is optimized with the Yoast SEO plugin v26.4 - https:\/\/yoast.com\/wordpress\/plugins\/seo\/ -->\n<title>Sculpt Bogst\u00f8tte Bl\u00e5\/Klar - H\u00fcbsch<\/title>\n<meta name=\"description\" content=\"Denne bogst\u00f8tte er lavet af klart og bl\u00e5t glas. De cirkul\u00e6re og kubistiske former reflekterer lyset fra omgivelserne p\u00e5 en stilfuld m\u00e5de. Det geometriske\" \/>\n<meta name=\"robots\" content=\"index, follow, max-snippet:-1, max-image-preview:large, max-video-preview:-1\" \/>\n<link rel=\"canonical\" href=\"https:\/\/hubsch-interior.com\/da\/wp-json\/wp\/v2\/product\/391139\" \/>\n<meta property=\"og:locale\" content=\"da_DK\" \/>\n<meta property=\"og:type\" content=\"article\" \/>\n<meta property=\"og:title\" content=\"Sculpt Bogst\u00f8tte Bl\u00e5\/Klar - H\u00fcbsch\" \/>\n<meta property=\"og:description\" content=\"Denne bogst\u00f8tte er lavet af klart og bl\u00e5t glas. De cirkul\u00e6re og kubistiske former reflekterer lyset fra omgivelserne p\u00e5 en stilfuld m\u00e5de. Det geometriske\" \/>\n<meta property=\"og:url\" content=\"https:\/\/hubsch-interior.com\/da\/vare\/sculpt-bogstotte-bla-klar\/\" \/>\n<meta property=\"og:site_name\" content=\"H\u00fcbsch\" \/>\n<meta property=\"article:modified_time\" content=\"2026-04-05T02:31:40+00:00\" \/>\n<meta property=\"og:image\" content=\"https:\/\/hubsch-interior.com\/wp-content\/uploads\/2025\/04\/sculpt-bookend-blueclear-e73f1bcca52b5060db447e60aefe0b42.jpg\" \/>\n\t<meta property=\"og:image:width\" content=\"1200\" \/>\n\t<meta property=\"og:image:height\" content=\"1200\" \/>\n\t<meta property=\"og:image:type\" content=\"image\/jpeg\" \/>\n<meta name=\"twitter:card\" content=\"summary_large_image\" \/>\n<script type=\"application\/ld+json\" class=\"yoast-schema-graph\">{\"@context\":\"https:\/\/schema.org\",\"@graph\":[{\"@type\":\"WebPage\",\"@id\":\"https:\/\/hubsch-interior.com\/da\/vare\/sculpt-bogstotte-bla-klar\/\",\"url\":\"https:\/\/hubsch-interior.com\/da\/vare\/sculpt-bogstotte-bla-klar\/\",\"name\":\"Sculpt Bogst\u00f8tte Bl\u00e5\/Klar - H\u00fcbsch\",\"isPartOf\":{\"@id\":\"https:\/\/hubsch-interior.com\/da\/#website\"},\"primaryImageOfPage\":{\"@id\":\"https:\/\/hubsch-interior.com\/da\/vare\/sculpt-bogstotte-bla-klar\/#primaryimage\"},\"image\":{\"@id\":\"https:\/\/hubsch-interior.com\/da\/vare\/sculpt-bogstotte-bla-klar\/#primaryimage\"},\"thumbnailUrl\":\"https:\/\/hubsch-interior.com\/wp-content\/uploads\/2026\/02\/sculpt-bookend-blueclear-2b6244841ff9caeb102fad11cbc16dee.jpg\",\"datePublished\":\"2021-06-04T07:55:14+00:00\",\"dateModified\":\"2026-04-05T02:31:40+00:00\",\"description\":\"Denne bogst\u00f8tte er lavet af klart og bl\u00e5t glas. De cirkul\u00e6re og kubistiske former reflekterer lyset fra omgivelserne p\u00e5 en stilfuld m\u00e5de. Det geometriske\",\"breadcrumb\":{\"@id\":\"https:\/\/hubsch-interior.com\/da\/vare\/sculpt-bogstotte-bla-klar\/#breadcrumb\"},\"inLanguage\":\"da-DK\",\"potentialAction\":[{\"@type\":\"ReadAction\",\"target\":[\"https:\/\/hubsch-interior.com\/da\/vare\/sculpt-bogstotte-bla-klar\/\"]}]},{\"@type\":\"ImageObject\",\"inLanguage\":\"da-DK\",\"@id\":\"https:\/\/hubsch-interior.com\/da\/vare\/sculpt-bogstotte-bla-klar\/#primaryimage\",\"url\":\"https:\/\/hubsch-interior.com\/wp-content\/uploads\/2026\/02\/sculpt-bookend-blueclear-2b6244841ff9caeb102fad11cbc16dee.jpg\",\"contentUrl\":\"https:\/\/hubsch-interior.com\/wp-content\/uploads\/2026\/02\/sculpt-bookend-blueclear-2b6244841ff9caeb102fad11cbc16dee.jpg\",\"width\":1024,\"height\":1024},{\"@type\":\"BreadcrumbList\",\"@id\":\"https:\/\/hubsch-interior.com\/da\/vare\/sculpt-bogstotte-bla-klar\/#breadcrumb\",\"itemListElement\":[{\"@type\":\"ListItem\",\"position\":1,\"name\":\"Forside\",\"item\":\"https:\/\/hubsch-interior.com\/da\/\"},{\"@type\":\"ListItem\",\"position\":2,\"name\":\"Produkter\",\"item\":\"https:\/\/hubsch-interior.com\/da\/produkter\/\"},{\"@type\":\"ListItem\",\"position\":3,\"name\":\"Boligtilbeh\u00f8r\",\"item\":\"https:\/\/hubsch-interior.com\/da\/vare-kategori\/boligtilbehor\/\"},{\"@type\":\"ListItem\",\"position\":4,\"name\":\"Kontor\",\"item\":\"https:\/\/hubsch-interior.com\/da\/vare-kategori\/boligtilbehor\/kontor-da\/\"},{\"@type\":\"ListItem\",\"position\":5,\"name\":\"Brevpresser\",\"item\":\"https:\/\/hubsch-interior.com\/da\/vare-kategori\/boligtilbehor\/kontor-da\/brevpresser-da\/\"},{\"@type\":\"ListItem\",\"position\":6,\"name\":\"Sculpt Bogst\u00f8tte Bl\u00e5\/Klar\"}]},{\"@type\":\"WebSite\",\"@id\":\"https:\/\/hubsch-interior.com\/da\/#website\",\"url\":\"https:\/\/hubsch-interior.com\/da\/\",\"name\":\"H\u00fcbsch\",\"description\":\"Danish Home Interior and Design\",\"publisher\":{\"@id\":\"https:\/\/hubsch-interior.com\/da\/#organization\"},\"potentialAction\":[{\"@type\":\"SearchAction\",\"target\":{\"@type\":\"EntryPoint\",\"urlTemplate\":\"https:\/\/hubsch-interior.com\/da\/?s={search_term_string}\"},\"query-input\":{\"@type\":\"PropertyValueSpecification\",\"valueRequired\":true,\"valueName\":\"search_term_string\"}}],\"inLanguage\":\"da-DK\"},{\"@type\":\"Organization\",\"@id\":\"https:\/\/hubsch-interior.com\/da\/#organization\",\"name\":\"H\u00fcbsch\",\"url\":\"https:\/\/hubsch-interior.com\/da\/\",\"logo\":{\"@type\":\"ImageObject\",\"inLanguage\":\"da-DK\",\"@id\":\"https:\/\/hubsch-interior.com\/da\/#\/schema\/logo\/image\/\",\"url\":\"https:\/\/hubsch-interior.com\/wp-content\/uploads\/2022\/12\/Hubsch_logo_black_one_line.svg\",\"contentUrl\":\"https:\/\/hubsch-interior.com\/wp-content\/uploads\/2022\/12\/Hubsch_logo_black_one_line.svg\",\"caption\":\"H\u00fcbsch\"},\"image\":{\"@id\":\"https:\/\/hubsch-interior.com\/da\/#\/schema\/logo\/image\/\"}}]}<\/script>\n<!-- \/ Yoast SEO plugin. -->","yoast_head_json":{"title":"Sculpt Bogst\u00f8tte Bl\u00e5\/Klar - H\u00fcbsch","description":"Denne bogst\u00f8tte er lavet af klart og bl\u00e5t glas. De cirkul\u00e6re og kubistiske former reflekterer lyset fra omgivelserne p\u00e5 en stilfuld m\u00e5de. Det geometriske","robots":{"index":"index","follow":"follow","max-snippet":"max-snippet:-1","max-image-preview":"max-image-preview:large","max-video-preview":"max-video-preview:-1"},"canonical":"https:\/\/hubsch-interior.com\/da\/wp-json\/wp\/v2\/product\/391139","og_locale":"da_DK","og_type":"article","og_title":"Sculpt Bogst\u00f8tte Bl\u00e5\/Klar - H\u00fcbsch","og_description":"Denne bogst\u00f8tte er lavet af klart og bl\u00e5t glas. De cirkul\u00e6re og kubistiske former reflekterer lyset fra omgivelserne p\u00e5 en stilfuld m\u00e5de. Det geometriske","og_url":"https:\/\/hubsch-interior.com\/da\/vare\/sculpt-bogstotte-bla-klar\/","og_site_name":"H\u00fcbsch","article_modified_time":"2026-04-05T02:31:40+00:00","og_image":[{"width":1200,"height":1200,"url":"https:\/\/hubsch-interior.com\/wp-content\/uploads\/2025\/04\/sculpt-bookend-blueclear-e73f1bcca52b5060db447e60aefe0b42.jpg","type":"image\/jpeg"}],"twitter_card":"summary_large_image","schema":{"@context":"https:\/\/schema.org","@graph":[{"@type":"WebPage","@id":"https:\/\/hubsch-interior.com\/da\/vare\/sculpt-bogstotte-bla-klar\/","url":"https:\/\/hubsch-interior.com\/da\/vare\/sculpt-bogstotte-bla-klar\/","name":"Sculpt Bogst\u00f8tte Bl\u00e5\/Klar - H\u00fcbsch","isPartOf":{"@id":"https:\/\/hubsch-interior.com\/da\/#website"},"primaryImageOfPage":{"@id":"https:\/\/hubsch-interior.com\/da\/vare\/sculpt-bogstotte-bla-klar\/#primaryimage"},"image":{"@id":"https:\/\/hubsch-interior.com\/da\/vare\/sculpt-bogstotte-bla-klar\/#primaryimage"},"thumbnailUrl":"https:\/\/hubsch-interior.com\/wp-content\/uploads\/2026\/02\/sculpt-bookend-blueclear-2b6244841ff9caeb102fad11cbc16dee.jpg","datePublished":"2021-06-04T07:55:14+00:00","dateModified":"2026-04-05T02:31:40+00:00","description":"Denne bogst\u00f8tte er lavet af klart og bl\u00e5t glas. De cirkul\u00e6re og kubistiske former reflekterer lyset fra omgivelserne p\u00e5 en stilfuld m\u00e5de. Det geometriske","breadcrumb":{"@id":"https:\/\/hubsch-interior.com\/da\/vare\/sculpt-bogstotte-bla-klar\/#breadcrumb"},"inLanguage":"da-DK","potentialAction":[{"@type":"ReadAction","target":["https:\/\/hubsch-interior.com\/da\/vare\/sculpt-bogstotte-bla-klar\/"]}]},{"@type":"ImageObject","inLanguage":"da-DK","@id":"https:\/\/hubsch-interior.com\/da\/vare\/sculpt-bogstotte-bla-klar\/#primaryimage","url":"https:\/\/hubsch-interior.com\/wp-content\/uploads\/2026\/02\/sculpt-bookend-blueclear-2b6244841ff9caeb102fad11cbc16dee.jpg","contentUrl":"https:\/\/hubsch-interior.com\/wp-content\/uploads\/2026\/02\/sculpt-bookend-blueclear-2b6244841ff9caeb102fad11cbc16dee.jpg","width":1024,"height":1024},{"@type":"BreadcrumbList","@id":"https:\/\/hubsch-interior.com\/da\/vare\/sculpt-bogstotte-bla-klar\/#breadcrumb","itemListElement":[{"@type":"ListItem","position":1,"name":"Forside","item":"https:\/\/hubsch-interior.com\/da\/"},{"@type":"ListItem","position":2,"name":"Produkter","item":"https:\/\/hubsch-interior.com\/da\/produkter\/"},{"@type":"ListItem","position":3,"name":"Boligtilbeh\u00f8r","item":"https:\/\/hubsch-interior.com\/da\/vare-kategori\/boligtilbehor\/"},{"@type":"ListItem","position":4,"name":"Kontor","item":"https:\/\/hubsch-interior.com\/da\/vare-kategori\/boligtilbehor\/kontor-da\/"},{"@type":"ListItem","position":5,"name":"Brevpresser","item":"https:\/\/hubsch-interior.com\/da\/vare-kategori\/boligtilbehor\/kontor-da\/brevpresser-da\/"},{"@type":"ListItem","position":6,"name":"Sculpt Bogst\u00f8tte Bl\u00e5\/Klar"}]},{"@type":"WebSite","@id":"https:\/\/hubsch-interior.com\/da\/#website","url":"https:\/\/hubsch-interior.com\/da\/","name":"H\u00fcbsch","description":"Danish Home Interior and Design","publisher":{"@id":"https:\/\/hubsch-interior.com\/da\/#organization"},"potentialAction":[{"@type":"SearchAction","target":{"@type":"EntryPoint","urlTemplate":"https:\/\/hubsch-interior.com\/da\/?s={search_term_string}"},"query-input":{"@type":"PropertyValueSpecification","valueRequired":true,"valueName":"search_term_string"}}],"inLanguage":"da-DK"},{"@type":"Organization","@id":"https:\/\/hubsch-interior.com\/da\/#organization","name":"H\u00fcbsch","url":"https:\/\/hubsch-interior.com\/da\/","logo":{"@type":"ImageObject","inLanguage":"da-DK","@id":"https:\/\/hubsch-interior.com\/da\/#\/schema\/logo\/image\/","url":"https:\/\/hubsch-interior.com\/wp-content\/uploads\/2022\/12\/Hubsch_logo_black_one_line.svg","contentUrl":"https:\/\/hubsch-interior.com\/wp-content\/uploads\/2022\/12\/Hubsch_logo_black_one_line.svg","caption":"H\u00fcbsch"},"image":{"@id":"https:\/\/hubsch-interior.com\/da\/#\/schema\/logo\/image\/"}}]}},"_links":{"self":[{"href":"https:\/\/hubsch-interior.com\/da\/wp-json\/wp\/v2\/product\/391139","targetHints":{"allow":["GET"]}}],"collection":[{"href":"https:\/\/hubsch-interior.com\/da\/wp-json\/wp\/v2\/product"}],"about":[{"href":"https:\/\/hubsch-interior.com\/da\/wp-json\/wp\/v2\/types\/product"}],"wp:featuredmedia":[{"embeddable":true,"href":"https:\/\/hubsch-interior.com\/da\/wp-json\/wp\/v2\/media\/1097337"}],"wp:attachment":[{"href":"https:\/\/hubsch-interior.com\/da\/wp-json\/wp\/v2\/media?parent=391139"}],"wp:term":[{"taxonomy":"product_brand","embeddable":true,"href":"https:\/\/hubsch-interior.com\/da\/wp-json\/wp\/v2\/product_brand?post=391139"},{"taxonomy":"product_cat","embeddable":true,"href":"https:\/\/hubsch-interior.com\/da\/wp-json\/wp\/v2\/product_cat?post=391139"},{"taxonomy":"product_tag","embeddable":true,"href":"https:\/\/hubsch-interior.com\/da\/wp-json\/wp\/v2\/product_tag?post=391139"}],"curies":[{"name":"wp","href":"https:\/\/api.w.org\/{rel}","templated":true}]}}