{"id":391203,"date":"2021-06-04T09:55:33","date_gmt":"2021-06-04T07:55:33","guid":{"rendered":"https:\/\/hubsch-interior.com\/shop-b2c\/product\/product-6\/"},"modified":"2026-04-05T04:31:48","modified_gmt":"2026-04-05T02:31:48","slug":"block-vase-bla","status":"publish","type":"product","link":"https:\/\/hubsch-interior.com\/da\/vare\/block-vase-bla\/","title":{"rendered":"Block Vase Bl\u00e5"},"content":{"rendered":"<p>Vasen er designet i en dybbl\u00e5 farve, og lavet af krystal og glas. Vasens unikke form skaber et moderne look. Vasen er i\u00f8jnefaldende i ethvert rum med eller uden blomst. Dette produkt er h\u00e5ndlavet og kan derfor variere.<\/p>\n","protected":false},"excerpt":{"rendered":"<p>Vasen er designet i en dybbl\u00e5 farve, og lavet af krystal og glas. Vasens unikke form skaber et moderne look. Vasen er i\u00f8jnefaldende i ethvert rum med eller uden blomst. Dette produkt er h\u00e5ndlavet og kan derfor variere.<\/p>\n","protected":false},"featured_media":1097361,"template":"","meta":{"_acf_changed":false,"inline_featured_image":false},"product_brand":[],"product_cat":[6970,3152,5025,6517],"product_tag":[],"class_list":{"0":"post-391203","1":"product","2":"type-product","3":"status-publish","4":"has-post-thumbnail","6":"product_cat-paaskeudsalg","7":"product_cat-vaser-da","8":"product_cat-bestsellers-da","9":"product_cat-outlet-da","10":"product_shipping_class-pk","12":"pa_color-bl","13":"pa_material-krystal-da","15":"first","16":"instock","17":"sale","18":"featured","19":"taxable","20":"shipping-taxable","21":"purchasable","22":"product-type-simple"},"exclude_global_add_ons":[],"addons":[],"acf":[],"yoast_head":"<!-- This site is optimized with the Yoast SEO plugin v26.4 - https:\/\/yoast.com\/wordpress\/plugins\/seo\/ -->\n<title>Block Vase Bl\u00e5 - H\u00fcbsch<\/title>\n<meta name=\"description\" content=\"Vasen er designet i en dybbl\u00e5 farve, og lavet af krystal og glas. Vasens unikke form skaber et moderne look. Vasen er i\u00f8jnefaldende i ethvert rum med\" \/>\n<meta name=\"robots\" content=\"index, follow, max-snippet:-1, max-image-preview:large, max-video-preview:-1\" \/>\n<link rel=\"canonical\" href=\"https:\/\/hubsch-interior.com\/da\/wp-json\/wp\/v2\/product\/391203\" \/>\n<meta property=\"og:locale\" content=\"da_DK\" \/>\n<meta property=\"og:type\" content=\"article\" \/>\n<meta property=\"og:title\" content=\"Block Vase Bl\u00e5 - H\u00fcbsch\" \/>\n<meta property=\"og:description\" content=\"Vasen er designet i en dybbl\u00e5 farve, og lavet af krystal og glas. Vasens unikke form skaber et moderne look. Vasen er i\u00f8jnefaldende i ethvert rum med\" \/>\n<meta property=\"og:url\" content=\"https:\/\/hubsch-interior.com\/da\/vare\/block-vase-bla\/\" \/>\n<meta property=\"og:site_name\" content=\"H\u00fcbsch\" \/>\n<meta property=\"article:modified_time\" content=\"2026-04-05T02:31:48+00:00\" \/>\n<meta property=\"og:image\" content=\"https:\/\/hubsch-interior.com\/wp-content\/uploads\/2023\/08\/block-vase-blue-fa78210e69384f28261d4b8c2dbcea1a.jpg\" \/>\n\t<meta property=\"og:image:width\" content=\"1200\" \/>\n\t<meta property=\"og:image:height\" content=\"1200\" \/>\n\t<meta property=\"og:image:type\" content=\"image\/jpeg\" \/>\n<meta name=\"twitter:card\" content=\"summary_large_image\" \/>\n<script type=\"application\/ld+json\" class=\"yoast-schema-graph\">{\"@context\":\"https:\/\/schema.org\",\"@graph\":[{\"@type\":\"WebPage\",\"@id\":\"https:\/\/hubsch-interior.com\/da\/vare\/block-vase-bla\/\",\"url\":\"https:\/\/hubsch-interior.com\/da\/vare\/block-vase-bla\/\",\"name\":\"Block Vase Bl\u00e5 - H\u00fcbsch\",\"isPartOf\":{\"@id\":\"https:\/\/hubsch-interior.com\/da\/#website\"},\"primaryImageOfPage\":{\"@id\":\"https:\/\/hubsch-interior.com\/da\/vare\/block-vase-bla\/#primaryimage\"},\"image\":{\"@id\":\"https:\/\/hubsch-interior.com\/da\/vare\/block-vase-bla\/#primaryimage\"},\"thumbnailUrl\":\"https:\/\/hubsch-interior.com\/wp-content\/uploads\/2026\/02\/block-vase-blue-484d2443ed1def51f6db9b86aef8a028.jpg\",\"datePublished\":\"2021-06-04T07:55:33+00:00\",\"dateModified\":\"2026-04-05T02:31:48+00:00\",\"description\":\"Vasen er designet i en dybbl\u00e5 farve, og lavet af krystal og glas. Vasens unikke form skaber et moderne look. Vasen er i\u00f8jnefaldende i ethvert rum med\",\"breadcrumb\":{\"@id\":\"https:\/\/hubsch-interior.com\/da\/vare\/block-vase-bla\/#breadcrumb\"},\"inLanguage\":\"da-DK\",\"potentialAction\":[{\"@type\":\"ReadAction\",\"target\":[\"https:\/\/hubsch-interior.com\/da\/vare\/block-vase-bla\/\"]}]},{\"@type\":\"ImageObject\",\"inLanguage\":\"da-DK\",\"@id\":\"https:\/\/hubsch-interior.com\/da\/vare\/block-vase-bla\/#primaryimage\",\"url\":\"https:\/\/hubsch-interior.com\/wp-content\/uploads\/2026\/02\/block-vase-blue-484d2443ed1def51f6db9b86aef8a028.jpg\",\"contentUrl\":\"https:\/\/hubsch-interior.com\/wp-content\/uploads\/2026\/02\/block-vase-blue-484d2443ed1def51f6db9b86aef8a028.jpg\",\"width\":1024,\"height\":1024},{\"@type\":\"BreadcrumbList\",\"@id\":\"https:\/\/hubsch-interior.com\/da\/vare\/block-vase-bla\/#breadcrumb\",\"itemListElement\":[{\"@type\":\"ListItem\",\"position\":1,\"name\":\"Forside\",\"item\":\"https:\/\/hubsch-interior.com\/da\/\"},{\"@type\":\"ListItem\",\"position\":2,\"name\":\"Produkter\",\"item\":\"https:\/\/hubsch-interior.com\/da\/produkter\/\"},{\"@type\":\"ListItem\",\"position\":3,\"name\":\"Boligtilbeh\u00f8r\",\"item\":\"https:\/\/hubsch-interior.com\/da\/vare-kategori\/boligtilbehor\/\"},{\"@type\":\"ListItem\",\"position\":4,\"name\":\"Vaser\",\"item\":\"https:\/\/hubsch-interior.com\/da\/vare-kategori\/boligtilbehor\/vaser-da\/\"},{\"@type\":\"ListItem\",\"position\":5,\"name\":\"Block Vase Bl\u00e5\"}]},{\"@type\":\"WebSite\",\"@id\":\"https:\/\/hubsch-interior.com\/da\/#website\",\"url\":\"https:\/\/hubsch-interior.com\/da\/\",\"name\":\"H\u00fcbsch\",\"description\":\"Danish Home Interior and Design\",\"publisher\":{\"@id\":\"https:\/\/hubsch-interior.com\/da\/#organization\"},\"potentialAction\":[{\"@type\":\"SearchAction\",\"target\":{\"@type\":\"EntryPoint\",\"urlTemplate\":\"https:\/\/hubsch-interior.com\/da\/?s={search_term_string}\"},\"query-input\":{\"@type\":\"PropertyValueSpecification\",\"valueRequired\":true,\"valueName\":\"search_term_string\"}}],\"inLanguage\":\"da-DK\"},{\"@type\":\"Organization\",\"@id\":\"https:\/\/hubsch-interior.com\/da\/#organization\",\"name\":\"H\u00fcbsch\",\"url\":\"https:\/\/hubsch-interior.com\/da\/\",\"logo\":{\"@type\":\"ImageObject\",\"inLanguage\":\"da-DK\",\"@id\":\"https:\/\/hubsch-interior.com\/da\/#\/schema\/logo\/image\/\",\"url\":\"https:\/\/hubsch-interior.com\/wp-content\/uploads\/2022\/12\/Hubsch_logo_black_one_line.svg\",\"contentUrl\":\"https:\/\/hubsch-interior.com\/wp-content\/uploads\/2022\/12\/Hubsch_logo_black_one_line.svg\",\"caption\":\"H\u00fcbsch\"},\"image\":{\"@id\":\"https:\/\/hubsch-interior.com\/da\/#\/schema\/logo\/image\/\"}}]}<\/script>\n<!-- \/ Yoast SEO plugin. -->","yoast_head_json":{"title":"Block Vase Bl\u00e5 - H\u00fcbsch","description":"Vasen er designet i en dybbl\u00e5 farve, og lavet af krystal og glas. Vasens unikke form skaber et moderne look. Vasen er i\u00f8jnefaldende i ethvert rum med","robots":{"index":"index","follow":"follow","max-snippet":"max-snippet:-1","max-image-preview":"max-image-preview:large","max-video-preview":"max-video-preview:-1"},"canonical":"https:\/\/hubsch-interior.com\/da\/wp-json\/wp\/v2\/product\/391203","og_locale":"da_DK","og_type":"article","og_title":"Block Vase Bl\u00e5 - H\u00fcbsch","og_description":"Vasen er designet i en dybbl\u00e5 farve, og lavet af krystal og glas. Vasens unikke form skaber et moderne look. Vasen er i\u00f8jnefaldende i ethvert rum med","og_url":"https:\/\/hubsch-interior.com\/da\/vare\/block-vase-bla\/","og_site_name":"H\u00fcbsch","article_modified_time":"2026-04-05T02:31:48+00:00","og_image":[{"width":1200,"height":1200,"url":"https:\/\/hubsch-interior.com\/wp-content\/uploads\/2023\/08\/block-vase-blue-fa78210e69384f28261d4b8c2dbcea1a.jpg","type":"image\/jpeg"}],"twitter_card":"summary_large_image","schema":{"@context":"https:\/\/schema.org","@graph":[{"@type":"WebPage","@id":"https:\/\/hubsch-interior.com\/da\/vare\/block-vase-bla\/","url":"https:\/\/hubsch-interior.com\/da\/vare\/block-vase-bla\/","name":"Block Vase Bl\u00e5 - H\u00fcbsch","isPartOf":{"@id":"https:\/\/hubsch-interior.com\/da\/#website"},"primaryImageOfPage":{"@id":"https:\/\/hubsch-interior.com\/da\/vare\/block-vase-bla\/#primaryimage"},"image":{"@id":"https:\/\/hubsch-interior.com\/da\/vare\/block-vase-bla\/#primaryimage"},"thumbnailUrl":"https:\/\/hubsch-interior.com\/wp-content\/uploads\/2026\/02\/block-vase-blue-484d2443ed1def51f6db9b86aef8a028.jpg","datePublished":"2021-06-04T07:55:33+00:00","dateModified":"2026-04-05T02:31:48+00:00","description":"Vasen er designet i en dybbl\u00e5 farve, og lavet af krystal og glas. Vasens unikke form skaber et moderne look. Vasen er i\u00f8jnefaldende i ethvert rum med","breadcrumb":{"@id":"https:\/\/hubsch-interior.com\/da\/vare\/block-vase-bla\/#breadcrumb"},"inLanguage":"da-DK","potentialAction":[{"@type":"ReadAction","target":["https:\/\/hubsch-interior.com\/da\/vare\/block-vase-bla\/"]}]},{"@type":"ImageObject","inLanguage":"da-DK","@id":"https:\/\/hubsch-interior.com\/da\/vare\/block-vase-bla\/#primaryimage","url":"https:\/\/hubsch-interior.com\/wp-content\/uploads\/2026\/02\/block-vase-blue-484d2443ed1def51f6db9b86aef8a028.jpg","contentUrl":"https:\/\/hubsch-interior.com\/wp-content\/uploads\/2026\/02\/block-vase-blue-484d2443ed1def51f6db9b86aef8a028.jpg","width":1024,"height":1024},{"@type":"BreadcrumbList","@id":"https:\/\/hubsch-interior.com\/da\/vare\/block-vase-bla\/#breadcrumb","itemListElement":[{"@type":"ListItem","position":1,"name":"Forside","item":"https:\/\/hubsch-interior.com\/da\/"},{"@type":"ListItem","position":2,"name":"Produkter","item":"https:\/\/hubsch-interior.com\/da\/produkter\/"},{"@type":"ListItem","position":3,"name":"Boligtilbeh\u00f8r","item":"https:\/\/hubsch-interior.com\/da\/vare-kategori\/boligtilbehor\/"},{"@type":"ListItem","position":4,"name":"Vaser","item":"https:\/\/hubsch-interior.com\/da\/vare-kategori\/boligtilbehor\/vaser-da\/"},{"@type":"ListItem","position":5,"name":"Block Vase Bl\u00e5"}]},{"@type":"WebSite","@id":"https:\/\/hubsch-interior.com\/da\/#website","url":"https:\/\/hubsch-interior.com\/da\/","name":"H\u00fcbsch","description":"Danish Home Interior and Design","publisher":{"@id":"https:\/\/hubsch-interior.com\/da\/#organization"},"potentialAction":[{"@type":"SearchAction","target":{"@type":"EntryPoint","urlTemplate":"https:\/\/hubsch-interior.com\/da\/?s={search_term_string}"},"query-input":{"@type":"PropertyValueSpecification","valueRequired":true,"valueName":"search_term_string"}}],"inLanguage":"da-DK"},{"@type":"Organization","@id":"https:\/\/hubsch-interior.com\/da\/#organization","name":"H\u00fcbsch","url":"https:\/\/hubsch-interior.com\/da\/","logo":{"@type":"ImageObject","inLanguage":"da-DK","@id":"https:\/\/hubsch-interior.com\/da\/#\/schema\/logo\/image\/","url":"https:\/\/hubsch-interior.com\/wp-content\/uploads\/2022\/12\/Hubsch_logo_black_one_line.svg","contentUrl":"https:\/\/hubsch-interior.com\/wp-content\/uploads\/2022\/12\/Hubsch_logo_black_one_line.svg","caption":"H\u00fcbsch"},"image":{"@id":"https:\/\/hubsch-interior.com\/da\/#\/schema\/logo\/image\/"}}]}},"_links":{"self":[{"href":"https:\/\/hubsch-interior.com\/da\/wp-json\/wp\/v2\/product\/391203","targetHints":{"allow":["GET"]}}],"collection":[{"href":"https:\/\/hubsch-interior.com\/da\/wp-json\/wp\/v2\/product"}],"about":[{"href":"https:\/\/hubsch-interior.com\/da\/wp-json\/wp\/v2\/types\/product"}],"wp:featuredmedia":[{"embeddable":true,"href":"https:\/\/hubsch-interior.com\/da\/wp-json\/wp\/v2\/media\/1097361"}],"wp:attachment":[{"href":"https:\/\/hubsch-interior.com\/da\/wp-json\/wp\/v2\/media?parent=391203"}],"wp:term":[{"taxonomy":"product_brand","embeddable":true,"href":"https:\/\/hubsch-interior.com\/da\/wp-json\/wp\/v2\/product_brand?post=391203"},{"taxonomy":"product_cat","embeddable":true,"href":"https:\/\/hubsch-interior.com\/da\/wp-json\/wp\/v2\/product_cat?post=391203"},{"taxonomy":"product_tag","embeddable":true,"href":"https:\/\/hubsch-interior.com\/da\/wp-json\/wp\/v2\/product_tag?post=391203"}],"curies":[{"name":"wp","href":"https:\/\/api.w.org\/{rel}","templated":true}]}}