{"id":39161,"date":"2020-12-15T09:45:53","date_gmt":"2020-12-15T08:45:53","guid":{"rendered":"https:\/\/hubsch-interior.com\/product\/product-4\/"},"modified":"2026-04-09T04:45:51","modified_gmt":"2026-04-09T02:45:51","slug":"airy-skaerebraetter-natur-saet-af-2","status":"publish","type":"product","link":"https:\/\/hubsch-interior.com\/da\/vare\/airy-skaerebraetter-natur-saet-af-2\/","title":{"rendered":"Airy Sk\u00e6rebr\u00e6tter Natur (s\u00e6t af 2)"},"content":{"rendered":"<p>Airy Sk\u00e6rebr\u00e6tter Natur (s\u00e6t af 2) er fremstillet af solid eg med FSC-certificering. Dette sk\u00e6rebr\u00e6t er perfekt til at sk\u00e6re alle slags madvarer. Det er designet med et smart h\u00e5ndtag, som g\u00f8r det nemt at transportere br\u00e6tterne. Overfladen er behandlet med en mat finish, som giver et flot udseende, der passer til alle k\u00f8kkener. Br\u00e6tterne er holdbare og kommer i et s\u00e6t af to, s\u00e5 du kan have det ene br\u00e6t til k\u00f8d og det andet til gr\u00f8ntsager.<\/p>\n","protected":false},"excerpt":{"rendered":"<p>Airy Sk\u00e6rebr\u00e6tter Natur (s\u00e6t af 2) er fremstillet af solid eg med FSC-certificering. Dette sk\u00e6rebr\u00e6t er perfekt til at sk\u00e6re alle slags madvarer. Det er designet med et smart h\u00e5ndtag, som g\u00f8r det nemt at transportere br\u00e6tterne. Overfladen er behandlet med en mat finish, som giver et flot udseende, der passer til alle k\u00f8kkener. Br\u00e6tterne [&hellip;]<\/p>\n","protected":false},"featured_media":1101224,"template":"","meta":{"_acf_changed":false,"inline_featured_image":false},"product_brand":[],"product_cat":[7025,6321,4051,6517,6970,7054,4122],"product_tag":[],"class_list":{"0":"post-39161","1":"product","2":"type-product","3":"status-publish","4":"has-post-thumbnail","6":"product_cat-bordservice-da-2","7":"product_cat-fsc-da","8":"product_cat-koekkentilbehoer-da","9":"product_cat-outlet-da","10":"product_cat-paaskeudsalg","11":"product_cat-koekken-skaerebraetter-da","12":"product_cat-skaerebraetter-da","13":"product_shipping_class-pk","15":"pa_color-natur-2","16":"pa_material-egetr","18":"first","19":"instock","20":"sale","21":"taxable","22":"shipping-taxable","23":"purchasable","24":"product-type-simple"},"exclude_global_add_ons":[],"addons":[],"acf":[],"yoast_head":"<!-- This site is optimized with the Yoast SEO plugin v26.4 - https:\/\/yoast.com\/wordpress\/plugins\/seo\/ -->\n<title>Airy Sk\u00e6rebr\u00e6tter Natur (s\u00e6t af 2) - H\u00fcbsch<\/title>\n<meta name=\"description\" content=\"Airy Sk\u00e6rebr\u00e6tter Natur (s\u00e6t af 2) er fremstillet af solid eg med FSC-certificering. Dette sk\u00e6rebr\u00e6t er perfekt til at sk\u00e6re alle slags madvarer. Det er\" \/>\n<meta name=\"robots\" content=\"index, follow, max-snippet:-1, max-image-preview:large, max-video-preview:-1\" \/>\n<link rel=\"canonical\" href=\"https:\/\/hubsch-interior.com\/da\/wp-json\/wp\/v2\/product\/39161\" \/>\n<meta property=\"og:locale\" content=\"da_DK\" \/>\n<meta property=\"og:type\" content=\"article\" \/>\n<meta property=\"og:title\" content=\"Airy Sk\u00e6rebr\u00e6tter Natur (s\u00e6t af 2) - H\u00fcbsch\" \/>\n<meta property=\"og:description\" content=\"Airy Sk\u00e6rebr\u00e6tter Natur (s\u00e6t af 2) er fremstillet af solid eg med FSC-certificering. Dette sk\u00e6rebr\u00e6t er perfekt til at sk\u00e6re alle slags madvarer. Det er\" \/>\n<meta property=\"og:url\" content=\"https:\/\/hubsch-interior.com\/da\/vare\/airy-skaerebraetter-natur-saet-af-2\/\" \/>\n<meta property=\"og:site_name\" content=\"H\u00fcbsch\" \/>\n<meta property=\"article:modified_time\" content=\"2026-04-09T02:45:51+00:00\" \/>\n<meta property=\"og:image\" content=\"https:\/\/hubsch-interior.com\/wp-content\/uploads\/2024\/01\/airy-cutting-boards-natural-set-of-2-f9b8a71f00d5cfd9a7a93cc32cb5cef7.jpg\" \/>\n\t<meta property=\"og:image:width\" content=\"1200\" \/>\n\t<meta property=\"og:image:height\" content=\"1200\" \/>\n\t<meta property=\"og:image:type\" content=\"image\/jpeg\" \/>\n<meta name=\"twitter:card\" content=\"summary_large_image\" \/>\n<script type=\"application\/ld+json\" class=\"yoast-schema-graph\">{\"@context\":\"https:\/\/schema.org\",\"@graph\":[{\"@type\":\"WebPage\",\"@id\":\"https:\/\/hubsch-interior.com\/da\/vare\/airy-skaerebraetter-natur-saet-af-2\/\",\"url\":\"https:\/\/hubsch-interior.com\/da\/vare\/airy-skaerebraetter-natur-saet-af-2\/\",\"name\":\"Airy Sk\u00e6rebr\u00e6tter Natur (s\u00e6t af 2) - H\u00fcbsch\",\"isPartOf\":{\"@id\":\"https:\/\/hubsch-interior.com\/da\/#website\"},\"primaryImageOfPage\":{\"@id\":\"https:\/\/hubsch-interior.com\/da\/vare\/airy-skaerebraetter-natur-saet-af-2\/#primaryimage\"},\"image\":{\"@id\":\"https:\/\/hubsch-interior.com\/da\/vare\/airy-skaerebraetter-natur-saet-af-2\/#primaryimage\"},\"thumbnailUrl\":\"https:\/\/hubsch-interior.com\/wp-content\/uploads\/2026\/02\/airy-cutting-boards-natural-set-of-2-f8e69cfad7d054d94a2f72f475118889.jpg\",\"datePublished\":\"2020-12-15T08:45:53+00:00\",\"dateModified\":\"2026-04-09T02:45:51+00:00\",\"description\":\"Airy Sk\u00e6rebr\u00e6tter Natur (s\u00e6t af 2) er fremstillet af solid eg med FSC-certificering. Dette sk\u00e6rebr\u00e6t er perfekt til at sk\u00e6re alle slags madvarer. Det er\",\"breadcrumb\":{\"@id\":\"https:\/\/hubsch-interior.com\/da\/vare\/airy-skaerebraetter-natur-saet-af-2\/#breadcrumb\"},\"inLanguage\":\"da-DK\",\"potentialAction\":[{\"@type\":\"ReadAction\",\"target\":[\"https:\/\/hubsch-interior.com\/da\/vare\/airy-skaerebraetter-natur-saet-af-2\/\"]}]},{\"@type\":\"ImageObject\",\"inLanguage\":\"da-DK\",\"@id\":\"https:\/\/hubsch-interior.com\/da\/vare\/airy-skaerebraetter-natur-saet-af-2\/#primaryimage\",\"url\":\"https:\/\/hubsch-interior.com\/wp-content\/uploads\/2026\/02\/airy-cutting-boards-natural-set-of-2-f8e69cfad7d054d94a2f72f475118889.jpg\",\"contentUrl\":\"https:\/\/hubsch-interior.com\/wp-content\/uploads\/2026\/02\/airy-cutting-boards-natural-set-of-2-f8e69cfad7d054d94a2f72f475118889.jpg\",\"width\":1024,\"height\":1024},{\"@type\":\"BreadcrumbList\",\"@id\":\"https:\/\/hubsch-interior.com\/da\/vare\/airy-skaerebraetter-natur-saet-af-2\/#breadcrumb\",\"itemListElement\":[{\"@type\":\"ListItem\",\"position\":1,\"name\":\"Forside\",\"item\":\"https:\/\/hubsch-interior.com\/da\/\"},{\"@type\":\"ListItem\",\"position\":2,\"name\":\"Produkter\",\"item\":\"https:\/\/hubsch-interior.com\/da\/produkter\/\"},{\"@type\":\"ListItem\",\"position\":3,\"name\":\"Boligtilbeh\u00f8r\",\"item\":\"https:\/\/hubsch-interior.com\/da\/vare-kategori\/boligtilbehor\/\"},{\"@type\":\"ListItem\",\"position\":4,\"name\":\"K&oslash;kkentilbeh&oslash;r\",\"item\":\"https:\/\/hubsch-interior.com\/da\/vare-kategori\/boligtilbehor\/koekkentilbehoer-da\/\"},{\"@type\":\"ListItem\",\"position\":5,\"name\":\"Sk&aelig;rebr&aelig;tter\",\"item\":\"https:\/\/hubsch-interior.com\/da\/vare-kategori\/boligtilbehor\/koekkentilbehoer-da\/skaerebraetter-da\/\"},{\"@type\":\"ListItem\",\"position\":6,\"name\":\"Airy Sk\u00e6rebr\u00e6tter Natur (s\u00e6t af 2)\"}]},{\"@type\":\"WebSite\",\"@id\":\"https:\/\/hubsch-interior.com\/da\/#website\",\"url\":\"https:\/\/hubsch-interior.com\/da\/\",\"name\":\"H\u00fcbsch\",\"description\":\"Danish Home Interior and Design\",\"publisher\":{\"@id\":\"https:\/\/hubsch-interior.com\/da\/#organization\"},\"potentialAction\":[{\"@type\":\"SearchAction\",\"target\":{\"@type\":\"EntryPoint\",\"urlTemplate\":\"https:\/\/hubsch-interior.com\/da\/?s={search_term_string}\"},\"query-input\":{\"@type\":\"PropertyValueSpecification\",\"valueRequired\":true,\"valueName\":\"search_term_string\"}}],\"inLanguage\":\"da-DK\"},{\"@type\":\"Organization\",\"@id\":\"https:\/\/hubsch-interior.com\/da\/#organization\",\"name\":\"H\u00fcbsch\",\"url\":\"https:\/\/hubsch-interior.com\/da\/\",\"logo\":{\"@type\":\"ImageObject\",\"inLanguage\":\"da-DK\",\"@id\":\"https:\/\/hubsch-interior.com\/da\/#\/schema\/logo\/image\/\",\"url\":\"https:\/\/hubsch-interior.com\/wp-content\/uploads\/2022\/12\/Hubsch_logo_black_one_line.svg\",\"contentUrl\":\"https:\/\/hubsch-interior.com\/wp-content\/uploads\/2022\/12\/Hubsch_logo_black_one_line.svg\",\"caption\":\"H\u00fcbsch\"},\"image\":{\"@id\":\"https:\/\/hubsch-interior.com\/da\/#\/schema\/logo\/image\/\"}}]}<\/script>\n<!-- \/ Yoast SEO plugin. -->","yoast_head_json":{"title":"Airy Sk\u00e6rebr\u00e6tter Natur (s\u00e6t af 2) - H\u00fcbsch","description":"Airy Sk\u00e6rebr\u00e6tter Natur (s\u00e6t af 2) er fremstillet af solid eg med FSC-certificering. Dette sk\u00e6rebr\u00e6t er perfekt til at sk\u00e6re alle slags madvarer. Det er","robots":{"index":"index","follow":"follow","max-snippet":"max-snippet:-1","max-image-preview":"max-image-preview:large","max-video-preview":"max-video-preview:-1"},"canonical":"https:\/\/hubsch-interior.com\/da\/wp-json\/wp\/v2\/product\/39161","og_locale":"da_DK","og_type":"article","og_title":"Airy Sk\u00e6rebr\u00e6tter Natur (s\u00e6t af 2) - H\u00fcbsch","og_description":"Airy Sk\u00e6rebr\u00e6tter Natur (s\u00e6t af 2) er fremstillet af solid eg med FSC-certificering. Dette sk\u00e6rebr\u00e6t er perfekt til at sk\u00e6re alle slags madvarer. Det er","og_url":"https:\/\/hubsch-interior.com\/da\/vare\/airy-skaerebraetter-natur-saet-af-2\/","og_site_name":"H\u00fcbsch","article_modified_time":"2026-04-09T02:45:51+00:00","og_image":[{"width":1200,"height":1200,"url":"https:\/\/hubsch-interior.com\/wp-content\/uploads\/2024\/01\/airy-cutting-boards-natural-set-of-2-f9b8a71f00d5cfd9a7a93cc32cb5cef7.jpg","type":"image\/jpeg"}],"twitter_card":"summary_large_image","schema":{"@context":"https:\/\/schema.org","@graph":[{"@type":"WebPage","@id":"https:\/\/hubsch-interior.com\/da\/vare\/airy-skaerebraetter-natur-saet-af-2\/","url":"https:\/\/hubsch-interior.com\/da\/vare\/airy-skaerebraetter-natur-saet-af-2\/","name":"Airy Sk\u00e6rebr\u00e6tter Natur (s\u00e6t af 2) - H\u00fcbsch","isPartOf":{"@id":"https:\/\/hubsch-interior.com\/da\/#website"},"primaryImageOfPage":{"@id":"https:\/\/hubsch-interior.com\/da\/vare\/airy-skaerebraetter-natur-saet-af-2\/#primaryimage"},"image":{"@id":"https:\/\/hubsch-interior.com\/da\/vare\/airy-skaerebraetter-natur-saet-af-2\/#primaryimage"},"thumbnailUrl":"https:\/\/hubsch-interior.com\/wp-content\/uploads\/2026\/02\/airy-cutting-boards-natural-set-of-2-f8e69cfad7d054d94a2f72f475118889.jpg","datePublished":"2020-12-15T08:45:53+00:00","dateModified":"2026-04-09T02:45:51+00:00","description":"Airy Sk\u00e6rebr\u00e6tter Natur (s\u00e6t af 2) er fremstillet af solid eg med FSC-certificering. Dette sk\u00e6rebr\u00e6t er perfekt til at sk\u00e6re alle slags madvarer. Det er","breadcrumb":{"@id":"https:\/\/hubsch-interior.com\/da\/vare\/airy-skaerebraetter-natur-saet-af-2\/#breadcrumb"},"inLanguage":"da-DK","potentialAction":[{"@type":"ReadAction","target":["https:\/\/hubsch-interior.com\/da\/vare\/airy-skaerebraetter-natur-saet-af-2\/"]}]},{"@type":"ImageObject","inLanguage":"da-DK","@id":"https:\/\/hubsch-interior.com\/da\/vare\/airy-skaerebraetter-natur-saet-af-2\/#primaryimage","url":"https:\/\/hubsch-interior.com\/wp-content\/uploads\/2026\/02\/airy-cutting-boards-natural-set-of-2-f8e69cfad7d054d94a2f72f475118889.jpg","contentUrl":"https:\/\/hubsch-interior.com\/wp-content\/uploads\/2026\/02\/airy-cutting-boards-natural-set-of-2-f8e69cfad7d054d94a2f72f475118889.jpg","width":1024,"height":1024},{"@type":"BreadcrumbList","@id":"https:\/\/hubsch-interior.com\/da\/vare\/airy-skaerebraetter-natur-saet-af-2\/#breadcrumb","itemListElement":[{"@type":"ListItem","position":1,"name":"Forside","item":"https:\/\/hubsch-interior.com\/da\/"},{"@type":"ListItem","position":2,"name":"Produkter","item":"https:\/\/hubsch-interior.com\/da\/produkter\/"},{"@type":"ListItem","position":3,"name":"Boligtilbeh\u00f8r","item":"https:\/\/hubsch-interior.com\/da\/vare-kategori\/boligtilbehor\/"},{"@type":"ListItem","position":4,"name":"K&oslash;kkentilbeh&oslash;r","item":"https:\/\/hubsch-interior.com\/da\/vare-kategori\/boligtilbehor\/koekkentilbehoer-da\/"},{"@type":"ListItem","position":5,"name":"Sk&aelig;rebr&aelig;tter","item":"https:\/\/hubsch-interior.com\/da\/vare-kategori\/boligtilbehor\/koekkentilbehoer-da\/skaerebraetter-da\/"},{"@type":"ListItem","position":6,"name":"Airy Sk\u00e6rebr\u00e6tter Natur (s\u00e6t af 2)"}]},{"@type":"WebSite","@id":"https:\/\/hubsch-interior.com\/da\/#website","url":"https:\/\/hubsch-interior.com\/da\/","name":"H\u00fcbsch","description":"Danish Home Interior and Design","publisher":{"@id":"https:\/\/hubsch-interior.com\/da\/#organization"},"potentialAction":[{"@type":"SearchAction","target":{"@type":"EntryPoint","urlTemplate":"https:\/\/hubsch-interior.com\/da\/?s={search_term_string}"},"query-input":{"@type":"PropertyValueSpecification","valueRequired":true,"valueName":"search_term_string"}}],"inLanguage":"da-DK"},{"@type":"Organization","@id":"https:\/\/hubsch-interior.com\/da\/#organization","name":"H\u00fcbsch","url":"https:\/\/hubsch-interior.com\/da\/","logo":{"@type":"ImageObject","inLanguage":"da-DK","@id":"https:\/\/hubsch-interior.com\/da\/#\/schema\/logo\/image\/","url":"https:\/\/hubsch-interior.com\/wp-content\/uploads\/2022\/12\/Hubsch_logo_black_one_line.svg","contentUrl":"https:\/\/hubsch-interior.com\/wp-content\/uploads\/2022\/12\/Hubsch_logo_black_one_line.svg","caption":"H\u00fcbsch"},"image":{"@id":"https:\/\/hubsch-interior.com\/da\/#\/schema\/logo\/image\/"}}]}},"_links":{"self":[{"href":"https:\/\/hubsch-interior.com\/da\/wp-json\/wp\/v2\/product\/39161","targetHints":{"allow":["GET"]}}],"collection":[{"href":"https:\/\/hubsch-interior.com\/da\/wp-json\/wp\/v2\/product"}],"about":[{"href":"https:\/\/hubsch-interior.com\/da\/wp-json\/wp\/v2\/types\/product"}],"wp:featuredmedia":[{"embeddable":true,"href":"https:\/\/hubsch-interior.com\/da\/wp-json\/wp\/v2\/media\/1101224"}],"wp:attachment":[{"href":"https:\/\/hubsch-interior.com\/da\/wp-json\/wp\/v2\/media?parent=39161"}],"wp:term":[{"taxonomy":"product_brand","embeddable":true,"href":"https:\/\/hubsch-interior.com\/da\/wp-json\/wp\/v2\/product_brand?post=39161"},{"taxonomy":"product_cat","embeddable":true,"href":"https:\/\/hubsch-interior.com\/da\/wp-json\/wp\/v2\/product_cat?post=39161"},{"taxonomy":"product_tag","embeddable":true,"href":"https:\/\/hubsch-interior.com\/da\/wp-json\/wp\/v2\/product_tag?post=39161"}],"curies":[{"name":"wp","href":"https:\/\/api.w.org\/{rel}","templated":true}]}}