{"id":391683,"date":"2021-06-04T09:57:32","date_gmt":"2021-06-04T07:57:32","guid":{"rendered":"https:\/\/hubsch-interior.com\/shop-b2c\/product\/product-6\/"},"modified":"2026-04-04T04:34:05","modified_gmt":"2026-04-04T02:34:05","slug":"grand-bakker-sort-saet-af-2","status":"publish","type":"product","link":"https:\/\/hubsch-interior.com\/da\/vare\/grand-bakker-sort-saet-af-2\/","title":{"rendered":"Grand Bakker Sort (s\u00e6t af 2)"},"content":{"rendered":"<p>Grand Bakker Sort er et moderne, tidl\u00f8st s\u00e6t best\u00e5ende af 2 bakker lavet af marmor. De elegante bakker er ideelle til opbevaring af sm\u00e5ting, f.eks. krydderier, krystaller, tekstil osv. Brug dem ogs\u00e5 til at dekorere dit hjem med sm\u00e5 objekter og deres unikke farve og struktur. Grand Bakker Sort er lette og solide, s\u00e5 du kan v\u00e6re sikker p\u00e5, at de holder i mange \u00e5r. De to bakker har forskellige st\u00f8rrelser, der g\u00f8r det muligt at kombinere dem og skabe et interessant look. Giv dit hjem et touch af klasse med Grand Bakker Sort.<\/p>\n","protected":false},"excerpt":{"rendered":"<p>Grand Bakker Sort er et moderne, tidl\u00f8st s\u00e6t best\u00e5ende af 2 bakker lavet af marmor. De elegante bakker er ideelle til opbevaring af sm\u00e5ting, f.eks. krydderier, krystaller, tekstil osv. Brug dem ogs\u00e5 til at dekorere dit hjem med sm\u00e5 objekter og deres unikke farve og struktur. Grand Bakker Sort er lette og solide, s\u00e5 du [&hellip;]<\/p>\n","protected":false},"featured_media":1098269,"template":"","meta":{"_acf_changed":false,"inline_featured_image":false},"product_brand":[],"product_cat":[6970,4051,4094,4052,6517],"product_tag":[],"class_list":{"0":"post-391683","1":"product","2":"type-product","3":"status-publish","4":"has-post-thumbnail","6":"product_cat-paaskeudsalg","7":"product_cat-koekkentilbehoer-da","8":"product_cat-bordservice-da","9":"product_cat-bakker-da","10":"product_cat-outlet-da","11":"product_shipping_class-pk","13":"pa_color-sort","14":"pa_material-marmor-da","16":"first","17":"instock","18":"sale","19":"taxable","20":"shipping-taxable","21":"purchasable","22":"product-type-simple"},"exclude_global_add_ons":[],"addons":[],"acf":[],"yoast_head":"<!-- This site is optimized with the Yoast SEO plugin v26.4 - https:\/\/yoast.com\/wordpress\/plugins\/seo\/ -->\n<title>Grand Bakker Sort (s\u00e6t af 2) - H\u00fcbsch<\/title>\n<meta name=\"description\" content=\"Grand Bakker Sort er et moderne, tidl\u00f8st s\u00e6t best\u00e5ende af 2 bakker lavet af marmor. De elegante bakker er ideelle til opbevaring af sm\u00e5ting, f.eks.\" \/>\n<meta name=\"robots\" content=\"index, follow, max-snippet:-1, max-image-preview:large, max-video-preview:-1\" \/>\n<link rel=\"canonical\" href=\"https:\/\/hubsch-interior.com\/da\/wp-json\/wp\/v2\/product\/391683\" \/>\n<meta property=\"og:locale\" content=\"da_DK\" \/>\n<meta property=\"og:type\" content=\"article\" \/>\n<meta property=\"og:title\" content=\"Grand Bakker Sort (s\u00e6t af 2) - H\u00fcbsch\" \/>\n<meta property=\"og:description\" content=\"Grand Bakker Sort er et moderne, tidl\u00f8st s\u00e6t best\u00e5ende af 2 bakker lavet af marmor. De elegante bakker er ideelle til opbevaring af sm\u00e5ting, f.eks.\" \/>\n<meta property=\"og:url\" content=\"https:\/\/hubsch-interior.com\/da\/vare\/grand-bakker-sort-saet-af-2\/\" \/>\n<meta property=\"og:site_name\" content=\"H\u00fcbsch\" \/>\n<meta property=\"article:modified_time\" content=\"2026-04-04T02:34:05+00:00\" \/>\n<meta property=\"og:image\" content=\"https:\/\/hubsch-interior.com\/wp-content\/uploads\/2023\/08\/grand-trays-black-set-of-2-e21ffae402aa0dfb963fdea28e2d5376.jpg\" \/>\n\t<meta property=\"og:image:width\" content=\"1200\" \/>\n\t<meta property=\"og:image:height\" content=\"1200\" \/>\n\t<meta property=\"og:image:type\" content=\"image\/jpeg\" \/>\n<meta name=\"twitter:card\" content=\"summary_large_image\" \/>\n<meta name=\"twitter:label1\" content=\"Estimeret l\u00e6setid\" \/>\n\t<meta name=\"twitter:data1\" content=\"1 minut\" \/>\n<script type=\"application\/ld+json\" class=\"yoast-schema-graph\">{\"@context\":\"https:\/\/schema.org\",\"@graph\":[{\"@type\":\"WebPage\",\"@id\":\"https:\/\/hubsch-interior.com\/da\/vare\/grand-bakker-sort-saet-af-2\/\",\"url\":\"https:\/\/hubsch-interior.com\/da\/vare\/grand-bakker-sort-saet-af-2\/\",\"name\":\"Grand Bakker Sort (s\u00e6t af 2) - H\u00fcbsch\",\"isPartOf\":{\"@id\":\"https:\/\/hubsch-interior.com\/da\/#website\"},\"primaryImageOfPage\":{\"@id\":\"https:\/\/hubsch-interior.com\/da\/vare\/grand-bakker-sort-saet-af-2\/#primaryimage\"},\"image\":{\"@id\":\"https:\/\/hubsch-interior.com\/da\/vare\/grand-bakker-sort-saet-af-2\/#primaryimage\"},\"thumbnailUrl\":\"https:\/\/hubsch-interior.com\/wp-content\/uploads\/2026\/02\/grand-trays-black-set-of-2-17bb5865aea4882e6f5db65262de8187.jpg\",\"datePublished\":\"2021-06-04T07:57:32+00:00\",\"dateModified\":\"2026-04-04T02:34:05+00:00\",\"description\":\"Grand Bakker Sort er et moderne, tidl\u00f8st s\u00e6t best\u00e5ende af 2 bakker lavet af marmor. De elegante bakker er ideelle til opbevaring af sm\u00e5ting, f.eks.\",\"breadcrumb\":{\"@id\":\"https:\/\/hubsch-interior.com\/da\/vare\/grand-bakker-sort-saet-af-2\/#breadcrumb\"},\"inLanguage\":\"da-DK\",\"potentialAction\":[{\"@type\":\"ReadAction\",\"target\":[\"https:\/\/hubsch-interior.com\/da\/vare\/grand-bakker-sort-saet-af-2\/\"]}]},{\"@type\":\"ImageObject\",\"inLanguage\":\"da-DK\",\"@id\":\"https:\/\/hubsch-interior.com\/da\/vare\/grand-bakker-sort-saet-af-2\/#primaryimage\",\"url\":\"https:\/\/hubsch-interior.com\/wp-content\/uploads\/2026\/02\/grand-trays-black-set-of-2-17bb5865aea4882e6f5db65262de8187.jpg\",\"contentUrl\":\"https:\/\/hubsch-interior.com\/wp-content\/uploads\/2026\/02\/grand-trays-black-set-of-2-17bb5865aea4882e6f5db65262de8187.jpg\",\"width\":1024,\"height\":1024},{\"@type\":\"BreadcrumbList\",\"@id\":\"https:\/\/hubsch-interior.com\/da\/vare\/grand-bakker-sort-saet-af-2\/#breadcrumb\",\"itemListElement\":[{\"@type\":\"ListItem\",\"position\":1,\"name\":\"Forside\",\"item\":\"https:\/\/hubsch-interior.com\/da\/\"},{\"@type\":\"ListItem\",\"position\":2,\"name\":\"Produkter\",\"item\":\"https:\/\/hubsch-interior.com\/da\/produkter\/\"},{\"@type\":\"ListItem\",\"position\":3,\"name\":\"Boligtilbeh\u00f8r\",\"item\":\"https:\/\/hubsch-interior.com\/da\/vare-kategori\/boligtilbehor\/\"},{\"@type\":\"ListItem\",\"position\":4,\"name\":\"K&oslash;kkentilbeh&oslash;r\",\"item\":\"https:\/\/hubsch-interior.com\/da\/vare-kategori\/boligtilbehor\/koekkentilbehoer-da\/\"},{\"@type\":\"ListItem\",\"position\":5,\"name\":\"Bordservice\",\"item\":\"https:\/\/hubsch-interior.com\/da\/vare-kategori\/boligtilbehor\/koekkentilbehoer-da\/bordservice-da\/\"},{\"@type\":\"ListItem\",\"position\":6,\"name\":\"Grand Bakker Sort (s\u00e6t af 2)\"}]},{\"@type\":\"WebSite\",\"@id\":\"https:\/\/hubsch-interior.com\/da\/#website\",\"url\":\"https:\/\/hubsch-interior.com\/da\/\",\"name\":\"H\u00fcbsch\",\"description\":\"Danish Home Interior and Design\",\"publisher\":{\"@id\":\"https:\/\/hubsch-interior.com\/da\/#organization\"},\"potentialAction\":[{\"@type\":\"SearchAction\",\"target\":{\"@type\":\"EntryPoint\",\"urlTemplate\":\"https:\/\/hubsch-interior.com\/da\/?s={search_term_string}\"},\"query-input\":{\"@type\":\"PropertyValueSpecification\",\"valueRequired\":true,\"valueName\":\"search_term_string\"}}],\"inLanguage\":\"da-DK\"},{\"@type\":\"Organization\",\"@id\":\"https:\/\/hubsch-interior.com\/da\/#organization\",\"name\":\"H\u00fcbsch\",\"url\":\"https:\/\/hubsch-interior.com\/da\/\",\"logo\":{\"@type\":\"ImageObject\",\"inLanguage\":\"da-DK\",\"@id\":\"https:\/\/hubsch-interior.com\/da\/#\/schema\/logo\/image\/\",\"url\":\"https:\/\/hubsch-interior.com\/wp-content\/uploads\/2022\/12\/Hubsch_logo_black_one_line.svg\",\"contentUrl\":\"https:\/\/hubsch-interior.com\/wp-content\/uploads\/2022\/12\/Hubsch_logo_black_one_line.svg\",\"caption\":\"H\u00fcbsch\"},\"image\":{\"@id\":\"https:\/\/hubsch-interior.com\/da\/#\/schema\/logo\/image\/\"}}]}<\/script>\n<!-- \/ Yoast SEO plugin. -->","yoast_head_json":{"title":"Grand Bakker Sort (s\u00e6t af 2) - H\u00fcbsch","description":"Grand Bakker Sort er et moderne, tidl\u00f8st s\u00e6t best\u00e5ende af 2 bakker lavet af marmor. De elegante bakker er ideelle til opbevaring af sm\u00e5ting, f.eks.","robots":{"index":"index","follow":"follow","max-snippet":"max-snippet:-1","max-image-preview":"max-image-preview:large","max-video-preview":"max-video-preview:-1"},"canonical":"https:\/\/hubsch-interior.com\/da\/wp-json\/wp\/v2\/product\/391683","og_locale":"da_DK","og_type":"article","og_title":"Grand Bakker Sort (s\u00e6t af 2) - H\u00fcbsch","og_description":"Grand Bakker Sort er et moderne, tidl\u00f8st s\u00e6t best\u00e5ende af 2 bakker lavet af marmor. De elegante bakker er ideelle til opbevaring af sm\u00e5ting, f.eks.","og_url":"https:\/\/hubsch-interior.com\/da\/vare\/grand-bakker-sort-saet-af-2\/","og_site_name":"H\u00fcbsch","article_modified_time":"2026-04-04T02:34:05+00:00","og_image":[{"width":1200,"height":1200,"url":"https:\/\/hubsch-interior.com\/wp-content\/uploads\/2023\/08\/grand-trays-black-set-of-2-e21ffae402aa0dfb963fdea28e2d5376.jpg","type":"image\/jpeg"}],"twitter_card":"summary_large_image","twitter_misc":{"Estimeret l\u00e6setid":"1 minut"},"schema":{"@context":"https:\/\/schema.org","@graph":[{"@type":"WebPage","@id":"https:\/\/hubsch-interior.com\/da\/vare\/grand-bakker-sort-saet-af-2\/","url":"https:\/\/hubsch-interior.com\/da\/vare\/grand-bakker-sort-saet-af-2\/","name":"Grand Bakker Sort (s\u00e6t af 2) - H\u00fcbsch","isPartOf":{"@id":"https:\/\/hubsch-interior.com\/da\/#website"},"primaryImageOfPage":{"@id":"https:\/\/hubsch-interior.com\/da\/vare\/grand-bakker-sort-saet-af-2\/#primaryimage"},"image":{"@id":"https:\/\/hubsch-interior.com\/da\/vare\/grand-bakker-sort-saet-af-2\/#primaryimage"},"thumbnailUrl":"https:\/\/hubsch-interior.com\/wp-content\/uploads\/2026\/02\/grand-trays-black-set-of-2-17bb5865aea4882e6f5db65262de8187.jpg","datePublished":"2021-06-04T07:57:32+00:00","dateModified":"2026-04-04T02:34:05+00:00","description":"Grand Bakker Sort er et moderne, tidl\u00f8st s\u00e6t best\u00e5ende af 2 bakker lavet af marmor. De elegante bakker er ideelle til opbevaring af sm\u00e5ting, f.eks.","breadcrumb":{"@id":"https:\/\/hubsch-interior.com\/da\/vare\/grand-bakker-sort-saet-af-2\/#breadcrumb"},"inLanguage":"da-DK","potentialAction":[{"@type":"ReadAction","target":["https:\/\/hubsch-interior.com\/da\/vare\/grand-bakker-sort-saet-af-2\/"]}]},{"@type":"ImageObject","inLanguage":"da-DK","@id":"https:\/\/hubsch-interior.com\/da\/vare\/grand-bakker-sort-saet-af-2\/#primaryimage","url":"https:\/\/hubsch-interior.com\/wp-content\/uploads\/2026\/02\/grand-trays-black-set-of-2-17bb5865aea4882e6f5db65262de8187.jpg","contentUrl":"https:\/\/hubsch-interior.com\/wp-content\/uploads\/2026\/02\/grand-trays-black-set-of-2-17bb5865aea4882e6f5db65262de8187.jpg","width":1024,"height":1024},{"@type":"BreadcrumbList","@id":"https:\/\/hubsch-interior.com\/da\/vare\/grand-bakker-sort-saet-af-2\/#breadcrumb","itemListElement":[{"@type":"ListItem","position":1,"name":"Forside","item":"https:\/\/hubsch-interior.com\/da\/"},{"@type":"ListItem","position":2,"name":"Produkter","item":"https:\/\/hubsch-interior.com\/da\/produkter\/"},{"@type":"ListItem","position":3,"name":"Boligtilbeh\u00f8r","item":"https:\/\/hubsch-interior.com\/da\/vare-kategori\/boligtilbehor\/"},{"@type":"ListItem","position":4,"name":"K&oslash;kkentilbeh&oslash;r","item":"https:\/\/hubsch-interior.com\/da\/vare-kategori\/boligtilbehor\/koekkentilbehoer-da\/"},{"@type":"ListItem","position":5,"name":"Bordservice","item":"https:\/\/hubsch-interior.com\/da\/vare-kategori\/boligtilbehor\/koekkentilbehoer-da\/bordservice-da\/"},{"@type":"ListItem","position":6,"name":"Grand Bakker Sort (s\u00e6t af 2)"}]},{"@type":"WebSite","@id":"https:\/\/hubsch-interior.com\/da\/#website","url":"https:\/\/hubsch-interior.com\/da\/","name":"H\u00fcbsch","description":"Danish Home Interior and Design","publisher":{"@id":"https:\/\/hubsch-interior.com\/da\/#organization"},"potentialAction":[{"@type":"SearchAction","target":{"@type":"EntryPoint","urlTemplate":"https:\/\/hubsch-interior.com\/da\/?s={search_term_string}"},"query-input":{"@type":"PropertyValueSpecification","valueRequired":true,"valueName":"search_term_string"}}],"inLanguage":"da-DK"},{"@type":"Organization","@id":"https:\/\/hubsch-interior.com\/da\/#organization","name":"H\u00fcbsch","url":"https:\/\/hubsch-interior.com\/da\/","logo":{"@type":"ImageObject","inLanguage":"da-DK","@id":"https:\/\/hubsch-interior.com\/da\/#\/schema\/logo\/image\/","url":"https:\/\/hubsch-interior.com\/wp-content\/uploads\/2022\/12\/Hubsch_logo_black_one_line.svg","contentUrl":"https:\/\/hubsch-interior.com\/wp-content\/uploads\/2022\/12\/Hubsch_logo_black_one_line.svg","caption":"H\u00fcbsch"},"image":{"@id":"https:\/\/hubsch-interior.com\/da\/#\/schema\/logo\/image\/"}}]}},"_links":{"self":[{"href":"https:\/\/hubsch-interior.com\/da\/wp-json\/wp\/v2\/product\/391683","targetHints":{"allow":["GET"]}}],"collection":[{"href":"https:\/\/hubsch-interior.com\/da\/wp-json\/wp\/v2\/product"}],"about":[{"href":"https:\/\/hubsch-interior.com\/da\/wp-json\/wp\/v2\/types\/product"}],"wp:featuredmedia":[{"embeddable":true,"href":"https:\/\/hubsch-interior.com\/da\/wp-json\/wp\/v2\/media\/1098269"}],"wp:attachment":[{"href":"https:\/\/hubsch-interior.com\/da\/wp-json\/wp\/v2\/media?parent=391683"}],"wp:term":[{"taxonomy":"product_brand","embeddable":true,"href":"https:\/\/hubsch-interior.com\/da\/wp-json\/wp\/v2\/product_brand?post=391683"},{"taxonomy":"product_cat","embeddable":true,"href":"https:\/\/hubsch-interior.com\/da\/wp-json\/wp\/v2\/product_cat?post=391683"},{"taxonomy":"product_tag","embeddable":true,"href":"https:\/\/hubsch-interior.com\/da\/wp-json\/wp\/v2\/product_tag?post=391683"}],"curies":[{"name":"wp","href":"https:\/\/api.w.org\/{rel}","templated":true}]}}