{"id":391699,"date":"2021-06-04T09:57:37","date_gmt":"2021-06-04T07:57:37","guid":{"rendered":"https:\/\/hubsch-interior.com\/shop-b2c\/product\/product-6\/"},"modified":"2026-04-05T04:35:10","modified_gmt":"2026-04-05T02:35:10","slug":"vertigo-kurve-flerfarvet-saet-af-2","status":"publish","type":"product","link":"https:\/\/hubsch-interior.com\/da\/vare\/vertigo-kurve-flerfarvet-saet-af-2\/","title":{"rendered":"Vertigo Kurve \u00a0Flerfarvet (s\u00e6t af 2)"},"content":{"rendered":"<p>Disse kurve er lavet af papirgarn og f\u00e5s i et s\u00e6t med to st\u00f8rrelser. Kurvene har et farvet m\u00f8nster med farverne sort r\u00f8d, gul og natur, og giver dig mulighed for at tilf\u00f8je lidt farve til dit hjem. De passer perfekt ind i et moderne og klassisk hjem. Dette produkt er h\u00e5ndlavet og kan derfor varierer.<\/p>\n","protected":false},"excerpt":{"rendered":"<p>Disse kurve er lavet af papirgarn og f\u00e5s i et s\u00e6t med to st\u00f8rrelser. Kurvene har et farvet m\u00f8nster med farverne sort r\u00f8d, gul og natur, og giver dig mulighed for at tilf\u00f8je lidt farve til dit hjem. De passer perfekt ind i et moderne og klassisk hjem. Dette produkt er h\u00e5ndlavet og kan derfor [&hellip;]<\/p>\n","protected":false},"featured_media":1098281,"template":"","meta":{"_acf_changed":false,"inline_featured_image":false},"product_brand":[],"product_cat":[3109,4074,5025],"product_tag":[],"class_list":{"0":"post-391699","1":"product","2":"type-product","3":"status-publish","4":"has-post-thumbnail","6":"product_cat-opbevaring-da","7":"product_cat-kurve-da","8":"product_cat-bestsellers-da","9":"product_shipping_class-pk","11":"pa_color-flerfarvet-2","12":"pa_material-papir-da","14":"first","15":"instock","16":"featured","17":"taxable","18":"shipping-taxable","19":"purchasable","20":"product-type-simple"},"exclude_global_add_ons":[],"addons":[],"acf":[],"yoast_head":"<!-- This site is optimized with the Yoast SEO plugin v26.4 - https:\/\/yoast.com\/wordpress\/plugins\/seo\/ -->\n<title>Vertigo Kurve \u00a0Flerfarvet (s\u00e6t af 2) - H\u00fcbsch<\/title>\n<meta name=\"description\" content=\"Disse kurve er lavet af papirgarn og f\u00e5s i et s\u00e6t med to st\u00f8rrelser. Kurvene har et farvet m\u00f8nster med farverne sort r\u00f8d, gul og natur, og giver dig\" \/>\n<meta name=\"robots\" content=\"index, follow, max-snippet:-1, max-image-preview:large, max-video-preview:-1\" \/>\n<link rel=\"canonical\" href=\"https:\/\/hubsch-interior.com\/da\/wp-json\/wp\/v2\/product\/391699\" \/>\n<meta property=\"og:locale\" content=\"da_DK\" \/>\n<meta property=\"og:type\" content=\"article\" \/>\n<meta property=\"og:title\" content=\"Vertigo Kurve \u00a0Flerfarvet (s\u00e6t af 2) - H\u00fcbsch\" \/>\n<meta property=\"og:description\" content=\"Disse kurve er lavet af papirgarn og f\u00e5s i et s\u00e6t med to st\u00f8rrelser. Kurvene har et farvet m\u00f8nster med farverne sort r\u00f8d, gul og natur, og giver dig\" \/>\n<meta property=\"og:url\" content=\"https:\/\/hubsch-interior.com\/da\/vare\/vertigo-kurve-flerfarvet-saet-af-2\/\" \/>\n<meta property=\"og:site_name\" content=\"H\u00fcbsch\" \/>\n<meta property=\"article:modified_time\" content=\"2026-04-05T02:35:10+00:00\" \/>\n<meta property=\"og:image\" content=\"https:\/\/hubsch-interior.com\/wp-content\/uploads\/2024\/06\/vertigo-baskets-multicolour-set-of-2-8bf3be48191a72ddad4514d44313f45c.jpg\" \/>\n\t<meta property=\"og:image:width\" content=\"1200\" \/>\n\t<meta property=\"og:image:height\" content=\"1200\" \/>\n\t<meta property=\"og:image:type\" content=\"image\/jpeg\" \/>\n<meta name=\"twitter:card\" content=\"summary_large_image\" \/>\n<script type=\"application\/ld+json\" class=\"yoast-schema-graph\">{\"@context\":\"https:\/\/schema.org\",\"@graph\":[{\"@type\":\"WebPage\",\"@id\":\"https:\/\/hubsch-interior.com\/da\/vare\/vertigo-kurve-flerfarvet-saet-af-2\/\",\"url\":\"https:\/\/hubsch-interior.com\/da\/vare\/vertigo-kurve-flerfarvet-saet-af-2\/\",\"name\":\"Vertigo Kurve \u00a0Flerfarvet (s\u00e6t af 2) - H\u00fcbsch\",\"isPartOf\":{\"@id\":\"https:\/\/hubsch-interior.com\/da\/#website\"},\"primaryImageOfPage\":{\"@id\":\"https:\/\/hubsch-interior.com\/da\/vare\/vertigo-kurve-flerfarvet-saet-af-2\/#primaryimage\"},\"image\":{\"@id\":\"https:\/\/hubsch-interior.com\/da\/vare\/vertigo-kurve-flerfarvet-saet-af-2\/#primaryimage\"},\"thumbnailUrl\":\"https:\/\/hubsch-interior.com\/wp-content\/uploads\/2026\/02\/vertigo-baskets-multicolour-set-of-2-fe8bb26269ac35cdfa8a0c34f4e9c61b.jpg\",\"datePublished\":\"2021-06-04T07:57:37+00:00\",\"dateModified\":\"2026-04-05T02:35:10+00:00\",\"description\":\"Disse kurve er lavet af papirgarn og f\u00e5s i et s\u00e6t med to st\u00f8rrelser. Kurvene har et farvet m\u00f8nster med farverne sort r\u00f8d, gul og natur, og giver dig\",\"breadcrumb\":{\"@id\":\"https:\/\/hubsch-interior.com\/da\/vare\/vertigo-kurve-flerfarvet-saet-af-2\/#breadcrumb\"},\"inLanguage\":\"da-DK\",\"potentialAction\":[{\"@type\":\"ReadAction\",\"target\":[\"https:\/\/hubsch-interior.com\/da\/vare\/vertigo-kurve-flerfarvet-saet-af-2\/\"]}]},{\"@type\":\"ImageObject\",\"inLanguage\":\"da-DK\",\"@id\":\"https:\/\/hubsch-interior.com\/da\/vare\/vertigo-kurve-flerfarvet-saet-af-2\/#primaryimage\",\"url\":\"https:\/\/hubsch-interior.com\/wp-content\/uploads\/2026\/02\/vertigo-baskets-multicolour-set-of-2-fe8bb26269ac35cdfa8a0c34f4e9c61b.jpg\",\"contentUrl\":\"https:\/\/hubsch-interior.com\/wp-content\/uploads\/2026\/02\/vertigo-baskets-multicolour-set-of-2-fe8bb26269ac35cdfa8a0c34f4e9c61b.jpg\",\"width\":1024,\"height\":1024},{\"@type\":\"BreadcrumbList\",\"@id\":\"https:\/\/hubsch-interior.com\/da\/vare\/vertigo-kurve-flerfarvet-saet-af-2\/#breadcrumb\",\"itemListElement\":[{\"@type\":\"ListItem\",\"position\":1,\"name\":\"Forside\",\"item\":\"https:\/\/hubsch-interior.com\/da\/\"},{\"@type\":\"ListItem\",\"position\":2,\"name\":\"Produkter\",\"item\":\"https:\/\/hubsch-interior.com\/da\/produkter\/\"},{\"@type\":\"ListItem\",\"position\":3,\"name\":\"Boligtilbeh\u00f8r\",\"item\":\"https:\/\/hubsch-interior.com\/da\/vare-kategori\/boligtilbehor\/\"},{\"@type\":\"ListItem\",\"position\":4,\"name\":\"Opbevaring\",\"item\":\"https:\/\/hubsch-interior.com\/da\/vare-kategori\/boligtilbehor\/opbevaring-da\/\"},{\"@type\":\"ListItem\",\"position\":5,\"name\":\"Kurve\",\"item\":\"https:\/\/hubsch-interior.com\/da\/vare-kategori\/boligtilbehor\/opbevaring-da\/kurve-da\/\"},{\"@type\":\"ListItem\",\"position\":6,\"name\":\"Vertigo Kurve \u00a0Flerfarvet (s\u00e6t af 2)\"}]},{\"@type\":\"WebSite\",\"@id\":\"https:\/\/hubsch-interior.com\/da\/#website\",\"url\":\"https:\/\/hubsch-interior.com\/da\/\",\"name\":\"H\u00fcbsch\",\"description\":\"Danish Home Interior and Design\",\"publisher\":{\"@id\":\"https:\/\/hubsch-interior.com\/da\/#organization\"},\"potentialAction\":[{\"@type\":\"SearchAction\",\"target\":{\"@type\":\"EntryPoint\",\"urlTemplate\":\"https:\/\/hubsch-interior.com\/da\/?s={search_term_string}\"},\"query-input\":{\"@type\":\"PropertyValueSpecification\",\"valueRequired\":true,\"valueName\":\"search_term_string\"}}],\"inLanguage\":\"da-DK\"},{\"@type\":\"Organization\",\"@id\":\"https:\/\/hubsch-interior.com\/da\/#organization\",\"name\":\"H\u00fcbsch\",\"url\":\"https:\/\/hubsch-interior.com\/da\/\",\"logo\":{\"@type\":\"ImageObject\",\"inLanguage\":\"da-DK\",\"@id\":\"https:\/\/hubsch-interior.com\/da\/#\/schema\/logo\/image\/\",\"url\":\"https:\/\/hubsch-interior.com\/wp-content\/uploads\/2022\/12\/Hubsch_logo_black_one_line.svg\",\"contentUrl\":\"https:\/\/hubsch-interior.com\/wp-content\/uploads\/2022\/12\/Hubsch_logo_black_one_line.svg\",\"caption\":\"H\u00fcbsch\"},\"image\":{\"@id\":\"https:\/\/hubsch-interior.com\/da\/#\/schema\/logo\/image\/\"}}]}<\/script>\n<!-- \/ Yoast SEO plugin. -->","yoast_head_json":{"title":"Vertigo Kurve \u00a0Flerfarvet (s\u00e6t af 2) - H\u00fcbsch","description":"Disse kurve er lavet af papirgarn og f\u00e5s i et s\u00e6t med to st\u00f8rrelser. Kurvene har et farvet m\u00f8nster med farverne sort r\u00f8d, gul og natur, og giver dig","robots":{"index":"index","follow":"follow","max-snippet":"max-snippet:-1","max-image-preview":"max-image-preview:large","max-video-preview":"max-video-preview:-1"},"canonical":"https:\/\/hubsch-interior.com\/da\/wp-json\/wp\/v2\/product\/391699","og_locale":"da_DK","og_type":"article","og_title":"Vertigo Kurve \u00a0Flerfarvet (s\u00e6t af 2) - H\u00fcbsch","og_description":"Disse kurve er lavet af papirgarn og f\u00e5s i et s\u00e6t med to st\u00f8rrelser. Kurvene har et farvet m\u00f8nster med farverne sort r\u00f8d, gul og natur, og giver dig","og_url":"https:\/\/hubsch-interior.com\/da\/vare\/vertigo-kurve-flerfarvet-saet-af-2\/","og_site_name":"H\u00fcbsch","article_modified_time":"2026-04-05T02:35:10+00:00","og_image":[{"width":1200,"height":1200,"url":"https:\/\/hubsch-interior.com\/wp-content\/uploads\/2024\/06\/vertigo-baskets-multicolour-set-of-2-8bf3be48191a72ddad4514d44313f45c.jpg","type":"image\/jpeg"}],"twitter_card":"summary_large_image","schema":{"@context":"https:\/\/schema.org","@graph":[{"@type":"WebPage","@id":"https:\/\/hubsch-interior.com\/da\/vare\/vertigo-kurve-flerfarvet-saet-af-2\/","url":"https:\/\/hubsch-interior.com\/da\/vare\/vertigo-kurve-flerfarvet-saet-af-2\/","name":"Vertigo Kurve \u00a0Flerfarvet (s\u00e6t af 2) - H\u00fcbsch","isPartOf":{"@id":"https:\/\/hubsch-interior.com\/da\/#website"},"primaryImageOfPage":{"@id":"https:\/\/hubsch-interior.com\/da\/vare\/vertigo-kurve-flerfarvet-saet-af-2\/#primaryimage"},"image":{"@id":"https:\/\/hubsch-interior.com\/da\/vare\/vertigo-kurve-flerfarvet-saet-af-2\/#primaryimage"},"thumbnailUrl":"https:\/\/hubsch-interior.com\/wp-content\/uploads\/2026\/02\/vertigo-baskets-multicolour-set-of-2-fe8bb26269ac35cdfa8a0c34f4e9c61b.jpg","datePublished":"2021-06-04T07:57:37+00:00","dateModified":"2026-04-05T02:35:10+00:00","description":"Disse kurve er lavet af papirgarn og f\u00e5s i et s\u00e6t med to st\u00f8rrelser. Kurvene har et farvet m\u00f8nster med farverne sort r\u00f8d, gul og natur, og giver dig","breadcrumb":{"@id":"https:\/\/hubsch-interior.com\/da\/vare\/vertigo-kurve-flerfarvet-saet-af-2\/#breadcrumb"},"inLanguage":"da-DK","potentialAction":[{"@type":"ReadAction","target":["https:\/\/hubsch-interior.com\/da\/vare\/vertigo-kurve-flerfarvet-saet-af-2\/"]}]},{"@type":"ImageObject","inLanguage":"da-DK","@id":"https:\/\/hubsch-interior.com\/da\/vare\/vertigo-kurve-flerfarvet-saet-af-2\/#primaryimage","url":"https:\/\/hubsch-interior.com\/wp-content\/uploads\/2026\/02\/vertigo-baskets-multicolour-set-of-2-fe8bb26269ac35cdfa8a0c34f4e9c61b.jpg","contentUrl":"https:\/\/hubsch-interior.com\/wp-content\/uploads\/2026\/02\/vertigo-baskets-multicolour-set-of-2-fe8bb26269ac35cdfa8a0c34f4e9c61b.jpg","width":1024,"height":1024},{"@type":"BreadcrumbList","@id":"https:\/\/hubsch-interior.com\/da\/vare\/vertigo-kurve-flerfarvet-saet-af-2\/#breadcrumb","itemListElement":[{"@type":"ListItem","position":1,"name":"Forside","item":"https:\/\/hubsch-interior.com\/da\/"},{"@type":"ListItem","position":2,"name":"Produkter","item":"https:\/\/hubsch-interior.com\/da\/produkter\/"},{"@type":"ListItem","position":3,"name":"Boligtilbeh\u00f8r","item":"https:\/\/hubsch-interior.com\/da\/vare-kategori\/boligtilbehor\/"},{"@type":"ListItem","position":4,"name":"Opbevaring","item":"https:\/\/hubsch-interior.com\/da\/vare-kategori\/boligtilbehor\/opbevaring-da\/"},{"@type":"ListItem","position":5,"name":"Kurve","item":"https:\/\/hubsch-interior.com\/da\/vare-kategori\/boligtilbehor\/opbevaring-da\/kurve-da\/"},{"@type":"ListItem","position":6,"name":"Vertigo Kurve \u00a0Flerfarvet (s\u00e6t af 2)"}]},{"@type":"WebSite","@id":"https:\/\/hubsch-interior.com\/da\/#website","url":"https:\/\/hubsch-interior.com\/da\/","name":"H\u00fcbsch","description":"Danish Home Interior and Design","publisher":{"@id":"https:\/\/hubsch-interior.com\/da\/#organization"},"potentialAction":[{"@type":"SearchAction","target":{"@type":"EntryPoint","urlTemplate":"https:\/\/hubsch-interior.com\/da\/?s={search_term_string}"},"query-input":{"@type":"PropertyValueSpecification","valueRequired":true,"valueName":"search_term_string"}}],"inLanguage":"da-DK"},{"@type":"Organization","@id":"https:\/\/hubsch-interior.com\/da\/#organization","name":"H\u00fcbsch","url":"https:\/\/hubsch-interior.com\/da\/","logo":{"@type":"ImageObject","inLanguage":"da-DK","@id":"https:\/\/hubsch-interior.com\/da\/#\/schema\/logo\/image\/","url":"https:\/\/hubsch-interior.com\/wp-content\/uploads\/2022\/12\/Hubsch_logo_black_one_line.svg","contentUrl":"https:\/\/hubsch-interior.com\/wp-content\/uploads\/2022\/12\/Hubsch_logo_black_one_line.svg","caption":"H\u00fcbsch"},"image":{"@id":"https:\/\/hubsch-interior.com\/da\/#\/schema\/logo\/image\/"}}]}},"_links":{"self":[{"href":"https:\/\/hubsch-interior.com\/da\/wp-json\/wp\/v2\/product\/391699","targetHints":{"allow":["GET"]}}],"collection":[{"href":"https:\/\/hubsch-interior.com\/da\/wp-json\/wp\/v2\/product"}],"about":[{"href":"https:\/\/hubsch-interior.com\/da\/wp-json\/wp\/v2\/types\/product"}],"wp:featuredmedia":[{"embeddable":true,"href":"https:\/\/hubsch-interior.com\/da\/wp-json\/wp\/v2\/media\/1098281"}],"wp:attachment":[{"href":"https:\/\/hubsch-interior.com\/da\/wp-json\/wp\/v2\/media?parent=391699"}],"wp:term":[{"taxonomy":"product_brand","embeddable":true,"href":"https:\/\/hubsch-interior.com\/da\/wp-json\/wp\/v2\/product_brand?post=391699"},{"taxonomy":"product_cat","embeddable":true,"href":"https:\/\/hubsch-interior.com\/da\/wp-json\/wp\/v2\/product_cat?post=391699"},{"taxonomy":"product_tag","embeddable":true,"href":"https:\/\/hubsch-interior.com\/da\/wp-json\/wp\/v2\/product_tag?post=391699"}],"curies":[{"name":"wp","href":"https:\/\/api.w.org\/{rel}","templated":true}]}}