{"id":39201,"date":"2020-12-15T09:46:45","date_gmt":"2020-12-15T08:46:45","guid":{"rendered":"https:\/\/hubsch-interior.com\/product\/product-4\/"},"modified":"2026-04-09T04:46:28","modified_gmt":"2026-04-09T02:46:28","slug":"herringbone-konsolbord-sliding-doors-natur","status":"publish","type":"product","link":"https:\/\/hubsch-interior.com\/da\/vare\/herringbone-konsolbord-sliding-doors-natur\/","title":{"rendered":"Herringbone Konsolbord Sliding Doors Natur"},"content":{"rendered":"<p>Herringbone Konsolbordet er lavet af FSC certificeret egetr\u00e6 og eg-veneer, og har skydel\u00e5ger, som giver et eksklusivt og moderne udseende. Konsolbordet har et stilrent design og er velegnet til b\u00e5de det moderne og klassiske hjem. Med sine skydel\u00e5ger er den ogs\u00e5 praktisk og nem at bruge, da den giver dig ekstra opbevaringsplads. Bordet er lavet i Natur og vil passe perfekt ind i ethvert rum. Det er et luksuri\u00f8st og tidl\u00f8st m\u00f8bel, som vil bringe det moderne og klassiske hjem sammen.<\/p>\n","protected":false},"excerpt":{"rendered":"<p>Herringbone Konsolbordet er lavet af FSC certificeret egetr\u00e6 og eg-veneer, og har skydel\u00e5ger, som giver et eksklusivt og moderne udseende. Konsolbordet har et stilrent design og er velegnet til b\u00e5de det moderne og klassiske hjem. Med sine skydel\u00e5ger er den ogs\u00e5 praktisk og nem at bruge, da den giver dig ekstra opbevaringsplads. Bordet er lavet [&hellip;]<\/p>\n","protected":false},"featured_media":1101433,"template":"","meta":{"_acf_changed":false,"inline_featured_image":false},"product_brand":[],"product_cat":[5025,6321,4919,3999,5029],"product_tag":[],"class_list":{"0":"post-39201","1":"product","2":"type-product","3":"status-publish","4":"has-post-thumbnail","6":"product_cat-bestsellers-da","7":"product_cat-fsc-da","8":"product_cat-kommoder-skaenke-da","9":"product_cat-reoler-opbevaring-da","10":"product_cat-tilbage-paa-lager-da","11":"product_shipping_class-p05","13":"pa_color-natur-2","14":"pa_material-egetr","15":"pa_material-egetrsfiner","16":"pa_material-mdf-da","18":"first","19":"instock","20":"featured","21":"taxable","22":"shipping-taxable","23":"purchasable","24":"product-type-simple"},"exclude_global_add_ons":[],"addons":[],"acf":[],"yoast_head":"<!-- This site is optimized with the Yoast SEO plugin v26.4 - https:\/\/yoast.com\/wordpress\/plugins\/seo\/ -->\n<title>Herringbone Konsolbord Sliding Doors Natur - H\u00fcbsch<\/title>\n<meta name=\"description\" content=\"Herringbone Konsolbordet er lavet af FSC certificeret egetr\u00e6 og eg-veneer, og har skydel\u00e5ger, som giver et eksklusivt og moderne udseende. Konsolbordet\" \/>\n<meta name=\"robots\" content=\"index, follow, max-snippet:-1, max-image-preview:large, max-video-preview:-1\" \/>\n<link rel=\"canonical\" href=\"https:\/\/hubsch-interior.com\/da\/wp-json\/wp\/v2\/product\/39201\" \/>\n<meta property=\"og:locale\" content=\"da_DK\" \/>\n<meta property=\"og:type\" content=\"article\" \/>\n<meta property=\"og:title\" content=\"Herringbone Konsolbord Sliding Doors Natur - H\u00fcbsch\" \/>\n<meta property=\"og:description\" content=\"Herringbone Konsolbordet er lavet af FSC certificeret egetr\u00e6 og eg-veneer, og har skydel\u00e5ger, som giver et eksklusivt og moderne udseende. Konsolbordet\" \/>\n<meta property=\"og:url\" content=\"https:\/\/hubsch-interior.com\/da\/vare\/herringbone-konsolbord-sliding-doors-natur\/\" \/>\n<meta property=\"og:site_name\" content=\"H\u00fcbsch\" \/>\n<meta property=\"article:modified_time\" content=\"2026-04-09T02:46:28+00:00\" \/>\n<meta property=\"og:image\" content=\"https:\/\/hubsch-interior.com\/wp-content\/uploads\/2024\/03\/herringbone-console-table-sliding-doors-natural-37d69bbac908c46f18d24eceefbcca22.jpg\" \/>\n\t<meta property=\"og:image:width\" content=\"1200\" \/>\n\t<meta property=\"og:image:height\" content=\"1200\" \/>\n\t<meta property=\"og:image:type\" content=\"image\/jpeg\" \/>\n<meta name=\"twitter:card\" content=\"summary_large_image\" \/>\n<script type=\"application\/ld+json\" class=\"yoast-schema-graph\">{\"@context\":\"https:\/\/schema.org\",\"@graph\":[{\"@type\":\"WebPage\",\"@id\":\"https:\/\/hubsch-interior.com\/da\/vare\/herringbone-konsolbord-sliding-doors-natur\/\",\"url\":\"https:\/\/hubsch-interior.com\/da\/vare\/herringbone-konsolbord-sliding-doors-natur\/\",\"name\":\"Herringbone Konsolbord Sliding Doors Natur - H\u00fcbsch\",\"isPartOf\":{\"@id\":\"https:\/\/hubsch-interior.com\/da\/#website\"},\"primaryImageOfPage\":{\"@id\":\"https:\/\/hubsch-interior.com\/da\/vare\/herringbone-konsolbord-sliding-doors-natur\/#primaryimage\"},\"image\":{\"@id\":\"https:\/\/hubsch-interior.com\/da\/vare\/herringbone-konsolbord-sliding-doors-natur\/#primaryimage\"},\"thumbnailUrl\":\"https:\/\/hubsch-interior.com\/wp-content\/uploads\/2026\/02\/herringbone-console-table-sliding-doors-natural-6323325b96f50a3ef4490f0cddf44e37.jpg\",\"datePublished\":\"2020-12-15T08:46:45+00:00\",\"dateModified\":\"2026-04-09T02:46:28+00:00\",\"description\":\"Herringbone Konsolbordet er lavet af FSC certificeret egetr\u00e6 og eg-veneer, og har skydel\u00e5ger, som giver et eksklusivt og moderne udseende. Konsolbordet\",\"breadcrumb\":{\"@id\":\"https:\/\/hubsch-interior.com\/da\/vare\/herringbone-konsolbord-sliding-doors-natur\/#breadcrumb\"},\"inLanguage\":\"da-DK\",\"potentialAction\":[{\"@type\":\"ReadAction\",\"target\":[\"https:\/\/hubsch-interior.com\/da\/vare\/herringbone-konsolbord-sliding-doors-natur\/\"]}]},{\"@type\":\"ImageObject\",\"inLanguage\":\"da-DK\",\"@id\":\"https:\/\/hubsch-interior.com\/da\/vare\/herringbone-konsolbord-sliding-doors-natur\/#primaryimage\",\"url\":\"https:\/\/hubsch-interior.com\/wp-content\/uploads\/2026\/02\/herringbone-console-table-sliding-doors-natural-6323325b96f50a3ef4490f0cddf44e37.jpg\",\"contentUrl\":\"https:\/\/hubsch-interior.com\/wp-content\/uploads\/2026\/02\/herringbone-console-table-sliding-doors-natural-6323325b96f50a3ef4490f0cddf44e37.jpg\",\"width\":1024,\"height\":1024},{\"@type\":\"BreadcrumbList\",\"@id\":\"https:\/\/hubsch-interior.com\/da\/vare\/herringbone-konsolbord-sliding-doors-natur\/#breadcrumb\",\"itemListElement\":[{\"@type\":\"ListItem\",\"position\":1,\"name\":\"Forside\",\"item\":\"https:\/\/hubsch-interior.com\/da\/\"},{\"@type\":\"ListItem\",\"position\":2,\"name\":\"Produkter\",\"item\":\"https:\/\/hubsch-interior.com\/da\/produkter\/\"},{\"@type\":\"ListItem\",\"position\":3,\"name\":\"M\u00f8bler\",\"item\":\"https:\/\/hubsch-interior.com\/da\/vare-kategori\/mobler\/\"},{\"@type\":\"ListItem\",\"position\":4,\"name\":\"Reoler &amp; opbevaring\",\"item\":\"https:\/\/hubsch-interior.com\/da\/vare-kategori\/mobler\/reoler-opbevaring-da\/\"},{\"@type\":\"ListItem\",\"position\":5,\"name\":\"Kommoder &amp; sk&aelig;nke\",\"item\":\"https:\/\/hubsch-interior.com\/da\/vare-kategori\/mobler\/reoler-opbevaring-da\/kommoder-skaenke-da\/\"},{\"@type\":\"ListItem\",\"position\":6,\"name\":\"Herringbone Konsolbord Sliding Doors Natur\"}]},{\"@type\":\"WebSite\",\"@id\":\"https:\/\/hubsch-interior.com\/da\/#website\",\"url\":\"https:\/\/hubsch-interior.com\/da\/\",\"name\":\"H\u00fcbsch\",\"description\":\"Danish Home Interior and Design\",\"publisher\":{\"@id\":\"https:\/\/hubsch-interior.com\/da\/#organization\"},\"potentialAction\":[{\"@type\":\"SearchAction\",\"target\":{\"@type\":\"EntryPoint\",\"urlTemplate\":\"https:\/\/hubsch-interior.com\/da\/?s={search_term_string}\"},\"query-input\":{\"@type\":\"PropertyValueSpecification\",\"valueRequired\":true,\"valueName\":\"search_term_string\"}}],\"inLanguage\":\"da-DK\"},{\"@type\":\"Organization\",\"@id\":\"https:\/\/hubsch-interior.com\/da\/#organization\",\"name\":\"H\u00fcbsch\",\"url\":\"https:\/\/hubsch-interior.com\/da\/\",\"logo\":{\"@type\":\"ImageObject\",\"inLanguage\":\"da-DK\",\"@id\":\"https:\/\/hubsch-interior.com\/da\/#\/schema\/logo\/image\/\",\"url\":\"https:\/\/hubsch-interior.com\/wp-content\/uploads\/2022\/12\/Hubsch_logo_black_one_line.svg\",\"contentUrl\":\"https:\/\/hubsch-interior.com\/wp-content\/uploads\/2022\/12\/Hubsch_logo_black_one_line.svg\",\"caption\":\"H\u00fcbsch\"},\"image\":{\"@id\":\"https:\/\/hubsch-interior.com\/da\/#\/schema\/logo\/image\/\"}}]}<\/script>\n<!-- \/ Yoast SEO plugin. -->","yoast_head_json":{"title":"Herringbone Konsolbord Sliding Doors Natur - H\u00fcbsch","description":"Herringbone Konsolbordet er lavet af FSC certificeret egetr\u00e6 og eg-veneer, og har skydel\u00e5ger, som giver et eksklusivt og moderne udseende. Konsolbordet","robots":{"index":"index","follow":"follow","max-snippet":"max-snippet:-1","max-image-preview":"max-image-preview:large","max-video-preview":"max-video-preview:-1"},"canonical":"https:\/\/hubsch-interior.com\/da\/wp-json\/wp\/v2\/product\/39201","og_locale":"da_DK","og_type":"article","og_title":"Herringbone Konsolbord Sliding Doors Natur - H\u00fcbsch","og_description":"Herringbone Konsolbordet er lavet af FSC certificeret egetr\u00e6 og eg-veneer, og har skydel\u00e5ger, som giver et eksklusivt og moderne udseende. Konsolbordet","og_url":"https:\/\/hubsch-interior.com\/da\/vare\/herringbone-konsolbord-sliding-doors-natur\/","og_site_name":"H\u00fcbsch","article_modified_time":"2026-04-09T02:46:28+00:00","og_image":[{"width":1200,"height":1200,"url":"https:\/\/hubsch-interior.com\/wp-content\/uploads\/2024\/03\/herringbone-console-table-sliding-doors-natural-37d69bbac908c46f18d24eceefbcca22.jpg","type":"image\/jpeg"}],"twitter_card":"summary_large_image","schema":{"@context":"https:\/\/schema.org","@graph":[{"@type":"WebPage","@id":"https:\/\/hubsch-interior.com\/da\/vare\/herringbone-konsolbord-sliding-doors-natur\/","url":"https:\/\/hubsch-interior.com\/da\/vare\/herringbone-konsolbord-sliding-doors-natur\/","name":"Herringbone Konsolbord Sliding Doors Natur - H\u00fcbsch","isPartOf":{"@id":"https:\/\/hubsch-interior.com\/da\/#website"},"primaryImageOfPage":{"@id":"https:\/\/hubsch-interior.com\/da\/vare\/herringbone-konsolbord-sliding-doors-natur\/#primaryimage"},"image":{"@id":"https:\/\/hubsch-interior.com\/da\/vare\/herringbone-konsolbord-sliding-doors-natur\/#primaryimage"},"thumbnailUrl":"https:\/\/hubsch-interior.com\/wp-content\/uploads\/2026\/02\/herringbone-console-table-sliding-doors-natural-6323325b96f50a3ef4490f0cddf44e37.jpg","datePublished":"2020-12-15T08:46:45+00:00","dateModified":"2026-04-09T02:46:28+00:00","description":"Herringbone Konsolbordet er lavet af FSC certificeret egetr\u00e6 og eg-veneer, og har skydel\u00e5ger, som giver et eksklusivt og moderne udseende. Konsolbordet","breadcrumb":{"@id":"https:\/\/hubsch-interior.com\/da\/vare\/herringbone-konsolbord-sliding-doors-natur\/#breadcrumb"},"inLanguage":"da-DK","potentialAction":[{"@type":"ReadAction","target":["https:\/\/hubsch-interior.com\/da\/vare\/herringbone-konsolbord-sliding-doors-natur\/"]}]},{"@type":"ImageObject","inLanguage":"da-DK","@id":"https:\/\/hubsch-interior.com\/da\/vare\/herringbone-konsolbord-sliding-doors-natur\/#primaryimage","url":"https:\/\/hubsch-interior.com\/wp-content\/uploads\/2026\/02\/herringbone-console-table-sliding-doors-natural-6323325b96f50a3ef4490f0cddf44e37.jpg","contentUrl":"https:\/\/hubsch-interior.com\/wp-content\/uploads\/2026\/02\/herringbone-console-table-sliding-doors-natural-6323325b96f50a3ef4490f0cddf44e37.jpg","width":1024,"height":1024},{"@type":"BreadcrumbList","@id":"https:\/\/hubsch-interior.com\/da\/vare\/herringbone-konsolbord-sliding-doors-natur\/#breadcrumb","itemListElement":[{"@type":"ListItem","position":1,"name":"Forside","item":"https:\/\/hubsch-interior.com\/da\/"},{"@type":"ListItem","position":2,"name":"Produkter","item":"https:\/\/hubsch-interior.com\/da\/produkter\/"},{"@type":"ListItem","position":3,"name":"M\u00f8bler","item":"https:\/\/hubsch-interior.com\/da\/vare-kategori\/mobler\/"},{"@type":"ListItem","position":4,"name":"Reoler &amp; opbevaring","item":"https:\/\/hubsch-interior.com\/da\/vare-kategori\/mobler\/reoler-opbevaring-da\/"},{"@type":"ListItem","position":5,"name":"Kommoder &amp; sk&aelig;nke","item":"https:\/\/hubsch-interior.com\/da\/vare-kategori\/mobler\/reoler-opbevaring-da\/kommoder-skaenke-da\/"},{"@type":"ListItem","position":6,"name":"Herringbone Konsolbord Sliding Doors Natur"}]},{"@type":"WebSite","@id":"https:\/\/hubsch-interior.com\/da\/#website","url":"https:\/\/hubsch-interior.com\/da\/","name":"H\u00fcbsch","description":"Danish Home Interior and Design","publisher":{"@id":"https:\/\/hubsch-interior.com\/da\/#organization"},"potentialAction":[{"@type":"SearchAction","target":{"@type":"EntryPoint","urlTemplate":"https:\/\/hubsch-interior.com\/da\/?s={search_term_string}"},"query-input":{"@type":"PropertyValueSpecification","valueRequired":true,"valueName":"search_term_string"}}],"inLanguage":"da-DK"},{"@type":"Organization","@id":"https:\/\/hubsch-interior.com\/da\/#organization","name":"H\u00fcbsch","url":"https:\/\/hubsch-interior.com\/da\/","logo":{"@type":"ImageObject","inLanguage":"da-DK","@id":"https:\/\/hubsch-interior.com\/da\/#\/schema\/logo\/image\/","url":"https:\/\/hubsch-interior.com\/wp-content\/uploads\/2022\/12\/Hubsch_logo_black_one_line.svg","contentUrl":"https:\/\/hubsch-interior.com\/wp-content\/uploads\/2022\/12\/Hubsch_logo_black_one_line.svg","caption":"H\u00fcbsch"},"image":{"@id":"https:\/\/hubsch-interior.com\/da\/#\/schema\/logo\/image\/"}}]}},"_links":{"self":[{"href":"https:\/\/hubsch-interior.com\/da\/wp-json\/wp\/v2\/product\/39201","targetHints":{"allow":["GET"]}}],"collection":[{"href":"https:\/\/hubsch-interior.com\/da\/wp-json\/wp\/v2\/product"}],"about":[{"href":"https:\/\/hubsch-interior.com\/da\/wp-json\/wp\/v2\/types\/product"}],"wp:featuredmedia":[{"embeddable":true,"href":"https:\/\/hubsch-interior.com\/da\/wp-json\/wp\/v2\/media\/1101433"}],"wp:attachment":[{"href":"https:\/\/hubsch-interior.com\/da\/wp-json\/wp\/v2\/media?parent=39201"}],"wp:term":[{"taxonomy":"product_brand","embeddable":true,"href":"https:\/\/hubsch-interior.com\/da\/wp-json\/wp\/v2\/product_brand?post=39201"},{"taxonomy":"product_cat","embeddable":true,"href":"https:\/\/hubsch-interior.com\/da\/wp-json\/wp\/v2\/product_cat?post=39201"},{"taxonomy":"product_tag","embeddable":true,"href":"https:\/\/hubsch-interior.com\/da\/wp-json\/wp\/v2\/product_tag?post=39201"}],"curies":[{"name":"wp","href":"https:\/\/api.w.org\/{rel}","templated":true}]}}