{"id":39209,"date":"2020-12-15T09:47:12","date_gmt":"2020-12-15T08:47:12","guid":{"rendered":"https:\/\/hubsch-interior.com\/product\/product-6\/"},"modified":"2026-04-09T04:47:02","modified_gmt":"2026-04-09T02:47:02","slug":"crescent-vaegspejl-oval-natur","status":"publish","type":"product","link":"https:\/\/hubsch-interior.com\/da\/vare\/crescent-vaegspejl-oval-natur\/","title":{"rendered":"Crescent V\u00e6gspejl Oval Natur"},"content":{"rendered":"<p>Crescent V\u00e6gspejl Oval Natur er den perfekte ting til at give et smukt touch til din bolig. Det er fremstillet af spejlv\u00e6g og egetr\u00e6sfiner, og det er FSC-certificeret for at sikre b\u00e6redygtig skovdrift. Spejlet er designet med et enkelt, elegant design, der passer ind i ethvert hjem. Det er kompakt og let nok til at h\u00e6nge p\u00e5 en v\u00e6g, og det vil v\u00e6re et smukt tilbeh\u00f8r til ethvert rum. Det er den perfekte l\u00f8sning til at give dit hjem et strejf af elegance.<\/p>\n","protected":false},"excerpt":{"rendered":"<p>Crescent V\u00e6gspejl Oval Natur er den perfekte ting til at give et smukt touch til din bolig. Det er fremstillet af spejlv\u00e6g og egetr\u00e6sfiner, og det er FSC-certificeret for at sikre b\u00e6redygtig skovdrift. Spejlet er designet med et enkelt, elegant design, der passer ind i ethvert hjem. Det er kompakt og let nok til at [&hellip;]<\/p>\n","protected":false},"featured_media":1101562,"template":"","meta":{"_acf_changed":false,"inline_featured_image":false},"product_brand":[],"product_cat":[6321,2921,2922],"product_tag":[],"class_list":{"0":"post-39209","1":"product","2":"type-product","3":"status-publish","4":"has-post-thumbnail","6":"product_cat-fsc-da","7":"product_cat-spejle-da","8":"product_cat-vaegspejle-da","9":"product_shipping_class-pk","11":"pa_color-natur-2","12":"pa_material-mdf-da","13":"pa_material-spejlglas","14":"pa_material-egetrsfiner","16":"first","17":"instock","18":"taxable","19":"shipping-taxable","20":"purchasable","21":"product-type-simple"},"exclude_global_add_ons":[],"addons":[],"acf":[],"yoast_head":"<!-- This site is optimized with the Yoast SEO plugin v26.4 - https:\/\/yoast.com\/wordpress\/plugins\/seo\/ -->\n<title>Crescent V\u00e6gspejl Oval Natur - H\u00fcbsch<\/title>\n<meta name=\"description\" content=\"Crescent V\u00e6gspejl Oval Natur er den perfekte ting til at give et smukt touch til din bolig. Det er fremstillet af spejlv\u00e6g og egetr\u00e6sfiner, og det er\" \/>\n<meta name=\"robots\" content=\"index, follow, max-snippet:-1, max-image-preview:large, max-video-preview:-1\" \/>\n<link rel=\"canonical\" href=\"https:\/\/hubsch-interior.com\/da\/wp-json\/wp\/v2\/product\/39209\" \/>\n<meta property=\"og:locale\" content=\"da_DK\" \/>\n<meta property=\"og:type\" content=\"article\" \/>\n<meta property=\"og:title\" content=\"Crescent V\u00e6gspejl Oval Natur - H\u00fcbsch\" \/>\n<meta property=\"og:description\" content=\"Crescent V\u00e6gspejl Oval Natur er den perfekte ting til at give et smukt touch til din bolig. Det er fremstillet af spejlv\u00e6g og egetr\u00e6sfiner, og det er\" \/>\n<meta property=\"og:url\" content=\"https:\/\/hubsch-interior.com\/da\/vare\/crescent-vaegspejl-oval-natur\/\" \/>\n<meta property=\"og:site_name\" content=\"H\u00fcbsch\" \/>\n<meta property=\"article:modified_time\" content=\"2026-04-09T02:47:02+00:00\" \/>\n<meta property=\"og:image\" content=\"https:\/\/hubsch-interior.com\/wp-content\/uploads\/2023\/08\/crescent-wall-mirror-oval-natural-275c972d6f11d39f300b194e22ed7bd5.jpg\" \/>\n\t<meta property=\"og:image:width\" content=\"1200\" \/>\n\t<meta property=\"og:image:height\" content=\"1200\" \/>\n\t<meta property=\"og:image:type\" content=\"image\/jpeg\" \/>\n<meta name=\"twitter:card\" content=\"summary_large_image\" \/>\n<script type=\"application\/ld+json\" class=\"yoast-schema-graph\">{\"@context\":\"https:\/\/schema.org\",\"@graph\":[{\"@type\":\"WebPage\",\"@id\":\"https:\/\/hubsch-interior.com\/da\/vare\/crescent-vaegspejl-oval-natur\/\",\"url\":\"https:\/\/hubsch-interior.com\/da\/vare\/crescent-vaegspejl-oval-natur\/\",\"name\":\"Crescent V\u00e6gspejl Oval Natur - H\u00fcbsch\",\"isPartOf\":{\"@id\":\"https:\/\/hubsch-interior.com\/da\/#website\"},\"primaryImageOfPage\":{\"@id\":\"https:\/\/hubsch-interior.com\/da\/vare\/crescent-vaegspejl-oval-natur\/#primaryimage\"},\"image\":{\"@id\":\"https:\/\/hubsch-interior.com\/da\/vare\/crescent-vaegspejl-oval-natur\/#primaryimage\"},\"thumbnailUrl\":\"https:\/\/hubsch-interior.com\/wp-content\/uploads\/2026\/02\/crescent-wall-mirror-oval-natural-0860b09df251f107740359dd9cbf1f3b.jpg\",\"datePublished\":\"2020-12-15T08:47:12+00:00\",\"dateModified\":\"2026-04-09T02:47:02+00:00\",\"description\":\"Crescent V\u00e6gspejl Oval Natur er den perfekte ting til at give et smukt touch til din bolig. Det er fremstillet af spejlv\u00e6g og egetr\u00e6sfiner, og det er\",\"breadcrumb\":{\"@id\":\"https:\/\/hubsch-interior.com\/da\/vare\/crescent-vaegspejl-oval-natur\/#breadcrumb\"},\"inLanguage\":\"da-DK\",\"potentialAction\":[{\"@type\":\"ReadAction\",\"target\":[\"https:\/\/hubsch-interior.com\/da\/vare\/crescent-vaegspejl-oval-natur\/\"]}]},{\"@type\":\"ImageObject\",\"inLanguage\":\"da-DK\",\"@id\":\"https:\/\/hubsch-interior.com\/da\/vare\/crescent-vaegspejl-oval-natur\/#primaryimage\",\"url\":\"https:\/\/hubsch-interior.com\/wp-content\/uploads\/2026\/02\/crescent-wall-mirror-oval-natural-0860b09df251f107740359dd9cbf1f3b.jpg\",\"contentUrl\":\"https:\/\/hubsch-interior.com\/wp-content\/uploads\/2026\/02\/crescent-wall-mirror-oval-natural-0860b09df251f107740359dd9cbf1f3b.jpg\",\"width\":1024,\"height\":1024},{\"@type\":\"BreadcrumbList\",\"@id\":\"https:\/\/hubsch-interior.com\/da\/vare\/crescent-vaegspejl-oval-natur\/#breadcrumb\",\"itemListElement\":[{\"@type\":\"ListItem\",\"position\":1,\"name\":\"Forside\",\"item\":\"https:\/\/hubsch-interior.com\/da\/\"},{\"@type\":\"ListItem\",\"position\":2,\"name\":\"Produkter\",\"item\":\"https:\/\/hubsch-interior.com\/da\/produkter\/\"},{\"@type\":\"ListItem\",\"position\":3,\"name\":\"Boligtilbeh\u00f8r\",\"item\":\"https:\/\/hubsch-interior.com\/da\/vare-kategori\/boligtilbehor\/\"},{\"@type\":\"ListItem\",\"position\":4,\"name\":\"Spejle\",\"item\":\"https:\/\/hubsch-interior.com\/da\/vare-kategori\/boligtilbehor\/spejle-da\/\"},{\"@type\":\"ListItem\",\"position\":5,\"name\":\"V&aelig;gspejle\",\"item\":\"https:\/\/hubsch-interior.com\/da\/vare-kategori\/boligtilbehor\/spejle-da\/vaegspejle-da\/\"},{\"@type\":\"ListItem\",\"position\":6,\"name\":\"Crescent V\u00e6gspejl Oval Natur\"}]},{\"@type\":\"WebSite\",\"@id\":\"https:\/\/hubsch-interior.com\/da\/#website\",\"url\":\"https:\/\/hubsch-interior.com\/da\/\",\"name\":\"H\u00fcbsch\",\"description\":\"Danish Home Interior and Design\",\"publisher\":{\"@id\":\"https:\/\/hubsch-interior.com\/da\/#organization\"},\"potentialAction\":[{\"@type\":\"SearchAction\",\"target\":{\"@type\":\"EntryPoint\",\"urlTemplate\":\"https:\/\/hubsch-interior.com\/da\/?s={search_term_string}\"},\"query-input\":{\"@type\":\"PropertyValueSpecification\",\"valueRequired\":true,\"valueName\":\"search_term_string\"}}],\"inLanguage\":\"da-DK\"},{\"@type\":\"Organization\",\"@id\":\"https:\/\/hubsch-interior.com\/da\/#organization\",\"name\":\"H\u00fcbsch\",\"url\":\"https:\/\/hubsch-interior.com\/da\/\",\"logo\":{\"@type\":\"ImageObject\",\"inLanguage\":\"da-DK\",\"@id\":\"https:\/\/hubsch-interior.com\/da\/#\/schema\/logo\/image\/\",\"url\":\"https:\/\/hubsch-interior.com\/wp-content\/uploads\/2022\/12\/Hubsch_logo_black_one_line.svg\",\"contentUrl\":\"https:\/\/hubsch-interior.com\/wp-content\/uploads\/2022\/12\/Hubsch_logo_black_one_line.svg\",\"caption\":\"H\u00fcbsch\"},\"image\":{\"@id\":\"https:\/\/hubsch-interior.com\/da\/#\/schema\/logo\/image\/\"}}]}<\/script>\n<!-- \/ Yoast SEO plugin. -->","yoast_head_json":{"title":"Crescent V\u00e6gspejl Oval Natur - H\u00fcbsch","description":"Crescent V\u00e6gspejl Oval Natur er den perfekte ting til at give et smukt touch til din bolig. Det er fremstillet af spejlv\u00e6g og egetr\u00e6sfiner, og det er","robots":{"index":"index","follow":"follow","max-snippet":"max-snippet:-1","max-image-preview":"max-image-preview:large","max-video-preview":"max-video-preview:-1"},"canonical":"https:\/\/hubsch-interior.com\/da\/wp-json\/wp\/v2\/product\/39209","og_locale":"da_DK","og_type":"article","og_title":"Crescent V\u00e6gspejl Oval Natur - H\u00fcbsch","og_description":"Crescent V\u00e6gspejl Oval Natur er den perfekte ting til at give et smukt touch til din bolig. Det er fremstillet af spejlv\u00e6g og egetr\u00e6sfiner, og det er","og_url":"https:\/\/hubsch-interior.com\/da\/vare\/crescent-vaegspejl-oval-natur\/","og_site_name":"H\u00fcbsch","article_modified_time":"2026-04-09T02:47:02+00:00","og_image":[{"width":1200,"height":1200,"url":"https:\/\/hubsch-interior.com\/wp-content\/uploads\/2023\/08\/crescent-wall-mirror-oval-natural-275c972d6f11d39f300b194e22ed7bd5.jpg","type":"image\/jpeg"}],"twitter_card":"summary_large_image","schema":{"@context":"https:\/\/schema.org","@graph":[{"@type":"WebPage","@id":"https:\/\/hubsch-interior.com\/da\/vare\/crescent-vaegspejl-oval-natur\/","url":"https:\/\/hubsch-interior.com\/da\/vare\/crescent-vaegspejl-oval-natur\/","name":"Crescent V\u00e6gspejl Oval Natur - H\u00fcbsch","isPartOf":{"@id":"https:\/\/hubsch-interior.com\/da\/#website"},"primaryImageOfPage":{"@id":"https:\/\/hubsch-interior.com\/da\/vare\/crescent-vaegspejl-oval-natur\/#primaryimage"},"image":{"@id":"https:\/\/hubsch-interior.com\/da\/vare\/crescent-vaegspejl-oval-natur\/#primaryimage"},"thumbnailUrl":"https:\/\/hubsch-interior.com\/wp-content\/uploads\/2026\/02\/crescent-wall-mirror-oval-natural-0860b09df251f107740359dd9cbf1f3b.jpg","datePublished":"2020-12-15T08:47:12+00:00","dateModified":"2026-04-09T02:47:02+00:00","description":"Crescent V\u00e6gspejl Oval Natur er den perfekte ting til at give et smukt touch til din bolig. Det er fremstillet af spejlv\u00e6g og egetr\u00e6sfiner, og det er","breadcrumb":{"@id":"https:\/\/hubsch-interior.com\/da\/vare\/crescent-vaegspejl-oval-natur\/#breadcrumb"},"inLanguage":"da-DK","potentialAction":[{"@type":"ReadAction","target":["https:\/\/hubsch-interior.com\/da\/vare\/crescent-vaegspejl-oval-natur\/"]}]},{"@type":"ImageObject","inLanguage":"da-DK","@id":"https:\/\/hubsch-interior.com\/da\/vare\/crescent-vaegspejl-oval-natur\/#primaryimage","url":"https:\/\/hubsch-interior.com\/wp-content\/uploads\/2026\/02\/crescent-wall-mirror-oval-natural-0860b09df251f107740359dd9cbf1f3b.jpg","contentUrl":"https:\/\/hubsch-interior.com\/wp-content\/uploads\/2026\/02\/crescent-wall-mirror-oval-natural-0860b09df251f107740359dd9cbf1f3b.jpg","width":1024,"height":1024},{"@type":"BreadcrumbList","@id":"https:\/\/hubsch-interior.com\/da\/vare\/crescent-vaegspejl-oval-natur\/#breadcrumb","itemListElement":[{"@type":"ListItem","position":1,"name":"Forside","item":"https:\/\/hubsch-interior.com\/da\/"},{"@type":"ListItem","position":2,"name":"Produkter","item":"https:\/\/hubsch-interior.com\/da\/produkter\/"},{"@type":"ListItem","position":3,"name":"Boligtilbeh\u00f8r","item":"https:\/\/hubsch-interior.com\/da\/vare-kategori\/boligtilbehor\/"},{"@type":"ListItem","position":4,"name":"Spejle","item":"https:\/\/hubsch-interior.com\/da\/vare-kategori\/boligtilbehor\/spejle-da\/"},{"@type":"ListItem","position":5,"name":"V&aelig;gspejle","item":"https:\/\/hubsch-interior.com\/da\/vare-kategori\/boligtilbehor\/spejle-da\/vaegspejle-da\/"},{"@type":"ListItem","position":6,"name":"Crescent V\u00e6gspejl Oval Natur"}]},{"@type":"WebSite","@id":"https:\/\/hubsch-interior.com\/da\/#website","url":"https:\/\/hubsch-interior.com\/da\/","name":"H\u00fcbsch","description":"Danish Home Interior and Design","publisher":{"@id":"https:\/\/hubsch-interior.com\/da\/#organization"},"potentialAction":[{"@type":"SearchAction","target":{"@type":"EntryPoint","urlTemplate":"https:\/\/hubsch-interior.com\/da\/?s={search_term_string}"},"query-input":{"@type":"PropertyValueSpecification","valueRequired":true,"valueName":"search_term_string"}}],"inLanguage":"da-DK"},{"@type":"Organization","@id":"https:\/\/hubsch-interior.com\/da\/#organization","name":"H\u00fcbsch","url":"https:\/\/hubsch-interior.com\/da\/","logo":{"@type":"ImageObject","inLanguage":"da-DK","@id":"https:\/\/hubsch-interior.com\/da\/#\/schema\/logo\/image\/","url":"https:\/\/hubsch-interior.com\/wp-content\/uploads\/2022\/12\/Hubsch_logo_black_one_line.svg","contentUrl":"https:\/\/hubsch-interior.com\/wp-content\/uploads\/2022\/12\/Hubsch_logo_black_one_line.svg","caption":"H\u00fcbsch"},"image":{"@id":"https:\/\/hubsch-interior.com\/da\/#\/schema\/logo\/image\/"}}]}},"_links":{"self":[{"href":"https:\/\/hubsch-interior.com\/da\/wp-json\/wp\/v2\/product\/39209","targetHints":{"allow":["GET"]}}],"collection":[{"href":"https:\/\/hubsch-interior.com\/da\/wp-json\/wp\/v2\/product"}],"about":[{"href":"https:\/\/hubsch-interior.com\/da\/wp-json\/wp\/v2\/types\/product"}],"wp:featuredmedia":[{"embeddable":true,"href":"https:\/\/hubsch-interior.com\/da\/wp-json\/wp\/v2\/media\/1101562"}],"wp:attachment":[{"href":"https:\/\/hubsch-interior.com\/da\/wp-json\/wp\/v2\/media?parent=39209"}],"wp:term":[{"taxonomy":"product_brand","embeddable":true,"href":"https:\/\/hubsch-interior.com\/da\/wp-json\/wp\/v2\/product_brand?post=39209"},{"taxonomy":"product_cat","embeddable":true,"href":"https:\/\/hubsch-interior.com\/da\/wp-json\/wp\/v2\/product_cat?post=39209"},{"taxonomy":"product_tag","embeddable":true,"href":"https:\/\/hubsch-interior.com\/da\/wp-json\/wp\/v2\/product_tag?post=39209"}],"curies":[{"name":"wp","href":"https:\/\/api.w.org\/{rel}","templated":true}]}}