{"id":392287,"date":"2021-06-04T10:00:06","date_gmt":"2021-06-04T08:00:06","guid":{"rendered":"https:\/\/hubsch-interior.com\/shop-b2c\/product\/product-6\/"},"modified":"2026-04-10T04:36:38","modified_gmt":"2026-04-10T02:36:38","slug":"true-vase-large-gra","status":"publish","type":"product","link":"https:\/\/hubsch-interior.com\/da\/vare\/true-vase-large-gra\/","title":{"rendered":"True Vase Large Gr\u00e5"},"content":{"rendered":"<p>Denne smukke glas vase i r\u00f8get glas har et tidl\u00f8s design og et elegant udtryk. Vasen passer til et moderne og klassisk interi\u00f8r. Placer vasen p\u00e5 sofabordet eller kommoden med eller uden blomst i. Dette produkt er h\u00e5ndlavet og kan derfor variere.<\/p>\n","protected":false},"excerpt":{"rendered":"<p>Denne smukke glas vase i r\u00f8get glas har et tidl\u00f8s design og et elegant udtryk. Vasen passer til et moderne og klassisk interi\u00f8r. Placer vasen p\u00e5 sofabordet eller kommoden med eller uden blomst i. Dette produkt er h\u00e5ndlavet og kan derfor variere.<\/p>\n","protected":false},"featured_media":1098661,"template":"","meta":{"_acf_changed":false,"inline_featured_image":false},"product_brand":[],"product_cat":[3152,5025],"product_tag":[],"class_list":{"0":"post-392287","1":"product","2":"type-product","3":"status-publish","4":"has-post-thumbnail","6":"product_cat-vaser-da","7":"product_cat-bestsellers-da","8":"product_shipping_class-pk","10":"pa_color-gr","11":"pa_material-glas-da","13":"first","14":"instock","15":"featured","16":"taxable","17":"shipping-taxable","18":"purchasable","19":"product-type-simple"},"exclude_global_add_ons":[],"addons":[],"acf":[],"yoast_head":"<!-- This site is optimized with the Yoast SEO plugin v26.4 - https:\/\/yoast.com\/wordpress\/plugins\/seo\/ -->\n<title>True Vase Large Gr\u00e5 - H\u00fcbsch<\/title>\n<meta name=\"description\" content=\"Denne smukke glas vase i r\u00f8get glas har et tidl\u00f8s design og et elegant udtryk. Vasen passer til et moderne og klassisk interi\u00f8r. Placer vasen p\u00e5\" \/>\n<meta name=\"robots\" content=\"index, follow, max-snippet:-1, max-image-preview:large, max-video-preview:-1\" \/>\n<link rel=\"canonical\" href=\"https:\/\/hubsch-interior.com\/da\/wp-json\/wp\/v2\/product\/392287\" \/>\n<meta property=\"og:locale\" content=\"da_DK\" \/>\n<meta property=\"og:type\" content=\"article\" \/>\n<meta property=\"og:title\" content=\"True Vase Large Gr\u00e5 - H\u00fcbsch\" \/>\n<meta property=\"og:description\" content=\"Denne smukke glas vase i r\u00f8get glas har et tidl\u00f8s design og et elegant udtryk. Vasen passer til et moderne og klassisk interi\u00f8r. Placer vasen p\u00e5\" \/>\n<meta property=\"og:url\" content=\"https:\/\/hubsch-interior.com\/da\/vare\/true-vase-large-gra\/\" \/>\n<meta property=\"og:site_name\" content=\"H\u00fcbsch\" \/>\n<meta property=\"article:modified_time\" content=\"2026-04-10T02:36:38+00:00\" \/>\n<meta property=\"og:image\" content=\"https:\/\/hubsch-interior.com\/wp-content\/uploads\/2025\/05\/true-vase-large-grey-2642a6a1f78f7c781972f4bd84d27ce1.jpg\" \/>\n\t<meta property=\"og:image:width\" content=\"1200\" \/>\n\t<meta property=\"og:image:height\" content=\"1200\" \/>\n\t<meta property=\"og:image:type\" content=\"image\/jpeg\" \/>\n<meta name=\"twitter:card\" content=\"summary_large_image\" \/>\n<script type=\"application\/ld+json\" class=\"yoast-schema-graph\">{\"@context\":\"https:\/\/schema.org\",\"@graph\":[{\"@type\":\"WebPage\",\"@id\":\"https:\/\/hubsch-interior.com\/da\/vare\/true-vase-large-gra\/\",\"url\":\"https:\/\/hubsch-interior.com\/da\/vare\/true-vase-large-gra\/\",\"name\":\"True Vase Large Gr\u00e5 - H\u00fcbsch\",\"isPartOf\":{\"@id\":\"https:\/\/hubsch-interior.com\/da\/#website\"},\"primaryImageOfPage\":{\"@id\":\"https:\/\/hubsch-interior.com\/da\/vare\/true-vase-large-gra\/#primaryimage\"},\"image\":{\"@id\":\"https:\/\/hubsch-interior.com\/da\/vare\/true-vase-large-gra\/#primaryimage\"},\"thumbnailUrl\":\"https:\/\/hubsch-interior.com\/wp-content\/uploads\/2026\/02\/true-vase-large-grey-d06d0035e8ca30794dfa86aadd3c4e0e.jpg\",\"datePublished\":\"2021-06-04T08:00:06+00:00\",\"dateModified\":\"2026-04-10T02:36:38+00:00\",\"description\":\"Denne smukke glas vase i r\u00f8get glas har et tidl\u00f8s design og et elegant udtryk. Vasen passer til et moderne og klassisk interi\u00f8r. Placer vasen p\u00e5\",\"breadcrumb\":{\"@id\":\"https:\/\/hubsch-interior.com\/da\/vare\/true-vase-large-gra\/#breadcrumb\"},\"inLanguage\":\"da-DK\",\"potentialAction\":[{\"@type\":\"ReadAction\",\"target\":[\"https:\/\/hubsch-interior.com\/da\/vare\/true-vase-large-gra\/\"]}]},{\"@type\":\"ImageObject\",\"inLanguage\":\"da-DK\",\"@id\":\"https:\/\/hubsch-interior.com\/da\/vare\/true-vase-large-gra\/#primaryimage\",\"url\":\"https:\/\/hubsch-interior.com\/wp-content\/uploads\/2026\/02\/true-vase-large-grey-d06d0035e8ca30794dfa86aadd3c4e0e.jpg\",\"contentUrl\":\"https:\/\/hubsch-interior.com\/wp-content\/uploads\/2026\/02\/true-vase-large-grey-d06d0035e8ca30794dfa86aadd3c4e0e.jpg\",\"width\":1024,\"height\":1024},{\"@type\":\"BreadcrumbList\",\"@id\":\"https:\/\/hubsch-interior.com\/da\/vare\/true-vase-large-gra\/#breadcrumb\",\"itemListElement\":[{\"@type\":\"ListItem\",\"position\":1,\"name\":\"Forside\",\"item\":\"https:\/\/hubsch-interior.com\/da\/\"},{\"@type\":\"ListItem\",\"position\":2,\"name\":\"Produkter\",\"item\":\"https:\/\/hubsch-interior.com\/da\/produkter\/\"},{\"@type\":\"ListItem\",\"position\":3,\"name\":\"Boligtilbeh\u00f8r\",\"item\":\"https:\/\/hubsch-interior.com\/da\/vare-kategori\/boligtilbehor\/\"},{\"@type\":\"ListItem\",\"position\":4,\"name\":\"Vaser\",\"item\":\"https:\/\/hubsch-interior.com\/da\/vare-kategori\/boligtilbehor\/vaser-da\/\"},{\"@type\":\"ListItem\",\"position\":5,\"name\":\"True Vase Large Gr\u00e5\"}]},{\"@type\":\"WebSite\",\"@id\":\"https:\/\/hubsch-interior.com\/da\/#website\",\"url\":\"https:\/\/hubsch-interior.com\/da\/\",\"name\":\"H\u00fcbsch\",\"description\":\"Danish Home Interior and Design\",\"publisher\":{\"@id\":\"https:\/\/hubsch-interior.com\/da\/#organization\"},\"potentialAction\":[{\"@type\":\"SearchAction\",\"target\":{\"@type\":\"EntryPoint\",\"urlTemplate\":\"https:\/\/hubsch-interior.com\/da\/?s={search_term_string}\"},\"query-input\":{\"@type\":\"PropertyValueSpecification\",\"valueRequired\":true,\"valueName\":\"search_term_string\"}}],\"inLanguage\":\"da-DK\"},{\"@type\":\"Organization\",\"@id\":\"https:\/\/hubsch-interior.com\/da\/#organization\",\"name\":\"H\u00fcbsch\",\"url\":\"https:\/\/hubsch-interior.com\/da\/\",\"logo\":{\"@type\":\"ImageObject\",\"inLanguage\":\"da-DK\",\"@id\":\"https:\/\/hubsch-interior.com\/da\/#\/schema\/logo\/image\/\",\"url\":\"https:\/\/hubsch-interior.com\/wp-content\/uploads\/2022\/12\/Hubsch_logo_black_one_line.svg\",\"contentUrl\":\"https:\/\/hubsch-interior.com\/wp-content\/uploads\/2022\/12\/Hubsch_logo_black_one_line.svg\",\"caption\":\"H\u00fcbsch\"},\"image\":{\"@id\":\"https:\/\/hubsch-interior.com\/da\/#\/schema\/logo\/image\/\"}}]}<\/script>\n<!-- \/ Yoast SEO plugin. -->","yoast_head_json":{"title":"True Vase Large Gr\u00e5 - H\u00fcbsch","description":"Denne smukke glas vase i r\u00f8get glas har et tidl\u00f8s design og et elegant udtryk. Vasen passer til et moderne og klassisk interi\u00f8r. Placer vasen p\u00e5","robots":{"index":"index","follow":"follow","max-snippet":"max-snippet:-1","max-image-preview":"max-image-preview:large","max-video-preview":"max-video-preview:-1"},"canonical":"https:\/\/hubsch-interior.com\/da\/wp-json\/wp\/v2\/product\/392287","og_locale":"da_DK","og_type":"article","og_title":"True Vase Large Gr\u00e5 - H\u00fcbsch","og_description":"Denne smukke glas vase i r\u00f8get glas har et tidl\u00f8s design og et elegant udtryk. Vasen passer til et moderne og klassisk interi\u00f8r. Placer vasen p\u00e5","og_url":"https:\/\/hubsch-interior.com\/da\/vare\/true-vase-large-gra\/","og_site_name":"H\u00fcbsch","article_modified_time":"2026-04-10T02:36:38+00:00","og_image":[{"width":1200,"height":1200,"url":"https:\/\/hubsch-interior.com\/wp-content\/uploads\/2025\/05\/true-vase-large-grey-2642a6a1f78f7c781972f4bd84d27ce1.jpg","type":"image\/jpeg"}],"twitter_card":"summary_large_image","schema":{"@context":"https:\/\/schema.org","@graph":[{"@type":"WebPage","@id":"https:\/\/hubsch-interior.com\/da\/vare\/true-vase-large-gra\/","url":"https:\/\/hubsch-interior.com\/da\/vare\/true-vase-large-gra\/","name":"True Vase Large Gr\u00e5 - H\u00fcbsch","isPartOf":{"@id":"https:\/\/hubsch-interior.com\/da\/#website"},"primaryImageOfPage":{"@id":"https:\/\/hubsch-interior.com\/da\/vare\/true-vase-large-gra\/#primaryimage"},"image":{"@id":"https:\/\/hubsch-interior.com\/da\/vare\/true-vase-large-gra\/#primaryimage"},"thumbnailUrl":"https:\/\/hubsch-interior.com\/wp-content\/uploads\/2026\/02\/true-vase-large-grey-d06d0035e8ca30794dfa86aadd3c4e0e.jpg","datePublished":"2021-06-04T08:00:06+00:00","dateModified":"2026-04-10T02:36:38+00:00","description":"Denne smukke glas vase i r\u00f8get glas har et tidl\u00f8s design og et elegant udtryk. Vasen passer til et moderne og klassisk interi\u00f8r. Placer vasen p\u00e5","breadcrumb":{"@id":"https:\/\/hubsch-interior.com\/da\/vare\/true-vase-large-gra\/#breadcrumb"},"inLanguage":"da-DK","potentialAction":[{"@type":"ReadAction","target":["https:\/\/hubsch-interior.com\/da\/vare\/true-vase-large-gra\/"]}]},{"@type":"ImageObject","inLanguage":"da-DK","@id":"https:\/\/hubsch-interior.com\/da\/vare\/true-vase-large-gra\/#primaryimage","url":"https:\/\/hubsch-interior.com\/wp-content\/uploads\/2026\/02\/true-vase-large-grey-d06d0035e8ca30794dfa86aadd3c4e0e.jpg","contentUrl":"https:\/\/hubsch-interior.com\/wp-content\/uploads\/2026\/02\/true-vase-large-grey-d06d0035e8ca30794dfa86aadd3c4e0e.jpg","width":1024,"height":1024},{"@type":"BreadcrumbList","@id":"https:\/\/hubsch-interior.com\/da\/vare\/true-vase-large-gra\/#breadcrumb","itemListElement":[{"@type":"ListItem","position":1,"name":"Forside","item":"https:\/\/hubsch-interior.com\/da\/"},{"@type":"ListItem","position":2,"name":"Produkter","item":"https:\/\/hubsch-interior.com\/da\/produkter\/"},{"@type":"ListItem","position":3,"name":"Boligtilbeh\u00f8r","item":"https:\/\/hubsch-interior.com\/da\/vare-kategori\/boligtilbehor\/"},{"@type":"ListItem","position":4,"name":"Vaser","item":"https:\/\/hubsch-interior.com\/da\/vare-kategori\/boligtilbehor\/vaser-da\/"},{"@type":"ListItem","position":5,"name":"True Vase Large Gr\u00e5"}]},{"@type":"WebSite","@id":"https:\/\/hubsch-interior.com\/da\/#website","url":"https:\/\/hubsch-interior.com\/da\/","name":"H\u00fcbsch","description":"Danish Home Interior and Design","publisher":{"@id":"https:\/\/hubsch-interior.com\/da\/#organization"},"potentialAction":[{"@type":"SearchAction","target":{"@type":"EntryPoint","urlTemplate":"https:\/\/hubsch-interior.com\/da\/?s={search_term_string}"},"query-input":{"@type":"PropertyValueSpecification","valueRequired":true,"valueName":"search_term_string"}}],"inLanguage":"da-DK"},{"@type":"Organization","@id":"https:\/\/hubsch-interior.com\/da\/#organization","name":"H\u00fcbsch","url":"https:\/\/hubsch-interior.com\/da\/","logo":{"@type":"ImageObject","inLanguage":"da-DK","@id":"https:\/\/hubsch-interior.com\/da\/#\/schema\/logo\/image\/","url":"https:\/\/hubsch-interior.com\/wp-content\/uploads\/2022\/12\/Hubsch_logo_black_one_line.svg","contentUrl":"https:\/\/hubsch-interior.com\/wp-content\/uploads\/2022\/12\/Hubsch_logo_black_one_line.svg","caption":"H\u00fcbsch"},"image":{"@id":"https:\/\/hubsch-interior.com\/da\/#\/schema\/logo\/image\/"}}]}},"_links":{"self":[{"href":"https:\/\/hubsch-interior.com\/da\/wp-json\/wp\/v2\/product\/392287","targetHints":{"allow":["GET"]}}],"collection":[{"href":"https:\/\/hubsch-interior.com\/da\/wp-json\/wp\/v2\/product"}],"about":[{"href":"https:\/\/hubsch-interior.com\/da\/wp-json\/wp\/v2\/types\/product"}],"wp:featuredmedia":[{"embeddable":true,"href":"https:\/\/hubsch-interior.com\/da\/wp-json\/wp\/v2\/media\/1098661"}],"wp:attachment":[{"href":"https:\/\/hubsch-interior.com\/da\/wp-json\/wp\/v2\/media?parent=392287"}],"wp:term":[{"taxonomy":"product_brand","embeddable":true,"href":"https:\/\/hubsch-interior.com\/da\/wp-json\/wp\/v2\/product_brand?post=392287"},{"taxonomy":"product_cat","embeddable":true,"href":"https:\/\/hubsch-interior.com\/da\/wp-json\/wp\/v2\/product_cat?post=392287"},{"taxonomy":"product_tag","embeddable":true,"href":"https:\/\/hubsch-interior.com\/da\/wp-json\/wp\/v2\/product_tag?post=392287"}],"curies":[{"name":"wp","href":"https:\/\/api.w.org\/{rel}","templated":true}]}}