{"id":392767,"date":"2021-06-04T10:01:26","date_gmt":"2021-06-04T08:01:26","guid":{"rendered":"https:\/\/hubsch-interior.com\/shop-b2c\/product\/product-6\/"},"modified":"2026-04-09T04:37:22","modified_gmt":"2026-04-09T02:37:22","slug":"kiosk-glasskal-bla","status":"publish","type":"product","link":"https:\/\/hubsch-interior.com\/da\/vare\/kiosk-glasskal-bla\/","title":{"rendered":"Kiosk Glassk\u00e5l Bl\u00e5"},"content":{"rendered":"<p>Kiosk Glassk\u00e5l Bl\u00e5 er lavet af kvalitetsglas, og giver en smuk dekoration til dit hjem. Denne glassk\u00e5l er fyldt med charme og stil, og har en smuk bl\u00e5 farve, som g\u00f8r den perfekt til at matche din indretning. Den er smuk og elegant og passer godt ind i ethvert rum. Den er b\u00e5de stilfuld og funktionel, og er fremstillet af robust glas, som sikrer langsigtet holdbarhed. Denne glassk\u00e5l er ideel til at udstille forskellige ting og vil v\u00e6re en perfekt tilf\u00f8jelse til ethvert hjem.<\/p>\n","protected":false},"excerpt":{"rendered":"<p>Kiosk Glassk\u00e5l Bl\u00e5 er lavet af kvalitetsglas, og giver en smuk dekoration til dit hjem. Denne glassk\u00e5l er fyldt med charme og stil, og har en smuk bl\u00e5 farve, som g\u00f8r den perfekt til at matche din indretning. Den er smuk og elegant og passer godt ind i ethvert rum. Den er b\u00e5de stilfuld og [&hellip;]<\/p>\n","protected":false},"featured_media":1098865,"template":"","meta":{"_acf_changed":false,"inline_featured_image":false},"product_brand":[],"product_cat":[7025,6970,7042,6347,4051,4094,6517],"product_tag":[],"class_list":{"0":"post-392767","1":"product","2":"type-product","3":"status-publish","4":"has-post-thumbnail","6":"product_cat-bordservice-da-2","7":"product_cat-paaskeudsalg","8":"product_cat-serveringsskaale-da","9":"product_cat-garden-selection-da","10":"product_cat-koekkentilbehoer-da","11":"product_cat-bordservice-da","12":"product_cat-outlet-da","13":"product_shipping_class-pk","15":"pa_color-bl","16":"pa_material-glas-da","18":"first","19":"instock","20":"sale","21":"taxable","22":"shipping-taxable","23":"purchasable","24":"product-type-simple"},"exclude_global_add_ons":[],"addons":[],"acf":[],"yoast_head":"<!-- This site is optimized with the Yoast SEO plugin v26.4 - https:\/\/yoast.com\/wordpress\/plugins\/seo\/ -->\n<title>Kiosk Glassk\u00e5l Bl\u00e5 - H\u00fcbsch<\/title>\n<meta name=\"description\" content=\"Kiosk Glassk\u00e5l Bl\u00e5 er lavet af kvalitetsglas, og giver en smuk dekoration til dit hjem. Denne glassk\u00e5l er fyldt med charme og stil, og har en smuk bl\u00e5\" \/>\n<meta name=\"robots\" content=\"index, follow, max-snippet:-1, max-image-preview:large, max-video-preview:-1\" \/>\n<link rel=\"canonical\" href=\"https:\/\/hubsch-interior.com\/da\/wp-json\/wp\/v2\/product\/392767\" \/>\n<meta property=\"og:locale\" content=\"da_DK\" \/>\n<meta property=\"og:type\" content=\"article\" \/>\n<meta property=\"og:title\" content=\"Kiosk Glassk\u00e5l Bl\u00e5 - H\u00fcbsch\" \/>\n<meta property=\"og:description\" content=\"Kiosk Glassk\u00e5l Bl\u00e5 er lavet af kvalitetsglas, og giver en smuk dekoration til dit hjem. Denne glassk\u00e5l er fyldt med charme og stil, og har en smuk bl\u00e5\" \/>\n<meta property=\"og:url\" content=\"https:\/\/hubsch-interior.com\/da\/vare\/kiosk-glasskal-bla\/\" \/>\n<meta property=\"og:site_name\" content=\"H\u00fcbsch\" \/>\n<meta property=\"article:modified_time\" content=\"2026-04-09T02:37:22+00:00\" \/>\n<meta property=\"og:image\" content=\"https:\/\/hubsch-interior.com\/wp-content\/uploads\/2024\/01\/kiosk-glass-bowl-blue-48f7eebd7ae62b9f8f9bc6c8a5f14360.jpg\" \/>\n\t<meta property=\"og:image:width\" content=\"1200\" \/>\n\t<meta property=\"og:image:height\" content=\"1200\" \/>\n\t<meta property=\"og:image:type\" content=\"image\/jpeg\" \/>\n<meta name=\"twitter:card\" content=\"summary_large_image\" \/>\n<script type=\"application\/ld+json\" class=\"yoast-schema-graph\">{\"@context\":\"https:\/\/schema.org\",\"@graph\":[{\"@type\":\"WebPage\",\"@id\":\"https:\/\/hubsch-interior.com\/da\/vare\/kiosk-glasskal-bla\/\",\"url\":\"https:\/\/hubsch-interior.com\/da\/vare\/kiosk-glasskal-bla\/\",\"name\":\"Kiosk Glassk\u00e5l Bl\u00e5 - H\u00fcbsch\",\"isPartOf\":{\"@id\":\"https:\/\/hubsch-interior.com\/da\/#website\"},\"primaryImageOfPage\":{\"@id\":\"https:\/\/hubsch-interior.com\/da\/vare\/kiosk-glasskal-bla\/#primaryimage\"},\"image\":{\"@id\":\"https:\/\/hubsch-interior.com\/da\/vare\/kiosk-glasskal-bla\/#primaryimage\"},\"thumbnailUrl\":\"https:\/\/hubsch-interior.com\/wp-content\/uploads\/2026\/02\/kiosk-glass-bowl-blue-bacb89e84fd55a3f9a3580e182e4b1a4.jpg\",\"datePublished\":\"2021-06-04T08:01:26+00:00\",\"dateModified\":\"2026-04-09T02:37:22+00:00\",\"description\":\"Kiosk Glassk\u00e5l Bl\u00e5 er lavet af kvalitetsglas, og giver en smuk dekoration til dit hjem. Denne glassk\u00e5l er fyldt med charme og stil, og har en smuk bl\u00e5\",\"breadcrumb\":{\"@id\":\"https:\/\/hubsch-interior.com\/da\/vare\/kiosk-glasskal-bla\/#breadcrumb\"},\"inLanguage\":\"da-DK\",\"potentialAction\":[{\"@type\":\"ReadAction\",\"target\":[\"https:\/\/hubsch-interior.com\/da\/vare\/kiosk-glasskal-bla\/\"]}]},{\"@type\":\"ImageObject\",\"inLanguage\":\"da-DK\",\"@id\":\"https:\/\/hubsch-interior.com\/da\/vare\/kiosk-glasskal-bla\/#primaryimage\",\"url\":\"https:\/\/hubsch-interior.com\/wp-content\/uploads\/2026\/02\/kiosk-glass-bowl-blue-bacb89e84fd55a3f9a3580e182e4b1a4.jpg\",\"contentUrl\":\"https:\/\/hubsch-interior.com\/wp-content\/uploads\/2026\/02\/kiosk-glass-bowl-blue-bacb89e84fd55a3f9a3580e182e4b1a4.jpg\",\"width\":1024,\"height\":1024},{\"@type\":\"BreadcrumbList\",\"@id\":\"https:\/\/hubsch-interior.com\/da\/vare\/kiosk-glasskal-bla\/#breadcrumb\",\"itemListElement\":[{\"@type\":\"ListItem\",\"position\":1,\"name\":\"Forside\",\"item\":\"https:\/\/hubsch-interior.com\/da\/\"},{\"@type\":\"ListItem\",\"position\":2,\"name\":\"Produkter\",\"item\":\"https:\/\/hubsch-interior.com\/da\/produkter\/\"},{\"@type\":\"ListItem\",\"position\":3,\"name\":\"K\u00f8kken\",\"item\":\"https:\/\/hubsch-interior.com\/da\/vare-kategori\/koekken\/\"},{\"@type\":\"ListItem\",\"position\":4,\"name\":\"Bordservice\",\"item\":\"https:\/\/hubsch-interior.com\/da\/vare-kategori\/koekken\/bordservice-da-2\/\"},{\"@type\":\"ListItem\",\"position\":5,\"name\":\"Serveringssk&aring;le\",\"item\":\"https:\/\/hubsch-interior.com\/da\/vare-kategori\/koekken\/bordservice-da-2\/serveringsskaale-da\/\"},{\"@type\":\"ListItem\",\"position\":6,\"name\":\"Kiosk Glassk\u00e5l Bl\u00e5\"}]},{\"@type\":\"WebSite\",\"@id\":\"https:\/\/hubsch-interior.com\/da\/#website\",\"url\":\"https:\/\/hubsch-interior.com\/da\/\",\"name\":\"H\u00fcbsch\",\"description\":\"Danish Home Interior and Design\",\"publisher\":{\"@id\":\"https:\/\/hubsch-interior.com\/da\/#organization\"},\"potentialAction\":[{\"@type\":\"SearchAction\",\"target\":{\"@type\":\"EntryPoint\",\"urlTemplate\":\"https:\/\/hubsch-interior.com\/da\/?s={search_term_string}\"},\"query-input\":{\"@type\":\"PropertyValueSpecification\",\"valueRequired\":true,\"valueName\":\"search_term_string\"}}],\"inLanguage\":\"da-DK\"},{\"@type\":\"Organization\",\"@id\":\"https:\/\/hubsch-interior.com\/da\/#organization\",\"name\":\"H\u00fcbsch\",\"url\":\"https:\/\/hubsch-interior.com\/da\/\",\"logo\":{\"@type\":\"ImageObject\",\"inLanguage\":\"da-DK\",\"@id\":\"https:\/\/hubsch-interior.com\/da\/#\/schema\/logo\/image\/\",\"url\":\"https:\/\/hubsch-interior.com\/wp-content\/uploads\/2022\/12\/Hubsch_logo_black_one_line.svg\",\"contentUrl\":\"https:\/\/hubsch-interior.com\/wp-content\/uploads\/2022\/12\/Hubsch_logo_black_one_line.svg\",\"caption\":\"H\u00fcbsch\"},\"image\":{\"@id\":\"https:\/\/hubsch-interior.com\/da\/#\/schema\/logo\/image\/\"}}]}<\/script>\n<!-- \/ Yoast SEO plugin. -->","yoast_head_json":{"title":"Kiosk Glassk\u00e5l Bl\u00e5 - H\u00fcbsch","description":"Kiosk Glassk\u00e5l Bl\u00e5 er lavet af kvalitetsglas, og giver en smuk dekoration til dit hjem. Denne glassk\u00e5l er fyldt med charme og stil, og har en smuk bl\u00e5","robots":{"index":"index","follow":"follow","max-snippet":"max-snippet:-1","max-image-preview":"max-image-preview:large","max-video-preview":"max-video-preview:-1"},"canonical":"https:\/\/hubsch-interior.com\/da\/wp-json\/wp\/v2\/product\/392767","og_locale":"da_DK","og_type":"article","og_title":"Kiosk Glassk\u00e5l Bl\u00e5 - H\u00fcbsch","og_description":"Kiosk Glassk\u00e5l Bl\u00e5 er lavet af kvalitetsglas, og giver en smuk dekoration til dit hjem. Denne glassk\u00e5l er fyldt med charme og stil, og har en smuk bl\u00e5","og_url":"https:\/\/hubsch-interior.com\/da\/vare\/kiosk-glasskal-bla\/","og_site_name":"H\u00fcbsch","article_modified_time":"2026-04-09T02:37:22+00:00","og_image":[{"width":1200,"height":1200,"url":"https:\/\/hubsch-interior.com\/wp-content\/uploads\/2024\/01\/kiosk-glass-bowl-blue-48f7eebd7ae62b9f8f9bc6c8a5f14360.jpg","type":"image\/jpeg"}],"twitter_card":"summary_large_image","schema":{"@context":"https:\/\/schema.org","@graph":[{"@type":"WebPage","@id":"https:\/\/hubsch-interior.com\/da\/vare\/kiosk-glasskal-bla\/","url":"https:\/\/hubsch-interior.com\/da\/vare\/kiosk-glasskal-bla\/","name":"Kiosk Glassk\u00e5l Bl\u00e5 - H\u00fcbsch","isPartOf":{"@id":"https:\/\/hubsch-interior.com\/da\/#website"},"primaryImageOfPage":{"@id":"https:\/\/hubsch-interior.com\/da\/vare\/kiosk-glasskal-bla\/#primaryimage"},"image":{"@id":"https:\/\/hubsch-interior.com\/da\/vare\/kiosk-glasskal-bla\/#primaryimage"},"thumbnailUrl":"https:\/\/hubsch-interior.com\/wp-content\/uploads\/2026\/02\/kiosk-glass-bowl-blue-bacb89e84fd55a3f9a3580e182e4b1a4.jpg","datePublished":"2021-06-04T08:01:26+00:00","dateModified":"2026-04-09T02:37:22+00:00","description":"Kiosk Glassk\u00e5l Bl\u00e5 er lavet af kvalitetsglas, og giver en smuk dekoration til dit hjem. Denne glassk\u00e5l er fyldt med charme og stil, og har en smuk bl\u00e5","breadcrumb":{"@id":"https:\/\/hubsch-interior.com\/da\/vare\/kiosk-glasskal-bla\/#breadcrumb"},"inLanguage":"da-DK","potentialAction":[{"@type":"ReadAction","target":["https:\/\/hubsch-interior.com\/da\/vare\/kiosk-glasskal-bla\/"]}]},{"@type":"ImageObject","inLanguage":"da-DK","@id":"https:\/\/hubsch-interior.com\/da\/vare\/kiosk-glasskal-bla\/#primaryimage","url":"https:\/\/hubsch-interior.com\/wp-content\/uploads\/2026\/02\/kiosk-glass-bowl-blue-bacb89e84fd55a3f9a3580e182e4b1a4.jpg","contentUrl":"https:\/\/hubsch-interior.com\/wp-content\/uploads\/2026\/02\/kiosk-glass-bowl-blue-bacb89e84fd55a3f9a3580e182e4b1a4.jpg","width":1024,"height":1024},{"@type":"BreadcrumbList","@id":"https:\/\/hubsch-interior.com\/da\/vare\/kiosk-glasskal-bla\/#breadcrumb","itemListElement":[{"@type":"ListItem","position":1,"name":"Forside","item":"https:\/\/hubsch-interior.com\/da\/"},{"@type":"ListItem","position":2,"name":"Produkter","item":"https:\/\/hubsch-interior.com\/da\/produkter\/"},{"@type":"ListItem","position":3,"name":"K\u00f8kken","item":"https:\/\/hubsch-interior.com\/da\/vare-kategori\/koekken\/"},{"@type":"ListItem","position":4,"name":"Bordservice","item":"https:\/\/hubsch-interior.com\/da\/vare-kategori\/koekken\/bordservice-da-2\/"},{"@type":"ListItem","position":5,"name":"Serveringssk&aring;le","item":"https:\/\/hubsch-interior.com\/da\/vare-kategori\/koekken\/bordservice-da-2\/serveringsskaale-da\/"},{"@type":"ListItem","position":6,"name":"Kiosk Glassk\u00e5l Bl\u00e5"}]},{"@type":"WebSite","@id":"https:\/\/hubsch-interior.com\/da\/#website","url":"https:\/\/hubsch-interior.com\/da\/","name":"H\u00fcbsch","description":"Danish Home Interior and Design","publisher":{"@id":"https:\/\/hubsch-interior.com\/da\/#organization"},"potentialAction":[{"@type":"SearchAction","target":{"@type":"EntryPoint","urlTemplate":"https:\/\/hubsch-interior.com\/da\/?s={search_term_string}"},"query-input":{"@type":"PropertyValueSpecification","valueRequired":true,"valueName":"search_term_string"}}],"inLanguage":"da-DK"},{"@type":"Organization","@id":"https:\/\/hubsch-interior.com\/da\/#organization","name":"H\u00fcbsch","url":"https:\/\/hubsch-interior.com\/da\/","logo":{"@type":"ImageObject","inLanguage":"da-DK","@id":"https:\/\/hubsch-interior.com\/da\/#\/schema\/logo\/image\/","url":"https:\/\/hubsch-interior.com\/wp-content\/uploads\/2022\/12\/Hubsch_logo_black_one_line.svg","contentUrl":"https:\/\/hubsch-interior.com\/wp-content\/uploads\/2022\/12\/Hubsch_logo_black_one_line.svg","caption":"H\u00fcbsch"},"image":{"@id":"https:\/\/hubsch-interior.com\/da\/#\/schema\/logo\/image\/"}}]}},"_links":{"self":[{"href":"https:\/\/hubsch-interior.com\/da\/wp-json\/wp\/v2\/product\/392767","targetHints":{"allow":["GET"]}}],"collection":[{"href":"https:\/\/hubsch-interior.com\/da\/wp-json\/wp\/v2\/product"}],"about":[{"href":"https:\/\/hubsch-interior.com\/da\/wp-json\/wp\/v2\/types\/product"}],"wp:featuredmedia":[{"embeddable":true,"href":"https:\/\/hubsch-interior.com\/da\/wp-json\/wp\/v2\/media\/1098865"}],"wp:attachment":[{"href":"https:\/\/hubsch-interior.com\/da\/wp-json\/wp\/v2\/media?parent=392767"}],"wp:term":[{"taxonomy":"product_brand","embeddable":true,"href":"https:\/\/hubsch-interior.com\/da\/wp-json\/wp\/v2\/product_brand?post=392767"},{"taxonomy":"product_cat","embeddable":true,"href":"https:\/\/hubsch-interior.com\/da\/wp-json\/wp\/v2\/product_cat?post=392767"},{"taxonomy":"product_tag","embeddable":true,"href":"https:\/\/hubsch-interior.com\/da\/wp-json\/wp\/v2\/product_tag?post=392767"}],"curies":[{"name":"wp","href":"https:\/\/api.w.org\/{rel}","templated":true}]}}