{"id":393463,"date":"2021-06-04T10:03:57","date_gmt":"2021-06-04T08:03:57","guid":{"rendered":"https:\/\/hubsch-interior.com\/shop-b2c\/product\/product-6\/"},"modified":"2026-04-09T04:41:22","modified_gmt":"2026-04-09T02:41:22","slug":"pin-taeppe-beige-gra","status":"publish","type":"product","link":"https:\/\/hubsch-interior.com\/da\/vare\/pin-taeppe-beige-gra\/","title":{"rendered":"Pin T\u00e6ppe Beige\/Gr\u00e5"},"content":{"rendered":"<p>Pin T\u00e6ppe Beige\/Gr\u00e5 er lavet af \u00f8kologisk bomuld, som er certificeret af OEKO-TEX\u00ae STANDARD 100. Det luksuri\u00f8se t\u00e6ppe har en s\u00e6rpr\u00e6get farvekombination af beige og gr\u00e5, som vil give et autentisk pr\u00e6g til ethvert hjem. Det er lavet af et bl\u00f8dt materiale, der garanterer komfort og enest\u00e5ende \u00e6stetik. Dette pin t\u00e6ppe er et must-have til indretning af stuer, sovev\u00e6relser og andre rum.<\/p>\n","protected":false},"excerpt":{"rendered":"<p>Pin T\u00e6ppe Beige\/Gr\u00e5 er lavet af \u00f8kologisk bomuld, som er certificeret af OEKO-TEX\u00ae STANDARD 100. Det luksuri\u00f8se t\u00e6ppe har en s\u00e6rpr\u00e6get farvekombination af beige og gr\u00e5, som vil give et autentisk pr\u00e6g til ethvert hjem. Det er lavet af et bl\u00f8dt materiale, der garanterer komfort og enest\u00e5ende \u00e6stetik. Dette pin t\u00e6ppe er et must-have til [&hellip;]<\/p>\n","protected":false},"featured_media":1099991,"template":"","meta":{"_acf_changed":false,"inline_featured_image":false},"product_brand":[],"product_cat":[3000,3323],"product_tag":[],"class_list":{"0":"post-393463","1":"product","2":"type-product","3":"status-publish","4":"has-post-thumbnail","6":"product_cat-tekstiler","7":"product_cat-taepper-da","8":"product_shipping_class-pk","10":"pa_color-beige-2","11":"pa_color-gr","12":"pa_material-cotton-100-da","14":"first","15":"instock","16":"taxable","17":"shipping-taxable","18":"purchasable","19":"product-type-simple"},"exclude_global_add_ons":[],"addons":[],"acf":[],"yoast_head":"<!-- This site is optimized with the Yoast SEO plugin v26.4 - https:\/\/yoast.com\/wordpress\/plugins\/seo\/ -->\n<title>Pin T\u00e6ppe Beige\/Gr\u00e5 - H\u00fcbsch<\/title>\n<meta name=\"description\" content=\"Pin T\u00e6ppe Beige\/Gr\u00e5 er lavet af \u00f8kologisk bomuld, som er certificeret af OEKO-TEX\u00ae STANDARD 100. Det luksuri\u00f8se t\u00e6ppe har en s\u00e6rpr\u00e6get farvekombination af\" \/>\n<meta name=\"robots\" content=\"index, follow, max-snippet:-1, max-image-preview:large, max-video-preview:-1\" \/>\n<link rel=\"canonical\" href=\"https:\/\/hubsch-interior.com\/da\/wp-json\/wp\/v2\/product\/393463\" \/>\n<meta property=\"og:locale\" content=\"da_DK\" \/>\n<meta property=\"og:type\" content=\"article\" \/>\n<meta property=\"og:title\" content=\"Pin T\u00e6ppe Beige\/Gr\u00e5 - H\u00fcbsch\" \/>\n<meta property=\"og:description\" content=\"Pin T\u00e6ppe Beige\/Gr\u00e5 er lavet af \u00f8kologisk bomuld, som er certificeret af OEKO-TEX\u00ae STANDARD 100. Det luksuri\u00f8se t\u00e6ppe har en s\u00e6rpr\u00e6get farvekombination af\" \/>\n<meta property=\"og:url\" content=\"https:\/\/hubsch-interior.com\/da\/vare\/pin-taeppe-beige-gra\/\" \/>\n<meta property=\"og:site_name\" content=\"H\u00fcbsch\" \/>\n<meta property=\"article:modified_time\" content=\"2026-04-09T02:41:22+00:00\" \/>\n<meta property=\"og:image\" content=\"https:\/\/hubsch-interior.com\/wp-content\/uploads\/2025\/04\/pin-rug-beigegrey-30c3ed069243ae45a8dd29399a70da1f.jpg\" \/>\n\t<meta property=\"og:image:width\" content=\"1200\" \/>\n\t<meta property=\"og:image:height\" content=\"1200\" \/>\n\t<meta property=\"og:image:type\" content=\"image\/jpeg\" \/>\n<meta name=\"twitter:card\" content=\"summary_large_image\" \/>\n<script type=\"application\/ld+json\" class=\"yoast-schema-graph\">{\"@context\":\"https:\/\/schema.org\",\"@graph\":[{\"@type\":\"WebPage\",\"@id\":\"https:\/\/hubsch-interior.com\/da\/vare\/pin-taeppe-beige-gra\/\",\"url\":\"https:\/\/hubsch-interior.com\/da\/vare\/pin-taeppe-beige-gra\/\",\"name\":\"Pin T\u00e6ppe Beige\/Gr\u00e5 - H\u00fcbsch\",\"isPartOf\":{\"@id\":\"https:\/\/hubsch-interior.com\/da\/#website\"},\"primaryImageOfPage\":{\"@id\":\"https:\/\/hubsch-interior.com\/da\/vare\/pin-taeppe-beige-gra\/#primaryimage\"},\"image\":{\"@id\":\"https:\/\/hubsch-interior.com\/da\/vare\/pin-taeppe-beige-gra\/#primaryimage\"},\"thumbnailUrl\":\"https:\/\/hubsch-interior.com\/wp-content\/uploads\/2026\/02\/pin-rug-beigegrey-90d64ad9c4d43228ee77a4161944407a.jpg\",\"datePublished\":\"2021-06-04T08:03:57+00:00\",\"dateModified\":\"2026-04-09T02:41:22+00:00\",\"description\":\"Pin T\u00e6ppe Beige\/Gr\u00e5 er lavet af \u00f8kologisk bomuld, som er certificeret af OEKO-TEX\u00ae STANDARD 100. Det luksuri\u00f8se t\u00e6ppe har en s\u00e6rpr\u00e6get farvekombination af\",\"breadcrumb\":{\"@id\":\"https:\/\/hubsch-interior.com\/da\/vare\/pin-taeppe-beige-gra\/#breadcrumb\"},\"inLanguage\":\"da-DK\",\"potentialAction\":[{\"@type\":\"ReadAction\",\"target\":[\"https:\/\/hubsch-interior.com\/da\/vare\/pin-taeppe-beige-gra\/\"]}]},{\"@type\":\"ImageObject\",\"inLanguage\":\"da-DK\",\"@id\":\"https:\/\/hubsch-interior.com\/da\/vare\/pin-taeppe-beige-gra\/#primaryimage\",\"url\":\"https:\/\/hubsch-interior.com\/wp-content\/uploads\/2026\/02\/pin-rug-beigegrey-90d64ad9c4d43228ee77a4161944407a.jpg\",\"contentUrl\":\"https:\/\/hubsch-interior.com\/wp-content\/uploads\/2026\/02\/pin-rug-beigegrey-90d64ad9c4d43228ee77a4161944407a.jpg\",\"width\":1024,\"height\":1024},{\"@type\":\"BreadcrumbList\",\"@id\":\"https:\/\/hubsch-interior.com\/da\/vare\/pin-taeppe-beige-gra\/#breadcrumb\",\"itemListElement\":[{\"@type\":\"ListItem\",\"position\":1,\"name\":\"Forside\",\"item\":\"https:\/\/hubsch-interior.com\/da\/\"},{\"@type\":\"ListItem\",\"position\":2,\"name\":\"Produkter\",\"item\":\"https:\/\/hubsch-interior.com\/da\/produkter\/\"},{\"@type\":\"ListItem\",\"position\":3,\"name\":\"Tekstiler\",\"item\":\"https:\/\/hubsch-interior.com\/da\/vare-kategori\/tekstiler\/\"},{\"@type\":\"ListItem\",\"position\":4,\"name\":\"T&aelig;pper\",\"item\":\"https:\/\/hubsch-interior.com\/da\/vare-kategori\/tekstiler\/taepper-da\/\"},{\"@type\":\"ListItem\",\"position\":5,\"name\":\"Pin T\u00e6ppe Beige\/Gr\u00e5\"}]},{\"@type\":\"WebSite\",\"@id\":\"https:\/\/hubsch-interior.com\/da\/#website\",\"url\":\"https:\/\/hubsch-interior.com\/da\/\",\"name\":\"H\u00fcbsch\",\"description\":\"Danish Home Interior and Design\",\"publisher\":{\"@id\":\"https:\/\/hubsch-interior.com\/da\/#organization\"},\"potentialAction\":[{\"@type\":\"SearchAction\",\"target\":{\"@type\":\"EntryPoint\",\"urlTemplate\":\"https:\/\/hubsch-interior.com\/da\/?s={search_term_string}\"},\"query-input\":{\"@type\":\"PropertyValueSpecification\",\"valueRequired\":true,\"valueName\":\"search_term_string\"}}],\"inLanguage\":\"da-DK\"},{\"@type\":\"Organization\",\"@id\":\"https:\/\/hubsch-interior.com\/da\/#organization\",\"name\":\"H\u00fcbsch\",\"url\":\"https:\/\/hubsch-interior.com\/da\/\",\"logo\":{\"@type\":\"ImageObject\",\"inLanguage\":\"da-DK\",\"@id\":\"https:\/\/hubsch-interior.com\/da\/#\/schema\/logo\/image\/\",\"url\":\"https:\/\/hubsch-interior.com\/wp-content\/uploads\/2022\/12\/Hubsch_logo_black_one_line.svg\",\"contentUrl\":\"https:\/\/hubsch-interior.com\/wp-content\/uploads\/2022\/12\/Hubsch_logo_black_one_line.svg\",\"caption\":\"H\u00fcbsch\"},\"image\":{\"@id\":\"https:\/\/hubsch-interior.com\/da\/#\/schema\/logo\/image\/\"}}]}<\/script>\n<!-- \/ Yoast SEO plugin. -->","yoast_head_json":{"title":"Pin T\u00e6ppe Beige\/Gr\u00e5 - H\u00fcbsch","description":"Pin T\u00e6ppe Beige\/Gr\u00e5 er lavet af \u00f8kologisk bomuld, som er certificeret af OEKO-TEX\u00ae STANDARD 100. Det luksuri\u00f8se t\u00e6ppe har en s\u00e6rpr\u00e6get farvekombination af","robots":{"index":"index","follow":"follow","max-snippet":"max-snippet:-1","max-image-preview":"max-image-preview:large","max-video-preview":"max-video-preview:-1"},"canonical":"https:\/\/hubsch-interior.com\/da\/wp-json\/wp\/v2\/product\/393463","og_locale":"da_DK","og_type":"article","og_title":"Pin T\u00e6ppe Beige\/Gr\u00e5 - H\u00fcbsch","og_description":"Pin T\u00e6ppe Beige\/Gr\u00e5 er lavet af \u00f8kologisk bomuld, som er certificeret af OEKO-TEX\u00ae STANDARD 100. Det luksuri\u00f8se t\u00e6ppe har en s\u00e6rpr\u00e6get farvekombination af","og_url":"https:\/\/hubsch-interior.com\/da\/vare\/pin-taeppe-beige-gra\/","og_site_name":"H\u00fcbsch","article_modified_time":"2026-04-09T02:41:22+00:00","og_image":[{"width":1200,"height":1200,"url":"https:\/\/hubsch-interior.com\/wp-content\/uploads\/2025\/04\/pin-rug-beigegrey-30c3ed069243ae45a8dd29399a70da1f.jpg","type":"image\/jpeg"}],"twitter_card":"summary_large_image","schema":{"@context":"https:\/\/schema.org","@graph":[{"@type":"WebPage","@id":"https:\/\/hubsch-interior.com\/da\/vare\/pin-taeppe-beige-gra\/","url":"https:\/\/hubsch-interior.com\/da\/vare\/pin-taeppe-beige-gra\/","name":"Pin T\u00e6ppe Beige\/Gr\u00e5 - H\u00fcbsch","isPartOf":{"@id":"https:\/\/hubsch-interior.com\/da\/#website"},"primaryImageOfPage":{"@id":"https:\/\/hubsch-interior.com\/da\/vare\/pin-taeppe-beige-gra\/#primaryimage"},"image":{"@id":"https:\/\/hubsch-interior.com\/da\/vare\/pin-taeppe-beige-gra\/#primaryimage"},"thumbnailUrl":"https:\/\/hubsch-interior.com\/wp-content\/uploads\/2026\/02\/pin-rug-beigegrey-90d64ad9c4d43228ee77a4161944407a.jpg","datePublished":"2021-06-04T08:03:57+00:00","dateModified":"2026-04-09T02:41:22+00:00","description":"Pin T\u00e6ppe Beige\/Gr\u00e5 er lavet af \u00f8kologisk bomuld, som er certificeret af OEKO-TEX\u00ae STANDARD 100. Det luksuri\u00f8se t\u00e6ppe har en s\u00e6rpr\u00e6get farvekombination af","breadcrumb":{"@id":"https:\/\/hubsch-interior.com\/da\/vare\/pin-taeppe-beige-gra\/#breadcrumb"},"inLanguage":"da-DK","potentialAction":[{"@type":"ReadAction","target":["https:\/\/hubsch-interior.com\/da\/vare\/pin-taeppe-beige-gra\/"]}]},{"@type":"ImageObject","inLanguage":"da-DK","@id":"https:\/\/hubsch-interior.com\/da\/vare\/pin-taeppe-beige-gra\/#primaryimage","url":"https:\/\/hubsch-interior.com\/wp-content\/uploads\/2026\/02\/pin-rug-beigegrey-90d64ad9c4d43228ee77a4161944407a.jpg","contentUrl":"https:\/\/hubsch-interior.com\/wp-content\/uploads\/2026\/02\/pin-rug-beigegrey-90d64ad9c4d43228ee77a4161944407a.jpg","width":1024,"height":1024},{"@type":"BreadcrumbList","@id":"https:\/\/hubsch-interior.com\/da\/vare\/pin-taeppe-beige-gra\/#breadcrumb","itemListElement":[{"@type":"ListItem","position":1,"name":"Forside","item":"https:\/\/hubsch-interior.com\/da\/"},{"@type":"ListItem","position":2,"name":"Produkter","item":"https:\/\/hubsch-interior.com\/da\/produkter\/"},{"@type":"ListItem","position":3,"name":"Tekstiler","item":"https:\/\/hubsch-interior.com\/da\/vare-kategori\/tekstiler\/"},{"@type":"ListItem","position":4,"name":"T&aelig;pper","item":"https:\/\/hubsch-interior.com\/da\/vare-kategori\/tekstiler\/taepper-da\/"},{"@type":"ListItem","position":5,"name":"Pin T\u00e6ppe Beige\/Gr\u00e5"}]},{"@type":"WebSite","@id":"https:\/\/hubsch-interior.com\/da\/#website","url":"https:\/\/hubsch-interior.com\/da\/","name":"H\u00fcbsch","description":"Danish Home Interior and Design","publisher":{"@id":"https:\/\/hubsch-interior.com\/da\/#organization"},"potentialAction":[{"@type":"SearchAction","target":{"@type":"EntryPoint","urlTemplate":"https:\/\/hubsch-interior.com\/da\/?s={search_term_string}"},"query-input":{"@type":"PropertyValueSpecification","valueRequired":true,"valueName":"search_term_string"}}],"inLanguage":"da-DK"},{"@type":"Organization","@id":"https:\/\/hubsch-interior.com\/da\/#organization","name":"H\u00fcbsch","url":"https:\/\/hubsch-interior.com\/da\/","logo":{"@type":"ImageObject","inLanguage":"da-DK","@id":"https:\/\/hubsch-interior.com\/da\/#\/schema\/logo\/image\/","url":"https:\/\/hubsch-interior.com\/wp-content\/uploads\/2022\/12\/Hubsch_logo_black_one_line.svg","contentUrl":"https:\/\/hubsch-interior.com\/wp-content\/uploads\/2022\/12\/Hubsch_logo_black_one_line.svg","caption":"H\u00fcbsch"},"image":{"@id":"https:\/\/hubsch-interior.com\/da\/#\/schema\/logo\/image\/"}}]}},"_links":{"self":[{"href":"https:\/\/hubsch-interior.com\/da\/wp-json\/wp\/v2\/product\/393463","targetHints":{"allow":["GET"]}}],"collection":[{"href":"https:\/\/hubsch-interior.com\/da\/wp-json\/wp\/v2\/product"}],"about":[{"href":"https:\/\/hubsch-interior.com\/da\/wp-json\/wp\/v2\/types\/product"}],"wp:featuredmedia":[{"embeddable":true,"href":"https:\/\/hubsch-interior.com\/da\/wp-json\/wp\/v2\/media\/1099991"}],"wp:attachment":[{"href":"https:\/\/hubsch-interior.com\/da\/wp-json\/wp\/v2\/media?parent=393463"}],"wp:term":[{"taxonomy":"product_brand","embeddable":true,"href":"https:\/\/hubsch-interior.com\/da\/wp-json\/wp\/v2\/product_brand?post=393463"},{"taxonomy":"product_cat","embeddable":true,"href":"https:\/\/hubsch-interior.com\/da\/wp-json\/wp\/v2\/product_cat?post=393463"},{"taxonomy":"product_tag","embeddable":true,"href":"https:\/\/hubsch-interior.com\/da\/wp-json\/wp\/v2\/product_tag?post=393463"}],"curies":[{"name":"wp","href":"https:\/\/api.w.org\/{rel}","templated":true}]}}