{"id":394011,"date":"2021-06-04T10:05:48","date_gmt":"2021-06-04T08:05:48","guid":{"rendered":"https:\/\/hubsch-interior.com\/shop-b2c\/product\/product-6\/"},"modified":"2026-04-09T04:46:00","modified_gmt":"2026-04-09T02:46:00","slug":"monarch-skaerebraet-natur","status":"publish","type":"product","link":"https:\/\/hubsch-interior.com\/da\/vare\/monarch-skaerebraet-natur\/","title":{"rendered":"Monarch Sk\u00e6rebr\u00e6t Natur"},"content":{"rendered":"<p>Sk\u00e6rebr\u00e6ttet er fremstillet af FSC-certificerede egetr\u00e6. Sk\u00e6rebr\u00e6ttet er tidl\u00f8st og praktisk. Du kan bruge sk\u00e6rebr\u00e6ttet til servering af dine yndlingsretter. Det rillede design g\u00f8r den is\u00e6r velegnet til k\u00f8d. Dette produkt er h\u00e5ndlavet og kan derfor varierer.<\/p>\n","protected":false},"excerpt":{"rendered":"<p>Sk\u00e6rebr\u00e6ttet er fremstillet af FSC-certificerede egetr\u00e6. Sk\u00e6rebr\u00e6ttet er tidl\u00f8st og praktisk. Du kan bruge sk\u00e6rebr\u00e6ttet til servering af dine yndlingsretter. Det rillede design g\u00f8r den is\u00e6r velegnet til k\u00f8d. Dette produkt er h\u00e5ndlavet og kan derfor varierer.<\/p>\n","protected":false},"featured_media":1101264,"template":"","meta":{"_acf_changed":false,"inline_featured_image":false},"product_brand":[],"product_cat":[7025,6970,7054,6321,4051,4122,6517],"product_tag":[],"class_list":{"0":"post-394011","1":"product","2":"type-product","3":"status-publish","4":"has-post-thumbnail","6":"product_cat-bordservice-da-2","7":"product_cat-paaskeudsalg","8":"product_cat-koekken-skaerebraetter-da","9":"product_cat-fsc-da","10":"product_cat-koekkentilbehoer-da","11":"product_cat-skaerebraetter-da","12":"product_cat-outlet-da","13":"product_shipping_class-pk","15":"pa_color-natur-2","16":"pa_material-egetr","18":"first","19":"instock","20":"sale","21":"taxable","22":"shipping-taxable","23":"purchasable","24":"product-type-simple"},"exclude_global_add_ons":[],"addons":[],"acf":[],"yoast_head":"<!-- This site is optimized with the Yoast SEO plugin v26.4 - https:\/\/yoast.com\/wordpress\/plugins\/seo\/ -->\n<title>Monarch Sk\u00e6rebr\u00e6t Natur - H\u00fcbsch<\/title>\n<meta name=\"description\" content=\"Sk\u00e6rebr\u00e6ttet er fremstillet af FSC-certificerede egetr\u00e6. Sk\u00e6rebr\u00e6ttet er tidl\u00f8st og praktisk. Du kan bruge sk\u00e6rebr\u00e6ttet til servering af dine\" \/>\n<meta name=\"robots\" content=\"index, follow, max-snippet:-1, max-image-preview:large, max-video-preview:-1\" \/>\n<link rel=\"canonical\" href=\"https:\/\/hubsch-interior.com\/da\/wp-json\/wp\/v2\/product\/394011\" \/>\n<meta property=\"og:locale\" content=\"da_DK\" \/>\n<meta property=\"og:type\" content=\"article\" \/>\n<meta property=\"og:title\" content=\"Monarch Sk\u00e6rebr\u00e6t Natur - H\u00fcbsch\" \/>\n<meta property=\"og:description\" content=\"Sk\u00e6rebr\u00e6ttet er fremstillet af FSC-certificerede egetr\u00e6. Sk\u00e6rebr\u00e6ttet er tidl\u00f8st og praktisk. Du kan bruge sk\u00e6rebr\u00e6ttet til servering af dine\" \/>\n<meta property=\"og:url\" content=\"https:\/\/hubsch-interior.com\/da\/vare\/monarch-skaerebraet-natur\/\" \/>\n<meta property=\"og:site_name\" content=\"H\u00fcbsch\" \/>\n<meta property=\"article:modified_time\" content=\"2026-04-09T02:46:00+00:00\" \/>\n<meta property=\"og:image\" content=\"https:\/\/hubsch-interior.com\/wp-content\/uploads\/2024\/01\/monarch-cutting-board-natural-0ec397b91df41610d104d126aa89fb4c.jpg\" \/>\n\t<meta property=\"og:image:width\" content=\"1200\" \/>\n\t<meta property=\"og:image:height\" content=\"1200\" \/>\n\t<meta property=\"og:image:type\" content=\"image\/jpeg\" \/>\n<meta name=\"twitter:card\" content=\"summary_large_image\" \/>\n<script type=\"application\/ld+json\" class=\"yoast-schema-graph\">{\"@context\":\"https:\/\/schema.org\",\"@graph\":[{\"@type\":\"WebPage\",\"@id\":\"https:\/\/hubsch-interior.com\/da\/vare\/monarch-skaerebraet-natur\/\",\"url\":\"https:\/\/hubsch-interior.com\/da\/vare\/monarch-skaerebraet-natur\/\",\"name\":\"Monarch Sk\u00e6rebr\u00e6t Natur - H\u00fcbsch\",\"isPartOf\":{\"@id\":\"https:\/\/hubsch-interior.com\/da\/#website\"},\"primaryImageOfPage\":{\"@id\":\"https:\/\/hubsch-interior.com\/da\/vare\/monarch-skaerebraet-natur\/#primaryimage\"},\"image\":{\"@id\":\"https:\/\/hubsch-interior.com\/da\/vare\/monarch-skaerebraet-natur\/#primaryimage\"},\"thumbnailUrl\":\"https:\/\/hubsch-interior.com\/wp-content\/uploads\/2026\/02\/monarch-cutting-board-natural-cfc0cbe435750dd7c4ac382b03c7892e.jpg\",\"datePublished\":\"2021-06-04T08:05:48+00:00\",\"dateModified\":\"2026-04-09T02:46:00+00:00\",\"description\":\"Sk\u00e6rebr\u00e6ttet er fremstillet af FSC-certificerede egetr\u00e6. Sk\u00e6rebr\u00e6ttet er tidl\u00f8st og praktisk. Du kan bruge sk\u00e6rebr\u00e6ttet til servering af dine\",\"breadcrumb\":{\"@id\":\"https:\/\/hubsch-interior.com\/da\/vare\/monarch-skaerebraet-natur\/#breadcrumb\"},\"inLanguage\":\"da-DK\",\"potentialAction\":[{\"@type\":\"ReadAction\",\"target\":[\"https:\/\/hubsch-interior.com\/da\/vare\/monarch-skaerebraet-natur\/\"]}]},{\"@type\":\"ImageObject\",\"inLanguage\":\"da-DK\",\"@id\":\"https:\/\/hubsch-interior.com\/da\/vare\/monarch-skaerebraet-natur\/#primaryimage\",\"url\":\"https:\/\/hubsch-interior.com\/wp-content\/uploads\/2026\/02\/monarch-cutting-board-natural-cfc0cbe435750dd7c4ac382b03c7892e.jpg\",\"contentUrl\":\"https:\/\/hubsch-interior.com\/wp-content\/uploads\/2026\/02\/monarch-cutting-board-natural-cfc0cbe435750dd7c4ac382b03c7892e.jpg\",\"width\":1024,\"height\":1024},{\"@type\":\"BreadcrumbList\",\"@id\":\"https:\/\/hubsch-interior.com\/da\/vare\/monarch-skaerebraet-natur\/#breadcrumb\",\"itemListElement\":[{\"@type\":\"ListItem\",\"position\":1,\"name\":\"Forside\",\"item\":\"https:\/\/hubsch-interior.com\/da\/\"},{\"@type\":\"ListItem\",\"position\":2,\"name\":\"Produkter\",\"item\":\"https:\/\/hubsch-interior.com\/da\/produkter\/\"},{\"@type\":\"ListItem\",\"position\":3,\"name\":\"K\u00f8kken\",\"item\":\"https:\/\/hubsch-interior.com\/da\/vare-kategori\/koekken\/\"},{\"@type\":\"ListItem\",\"position\":4,\"name\":\"Bordservice\",\"item\":\"https:\/\/hubsch-interior.com\/da\/vare-kategori\/koekken\/bordservice-da-2\/\"},{\"@type\":\"ListItem\",\"position\":5,\"name\":\"Sk&aelig;rebr&aelig;tter\",\"item\":\"https:\/\/hubsch-interior.com\/da\/vare-kategori\/koekken\/bordservice-da-2\/koekken-skaerebraetter-da\/\"},{\"@type\":\"ListItem\",\"position\":6,\"name\":\"Monarch Sk\u00e6rebr\u00e6t Natur\"}]},{\"@type\":\"WebSite\",\"@id\":\"https:\/\/hubsch-interior.com\/da\/#website\",\"url\":\"https:\/\/hubsch-interior.com\/da\/\",\"name\":\"H\u00fcbsch\",\"description\":\"Danish Home Interior and Design\",\"publisher\":{\"@id\":\"https:\/\/hubsch-interior.com\/da\/#organization\"},\"potentialAction\":[{\"@type\":\"SearchAction\",\"target\":{\"@type\":\"EntryPoint\",\"urlTemplate\":\"https:\/\/hubsch-interior.com\/da\/?s={search_term_string}\"},\"query-input\":{\"@type\":\"PropertyValueSpecification\",\"valueRequired\":true,\"valueName\":\"search_term_string\"}}],\"inLanguage\":\"da-DK\"},{\"@type\":\"Organization\",\"@id\":\"https:\/\/hubsch-interior.com\/da\/#organization\",\"name\":\"H\u00fcbsch\",\"url\":\"https:\/\/hubsch-interior.com\/da\/\",\"logo\":{\"@type\":\"ImageObject\",\"inLanguage\":\"da-DK\",\"@id\":\"https:\/\/hubsch-interior.com\/da\/#\/schema\/logo\/image\/\",\"url\":\"https:\/\/hubsch-interior.com\/wp-content\/uploads\/2022\/12\/Hubsch_logo_black_one_line.svg\",\"contentUrl\":\"https:\/\/hubsch-interior.com\/wp-content\/uploads\/2022\/12\/Hubsch_logo_black_one_line.svg\",\"caption\":\"H\u00fcbsch\"},\"image\":{\"@id\":\"https:\/\/hubsch-interior.com\/da\/#\/schema\/logo\/image\/\"}}]}<\/script>\n<!-- \/ Yoast SEO plugin. -->","yoast_head_json":{"title":"Monarch Sk\u00e6rebr\u00e6t Natur - H\u00fcbsch","description":"Sk\u00e6rebr\u00e6ttet er fremstillet af FSC-certificerede egetr\u00e6. Sk\u00e6rebr\u00e6ttet er tidl\u00f8st og praktisk. Du kan bruge sk\u00e6rebr\u00e6ttet til servering af dine","robots":{"index":"index","follow":"follow","max-snippet":"max-snippet:-1","max-image-preview":"max-image-preview:large","max-video-preview":"max-video-preview:-1"},"canonical":"https:\/\/hubsch-interior.com\/da\/wp-json\/wp\/v2\/product\/394011","og_locale":"da_DK","og_type":"article","og_title":"Monarch Sk\u00e6rebr\u00e6t Natur - H\u00fcbsch","og_description":"Sk\u00e6rebr\u00e6ttet er fremstillet af FSC-certificerede egetr\u00e6. Sk\u00e6rebr\u00e6ttet er tidl\u00f8st og praktisk. Du kan bruge sk\u00e6rebr\u00e6ttet til servering af dine","og_url":"https:\/\/hubsch-interior.com\/da\/vare\/monarch-skaerebraet-natur\/","og_site_name":"H\u00fcbsch","article_modified_time":"2026-04-09T02:46:00+00:00","og_image":[{"width":1200,"height":1200,"url":"https:\/\/hubsch-interior.com\/wp-content\/uploads\/2024\/01\/monarch-cutting-board-natural-0ec397b91df41610d104d126aa89fb4c.jpg","type":"image\/jpeg"}],"twitter_card":"summary_large_image","schema":{"@context":"https:\/\/schema.org","@graph":[{"@type":"WebPage","@id":"https:\/\/hubsch-interior.com\/da\/vare\/monarch-skaerebraet-natur\/","url":"https:\/\/hubsch-interior.com\/da\/vare\/monarch-skaerebraet-natur\/","name":"Monarch Sk\u00e6rebr\u00e6t Natur - H\u00fcbsch","isPartOf":{"@id":"https:\/\/hubsch-interior.com\/da\/#website"},"primaryImageOfPage":{"@id":"https:\/\/hubsch-interior.com\/da\/vare\/monarch-skaerebraet-natur\/#primaryimage"},"image":{"@id":"https:\/\/hubsch-interior.com\/da\/vare\/monarch-skaerebraet-natur\/#primaryimage"},"thumbnailUrl":"https:\/\/hubsch-interior.com\/wp-content\/uploads\/2026\/02\/monarch-cutting-board-natural-cfc0cbe435750dd7c4ac382b03c7892e.jpg","datePublished":"2021-06-04T08:05:48+00:00","dateModified":"2026-04-09T02:46:00+00:00","description":"Sk\u00e6rebr\u00e6ttet er fremstillet af FSC-certificerede egetr\u00e6. Sk\u00e6rebr\u00e6ttet er tidl\u00f8st og praktisk. Du kan bruge sk\u00e6rebr\u00e6ttet til servering af dine","breadcrumb":{"@id":"https:\/\/hubsch-interior.com\/da\/vare\/monarch-skaerebraet-natur\/#breadcrumb"},"inLanguage":"da-DK","potentialAction":[{"@type":"ReadAction","target":["https:\/\/hubsch-interior.com\/da\/vare\/monarch-skaerebraet-natur\/"]}]},{"@type":"ImageObject","inLanguage":"da-DK","@id":"https:\/\/hubsch-interior.com\/da\/vare\/monarch-skaerebraet-natur\/#primaryimage","url":"https:\/\/hubsch-interior.com\/wp-content\/uploads\/2026\/02\/monarch-cutting-board-natural-cfc0cbe435750dd7c4ac382b03c7892e.jpg","contentUrl":"https:\/\/hubsch-interior.com\/wp-content\/uploads\/2026\/02\/monarch-cutting-board-natural-cfc0cbe435750dd7c4ac382b03c7892e.jpg","width":1024,"height":1024},{"@type":"BreadcrumbList","@id":"https:\/\/hubsch-interior.com\/da\/vare\/monarch-skaerebraet-natur\/#breadcrumb","itemListElement":[{"@type":"ListItem","position":1,"name":"Forside","item":"https:\/\/hubsch-interior.com\/da\/"},{"@type":"ListItem","position":2,"name":"Produkter","item":"https:\/\/hubsch-interior.com\/da\/produkter\/"},{"@type":"ListItem","position":3,"name":"K\u00f8kken","item":"https:\/\/hubsch-interior.com\/da\/vare-kategori\/koekken\/"},{"@type":"ListItem","position":4,"name":"Bordservice","item":"https:\/\/hubsch-interior.com\/da\/vare-kategori\/koekken\/bordservice-da-2\/"},{"@type":"ListItem","position":5,"name":"Sk&aelig;rebr&aelig;tter","item":"https:\/\/hubsch-interior.com\/da\/vare-kategori\/koekken\/bordservice-da-2\/koekken-skaerebraetter-da\/"},{"@type":"ListItem","position":6,"name":"Monarch Sk\u00e6rebr\u00e6t Natur"}]},{"@type":"WebSite","@id":"https:\/\/hubsch-interior.com\/da\/#website","url":"https:\/\/hubsch-interior.com\/da\/","name":"H\u00fcbsch","description":"Danish Home Interior and Design","publisher":{"@id":"https:\/\/hubsch-interior.com\/da\/#organization"},"potentialAction":[{"@type":"SearchAction","target":{"@type":"EntryPoint","urlTemplate":"https:\/\/hubsch-interior.com\/da\/?s={search_term_string}"},"query-input":{"@type":"PropertyValueSpecification","valueRequired":true,"valueName":"search_term_string"}}],"inLanguage":"da-DK"},{"@type":"Organization","@id":"https:\/\/hubsch-interior.com\/da\/#organization","name":"H\u00fcbsch","url":"https:\/\/hubsch-interior.com\/da\/","logo":{"@type":"ImageObject","inLanguage":"da-DK","@id":"https:\/\/hubsch-interior.com\/da\/#\/schema\/logo\/image\/","url":"https:\/\/hubsch-interior.com\/wp-content\/uploads\/2022\/12\/Hubsch_logo_black_one_line.svg","contentUrl":"https:\/\/hubsch-interior.com\/wp-content\/uploads\/2022\/12\/Hubsch_logo_black_one_line.svg","caption":"H\u00fcbsch"},"image":{"@id":"https:\/\/hubsch-interior.com\/da\/#\/schema\/logo\/image\/"}}]}},"_links":{"self":[{"href":"https:\/\/hubsch-interior.com\/da\/wp-json\/wp\/v2\/product\/394011","targetHints":{"allow":["GET"]}}],"collection":[{"href":"https:\/\/hubsch-interior.com\/da\/wp-json\/wp\/v2\/product"}],"about":[{"href":"https:\/\/hubsch-interior.com\/da\/wp-json\/wp\/v2\/types\/product"}],"wp:featuredmedia":[{"embeddable":true,"href":"https:\/\/hubsch-interior.com\/da\/wp-json\/wp\/v2\/media\/1101264"}],"wp:attachment":[{"href":"https:\/\/hubsch-interior.com\/da\/wp-json\/wp\/v2\/media?parent=394011"}],"wp:term":[{"taxonomy":"product_brand","embeddable":true,"href":"https:\/\/hubsch-interior.com\/da\/wp-json\/wp\/v2\/product_brand?post=394011"},{"taxonomy":"product_cat","embeddable":true,"href":"https:\/\/hubsch-interior.com\/da\/wp-json\/wp\/v2\/product_cat?post=394011"},{"taxonomy":"product_tag","embeddable":true,"href":"https:\/\/hubsch-interior.com\/da\/wp-json\/wp\/v2\/product_tag?post=394011"}],"curies":[{"name":"wp","href":"https:\/\/api.w.org\/{rel}","templated":true}]}}