{"id":394743,"date":"2021-06-04T10:08:16","date_gmt":"2021-06-04T08:08:16","guid":{"rendered":"https:\/\/hubsch-interior.com\/shop-b2c\/product\/product-6\/"},"modified":"2026-04-09T04:47:40","modified_gmt":"2026-04-09T02:47:40","slug":"less-vaeghylde-natur","status":"publish","type":"product","link":"https:\/\/hubsch-interior.com\/da\/vare\/less-vaeghylde-natur\/","title":{"rendered":"Less V\u00e6ghylde Natur"},"content":{"rendered":"<p>Less V\u00e6ghylde Natur er et moderne og stilfuldt design, som passer perfekt ind i ethvert rum. Det er FSC-certificeret og fremstillet af egetr\u00e6sfin\u00e9r, hvilket g\u00f8r det st\u00e6rkt og holdbart. Denne v\u00e6ghylde har en enkel, geometrisk form, der vil pynte og udsmykke ethvert rum. Det er utroligt let at montere og kommer med montagebeslag. Less V\u00e6ghylde Natur er et must-have i ethvert hjem.<\/p>\n","protected":false},"excerpt":{"rendered":"<p>Less V\u00e6ghylde Natur er et moderne og stilfuldt design, som passer perfekt ind i ethvert rum. Det er FSC-certificeret og fremstillet af egetr\u00e6sfin\u00e9r, hvilket g\u00f8r det st\u00e6rkt og holdbart. Denne v\u00e6ghylde har en enkel, geometrisk form, der vil pynte og udsmykke ethvert rum. Det er utroligt let at montere og kommer med montagebeslag. Less V\u00e6ghylde [&hellip;]<\/p>\n","protected":false},"featured_media":1101780,"template":"","meta":{"_acf_changed":false,"inline_featured_image":false},"product_brand":[],"product_cat":[6321,2857,4801,3999,4022,5025],"product_tag":[],"class_list":{"0":"post-394743","1":"product","2":"type-product","3":"status-publish","4":"has-post-thumbnail","6":"product_cat-fsc-da","7":"product_cat-borde-da","8":"product_cat-sengeborde-da","9":"product_cat-reoler-opbevaring-da","10":"product_cat-hylder-da","11":"product_cat-bestsellers-da","12":"product_shipping_class-pk","14":"pa_color-natur-2","15":"pa_material-mdf-da","16":"pa_material-egetrsfiner","18":"first","19":"instock","20":"featured","21":"taxable","22":"shipping-taxable","23":"purchasable","24":"product-type-simple"},"exclude_global_add_ons":[],"addons":[],"acf":[],"yoast_head":"<!-- This site is optimized with the Yoast SEO plugin v26.4 - https:\/\/yoast.com\/wordpress\/plugins\/seo\/ -->\n<title>Less V\u00e6ghylde Natur - H\u00fcbsch<\/title>\n<meta name=\"description\" content=\"Less V\u00e6ghylde Natur er et moderne og stilfuldt design, som passer perfekt ind i ethvert rum. Det er FSC-certificeret og fremstillet af egetr\u00e6sfin\u00e9r,\" \/>\n<meta name=\"robots\" content=\"index, follow, max-snippet:-1, max-image-preview:large, max-video-preview:-1\" \/>\n<link rel=\"canonical\" href=\"https:\/\/hubsch-interior.com\/da\/wp-json\/wp\/v2\/product\/394743\" \/>\n<meta property=\"og:locale\" content=\"da_DK\" \/>\n<meta property=\"og:type\" content=\"article\" \/>\n<meta property=\"og:title\" content=\"Less V\u00e6ghylde Natur - H\u00fcbsch\" \/>\n<meta property=\"og:description\" content=\"Less V\u00e6ghylde Natur er et moderne og stilfuldt design, som passer perfekt ind i ethvert rum. Det er FSC-certificeret og fremstillet af egetr\u00e6sfin\u00e9r,\" \/>\n<meta property=\"og:url\" content=\"https:\/\/hubsch-interior.com\/da\/vare\/less-vaeghylde-natur\/\" \/>\n<meta property=\"og:site_name\" content=\"H\u00fcbsch\" \/>\n<meta property=\"article:modified_time\" content=\"2026-04-09T02:47:40+00:00\" \/>\n<meta property=\"og:image\" content=\"https:\/\/hubsch-interior.com\/wp-content\/uploads\/2023\/08\/less-wall-shelf-natural-f83bb4794e977499716842a4d07c34fc.jpg\" \/>\n\t<meta property=\"og:image:width\" content=\"1200\" \/>\n\t<meta property=\"og:image:height\" content=\"1200\" \/>\n\t<meta property=\"og:image:type\" content=\"image\/jpeg\" \/>\n<meta name=\"twitter:card\" content=\"summary_large_image\" \/>\n<script type=\"application\/ld+json\" class=\"yoast-schema-graph\">{\"@context\":\"https:\/\/schema.org\",\"@graph\":[{\"@type\":\"WebPage\",\"@id\":\"https:\/\/hubsch-interior.com\/da\/vare\/less-vaeghylde-natur\/\",\"url\":\"https:\/\/hubsch-interior.com\/da\/vare\/less-vaeghylde-natur\/\",\"name\":\"Less V\u00e6ghylde Natur - H\u00fcbsch\",\"isPartOf\":{\"@id\":\"https:\/\/hubsch-interior.com\/da\/#website\"},\"primaryImageOfPage\":{\"@id\":\"https:\/\/hubsch-interior.com\/da\/vare\/less-vaeghylde-natur\/#primaryimage\"},\"image\":{\"@id\":\"https:\/\/hubsch-interior.com\/da\/vare\/less-vaeghylde-natur\/#primaryimage\"},\"thumbnailUrl\":\"https:\/\/hubsch-interior.com\/wp-content\/uploads\/2026\/02\/less-wall-shelf-natural-ba3874088578b2129c80ec69417ea8c2.jpg\",\"datePublished\":\"2021-06-04T08:08:16+00:00\",\"dateModified\":\"2026-04-09T02:47:40+00:00\",\"description\":\"Less V\u00e6ghylde Natur er et moderne og stilfuldt design, som passer perfekt ind i ethvert rum. Det er FSC-certificeret og fremstillet af egetr\u00e6sfin\u00e9r,\",\"breadcrumb\":{\"@id\":\"https:\/\/hubsch-interior.com\/da\/vare\/less-vaeghylde-natur\/#breadcrumb\"},\"inLanguage\":\"da-DK\",\"potentialAction\":[{\"@type\":\"ReadAction\",\"target\":[\"https:\/\/hubsch-interior.com\/da\/vare\/less-vaeghylde-natur\/\"]}]},{\"@type\":\"ImageObject\",\"inLanguage\":\"da-DK\",\"@id\":\"https:\/\/hubsch-interior.com\/da\/vare\/less-vaeghylde-natur\/#primaryimage\",\"url\":\"https:\/\/hubsch-interior.com\/wp-content\/uploads\/2026\/02\/less-wall-shelf-natural-ba3874088578b2129c80ec69417ea8c2.jpg\",\"contentUrl\":\"https:\/\/hubsch-interior.com\/wp-content\/uploads\/2026\/02\/less-wall-shelf-natural-ba3874088578b2129c80ec69417ea8c2.jpg\",\"width\":1024,\"height\":1024},{\"@type\":\"BreadcrumbList\",\"@id\":\"https:\/\/hubsch-interior.com\/da\/vare\/less-vaeghylde-natur\/#breadcrumb\",\"itemListElement\":[{\"@type\":\"ListItem\",\"position\":1,\"name\":\"Forside\",\"item\":\"https:\/\/hubsch-interior.com\/da\/\"},{\"@type\":\"ListItem\",\"position\":2,\"name\":\"Produkter\",\"item\":\"https:\/\/hubsch-interior.com\/da\/produkter\/\"},{\"@type\":\"ListItem\",\"position\":3,\"name\":\"M\u00f8bler\",\"item\":\"https:\/\/hubsch-interior.com\/da\/vare-kategori\/mobler\/\"},{\"@type\":\"ListItem\",\"position\":4,\"name\":\"Borde\",\"item\":\"https:\/\/hubsch-interior.com\/da\/vare-kategori\/mobler\/borde-da\/\"},{\"@type\":\"ListItem\",\"position\":5,\"name\":\"Sengeborde\",\"item\":\"https:\/\/hubsch-interior.com\/da\/vare-kategori\/mobler\/borde-da\/sengeborde-da\/\"},{\"@type\":\"ListItem\",\"position\":6,\"name\":\"Less V\u00e6ghylde Natur\"}]},{\"@type\":\"WebSite\",\"@id\":\"https:\/\/hubsch-interior.com\/da\/#website\",\"url\":\"https:\/\/hubsch-interior.com\/da\/\",\"name\":\"H\u00fcbsch\",\"description\":\"Danish Home Interior and Design\",\"publisher\":{\"@id\":\"https:\/\/hubsch-interior.com\/da\/#organization\"},\"potentialAction\":[{\"@type\":\"SearchAction\",\"target\":{\"@type\":\"EntryPoint\",\"urlTemplate\":\"https:\/\/hubsch-interior.com\/da\/?s={search_term_string}\"},\"query-input\":{\"@type\":\"PropertyValueSpecification\",\"valueRequired\":true,\"valueName\":\"search_term_string\"}}],\"inLanguage\":\"da-DK\"},{\"@type\":\"Organization\",\"@id\":\"https:\/\/hubsch-interior.com\/da\/#organization\",\"name\":\"H\u00fcbsch\",\"url\":\"https:\/\/hubsch-interior.com\/da\/\",\"logo\":{\"@type\":\"ImageObject\",\"inLanguage\":\"da-DK\",\"@id\":\"https:\/\/hubsch-interior.com\/da\/#\/schema\/logo\/image\/\",\"url\":\"https:\/\/hubsch-interior.com\/wp-content\/uploads\/2022\/12\/Hubsch_logo_black_one_line.svg\",\"contentUrl\":\"https:\/\/hubsch-interior.com\/wp-content\/uploads\/2022\/12\/Hubsch_logo_black_one_line.svg\",\"caption\":\"H\u00fcbsch\"},\"image\":{\"@id\":\"https:\/\/hubsch-interior.com\/da\/#\/schema\/logo\/image\/\"}}]}<\/script>\n<!-- \/ Yoast SEO plugin. -->","yoast_head_json":{"title":"Less V\u00e6ghylde Natur - H\u00fcbsch","description":"Less V\u00e6ghylde Natur er et moderne og stilfuldt design, som passer perfekt ind i ethvert rum. Det er FSC-certificeret og fremstillet af egetr\u00e6sfin\u00e9r,","robots":{"index":"index","follow":"follow","max-snippet":"max-snippet:-1","max-image-preview":"max-image-preview:large","max-video-preview":"max-video-preview:-1"},"canonical":"https:\/\/hubsch-interior.com\/da\/wp-json\/wp\/v2\/product\/394743","og_locale":"da_DK","og_type":"article","og_title":"Less V\u00e6ghylde Natur - H\u00fcbsch","og_description":"Less V\u00e6ghylde Natur er et moderne og stilfuldt design, som passer perfekt ind i ethvert rum. Det er FSC-certificeret og fremstillet af egetr\u00e6sfin\u00e9r,","og_url":"https:\/\/hubsch-interior.com\/da\/vare\/less-vaeghylde-natur\/","og_site_name":"H\u00fcbsch","article_modified_time":"2026-04-09T02:47:40+00:00","og_image":[{"width":1200,"height":1200,"url":"https:\/\/hubsch-interior.com\/wp-content\/uploads\/2023\/08\/less-wall-shelf-natural-f83bb4794e977499716842a4d07c34fc.jpg","type":"image\/jpeg"}],"twitter_card":"summary_large_image","schema":{"@context":"https:\/\/schema.org","@graph":[{"@type":"WebPage","@id":"https:\/\/hubsch-interior.com\/da\/vare\/less-vaeghylde-natur\/","url":"https:\/\/hubsch-interior.com\/da\/vare\/less-vaeghylde-natur\/","name":"Less V\u00e6ghylde Natur - H\u00fcbsch","isPartOf":{"@id":"https:\/\/hubsch-interior.com\/da\/#website"},"primaryImageOfPage":{"@id":"https:\/\/hubsch-interior.com\/da\/vare\/less-vaeghylde-natur\/#primaryimage"},"image":{"@id":"https:\/\/hubsch-interior.com\/da\/vare\/less-vaeghylde-natur\/#primaryimage"},"thumbnailUrl":"https:\/\/hubsch-interior.com\/wp-content\/uploads\/2026\/02\/less-wall-shelf-natural-ba3874088578b2129c80ec69417ea8c2.jpg","datePublished":"2021-06-04T08:08:16+00:00","dateModified":"2026-04-09T02:47:40+00:00","description":"Less V\u00e6ghylde Natur er et moderne og stilfuldt design, som passer perfekt ind i ethvert rum. Det er FSC-certificeret og fremstillet af egetr\u00e6sfin\u00e9r,","breadcrumb":{"@id":"https:\/\/hubsch-interior.com\/da\/vare\/less-vaeghylde-natur\/#breadcrumb"},"inLanguage":"da-DK","potentialAction":[{"@type":"ReadAction","target":["https:\/\/hubsch-interior.com\/da\/vare\/less-vaeghylde-natur\/"]}]},{"@type":"ImageObject","inLanguage":"da-DK","@id":"https:\/\/hubsch-interior.com\/da\/vare\/less-vaeghylde-natur\/#primaryimage","url":"https:\/\/hubsch-interior.com\/wp-content\/uploads\/2026\/02\/less-wall-shelf-natural-ba3874088578b2129c80ec69417ea8c2.jpg","contentUrl":"https:\/\/hubsch-interior.com\/wp-content\/uploads\/2026\/02\/less-wall-shelf-natural-ba3874088578b2129c80ec69417ea8c2.jpg","width":1024,"height":1024},{"@type":"BreadcrumbList","@id":"https:\/\/hubsch-interior.com\/da\/vare\/less-vaeghylde-natur\/#breadcrumb","itemListElement":[{"@type":"ListItem","position":1,"name":"Forside","item":"https:\/\/hubsch-interior.com\/da\/"},{"@type":"ListItem","position":2,"name":"Produkter","item":"https:\/\/hubsch-interior.com\/da\/produkter\/"},{"@type":"ListItem","position":3,"name":"M\u00f8bler","item":"https:\/\/hubsch-interior.com\/da\/vare-kategori\/mobler\/"},{"@type":"ListItem","position":4,"name":"Borde","item":"https:\/\/hubsch-interior.com\/da\/vare-kategori\/mobler\/borde-da\/"},{"@type":"ListItem","position":5,"name":"Sengeborde","item":"https:\/\/hubsch-interior.com\/da\/vare-kategori\/mobler\/borde-da\/sengeborde-da\/"},{"@type":"ListItem","position":6,"name":"Less V\u00e6ghylde Natur"}]},{"@type":"WebSite","@id":"https:\/\/hubsch-interior.com\/da\/#website","url":"https:\/\/hubsch-interior.com\/da\/","name":"H\u00fcbsch","description":"Danish Home Interior and Design","publisher":{"@id":"https:\/\/hubsch-interior.com\/da\/#organization"},"potentialAction":[{"@type":"SearchAction","target":{"@type":"EntryPoint","urlTemplate":"https:\/\/hubsch-interior.com\/da\/?s={search_term_string}"},"query-input":{"@type":"PropertyValueSpecification","valueRequired":true,"valueName":"search_term_string"}}],"inLanguage":"da-DK"},{"@type":"Organization","@id":"https:\/\/hubsch-interior.com\/da\/#organization","name":"H\u00fcbsch","url":"https:\/\/hubsch-interior.com\/da\/","logo":{"@type":"ImageObject","inLanguage":"da-DK","@id":"https:\/\/hubsch-interior.com\/da\/#\/schema\/logo\/image\/","url":"https:\/\/hubsch-interior.com\/wp-content\/uploads\/2022\/12\/Hubsch_logo_black_one_line.svg","contentUrl":"https:\/\/hubsch-interior.com\/wp-content\/uploads\/2022\/12\/Hubsch_logo_black_one_line.svg","caption":"H\u00fcbsch"},"image":{"@id":"https:\/\/hubsch-interior.com\/da\/#\/schema\/logo\/image\/"}}]}},"_links":{"self":[{"href":"https:\/\/hubsch-interior.com\/da\/wp-json\/wp\/v2\/product\/394743","targetHints":{"allow":["GET"]}}],"collection":[{"href":"https:\/\/hubsch-interior.com\/da\/wp-json\/wp\/v2\/product"}],"about":[{"href":"https:\/\/hubsch-interior.com\/da\/wp-json\/wp\/v2\/types\/product"}],"wp:featuredmedia":[{"embeddable":true,"href":"https:\/\/hubsch-interior.com\/da\/wp-json\/wp\/v2\/media\/1101780"}],"wp:attachment":[{"href":"https:\/\/hubsch-interior.com\/da\/wp-json\/wp\/v2\/media?parent=394743"}],"wp:term":[{"taxonomy":"product_brand","embeddable":true,"href":"https:\/\/hubsch-interior.com\/da\/wp-json\/wp\/v2\/product_brand?post=394743"},{"taxonomy":"product_cat","embeddable":true,"href":"https:\/\/hubsch-interior.com\/da\/wp-json\/wp\/v2\/product_cat?post=394743"},{"taxonomy":"product_tag","embeddable":true,"href":"https:\/\/hubsch-interior.com\/da\/wp-json\/wp\/v2\/product_tag?post=394743"}],"curies":[{"name":"wp","href":"https:\/\/api.w.org\/{rel}","templated":true}]}}