{"id":395535,"date":"2021-06-04T10:10:48","date_gmt":"2021-06-04T08:10:48","guid":{"rendered":"https:\/\/hubsch-interior.com\/shop-b2c\/product\/product-6\/"},"modified":"2026-04-09T04:49:16","modified_gmt":"2026-04-09T02:49:16","slug":"nomad-knageraekke-8-knager-large-natur","status":"publish","type":"product","link":"https:\/\/hubsch-interior.com\/da\/vare\/nomad-knageraekke-8-knager-large-natur\/","title":{"rendered":"Nomad Knager\u00e6kke 8 knager Large Natur"},"content":{"rendered":"<p>Nomad Knager\u00e6kke 8 knager Large Natur er en stilren knager\u00e6kke med 8 knager i massiv og slidst\u00e6rk eg. Den er certificeret af FSC, hvilket betyder, at tr\u00e6et er b\u00e6redygtigt og har v\u00e6ret udsat for et sk\u00e5nsomt f\u00e6ldningsforl\u00f8b. Denne knager\u00e6kke vil give et stilrent look til dit hjem og er perfekt til entr\u00e9en. Den har et enkelt og smukt design, der passer til alle slags indretninger. Nomad Knager\u00e6kke 8 knager Large Natur er den perfekte l\u00f8sning til at holde dine ting organiseret.<\/p>\n","protected":false},"excerpt":{"rendered":"<p>Nomad Knager\u00e6kke 8 knager Large Natur er en stilren knager\u00e6kke med 8 knager i massiv og slidst\u00e6rk eg. Den er certificeret af FSC, hvilket betyder, at tr\u00e6et er b\u00e6redygtigt og har v\u00e6ret udsat for et sk\u00e5nsomt f\u00e6ldningsforl\u00f8b. Denne knager\u00e6kke vil give et stilrent look til dit hjem og er perfekt til entr\u00e9en. Den har et [&hellip;]<\/p>\n","protected":false},"featured_media":1102438,"template":"","meta":{"_acf_changed":false,"inline_featured_image":false},"product_brand":[],"product_cat":[5025,6321,4039,4040,5029],"product_tag":[],"class_list":{"0":"post-395535","1":"product","2":"type-product","3":"status-publish","4":"has-post-thumbnail","6":"product_cat-bestsellers-da","7":"product_cat-fsc-da","8":"product_cat-knager-knageraekker-da","9":"product_cat-knageraekker-da","10":"product_cat-tilbage-paa-lager-da","11":"product_shipping_class-pk","13":"pa_color-natur-2","14":"pa_material-egetrsfiner","16":"first","17":"instock","18":"featured","19":"taxable","20":"shipping-taxable","21":"purchasable","22":"product-type-simple"},"exclude_global_add_ons":[],"addons":[],"acf":[],"yoast_head":"<!-- This site is optimized with the Yoast SEO plugin v26.4 - https:\/\/yoast.com\/wordpress\/plugins\/seo\/ -->\n<title>Nomad Knager\u00e6kke 8 knager Large Natur - H\u00fcbsch<\/title>\n<meta name=\"description\" content=\"Nomad Knager\u00e6kke 8 knager Large Natur er en stilren knager\u00e6kke med 8 knager i massiv og slidst\u00e6rk eg. Den er certificeret af FSC, hvilket betyder, at\" \/>\n<meta name=\"robots\" content=\"index, follow, max-snippet:-1, max-image-preview:large, max-video-preview:-1\" \/>\n<link rel=\"canonical\" href=\"https:\/\/hubsch-interior.com\/da\/wp-json\/wp\/v2\/product\/395535\" \/>\n<meta property=\"og:locale\" content=\"da_DK\" \/>\n<meta property=\"og:type\" content=\"article\" \/>\n<meta property=\"og:title\" content=\"Nomad Knager\u00e6kke 8 knager Large Natur - H\u00fcbsch\" \/>\n<meta property=\"og:description\" content=\"Nomad Knager\u00e6kke 8 knager Large Natur er en stilren knager\u00e6kke med 8 knager i massiv og slidst\u00e6rk eg. Den er certificeret af FSC, hvilket betyder, at\" \/>\n<meta property=\"og:url\" content=\"https:\/\/hubsch-interior.com\/da\/vare\/nomad-knageraekke-8-knager-large-natur\/\" \/>\n<meta property=\"og:site_name\" content=\"H\u00fcbsch\" \/>\n<meta property=\"article:modified_time\" content=\"2026-04-09T02:49:16+00:00\" \/>\n<meta property=\"og:image\" content=\"https:\/\/hubsch-interior.com\/wp-content\/uploads\/2023\/08\/nomad-coatrack-8-hooks-large-natural-0ec58b667bcabef1b62bae8032f7b970.jpg\" \/>\n\t<meta property=\"og:image:width\" content=\"1200\" \/>\n\t<meta property=\"og:image:height\" content=\"1200\" \/>\n\t<meta property=\"og:image:type\" content=\"image\/jpeg\" \/>\n<meta name=\"twitter:card\" content=\"summary_large_image\" \/>\n<script type=\"application\/ld+json\" class=\"yoast-schema-graph\">{\"@context\":\"https:\/\/schema.org\",\"@graph\":[{\"@type\":\"WebPage\",\"@id\":\"https:\/\/hubsch-interior.com\/da\/vare\/nomad-knageraekke-8-knager-large-natur\/\",\"url\":\"https:\/\/hubsch-interior.com\/da\/vare\/nomad-knageraekke-8-knager-large-natur\/\",\"name\":\"Nomad Knager\u00e6kke 8 knager Large Natur - H\u00fcbsch\",\"isPartOf\":{\"@id\":\"https:\/\/hubsch-interior.com\/da\/#website\"},\"primaryImageOfPage\":{\"@id\":\"https:\/\/hubsch-interior.com\/da\/vare\/nomad-knageraekke-8-knager-large-natur\/#primaryimage\"},\"image\":{\"@id\":\"https:\/\/hubsch-interior.com\/da\/vare\/nomad-knageraekke-8-knager-large-natur\/#primaryimage\"},\"thumbnailUrl\":\"https:\/\/hubsch-interior.com\/wp-content\/uploads\/2026\/02\/nomad-coatrack-8-hooks-large-natural-0eff916eea5229c111ac553fd4e26041.jpg\",\"datePublished\":\"2021-06-04T08:10:48+00:00\",\"dateModified\":\"2026-04-09T02:49:16+00:00\",\"description\":\"Nomad Knager\u00e6kke 8 knager Large Natur er en stilren knager\u00e6kke med 8 knager i massiv og slidst\u00e6rk eg. Den er certificeret af FSC, hvilket betyder, at\",\"breadcrumb\":{\"@id\":\"https:\/\/hubsch-interior.com\/da\/vare\/nomad-knageraekke-8-knager-large-natur\/#breadcrumb\"},\"inLanguage\":\"da-DK\",\"potentialAction\":[{\"@type\":\"ReadAction\",\"target\":[\"https:\/\/hubsch-interior.com\/da\/vare\/nomad-knageraekke-8-knager-large-natur\/\"]}]},{\"@type\":\"ImageObject\",\"inLanguage\":\"da-DK\",\"@id\":\"https:\/\/hubsch-interior.com\/da\/vare\/nomad-knageraekke-8-knager-large-natur\/#primaryimage\",\"url\":\"https:\/\/hubsch-interior.com\/wp-content\/uploads\/2026\/02\/nomad-coatrack-8-hooks-large-natural-0eff916eea5229c111ac553fd4e26041.jpg\",\"contentUrl\":\"https:\/\/hubsch-interior.com\/wp-content\/uploads\/2026\/02\/nomad-coatrack-8-hooks-large-natural-0eff916eea5229c111ac553fd4e26041.jpg\",\"width\":1024,\"height\":1024},{\"@type\":\"BreadcrumbList\",\"@id\":\"https:\/\/hubsch-interior.com\/da\/vare\/nomad-knageraekke-8-knager-large-natur\/#breadcrumb\",\"itemListElement\":[{\"@type\":\"ListItem\",\"position\":1,\"name\":\"Forside\",\"item\":\"https:\/\/hubsch-interior.com\/da\/\"},{\"@type\":\"ListItem\",\"position\":2,\"name\":\"Produkter\",\"item\":\"https:\/\/hubsch-interior.com\/da\/produkter\/\"},{\"@type\":\"ListItem\",\"position\":3,\"name\":\"Boligtilbeh\u00f8r\",\"item\":\"https:\/\/hubsch-interior.com\/da\/vare-kategori\/boligtilbehor\/\"},{\"@type\":\"ListItem\",\"position\":4,\"name\":\"Knager &amp; knager&aelig;kker\",\"item\":\"https:\/\/hubsch-interior.com\/da\/vare-kategori\/boligtilbehor\/knager-knageraekker-da\/\"},{\"@type\":\"ListItem\",\"position\":5,\"name\":\"Knager&aelig;kker\",\"item\":\"https:\/\/hubsch-interior.com\/da\/vare-kategori\/boligtilbehor\/knager-knageraekker-da\/knageraekker-da\/\"},{\"@type\":\"ListItem\",\"position\":6,\"name\":\"Nomad Knager\u00e6kke 8 knager Large Natur\"}]},{\"@type\":\"WebSite\",\"@id\":\"https:\/\/hubsch-interior.com\/da\/#website\",\"url\":\"https:\/\/hubsch-interior.com\/da\/\",\"name\":\"H\u00fcbsch\",\"description\":\"Danish Home Interior and Design\",\"publisher\":{\"@id\":\"https:\/\/hubsch-interior.com\/da\/#organization\"},\"potentialAction\":[{\"@type\":\"SearchAction\",\"target\":{\"@type\":\"EntryPoint\",\"urlTemplate\":\"https:\/\/hubsch-interior.com\/da\/?s={search_term_string}\"},\"query-input\":{\"@type\":\"PropertyValueSpecification\",\"valueRequired\":true,\"valueName\":\"search_term_string\"}}],\"inLanguage\":\"da-DK\"},{\"@type\":\"Organization\",\"@id\":\"https:\/\/hubsch-interior.com\/da\/#organization\",\"name\":\"H\u00fcbsch\",\"url\":\"https:\/\/hubsch-interior.com\/da\/\",\"logo\":{\"@type\":\"ImageObject\",\"inLanguage\":\"da-DK\",\"@id\":\"https:\/\/hubsch-interior.com\/da\/#\/schema\/logo\/image\/\",\"url\":\"https:\/\/hubsch-interior.com\/wp-content\/uploads\/2022\/12\/Hubsch_logo_black_one_line.svg\",\"contentUrl\":\"https:\/\/hubsch-interior.com\/wp-content\/uploads\/2022\/12\/Hubsch_logo_black_one_line.svg\",\"caption\":\"H\u00fcbsch\"},\"image\":{\"@id\":\"https:\/\/hubsch-interior.com\/da\/#\/schema\/logo\/image\/\"}}]}<\/script>\n<!-- \/ Yoast SEO plugin. -->","yoast_head_json":{"title":"Nomad Knager\u00e6kke 8 knager Large Natur - H\u00fcbsch","description":"Nomad Knager\u00e6kke 8 knager Large Natur er en stilren knager\u00e6kke med 8 knager i massiv og slidst\u00e6rk eg. Den er certificeret af FSC, hvilket betyder, at","robots":{"index":"index","follow":"follow","max-snippet":"max-snippet:-1","max-image-preview":"max-image-preview:large","max-video-preview":"max-video-preview:-1"},"canonical":"https:\/\/hubsch-interior.com\/da\/wp-json\/wp\/v2\/product\/395535","og_locale":"da_DK","og_type":"article","og_title":"Nomad Knager\u00e6kke 8 knager Large Natur - H\u00fcbsch","og_description":"Nomad Knager\u00e6kke 8 knager Large Natur er en stilren knager\u00e6kke med 8 knager i massiv og slidst\u00e6rk eg. Den er certificeret af FSC, hvilket betyder, at","og_url":"https:\/\/hubsch-interior.com\/da\/vare\/nomad-knageraekke-8-knager-large-natur\/","og_site_name":"H\u00fcbsch","article_modified_time":"2026-04-09T02:49:16+00:00","og_image":[{"width":1200,"height":1200,"url":"https:\/\/hubsch-interior.com\/wp-content\/uploads\/2023\/08\/nomad-coatrack-8-hooks-large-natural-0ec58b667bcabef1b62bae8032f7b970.jpg","type":"image\/jpeg"}],"twitter_card":"summary_large_image","schema":{"@context":"https:\/\/schema.org","@graph":[{"@type":"WebPage","@id":"https:\/\/hubsch-interior.com\/da\/vare\/nomad-knageraekke-8-knager-large-natur\/","url":"https:\/\/hubsch-interior.com\/da\/vare\/nomad-knageraekke-8-knager-large-natur\/","name":"Nomad Knager\u00e6kke 8 knager Large Natur - H\u00fcbsch","isPartOf":{"@id":"https:\/\/hubsch-interior.com\/da\/#website"},"primaryImageOfPage":{"@id":"https:\/\/hubsch-interior.com\/da\/vare\/nomad-knageraekke-8-knager-large-natur\/#primaryimage"},"image":{"@id":"https:\/\/hubsch-interior.com\/da\/vare\/nomad-knageraekke-8-knager-large-natur\/#primaryimage"},"thumbnailUrl":"https:\/\/hubsch-interior.com\/wp-content\/uploads\/2026\/02\/nomad-coatrack-8-hooks-large-natural-0eff916eea5229c111ac553fd4e26041.jpg","datePublished":"2021-06-04T08:10:48+00:00","dateModified":"2026-04-09T02:49:16+00:00","description":"Nomad Knager\u00e6kke 8 knager Large Natur er en stilren knager\u00e6kke med 8 knager i massiv og slidst\u00e6rk eg. Den er certificeret af FSC, hvilket betyder, at","breadcrumb":{"@id":"https:\/\/hubsch-interior.com\/da\/vare\/nomad-knageraekke-8-knager-large-natur\/#breadcrumb"},"inLanguage":"da-DK","potentialAction":[{"@type":"ReadAction","target":["https:\/\/hubsch-interior.com\/da\/vare\/nomad-knageraekke-8-knager-large-natur\/"]}]},{"@type":"ImageObject","inLanguage":"da-DK","@id":"https:\/\/hubsch-interior.com\/da\/vare\/nomad-knageraekke-8-knager-large-natur\/#primaryimage","url":"https:\/\/hubsch-interior.com\/wp-content\/uploads\/2026\/02\/nomad-coatrack-8-hooks-large-natural-0eff916eea5229c111ac553fd4e26041.jpg","contentUrl":"https:\/\/hubsch-interior.com\/wp-content\/uploads\/2026\/02\/nomad-coatrack-8-hooks-large-natural-0eff916eea5229c111ac553fd4e26041.jpg","width":1024,"height":1024},{"@type":"BreadcrumbList","@id":"https:\/\/hubsch-interior.com\/da\/vare\/nomad-knageraekke-8-knager-large-natur\/#breadcrumb","itemListElement":[{"@type":"ListItem","position":1,"name":"Forside","item":"https:\/\/hubsch-interior.com\/da\/"},{"@type":"ListItem","position":2,"name":"Produkter","item":"https:\/\/hubsch-interior.com\/da\/produkter\/"},{"@type":"ListItem","position":3,"name":"Boligtilbeh\u00f8r","item":"https:\/\/hubsch-interior.com\/da\/vare-kategori\/boligtilbehor\/"},{"@type":"ListItem","position":4,"name":"Knager &amp; knager&aelig;kker","item":"https:\/\/hubsch-interior.com\/da\/vare-kategori\/boligtilbehor\/knager-knageraekker-da\/"},{"@type":"ListItem","position":5,"name":"Knager&aelig;kker","item":"https:\/\/hubsch-interior.com\/da\/vare-kategori\/boligtilbehor\/knager-knageraekker-da\/knageraekker-da\/"},{"@type":"ListItem","position":6,"name":"Nomad Knager\u00e6kke 8 knager Large Natur"}]},{"@type":"WebSite","@id":"https:\/\/hubsch-interior.com\/da\/#website","url":"https:\/\/hubsch-interior.com\/da\/","name":"H\u00fcbsch","description":"Danish Home Interior and Design","publisher":{"@id":"https:\/\/hubsch-interior.com\/da\/#organization"},"potentialAction":[{"@type":"SearchAction","target":{"@type":"EntryPoint","urlTemplate":"https:\/\/hubsch-interior.com\/da\/?s={search_term_string}"},"query-input":{"@type":"PropertyValueSpecification","valueRequired":true,"valueName":"search_term_string"}}],"inLanguage":"da-DK"},{"@type":"Organization","@id":"https:\/\/hubsch-interior.com\/da\/#organization","name":"H\u00fcbsch","url":"https:\/\/hubsch-interior.com\/da\/","logo":{"@type":"ImageObject","inLanguage":"da-DK","@id":"https:\/\/hubsch-interior.com\/da\/#\/schema\/logo\/image\/","url":"https:\/\/hubsch-interior.com\/wp-content\/uploads\/2022\/12\/Hubsch_logo_black_one_line.svg","contentUrl":"https:\/\/hubsch-interior.com\/wp-content\/uploads\/2022\/12\/Hubsch_logo_black_one_line.svg","caption":"H\u00fcbsch"},"image":{"@id":"https:\/\/hubsch-interior.com\/da\/#\/schema\/logo\/image\/"}}]}},"_links":{"self":[{"href":"https:\/\/hubsch-interior.com\/da\/wp-json\/wp\/v2\/product\/395535","targetHints":{"allow":["GET"]}}],"collection":[{"href":"https:\/\/hubsch-interior.com\/da\/wp-json\/wp\/v2\/product"}],"about":[{"href":"https:\/\/hubsch-interior.com\/da\/wp-json\/wp\/v2\/types\/product"}],"wp:featuredmedia":[{"embeddable":true,"href":"https:\/\/hubsch-interior.com\/da\/wp-json\/wp\/v2\/media\/1102438"}],"wp:attachment":[{"href":"https:\/\/hubsch-interior.com\/da\/wp-json\/wp\/v2\/media?parent=395535"}],"wp:term":[{"taxonomy":"product_brand","embeddable":true,"href":"https:\/\/hubsch-interior.com\/da\/wp-json\/wp\/v2\/product_brand?post=395535"},{"taxonomy":"product_cat","embeddable":true,"href":"https:\/\/hubsch-interior.com\/da\/wp-json\/wp\/v2\/product_cat?post=395535"},{"taxonomy":"product_tag","embeddable":true,"href":"https:\/\/hubsch-interior.com\/da\/wp-json\/wp\/v2\/product_tag?post=395535"}],"curies":[{"name":"wp","href":"https:\/\/api.w.org\/{rel}","templated":true}]}}