{"id":395547,"date":"2021-06-04T10:10:54","date_gmt":"2021-06-04T08:10:54","guid":{"rendered":"https:\/\/hubsch-interior.com\/shop-b2c\/product\/product-6\/"},"modified":"2026-04-05T04:51:16","modified_gmt":"2026-04-05T02:51:16","slug":"nomad-knageraekke-5-knager-small-natur","status":"publish","type":"product","link":"https:\/\/hubsch-interior.com\/da\/vare\/nomad-knageraekke-5-knager-small-natur\/","title":{"rendered":"Nomad Knager\u00e6kke 5 knager Small Natur"},"content":{"rendered":"<p>Nomad Knager\u00e6kke 5 knager Small Natur er en smuk og stilren knager\u00e6kke, som er FSC certificeret. Den er lavet af b\u00f8getr\u00e6 og er det perfekte valg til boligindretningen. Den har 5 sm\u00e5 knager, der er perfekte til at h\u00e6nge dit t\u00f8j og andet p\u00e5. Den er s\u00e5 stilren, at den vil se godt ud i stort set ethvert rum. Nomad Knager\u00e6kke 5 knager Small Natur er en god m\u00e5de at give dit hjem et l\u00f8ft p\u00e5.<\/p>\n","protected":false},"excerpt":{"rendered":"<p>Nomad Knager\u00e6kke 5 knager Small Natur er en smuk og stilren knager\u00e6kke, som er FSC certificeret. Den er lavet af b\u00f8getr\u00e6 og er det perfekte valg til boligindretningen. Den har 5 sm\u00e5 knager, der er perfekte til at h\u00e6nge dit t\u00f8j og andet p\u00e5. Den er s\u00e5 stilren, at den vil se godt ud i [&hellip;]<\/p>\n","protected":false},"featured_media":1102454,"template":"","meta":{"_acf_changed":false,"inline_featured_image":false},"product_brand":[],"product_cat":[7065,7069,6321,4039,4040,5025],"product_tag":[],"class_list":{"0":"post-395547","1":"product","2":"type-product","3":"status-publish","4":"has-post-thumbnail","6":"product_cat-koekken-reoler-da","7":"product_cat-knager-reoler-da","8":"product_cat-fsc-da","9":"product_cat-knager-knageraekker-da","10":"product_cat-knageraekker-da","11":"product_cat-bestsellers-da","12":"product_shipping_class-pk","14":"pa_color-natur-2","15":"pa_material-egetrsfiner","17":"first","18":"instock","19":"featured","20":"taxable","21":"shipping-taxable","22":"purchasable","23":"product-type-simple"},"exclude_global_add_ons":[],"addons":[],"acf":[],"yoast_head":"<!-- This site is optimized with the Yoast SEO plugin v26.4 - https:\/\/yoast.com\/wordpress\/plugins\/seo\/ -->\n<title>Nomad Knager\u00e6kke 5 knager Small Natur - H\u00fcbsch<\/title>\n<meta name=\"description\" content=\"Nomad Knager\u00e6kke 5 knager Small Natur er en smuk og stilren knager\u00e6kke, som er FSC certificeret. Den er lavet af b\u00f8getr\u00e6 og er det perfekte valg til\" \/>\n<meta name=\"robots\" content=\"index, follow, max-snippet:-1, max-image-preview:large, max-video-preview:-1\" \/>\n<link rel=\"canonical\" href=\"https:\/\/hubsch-interior.com\/da\/wp-json\/wp\/v2\/product\/395547\" \/>\n<meta property=\"og:locale\" content=\"da_DK\" \/>\n<meta property=\"og:type\" content=\"article\" \/>\n<meta property=\"og:title\" content=\"Nomad Knager\u00e6kke 5 knager Small Natur - H\u00fcbsch\" \/>\n<meta property=\"og:description\" content=\"Nomad Knager\u00e6kke 5 knager Small Natur er en smuk og stilren knager\u00e6kke, som er FSC certificeret. Den er lavet af b\u00f8getr\u00e6 og er det perfekte valg til\" \/>\n<meta property=\"og:url\" content=\"https:\/\/hubsch-interior.com\/da\/vare\/nomad-knageraekke-5-knager-small-natur\/\" \/>\n<meta property=\"og:site_name\" content=\"H\u00fcbsch\" \/>\n<meta property=\"article:modified_time\" content=\"2026-04-05T02:51:16+00:00\" \/>\n<meta property=\"og:image\" content=\"https:\/\/hubsch-interior.com\/wp-content\/uploads\/2023\/08\/nomad-coatrack-5-hooks-small-natural-d09eef7643c0f886c416e1ceaa9b32fa.jpg\" \/>\n\t<meta property=\"og:image:width\" content=\"1200\" \/>\n\t<meta property=\"og:image:height\" content=\"1200\" \/>\n\t<meta property=\"og:image:type\" content=\"image\/jpeg\" \/>\n<meta name=\"twitter:card\" content=\"summary_large_image\" \/>\n<script type=\"application\/ld+json\" class=\"yoast-schema-graph\">{\"@context\":\"https:\/\/schema.org\",\"@graph\":[{\"@type\":\"WebPage\",\"@id\":\"https:\/\/hubsch-interior.com\/da\/vare\/nomad-knageraekke-5-knager-small-natur\/\",\"url\":\"https:\/\/hubsch-interior.com\/da\/vare\/nomad-knageraekke-5-knager-small-natur\/\",\"name\":\"Nomad Knager\u00e6kke 5 knager Small Natur - H\u00fcbsch\",\"isPartOf\":{\"@id\":\"https:\/\/hubsch-interior.com\/da\/#website\"},\"primaryImageOfPage\":{\"@id\":\"https:\/\/hubsch-interior.com\/da\/vare\/nomad-knageraekke-5-knager-small-natur\/#primaryimage\"},\"image\":{\"@id\":\"https:\/\/hubsch-interior.com\/da\/vare\/nomad-knageraekke-5-knager-small-natur\/#primaryimage\"},\"thumbnailUrl\":\"https:\/\/hubsch-interior.com\/wp-content\/uploads\/2026\/02\/nomad-coatrack-5-hooks-small-natural-02f9c38ef140bb31e8f768474dfc3aa7.jpg\",\"datePublished\":\"2021-06-04T08:10:54+00:00\",\"dateModified\":\"2026-04-05T02:51:16+00:00\",\"description\":\"Nomad Knager\u00e6kke 5 knager Small Natur er en smuk og stilren knager\u00e6kke, som er FSC certificeret. Den er lavet af b\u00f8getr\u00e6 og er det perfekte valg til\",\"breadcrumb\":{\"@id\":\"https:\/\/hubsch-interior.com\/da\/vare\/nomad-knageraekke-5-knager-small-natur\/#breadcrumb\"},\"inLanguage\":\"da-DK\",\"potentialAction\":[{\"@type\":\"ReadAction\",\"target\":[\"https:\/\/hubsch-interior.com\/da\/vare\/nomad-knageraekke-5-knager-small-natur\/\"]}]},{\"@type\":\"ImageObject\",\"inLanguage\":\"da-DK\",\"@id\":\"https:\/\/hubsch-interior.com\/da\/vare\/nomad-knageraekke-5-knager-small-natur\/#primaryimage\",\"url\":\"https:\/\/hubsch-interior.com\/wp-content\/uploads\/2026\/02\/nomad-coatrack-5-hooks-small-natural-02f9c38ef140bb31e8f768474dfc3aa7.jpg\",\"contentUrl\":\"https:\/\/hubsch-interior.com\/wp-content\/uploads\/2026\/02\/nomad-coatrack-5-hooks-small-natural-02f9c38ef140bb31e8f768474dfc3aa7.jpg\",\"width\":1024,\"height\":1024},{\"@type\":\"BreadcrumbList\",\"@id\":\"https:\/\/hubsch-interior.com\/da\/vare\/nomad-knageraekke-5-knager-small-natur\/#breadcrumb\",\"itemListElement\":[{\"@type\":\"ListItem\",\"position\":1,\"name\":\"Forside\",\"item\":\"https:\/\/hubsch-interior.com\/da\/\"},{\"@type\":\"ListItem\",\"position\":2,\"name\":\"Produkter\",\"item\":\"https:\/\/hubsch-interior.com\/da\/produkter\/\"},{\"@type\":\"ListItem\",\"position\":3,\"name\":\"Boligtilbeh\u00f8r\",\"item\":\"https:\/\/hubsch-interior.com\/da\/vare-kategori\/boligtilbehor\/\"},{\"@type\":\"ListItem\",\"position\":4,\"name\":\"Knager &amp; knager&aelig;kker\",\"item\":\"https:\/\/hubsch-interior.com\/da\/vare-kategori\/boligtilbehor\/knager-knageraekker-da\/\"},{\"@type\":\"ListItem\",\"position\":5,\"name\":\"Knager&aelig;kker\",\"item\":\"https:\/\/hubsch-interior.com\/da\/vare-kategori\/boligtilbehor\/knager-knageraekker-da\/knageraekker-da\/\"},{\"@type\":\"ListItem\",\"position\":6,\"name\":\"Nomad Knager\u00e6kke 5 knager Small Natur\"}]},{\"@type\":\"WebSite\",\"@id\":\"https:\/\/hubsch-interior.com\/da\/#website\",\"url\":\"https:\/\/hubsch-interior.com\/da\/\",\"name\":\"H\u00fcbsch\",\"description\":\"Danish Home Interior and Design\",\"publisher\":{\"@id\":\"https:\/\/hubsch-interior.com\/da\/#organization\"},\"potentialAction\":[{\"@type\":\"SearchAction\",\"target\":{\"@type\":\"EntryPoint\",\"urlTemplate\":\"https:\/\/hubsch-interior.com\/da\/?s={search_term_string}\"},\"query-input\":{\"@type\":\"PropertyValueSpecification\",\"valueRequired\":true,\"valueName\":\"search_term_string\"}}],\"inLanguage\":\"da-DK\"},{\"@type\":\"Organization\",\"@id\":\"https:\/\/hubsch-interior.com\/da\/#organization\",\"name\":\"H\u00fcbsch\",\"url\":\"https:\/\/hubsch-interior.com\/da\/\",\"logo\":{\"@type\":\"ImageObject\",\"inLanguage\":\"da-DK\",\"@id\":\"https:\/\/hubsch-interior.com\/da\/#\/schema\/logo\/image\/\",\"url\":\"https:\/\/hubsch-interior.com\/wp-content\/uploads\/2022\/12\/Hubsch_logo_black_one_line.svg\",\"contentUrl\":\"https:\/\/hubsch-interior.com\/wp-content\/uploads\/2022\/12\/Hubsch_logo_black_one_line.svg\",\"caption\":\"H\u00fcbsch\"},\"image\":{\"@id\":\"https:\/\/hubsch-interior.com\/da\/#\/schema\/logo\/image\/\"}}]}<\/script>\n<!-- \/ Yoast SEO plugin. -->","yoast_head_json":{"title":"Nomad Knager\u00e6kke 5 knager Small Natur - H\u00fcbsch","description":"Nomad Knager\u00e6kke 5 knager Small Natur er en smuk og stilren knager\u00e6kke, som er FSC certificeret. Den er lavet af b\u00f8getr\u00e6 og er det perfekte valg til","robots":{"index":"index","follow":"follow","max-snippet":"max-snippet:-1","max-image-preview":"max-image-preview:large","max-video-preview":"max-video-preview:-1"},"canonical":"https:\/\/hubsch-interior.com\/da\/wp-json\/wp\/v2\/product\/395547","og_locale":"da_DK","og_type":"article","og_title":"Nomad Knager\u00e6kke 5 knager Small Natur - H\u00fcbsch","og_description":"Nomad Knager\u00e6kke 5 knager Small Natur er en smuk og stilren knager\u00e6kke, som er FSC certificeret. Den er lavet af b\u00f8getr\u00e6 og er det perfekte valg til","og_url":"https:\/\/hubsch-interior.com\/da\/vare\/nomad-knageraekke-5-knager-small-natur\/","og_site_name":"H\u00fcbsch","article_modified_time":"2026-04-05T02:51:16+00:00","og_image":[{"width":1200,"height":1200,"url":"https:\/\/hubsch-interior.com\/wp-content\/uploads\/2023\/08\/nomad-coatrack-5-hooks-small-natural-d09eef7643c0f886c416e1ceaa9b32fa.jpg","type":"image\/jpeg"}],"twitter_card":"summary_large_image","schema":{"@context":"https:\/\/schema.org","@graph":[{"@type":"WebPage","@id":"https:\/\/hubsch-interior.com\/da\/vare\/nomad-knageraekke-5-knager-small-natur\/","url":"https:\/\/hubsch-interior.com\/da\/vare\/nomad-knageraekke-5-knager-small-natur\/","name":"Nomad Knager\u00e6kke 5 knager Small Natur - H\u00fcbsch","isPartOf":{"@id":"https:\/\/hubsch-interior.com\/da\/#website"},"primaryImageOfPage":{"@id":"https:\/\/hubsch-interior.com\/da\/vare\/nomad-knageraekke-5-knager-small-natur\/#primaryimage"},"image":{"@id":"https:\/\/hubsch-interior.com\/da\/vare\/nomad-knageraekke-5-knager-small-natur\/#primaryimage"},"thumbnailUrl":"https:\/\/hubsch-interior.com\/wp-content\/uploads\/2026\/02\/nomad-coatrack-5-hooks-small-natural-02f9c38ef140bb31e8f768474dfc3aa7.jpg","datePublished":"2021-06-04T08:10:54+00:00","dateModified":"2026-04-05T02:51:16+00:00","description":"Nomad Knager\u00e6kke 5 knager Small Natur er en smuk og stilren knager\u00e6kke, som er FSC certificeret. Den er lavet af b\u00f8getr\u00e6 og er det perfekte valg til","breadcrumb":{"@id":"https:\/\/hubsch-interior.com\/da\/vare\/nomad-knageraekke-5-knager-small-natur\/#breadcrumb"},"inLanguage":"da-DK","potentialAction":[{"@type":"ReadAction","target":["https:\/\/hubsch-interior.com\/da\/vare\/nomad-knageraekke-5-knager-small-natur\/"]}]},{"@type":"ImageObject","inLanguage":"da-DK","@id":"https:\/\/hubsch-interior.com\/da\/vare\/nomad-knageraekke-5-knager-small-natur\/#primaryimage","url":"https:\/\/hubsch-interior.com\/wp-content\/uploads\/2026\/02\/nomad-coatrack-5-hooks-small-natural-02f9c38ef140bb31e8f768474dfc3aa7.jpg","contentUrl":"https:\/\/hubsch-interior.com\/wp-content\/uploads\/2026\/02\/nomad-coatrack-5-hooks-small-natural-02f9c38ef140bb31e8f768474dfc3aa7.jpg","width":1024,"height":1024},{"@type":"BreadcrumbList","@id":"https:\/\/hubsch-interior.com\/da\/vare\/nomad-knageraekke-5-knager-small-natur\/#breadcrumb","itemListElement":[{"@type":"ListItem","position":1,"name":"Forside","item":"https:\/\/hubsch-interior.com\/da\/"},{"@type":"ListItem","position":2,"name":"Produkter","item":"https:\/\/hubsch-interior.com\/da\/produkter\/"},{"@type":"ListItem","position":3,"name":"Boligtilbeh\u00f8r","item":"https:\/\/hubsch-interior.com\/da\/vare-kategori\/boligtilbehor\/"},{"@type":"ListItem","position":4,"name":"Knager &amp; knager&aelig;kker","item":"https:\/\/hubsch-interior.com\/da\/vare-kategori\/boligtilbehor\/knager-knageraekker-da\/"},{"@type":"ListItem","position":5,"name":"Knager&aelig;kker","item":"https:\/\/hubsch-interior.com\/da\/vare-kategori\/boligtilbehor\/knager-knageraekker-da\/knageraekker-da\/"},{"@type":"ListItem","position":6,"name":"Nomad Knager\u00e6kke 5 knager Small Natur"}]},{"@type":"WebSite","@id":"https:\/\/hubsch-interior.com\/da\/#website","url":"https:\/\/hubsch-interior.com\/da\/","name":"H\u00fcbsch","description":"Danish Home Interior and Design","publisher":{"@id":"https:\/\/hubsch-interior.com\/da\/#organization"},"potentialAction":[{"@type":"SearchAction","target":{"@type":"EntryPoint","urlTemplate":"https:\/\/hubsch-interior.com\/da\/?s={search_term_string}"},"query-input":{"@type":"PropertyValueSpecification","valueRequired":true,"valueName":"search_term_string"}}],"inLanguage":"da-DK"},{"@type":"Organization","@id":"https:\/\/hubsch-interior.com\/da\/#organization","name":"H\u00fcbsch","url":"https:\/\/hubsch-interior.com\/da\/","logo":{"@type":"ImageObject","inLanguage":"da-DK","@id":"https:\/\/hubsch-interior.com\/da\/#\/schema\/logo\/image\/","url":"https:\/\/hubsch-interior.com\/wp-content\/uploads\/2022\/12\/Hubsch_logo_black_one_line.svg","contentUrl":"https:\/\/hubsch-interior.com\/wp-content\/uploads\/2022\/12\/Hubsch_logo_black_one_line.svg","caption":"H\u00fcbsch"},"image":{"@id":"https:\/\/hubsch-interior.com\/da\/#\/schema\/logo\/image\/"}}]}},"_links":{"self":[{"href":"https:\/\/hubsch-interior.com\/da\/wp-json\/wp\/v2\/product\/395547","targetHints":{"allow":["GET"]}}],"collection":[{"href":"https:\/\/hubsch-interior.com\/da\/wp-json\/wp\/v2\/product"}],"about":[{"href":"https:\/\/hubsch-interior.com\/da\/wp-json\/wp\/v2\/types\/product"}],"wp:featuredmedia":[{"embeddable":true,"href":"https:\/\/hubsch-interior.com\/da\/wp-json\/wp\/v2\/media\/1102454"}],"wp:attachment":[{"href":"https:\/\/hubsch-interior.com\/da\/wp-json\/wp\/v2\/media?parent=395547"}],"wp:term":[{"taxonomy":"product_brand","embeddable":true,"href":"https:\/\/hubsch-interior.com\/da\/wp-json\/wp\/v2\/product_brand?post=395547"},{"taxonomy":"product_cat","embeddable":true,"href":"https:\/\/hubsch-interior.com\/da\/wp-json\/wp\/v2\/product_cat?post=395547"},{"taxonomy":"product_tag","embeddable":true,"href":"https:\/\/hubsch-interior.com\/da\/wp-json\/wp\/v2\/product_tag?post=395547"}],"curies":[{"name":"wp","href":"https:\/\/api.w.org\/{rel}","templated":true}]}}