{"id":39569,"date":"2020-12-15T09:49:33","date_gmt":"2020-12-15T08:49:33","guid":{"rendered":"https:\/\/hubsch-interior.com\/product\/product-9\/"},"modified":"2026-04-09T04:48:45","modified_gmt":"2026-04-09T02:48:45","slug":"split-spejl-magnetisk-natur","status":"publish","type":"product","link":"https:\/\/hubsch-interior.com\/da\/vare\/split-spejl-magnetisk-natur\/","title":{"rendered":"Split Spejl Magnetisk Natur"},"content":{"rendered":"<p>Split Spejl Magnetisk Natur er et unikt og moderne spejl, der vil pryde din stue. Det er lavet af spejlglas, og er omkranset af en ramme af valn\u00f8ddetr\u00e6, der er belagt med egefaner. Spejlet er FSC-certificeret, hvilket betyder, at det er produceret under milj\u00f8venlige forhold. Det er et perfekt valg, hvis du \u00f8nsker et milj\u00f8venligt og stilfuldt spejl, der vil bringe et strejf af luksus og karakter til dit hjem.<\/p>\n","protected":false},"excerpt":{"rendered":"<p>Split Spejl Magnetisk Natur er et unikt og moderne spejl, der vil pryde din stue. Det er lavet af spejlglas, og er omkranset af en ramme af valn\u00f8ddetr\u00e6, der er belagt med egefaner. Spejlet er FSC-certificeret, hvilket betyder, at det er produceret under milj\u00f8venlige forhold. Det er et perfekt valg, hvis du \u00f8nsker et milj\u00f8venligt [&hellip;]<\/p>\n","protected":false},"featured_media":1102179,"template":"","meta":{"_acf_changed":false,"inline_featured_image":false},"product_brand":[],"product_cat":[5025,6321,4151,6891,4953,2921,2922],"product_tag":[],"class_list":{"0":"post-39569","1":"product","2":"type-product","3":"status-publish","4":"has-post-thumbnail","6":"product_cat-bestsellers-da","7":"product_cat-fsc-da","8":"product_cat-kontor-da","9":"product_cat-multifunktionelle-moebler-da","10":"product_cat-opslagstavler-da","11":"product_cat-spejle-da","12":"product_cat-vaegspejle-da","13":"product_shipping_class-pk","15":"pa_color-natur-2","16":"pa_material-egetr","17":"pa_material-egetrsfiner","18":"pa_material-mdf-da","19":"pa_material-spejlglas","21":"first","22":"instock","23":"featured","24":"taxable","25":"shipping-taxable","26":"purchasable","27":"product-type-simple"},"exclude_global_add_ons":[],"addons":[],"acf":[],"yoast_head":"<!-- This site is optimized with the Yoast SEO plugin v26.4 - https:\/\/yoast.com\/wordpress\/plugins\/seo\/ -->\n<title>Split Spejl Magnetisk Natur - H\u00fcbsch<\/title>\n<meta name=\"description\" content=\"Split Spejl Magnetisk Natur er et unikt og moderne spejl, der vil pryde din stue. Det er lavet af spejlglas, og er omkranset af en ramme af valn\u00f8ddetr\u00e6,\" \/>\n<meta name=\"robots\" content=\"index, follow, max-snippet:-1, max-image-preview:large, max-video-preview:-1\" \/>\n<link rel=\"canonical\" href=\"https:\/\/hubsch-interior.com\/da\/wp-json\/wp\/v2\/product\/39569\" \/>\n<meta property=\"og:locale\" content=\"da_DK\" \/>\n<meta property=\"og:type\" content=\"article\" \/>\n<meta property=\"og:title\" content=\"Split Spejl Magnetisk Natur - H\u00fcbsch\" \/>\n<meta property=\"og:description\" content=\"Split Spejl Magnetisk Natur er et unikt og moderne spejl, der vil pryde din stue. Det er lavet af spejlglas, og er omkranset af en ramme af valn\u00f8ddetr\u00e6,\" \/>\n<meta property=\"og:url\" content=\"https:\/\/hubsch-interior.com\/da\/vare\/split-spejl-magnetisk-natur\/\" \/>\n<meta property=\"og:site_name\" content=\"H\u00fcbsch\" \/>\n<meta property=\"article:modified_time\" content=\"2026-04-09T02:48:45+00:00\" \/>\n<meta property=\"og:image\" content=\"https:\/\/hubsch-interior.com\/wp-content\/uploads\/2023\/08\/split-mirror-magnetic-natural-1fac6783d1349b30f7611487f1ab825f.jpg\" \/>\n\t<meta property=\"og:image:width\" content=\"1200\" \/>\n\t<meta property=\"og:image:height\" content=\"1200\" \/>\n\t<meta property=\"og:image:type\" content=\"image\/jpeg\" \/>\n<meta name=\"twitter:card\" content=\"summary_large_image\" \/>\n<script type=\"application\/ld+json\" class=\"yoast-schema-graph\">{\"@context\":\"https:\/\/schema.org\",\"@graph\":[{\"@type\":\"WebPage\",\"@id\":\"https:\/\/hubsch-interior.com\/da\/vare\/split-spejl-magnetisk-natur\/\",\"url\":\"https:\/\/hubsch-interior.com\/da\/vare\/split-spejl-magnetisk-natur\/\",\"name\":\"Split Spejl Magnetisk Natur - H\u00fcbsch\",\"isPartOf\":{\"@id\":\"https:\/\/hubsch-interior.com\/da\/#website\"},\"primaryImageOfPage\":{\"@id\":\"https:\/\/hubsch-interior.com\/da\/vare\/split-spejl-magnetisk-natur\/#primaryimage\"},\"image\":{\"@id\":\"https:\/\/hubsch-interior.com\/da\/vare\/split-spejl-magnetisk-natur\/#primaryimage\"},\"thumbnailUrl\":\"https:\/\/hubsch-interior.com\/wp-content\/uploads\/2026\/02\/split-mirror-magnetic-natural-61393a8f6aa76e405f5f744129b9aedd.jpg\",\"datePublished\":\"2020-12-15T08:49:33+00:00\",\"dateModified\":\"2026-04-09T02:48:45+00:00\",\"description\":\"Split Spejl Magnetisk Natur er et unikt og moderne spejl, der vil pryde din stue. Det er lavet af spejlglas, og er omkranset af en ramme af valn\u00f8ddetr\u00e6,\",\"breadcrumb\":{\"@id\":\"https:\/\/hubsch-interior.com\/da\/vare\/split-spejl-magnetisk-natur\/#breadcrumb\"},\"inLanguage\":\"da-DK\",\"potentialAction\":[{\"@type\":\"ReadAction\",\"target\":[\"https:\/\/hubsch-interior.com\/da\/vare\/split-spejl-magnetisk-natur\/\"]}]},{\"@type\":\"ImageObject\",\"inLanguage\":\"da-DK\",\"@id\":\"https:\/\/hubsch-interior.com\/da\/vare\/split-spejl-magnetisk-natur\/#primaryimage\",\"url\":\"https:\/\/hubsch-interior.com\/wp-content\/uploads\/2026\/02\/split-mirror-magnetic-natural-61393a8f6aa76e405f5f744129b9aedd.jpg\",\"contentUrl\":\"https:\/\/hubsch-interior.com\/wp-content\/uploads\/2026\/02\/split-mirror-magnetic-natural-61393a8f6aa76e405f5f744129b9aedd.jpg\",\"width\":1024,\"height\":1024},{\"@type\":\"BreadcrumbList\",\"@id\":\"https:\/\/hubsch-interior.com\/da\/vare\/split-spejl-magnetisk-natur\/#breadcrumb\",\"itemListElement\":[{\"@type\":\"ListItem\",\"position\":1,\"name\":\"Forside\",\"item\":\"https:\/\/hubsch-interior.com\/da\/\"},{\"@type\":\"ListItem\",\"position\":2,\"name\":\"Produkter\",\"item\":\"https:\/\/hubsch-interior.com\/da\/produkter\/\"},{\"@type\":\"ListItem\",\"position\":3,\"name\":\"Boligtilbeh\u00f8r\",\"item\":\"https:\/\/hubsch-interior.com\/da\/vare-kategori\/boligtilbehor\/\"},{\"@type\":\"ListItem\",\"position\":4,\"name\":\"Kontor\",\"item\":\"https:\/\/hubsch-interior.com\/da\/vare-kategori\/boligtilbehor\/kontor-da\/\"},{\"@type\":\"ListItem\",\"position\":5,\"name\":\"Opslagstavler\",\"item\":\"https:\/\/hubsch-interior.com\/da\/vare-kategori\/boligtilbehor\/kontor-da\/opslagstavler-da\/\"},{\"@type\":\"ListItem\",\"position\":6,\"name\":\"Split Spejl Magnetisk Natur\"}]},{\"@type\":\"WebSite\",\"@id\":\"https:\/\/hubsch-interior.com\/da\/#website\",\"url\":\"https:\/\/hubsch-interior.com\/da\/\",\"name\":\"H\u00fcbsch\",\"description\":\"Danish Home Interior and Design\",\"publisher\":{\"@id\":\"https:\/\/hubsch-interior.com\/da\/#organization\"},\"potentialAction\":[{\"@type\":\"SearchAction\",\"target\":{\"@type\":\"EntryPoint\",\"urlTemplate\":\"https:\/\/hubsch-interior.com\/da\/?s={search_term_string}\"},\"query-input\":{\"@type\":\"PropertyValueSpecification\",\"valueRequired\":true,\"valueName\":\"search_term_string\"}}],\"inLanguage\":\"da-DK\"},{\"@type\":\"Organization\",\"@id\":\"https:\/\/hubsch-interior.com\/da\/#organization\",\"name\":\"H\u00fcbsch\",\"url\":\"https:\/\/hubsch-interior.com\/da\/\",\"logo\":{\"@type\":\"ImageObject\",\"inLanguage\":\"da-DK\",\"@id\":\"https:\/\/hubsch-interior.com\/da\/#\/schema\/logo\/image\/\",\"url\":\"https:\/\/hubsch-interior.com\/wp-content\/uploads\/2022\/12\/Hubsch_logo_black_one_line.svg\",\"contentUrl\":\"https:\/\/hubsch-interior.com\/wp-content\/uploads\/2022\/12\/Hubsch_logo_black_one_line.svg\",\"caption\":\"H\u00fcbsch\"},\"image\":{\"@id\":\"https:\/\/hubsch-interior.com\/da\/#\/schema\/logo\/image\/\"}}]}<\/script>\n<!-- \/ Yoast SEO plugin. -->","yoast_head_json":{"title":"Split Spejl Magnetisk Natur - H\u00fcbsch","description":"Split Spejl Magnetisk Natur er et unikt og moderne spejl, der vil pryde din stue. Det er lavet af spejlglas, og er omkranset af en ramme af valn\u00f8ddetr\u00e6,","robots":{"index":"index","follow":"follow","max-snippet":"max-snippet:-1","max-image-preview":"max-image-preview:large","max-video-preview":"max-video-preview:-1"},"canonical":"https:\/\/hubsch-interior.com\/da\/wp-json\/wp\/v2\/product\/39569","og_locale":"da_DK","og_type":"article","og_title":"Split Spejl Magnetisk Natur - H\u00fcbsch","og_description":"Split Spejl Magnetisk Natur er et unikt og moderne spejl, der vil pryde din stue. Det er lavet af spejlglas, og er omkranset af en ramme af valn\u00f8ddetr\u00e6,","og_url":"https:\/\/hubsch-interior.com\/da\/vare\/split-spejl-magnetisk-natur\/","og_site_name":"H\u00fcbsch","article_modified_time":"2026-04-09T02:48:45+00:00","og_image":[{"width":1200,"height":1200,"url":"https:\/\/hubsch-interior.com\/wp-content\/uploads\/2023\/08\/split-mirror-magnetic-natural-1fac6783d1349b30f7611487f1ab825f.jpg","type":"image\/jpeg"}],"twitter_card":"summary_large_image","schema":{"@context":"https:\/\/schema.org","@graph":[{"@type":"WebPage","@id":"https:\/\/hubsch-interior.com\/da\/vare\/split-spejl-magnetisk-natur\/","url":"https:\/\/hubsch-interior.com\/da\/vare\/split-spejl-magnetisk-natur\/","name":"Split Spejl Magnetisk Natur - H\u00fcbsch","isPartOf":{"@id":"https:\/\/hubsch-interior.com\/da\/#website"},"primaryImageOfPage":{"@id":"https:\/\/hubsch-interior.com\/da\/vare\/split-spejl-magnetisk-natur\/#primaryimage"},"image":{"@id":"https:\/\/hubsch-interior.com\/da\/vare\/split-spejl-magnetisk-natur\/#primaryimage"},"thumbnailUrl":"https:\/\/hubsch-interior.com\/wp-content\/uploads\/2026\/02\/split-mirror-magnetic-natural-61393a8f6aa76e405f5f744129b9aedd.jpg","datePublished":"2020-12-15T08:49:33+00:00","dateModified":"2026-04-09T02:48:45+00:00","description":"Split Spejl Magnetisk Natur er et unikt og moderne spejl, der vil pryde din stue. Det er lavet af spejlglas, og er omkranset af en ramme af valn\u00f8ddetr\u00e6,","breadcrumb":{"@id":"https:\/\/hubsch-interior.com\/da\/vare\/split-spejl-magnetisk-natur\/#breadcrumb"},"inLanguage":"da-DK","potentialAction":[{"@type":"ReadAction","target":["https:\/\/hubsch-interior.com\/da\/vare\/split-spejl-magnetisk-natur\/"]}]},{"@type":"ImageObject","inLanguage":"da-DK","@id":"https:\/\/hubsch-interior.com\/da\/vare\/split-spejl-magnetisk-natur\/#primaryimage","url":"https:\/\/hubsch-interior.com\/wp-content\/uploads\/2026\/02\/split-mirror-magnetic-natural-61393a8f6aa76e405f5f744129b9aedd.jpg","contentUrl":"https:\/\/hubsch-interior.com\/wp-content\/uploads\/2026\/02\/split-mirror-magnetic-natural-61393a8f6aa76e405f5f744129b9aedd.jpg","width":1024,"height":1024},{"@type":"BreadcrumbList","@id":"https:\/\/hubsch-interior.com\/da\/vare\/split-spejl-magnetisk-natur\/#breadcrumb","itemListElement":[{"@type":"ListItem","position":1,"name":"Forside","item":"https:\/\/hubsch-interior.com\/da\/"},{"@type":"ListItem","position":2,"name":"Produkter","item":"https:\/\/hubsch-interior.com\/da\/produkter\/"},{"@type":"ListItem","position":3,"name":"Boligtilbeh\u00f8r","item":"https:\/\/hubsch-interior.com\/da\/vare-kategori\/boligtilbehor\/"},{"@type":"ListItem","position":4,"name":"Kontor","item":"https:\/\/hubsch-interior.com\/da\/vare-kategori\/boligtilbehor\/kontor-da\/"},{"@type":"ListItem","position":5,"name":"Opslagstavler","item":"https:\/\/hubsch-interior.com\/da\/vare-kategori\/boligtilbehor\/kontor-da\/opslagstavler-da\/"},{"@type":"ListItem","position":6,"name":"Split Spejl Magnetisk Natur"}]},{"@type":"WebSite","@id":"https:\/\/hubsch-interior.com\/da\/#website","url":"https:\/\/hubsch-interior.com\/da\/","name":"H\u00fcbsch","description":"Danish Home Interior and Design","publisher":{"@id":"https:\/\/hubsch-interior.com\/da\/#organization"},"potentialAction":[{"@type":"SearchAction","target":{"@type":"EntryPoint","urlTemplate":"https:\/\/hubsch-interior.com\/da\/?s={search_term_string}"},"query-input":{"@type":"PropertyValueSpecification","valueRequired":true,"valueName":"search_term_string"}}],"inLanguage":"da-DK"},{"@type":"Organization","@id":"https:\/\/hubsch-interior.com\/da\/#organization","name":"H\u00fcbsch","url":"https:\/\/hubsch-interior.com\/da\/","logo":{"@type":"ImageObject","inLanguage":"da-DK","@id":"https:\/\/hubsch-interior.com\/da\/#\/schema\/logo\/image\/","url":"https:\/\/hubsch-interior.com\/wp-content\/uploads\/2022\/12\/Hubsch_logo_black_one_line.svg","contentUrl":"https:\/\/hubsch-interior.com\/wp-content\/uploads\/2022\/12\/Hubsch_logo_black_one_line.svg","caption":"H\u00fcbsch"},"image":{"@id":"https:\/\/hubsch-interior.com\/da\/#\/schema\/logo\/image\/"}}]}},"_links":{"self":[{"href":"https:\/\/hubsch-interior.com\/da\/wp-json\/wp\/v2\/product\/39569","targetHints":{"allow":["GET"]}}],"collection":[{"href":"https:\/\/hubsch-interior.com\/da\/wp-json\/wp\/v2\/product"}],"about":[{"href":"https:\/\/hubsch-interior.com\/da\/wp-json\/wp\/v2\/types\/product"}],"wp:featuredmedia":[{"embeddable":true,"href":"https:\/\/hubsch-interior.com\/da\/wp-json\/wp\/v2\/media\/1102179"}],"wp:attachment":[{"href":"https:\/\/hubsch-interior.com\/da\/wp-json\/wp\/v2\/media?parent=39569"}],"wp:term":[{"taxonomy":"product_brand","embeddable":true,"href":"https:\/\/hubsch-interior.com\/da\/wp-json\/wp\/v2\/product_brand?post=39569"},{"taxonomy":"product_cat","embeddable":true,"href":"https:\/\/hubsch-interior.com\/da\/wp-json\/wp\/v2\/product_cat?post=39569"},{"taxonomy":"product_tag","embeddable":true,"href":"https:\/\/hubsch-interior.com\/da\/wp-json\/wp\/v2\/product_tag?post=39569"}],"curies":[{"name":"wp","href":"https:\/\/api.w.org\/{rel}","templated":true}]}}