{"id":395739,"date":"2021-06-04T10:11:28","date_gmt":"2021-06-04T08:11:28","guid":{"rendered":"https:\/\/hubsch-interior.com\/shop-b2c\/product\/product-6\/"},"modified":"2026-04-09T04:49:31","modified_gmt":"2026-04-09T02:49:31","slug":"acorn-tojstativ-natur","status":"publish","type":"product","link":"https:\/\/hubsch-interior.com\/da\/vare\/acorn-tojstativ-natur\/","title":{"rendered":"Acorn T\u00f8jstativ Natur"},"content":{"rendered":"<p>Acorn T\u00f8jstativ Natur er lavet af \u00e6gte Eg tr\u00e6, som er FSC certificeret. Denne smukke knage er en perfekt m\u00e5de at forf\u00f8re rummet. Den har en elegant, rund form og en smuk, naturlig farve. Acorn T\u00f8jstativ Natur er nem at h\u00e6nge op, og giver et flot, stilrent look. Det er en dekorativ og funktionel knage, der vil pryde ethvert hjem. Den er ideel til at h\u00e6nge jakker, tasker og andre ting. Acorn T\u00f8jstativ Natur er en perfekt m\u00e5de at give rummet et strejf af naturlig sk\u00f8nhed.<\/p>\n","protected":false},"excerpt":{"rendered":"<p>Acorn T\u00f8jstativ Natur er lavet af \u00e6gte Eg tr\u00e6, som er FSC certificeret. Denne smukke knage er en perfekt m\u00e5de at forf\u00f8re rummet. Den har en elegant, rund form og en smuk, naturlig farve. Acorn T\u00f8jstativ Natur er nem at h\u00e6nge op, og giver et flot, stilrent look. Det er en dekorativ og funktionel knage, [&hellip;]<\/p>\n","protected":false},"featured_media":1102502,"template":"","meta":{"_acf_changed":false,"inline_featured_image":false},"product_brand":[],"product_cat":[6321,3999,5088,4031,5460,5025,5029],"product_tag":[],"class_list":{"0":"post-395739","1":"product","2":"type-product","3":"status-publish","4":"has-post-thumbnail","6":"product_cat-fsc-da","7":"product_cat-reoler-opbevaring-da","8":"product_cat-toejstativer-da","9":"product_cat-garderobe-stativer-da","10":"product_cat-stativer-da","11":"product_cat-bestsellers-da","12":"product_cat-tilbage-paa-lager-da","13":"product_shipping_class-p05","15":"pa_color-natur-2","16":"pa_material-egetr","18":"first","19":"instock","20":"featured","21":"taxable","22":"shipping-taxable","23":"purchasable","24":"product-type-simple"},"exclude_global_add_ons":[],"addons":[],"acf":[],"yoast_head":"<!-- This site is optimized with the Yoast SEO plugin v26.4 - https:\/\/yoast.com\/wordpress\/plugins\/seo\/ -->\n<title>Acorn T\u00f8jstativ Natur - H\u00fcbsch<\/title>\n<meta name=\"description\" content=\"Acorn T\u00f8jstativ Natur er lavet af \u00e6gte Eg tr\u00e6, som er FSC certificeret. Denne smukke knage er en perfekt m\u00e5de at forf\u00f8re rummet. Den har en elegant, rund\" \/>\n<meta name=\"robots\" content=\"index, follow, max-snippet:-1, max-image-preview:large, max-video-preview:-1\" \/>\n<link rel=\"canonical\" href=\"https:\/\/hubsch-interior.com\/da\/wp-json\/wp\/v2\/product\/395739\" \/>\n<meta property=\"og:locale\" content=\"da_DK\" \/>\n<meta property=\"og:type\" content=\"article\" \/>\n<meta property=\"og:title\" content=\"Acorn T\u00f8jstativ Natur - H\u00fcbsch\" \/>\n<meta property=\"og:description\" content=\"Acorn T\u00f8jstativ Natur er lavet af \u00e6gte Eg tr\u00e6, som er FSC certificeret. Denne smukke knage er en perfekt m\u00e5de at forf\u00f8re rummet. Den har en elegant, rund\" \/>\n<meta property=\"og:url\" content=\"https:\/\/hubsch-interior.com\/da\/vare\/acorn-tojstativ-natur\/\" \/>\n<meta property=\"og:site_name\" content=\"H\u00fcbsch\" \/>\n<meta property=\"article:modified_time\" content=\"2026-04-09T02:49:31+00:00\" \/>\n<meta property=\"og:image\" content=\"https:\/\/hubsch-interior.com\/wp-content\/uploads\/2025\/05\/acorn-clothing-rack-natural-8080d906669b715e42b30ec3e5fd2f09.jpg\" \/>\n\t<meta property=\"og:image:width\" content=\"1200\" \/>\n\t<meta property=\"og:image:height\" content=\"1200\" \/>\n\t<meta property=\"og:image:type\" content=\"image\/jpeg\" \/>\n<meta name=\"twitter:card\" content=\"summary_large_image\" \/>\n<script type=\"application\/ld+json\" class=\"yoast-schema-graph\">{\"@context\":\"https:\/\/schema.org\",\"@graph\":[{\"@type\":\"WebPage\",\"@id\":\"https:\/\/hubsch-interior.com\/da\/vare\/acorn-tojstativ-natur\/\",\"url\":\"https:\/\/hubsch-interior.com\/da\/vare\/acorn-tojstativ-natur\/\",\"name\":\"Acorn T\u00f8jstativ Natur - H\u00fcbsch\",\"isPartOf\":{\"@id\":\"https:\/\/hubsch-interior.com\/da\/#website\"},\"primaryImageOfPage\":{\"@id\":\"https:\/\/hubsch-interior.com\/da\/vare\/acorn-tojstativ-natur\/#primaryimage\"},\"image\":{\"@id\":\"https:\/\/hubsch-interior.com\/da\/vare\/acorn-tojstativ-natur\/#primaryimage\"},\"thumbnailUrl\":\"https:\/\/hubsch-interior.com\/wp-content\/uploads\/2026\/02\/acorn-clothing-rack-natural-822795122d69517f17e2f001d58f9b30.jpg\",\"datePublished\":\"2021-06-04T08:11:28+00:00\",\"dateModified\":\"2026-04-09T02:49:31+00:00\",\"description\":\"Acorn T\u00f8jstativ Natur er lavet af \u00e6gte Eg tr\u00e6, som er FSC certificeret. Denne smukke knage er en perfekt m\u00e5de at forf\u00f8re rummet. Den har en elegant, rund\",\"breadcrumb\":{\"@id\":\"https:\/\/hubsch-interior.com\/da\/vare\/acorn-tojstativ-natur\/#breadcrumb\"},\"inLanguage\":\"da-DK\",\"potentialAction\":[{\"@type\":\"ReadAction\",\"target\":[\"https:\/\/hubsch-interior.com\/da\/vare\/acorn-tojstativ-natur\/\"]}]},{\"@type\":\"ImageObject\",\"inLanguage\":\"da-DK\",\"@id\":\"https:\/\/hubsch-interior.com\/da\/vare\/acorn-tojstativ-natur\/#primaryimage\",\"url\":\"https:\/\/hubsch-interior.com\/wp-content\/uploads\/2026\/02\/acorn-clothing-rack-natural-822795122d69517f17e2f001d58f9b30.jpg\",\"contentUrl\":\"https:\/\/hubsch-interior.com\/wp-content\/uploads\/2026\/02\/acorn-clothing-rack-natural-822795122d69517f17e2f001d58f9b30.jpg\",\"width\":1024,\"height\":1024},{\"@type\":\"BreadcrumbList\",\"@id\":\"https:\/\/hubsch-interior.com\/da\/vare\/acorn-tojstativ-natur\/#breadcrumb\",\"itemListElement\":[{\"@type\":\"ListItem\",\"position\":1,\"name\":\"Forside\",\"item\":\"https:\/\/hubsch-interior.com\/da\/\"},{\"@type\":\"ListItem\",\"position\":2,\"name\":\"Produkter\",\"item\":\"https:\/\/hubsch-interior.com\/da\/produkter\/\"},{\"@type\":\"ListItem\",\"position\":3,\"name\":\"M\u00f8bler\",\"item\":\"https:\/\/hubsch-interior.com\/da\/vare-kategori\/mobler\/\"},{\"@type\":\"ListItem\",\"position\":4,\"name\":\"Reoler &amp; opbevaring\",\"item\":\"https:\/\/hubsch-interior.com\/da\/vare-kategori\/mobler\/reoler-opbevaring-da\/\"},{\"@type\":\"ListItem\",\"position\":5,\"name\":\"T&oslash;jstativer\",\"item\":\"https:\/\/hubsch-interior.com\/da\/vare-kategori\/mobler\/reoler-opbevaring-da\/toejstativer-da\/\"},{\"@type\":\"ListItem\",\"position\":6,\"name\":\"Acorn T\u00f8jstativ Natur\"}]},{\"@type\":\"WebSite\",\"@id\":\"https:\/\/hubsch-interior.com\/da\/#website\",\"url\":\"https:\/\/hubsch-interior.com\/da\/\",\"name\":\"H\u00fcbsch\",\"description\":\"Danish Home Interior and Design\",\"publisher\":{\"@id\":\"https:\/\/hubsch-interior.com\/da\/#organization\"},\"potentialAction\":[{\"@type\":\"SearchAction\",\"target\":{\"@type\":\"EntryPoint\",\"urlTemplate\":\"https:\/\/hubsch-interior.com\/da\/?s={search_term_string}\"},\"query-input\":{\"@type\":\"PropertyValueSpecification\",\"valueRequired\":true,\"valueName\":\"search_term_string\"}}],\"inLanguage\":\"da-DK\"},{\"@type\":\"Organization\",\"@id\":\"https:\/\/hubsch-interior.com\/da\/#organization\",\"name\":\"H\u00fcbsch\",\"url\":\"https:\/\/hubsch-interior.com\/da\/\",\"logo\":{\"@type\":\"ImageObject\",\"inLanguage\":\"da-DK\",\"@id\":\"https:\/\/hubsch-interior.com\/da\/#\/schema\/logo\/image\/\",\"url\":\"https:\/\/hubsch-interior.com\/wp-content\/uploads\/2022\/12\/Hubsch_logo_black_one_line.svg\",\"contentUrl\":\"https:\/\/hubsch-interior.com\/wp-content\/uploads\/2022\/12\/Hubsch_logo_black_one_line.svg\",\"caption\":\"H\u00fcbsch\"},\"image\":{\"@id\":\"https:\/\/hubsch-interior.com\/da\/#\/schema\/logo\/image\/\"}}]}<\/script>\n<!-- \/ Yoast SEO plugin. -->","yoast_head_json":{"title":"Acorn T\u00f8jstativ Natur - H\u00fcbsch","description":"Acorn T\u00f8jstativ Natur er lavet af \u00e6gte Eg tr\u00e6, som er FSC certificeret. Denne smukke knage er en perfekt m\u00e5de at forf\u00f8re rummet. Den har en elegant, rund","robots":{"index":"index","follow":"follow","max-snippet":"max-snippet:-1","max-image-preview":"max-image-preview:large","max-video-preview":"max-video-preview:-1"},"canonical":"https:\/\/hubsch-interior.com\/da\/wp-json\/wp\/v2\/product\/395739","og_locale":"da_DK","og_type":"article","og_title":"Acorn T\u00f8jstativ Natur - H\u00fcbsch","og_description":"Acorn T\u00f8jstativ Natur er lavet af \u00e6gte Eg tr\u00e6, som er FSC certificeret. Denne smukke knage er en perfekt m\u00e5de at forf\u00f8re rummet. Den har en elegant, rund","og_url":"https:\/\/hubsch-interior.com\/da\/vare\/acorn-tojstativ-natur\/","og_site_name":"H\u00fcbsch","article_modified_time":"2026-04-09T02:49:31+00:00","og_image":[{"width":1200,"height":1200,"url":"https:\/\/hubsch-interior.com\/wp-content\/uploads\/2025\/05\/acorn-clothing-rack-natural-8080d906669b715e42b30ec3e5fd2f09.jpg","type":"image\/jpeg"}],"twitter_card":"summary_large_image","schema":{"@context":"https:\/\/schema.org","@graph":[{"@type":"WebPage","@id":"https:\/\/hubsch-interior.com\/da\/vare\/acorn-tojstativ-natur\/","url":"https:\/\/hubsch-interior.com\/da\/vare\/acorn-tojstativ-natur\/","name":"Acorn T\u00f8jstativ Natur - H\u00fcbsch","isPartOf":{"@id":"https:\/\/hubsch-interior.com\/da\/#website"},"primaryImageOfPage":{"@id":"https:\/\/hubsch-interior.com\/da\/vare\/acorn-tojstativ-natur\/#primaryimage"},"image":{"@id":"https:\/\/hubsch-interior.com\/da\/vare\/acorn-tojstativ-natur\/#primaryimage"},"thumbnailUrl":"https:\/\/hubsch-interior.com\/wp-content\/uploads\/2026\/02\/acorn-clothing-rack-natural-822795122d69517f17e2f001d58f9b30.jpg","datePublished":"2021-06-04T08:11:28+00:00","dateModified":"2026-04-09T02:49:31+00:00","description":"Acorn T\u00f8jstativ Natur er lavet af \u00e6gte Eg tr\u00e6, som er FSC certificeret. Denne smukke knage er en perfekt m\u00e5de at forf\u00f8re rummet. Den har en elegant, rund","breadcrumb":{"@id":"https:\/\/hubsch-interior.com\/da\/vare\/acorn-tojstativ-natur\/#breadcrumb"},"inLanguage":"da-DK","potentialAction":[{"@type":"ReadAction","target":["https:\/\/hubsch-interior.com\/da\/vare\/acorn-tojstativ-natur\/"]}]},{"@type":"ImageObject","inLanguage":"da-DK","@id":"https:\/\/hubsch-interior.com\/da\/vare\/acorn-tojstativ-natur\/#primaryimage","url":"https:\/\/hubsch-interior.com\/wp-content\/uploads\/2026\/02\/acorn-clothing-rack-natural-822795122d69517f17e2f001d58f9b30.jpg","contentUrl":"https:\/\/hubsch-interior.com\/wp-content\/uploads\/2026\/02\/acorn-clothing-rack-natural-822795122d69517f17e2f001d58f9b30.jpg","width":1024,"height":1024},{"@type":"BreadcrumbList","@id":"https:\/\/hubsch-interior.com\/da\/vare\/acorn-tojstativ-natur\/#breadcrumb","itemListElement":[{"@type":"ListItem","position":1,"name":"Forside","item":"https:\/\/hubsch-interior.com\/da\/"},{"@type":"ListItem","position":2,"name":"Produkter","item":"https:\/\/hubsch-interior.com\/da\/produkter\/"},{"@type":"ListItem","position":3,"name":"M\u00f8bler","item":"https:\/\/hubsch-interior.com\/da\/vare-kategori\/mobler\/"},{"@type":"ListItem","position":4,"name":"Reoler &amp; opbevaring","item":"https:\/\/hubsch-interior.com\/da\/vare-kategori\/mobler\/reoler-opbevaring-da\/"},{"@type":"ListItem","position":5,"name":"T&oslash;jstativer","item":"https:\/\/hubsch-interior.com\/da\/vare-kategori\/mobler\/reoler-opbevaring-da\/toejstativer-da\/"},{"@type":"ListItem","position":6,"name":"Acorn T\u00f8jstativ Natur"}]},{"@type":"WebSite","@id":"https:\/\/hubsch-interior.com\/da\/#website","url":"https:\/\/hubsch-interior.com\/da\/","name":"H\u00fcbsch","description":"Danish Home Interior and Design","publisher":{"@id":"https:\/\/hubsch-interior.com\/da\/#organization"},"potentialAction":[{"@type":"SearchAction","target":{"@type":"EntryPoint","urlTemplate":"https:\/\/hubsch-interior.com\/da\/?s={search_term_string}"},"query-input":{"@type":"PropertyValueSpecification","valueRequired":true,"valueName":"search_term_string"}}],"inLanguage":"da-DK"},{"@type":"Organization","@id":"https:\/\/hubsch-interior.com\/da\/#organization","name":"H\u00fcbsch","url":"https:\/\/hubsch-interior.com\/da\/","logo":{"@type":"ImageObject","inLanguage":"da-DK","@id":"https:\/\/hubsch-interior.com\/da\/#\/schema\/logo\/image\/","url":"https:\/\/hubsch-interior.com\/wp-content\/uploads\/2022\/12\/Hubsch_logo_black_one_line.svg","contentUrl":"https:\/\/hubsch-interior.com\/wp-content\/uploads\/2022\/12\/Hubsch_logo_black_one_line.svg","caption":"H\u00fcbsch"},"image":{"@id":"https:\/\/hubsch-interior.com\/da\/#\/schema\/logo\/image\/"}}]}},"_links":{"self":[{"href":"https:\/\/hubsch-interior.com\/da\/wp-json\/wp\/v2\/product\/395739","targetHints":{"allow":["GET"]}}],"collection":[{"href":"https:\/\/hubsch-interior.com\/da\/wp-json\/wp\/v2\/product"}],"about":[{"href":"https:\/\/hubsch-interior.com\/da\/wp-json\/wp\/v2\/types\/product"}],"wp:featuredmedia":[{"embeddable":true,"href":"https:\/\/hubsch-interior.com\/da\/wp-json\/wp\/v2\/media\/1102502"}],"wp:attachment":[{"href":"https:\/\/hubsch-interior.com\/da\/wp-json\/wp\/v2\/media?parent=395739"}],"wp:term":[{"taxonomy":"product_brand","embeddable":true,"href":"https:\/\/hubsch-interior.com\/da\/wp-json\/wp\/v2\/product_brand?post=395739"},{"taxonomy":"product_cat","embeddable":true,"href":"https:\/\/hubsch-interior.com\/da\/wp-json\/wp\/v2\/product_cat?post=395739"},{"taxonomy":"product_tag","embeddable":true,"href":"https:\/\/hubsch-interior.com\/da\/wp-json\/wp\/v2\/product_tag?post=395739"}],"curies":[{"name":"wp","href":"https:\/\/api.w.org\/{rel}","templated":true}]}}