{"id":39585,"date":"2020-12-15T09:49:42","date_gmt":"2020-12-15T08:49:42","guid":{"rendered":"https:\/\/hubsch-interior.com\/product\/product-10\/"},"modified":"2026-04-05T04:50:21","modified_gmt":"2026-04-05T02:50:21","slug":"depth-spejl-natur","status":"publish","type":"product","link":"https:\/\/hubsch-interior.com\/da\/vare\/depth-spejl-natur\/","title":{"rendered":"Depth Spejl Natur"},"content":{"rendered":"<p>Depth Spejl Natur er et fantastisk produkt, der er lavet af spejlglas, eg-veneer og eg-tr\u00e6. Det er FSC-certificeret, s\u00e5 du kan v\u00e6re sikker p\u00e5, at det er produceret b\u00e6redygtigt og ansvarligt. Det er et klassisk design, der vil passe godt ind i ethvert hjem. Det er et flot og stilrent spejl, der giver et elegant touch til ethvert rum. Spejlet har en dyb, kontrastfyldt ramme, der komplimenterer det skinnende spejlglas. Det er det perfekte valg til at give ethvert v\u00e6relse et nyt udseende.<\/p>\n","protected":false},"excerpt":{"rendered":"<p>Depth Spejl Natur er et fantastisk produkt, der er lavet af spejlglas, eg-veneer og eg-tr\u00e6. Det er FSC-certificeret, s\u00e5 du kan v\u00e6re sikker p\u00e5, at det er produceret b\u00e6redygtigt og ansvarligt. Det er et klassisk design, der vil passe godt ind i ethvert hjem. Det er et flot og stilrent spejl, der giver et elegant [&hellip;]<\/p>\n","protected":false},"featured_media":1102195,"template":"","meta":{"_acf_changed":false,"inline_featured_image":false},"product_brand":[],"product_cat":[5025,6321,2921,2922],"product_tag":[],"class_list":{"0":"post-39585","1":"product","2":"type-product","3":"status-publish","4":"has-post-thumbnail","6":"product_cat-bestsellers-da","7":"product_cat-fsc-da","8":"product_cat-spejle-da","9":"product_cat-vaegspejle-da","10":"product_shipping_class-pk","12":"pa_color-natur-2","13":"pa_material-egetr","14":"pa_material-egetrsfiner","15":"pa_material-mdf-da","16":"pa_material-spejlglas","18":"first","19":"instock","20":"featured","21":"taxable","22":"shipping-taxable","23":"purchasable","24":"product-type-simple"},"exclude_global_add_ons":[],"addons":[],"acf":[],"yoast_head":"<!-- This site is optimized with the Yoast SEO plugin v26.4 - https:\/\/yoast.com\/wordpress\/plugins\/seo\/ -->\n<title>Depth Spejl Natur - H\u00fcbsch<\/title>\n<meta name=\"description\" content=\"Depth Spejl Natur er et fantastisk produkt, der er lavet af spejlglas, eg-veneer og eg-tr\u00e6. Det er FSC-certificeret, s\u00e5 du kan v\u00e6re sikker p\u00e5, at det er\" \/>\n<meta name=\"robots\" content=\"index, follow, max-snippet:-1, max-image-preview:large, max-video-preview:-1\" \/>\n<link rel=\"canonical\" href=\"https:\/\/hubsch-interior.com\/da\/wp-json\/wp\/v2\/product\/39585\" \/>\n<meta property=\"og:locale\" content=\"da_DK\" \/>\n<meta property=\"og:type\" content=\"article\" \/>\n<meta property=\"og:title\" content=\"Depth Spejl Natur - H\u00fcbsch\" \/>\n<meta property=\"og:description\" content=\"Depth Spejl Natur er et fantastisk produkt, der er lavet af spejlglas, eg-veneer og eg-tr\u00e6. Det er FSC-certificeret, s\u00e5 du kan v\u00e6re sikker p\u00e5, at det er\" \/>\n<meta property=\"og:url\" content=\"https:\/\/hubsch-interior.com\/da\/vare\/depth-spejl-natur\/\" \/>\n<meta property=\"og:site_name\" content=\"H\u00fcbsch\" \/>\n<meta property=\"article:modified_time\" content=\"2026-04-05T02:50:21+00:00\" \/>\n<meta property=\"og:image\" content=\"https:\/\/hubsch-interior.com\/wp-content\/uploads\/2023\/08\/depth-mirror-natural-39996d7adde0979ac16094c8a15d0df6.jpg\" \/>\n\t<meta property=\"og:image:width\" content=\"1200\" \/>\n\t<meta property=\"og:image:height\" content=\"1200\" \/>\n\t<meta property=\"og:image:type\" content=\"image\/jpeg\" \/>\n<meta name=\"twitter:card\" content=\"summary_large_image\" \/>\n<script type=\"application\/ld+json\" class=\"yoast-schema-graph\">{\"@context\":\"https:\/\/schema.org\",\"@graph\":[{\"@type\":\"WebPage\",\"@id\":\"https:\/\/hubsch-interior.com\/da\/vare\/depth-spejl-natur\/\",\"url\":\"https:\/\/hubsch-interior.com\/da\/vare\/depth-spejl-natur\/\",\"name\":\"Depth Spejl Natur - H\u00fcbsch\",\"isPartOf\":{\"@id\":\"https:\/\/hubsch-interior.com\/da\/#website\"},\"primaryImageOfPage\":{\"@id\":\"https:\/\/hubsch-interior.com\/da\/vare\/depth-spejl-natur\/#primaryimage\"},\"image\":{\"@id\":\"https:\/\/hubsch-interior.com\/da\/vare\/depth-spejl-natur\/#primaryimage\"},\"thumbnailUrl\":\"https:\/\/hubsch-interior.com\/wp-content\/uploads\/2026\/02\/depth-mirror-natural-3936b3b04bb6b9c3d97a04057e1613b7.jpg\",\"datePublished\":\"2020-12-15T08:49:42+00:00\",\"dateModified\":\"2026-04-05T02:50:21+00:00\",\"description\":\"Depth Spejl Natur er et fantastisk produkt, der er lavet af spejlglas, eg-veneer og eg-tr\u00e6. Det er FSC-certificeret, s\u00e5 du kan v\u00e6re sikker p\u00e5, at det er\",\"breadcrumb\":{\"@id\":\"https:\/\/hubsch-interior.com\/da\/vare\/depth-spejl-natur\/#breadcrumb\"},\"inLanguage\":\"da-DK\",\"potentialAction\":[{\"@type\":\"ReadAction\",\"target\":[\"https:\/\/hubsch-interior.com\/da\/vare\/depth-spejl-natur\/\"]}]},{\"@type\":\"ImageObject\",\"inLanguage\":\"da-DK\",\"@id\":\"https:\/\/hubsch-interior.com\/da\/vare\/depth-spejl-natur\/#primaryimage\",\"url\":\"https:\/\/hubsch-interior.com\/wp-content\/uploads\/2026\/02\/depth-mirror-natural-3936b3b04bb6b9c3d97a04057e1613b7.jpg\",\"contentUrl\":\"https:\/\/hubsch-interior.com\/wp-content\/uploads\/2026\/02\/depth-mirror-natural-3936b3b04bb6b9c3d97a04057e1613b7.jpg\",\"width\":1024,\"height\":1024},{\"@type\":\"BreadcrumbList\",\"@id\":\"https:\/\/hubsch-interior.com\/da\/vare\/depth-spejl-natur\/#breadcrumb\",\"itemListElement\":[{\"@type\":\"ListItem\",\"position\":1,\"name\":\"Forside\",\"item\":\"https:\/\/hubsch-interior.com\/da\/\"},{\"@type\":\"ListItem\",\"position\":2,\"name\":\"Produkter\",\"item\":\"https:\/\/hubsch-interior.com\/da\/produkter\/\"},{\"@type\":\"ListItem\",\"position\":3,\"name\":\"Boligtilbeh\u00f8r\",\"item\":\"https:\/\/hubsch-interior.com\/da\/vare-kategori\/boligtilbehor\/\"},{\"@type\":\"ListItem\",\"position\":4,\"name\":\"Spejle\",\"item\":\"https:\/\/hubsch-interior.com\/da\/vare-kategori\/boligtilbehor\/spejle-da\/\"},{\"@type\":\"ListItem\",\"position\":5,\"name\":\"V&aelig;gspejle\",\"item\":\"https:\/\/hubsch-interior.com\/da\/vare-kategori\/boligtilbehor\/spejle-da\/vaegspejle-da\/\"},{\"@type\":\"ListItem\",\"position\":6,\"name\":\"Depth Spejl Natur\"}]},{\"@type\":\"WebSite\",\"@id\":\"https:\/\/hubsch-interior.com\/da\/#website\",\"url\":\"https:\/\/hubsch-interior.com\/da\/\",\"name\":\"H\u00fcbsch\",\"description\":\"Danish Home Interior and Design\",\"publisher\":{\"@id\":\"https:\/\/hubsch-interior.com\/da\/#organization\"},\"potentialAction\":[{\"@type\":\"SearchAction\",\"target\":{\"@type\":\"EntryPoint\",\"urlTemplate\":\"https:\/\/hubsch-interior.com\/da\/?s={search_term_string}\"},\"query-input\":{\"@type\":\"PropertyValueSpecification\",\"valueRequired\":true,\"valueName\":\"search_term_string\"}}],\"inLanguage\":\"da-DK\"},{\"@type\":\"Organization\",\"@id\":\"https:\/\/hubsch-interior.com\/da\/#organization\",\"name\":\"H\u00fcbsch\",\"url\":\"https:\/\/hubsch-interior.com\/da\/\",\"logo\":{\"@type\":\"ImageObject\",\"inLanguage\":\"da-DK\",\"@id\":\"https:\/\/hubsch-interior.com\/da\/#\/schema\/logo\/image\/\",\"url\":\"https:\/\/hubsch-interior.com\/wp-content\/uploads\/2022\/12\/Hubsch_logo_black_one_line.svg\",\"contentUrl\":\"https:\/\/hubsch-interior.com\/wp-content\/uploads\/2022\/12\/Hubsch_logo_black_one_line.svg\",\"caption\":\"H\u00fcbsch\"},\"image\":{\"@id\":\"https:\/\/hubsch-interior.com\/da\/#\/schema\/logo\/image\/\"}}]}<\/script>\n<!-- \/ Yoast SEO plugin. -->","yoast_head_json":{"title":"Depth Spejl Natur - H\u00fcbsch","description":"Depth Spejl Natur er et fantastisk produkt, der er lavet af spejlglas, eg-veneer og eg-tr\u00e6. Det er FSC-certificeret, s\u00e5 du kan v\u00e6re sikker p\u00e5, at det er","robots":{"index":"index","follow":"follow","max-snippet":"max-snippet:-1","max-image-preview":"max-image-preview:large","max-video-preview":"max-video-preview:-1"},"canonical":"https:\/\/hubsch-interior.com\/da\/wp-json\/wp\/v2\/product\/39585","og_locale":"da_DK","og_type":"article","og_title":"Depth Spejl Natur - H\u00fcbsch","og_description":"Depth Spejl Natur er et fantastisk produkt, der er lavet af spejlglas, eg-veneer og eg-tr\u00e6. Det er FSC-certificeret, s\u00e5 du kan v\u00e6re sikker p\u00e5, at det er","og_url":"https:\/\/hubsch-interior.com\/da\/vare\/depth-spejl-natur\/","og_site_name":"H\u00fcbsch","article_modified_time":"2026-04-05T02:50:21+00:00","og_image":[{"width":1200,"height":1200,"url":"https:\/\/hubsch-interior.com\/wp-content\/uploads\/2023\/08\/depth-mirror-natural-39996d7adde0979ac16094c8a15d0df6.jpg","type":"image\/jpeg"}],"twitter_card":"summary_large_image","schema":{"@context":"https:\/\/schema.org","@graph":[{"@type":"WebPage","@id":"https:\/\/hubsch-interior.com\/da\/vare\/depth-spejl-natur\/","url":"https:\/\/hubsch-interior.com\/da\/vare\/depth-spejl-natur\/","name":"Depth Spejl Natur - H\u00fcbsch","isPartOf":{"@id":"https:\/\/hubsch-interior.com\/da\/#website"},"primaryImageOfPage":{"@id":"https:\/\/hubsch-interior.com\/da\/vare\/depth-spejl-natur\/#primaryimage"},"image":{"@id":"https:\/\/hubsch-interior.com\/da\/vare\/depth-spejl-natur\/#primaryimage"},"thumbnailUrl":"https:\/\/hubsch-interior.com\/wp-content\/uploads\/2026\/02\/depth-mirror-natural-3936b3b04bb6b9c3d97a04057e1613b7.jpg","datePublished":"2020-12-15T08:49:42+00:00","dateModified":"2026-04-05T02:50:21+00:00","description":"Depth Spejl Natur er et fantastisk produkt, der er lavet af spejlglas, eg-veneer og eg-tr\u00e6. Det er FSC-certificeret, s\u00e5 du kan v\u00e6re sikker p\u00e5, at det er","breadcrumb":{"@id":"https:\/\/hubsch-interior.com\/da\/vare\/depth-spejl-natur\/#breadcrumb"},"inLanguage":"da-DK","potentialAction":[{"@type":"ReadAction","target":["https:\/\/hubsch-interior.com\/da\/vare\/depth-spejl-natur\/"]}]},{"@type":"ImageObject","inLanguage":"da-DK","@id":"https:\/\/hubsch-interior.com\/da\/vare\/depth-spejl-natur\/#primaryimage","url":"https:\/\/hubsch-interior.com\/wp-content\/uploads\/2026\/02\/depth-mirror-natural-3936b3b04bb6b9c3d97a04057e1613b7.jpg","contentUrl":"https:\/\/hubsch-interior.com\/wp-content\/uploads\/2026\/02\/depth-mirror-natural-3936b3b04bb6b9c3d97a04057e1613b7.jpg","width":1024,"height":1024},{"@type":"BreadcrumbList","@id":"https:\/\/hubsch-interior.com\/da\/vare\/depth-spejl-natur\/#breadcrumb","itemListElement":[{"@type":"ListItem","position":1,"name":"Forside","item":"https:\/\/hubsch-interior.com\/da\/"},{"@type":"ListItem","position":2,"name":"Produkter","item":"https:\/\/hubsch-interior.com\/da\/produkter\/"},{"@type":"ListItem","position":3,"name":"Boligtilbeh\u00f8r","item":"https:\/\/hubsch-interior.com\/da\/vare-kategori\/boligtilbehor\/"},{"@type":"ListItem","position":4,"name":"Spejle","item":"https:\/\/hubsch-interior.com\/da\/vare-kategori\/boligtilbehor\/spejle-da\/"},{"@type":"ListItem","position":5,"name":"V&aelig;gspejle","item":"https:\/\/hubsch-interior.com\/da\/vare-kategori\/boligtilbehor\/spejle-da\/vaegspejle-da\/"},{"@type":"ListItem","position":6,"name":"Depth Spejl Natur"}]},{"@type":"WebSite","@id":"https:\/\/hubsch-interior.com\/da\/#website","url":"https:\/\/hubsch-interior.com\/da\/","name":"H\u00fcbsch","description":"Danish Home Interior and Design","publisher":{"@id":"https:\/\/hubsch-interior.com\/da\/#organization"},"potentialAction":[{"@type":"SearchAction","target":{"@type":"EntryPoint","urlTemplate":"https:\/\/hubsch-interior.com\/da\/?s={search_term_string}"},"query-input":{"@type":"PropertyValueSpecification","valueRequired":true,"valueName":"search_term_string"}}],"inLanguage":"da-DK"},{"@type":"Organization","@id":"https:\/\/hubsch-interior.com\/da\/#organization","name":"H\u00fcbsch","url":"https:\/\/hubsch-interior.com\/da\/","logo":{"@type":"ImageObject","inLanguage":"da-DK","@id":"https:\/\/hubsch-interior.com\/da\/#\/schema\/logo\/image\/","url":"https:\/\/hubsch-interior.com\/wp-content\/uploads\/2022\/12\/Hubsch_logo_black_one_line.svg","contentUrl":"https:\/\/hubsch-interior.com\/wp-content\/uploads\/2022\/12\/Hubsch_logo_black_one_line.svg","caption":"H\u00fcbsch"},"image":{"@id":"https:\/\/hubsch-interior.com\/da\/#\/schema\/logo\/image\/"}}]}},"_links":{"self":[{"href":"https:\/\/hubsch-interior.com\/da\/wp-json\/wp\/v2\/product\/39585","targetHints":{"allow":["GET"]}}],"collection":[{"href":"https:\/\/hubsch-interior.com\/da\/wp-json\/wp\/v2\/product"}],"about":[{"href":"https:\/\/hubsch-interior.com\/da\/wp-json\/wp\/v2\/types\/product"}],"wp:featuredmedia":[{"embeddable":true,"href":"https:\/\/hubsch-interior.com\/da\/wp-json\/wp\/v2\/media\/1102195"}],"wp:attachment":[{"href":"https:\/\/hubsch-interior.com\/da\/wp-json\/wp\/v2\/media?parent=39585"}],"wp:term":[{"taxonomy":"product_brand","embeddable":true,"href":"https:\/\/hubsch-interior.com\/da\/wp-json\/wp\/v2\/product_brand?post=39585"},{"taxonomy":"product_cat","embeddable":true,"href":"https:\/\/hubsch-interior.com\/da\/wp-json\/wp\/v2\/product_cat?post=39585"},{"taxonomy":"product_tag","embeddable":true,"href":"https:\/\/hubsch-interior.com\/da\/wp-json\/wp\/v2\/product_tag?post=39585"}],"curies":[{"name":"wp","href":"https:\/\/api.w.org\/{rel}","templated":true}]}}