{"id":39653,"date":"2020-12-15T09:49:57","date_gmt":"2020-12-15T08:49:57","guid":{"rendered":"https:\/\/hubsch-interior.com\/product\/product-13\/"},"modified":"2026-04-11T04:46:12","modified_gmt":"2026-04-11T02:46:12","slug":"column-magasinholder-natur","status":"publish","type":"product","link":"https:\/\/hubsch-interior.com\/da\/vare\/column-magasinholder-natur\/","title":{"rendered":"Column Magasinholder Natur"},"content":{"rendered":"<p>Column Magasinholder Natur er lavet af FSC-certificeret b\u00f8g og askfineret. Den er perfekt til at give et stilfuldt look til dit hjem. Med den naturlige finish er den nem at kombinere med andre m\u00f8bler. Holderne har en robust og stabil konstruktion, der g\u00f8r dem velegnede til mange forskellige opbevaringsform\u00e5l. De er ogs\u00e5 lette at reng\u00f8re. Pr\u00f8v det og giv dit hjem et stilfuldt look.<\/p>\n","protected":false},"excerpt":{"rendered":"<p>Column Magasinholder Natur er lavet af FSC-certificeret b\u00f8g og askfineret. Den er perfekt til at give et stilfuldt look til dit hjem. Med den naturlige finish er den nem at kombinere med andre m\u00f8bler. Holderne har en robust og stabil konstruktion, der g\u00f8r dem velegnede til mange forskellige opbevaringsform\u00e5l. De er ogs\u00e5 lette at reng\u00f8re. [&hellip;]<\/p>\n","protected":false},"featured_media":1102223,"template":"","meta":{"_acf_changed":false,"inline_featured_image":false},"product_brand":[],"product_cat":[5025,6321,4022,4018,3109,3999],"product_tag":[],"class_list":{"0":"post-39653","1":"product","2":"type-product","3":"status-publish","4":"has-post-thumbnail","6":"product_cat-bestsellers-da","7":"product_cat-fsc-da","8":"product_cat-hylder-da","9":"product_cat-magasinholdere-da","10":"product_cat-opbevaring-da","11":"product_cat-reoler-opbevaring-da","12":"product_shipping_class-pk","14":"pa_color-natur-2","15":"pa_material-egetr","16":"pa_material-egetrsfiner","17":"pa_material-mdf-da","19":"first","20":"instock","21":"featured","22":"taxable","23":"shipping-taxable","24":"purchasable","25":"product-type-simple"},"exclude_global_add_ons":[],"addons":[],"acf":[],"yoast_head":"<!-- This site is optimized with the Yoast SEO plugin v26.4 - https:\/\/yoast.com\/wordpress\/plugins\/seo\/ -->\n<title>Column Magasinholder Natur - H\u00fcbsch<\/title>\n<meta name=\"description\" content=\"Column Magasinholder Natur er lavet af FSC-certificeret b\u00f8g og askfineret. Den er perfekt til at give et stilfuldt look til dit hjem. Med den naturlige\" \/>\n<meta name=\"robots\" content=\"index, follow, max-snippet:-1, max-image-preview:large, max-video-preview:-1\" \/>\n<link rel=\"canonical\" href=\"https:\/\/hubsch-interior.com\/da\/wp-json\/wp\/v2\/product\/39653\" \/>\n<meta property=\"og:locale\" content=\"da_DK\" \/>\n<meta property=\"og:type\" content=\"article\" \/>\n<meta property=\"og:title\" content=\"Column Magasinholder Natur - H\u00fcbsch\" \/>\n<meta property=\"og:description\" content=\"Column Magasinholder Natur er lavet af FSC-certificeret b\u00f8g og askfineret. Den er perfekt til at give et stilfuldt look til dit hjem. Med den naturlige\" \/>\n<meta property=\"og:url\" content=\"https:\/\/hubsch-interior.com\/da\/vare\/column-magasinholder-natur\/\" \/>\n<meta property=\"og:site_name\" content=\"H\u00fcbsch\" \/>\n<meta property=\"article:modified_time\" content=\"2026-04-11T02:46:12+00:00\" \/>\n<meta property=\"og:image\" content=\"https:\/\/hubsch-interior.com\/wp-content\/uploads\/2023\/08\/column-magazine-holder-natural-2befd2f965fefc1fc418b460de3b6f69.jpg\" \/>\n\t<meta property=\"og:image:width\" content=\"1200\" \/>\n\t<meta property=\"og:image:height\" content=\"1200\" \/>\n\t<meta property=\"og:image:type\" content=\"image\/jpeg\" \/>\n<meta name=\"twitter:card\" content=\"summary_large_image\" \/>\n<script type=\"application\/ld+json\" class=\"yoast-schema-graph\">{\"@context\":\"https:\/\/schema.org\",\"@graph\":[{\"@type\":\"WebPage\",\"@id\":\"https:\/\/hubsch-interior.com\/da\/vare\/column-magasinholder-natur\/\",\"url\":\"https:\/\/hubsch-interior.com\/da\/vare\/column-magasinholder-natur\/\",\"name\":\"Column Magasinholder Natur - H\u00fcbsch\",\"isPartOf\":{\"@id\":\"https:\/\/hubsch-interior.com\/da\/#website\"},\"primaryImageOfPage\":{\"@id\":\"https:\/\/hubsch-interior.com\/da\/vare\/column-magasinholder-natur\/#primaryimage\"},\"image\":{\"@id\":\"https:\/\/hubsch-interior.com\/da\/vare\/column-magasinholder-natur\/#primaryimage\"},\"thumbnailUrl\":\"https:\/\/hubsch-interior.com\/wp-content\/uploads\/2026\/02\/column-magazine-holder-natural-cc097c838cc7a3606c86e67e61eeae6d.jpg\",\"datePublished\":\"2020-12-15T08:49:57+00:00\",\"dateModified\":\"2026-04-11T02:46:12+00:00\",\"description\":\"Column Magasinholder Natur er lavet af FSC-certificeret b\u00f8g og askfineret. Den er perfekt til at give et stilfuldt look til dit hjem. Med den naturlige\",\"breadcrumb\":{\"@id\":\"https:\/\/hubsch-interior.com\/da\/vare\/column-magasinholder-natur\/#breadcrumb\"},\"inLanguage\":\"da-DK\",\"potentialAction\":[{\"@type\":\"ReadAction\",\"target\":[\"https:\/\/hubsch-interior.com\/da\/vare\/column-magasinholder-natur\/\"]}]},{\"@type\":\"ImageObject\",\"inLanguage\":\"da-DK\",\"@id\":\"https:\/\/hubsch-interior.com\/da\/vare\/column-magasinholder-natur\/#primaryimage\",\"url\":\"https:\/\/hubsch-interior.com\/wp-content\/uploads\/2026\/02\/column-magazine-holder-natural-cc097c838cc7a3606c86e67e61eeae6d.jpg\",\"contentUrl\":\"https:\/\/hubsch-interior.com\/wp-content\/uploads\/2026\/02\/column-magazine-holder-natural-cc097c838cc7a3606c86e67e61eeae6d.jpg\",\"width\":1024,\"height\":1024},{\"@type\":\"BreadcrumbList\",\"@id\":\"https:\/\/hubsch-interior.com\/da\/vare\/column-magasinholder-natur\/#breadcrumb\",\"itemListElement\":[{\"@type\":\"ListItem\",\"position\":1,\"name\":\"Forside\",\"item\":\"https:\/\/hubsch-interior.com\/da\/\"},{\"@type\":\"ListItem\",\"position\":2,\"name\":\"Produkter\",\"item\":\"https:\/\/hubsch-interior.com\/da\/produkter\/\"},{\"@type\":\"ListItem\",\"position\":3,\"name\":\"M\u00f8bler\",\"item\":\"https:\/\/hubsch-interior.com\/da\/vare-kategori\/mobler\/\"},{\"@type\":\"ListItem\",\"position\":4,\"name\":\"Reoler &amp; opbevaring\",\"item\":\"https:\/\/hubsch-interior.com\/da\/vare-kategori\/mobler\/reoler-opbevaring-da\/\"},{\"@type\":\"ListItem\",\"position\":5,\"name\":\"Hylder\",\"item\":\"https:\/\/hubsch-interior.com\/da\/vare-kategori\/mobler\/reoler-opbevaring-da\/hylder-da\/\"},{\"@type\":\"ListItem\",\"position\":6,\"name\":\"Column Magasinholder Natur\"}]},{\"@type\":\"WebSite\",\"@id\":\"https:\/\/hubsch-interior.com\/da\/#website\",\"url\":\"https:\/\/hubsch-interior.com\/da\/\",\"name\":\"H\u00fcbsch\",\"description\":\"Danish Home Interior and Design\",\"publisher\":{\"@id\":\"https:\/\/hubsch-interior.com\/da\/#organization\"},\"potentialAction\":[{\"@type\":\"SearchAction\",\"target\":{\"@type\":\"EntryPoint\",\"urlTemplate\":\"https:\/\/hubsch-interior.com\/da\/?s={search_term_string}\"},\"query-input\":{\"@type\":\"PropertyValueSpecification\",\"valueRequired\":true,\"valueName\":\"search_term_string\"}}],\"inLanguage\":\"da-DK\"},{\"@type\":\"Organization\",\"@id\":\"https:\/\/hubsch-interior.com\/da\/#organization\",\"name\":\"H\u00fcbsch\",\"url\":\"https:\/\/hubsch-interior.com\/da\/\",\"logo\":{\"@type\":\"ImageObject\",\"inLanguage\":\"da-DK\",\"@id\":\"https:\/\/hubsch-interior.com\/da\/#\/schema\/logo\/image\/\",\"url\":\"https:\/\/hubsch-interior.com\/wp-content\/uploads\/2022\/12\/Hubsch_logo_black_one_line.svg\",\"contentUrl\":\"https:\/\/hubsch-interior.com\/wp-content\/uploads\/2022\/12\/Hubsch_logo_black_one_line.svg\",\"caption\":\"H\u00fcbsch\"},\"image\":{\"@id\":\"https:\/\/hubsch-interior.com\/da\/#\/schema\/logo\/image\/\"}}]}<\/script>\n<!-- \/ Yoast SEO plugin. -->","yoast_head_json":{"title":"Column Magasinholder Natur - H\u00fcbsch","description":"Column Magasinholder Natur er lavet af FSC-certificeret b\u00f8g og askfineret. Den er perfekt til at give et stilfuldt look til dit hjem. Med den naturlige","robots":{"index":"index","follow":"follow","max-snippet":"max-snippet:-1","max-image-preview":"max-image-preview:large","max-video-preview":"max-video-preview:-1"},"canonical":"https:\/\/hubsch-interior.com\/da\/wp-json\/wp\/v2\/product\/39653","og_locale":"da_DK","og_type":"article","og_title":"Column Magasinholder Natur - H\u00fcbsch","og_description":"Column Magasinholder Natur er lavet af FSC-certificeret b\u00f8g og askfineret. Den er perfekt til at give et stilfuldt look til dit hjem. Med den naturlige","og_url":"https:\/\/hubsch-interior.com\/da\/vare\/column-magasinholder-natur\/","og_site_name":"H\u00fcbsch","article_modified_time":"2026-04-11T02:46:12+00:00","og_image":[{"width":1200,"height":1200,"url":"https:\/\/hubsch-interior.com\/wp-content\/uploads\/2023\/08\/column-magazine-holder-natural-2befd2f965fefc1fc418b460de3b6f69.jpg","type":"image\/jpeg"}],"twitter_card":"summary_large_image","schema":{"@context":"https:\/\/schema.org","@graph":[{"@type":"WebPage","@id":"https:\/\/hubsch-interior.com\/da\/vare\/column-magasinholder-natur\/","url":"https:\/\/hubsch-interior.com\/da\/vare\/column-magasinholder-natur\/","name":"Column Magasinholder Natur - H\u00fcbsch","isPartOf":{"@id":"https:\/\/hubsch-interior.com\/da\/#website"},"primaryImageOfPage":{"@id":"https:\/\/hubsch-interior.com\/da\/vare\/column-magasinholder-natur\/#primaryimage"},"image":{"@id":"https:\/\/hubsch-interior.com\/da\/vare\/column-magasinholder-natur\/#primaryimage"},"thumbnailUrl":"https:\/\/hubsch-interior.com\/wp-content\/uploads\/2026\/02\/column-magazine-holder-natural-cc097c838cc7a3606c86e67e61eeae6d.jpg","datePublished":"2020-12-15T08:49:57+00:00","dateModified":"2026-04-11T02:46:12+00:00","description":"Column Magasinholder Natur er lavet af FSC-certificeret b\u00f8g og askfineret. Den er perfekt til at give et stilfuldt look til dit hjem. Med den naturlige","breadcrumb":{"@id":"https:\/\/hubsch-interior.com\/da\/vare\/column-magasinholder-natur\/#breadcrumb"},"inLanguage":"da-DK","potentialAction":[{"@type":"ReadAction","target":["https:\/\/hubsch-interior.com\/da\/vare\/column-magasinholder-natur\/"]}]},{"@type":"ImageObject","inLanguage":"da-DK","@id":"https:\/\/hubsch-interior.com\/da\/vare\/column-magasinholder-natur\/#primaryimage","url":"https:\/\/hubsch-interior.com\/wp-content\/uploads\/2026\/02\/column-magazine-holder-natural-cc097c838cc7a3606c86e67e61eeae6d.jpg","contentUrl":"https:\/\/hubsch-interior.com\/wp-content\/uploads\/2026\/02\/column-magazine-holder-natural-cc097c838cc7a3606c86e67e61eeae6d.jpg","width":1024,"height":1024},{"@type":"BreadcrumbList","@id":"https:\/\/hubsch-interior.com\/da\/vare\/column-magasinholder-natur\/#breadcrumb","itemListElement":[{"@type":"ListItem","position":1,"name":"Forside","item":"https:\/\/hubsch-interior.com\/da\/"},{"@type":"ListItem","position":2,"name":"Produkter","item":"https:\/\/hubsch-interior.com\/da\/produkter\/"},{"@type":"ListItem","position":3,"name":"M\u00f8bler","item":"https:\/\/hubsch-interior.com\/da\/vare-kategori\/mobler\/"},{"@type":"ListItem","position":4,"name":"Reoler &amp; opbevaring","item":"https:\/\/hubsch-interior.com\/da\/vare-kategori\/mobler\/reoler-opbevaring-da\/"},{"@type":"ListItem","position":5,"name":"Hylder","item":"https:\/\/hubsch-interior.com\/da\/vare-kategori\/mobler\/reoler-opbevaring-da\/hylder-da\/"},{"@type":"ListItem","position":6,"name":"Column Magasinholder Natur"}]},{"@type":"WebSite","@id":"https:\/\/hubsch-interior.com\/da\/#website","url":"https:\/\/hubsch-interior.com\/da\/","name":"H\u00fcbsch","description":"Danish Home Interior and Design","publisher":{"@id":"https:\/\/hubsch-interior.com\/da\/#organization"},"potentialAction":[{"@type":"SearchAction","target":{"@type":"EntryPoint","urlTemplate":"https:\/\/hubsch-interior.com\/da\/?s={search_term_string}"},"query-input":{"@type":"PropertyValueSpecification","valueRequired":true,"valueName":"search_term_string"}}],"inLanguage":"da-DK"},{"@type":"Organization","@id":"https:\/\/hubsch-interior.com\/da\/#organization","name":"H\u00fcbsch","url":"https:\/\/hubsch-interior.com\/da\/","logo":{"@type":"ImageObject","inLanguage":"da-DK","@id":"https:\/\/hubsch-interior.com\/da\/#\/schema\/logo\/image\/","url":"https:\/\/hubsch-interior.com\/wp-content\/uploads\/2022\/12\/Hubsch_logo_black_one_line.svg","contentUrl":"https:\/\/hubsch-interior.com\/wp-content\/uploads\/2022\/12\/Hubsch_logo_black_one_line.svg","caption":"H\u00fcbsch"},"image":{"@id":"https:\/\/hubsch-interior.com\/da\/#\/schema\/logo\/image\/"}}]}},"_links":{"self":[{"href":"https:\/\/hubsch-interior.com\/da\/wp-json\/wp\/v2\/product\/39653","targetHints":{"allow":["GET"]}}],"collection":[{"href":"https:\/\/hubsch-interior.com\/da\/wp-json\/wp\/v2\/product"}],"about":[{"href":"https:\/\/hubsch-interior.com\/da\/wp-json\/wp\/v2\/types\/product"}],"wp:featuredmedia":[{"embeddable":true,"href":"https:\/\/hubsch-interior.com\/da\/wp-json\/wp\/v2\/media\/1102223"}],"wp:attachment":[{"href":"https:\/\/hubsch-interior.com\/da\/wp-json\/wp\/v2\/media?parent=39653"}],"wp:term":[{"taxonomy":"product_brand","embeddable":true,"href":"https:\/\/hubsch-interior.com\/da\/wp-json\/wp\/v2\/product_brand?post=39653"},{"taxonomy":"product_cat","embeddable":true,"href":"https:\/\/hubsch-interior.com\/da\/wp-json\/wp\/v2\/product_cat?post=39653"},{"taxonomy":"product_tag","embeddable":true,"href":"https:\/\/hubsch-interior.com\/da\/wp-json\/wp\/v2\/product_tag?post=39653"}],"curies":[{"name":"wp","href":"https:\/\/api.w.org\/{rel}","templated":true}]}}