{"id":397075,"date":"2021-06-04T10:16:41","date_gmt":"2021-06-04T08:16:41","guid":{"rendered":"https:\/\/hubsch-interior.com\/shop-b2c\/product\/product-6\/"},"modified":"2026-04-09T05:12:32","modified_gmt":"2026-04-09T03:12:32","slug":"loop-handklaedeholder-burgundy","status":"publish","type":"product","link":"https:\/\/hubsch-interior.com\/da\/vare\/loop-handklaedeholder-burgundy\/","title":{"rendered":"Loop H\u00e5ndkl\u00e6deholder Burgundy"},"content":{"rendered":"<p>Denne h\u00e5ndkl\u00e6deholder er lavet af metal og har en bordeaux farve. H\u00e5ndkl\u00e6deholderen har to ringe, som g\u00f8r det muligt at opbevare flere h\u00e5ndkl\u00e6der eller plaids p\u00e5 samme tid. Den tilf\u00f8jer en stilfuld detalje til dit badev\u00e6relse, k\u00f8kken eller ethvert andet rum i dit hjem.<\/p>\n","protected":false},"excerpt":{"rendered":"<p>Denne h\u00e5ndkl\u00e6deholder er lavet af metal og har en bordeaux farve. H\u00e5ndkl\u00e6deholderen har to ringe, som g\u00f8r det muligt at opbevare flere h\u00e5ndkl\u00e6der eller plaids p\u00e5 samme tid. Den tilf\u00f8jer en stilfuld detalje til dit badev\u00e6relse, k\u00f8kken eller ethvert andet rum i dit hjem.<\/p>\n","protected":false},"featured_media":1108812,"template":"","meta":{"_acf_changed":false,"inline_featured_image":false},"product_brand":[],"product_cat":[5025,4106,7065,4039,7069],"product_tag":[],"class_list":{"0":"post-397075","1":"product","2":"type-product","3":"status-publish","4":"has-post-thumbnail","6":"product_cat-bestsellers-da","7":"product_cat-knager-da","8":"product_cat-koekken-reoler-da","9":"product_cat-knager-knageraekker-da","10":"product_cat-knager-reoler-da","11":"product_shipping_class-pk","13":"pa_color-burgundy-da","14":"pa_material-jern-da","16":"first","17":"instock","18":"featured","19":"taxable","20":"shipping-taxable","21":"purchasable","22":"product-type-simple"},"exclude_global_add_ons":[],"addons":[],"acf":[],"yoast_head":"<!-- This site is optimized with the Yoast SEO plugin v26.4 - https:\/\/yoast.com\/wordpress\/plugins\/seo\/ -->\n<title>Loop H\u00e5ndkl\u00e6deholder Burgundy - H\u00fcbsch<\/title>\n<meta name=\"description\" content=\"Denne h\u00e5ndkl\u00e6deholder er lavet af metal og har en bordeaux farve. H\u00e5ndkl\u00e6deholderen har to ringe, som g\u00f8r det muligt at opbevare flere h\u00e5ndkl\u00e6der eller\" \/>\n<meta name=\"robots\" content=\"index, follow, max-snippet:-1, max-image-preview:large, max-video-preview:-1\" \/>\n<link rel=\"canonical\" href=\"https:\/\/hubsch-interior.com\/da\/wp-json\/wp\/v2\/product\/397075\" \/>\n<meta property=\"og:locale\" content=\"da_DK\" \/>\n<meta property=\"og:type\" content=\"article\" \/>\n<meta property=\"og:title\" content=\"Loop H\u00e5ndkl\u00e6deholder Burgundy - H\u00fcbsch\" \/>\n<meta property=\"og:description\" content=\"Denne h\u00e5ndkl\u00e6deholder er lavet af metal og har en bordeaux farve. H\u00e5ndkl\u00e6deholderen har to ringe, som g\u00f8r det muligt at opbevare flere h\u00e5ndkl\u00e6der eller\" \/>\n<meta property=\"og:url\" content=\"https:\/\/hubsch-interior.com\/da\/vare\/loop-handklaedeholder-burgundy\/\" \/>\n<meta property=\"og:site_name\" content=\"H\u00fcbsch\" \/>\n<meta property=\"article:modified_time\" content=\"2026-04-09T03:12:32+00:00\" \/>\n<meta property=\"og:image\" content=\"https:\/\/hubsch-interior.com\/wp-content\/uploads\/2025\/05\/loop-towel-holder-burgundy-5cdde26eb26cd30f51f4dafe324bb778.jpg\" \/>\n\t<meta property=\"og:image:width\" content=\"1200\" \/>\n\t<meta property=\"og:image:height\" content=\"1200\" \/>\n\t<meta property=\"og:image:type\" content=\"image\/jpeg\" \/>\n<meta name=\"twitter:card\" content=\"summary_large_image\" \/>\n<script type=\"application\/ld+json\" class=\"yoast-schema-graph\">{\"@context\":\"https:\/\/schema.org\",\"@graph\":[{\"@type\":\"WebPage\",\"@id\":\"https:\/\/hubsch-interior.com\/da\/vare\/loop-handklaedeholder-burgundy\/\",\"url\":\"https:\/\/hubsch-interior.com\/da\/vare\/loop-handklaedeholder-burgundy\/\",\"name\":\"Loop H\u00e5ndkl\u00e6deholder Burgundy - H\u00fcbsch\",\"isPartOf\":{\"@id\":\"https:\/\/hubsch-interior.com\/da\/#website\"},\"primaryImageOfPage\":{\"@id\":\"https:\/\/hubsch-interior.com\/da\/vare\/loop-handklaedeholder-burgundy\/#primaryimage\"},\"image\":{\"@id\":\"https:\/\/hubsch-interior.com\/da\/vare\/loop-handklaedeholder-burgundy\/#primaryimage\"},\"thumbnailUrl\":\"https:\/\/hubsch-interior.com\/wp-content\/uploads\/2026\/02\/loop-towel-holder-burgundy-c673af2f844621b94ad3f6324efdb90b.jpg\",\"datePublished\":\"2021-06-04T08:16:41+00:00\",\"dateModified\":\"2026-04-09T03:12:32+00:00\",\"description\":\"Denne h\u00e5ndkl\u00e6deholder er lavet af metal og har en bordeaux farve. H\u00e5ndkl\u00e6deholderen har to ringe, som g\u00f8r det muligt at opbevare flere h\u00e5ndkl\u00e6der eller\",\"breadcrumb\":{\"@id\":\"https:\/\/hubsch-interior.com\/da\/vare\/loop-handklaedeholder-burgundy\/#breadcrumb\"},\"inLanguage\":\"da-DK\",\"potentialAction\":[{\"@type\":\"ReadAction\",\"target\":[\"https:\/\/hubsch-interior.com\/da\/vare\/loop-handklaedeholder-burgundy\/\"]}]},{\"@type\":\"ImageObject\",\"inLanguage\":\"da-DK\",\"@id\":\"https:\/\/hubsch-interior.com\/da\/vare\/loop-handklaedeholder-burgundy\/#primaryimage\",\"url\":\"https:\/\/hubsch-interior.com\/wp-content\/uploads\/2026\/02\/loop-towel-holder-burgundy-c673af2f844621b94ad3f6324efdb90b.jpg\",\"contentUrl\":\"https:\/\/hubsch-interior.com\/wp-content\/uploads\/2026\/02\/loop-towel-holder-burgundy-c673af2f844621b94ad3f6324efdb90b.jpg\",\"width\":1024,\"height\":1024},{\"@type\":\"BreadcrumbList\",\"@id\":\"https:\/\/hubsch-interior.com\/da\/vare\/loop-handklaedeholder-burgundy\/#breadcrumb\",\"itemListElement\":[{\"@type\":\"ListItem\",\"position\":1,\"name\":\"Forside\",\"item\":\"https:\/\/hubsch-interior.com\/da\/\"},{\"@type\":\"ListItem\",\"position\":2,\"name\":\"Produkter\",\"item\":\"https:\/\/hubsch-interior.com\/da\/produkter\/\"},{\"@type\":\"ListItem\",\"position\":3,\"name\":\"Boligtilbeh\u00f8r\",\"item\":\"https:\/\/hubsch-interior.com\/da\/vare-kategori\/boligtilbehor\/\"},{\"@type\":\"ListItem\",\"position\":4,\"name\":\"Knager &amp; knager&aelig;kker\",\"item\":\"https:\/\/hubsch-interior.com\/da\/vare-kategori\/boligtilbehor\/knager-knageraekker-da\/\"},{\"@type\":\"ListItem\",\"position\":5,\"name\":\"Knager\",\"item\":\"https:\/\/hubsch-interior.com\/da\/vare-kategori\/boligtilbehor\/knager-knageraekker-da\/knager-da\/\"},{\"@type\":\"ListItem\",\"position\":6,\"name\":\"Loop H\u00e5ndkl\u00e6deholder Burgundy\"}]},{\"@type\":\"WebSite\",\"@id\":\"https:\/\/hubsch-interior.com\/da\/#website\",\"url\":\"https:\/\/hubsch-interior.com\/da\/\",\"name\":\"H\u00fcbsch\",\"description\":\"Danish Home Interior and Design\",\"publisher\":{\"@id\":\"https:\/\/hubsch-interior.com\/da\/#organization\"},\"potentialAction\":[{\"@type\":\"SearchAction\",\"target\":{\"@type\":\"EntryPoint\",\"urlTemplate\":\"https:\/\/hubsch-interior.com\/da\/?s={search_term_string}\"},\"query-input\":{\"@type\":\"PropertyValueSpecification\",\"valueRequired\":true,\"valueName\":\"search_term_string\"}}],\"inLanguage\":\"da-DK\"},{\"@type\":\"Organization\",\"@id\":\"https:\/\/hubsch-interior.com\/da\/#organization\",\"name\":\"H\u00fcbsch\",\"url\":\"https:\/\/hubsch-interior.com\/da\/\",\"logo\":{\"@type\":\"ImageObject\",\"inLanguage\":\"da-DK\",\"@id\":\"https:\/\/hubsch-interior.com\/da\/#\/schema\/logo\/image\/\",\"url\":\"https:\/\/hubsch-interior.com\/wp-content\/uploads\/2022\/12\/Hubsch_logo_black_one_line.svg\",\"contentUrl\":\"https:\/\/hubsch-interior.com\/wp-content\/uploads\/2022\/12\/Hubsch_logo_black_one_line.svg\",\"caption\":\"H\u00fcbsch\"},\"image\":{\"@id\":\"https:\/\/hubsch-interior.com\/da\/#\/schema\/logo\/image\/\"}}]}<\/script>\n<!-- \/ Yoast SEO plugin. -->","yoast_head_json":{"title":"Loop H\u00e5ndkl\u00e6deholder Burgundy - H\u00fcbsch","description":"Denne h\u00e5ndkl\u00e6deholder er lavet af metal og har en bordeaux farve. H\u00e5ndkl\u00e6deholderen har to ringe, som g\u00f8r det muligt at opbevare flere h\u00e5ndkl\u00e6der eller","robots":{"index":"index","follow":"follow","max-snippet":"max-snippet:-1","max-image-preview":"max-image-preview:large","max-video-preview":"max-video-preview:-1"},"canonical":"https:\/\/hubsch-interior.com\/da\/wp-json\/wp\/v2\/product\/397075","og_locale":"da_DK","og_type":"article","og_title":"Loop H\u00e5ndkl\u00e6deholder Burgundy - H\u00fcbsch","og_description":"Denne h\u00e5ndkl\u00e6deholder er lavet af metal og har en bordeaux farve. H\u00e5ndkl\u00e6deholderen har to ringe, som g\u00f8r det muligt at opbevare flere h\u00e5ndkl\u00e6der eller","og_url":"https:\/\/hubsch-interior.com\/da\/vare\/loop-handklaedeholder-burgundy\/","og_site_name":"H\u00fcbsch","article_modified_time":"2026-04-09T03:12:32+00:00","og_image":[{"width":1200,"height":1200,"url":"https:\/\/hubsch-interior.com\/wp-content\/uploads\/2025\/05\/loop-towel-holder-burgundy-5cdde26eb26cd30f51f4dafe324bb778.jpg","type":"image\/jpeg"}],"twitter_card":"summary_large_image","schema":{"@context":"https:\/\/schema.org","@graph":[{"@type":"WebPage","@id":"https:\/\/hubsch-interior.com\/da\/vare\/loop-handklaedeholder-burgundy\/","url":"https:\/\/hubsch-interior.com\/da\/vare\/loop-handklaedeholder-burgundy\/","name":"Loop H\u00e5ndkl\u00e6deholder Burgundy - H\u00fcbsch","isPartOf":{"@id":"https:\/\/hubsch-interior.com\/da\/#website"},"primaryImageOfPage":{"@id":"https:\/\/hubsch-interior.com\/da\/vare\/loop-handklaedeholder-burgundy\/#primaryimage"},"image":{"@id":"https:\/\/hubsch-interior.com\/da\/vare\/loop-handklaedeholder-burgundy\/#primaryimage"},"thumbnailUrl":"https:\/\/hubsch-interior.com\/wp-content\/uploads\/2026\/02\/loop-towel-holder-burgundy-c673af2f844621b94ad3f6324efdb90b.jpg","datePublished":"2021-06-04T08:16:41+00:00","dateModified":"2026-04-09T03:12:32+00:00","description":"Denne h\u00e5ndkl\u00e6deholder er lavet af metal og har en bordeaux farve. H\u00e5ndkl\u00e6deholderen har to ringe, som g\u00f8r det muligt at opbevare flere h\u00e5ndkl\u00e6der eller","breadcrumb":{"@id":"https:\/\/hubsch-interior.com\/da\/vare\/loop-handklaedeholder-burgundy\/#breadcrumb"},"inLanguage":"da-DK","potentialAction":[{"@type":"ReadAction","target":["https:\/\/hubsch-interior.com\/da\/vare\/loop-handklaedeholder-burgundy\/"]}]},{"@type":"ImageObject","inLanguage":"da-DK","@id":"https:\/\/hubsch-interior.com\/da\/vare\/loop-handklaedeholder-burgundy\/#primaryimage","url":"https:\/\/hubsch-interior.com\/wp-content\/uploads\/2026\/02\/loop-towel-holder-burgundy-c673af2f844621b94ad3f6324efdb90b.jpg","contentUrl":"https:\/\/hubsch-interior.com\/wp-content\/uploads\/2026\/02\/loop-towel-holder-burgundy-c673af2f844621b94ad3f6324efdb90b.jpg","width":1024,"height":1024},{"@type":"BreadcrumbList","@id":"https:\/\/hubsch-interior.com\/da\/vare\/loop-handklaedeholder-burgundy\/#breadcrumb","itemListElement":[{"@type":"ListItem","position":1,"name":"Forside","item":"https:\/\/hubsch-interior.com\/da\/"},{"@type":"ListItem","position":2,"name":"Produkter","item":"https:\/\/hubsch-interior.com\/da\/produkter\/"},{"@type":"ListItem","position":3,"name":"Boligtilbeh\u00f8r","item":"https:\/\/hubsch-interior.com\/da\/vare-kategori\/boligtilbehor\/"},{"@type":"ListItem","position":4,"name":"Knager &amp; knager&aelig;kker","item":"https:\/\/hubsch-interior.com\/da\/vare-kategori\/boligtilbehor\/knager-knageraekker-da\/"},{"@type":"ListItem","position":5,"name":"Knager","item":"https:\/\/hubsch-interior.com\/da\/vare-kategori\/boligtilbehor\/knager-knageraekker-da\/knager-da\/"},{"@type":"ListItem","position":6,"name":"Loop H\u00e5ndkl\u00e6deholder Burgundy"}]},{"@type":"WebSite","@id":"https:\/\/hubsch-interior.com\/da\/#website","url":"https:\/\/hubsch-interior.com\/da\/","name":"H\u00fcbsch","description":"Danish Home Interior and Design","publisher":{"@id":"https:\/\/hubsch-interior.com\/da\/#organization"},"potentialAction":[{"@type":"SearchAction","target":{"@type":"EntryPoint","urlTemplate":"https:\/\/hubsch-interior.com\/da\/?s={search_term_string}"},"query-input":{"@type":"PropertyValueSpecification","valueRequired":true,"valueName":"search_term_string"}}],"inLanguage":"da-DK"},{"@type":"Organization","@id":"https:\/\/hubsch-interior.com\/da\/#organization","name":"H\u00fcbsch","url":"https:\/\/hubsch-interior.com\/da\/","logo":{"@type":"ImageObject","inLanguage":"da-DK","@id":"https:\/\/hubsch-interior.com\/da\/#\/schema\/logo\/image\/","url":"https:\/\/hubsch-interior.com\/wp-content\/uploads\/2022\/12\/Hubsch_logo_black_one_line.svg","contentUrl":"https:\/\/hubsch-interior.com\/wp-content\/uploads\/2022\/12\/Hubsch_logo_black_one_line.svg","caption":"H\u00fcbsch"},"image":{"@id":"https:\/\/hubsch-interior.com\/da\/#\/schema\/logo\/image\/"}}]}},"_links":{"self":[{"href":"https:\/\/hubsch-interior.com\/da\/wp-json\/wp\/v2\/product\/397075","targetHints":{"allow":["GET"]}}],"collection":[{"href":"https:\/\/hubsch-interior.com\/da\/wp-json\/wp\/v2\/product"}],"about":[{"href":"https:\/\/hubsch-interior.com\/da\/wp-json\/wp\/v2\/types\/product"}],"wp:featuredmedia":[{"embeddable":true,"href":"https:\/\/hubsch-interior.com\/da\/wp-json\/wp\/v2\/media\/1108812"}],"wp:attachment":[{"href":"https:\/\/hubsch-interior.com\/da\/wp-json\/wp\/v2\/media?parent=397075"}],"wp:term":[{"taxonomy":"product_brand","embeddable":true,"href":"https:\/\/hubsch-interior.com\/da\/wp-json\/wp\/v2\/product_brand?post=397075"},{"taxonomy":"product_cat","embeddable":true,"href":"https:\/\/hubsch-interior.com\/da\/wp-json\/wp\/v2\/product_cat?post=397075"},{"taxonomy":"product_tag","embeddable":true,"href":"https:\/\/hubsch-interior.com\/da\/wp-json\/wp\/v2\/product_tag?post=397075"}],"curies":[{"name":"wp","href":"https:\/\/api.w.org\/{rel}","templated":true}]}}