{"id":39721,"date":"2020-12-15T09:50:07","date_gmt":"2020-12-15T08:50:07","guid":{"rendered":"https:\/\/hubsch-interior.com\/product\/product-16\/"},"modified":"2026-04-05T04:50:40","modified_gmt":"2026-04-05T02:50:40","slug":"mason-reol-dobbel-large-natur","status":"publish","type":"product","link":"https:\/\/hubsch-interior.com\/da\/vare\/mason-reol-dobbel-large-natur\/","title":{"rendered":"Mason Reol Dobbel Large Natur"},"content":{"rendered":"<p>Mason Reol Dobbel Large Natur er lavet af b\u00f8gfin\u00e9r og b\u00f8getr\u00e6. Den f\u00e5s i en naturlig, varm farve og er FSC-certificeret. Reolen m\u00e5ler 120 cm i bredden, 40 cm i h\u00f8jden og 30 cm i dybden. Den er robust og st\u00e6rk, og er ideel til brug i stuen, sovev\u00e6relset, kontoret eller som et praktisk opbevaringsm\u00f8bel. Reolen har et simpelt design, der passer til mange interi\u00f8rstile. Med sin kompakte st\u00f8rrelse og stilfulde udseende, er Mason Reolen Dobbel Large Natur det perfekte valg.<\/p>\n","protected":false},"excerpt":{"rendered":"<p>Mason Reol Dobbel Large Natur er lavet af b\u00f8gfin\u00e9r og b\u00f8getr\u00e6. Den f\u00e5s i en naturlig, varm farve og er FSC-certificeret. Reolen m\u00e5ler 120 cm i bredden, 40 cm i h\u00f8jden og 30 cm i dybden. Den er robust og st\u00e6rk, og er ideel til brug i stuen, sovev\u00e6relset, kontoret eller som et praktisk opbevaringsm\u00f8bel. [&hellip;]<\/p>\n","protected":false},"featured_media":1102255,"template":"","meta":{"_acf_changed":false,"inline_featured_image":false},"product_brand":[],"product_cat":[3999,4010,5025],"product_tag":[],"class_list":{"0":"post-39721","1":"product","2":"type-product","3":"status-publish","4":"has-post-thumbnail","6":"product_cat-reoler-opbevaring-da","7":"product_cat-reoler-da","8":"product_cat-bestsellers-da","9":"product_shipping_class-p05","10":"pa_color-natur-2","11":"pa_material-mdf-da","12":"pa_material-egetr","13":"pa_material-egetrsfiner","15":"first","16":"outofstock","17":"featured","18":"taxable","19":"shipping-taxable","20":"purchasable","21":"product-type-simple"},"exclude_global_add_ons":[],"addons":[],"acf":[],"yoast_head":"<!-- This site is optimized with the Yoast SEO plugin v26.4 - https:\/\/yoast.com\/wordpress\/plugins\/seo\/ -->\n<title>Mason Reol Dobbel Large Natur - H\u00fcbsch<\/title>\n<meta name=\"description\" content=\"Mason Reol Dobbel Large Natur er lavet af b\u00f8gfin\u00e9r og b\u00f8getr\u00e6. Den f\u00e5s i en naturlig, varm farve og er FSC-certificeret. Reolen m\u00e5ler 120 cm i bredden, 40\" \/>\n<meta name=\"robots\" content=\"index, follow, max-snippet:-1, max-image-preview:large, max-video-preview:-1\" \/>\n<link rel=\"canonical\" href=\"https:\/\/hubsch-interior.com\/da\/wp-json\/wp\/v2\/product\/39721\" \/>\n<meta property=\"og:locale\" content=\"da_DK\" \/>\n<meta property=\"og:type\" content=\"article\" \/>\n<meta property=\"og:title\" content=\"Mason Reol Dobbel Large Natur - H\u00fcbsch\" \/>\n<meta property=\"og:description\" content=\"Mason Reol Dobbel Large Natur er lavet af b\u00f8gfin\u00e9r og b\u00f8getr\u00e6. Den f\u00e5s i en naturlig, varm farve og er FSC-certificeret. Reolen m\u00e5ler 120 cm i bredden, 40\" \/>\n<meta property=\"og:url\" content=\"https:\/\/hubsch-interior.com\/da\/vare\/mason-reol-dobbel-large-natur\/\" \/>\n<meta property=\"og:site_name\" content=\"H\u00fcbsch\" \/>\n<meta property=\"article:modified_time\" content=\"2026-04-05T02:50:40+00:00\" \/>\n<meta property=\"og:image\" content=\"https:\/\/hubsch-interior.com\/wp-content\/uploads\/2026\/02\/mason-shelf-double-large-natural-d911deb9329d8497eb77abebae3044da.jpg\" \/>\n\t<meta property=\"og:image:width\" content=\"1024\" \/>\n\t<meta property=\"og:image:height\" content=\"1024\" \/>\n\t<meta property=\"og:image:type\" content=\"image\/jpeg\" \/>\n<meta name=\"twitter:card\" content=\"summary_large_image\" \/>\n<script type=\"application\/ld+json\" class=\"yoast-schema-graph\">{\"@context\":\"https:\/\/schema.org\",\"@graph\":[{\"@type\":\"WebPage\",\"@id\":\"https:\/\/hubsch-interior.com\/da\/vare\/mason-reol-dobbel-large-natur\/\",\"url\":\"https:\/\/hubsch-interior.com\/da\/vare\/mason-reol-dobbel-large-natur\/\",\"name\":\"Mason Reol Dobbel Large Natur - H\u00fcbsch\",\"isPartOf\":{\"@id\":\"https:\/\/hubsch-interior.com\/da\/#website\"},\"primaryImageOfPage\":{\"@id\":\"https:\/\/hubsch-interior.com\/da\/vare\/mason-reol-dobbel-large-natur\/#primaryimage\"},\"image\":{\"@id\":\"https:\/\/hubsch-interior.com\/da\/vare\/mason-reol-dobbel-large-natur\/#primaryimage\"},\"thumbnailUrl\":\"https:\/\/hubsch-interior.com\/wp-content\/uploads\/2026\/02\/mason-shelf-double-large-natural-d911deb9329d8497eb77abebae3044da.jpg\",\"datePublished\":\"2020-12-15T08:50:07+00:00\",\"dateModified\":\"2026-04-05T02:50:40+00:00\",\"description\":\"Mason Reol Dobbel Large Natur er lavet af b\u00f8gfin\u00e9r og b\u00f8getr\u00e6. Den f\u00e5s i en naturlig, varm farve og er FSC-certificeret. Reolen m\u00e5ler 120 cm i bredden, 40\",\"breadcrumb\":{\"@id\":\"https:\/\/hubsch-interior.com\/da\/vare\/mason-reol-dobbel-large-natur\/#breadcrumb\"},\"inLanguage\":\"da-DK\",\"potentialAction\":[{\"@type\":\"ReadAction\",\"target\":[\"https:\/\/hubsch-interior.com\/da\/vare\/mason-reol-dobbel-large-natur\/\"]}]},{\"@type\":\"ImageObject\",\"inLanguage\":\"da-DK\",\"@id\":\"https:\/\/hubsch-interior.com\/da\/vare\/mason-reol-dobbel-large-natur\/#primaryimage\",\"url\":\"https:\/\/hubsch-interior.com\/wp-content\/uploads\/2026\/02\/mason-shelf-double-large-natural-d911deb9329d8497eb77abebae3044da.jpg\",\"contentUrl\":\"https:\/\/hubsch-interior.com\/wp-content\/uploads\/2026\/02\/mason-shelf-double-large-natural-d911deb9329d8497eb77abebae3044da.jpg\",\"width\":1024,\"height\":1024},{\"@type\":\"BreadcrumbList\",\"@id\":\"https:\/\/hubsch-interior.com\/da\/vare\/mason-reol-dobbel-large-natur\/#breadcrumb\",\"itemListElement\":[{\"@type\":\"ListItem\",\"position\":1,\"name\":\"Forside\",\"item\":\"https:\/\/hubsch-interior.com\/da\/\"},{\"@type\":\"ListItem\",\"position\":2,\"name\":\"Produkter\",\"item\":\"https:\/\/hubsch-interior.com\/da\/produkter\/\"},{\"@type\":\"ListItem\",\"position\":3,\"name\":\"M\u00f8bler\",\"item\":\"https:\/\/hubsch-interior.com\/da\/vare-kategori\/mobler\/\"},{\"@type\":\"ListItem\",\"position\":4,\"name\":\"Reoler &amp; opbevaring\",\"item\":\"https:\/\/hubsch-interior.com\/da\/vare-kategori\/mobler\/reoler-opbevaring-da\/\"},{\"@type\":\"ListItem\",\"position\":5,\"name\":\"Reoler\",\"item\":\"https:\/\/hubsch-interior.com\/da\/vare-kategori\/mobler\/reoler-opbevaring-da\/reoler-da\/\"},{\"@type\":\"ListItem\",\"position\":6,\"name\":\"Mason Reol Dobbel Large Natur\"}]},{\"@type\":\"WebSite\",\"@id\":\"https:\/\/hubsch-interior.com\/da\/#website\",\"url\":\"https:\/\/hubsch-interior.com\/da\/\",\"name\":\"H\u00fcbsch\",\"description\":\"Danish Home Interior and Design\",\"publisher\":{\"@id\":\"https:\/\/hubsch-interior.com\/da\/#organization\"},\"potentialAction\":[{\"@type\":\"SearchAction\",\"target\":{\"@type\":\"EntryPoint\",\"urlTemplate\":\"https:\/\/hubsch-interior.com\/da\/?s={search_term_string}\"},\"query-input\":{\"@type\":\"PropertyValueSpecification\",\"valueRequired\":true,\"valueName\":\"search_term_string\"}}],\"inLanguage\":\"da-DK\"},{\"@type\":\"Organization\",\"@id\":\"https:\/\/hubsch-interior.com\/da\/#organization\",\"name\":\"H\u00fcbsch\",\"url\":\"https:\/\/hubsch-interior.com\/da\/\",\"logo\":{\"@type\":\"ImageObject\",\"inLanguage\":\"da-DK\",\"@id\":\"https:\/\/hubsch-interior.com\/da\/#\/schema\/logo\/image\/\",\"url\":\"https:\/\/hubsch-interior.com\/wp-content\/uploads\/2022\/12\/Hubsch_logo_black_one_line.svg\",\"contentUrl\":\"https:\/\/hubsch-interior.com\/wp-content\/uploads\/2022\/12\/Hubsch_logo_black_one_line.svg\",\"caption\":\"H\u00fcbsch\"},\"image\":{\"@id\":\"https:\/\/hubsch-interior.com\/da\/#\/schema\/logo\/image\/\"}}]}<\/script>\n<!-- \/ Yoast SEO plugin. -->","yoast_head_json":{"title":"Mason Reol Dobbel Large Natur - H\u00fcbsch","description":"Mason Reol Dobbel Large Natur er lavet af b\u00f8gfin\u00e9r og b\u00f8getr\u00e6. Den f\u00e5s i en naturlig, varm farve og er FSC-certificeret. Reolen m\u00e5ler 120 cm i bredden, 40","robots":{"index":"index","follow":"follow","max-snippet":"max-snippet:-1","max-image-preview":"max-image-preview:large","max-video-preview":"max-video-preview:-1"},"canonical":"https:\/\/hubsch-interior.com\/da\/wp-json\/wp\/v2\/product\/39721","og_locale":"da_DK","og_type":"article","og_title":"Mason Reol Dobbel Large Natur - H\u00fcbsch","og_description":"Mason Reol Dobbel Large Natur er lavet af b\u00f8gfin\u00e9r og b\u00f8getr\u00e6. Den f\u00e5s i en naturlig, varm farve og er FSC-certificeret. Reolen m\u00e5ler 120 cm i bredden, 40","og_url":"https:\/\/hubsch-interior.com\/da\/vare\/mason-reol-dobbel-large-natur\/","og_site_name":"H\u00fcbsch","article_modified_time":"2026-04-05T02:50:40+00:00","og_image":[{"width":1024,"height":1024,"url":"https:\/\/hubsch-interior.com\/wp-content\/uploads\/2026\/02\/mason-shelf-double-large-natural-d911deb9329d8497eb77abebae3044da.jpg","type":"image\/jpeg"}],"twitter_card":"summary_large_image","schema":{"@context":"https:\/\/schema.org","@graph":[{"@type":"WebPage","@id":"https:\/\/hubsch-interior.com\/da\/vare\/mason-reol-dobbel-large-natur\/","url":"https:\/\/hubsch-interior.com\/da\/vare\/mason-reol-dobbel-large-natur\/","name":"Mason Reol Dobbel Large Natur - H\u00fcbsch","isPartOf":{"@id":"https:\/\/hubsch-interior.com\/da\/#website"},"primaryImageOfPage":{"@id":"https:\/\/hubsch-interior.com\/da\/vare\/mason-reol-dobbel-large-natur\/#primaryimage"},"image":{"@id":"https:\/\/hubsch-interior.com\/da\/vare\/mason-reol-dobbel-large-natur\/#primaryimage"},"thumbnailUrl":"https:\/\/hubsch-interior.com\/wp-content\/uploads\/2026\/02\/mason-shelf-double-large-natural-d911deb9329d8497eb77abebae3044da.jpg","datePublished":"2020-12-15T08:50:07+00:00","dateModified":"2026-04-05T02:50:40+00:00","description":"Mason Reol Dobbel Large Natur er lavet af b\u00f8gfin\u00e9r og b\u00f8getr\u00e6. Den f\u00e5s i en naturlig, varm farve og er FSC-certificeret. Reolen m\u00e5ler 120 cm i bredden, 40","breadcrumb":{"@id":"https:\/\/hubsch-interior.com\/da\/vare\/mason-reol-dobbel-large-natur\/#breadcrumb"},"inLanguage":"da-DK","potentialAction":[{"@type":"ReadAction","target":["https:\/\/hubsch-interior.com\/da\/vare\/mason-reol-dobbel-large-natur\/"]}]},{"@type":"ImageObject","inLanguage":"da-DK","@id":"https:\/\/hubsch-interior.com\/da\/vare\/mason-reol-dobbel-large-natur\/#primaryimage","url":"https:\/\/hubsch-interior.com\/wp-content\/uploads\/2026\/02\/mason-shelf-double-large-natural-d911deb9329d8497eb77abebae3044da.jpg","contentUrl":"https:\/\/hubsch-interior.com\/wp-content\/uploads\/2026\/02\/mason-shelf-double-large-natural-d911deb9329d8497eb77abebae3044da.jpg","width":1024,"height":1024},{"@type":"BreadcrumbList","@id":"https:\/\/hubsch-interior.com\/da\/vare\/mason-reol-dobbel-large-natur\/#breadcrumb","itemListElement":[{"@type":"ListItem","position":1,"name":"Forside","item":"https:\/\/hubsch-interior.com\/da\/"},{"@type":"ListItem","position":2,"name":"Produkter","item":"https:\/\/hubsch-interior.com\/da\/produkter\/"},{"@type":"ListItem","position":3,"name":"M\u00f8bler","item":"https:\/\/hubsch-interior.com\/da\/vare-kategori\/mobler\/"},{"@type":"ListItem","position":4,"name":"Reoler &amp; opbevaring","item":"https:\/\/hubsch-interior.com\/da\/vare-kategori\/mobler\/reoler-opbevaring-da\/"},{"@type":"ListItem","position":5,"name":"Reoler","item":"https:\/\/hubsch-interior.com\/da\/vare-kategori\/mobler\/reoler-opbevaring-da\/reoler-da\/"},{"@type":"ListItem","position":6,"name":"Mason Reol Dobbel Large Natur"}]},{"@type":"WebSite","@id":"https:\/\/hubsch-interior.com\/da\/#website","url":"https:\/\/hubsch-interior.com\/da\/","name":"H\u00fcbsch","description":"Danish Home Interior and Design","publisher":{"@id":"https:\/\/hubsch-interior.com\/da\/#organization"},"potentialAction":[{"@type":"SearchAction","target":{"@type":"EntryPoint","urlTemplate":"https:\/\/hubsch-interior.com\/da\/?s={search_term_string}"},"query-input":{"@type":"PropertyValueSpecification","valueRequired":true,"valueName":"search_term_string"}}],"inLanguage":"da-DK"},{"@type":"Organization","@id":"https:\/\/hubsch-interior.com\/da\/#organization","name":"H\u00fcbsch","url":"https:\/\/hubsch-interior.com\/da\/","logo":{"@type":"ImageObject","inLanguage":"da-DK","@id":"https:\/\/hubsch-interior.com\/da\/#\/schema\/logo\/image\/","url":"https:\/\/hubsch-interior.com\/wp-content\/uploads\/2022\/12\/Hubsch_logo_black_one_line.svg","contentUrl":"https:\/\/hubsch-interior.com\/wp-content\/uploads\/2022\/12\/Hubsch_logo_black_one_line.svg","caption":"H\u00fcbsch"},"image":{"@id":"https:\/\/hubsch-interior.com\/da\/#\/schema\/logo\/image\/"}}]}},"_links":{"self":[{"href":"https:\/\/hubsch-interior.com\/da\/wp-json\/wp\/v2\/product\/39721","targetHints":{"allow":["GET"]}}],"collection":[{"href":"https:\/\/hubsch-interior.com\/da\/wp-json\/wp\/v2\/product"}],"about":[{"href":"https:\/\/hubsch-interior.com\/da\/wp-json\/wp\/v2\/types\/product"}],"wp:featuredmedia":[{"embeddable":true,"href":"https:\/\/hubsch-interior.com\/da\/wp-json\/wp\/v2\/media\/1102255"}],"wp:attachment":[{"href":"https:\/\/hubsch-interior.com\/da\/wp-json\/wp\/v2\/media?parent=39721"}],"wp:term":[{"taxonomy":"product_brand","embeddable":true,"href":"https:\/\/hubsch-interior.com\/da\/wp-json\/wp\/v2\/product_brand?post=39721"},{"taxonomy":"product_cat","embeddable":true,"href":"https:\/\/hubsch-interior.com\/da\/wp-json\/wp\/v2\/product_cat?post=39721"},{"taxonomy":"product_tag","embeddable":true,"href":"https:\/\/hubsch-interior.com\/da\/wp-json\/wp\/v2\/product_tag?post=39721"}],"curies":[{"name":"wp","href":"https:\/\/api.w.org\/{rel}","templated":true}]}}