{"id":397547,"date":"2021-06-04T10:18:29","date_gmt":"2021-06-04T08:18:29","guid":{"rendered":"https:\/\/hubsch-interior.com\/shop-b2c\/product\/product-6\/"},"modified":"2026-04-09T05:13:42","modified_gmt":"2026-04-09T03:13:42","slug":"embrace-underkop-messingfarve-saet-af-3","status":"publish","type":"product","link":"https:\/\/hubsch-interior.com\/da\/vare\/embrace-underkop-messingfarve-saet-af-3\/","title":{"rendered":"Embrace Underkop Messingfarve (s\u00e6t af 3)"},"content":{"rendered":"<p>Du g\u00e5r aldrig galt i byen med disse smukke store undersk\u00e5le i farvet messing. De vil ikke blot pynte i dit hjem, men ogs\u00e5 give dig masser af muligheder til fri leg. Brug som en bakke til et fint stilleben eller som en undersk\u00e5l til dine gulvplanter. Det vil give dine planter et ekstra pift. Du kan ogs\u00e5 bruge sk\u00e5len som til alle dine dufte og produkter p\u00e5 badev\u00e6relset. Valget er dit.<\/p>\n","protected":false},"excerpt":{"rendered":"<p>Du g\u00e5r aldrig galt i byen med disse smukke store undersk\u00e5le i farvet messing. De vil ikke blot pynte i dit hjem, men ogs\u00e5 give dig masser af muligheder til fri leg. Brug som en bakke til et fint stilleben eller som en undersk\u00e5l til dine gulvplanter. Det vil give dine planter et ekstra pift. [&hellip;]<\/p>\n","protected":false},"featured_media":1109106,"template":"","meta":{"_acf_changed":false,"inline_featured_image":false},"product_brand":[],"product_cat":[4052,4051,4912,4923],"product_tag":[],"class_list":{"0":"post-397547","1":"product","2":"type-product","3":"status-publish","4":"has-post-thumbnail","6":"product_cat-bakker-da","7":"product_cat-koekkentilbehoer-da","8":"product_cat-potter-vandkander-da","9":"product_cat-potteskjulere-da","10":"product_shipping_class-pk","12":"pa_color-messingfarve","13":"pa_material-jern-da","15":"first","16":"instock","17":"taxable","18":"shipping-taxable","19":"purchasable","20":"product-type-simple"},"exclude_global_add_ons":[],"addons":[],"acf":[],"yoast_head":"<!-- This site is optimized with the Yoast SEO plugin v26.4 - https:\/\/yoast.com\/wordpress\/plugins\/seo\/ -->\n<title>Embrace Underkop Messingfarve (s\u00e6t af 3) - H\u00fcbsch<\/title>\n<meta name=\"description\" content=\"Du g\u00e5r aldrig galt i byen med disse smukke store undersk\u00e5le i farvet messing. De vil ikke blot pynte i dit hjem, men ogs\u00e5 give dig masser af muligheder\" \/>\n<meta name=\"robots\" content=\"index, follow, max-snippet:-1, max-image-preview:large, max-video-preview:-1\" \/>\n<link rel=\"canonical\" href=\"https:\/\/hubsch-interior.com\/da\/wp-json\/wp\/v2\/product\/397547\" \/>\n<meta property=\"og:locale\" content=\"da_DK\" \/>\n<meta property=\"og:type\" content=\"article\" \/>\n<meta property=\"og:title\" content=\"Embrace Underkop Messingfarve (s\u00e6t af 3) - H\u00fcbsch\" \/>\n<meta property=\"og:description\" content=\"Du g\u00e5r aldrig galt i byen med disse smukke store undersk\u00e5le i farvet messing. De vil ikke blot pynte i dit hjem, men ogs\u00e5 give dig masser af muligheder\" \/>\n<meta property=\"og:url\" content=\"https:\/\/hubsch-interior.com\/da\/vare\/embrace-underkop-messingfarve-saet-af-3\/\" \/>\n<meta property=\"og:site_name\" content=\"H\u00fcbsch\" \/>\n<meta property=\"article:modified_time\" content=\"2026-04-09T03:13:42+00:00\" \/>\n<meta property=\"og:image\" content=\"https:\/\/hubsch-interior.com\/wp-content\/uploads\/2024\/01\/embrace-saucers-brass-set-of-3-89e69c3c076f951d72c7a32f918e26cf.jpg\" \/>\n\t<meta property=\"og:image:width\" content=\"1200\" \/>\n\t<meta property=\"og:image:height\" content=\"1200\" \/>\n\t<meta property=\"og:image:type\" content=\"image\/jpeg\" \/>\n<meta name=\"twitter:card\" content=\"summary_large_image\" \/>\n<script type=\"application\/ld+json\" class=\"yoast-schema-graph\">{\"@context\":\"https:\/\/schema.org\",\"@graph\":[{\"@type\":\"WebPage\",\"@id\":\"https:\/\/hubsch-interior.com\/da\/vare\/embrace-underkop-messingfarve-saet-af-3\/\",\"url\":\"https:\/\/hubsch-interior.com\/da\/vare\/embrace-underkop-messingfarve-saet-af-3\/\",\"name\":\"Embrace Underkop Messingfarve (s\u00e6t af 3) - H\u00fcbsch\",\"isPartOf\":{\"@id\":\"https:\/\/hubsch-interior.com\/da\/#website\"},\"primaryImageOfPage\":{\"@id\":\"https:\/\/hubsch-interior.com\/da\/vare\/embrace-underkop-messingfarve-saet-af-3\/#primaryimage\"},\"image\":{\"@id\":\"https:\/\/hubsch-interior.com\/da\/vare\/embrace-underkop-messingfarve-saet-af-3\/#primaryimage\"},\"thumbnailUrl\":\"https:\/\/hubsch-interior.com\/wp-content\/uploads\/2026\/02\/embrace-saucers-brass-set-of-3-e16ecd6c8b6ff0d51d04ef03386feaf1.jpg\",\"datePublished\":\"2021-06-04T08:18:29+00:00\",\"dateModified\":\"2026-04-09T03:13:42+00:00\",\"description\":\"Du g\u00e5r aldrig galt i byen med disse smukke store undersk\u00e5le i farvet messing. De vil ikke blot pynte i dit hjem, men ogs\u00e5 give dig masser af muligheder\",\"breadcrumb\":{\"@id\":\"https:\/\/hubsch-interior.com\/da\/vare\/embrace-underkop-messingfarve-saet-af-3\/#breadcrumb\"},\"inLanguage\":\"da-DK\",\"potentialAction\":[{\"@type\":\"ReadAction\",\"target\":[\"https:\/\/hubsch-interior.com\/da\/vare\/embrace-underkop-messingfarve-saet-af-3\/\"]}]},{\"@type\":\"ImageObject\",\"inLanguage\":\"da-DK\",\"@id\":\"https:\/\/hubsch-interior.com\/da\/vare\/embrace-underkop-messingfarve-saet-af-3\/#primaryimage\",\"url\":\"https:\/\/hubsch-interior.com\/wp-content\/uploads\/2026\/02\/embrace-saucers-brass-set-of-3-e16ecd6c8b6ff0d51d04ef03386feaf1.jpg\",\"contentUrl\":\"https:\/\/hubsch-interior.com\/wp-content\/uploads\/2026\/02\/embrace-saucers-brass-set-of-3-e16ecd6c8b6ff0d51d04ef03386feaf1.jpg\",\"width\":1024,\"height\":1024},{\"@type\":\"BreadcrumbList\",\"@id\":\"https:\/\/hubsch-interior.com\/da\/vare\/embrace-underkop-messingfarve-saet-af-3\/#breadcrumb\",\"itemListElement\":[{\"@type\":\"ListItem\",\"position\":1,\"name\":\"Forside\",\"item\":\"https:\/\/hubsch-interior.com\/da\/\"},{\"@type\":\"ListItem\",\"position\":2,\"name\":\"Produkter\",\"item\":\"https:\/\/hubsch-interior.com\/da\/produkter\/\"},{\"@type\":\"ListItem\",\"position\":3,\"name\":\"Boligtilbeh\u00f8r\",\"item\":\"https:\/\/hubsch-interior.com\/da\/vare-kategori\/boligtilbehor\/\"},{\"@type\":\"ListItem\",\"position\":4,\"name\":\"K&oslash;kkentilbeh&oslash;r\",\"item\":\"https:\/\/hubsch-interior.com\/da\/vare-kategori\/boligtilbehor\/koekkentilbehoer-da\/\"},{\"@type\":\"ListItem\",\"position\":5,\"name\":\"Bakker\",\"item\":\"https:\/\/hubsch-interior.com\/da\/vare-kategori\/boligtilbehor\/koekkentilbehoer-da\/bakker-da\/\"},{\"@type\":\"ListItem\",\"position\":6,\"name\":\"Embrace Underkop Messingfarve (s\u00e6t af 3)\"}]},{\"@type\":\"WebSite\",\"@id\":\"https:\/\/hubsch-interior.com\/da\/#website\",\"url\":\"https:\/\/hubsch-interior.com\/da\/\",\"name\":\"H\u00fcbsch\",\"description\":\"Danish Home Interior and Design\",\"publisher\":{\"@id\":\"https:\/\/hubsch-interior.com\/da\/#organization\"},\"potentialAction\":[{\"@type\":\"SearchAction\",\"target\":{\"@type\":\"EntryPoint\",\"urlTemplate\":\"https:\/\/hubsch-interior.com\/da\/?s={search_term_string}\"},\"query-input\":{\"@type\":\"PropertyValueSpecification\",\"valueRequired\":true,\"valueName\":\"search_term_string\"}}],\"inLanguage\":\"da-DK\"},{\"@type\":\"Organization\",\"@id\":\"https:\/\/hubsch-interior.com\/da\/#organization\",\"name\":\"H\u00fcbsch\",\"url\":\"https:\/\/hubsch-interior.com\/da\/\",\"logo\":{\"@type\":\"ImageObject\",\"inLanguage\":\"da-DK\",\"@id\":\"https:\/\/hubsch-interior.com\/da\/#\/schema\/logo\/image\/\",\"url\":\"https:\/\/hubsch-interior.com\/wp-content\/uploads\/2022\/12\/Hubsch_logo_black_one_line.svg\",\"contentUrl\":\"https:\/\/hubsch-interior.com\/wp-content\/uploads\/2022\/12\/Hubsch_logo_black_one_line.svg\",\"caption\":\"H\u00fcbsch\"},\"image\":{\"@id\":\"https:\/\/hubsch-interior.com\/da\/#\/schema\/logo\/image\/\"}}]}<\/script>\n<!-- \/ Yoast SEO plugin. -->","yoast_head_json":{"title":"Embrace Underkop Messingfarve (s\u00e6t af 3) - H\u00fcbsch","description":"Du g\u00e5r aldrig galt i byen med disse smukke store undersk\u00e5le i farvet messing. De vil ikke blot pynte i dit hjem, men ogs\u00e5 give dig masser af muligheder","robots":{"index":"index","follow":"follow","max-snippet":"max-snippet:-1","max-image-preview":"max-image-preview:large","max-video-preview":"max-video-preview:-1"},"canonical":"https:\/\/hubsch-interior.com\/da\/wp-json\/wp\/v2\/product\/397547","og_locale":"da_DK","og_type":"article","og_title":"Embrace Underkop Messingfarve (s\u00e6t af 3) - H\u00fcbsch","og_description":"Du g\u00e5r aldrig galt i byen med disse smukke store undersk\u00e5le i farvet messing. De vil ikke blot pynte i dit hjem, men ogs\u00e5 give dig masser af muligheder","og_url":"https:\/\/hubsch-interior.com\/da\/vare\/embrace-underkop-messingfarve-saet-af-3\/","og_site_name":"H\u00fcbsch","article_modified_time":"2026-04-09T03:13:42+00:00","og_image":[{"width":1200,"height":1200,"url":"https:\/\/hubsch-interior.com\/wp-content\/uploads\/2024\/01\/embrace-saucers-brass-set-of-3-89e69c3c076f951d72c7a32f918e26cf.jpg","type":"image\/jpeg"}],"twitter_card":"summary_large_image","schema":{"@context":"https:\/\/schema.org","@graph":[{"@type":"WebPage","@id":"https:\/\/hubsch-interior.com\/da\/vare\/embrace-underkop-messingfarve-saet-af-3\/","url":"https:\/\/hubsch-interior.com\/da\/vare\/embrace-underkop-messingfarve-saet-af-3\/","name":"Embrace Underkop Messingfarve (s\u00e6t af 3) - H\u00fcbsch","isPartOf":{"@id":"https:\/\/hubsch-interior.com\/da\/#website"},"primaryImageOfPage":{"@id":"https:\/\/hubsch-interior.com\/da\/vare\/embrace-underkop-messingfarve-saet-af-3\/#primaryimage"},"image":{"@id":"https:\/\/hubsch-interior.com\/da\/vare\/embrace-underkop-messingfarve-saet-af-3\/#primaryimage"},"thumbnailUrl":"https:\/\/hubsch-interior.com\/wp-content\/uploads\/2026\/02\/embrace-saucers-brass-set-of-3-e16ecd6c8b6ff0d51d04ef03386feaf1.jpg","datePublished":"2021-06-04T08:18:29+00:00","dateModified":"2026-04-09T03:13:42+00:00","description":"Du g\u00e5r aldrig galt i byen med disse smukke store undersk\u00e5le i farvet messing. De vil ikke blot pynte i dit hjem, men ogs\u00e5 give dig masser af muligheder","breadcrumb":{"@id":"https:\/\/hubsch-interior.com\/da\/vare\/embrace-underkop-messingfarve-saet-af-3\/#breadcrumb"},"inLanguage":"da-DK","potentialAction":[{"@type":"ReadAction","target":["https:\/\/hubsch-interior.com\/da\/vare\/embrace-underkop-messingfarve-saet-af-3\/"]}]},{"@type":"ImageObject","inLanguage":"da-DK","@id":"https:\/\/hubsch-interior.com\/da\/vare\/embrace-underkop-messingfarve-saet-af-3\/#primaryimage","url":"https:\/\/hubsch-interior.com\/wp-content\/uploads\/2026\/02\/embrace-saucers-brass-set-of-3-e16ecd6c8b6ff0d51d04ef03386feaf1.jpg","contentUrl":"https:\/\/hubsch-interior.com\/wp-content\/uploads\/2026\/02\/embrace-saucers-brass-set-of-3-e16ecd6c8b6ff0d51d04ef03386feaf1.jpg","width":1024,"height":1024},{"@type":"BreadcrumbList","@id":"https:\/\/hubsch-interior.com\/da\/vare\/embrace-underkop-messingfarve-saet-af-3\/#breadcrumb","itemListElement":[{"@type":"ListItem","position":1,"name":"Forside","item":"https:\/\/hubsch-interior.com\/da\/"},{"@type":"ListItem","position":2,"name":"Produkter","item":"https:\/\/hubsch-interior.com\/da\/produkter\/"},{"@type":"ListItem","position":3,"name":"Boligtilbeh\u00f8r","item":"https:\/\/hubsch-interior.com\/da\/vare-kategori\/boligtilbehor\/"},{"@type":"ListItem","position":4,"name":"K&oslash;kkentilbeh&oslash;r","item":"https:\/\/hubsch-interior.com\/da\/vare-kategori\/boligtilbehor\/koekkentilbehoer-da\/"},{"@type":"ListItem","position":5,"name":"Bakker","item":"https:\/\/hubsch-interior.com\/da\/vare-kategori\/boligtilbehor\/koekkentilbehoer-da\/bakker-da\/"},{"@type":"ListItem","position":6,"name":"Embrace Underkop Messingfarve (s\u00e6t af 3)"}]},{"@type":"WebSite","@id":"https:\/\/hubsch-interior.com\/da\/#website","url":"https:\/\/hubsch-interior.com\/da\/","name":"H\u00fcbsch","description":"Danish Home Interior and Design","publisher":{"@id":"https:\/\/hubsch-interior.com\/da\/#organization"},"potentialAction":[{"@type":"SearchAction","target":{"@type":"EntryPoint","urlTemplate":"https:\/\/hubsch-interior.com\/da\/?s={search_term_string}"},"query-input":{"@type":"PropertyValueSpecification","valueRequired":true,"valueName":"search_term_string"}}],"inLanguage":"da-DK"},{"@type":"Organization","@id":"https:\/\/hubsch-interior.com\/da\/#organization","name":"H\u00fcbsch","url":"https:\/\/hubsch-interior.com\/da\/","logo":{"@type":"ImageObject","inLanguage":"da-DK","@id":"https:\/\/hubsch-interior.com\/da\/#\/schema\/logo\/image\/","url":"https:\/\/hubsch-interior.com\/wp-content\/uploads\/2022\/12\/Hubsch_logo_black_one_line.svg","contentUrl":"https:\/\/hubsch-interior.com\/wp-content\/uploads\/2022\/12\/Hubsch_logo_black_one_line.svg","caption":"H\u00fcbsch"},"image":{"@id":"https:\/\/hubsch-interior.com\/da\/#\/schema\/logo\/image\/"}}]}},"_links":{"self":[{"href":"https:\/\/hubsch-interior.com\/da\/wp-json\/wp\/v2\/product\/397547","targetHints":{"allow":["GET"]}}],"collection":[{"href":"https:\/\/hubsch-interior.com\/da\/wp-json\/wp\/v2\/product"}],"about":[{"href":"https:\/\/hubsch-interior.com\/da\/wp-json\/wp\/v2\/types\/product"}],"wp:featuredmedia":[{"embeddable":true,"href":"https:\/\/hubsch-interior.com\/da\/wp-json\/wp\/v2\/media\/1109106"}],"wp:attachment":[{"href":"https:\/\/hubsch-interior.com\/da\/wp-json\/wp\/v2\/media?parent=397547"}],"wp:term":[{"taxonomy":"product_brand","embeddable":true,"href":"https:\/\/hubsch-interior.com\/da\/wp-json\/wp\/v2\/product_brand?post=397547"},{"taxonomy":"product_cat","embeddable":true,"href":"https:\/\/hubsch-interior.com\/da\/wp-json\/wp\/v2\/product_cat?post=397547"},{"taxonomy":"product_tag","embeddable":true,"href":"https:\/\/hubsch-interior.com\/da\/wp-json\/wp\/v2\/product_tag?post=397547"}],"curies":[{"name":"wp","href":"https:\/\/api.w.org\/{rel}","templated":true}]}}