{"id":39757,"date":"2020-12-15T09:50:14","date_gmt":"2020-12-15T08:50:14","guid":{"rendered":"https:\/\/hubsch-interior.com\/product\/product-18\/"},"modified":"2026-04-05T04:50:43","modified_gmt":"2026-04-05T02:50:43","slug":"collect-skoskab-natur","status":"publish","type":"product","link":"https:\/\/hubsch-interior.com\/da\/vare\/collect-skoskab-natur\/","title":{"rendered":"Collect Skoskab Natur"},"content":{"rendered":"<p>Collect Skoskab Natur er lavet af FSC-certificeret eg. Det er et kvalitetsm\u00f8bel, der er designet til at vare i mange \u00e5r. Det har et stilfuldt design og et klassisk look, der passer perfekt til stuen, entr\u00e9en eller sovev\u00e6relset. Skabet har to etager med fire hylder, der giver masser af plads til at organisere skoene. Det har ogs\u00e5 en stilfuld greb i \u00e6gte messing, s\u00e5 det er let at \u00e5bne og lukke. Collect Skoskab Natur er et must-have til hjemmet.<\/p>\n","protected":false},"excerpt":{"rendered":"<p>Collect Skoskab Natur er lavet af FSC-certificeret eg. Det er et kvalitetsm\u00f8bel, der er designet til at vare i mange \u00e5r. Det har et stilfuldt design og et klassisk look, der passer perfekt til stuen, entr\u00e9en eller sovev\u00e6relset. Skabet har to etager med fire hylder, der giver masser af plads til at organisere skoene. Det [&hellip;]<\/p>\n","protected":false},"featured_media":1102279,"template":"","meta":{"_acf_changed":false,"inline_featured_image":false},"product_brand":[],"product_cat":[3999,4851,5025],"product_tag":[],"class_list":{"0":"post-39757","1":"product","2":"type-product","3":"status-publish","4":"has-post-thumbnail","6":"product_cat-reoler-opbevaring-da","7":"product_cat-skoskabe-da","8":"product_cat-bestsellers-da","9":"product_shipping_class-p05","10":"pa_color-natur-2","11":"pa_material-mdf-da","12":"pa_material-egetr","13":"pa_material-egetrsfiner","15":"first","16":"outofstock","17":"featured","18":"taxable","19":"shipping-taxable","20":"purchasable","21":"product-type-simple"},"exclude_global_add_ons":[],"addons":[],"acf":[],"yoast_head":"<!-- This site is optimized with the Yoast SEO plugin v26.4 - https:\/\/yoast.com\/wordpress\/plugins\/seo\/ -->\n<title>Collect Skoskab Natur - H\u00fcbsch<\/title>\n<meta name=\"description\" content=\"Collect Skoskab Natur er lavet af FSC-certificeret eg. Det er et kvalitetsm\u00f8bel, der er designet til at vare i mange \u00e5r. Det har et stilfuldt design og et\" \/>\n<meta name=\"robots\" content=\"index, follow, max-snippet:-1, max-image-preview:large, max-video-preview:-1\" \/>\n<link rel=\"canonical\" href=\"https:\/\/hubsch-interior.com\/da\/wp-json\/wp\/v2\/product\/39757\" \/>\n<meta property=\"og:locale\" content=\"da_DK\" \/>\n<meta property=\"og:type\" content=\"article\" \/>\n<meta property=\"og:title\" content=\"Collect Skoskab Natur - H\u00fcbsch\" \/>\n<meta property=\"og:description\" content=\"Collect Skoskab Natur er lavet af FSC-certificeret eg. Det er et kvalitetsm\u00f8bel, der er designet til at vare i mange \u00e5r. Det har et stilfuldt design og et\" \/>\n<meta property=\"og:url\" content=\"https:\/\/hubsch-interior.com\/da\/vare\/collect-skoskab-natur\/\" \/>\n<meta property=\"og:site_name\" content=\"H\u00fcbsch\" \/>\n<meta property=\"article:modified_time\" content=\"2026-04-05T02:50:43+00:00\" \/>\n<meta property=\"og:image\" content=\"https:\/\/hubsch-interior.com\/wp-content\/uploads\/2023\/08\/collect-shoe-cabinet-natural-8cb1ef3ab88068ecc0c2f5368f39343c.jpg\" \/>\n\t<meta property=\"og:image:width\" content=\"1200\" \/>\n\t<meta property=\"og:image:height\" content=\"1200\" \/>\n\t<meta property=\"og:image:type\" content=\"image\/jpeg\" \/>\n<meta name=\"twitter:card\" content=\"summary_large_image\" \/>\n<script type=\"application\/ld+json\" class=\"yoast-schema-graph\">{\"@context\":\"https:\/\/schema.org\",\"@graph\":[{\"@type\":\"WebPage\",\"@id\":\"https:\/\/hubsch-interior.com\/da\/vare\/collect-skoskab-natur\/\",\"url\":\"https:\/\/hubsch-interior.com\/da\/vare\/collect-skoskab-natur\/\",\"name\":\"Collect Skoskab Natur - H\u00fcbsch\",\"isPartOf\":{\"@id\":\"https:\/\/hubsch-interior.com\/da\/#website\"},\"primaryImageOfPage\":{\"@id\":\"https:\/\/hubsch-interior.com\/da\/vare\/collect-skoskab-natur\/#primaryimage\"},\"image\":{\"@id\":\"https:\/\/hubsch-interior.com\/da\/vare\/collect-skoskab-natur\/#primaryimage\"},\"thumbnailUrl\":\"https:\/\/hubsch-interior.com\/wp-content\/uploads\/2026\/02\/collect-shoe-cabinet-natural-f8fc40795453e54e302d04b33d0af537.jpg\",\"datePublished\":\"2020-12-15T08:50:14+00:00\",\"dateModified\":\"2026-04-05T02:50:43+00:00\",\"description\":\"Collect Skoskab Natur er lavet af FSC-certificeret eg. Det er et kvalitetsm\u00f8bel, der er designet til at vare i mange \u00e5r. Det har et stilfuldt design og et\",\"breadcrumb\":{\"@id\":\"https:\/\/hubsch-interior.com\/da\/vare\/collect-skoskab-natur\/#breadcrumb\"},\"inLanguage\":\"da-DK\",\"potentialAction\":[{\"@type\":\"ReadAction\",\"target\":[\"https:\/\/hubsch-interior.com\/da\/vare\/collect-skoskab-natur\/\"]}]},{\"@type\":\"ImageObject\",\"inLanguage\":\"da-DK\",\"@id\":\"https:\/\/hubsch-interior.com\/da\/vare\/collect-skoskab-natur\/#primaryimage\",\"url\":\"https:\/\/hubsch-interior.com\/wp-content\/uploads\/2026\/02\/collect-shoe-cabinet-natural-f8fc40795453e54e302d04b33d0af537.jpg\",\"contentUrl\":\"https:\/\/hubsch-interior.com\/wp-content\/uploads\/2026\/02\/collect-shoe-cabinet-natural-f8fc40795453e54e302d04b33d0af537.jpg\",\"width\":1024,\"height\":1024},{\"@type\":\"BreadcrumbList\",\"@id\":\"https:\/\/hubsch-interior.com\/da\/vare\/collect-skoskab-natur\/#breadcrumb\",\"itemListElement\":[{\"@type\":\"ListItem\",\"position\":1,\"name\":\"Forside\",\"item\":\"https:\/\/hubsch-interior.com\/da\/\"},{\"@type\":\"ListItem\",\"position\":2,\"name\":\"Produkter\",\"item\":\"https:\/\/hubsch-interior.com\/da\/produkter\/\"},{\"@type\":\"ListItem\",\"position\":3,\"name\":\"M\u00f8bler\",\"item\":\"https:\/\/hubsch-interior.com\/da\/vare-kategori\/mobler\/\"},{\"@type\":\"ListItem\",\"position\":4,\"name\":\"Reoler &amp; opbevaring\",\"item\":\"https:\/\/hubsch-interior.com\/da\/vare-kategori\/mobler\/reoler-opbevaring-da\/\"},{\"@type\":\"ListItem\",\"position\":5,\"name\":\"Skoskabe\",\"item\":\"https:\/\/hubsch-interior.com\/da\/vare-kategori\/mobler\/reoler-opbevaring-da\/skoskabe-da\/\"},{\"@type\":\"ListItem\",\"position\":6,\"name\":\"Collect Skoskab Natur\"}]},{\"@type\":\"WebSite\",\"@id\":\"https:\/\/hubsch-interior.com\/da\/#website\",\"url\":\"https:\/\/hubsch-interior.com\/da\/\",\"name\":\"H\u00fcbsch\",\"description\":\"Danish Home Interior and Design\",\"publisher\":{\"@id\":\"https:\/\/hubsch-interior.com\/da\/#organization\"},\"potentialAction\":[{\"@type\":\"SearchAction\",\"target\":{\"@type\":\"EntryPoint\",\"urlTemplate\":\"https:\/\/hubsch-interior.com\/da\/?s={search_term_string}\"},\"query-input\":{\"@type\":\"PropertyValueSpecification\",\"valueRequired\":true,\"valueName\":\"search_term_string\"}}],\"inLanguage\":\"da-DK\"},{\"@type\":\"Organization\",\"@id\":\"https:\/\/hubsch-interior.com\/da\/#organization\",\"name\":\"H\u00fcbsch\",\"url\":\"https:\/\/hubsch-interior.com\/da\/\",\"logo\":{\"@type\":\"ImageObject\",\"inLanguage\":\"da-DK\",\"@id\":\"https:\/\/hubsch-interior.com\/da\/#\/schema\/logo\/image\/\",\"url\":\"https:\/\/hubsch-interior.com\/wp-content\/uploads\/2022\/12\/Hubsch_logo_black_one_line.svg\",\"contentUrl\":\"https:\/\/hubsch-interior.com\/wp-content\/uploads\/2022\/12\/Hubsch_logo_black_one_line.svg\",\"caption\":\"H\u00fcbsch\"},\"image\":{\"@id\":\"https:\/\/hubsch-interior.com\/da\/#\/schema\/logo\/image\/\"}}]}<\/script>\n<!-- \/ Yoast SEO plugin. -->","yoast_head_json":{"title":"Collect Skoskab Natur - H\u00fcbsch","description":"Collect Skoskab Natur er lavet af FSC-certificeret eg. Det er et kvalitetsm\u00f8bel, der er designet til at vare i mange \u00e5r. Det har et stilfuldt design og et","robots":{"index":"index","follow":"follow","max-snippet":"max-snippet:-1","max-image-preview":"max-image-preview:large","max-video-preview":"max-video-preview:-1"},"canonical":"https:\/\/hubsch-interior.com\/da\/wp-json\/wp\/v2\/product\/39757","og_locale":"da_DK","og_type":"article","og_title":"Collect Skoskab Natur - H\u00fcbsch","og_description":"Collect Skoskab Natur er lavet af FSC-certificeret eg. Det er et kvalitetsm\u00f8bel, der er designet til at vare i mange \u00e5r. Det har et stilfuldt design og et","og_url":"https:\/\/hubsch-interior.com\/da\/vare\/collect-skoskab-natur\/","og_site_name":"H\u00fcbsch","article_modified_time":"2026-04-05T02:50:43+00:00","og_image":[{"width":1200,"height":1200,"url":"https:\/\/hubsch-interior.com\/wp-content\/uploads\/2023\/08\/collect-shoe-cabinet-natural-8cb1ef3ab88068ecc0c2f5368f39343c.jpg","type":"image\/jpeg"}],"twitter_card":"summary_large_image","schema":{"@context":"https:\/\/schema.org","@graph":[{"@type":"WebPage","@id":"https:\/\/hubsch-interior.com\/da\/vare\/collect-skoskab-natur\/","url":"https:\/\/hubsch-interior.com\/da\/vare\/collect-skoskab-natur\/","name":"Collect Skoskab Natur - H\u00fcbsch","isPartOf":{"@id":"https:\/\/hubsch-interior.com\/da\/#website"},"primaryImageOfPage":{"@id":"https:\/\/hubsch-interior.com\/da\/vare\/collect-skoskab-natur\/#primaryimage"},"image":{"@id":"https:\/\/hubsch-interior.com\/da\/vare\/collect-skoskab-natur\/#primaryimage"},"thumbnailUrl":"https:\/\/hubsch-interior.com\/wp-content\/uploads\/2026\/02\/collect-shoe-cabinet-natural-f8fc40795453e54e302d04b33d0af537.jpg","datePublished":"2020-12-15T08:50:14+00:00","dateModified":"2026-04-05T02:50:43+00:00","description":"Collect Skoskab Natur er lavet af FSC-certificeret eg. Det er et kvalitetsm\u00f8bel, der er designet til at vare i mange \u00e5r. Det har et stilfuldt design og et","breadcrumb":{"@id":"https:\/\/hubsch-interior.com\/da\/vare\/collect-skoskab-natur\/#breadcrumb"},"inLanguage":"da-DK","potentialAction":[{"@type":"ReadAction","target":["https:\/\/hubsch-interior.com\/da\/vare\/collect-skoskab-natur\/"]}]},{"@type":"ImageObject","inLanguage":"da-DK","@id":"https:\/\/hubsch-interior.com\/da\/vare\/collect-skoskab-natur\/#primaryimage","url":"https:\/\/hubsch-interior.com\/wp-content\/uploads\/2026\/02\/collect-shoe-cabinet-natural-f8fc40795453e54e302d04b33d0af537.jpg","contentUrl":"https:\/\/hubsch-interior.com\/wp-content\/uploads\/2026\/02\/collect-shoe-cabinet-natural-f8fc40795453e54e302d04b33d0af537.jpg","width":1024,"height":1024},{"@type":"BreadcrumbList","@id":"https:\/\/hubsch-interior.com\/da\/vare\/collect-skoskab-natur\/#breadcrumb","itemListElement":[{"@type":"ListItem","position":1,"name":"Forside","item":"https:\/\/hubsch-interior.com\/da\/"},{"@type":"ListItem","position":2,"name":"Produkter","item":"https:\/\/hubsch-interior.com\/da\/produkter\/"},{"@type":"ListItem","position":3,"name":"M\u00f8bler","item":"https:\/\/hubsch-interior.com\/da\/vare-kategori\/mobler\/"},{"@type":"ListItem","position":4,"name":"Reoler &amp; opbevaring","item":"https:\/\/hubsch-interior.com\/da\/vare-kategori\/mobler\/reoler-opbevaring-da\/"},{"@type":"ListItem","position":5,"name":"Skoskabe","item":"https:\/\/hubsch-interior.com\/da\/vare-kategori\/mobler\/reoler-opbevaring-da\/skoskabe-da\/"},{"@type":"ListItem","position":6,"name":"Collect Skoskab Natur"}]},{"@type":"WebSite","@id":"https:\/\/hubsch-interior.com\/da\/#website","url":"https:\/\/hubsch-interior.com\/da\/","name":"H\u00fcbsch","description":"Danish Home Interior and Design","publisher":{"@id":"https:\/\/hubsch-interior.com\/da\/#organization"},"potentialAction":[{"@type":"SearchAction","target":{"@type":"EntryPoint","urlTemplate":"https:\/\/hubsch-interior.com\/da\/?s={search_term_string}"},"query-input":{"@type":"PropertyValueSpecification","valueRequired":true,"valueName":"search_term_string"}}],"inLanguage":"da-DK"},{"@type":"Organization","@id":"https:\/\/hubsch-interior.com\/da\/#organization","name":"H\u00fcbsch","url":"https:\/\/hubsch-interior.com\/da\/","logo":{"@type":"ImageObject","inLanguage":"da-DK","@id":"https:\/\/hubsch-interior.com\/da\/#\/schema\/logo\/image\/","url":"https:\/\/hubsch-interior.com\/wp-content\/uploads\/2022\/12\/Hubsch_logo_black_one_line.svg","contentUrl":"https:\/\/hubsch-interior.com\/wp-content\/uploads\/2022\/12\/Hubsch_logo_black_one_line.svg","caption":"H\u00fcbsch"},"image":{"@id":"https:\/\/hubsch-interior.com\/da\/#\/schema\/logo\/image\/"}}]}},"_links":{"self":[{"href":"https:\/\/hubsch-interior.com\/da\/wp-json\/wp\/v2\/product\/39757","targetHints":{"allow":["GET"]}}],"collection":[{"href":"https:\/\/hubsch-interior.com\/da\/wp-json\/wp\/v2\/product"}],"about":[{"href":"https:\/\/hubsch-interior.com\/da\/wp-json\/wp\/v2\/types\/product"}],"wp:featuredmedia":[{"embeddable":true,"href":"https:\/\/hubsch-interior.com\/da\/wp-json\/wp\/v2\/media\/1102279"}],"wp:attachment":[{"href":"https:\/\/hubsch-interior.com\/da\/wp-json\/wp\/v2\/media?parent=39757"}],"wp:term":[{"taxonomy":"product_brand","embeddable":true,"href":"https:\/\/hubsch-interior.com\/da\/wp-json\/wp\/v2\/product_brand?post=39757"},{"taxonomy":"product_cat","embeddable":true,"href":"https:\/\/hubsch-interior.com\/da\/wp-json\/wp\/v2\/product_cat?post=39757"},{"taxonomy":"product_tag","embeddable":true,"href":"https:\/\/hubsch-interior.com\/da\/wp-json\/wp\/v2\/product_tag?post=39757"}],"curies":[{"name":"wp","href":"https:\/\/api.w.org\/{rel}","templated":true}]}}