{"id":39777,"date":"2020-12-15T09:50:18","date_gmt":"2020-12-15T08:50:18","guid":{"rendered":"https:\/\/hubsch-interior.com\/product\/product-19\/"},"modified":"2026-04-09T04:48:59","modified_gmt":"2026-04-09T02:48:59","slug":"spectacle-vitrine-natur","status":"publish","type":"product","link":"https:\/\/hubsch-interior.com\/da\/vare\/spectacle-vitrine-natur\/","title":{"rendered":"Spectacle Vitrine Natur"},"content":{"rendered":"<p>Spectacle Vitrine Natur er produceret med FSC-certificeret tr\u00e6 og glas. Dette robuste m\u00f8bel er ideelt til at opbevare dine smykker, kunstv\u00e6rker, porcel\u00e6n eller andre mindre genstande. Vitrinen har en naturlig og stilren udseende, der passer til indretning i ethvert hjem. Den er fremstillet af robust glas og solidt egtr\u00e6, der sikrer et holdbart produkt, som du kan nyde i mange \u00e5r. Denne vitrine er det perfekte valg for dem, der s\u00f8ger et stilfuldt og funktionelt m\u00f8bel til deres bolig.<\/p>\n","protected":false},"excerpt":{"rendered":"<p>Spectacle Vitrine Natur er produceret med FSC-certificeret tr\u00e6 og glas. Dette robuste m\u00f8bel er ideelt til at opbevare dine smykker, kunstv\u00e6rker, porcel\u00e6n eller andre mindre genstande. Vitrinen har en naturlig og stilren udseende, der passer til indretning i ethvert hjem. Den er fremstillet af robust glas og solidt egtr\u00e6, der sikrer et holdbart produkt, som [&hellip;]<\/p>\n","protected":false},"featured_media":1102302,"template":"","meta":{"_acf_changed":false,"inline_featured_image":false},"product_brand":[],"product_cat":[5025,3644,6321,3109],"product_tag":[],"class_list":{"0":"post-39777","1":"product","2":"type-product","3":"status-publish","4":"has-post-thumbnail","6":"product_cat-bestsellers-da","7":"product_cat-bokse-da","8":"product_cat-fsc-da","9":"product_cat-opbevaring-da","10":"product_shipping_class-pk","12":"pa_color-natur-2","13":"pa_material-egetr","14":"pa_material-glas-da","16":"first","17":"instock","18":"featured","19":"taxable","20":"shipping-taxable","21":"purchasable","22":"product-type-simple"},"exclude_global_add_ons":[],"addons":[],"acf":[],"yoast_head":"<!-- This site is optimized with the Yoast SEO plugin v26.4 - https:\/\/yoast.com\/wordpress\/plugins\/seo\/ -->\n<title>Spectacle Vitrine Natur - H\u00fcbsch<\/title>\n<meta name=\"description\" content=\"Spectacle Vitrine Natur er produceret med FSC-certificeret tr\u00e6 og glas. Dette robuste m\u00f8bel er ideelt til at opbevare dine smykker, kunstv\u00e6rker, porcel\u00e6n\" \/>\n<meta name=\"robots\" content=\"index, follow, max-snippet:-1, max-image-preview:large, max-video-preview:-1\" \/>\n<link rel=\"canonical\" href=\"https:\/\/hubsch-interior.com\/da\/wp-json\/wp\/v2\/product\/39777\" \/>\n<meta property=\"og:locale\" content=\"da_DK\" \/>\n<meta property=\"og:type\" content=\"article\" \/>\n<meta property=\"og:title\" content=\"Spectacle Vitrine Natur - H\u00fcbsch\" \/>\n<meta property=\"og:description\" content=\"Spectacle Vitrine Natur er produceret med FSC-certificeret tr\u00e6 og glas. Dette robuste m\u00f8bel er ideelt til at opbevare dine smykker, kunstv\u00e6rker, porcel\u00e6n\" \/>\n<meta property=\"og:url\" content=\"https:\/\/hubsch-interior.com\/da\/vare\/spectacle-vitrine-natur\/\" \/>\n<meta property=\"og:site_name\" content=\"H\u00fcbsch\" \/>\n<meta property=\"article:modified_time\" content=\"2026-04-09T02:48:59+00:00\" \/>\n<meta property=\"og:image\" content=\"https:\/\/hubsch-interior.com\/wp-content\/uploads\/2023\/08\/spectacle-display-unit-natural-eaf12b41f2291ffa762f9a39be119d18.jpg\" \/>\n\t<meta property=\"og:image:width\" content=\"1200\" \/>\n\t<meta property=\"og:image:height\" content=\"1200\" \/>\n\t<meta property=\"og:image:type\" content=\"image\/jpeg\" \/>\n<meta name=\"twitter:card\" content=\"summary_large_image\" \/>\n<script type=\"application\/ld+json\" class=\"yoast-schema-graph\">{\"@context\":\"https:\/\/schema.org\",\"@graph\":[{\"@type\":\"WebPage\",\"@id\":\"https:\/\/hubsch-interior.com\/da\/vare\/spectacle-vitrine-natur\/\",\"url\":\"https:\/\/hubsch-interior.com\/da\/vare\/spectacle-vitrine-natur\/\",\"name\":\"Spectacle Vitrine Natur - H\u00fcbsch\",\"isPartOf\":{\"@id\":\"https:\/\/hubsch-interior.com\/da\/#website\"},\"primaryImageOfPage\":{\"@id\":\"https:\/\/hubsch-interior.com\/da\/vare\/spectacle-vitrine-natur\/#primaryimage\"},\"image\":{\"@id\":\"https:\/\/hubsch-interior.com\/da\/vare\/spectacle-vitrine-natur\/#primaryimage\"},\"thumbnailUrl\":\"https:\/\/hubsch-interior.com\/wp-content\/uploads\/2026\/02\/spectacle-display-unit-natural-4749c356be025c75e3fc8aa317184197.jpg\",\"datePublished\":\"2020-12-15T08:50:18+00:00\",\"dateModified\":\"2026-04-09T02:48:59+00:00\",\"description\":\"Spectacle Vitrine Natur er produceret med FSC-certificeret tr\u00e6 og glas. Dette robuste m\u00f8bel er ideelt til at opbevare dine smykker, kunstv\u00e6rker, porcel\u00e6n\",\"breadcrumb\":{\"@id\":\"https:\/\/hubsch-interior.com\/da\/vare\/spectacle-vitrine-natur\/#breadcrumb\"},\"inLanguage\":\"da-DK\",\"potentialAction\":[{\"@type\":\"ReadAction\",\"target\":[\"https:\/\/hubsch-interior.com\/da\/vare\/spectacle-vitrine-natur\/\"]}]},{\"@type\":\"ImageObject\",\"inLanguage\":\"da-DK\",\"@id\":\"https:\/\/hubsch-interior.com\/da\/vare\/spectacle-vitrine-natur\/#primaryimage\",\"url\":\"https:\/\/hubsch-interior.com\/wp-content\/uploads\/2026\/02\/spectacle-display-unit-natural-4749c356be025c75e3fc8aa317184197.jpg\",\"contentUrl\":\"https:\/\/hubsch-interior.com\/wp-content\/uploads\/2026\/02\/spectacle-display-unit-natural-4749c356be025c75e3fc8aa317184197.jpg\",\"width\":1024,\"height\":1024},{\"@type\":\"BreadcrumbList\",\"@id\":\"https:\/\/hubsch-interior.com\/da\/vare\/spectacle-vitrine-natur\/#breadcrumb\",\"itemListElement\":[{\"@type\":\"ListItem\",\"position\":1,\"name\":\"Forside\",\"item\":\"https:\/\/hubsch-interior.com\/da\/\"},{\"@type\":\"ListItem\",\"position\":2,\"name\":\"Produkter\",\"item\":\"https:\/\/hubsch-interior.com\/da\/produkter\/\"},{\"@type\":\"ListItem\",\"position\":3,\"name\":\"Boligtilbeh\u00f8r\",\"item\":\"https:\/\/hubsch-interior.com\/da\/vare-kategori\/boligtilbehor\/\"},{\"@type\":\"ListItem\",\"position\":4,\"name\":\"Opbevaring\",\"item\":\"https:\/\/hubsch-interior.com\/da\/vare-kategori\/boligtilbehor\/opbevaring-da\/\"},{\"@type\":\"ListItem\",\"position\":5,\"name\":\"Bokse\",\"item\":\"https:\/\/hubsch-interior.com\/da\/vare-kategori\/boligtilbehor\/opbevaring-da\/bokse-da\/\"},{\"@type\":\"ListItem\",\"position\":6,\"name\":\"Spectacle Vitrine Natur\"}]},{\"@type\":\"WebSite\",\"@id\":\"https:\/\/hubsch-interior.com\/da\/#website\",\"url\":\"https:\/\/hubsch-interior.com\/da\/\",\"name\":\"H\u00fcbsch\",\"description\":\"Danish Home Interior and Design\",\"publisher\":{\"@id\":\"https:\/\/hubsch-interior.com\/da\/#organization\"},\"potentialAction\":[{\"@type\":\"SearchAction\",\"target\":{\"@type\":\"EntryPoint\",\"urlTemplate\":\"https:\/\/hubsch-interior.com\/da\/?s={search_term_string}\"},\"query-input\":{\"@type\":\"PropertyValueSpecification\",\"valueRequired\":true,\"valueName\":\"search_term_string\"}}],\"inLanguage\":\"da-DK\"},{\"@type\":\"Organization\",\"@id\":\"https:\/\/hubsch-interior.com\/da\/#organization\",\"name\":\"H\u00fcbsch\",\"url\":\"https:\/\/hubsch-interior.com\/da\/\",\"logo\":{\"@type\":\"ImageObject\",\"inLanguage\":\"da-DK\",\"@id\":\"https:\/\/hubsch-interior.com\/da\/#\/schema\/logo\/image\/\",\"url\":\"https:\/\/hubsch-interior.com\/wp-content\/uploads\/2022\/12\/Hubsch_logo_black_one_line.svg\",\"contentUrl\":\"https:\/\/hubsch-interior.com\/wp-content\/uploads\/2022\/12\/Hubsch_logo_black_one_line.svg\",\"caption\":\"H\u00fcbsch\"},\"image\":{\"@id\":\"https:\/\/hubsch-interior.com\/da\/#\/schema\/logo\/image\/\"}}]}<\/script>\n<!-- \/ Yoast SEO plugin. -->","yoast_head_json":{"title":"Spectacle Vitrine Natur - H\u00fcbsch","description":"Spectacle Vitrine Natur er produceret med FSC-certificeret tr\u00e6 og glas. Dette robuste m\u00f8bel er ideelt til at opbevare dine smykker, kunstv\u00e6rker, porcel\u00e6n","robots":{"index":"index","follow":"follow","max-snippet":"max-snippet:-1","max-image-preview":"max-image-preview:large","max-video-preview":"max-video-preview:-1"},"canonical":"https:\/\/hubsch-interior.com\/da\/wp-json\/wp\/v2\/product\/39777","og_locale":"da_DK","og_type":"article","og_title":"Spectacle Vitrine Natur - H\u00fcbsch","og_description":"Spectacle Vitrine Natur er produceret med FSC-certificeret tr\u00e6 og glas. Dette robuste m\u00f8bel er ideelt til at opbevare dine smykker, kunstv\u00e6rker, porcel\u00e6n","og_url":"https:\/\/hubsch-interior.com\/da\/vare\/spectacle-vitrine-natur\/","og_site_name":"H\u00fcbsch","article_modified_time":"2026-04-09T02:48:59+00:00","og_image":[{"width":1200,"height":1200,"url":"https:\/\/hubsch-interior.com\/wp-content\/uploads\/2023\/08\/spectacle-display-unit-natural-eaf12b41f2291ffa762f9a39be119d18.jpg","type":"image\/jpeg"}],"twitter_card":"summary_large_image","schema":{"@context":"https:\/\/schema.org","@graph":[{"@type":"WebPage","@id":"https:\/\/hubsch-interior.com\/da\/vare\/spectacle-vitrine-natur\/","url":"https:\/\/hubsch-interior.com\/da\/vare\/spectacle-vitrine-natur\/","name":"Spectacle Vitrine Natur - H\u00fcbsch","isPartOf":{"@id":"https:\/\/hubsch-interior.com\/da\/#website"},"primaryImageOfPage":{"@id":"https:\/\/hubsch-interior.com\/da\/vare\/spectacle-vitrine-natur\/#primaryimage"},"image":{"@id":"https:\/\/hubsch-interior.com\/da\/vare\/spectacle-vitrine-natur\/#primaryimage"},"thumbnailUrl":"https:\/\/hubsch-interior.com\/wp-content\/uploads\/2026\/02\/spectacle-display-unit-natural-4749c356be025c75e3fc8aa317184197.jpg","datePublished":"2020-12-15T08:50:18+00:00","dateModified":"2026-04-09T02:48:59+00:00","description":"Spectacle Vitrine Natur er produceret med FSC-certificeret tr\u00e6 og glas. Dette robuste m\u00f8bel er ideelt til at opbevare dine smykker, kunstv\u00e6rker, porcel\u00e6n","breadcrumb":{"@id":"https:\/\/hubsch-interior.com\/da\/vare\/spectacle-vitrine-natur\/#breadcrumb"},"inLanguage":"da-DK","potentialAction":[{"@type":"ReadAction","target":["https:\/\/hubsch-interior.com\/da\/vare\/spectacle-vitrine-natur\/"]}]},{"@type":"ImageObject","inLanguage":"da-DK","@id":"https:\/\/hubsch-interior.com\/da\/vare\/spectacle-vitrine-natur\/#primaryimage","url":"https:\/\/hubsch-interior.com\/wp-content\/uploads\/2026\/02\/spectacle-display-unit-natural-4749c356be025c75e3fc8aa317184197.jpg","contentUrl":"https:\/\/hubsch-interior.com\/wp-content\/uploads\/2026\/02\/spectacle-display-unit-natural-4749c356be025c75e3fc8aa317184197.jpg","width":1024,"height":1024},{"@type":"BreadcrumbList","@id":"https:\/\/hubsch-interior.com\/da\/vare\/spectacle-vitrine-natur\/#breadcrumb","itemListElement":[{"@type":"ListItem","position":1,"name":"Forside","item":"https:\/\/hubsch-interior.com\/da\/"},{"@type":"ListItem","position":2,"name":"Produkter","item":"https:\/\/hubsch-interior.com\/da\/produkter\/"},{"@type":"ListItem","position":3,"name":"Boligtilbeh\u00f8r","item":"https:\/\/hubsch-interior.com\/da\/vare-kategori\/boligtilbehor\/"},{"@type":"ListItem","position":4,"name":"Opbevaring","item":"https:\/\/hubsch-interior.com\/da\/vare-kategori\/boligtilbehor\/opbevaring-da\/"},{"@type":"ListItem","position":5,"name":"Bokse","item":"https:\/\/hubsch-interior.com\/da\/vare-kategori\/boligtilbehor\/opbevaring-da\/bokse-da\/"},{"@type":"ListItem","position":6,"name":"Spectacle Vitrine Natur"}]},{"@type":"WebSite","@id":"https:\/\/hubsch-interior.com\/da\/#website","url":"https:\/\/hubsch-interior.com\/da\/","name":"H\u00fcbsch","description":"Danish Home Interior and Design","publisher":{"@id":"https:\/\/hubsch-interior.com\/da\/#organization"},"potentialAction":[{"@type":"SearchAction","target":{"@type":"EntryPoint","urlTemplate":"https:\/\/hubsch-interior.com\/da\/?s={search_term_string}"},"query-input":{"@type":"PropertyValueSpecification","valueRequired":true,"valueName":"search_term_string"}}],"inLanguage":"da-DK"},{"@type":"Organization","@id":"https:\/\/hubsch-interior.com\/da\/#organization","name":"H\u00fcbsch","url":"https:\/\/hubsch-interior.com\/da\/","logo":{"@type":"ImageObject","inLanguage":"da-DK","@id":"https:\/\/hubsch-interior.com\/da\/#\/schema\/logo\/image\/","url":"https:\/\/hubsch-interior.com\/wp-content\/uploads\/2022\/12\/Hubsch_logo_black_one_line.svg","contentUrl":"https:\/\/hubsch-interior.com\/wp-content\/uploads\/2022\/12\/Hubsch_logo_black_one_line.svg","caption":"H\u00fcbsch"},"image":{"@id":"https:\/\/hubsch-interior.com\/da\/#\/schema\/logo\/image\/"}}]}},"_links":{"self":[{"href":"https:\/\/hubsch-interior.com\/da\/wp-json\/wp\/v2\/product\/39777","targetHints":{"allow":["GET"]}}],"collection":[{"href":"https:\/\/hubsch-interior.com\/da\/wp-json\/wp\/v2\/product"}],"about":[{"href":"https:\/\/hubsch-interior.com\/da\/wp-json\/wp\/v2\/types\/product"}],"wp:featuredmedia":[{"embeddable":true,"href":"https:\/\/hubsch-interior.com\/da\/wp-json\/wp\/v2\/media\/1102302"}],"wp:attachment":[{"href":"https:\/\/hubsch-interior.com\/da\/wp-json\/wp\/v2\/media?parent=39777"}],"wp:term":[{"taxonomy":"product_brand","embeddable":true,"href":"https:\/\/hubsch-interior.com\/da\/wp-json\/wp\/v2\/product_brand?post=39777"},{"taxonomy":"product_cat","embeddable":true,"href":"https:\/\/hubsch-interior.com\/da\/wp-json\/wp\/v2\/product_cat?post=39777"},{"taxonomy":"product_tag","embeddable":true,"href":"https:\/\/hubsch-interior.com\/da\/wp-json\/wp\/v2\/product_tag?post=39777"}],"curies":[{"name":"wp","href":"https:\/\/api.w.org\/{rel}","templated":true}]}}